{"id":304,"date":"2024-06-26T16:50:11","date_gmt":"2024-06-26T16:50:11","guid":{"rendered":"https:\/\/rfid-laundry-tag.com\/?post_type=product&#038;p=304"},"modified":"2024-06-26T17:00:07","modified_gmt":"2024-06-26T17:00:07","slug":"on-duty-ntag215-nfc-patrol-tag","status":"publish","type":"product","link":"https:\/\/rfid-laundry-tag.com\/sv\/on-duty-ntag215-nfc-patrol-tag\/","title":{"rendered":"P\u00e5 tj\u00e4nst Ntag215 NFC Patrol Tag"},"content":{"rendered":"<p><strong>P\u00e5 tj\u00e4nst Ntag215 NFC Patrol Tag <\/strong><\/p>\n<p>NTAG215 har utvecklats av NXP Semiconductors som standard NFC-tagg-IC:er f\u00f6r anv\u00e4ndning i massmarknadsapplikationer som detaljhandel, spel och konsumentelektronik, i kombination med NFC-enheter eller NFC-kompatibla n\u00e4rkopplingsenheter. NTAG215 (fr\u00e5n och med nu, allm\u00e4nt kallad NTAG21x) \u00e4r designade f\u00f6r att helt uppfylla NFC Forum Type 2 Tag och ISO\/IEC14443 Typ A specifikationer. Minnet \u00e4r 504Byte.<\/p>\n<table class=\"hight-light-first-column all magic-11\">\n<tbody>\n<tr>\n<td colspan=\"1\" rowspan=\"1\">\n<div class=\"magic-12\" data-spm-anchor-id=\"a2700.details.0.i57.12287cd6Tl6d8d\">Storlek<\/div>\n<\/td>\n<td colspan=\"4\" rowspan=\"1\">\n<div class=\"magic-13\">Diameter 25 mm<\/div>\n<\/td>\n<\/tr>\n<tr>\n<td colspan=\"1\" rowspan=\"1\">\n<div class=\"magic-12\">F\u00e4rg<\/div>\n<\/td>\n<td colspan=\"4\" rowspan=\"1\">\n<div class=\"magic-16\">Svart, vit, gul, r\u00f6d eller anpassad<\/div>\n<\/td>\n<\/tr>\n<tr>\n<td colspan=\"1\" rowspan=\"1\">\n<div class=\"magic-12\">Chips<\/div>\n<\/td>\n<td colspan=\"4\" rowspan=\"1\">\n<div class=\"magic-13\">NTAG215<\/div>\n<\/td>\n<\/tr>\n<tr>\n<td colspan=\"1\" rowspan=\"1\">\n<div class=\"magic-12\">Frekvens<\/div>\n<\/td>\n<td colspan=\"4\" rowspan=\"1\">\n<div class=\"magic-13\">13,56 MHz<\/div>\n<\/td>\n<\/tr>\n<tr>\n<td colspan=\"1\" rowspan=\"1\">\n<div class=\"magic-12\">Protokoll<\/div>\n<\/td>\n<td colspan=\"4\" rowspan=\"1\">\n<div class=\"magic-13\">ISO14443A, NFC Forum Typ 2<\/div>\n<\/td>\n<\/tr>\n<tr>\n<td colspan=\"1\" rowspan=\"1\">\n<div class=\"magic-12\">Material<\/div>\n<\/td>\n<td colspan=\"4\" rowspan=\"1\">\n<div class=\"magic-13\">ABS<\/div>\n<\/td>\n<\/tr>\n<tr>\n<td colspan=\"1\" rowspan=\"1\">\n<div class=\"magic-12\">Driftstemperatur<\/div>\n<\/td>\n<td colspan=\"4\" rowspan=\"1\">\n<div class=\"magic-13\">-20 till 85 grader C<\/div>\n<\/td>\n<\/tr>\n<tr>\n<td colspan=\"1\" rowspan=\"1\">\n<div class=\"magic-12\">Ans\u00f6kan<\/div>\n<\/td>\n<td colspan=\"4\" rowspan=\"1\">\n<div class=\"magic-16\">Tv\u00e4ttkedja, h\u00e5rd kemikalie, betalningsenhet, utomhusbruk, kemi, industri, logistik, patrullvakt, medlemsskap, fraktcontainer, pallar, etc.<\/div>\n<\/td>\n<\/tr>\n<tr>\n<td colspan=\"1\" rowspan=\"1\">\n<div class=\"magic-12\">Vattent\u00e4t betyg<\/div>\n<\/td>\n<td colspan=\"4\" rowspan=\"1\">\n<div class=\"magic-16\">IP67<\/div>\n<\/td>\n<\/tr>\n<tr>\n<td colspan=\"1\" rowspan=\"1\">\n<div class=\"magic-12\">L\u00e4somr\u00e5de<\/div>\n<\/td>\n<td colspan=\"4\" rowspan=\"1\">\n<div class=\"magic-16\">5-10cm, beror p\u00e5 l\u00e4saren<\/div>\n<\/td>\n<\/tr>\n<tr>\n<td colspan=\"1\" rowspan=\"1\">\n<div class=\"magic-12\">Craft<\/div>\n<\/td>\n<td colspan=\"4\" rowspan=\"1\">\n<div class=\"magic-16\">Lasergraverat serienummer, streckkod och s\u00e5 vidare<\/div>\n<\/td>\n<\/tr>\n<tr>\n<td colspan=\"1\" rowspan=\"1\">\n<div class=\"magic-12\">Montering<\/div>\n<\/td>\n<td colspan=\"4\" rowspan=\"1\">\n<div class=\"magic-16\">Genom lim eller skruv, eller nitar<\/div>\n<\/td>\n<\/tr>\n<\/tbody>\n<\/table>\n<p>&nbsp;<\/p>\n<h2>On Duty Ntag215 NFC Patrol Tag Application<\/h2>\n<p>Detta dokument beskriver en potentiell till\u00e4mpning f\u00f6r Ntag215 NFC-taggen i en patrulltj\u00e4nstkontext.<\/p>\n<p><strong>Scenario:<\/strong><\/p>\n<p>En s\u00e4kerhetsvakt eller patrulltj\u00e4nsteman m\u00e5ste checka in p\u00e5 specifika platser under hela sitt skift. M\u00e5let \u00e4r att automatisera processen f\u00f6r att registrera dessa incheckningar, tillhandah\u00e5lla platsdata i realtid och eventuellt utl\u00f6sa ytterligare \u00e5tg\u00e4rder.<\/p>\n<p><strong>Ans\u00f6kan:<\/strong><\/p>\n<ol>\n<li><strong>NFC Patrol Tags:<\/strong>\n<ul>\n<li>Ntag215 NFC-taggar \u00e4r f\u00e4sta p\u00e5 strategiska platser runt patrullrutten (t.ex. byggnadsing\u00e5ngar, s\u00e4kerhetskontroller, angivna zoner).<\/li>\n<li>Varje tagg tilldelas ett unikt ID och eventuellt en platsidentifierare.<\/li>\n<\/ul>\n<\/li>\n<li><strong>Mobilapplikation:<\/strong>\n<ul>\n<li>S\u00e4kerhetspersonal anv\u00e4nder en smartphone eller surfplatta med en dedikerad applikation.<\/li>\n<li>Appen ansluter till NFC-taggen genom ett enkelt tryck eller n\u00e4rhetsdetektering.<\/li>\n<li>Vid kontakt med en tagg, appen:\n<ul>\n<li>Registrerar tid och datum f\u00f6r incheckningen.<\/li>\n<li>Registrerar taggens ID och eventuellt dess plats.<\/li>\n<li>Uppdaterar automatiskt patrulltj\u00e4nstemannens status och plats p\u00e5 en central instrumentpanel.<\/li>\n<\/ul>\n<\/li>\n<\/ul>\n<\/li>\n<li><strong>Central instrumentpanel:<\/strong>\n<ul>\n<li>En webbaserad eller molnbaserad plattform visar realtidsinformation om patrulltj\u00e4nstem\u00e4n.<\/li>\n<li>Den visualiserar deras plats, incheckningstider och eventuella varningar.<\/li>\n<li>Denna instrumentpanel kan ocks\u00e5 anv\u00e4ndas f\u00f6r att:\n<ul>\n<li>Utl\u00f6s aviseringar f\u00f6r sena incheckningar eller missade stopp.<\/li>\n<li>\u00d6vervaka aktivitet f\u00f6r resultatstyrning.<\/li>\n<li>Generera automatiskt rapporter och loggar.<\/li>\n<\/ul>\n<\/li>\n<\/ul>\n<\/li>\n<\/ol>\n<p><strong>F\u00f6rdelar:<\/strong><\/p>\n<ul>\n<li><strong>Automatisk incheckning:<\/strong>\u00a0Eliminerar manuella loggposter och potentiella fel.<\/li>\n<li><strong>Platssp\u00e5rning i realtid:<\/strong>\u00a0Ger omedelbar medvetenhet om patrulltj\u00e4nstem\u00e4ns positioner.<\/li>\n<li><strong>F\u00f6rb\u00e4ttrad ansvarighet:<\/strong>\u00a0Erbjuder en p\u00e5litlig granskning av patrullaktiviteter.<\/li>\n<li><strong>F\u00f6rb\u00e4ttrad s\u00e4kerhet:<\/strong>\u00a0M\u00f6jligg\u00f6r snabb respons p\u00e5 incidenter och varningar.<\/li>\n<li><strong>Datadrivna insikter:<\/strong>\u00a0St\u00f6der prestandaanalys och optimering av patrullrutter.<\/li>\n<\/ul>\n<p><strong>Implementeringsdetaljer:<\/strong><\/p>\n<ul>\n<li><strong>Taggprogrammering:<\/strong>\u00a0Ntag215-taggar \u00e4r l\u00e4tt programmerbara med hj\u00e4lp av NFC-verktyg och kan lagra information som platsidentifierare, \u00e5tkomstkoder eller varningar.<\/li>\n<li><strong>Utveckling av mobilappar:<\/strong>\u00a0Appen b\u00f6r utnyttja enhetens NFC-funktionalitet, vilket m\u00f6jligg\u00f6r s\u00e4ker kommunikation med taggarna.<\/li>\n<li><strong>Integration av instrumentpanelen:<\/strong>\u00a0Data som samlas in fr\u00e5n taggarna kan integreras med en molnbaserad plattform eller befintliga s\u00e4kerhetssystem.<\/li>\n<li><strong>Datakryptering:<\/strong>\u00a0K\u00e4nsliga data kan krypteras f\u00f6r s\u00e4kerhet och integritet.<\/li>\n<\/ul>\n<p><strong>\u00d6verv\u00e4ganden:<\/strong><\/p>\n<ul>\n<li><strong>Taggens h\u00e5llbarhet:<\/strong>\u00a0Ntag215-taggar \u00e4r resistenta mot milj\u00f6faktorer men b\u00f6r installeras p\u00e5 l\u00e4mpligt s\u00e4tt f\u00f6r l\u00e5ngvarig anv\u00e4ndning.<\/li>\n<li><strong>N\u00e4tverksanslutning:<\/strong>\u00a0P\u00e5litlig internet- eller n\u00e4tverksanslutning kr\u00e4vs f\u00f6r data\u00f6verf\u00f6ring och \u00e5tkomst till instrumentpanelen.<\/li>\n<li><strong>Sekretess och s\u00e4kerhet:<\/strong>\u00a0Implementera l\u00e4mpliga s\u00e4kerhets\u00e5tg\u00e4rder och datasekretessprotokoll.<\/li>\n<li><strong>Kostnadsanalys:<\/strong>\u00a0T\u00e4nk p\u00e5 kostnaderna f\u00f6r taggar, apputveckling och potentiell molninfrastruktur.<\/li>\n<\/ul>\n<p>&nbsp;<\/p>\n<p>&nbsp;<\/p>","protected":false},"excerpt":{"rendered":"<p>Ntag215 NFC-taggen erbjuder ett v\u00e4rdefullt verktyg f\u00f6r att f\u00f6rb\u00e4ttra patrulleffektiviteten och s\u00e4kerheten. Denna applikation kan effektivisera patrullprocesser, \u00f6ka ansvarsskyldigheten och ge v\u00e4rdefulla datainsikter f\u00f6r b\u00e4ttre beslutsfattande.<\/p>","protected":false},"featured_media":305,"template":"","meta":{"_kad_post_transparent":"default","_kad_post_title":"","_kad_post_layout":"default","_kad_post_sidebar_id":"","_kad_post_content_style":"default","_kad_post_vertical_padding":"default","_kad_post_feature":"","_kad_post_feature_position":"","_kad_post_header":false,"_kad_post_footer":false,"_kad_post_classname":""},"product_brand":[],"product_cat":[54],"product_tag":[118,124],"class_list":{"0":"post-304","1":"product","2":"type-product","3":"status-publish","4":"has-post-thumbnail","6":"product_cat-hot-selling-rfid-tags","7":"product_tag-anti-metal-nfc-patrol-tag","8":"product_tag-on-duty-ntag215-nfc-patrol-tag","10":"first","11":"instock","12":"shipping-taxable","13":"product-type-simple","14":"entry","15":"content-bg","16":"loop-entry"},"_links":{"self":[{"href":"https:\/\/rfid-laundry-tag.com\/sv\/wp-json\/wp\/v2\/product\/304","targetHints":{"allow":["GET"]}}],"collection":[{"href":"https:\/\/rfid-laundry-tag.com\/sv\/wp-json\/wp\/v2\/product"}],"about":[{"href":"https:\/\/rfid-laundry-tag.com\/sv\/wp-json\/wp\/v2\/types\/product"}],"version-history":[{"count":0,"href":"https:\/\/rfid-laundry-tag.com\/sv\/wp-json\/wp\/v2\/product\/304\/revisions"}],"wp:featuredmedia":[{"embeddable":true,"href":"https:\/\/rfid-laundry-tag.com\/sv\/wp-json\/wp\/v2\/media\/305"}],"wp:attachment":[{"href":"https:\/\/rfid-laundry-tag.com\/sv\/wp-json\/wp\/v2\/media?parent=304"}],"wp:term":[{"taxonomy":"product_brand","embeddable":true,"href":"https:\/\/rfid-laundry-tag.com\/sv\/wp-json\/wp\/v2\/product_brand?post=304"},{"taxonomy":"product_cat","embeddable":true,"href":"https:\/\/rfid-laundry-tag.com\/sv\/wp-json\/wp\/v2\/product_cat?post=304"},{"taxonomy":"product_tag","embeddable":true,"href":"https:\/\/rfid-laundry-tag.com\/sv\/wp-json\/wp\/v2\/product_tag?post=304"}],"curies":[{"name":"wp","href":"https:\/\/api.w.org\/{rel}","templated":true}]}}