{"id":302,"date":"2024-06-26T16:45:35","date_gmt":"2024-06-26T16:45:35","guid":{"rendered":"https:\/\/rfid-laundry-tag.com\/?post_type=product&#038;p=302"},"modified":"2024-06-26T16:49:46","modified_gmt":"2024-06-26T16:49:46","slug":"on-duty-ntag213-nfc-patrol-tag","status":"publish","type":"product","link":"https:\/\/rfid-laundry-tag.com\/sv\/on-duty-ntag213-nfc-patrol-tag\/","title":{"rendered":"P\u00e5 tj\u00e4nst Ntag213 NFC Patrol Tag"},"content":{"rendered":"<p><strong>P\u00e5 tj\u00e4nst Ntag213 NFC Patrol Tag<\/strong><\/p>\n<p>NTAG213, NTAG215 och NTAG216 har utvecklats av NXP Semiconductors som standard NFC-tagg-IC:er f\u00f6r att anv\u00e4ndas i massmarknadsapplikationer som detaljhandel, spel och hemelektronik, i kombination med NFC-enheter eller NFC-kompatibla n\u00e4rkopplingsenheter. NTAG213, NTAG215 och NTAG216 (fr\u00e5n och med nu, allm\u00e4nt kallade NTAG21x) \u00e4r designade f\u00f6r att helt uppfylla NFC Forum Type 2 Tag och ISO\/IEC14443 Type A-specifikationer.<\/p>\n<table class=\"hight-light-first-column all magic-11\">\n<tbody>\n<tr>\n<td colspan=\"1\" rowspan=\"1\">\n<div class=\"magic-12\" data-spm-anchor-id=\"a2700.details.0.i57.12287cd6Tl6d8d\">Storlek<\/div>\n<\/td>\n<td colspan=\"4\" rowspan=\"1\">\n<div class=\"magic-13\">Diameter 25 mm<\/div>\n<\/td>\n<\/tr>\n<tr>\n<td colspan=\"1\" rowspan=\"1\">\n<div class=\"magic-12\">F\u00e4rg<\/div>\n<\/td>\n<td colspan=\"4\" rowspan=\"1\">\n<div class=\"magic-16\">Svart, vit, gul, r\u00f6d eller anpassad<\/div>\n<\/td>\n<\/tr>\n<tr>\n<td colspan=\"1\" rowspan=\"1\">\n<div class=\"magic-12\">Chips<\/div>\n<\/td>\n<td colspan=\"4\" rowspan=\"1\">\n<div class=\"magic-13\">NTAG213,NTAG215,NTAG216<\/div>\n<\/td>\n<\/tr>\n<tr>\n<td colspan=\"1\" rowspan=\"1\">\n<div class=\"magic-12\">Frekvens<\/div>\n<\/td>\n<td colspan=\"4\" rowspan=\"1\">\n<div class=\"magic-13\">13,56 MHz<\/div>\n<\/td>\n<\/tr>\n<tr>\n<td colspan=\"1\" rowspan=\"1\">\n<div class=\"magic-12\">Protokoll<\/div>\n<\/td>\n<td colspan=\"4\" rowspan=\"1\">\n<div class=\"magic-13\">ISO14443A, NFC Forum Typ 2<\/div>\n<\/td>\n<\/tr>\n<tr>\n<td colspan=\"1\" rowspan=\"1\">\n<div class=\"magic-12\">Material<\/div>\n<\/td>\n<td colspan=\"4\" rowspan=\"1\">\n<div class=\"magic-13\">ABS<\/div>\n<\/td>\n<\/tr>\n<tr>\n<td colspan=\"1\" rowspan=\"1\">\n<div class=\"magic-12\">Driftstemperatur<\/div>\n<\/td>\n<td colspan=\"4\" rowspan=\"1\">\n<div class=\"magic-13\">-20 till 85 grader C<\/div>\n<\/td>\n<\/tr>\n<tr>\n<td colspan=\"1\" rowspan=\"1\">\n<div class=\"magic-12\">Ans\u00f6kan<\/div>\n<\/td>\n<td colspan=\"4\" rowspan=\"1\">\n<div class=\"magic-16\">Tv\u00e4ttkedja, h\u00e5rd kemikalie, betalningsenhet, utomhusbruk, kemi, industri, logistik, patrullvakt, medlemsskap, fraktcontainer, pallar, etc.<\/div>\n<\/td>\n<\/tr>\n<tr>\n<td colspan=\"1\" rowspan=\"1\">\n<div class=\"magic-12\">Vattent\u00e4t betyg<\/div>\n<\/td>\n<td colspan=\"4\" rowspan=\"1\">\n<div class=\"magic-16\">IP67<\/div>\n<\/td>\n<\/tr>\n<tr>\n<td colspan=\"1\" rowspan=\"1\">\n<div class=\"magic-12\">L\u00e4somr\u00e5de<\/div>\n<\/td>\n<td colspan=\"4\" rowspan=\"1\">\n<div class=\"magic-16\">5-10cm, beror p\u00e5 l\u00e4saren<\/div>\n<\/td>\n<\/tr>\n<tr>\n<td colspan=\"1\" rowspan=\"1\">\n<div class=\"magic-12\">Craft<\/div>\n<\/td>\n<td colspan=\"4\" rowspan=\"1\">\n<div class=\"magic-16\">Lasergraverat serienummer, streckkod och s\u00e5 vidare<\/div>\n<\/td>\n<\/tr>\n<tr>\n<td colspan=\"1\" rowspan=\"1\">\n<div class=\"magic-12\">Montering<\/div>\n<\/td>\n<td colspan=\"4\" rowspan=\"1\">\n<div class=\"magic-16\">Genom lim eller skruv, eller nitar<\/div>\n<\/td>\n<\/tr>\n<\/tbody>\n<\/table>\n<h2>On Duty NTAG213 NFC Patrol Tag-applikationer<\/h2>\n<p>On Duty NTAG213 NFC Patrol Tag \u00e4r ett m\u00e5ngsidigt verktyg f\u00f6r att f\u00f6rb\u00e4ttra s\u00e4kerhet, effektivitet och sp\u00e5rning i olika applikationer. H\u00e4r \u00e4r n\u00e5gra exempel:<\/p>\n<p><strong>S\u00e4kerhet och \u00e5tkomstkontroll:<\/strong><\/p>\n<ul>\n<li><strong>Patrullvakt:<\/strong>\u00a0Taggar kan tilldelas enskilda s\u00e4kerhetstj\u00e4nstem\u00e4n, vilket m\u00f6jligg\u00f6r realtidssp\u00e5rning av deras plats och aktivitet. Detta hj\u00e4lper till att \u00f6vervaka patrullrutter, s\u00e4kerst\u00e4lla snabba svar och ge bevis p\u00e5 n\u00e4rvaro vid utsedda kontrollpunkter.<\/li>\n<li><strong>\u00c5tkomstkontroll:<\/strong>\u00a0Integrerat med ett NFC-l\u00e4sarsystem kan taggarna bevilja eller neka \u00e5tkomst till specifika omr\u00e5den eller resurser baserat p\u00e5 anv\u00e4ndaridentitet och beh\u00f6righetsniv\u00e5er. Detta \u00f6kar s\u00e4kerheten och begr\u00e4nsar obeh\u00f6rigt tilltr\u00e4de.<\/li>\n<li><strong>Tillg\u00e5ngssp\u00e5rning:<\/strong>\u00a0F\u00e4st taggar p\u00e5 v\u00e4rdefull utrustning eller tillg\u00e5ngar f\u00f6r att \u00f6vervaka deras plats, r\u00f6relse och anv\u00e4ndning. Detta hj\u00e4lper till att f\u00f6rhindra st\u00f6ld, optimera lagerhantering och sp\u00e5ra scheman f\u00f6r underh\u00e5ll av utrustning.<\/li>\n<\/ul>\n<p><strong>Arbetsfl\u00f6de och effektivitet:<\/strong><\/p>\n<ul>\n<li><strong>Arbetsorderssp\u00e5rning:<\/strong>\u00a0Taggar kan anv\u00e4ndas f\u00f6r att registrera och sp\u00e5ra arbetsorder, vilket ger statusuppdateringar i realtid och underl\u00e4ttar effektiv arbetsfl\u00f6deshantering.<\/li>\n<li><strong>Tid och n\u00e4rvaro:<\/strong>\u00a0Integrera taggar med NFC-aktiverade klockor f\u00f6r att registrera anst\u00e4lldas ankomst- och avg\u00e5ngstider, f\u00f6rb\u00e4ttra noggrannheten och eliminera manuella tidtagningsfel.<\/li>\n<li><strong>Lagerhantering:<\/strong>\u00a0F\u00e4st taggar p\u00e5 lagerartiklar f\u00f6r automatiserad lagerhantering, minska manuell r\u00e4kning och ge realtidssynlighet \u00f6ver lagerniv\u00e5er.<\/li>\n<\/ul>\n<p><strong>Andra applikationer:<\/strong><\/p>\n<ul>\n<li><strong>Eventbiljett:<\/strong>\u00a0Taggar kan fungera som evenemangsbiljetter, ge intr\u00e4deskontroll, ge deltagare tillg\u00e5ng till exklusivt inneh\u00e5ll och m\u00f6jligg\u00f6ra s\u00f6ml\u00f6sa transaktioner.<\/li>\n<li><strong>Lojalitetsprogram:<\/strong>\u00a0Integrera taggar med lojalitetsprogram f\u00f6r att erbjuda personliga bel\u00f6ningar, rabatter och exklusiva f\u00f6rm\u00e5ner till lojala kunder.<\/li>\n<li><strong>Datalagring:<\/strong>\u00a0Taggens minne kan anv\u00e4ndas f\u00f6r att lagra information som produktspecifikationer, underh\u00e5llsregister eller produktens ursprung. Detta m\u00f6jligg\u00f6r enkel \u00e5tkomst till relevant data via NFC-aktiverade enheter.<\/li>\n<\/ul>\n<p><strong>F\u00f6rdelar med att anv\u00e4nda NTAG213 NFC Patrol Tags:<\/strong><\/p>\n<ul>\n<li><strong>F\u00f6rb\u00e4ttrad s\u00e4kerhet:<\/strong>\u00a0\u00d6kad kontroll \u00f6ver \u00e5tkomst, tillg\u00e5ngssp\u00e5rning och anst\u00e4lldas aktivitet.<\/li>\n<li><strong>F\u00f6rb\u00e4ttrad effektivitet:<\/strong>\u00a0Effektiviserade arbetsfl\u00f6den, automatiserad dataf\u00e5ngst och minskade manuella processer.<\/li>\n<li><strong>Sp\u00e5rning i realtid:<\/strong>\u00a0St\u00e4ndig \u00f6vervakning av tillg\u00e5ngar, personal och aktiviteter.<\/li>\n<li><strong>Kostnadseffektivitet:<\/strong>\u00a0Minskar beroendet av manuella processer, vilket kan spara tid och resurser.<\/li>\n<li><strong>Anv\u00e4ndarv\u00e4nlig:<\/strong>\u00a0Enkel integration med befintliga system och anv\u00e4ndarv\u00e4nlig interaktion genom NFC-aktiverade enheter.<\/li>\n<\/ul>\n<p><strong>Sammantaget erbjuder NTAG213 NFC Patrol Tag en robust och m\u00e5ngsidig l\u00f6sning f\u00f6r ett brett utbud av applikationer, vilket g\u00f6r det m\u00f6jligt f\u00f6r organisationer att f\u00f6rb\u00e4ttra s\u00e4kerheten, optimera arbetsfl\u00f6den och f\u00f6rb\u00e4ttra operativ effektivitet.<\/strong><\/p>","protected":false},"excerpt":{"rendered":"<p>On duty Ntag213 NFC Patrol Tag: vanliga NFC-taggar fungerar inte bra p\u00e5 metallytor. Detta beror p\u00e5 att metall st\u00f6r de elektromagnetiska signaler som anv\u00e4nds f\u00f6r kommunikation. Men en ny typ av taggar, kallas <strong>NFC-taggar p\u00e5 metall<\/strong>, l\u00f6ser detta problem. Dessa taggar \u00e4r speciellt framtagna f\u00f6r att fungera felfritt p\u00e5 metall eller annat ledande material. De representerar ett genombrott f\u00f6r NFC-applikationer i milj\u00f6er d\u00e4r det finns mycket metall.<\/p>","protected":false},"featured_media":303,"template":"","meta":{"_kad_post_transparent":"default","_kad_post_title":"","_kad_post_layout":"default","_kad_post_sidebar_id":"","_kad_post_content_style":"default","_kad_post_vertical_padding":"default","_kad_post_feature":"","_kad_post_feature_position":"","_kad_post_header":false,"_kad_post_footer":false,"_kad_post_classname":""},"product_brand":[],"product_cat":[54],"product_tag":[118,123],"class_list":{"0":"post-302","1":"product","2":"type-product","3":"status-publish","4":"has-post-thumbnail","6":"product_cat-hot-selling-rfid-tags","7":"product_tag-anti-metal-nfc-patrol-tag","8":"product_tag-on-duty-ntag213-nfc-patrol-tag","10":"first","11":"instock","12":"shipping-taxable","13":"product-type-simple","14":"entry","15":"content-bg","16":"loop-entry"},"_links":{"self":[{"href":"https:\/\/rfid-laundry-tag.com\/sv\/wp-json\/wp\/v2\/product\/302","targetHints":{"allow":["GET"]}}],"collection":[{"href":"https:\/\/rfid-laundry-tag.com\/sv\/wp-json\/wp\/v2\/product"}],"about":[{"href":"https:\/\/rfid-laundry-tag.com\/sv\/wp-json\/wp\/v2\/types\/product"}],"version-history":[{"count":0,"href":"https:\/\/rfid-laundry-tag.com\/sv\/wp-json\/wp\/v2\/product\/302\/revisions"}],"wp:featuredmedia":[{"embeddable":true,"href":"https:\/\/rfid-laundry-tag.com\/sv\/wp-json\/wp\/v2\/media\/303"}],"wp:attachment":[{"href":"https:\/\/rfid-laundry-tag.com\/sv\/wp-json\/wp\/v2\/media?parent=302"}],"wp:term":[{"taxonomy":"product_brand","embeddable":true,"href":"https:\/\/rfid-laundry-tag.com\/sv\/wp-json\/wp\/v2\/product_brand?post=302"},{"taxonomy":"product_cat","embeddable":true,"href":"https:\/\/rfid-laundry-tag.com\/sv\/wp-json\/wp\/v2\/product_cat?post=302"},{"taxonomy":"product_tag","embeddable":true,"href":"https:\/\/rfid-laundry-tag.com\/sv\/wp-json\/wp\/v2\/product_tag?post=302"}],"curies":[{"name":"wp","href":"https:\/\/api.w.org\/{rel}","templated":true}]}}