{"id":299,"date":"2024-06-26T15:49:09","date_gmt":"2024-06-26T15:49:09","guid":{"rendered":"https:\/\/rfid-laundry-tag.com\/?post_type=product&#038;p=299"},"modified":"2024-06-26T15:49:09","modified_gmt":"2024-06-26T15:49:09","slug":"uhf-industrial-on-metal-rfid-tags","status":"publish","type":"product","link":"https:\/\/rfid-laundry-tag.com\/sv\/uhf-industrial-on-metal-rfid-tags\/","title":{"rendered":"UHF industriell p\u00e5 metall RFID-taggar"},"content":{"rendered":"<table class=\"has-title all magic-4\">\n<tbody>\n<tr>\n<td colspan=\"1\" rowspan=\"1\">\n<div class=\"magic-5\" data-spm-anchor-id=\"a2700.details.0.i63.6b4c1284UGSrnr\">Material<\/div>\n<\/td>\n<td colspan=\"1\" rowspan=\"1\">\n<div class=\"magic-6\">ABS<\/div>\n<\/td>\n<\/tr>\n<tr>\n<td colspan=\"1\" rowspan=\"1\">\n<div class=\"magic-5\">Storlek<\/div>\n<\/td>\n<td colspan=\"1\" rowspan=\"1\">\n<div class=\"magic-6\">78x31x10mm eller anpassad<\/div>\n<\/td>\n<\/tr>\n<tr>\n<td colspan=\"1\" rowspan=\"1\">\n<div class=\"magic-5\">Frekvens<\/div>\n<\/td>\n<td colspan=\"1\" rowspan=\"1\">\n<div class=\"magic-6\">860-960mhz<\/div>\n<\/td>\n<\/tr>\n<tr>\n<td colspan=\"1\" rowspan=\"1\">\n<div class=\"magic-5\">IC-typ (chip)<\/div>\n<\/td>\n<td colspan=\"1\" rowspan=\"1\">\n<div class=\"magic-6\">Impinj Monza R6P<\/div>\n<\/td>\n<\/tr>\n<tr>\n<td colspan=\"1\" rowspan=\"1\">\n<div class=\"magic-5\">Protokoll<\/div>\n<\/td>\n<td colspan=\"1\" rowspan=\"1\">\n<div class=\"magic-6\" data-spm-anchor-id=\"a2700.details.0.i64.6b4c1284UGSrnr\">EPC Global Class 1 Gen2 &amp; ISO18000-6C<\/div>\n<\/td>\n<\/tr>\n<tr>\n<td colspan=\"1\" rowspan=\"1\">\n<div class=\"magic-7\">Minne<\/div>\n<\/td>\n<td colspan=\"1\" rowspan=\"1\">\n<div class=\"magic-6\">EPC 128 bitar, anv\u00e4ndare 32 bitar<\/div>\n<\/td>\n<\/tr>\n<tr>\n<td colspan=\"1\" rowspan=\"1\">\n<div class=\"magic-5\">Tag Form Factor<\/div>\n<\/td>\n<td colspan=\"1\" rowspan=\"1\">\n<div class=\"magic-6\">H\u00e5rd tagg<\/div>\n<\/td>\n<\/tr>\n<tr>\n<td colspan=\"1\" rowspan=\"1\">\n<div class=\"magic-5\">Bifogningsmetod<\/div>\n<\/td>\n<td colspan=\"1\" rowspan=\"1\">\n<div class=\"magic-6\">Skruvfixering, filmlim<\/div>\n<\/td>\n<\/tr>\n<tr>\n<td colspan=\"1\" rowspan=\"1\">\n<div class=\"magic-5\">Driftstemperatur<\/div>\n<\/td>\n<td colspan=\"1\" rowspan=\"1\">\n<div class=\"magic-6\">-35 \u00b0C \/ +90 \u00b0C<\/div>\n<\/td>\n<\/tr>\n<tr>\n<td colspan=\"1\" rowspan=\"1\">\n<div class=\"magic-5\">L\u00e4s avst\u00e5nd<\/div>\n<\/td>\n<td colspan=\"1\" rowspan=\"1\">\n<div class=\"magic-6\">Upp till 10m<\/div>\n<\/td>\n<\/tr>\n<tr>\n<td colspan=\"1\" rowspan=\"1\">\n<div class=\"magic-8\">Till\u00e4mpliga ytmaterial<\/div>\n<\/td>\n<td colspan=\"1\" rowspan=\"1\">\n<div class=\"magic-6\">Metalliska och icke-metalliska substrat<\/div>\n<\/td>\n<\/tr>\n<tr>\n<td colspan=\"1\" rowspan=\"1\">\n<div class=\"magic-7\">IP-betyg<\/div>\n<\/td>\n<td colspan=\"1\" rowspan=\"1\">\n<div class=\"magic-6\">IP68<\/div>\n<\/td>\n<\/tr>\n<tr>\n<td colspan=\"1\" rowspan=\"1\">\n<div class=\"magic-7\">Ans\u00f6kan<\/div>\n<\/td>\n<td colspan=\"1\" rowspan=\"1\">\n<div class=\"magic-6\" data-spm-anchor-id=\"a2700.details.0.i62.6b4c1284UGSrnr\">F\u00f6r tillg\u00e5ngar, tung industri och utomhusbruk<\/div>\n<\/td>\n<\/tr>\n<\/tbody>\n<\/table>\n<p>&nbsp;<\/p>\n<h2>UHF RFID-taggar f\u00f6r industriella milj\u00f6er<\/h2>\n<p><strong>Drag:<\/strong><\/p>\n<ul>\n<li><strong>Branschstandardkompatibilitet:<\/strong>\u00a0F\u00f6ljer standarden ISO18000-6C (EPC C1G2), vilket garanterar s\u00f6ml\u00f6s integration med befintliga UHF RFID-system.<\/li>\n<li><strong>Universell ytkompatibilitet:<\/strong>\u00a0Kan f\u00e4stas p\u00e5 olika ytor som metall, plast och till och med v\u00e4tskor, vilket g\u00f6r dem idealiska f\u00f6r en m\u00e4ngd olika applikationer.<\/li>\n<li><strong>\u00d6verl\u00e4gsen h\u00e5llbarhet:<\/strong>\u00a0IP68 klassad f\u00f6r exceptionell motst\u00e5ndskraft mot intr\u00e4ngning av damm och vatten, vilket s\u00e4kerst\u00e4ller tillf\u00f6rlitlig drift i utmanande milj\u00f6er.<\/li>\n<li><strong>Kompromissl\u00f6s prestanda:<\/strong>\u00a0Designad f\u00f6r att vara b\u00e5de vattent\u00e4t och anti-kollision, vilket garanterar exakta och konsekventa avl\u00e4sningar \u00e4ven under kr\u00e4vande f\u00f6rh\u00e5llanden.<\/li>\n<\/ul>\n<p><strong>Applikationer:<\/strong><\/p>\n<ul>\n<li><strong>Asset Management:<\/strong>\u00a0Sp\u00e5ra plats och status f\u00f6r v\u00e4rdefull utrustning och tillg\u00e5ngar.<\/li>\n<li><strong>Supply Chain Optimization:<\/strong>\u00a0Effektivisera logistik- och fordonsprocesser genom att sp\u00e5ra lager, fordon och delar effektivt.<\/li>\n<li><strong>Produktionseffektivitet:<\/strong>\u00a0Optimera tillverkningsprocesser och \u00f6vervaka arbetarnas produktivitet f\u00f6r \u00f6kad effektivitet.<\/li>\n<li><strong>Resurshantering och s\u00e4kerhet:<\/strong>\u00a0M\u00f6jligg\u00f6ra tillf\u00f6rlitlig sp\u00e5rning av utrustning och resurser i kr\u00e4vande milj\u00f6er som olja och gas och gruvdrift, samtidigt som arbetarnas s\u00e4kerhet f\u00f6rb\u00e4ttras.<\/li>\n<\/ul>\n<p><strong>F\u00f6rdelar:<\/strong><\/p>\n<ul>\n<li><strong>Exakta och realtidsdata:<\/strong>\u00a0F\u00e5 omedelbara insikter i verksamheten, vilket underl\u00e4ttar b\u00e4ttre beslutsfattande.<\/li>\n<li><strong>F\u00f6rb\u00e4ttrad lagerkontroll:<\/strong>\u00a0Minimera f\u00f6rluster och sl\u00f6seri genom att uppr\u00e4tth\u00e5lla omfattande tillg\u00e5ngssynlighet.<\/li>\n<li><strong>Effektiviserad verksamhet:<\/strong>\u00a0Optimera arbetsfl\u00f6den och minimera stillest\u00e5ndstiden f\u00f6r f\u00f6rb\u00e4ttrad effektivitet.<\/li>\n<li><strong>\u00d6kad s\u00e4kerhet:<\/strong>\u00a0Identifiera potentiella risker och skydda arbetare i kr\u00e4vande milj\u00f6er.<\/li>\n<\/ul>","protected":false},"excerpt":{"rendered":"<p>ABS RFID-taggen \u00e4r en passiv UHF RFID-tagg med l\u00e5ng r\u00e4ckvidd som kan l\u00e4sa p\u00e5, av och n\u00e4ra metallytor. Designad i en liten formfaktor, har den en h\u00e5llbar vattent\u00e4t inkapsling f\u00f6r l\u00e5ngvarig anv\u00e4ndning i utomhus- och industrimilj\u00f6er.<\/p>","protected":false},"featured_media":300,"template":"","meta":{"_kad_post_transparent":"default","_kad_post_title":"","_kad_post_layout":"default","_kad_post_sidebar_id":"","_kad_post_content_style":"default","_kad_post_vertical_padding":"default","_kad_post_feature":"","_kad_post_feature_position":"","_kad_post_header":false,"_kad_post_footer":false,"_kad_post_classname":""},"product_brand":[],"product_cat":[54],"product_tag":[122,121],"class_list":{"0":"post-299","1":"product","2":"type-product","3":"status-publish","4":"has-post-thumbnail","6":"product_cat-hot-selling-rfid-tags","7":"product_tag-on-metal-rfid-tags","8":"product_tag-uhf-industrial-on-metal-rfid-tags","10":"first","11":"instock","12":"shipping-taxable","13":"product-type-simple","14":"entry","15":"content-bg","16":"loop-entry"},"_links":{"self":[{"href":"https:\/\/rfid-laundry-tag.com\/sv\/wp-json\/wp\/v2\/product\/299","targetHints":{"allow":["GET"]}}],"collection":[{"href":"https:\/\/rfid-laundry-tag.com\/sv\/wp-json\/wp\/v2\/product"}],"about":[{"href":"https:\/\/rfid-laundry-tag.com\/sv\/wp-json\/wp\/v2\/types\/product"}],"version-history":[{"count":0,"href":"https:\/\/rfid-laundry-tag.com\/sv\/wp-json\/wp\/v2\/product\/299\/revisions"}],"wp:featuredmedia":[{"embeddable":true,"href":"https:\/\/rfid-laundry-tag.com\/sv\/wp-json\/wp\/v2\/media\/300"}],"wp:attachment":[{"href":"https:\/\/rfid-laundry-tag.com\/sv\/wp-json\/wp\/v2\/media?parent=299"}],"wp:term":[{"taxonomy":"product_brand","embeddable":true,"href":"https:\/\/rfid-laundry-tag.com\/sv\/wp-json\/wp\/v2\/product_brand?post=299"},{"taxonomy":"product_cat","embeddable":true,"href":"https:\/\/rfid-laundry-tag.com\/sv\/wp-json\/wp\/v2\/product_cat?post=299"},{"taxonomy":"product_tag","embeddable":true,"href":"https:\/\/rfid-laundry-tag.com\/sv\/wp-json\/wp\/v2\/product_tag?post=299"}],"curies":[{"name":"wp","href":"https:\/\/api.w.org\/{rel}","templated":true}]}}