{"id":2961,"date":"2025-11-22T13:55:10","date_gmt":"2025-11-22T13:55:10","guid":{"rendered":"https:\/\/rfid-laundry-tag.com\/?post_type=product&#038;p=2961"},"modified":"2025-11-22T13:55:11","modified_gmt":"2025-11-22T13:55:11","slug":"laundry-rfid-tags-top-5-manufacturer","status":"publish","type":"product","link":"https:\/\/rfid-laundry-tag.com\/sv\/laundry-rfid-tags-top-5-manufacturer\/","title":{"rendered":"RFID-taggar f\u00f6r tv\u00e4tt TOPP 5 tillverkare"},"content":{"rendered":"<p><a href=\"https:\/\/rfid-laundry-tag.com\/sv\/uhf-rfid-laundry-tags\/\"><strong>RFID-taggar f\u00f6r tv\u00e4tt<\/strong><\/a>\u00a0representerar en banbrytande l\u00f6sning f\u00f6r att sp\u00e5ra och hantera textiltillg\u00e5ngar under hela deras livscykel. Dessa slitstarka, flexibla RFID-transpondrar \u00e4r tillverkade av tyg som t\u00e5l v\u00e4rme, tryck och str\u00e4ckning, vilket g\u00f6r dem idealiska f\u00f6r att \u00f6vervaka f\u00f6rem\u00e5l som arbetskl\u00e4der, uniformer och platta linnekl\u00e4der. Utrustade med en unik identifierare underl\u00e4ttar dessa RFID-linnetranspondrar ber\u00f6ringsfri tv\u00e4tthantering och f\u00f6rb\u00e4ttrar digital transparens. N\u00e4r den integreras med IT-hanteringssystem m\u00f6jligg\u00f6r RFID-tekniken s\u00f6ml\u00f6s sp\u00e5rning av textilier fr\u00e5n smutsinsamling till tv\u00e4tt och distribution.<\/p>\n<table class=\"has-title is-zebra hight-light-first-column all magic-19\">\n<tbody>\n<tr>\n<td colspan=\"1\" rowspan=\"1\">\n<div class=\"magic-20\"><strong><span class=\"magic-21\">Punkt<\/span><\/strong><\/div>\n<\/td>\n<td colspan=\"1\" rowspan=\"1\">\n<div class=\"magic-22\">\u00a0RFID-taggar f\u00f6r tv\u00e4tt<\/div>\n<\/td>\n<\/tr>\n<tr>\n<td colspan=\"1\" rowspan=\"1\">\n<div class=\"magic-20\"><span class=\"magic-21\">Storlek<\/span><\/div>\n<\/td>\n<td colspan=\"1\" rowspan=\"1\">\n<div class=\"magic-22\"><span class=\"magic-21\">55 x 12 mm, 70 x 15 mm, 87 x 17 mm<\/span><\/div>\n<\/td>\n<\/tr>\n<tr>\n<td colspan=\"1\" rowspan=\"1\">\n<div class=\"magic-20\"><span class=\"magic-21\">Driftsfrekvens<\/span><\/div>\n<\/td>\n<td colspan=\"1\" rowspan=\"1\">\n<div class=\"magic-22\"><span class=\"magic-21\" data-spm-anchor-id=\"a2700.details.0.i69.56bf53e8OmNXev\">865\u2013928 MHz<\/span><\/div>\n<\/td>\n<\/tr>\n<tr>\n<td colspan=\"1\" rowspan=\"1\">\n<div class=\"magic-20\"><span class=\"magic-21\">Taggmaterial<\/span><\/div>\n<\/td>\n<td colspan=\"1\" rowspan=\"1\">\n<div class=\"magic-22\"><span class=\"magic-21\">Polyester\u00a0<\/span><\/div>\n<\/td>\n<\/tr>\n<tr>\n<td colspan=\"1\" rowspan=\"1\">\n<div class=\"magic-20\"><span class=\"magic-21\">Pommes frites<\/span><\/div>\n<\/td>\n<td colspan=\"1\" rowspan=\"1\">\n<div class=\"magic-22\"><span class=\"magic-21\">U8, U9, etc.<\/span><\/div>\n<\/td>\n<\/tr>\n<tr>\n<td colspan=\"1\" rowspan=\"1\">\n<div class=\"magic-20\"><span class=\"magic-21\">Taggaranti<\/span><\/div>\n<\/td>\n<td colspan=\"1\" rowspan=\"1\">\n<div class=\"magic-22\"><span class=\"magic-21\">F\u00f6rsta av 200 eller 300 tv\u00e4ttcykler eller 3 \u00e5r fr\u00e5n leveransdatum<\/span><\/div>\n<\/td>\n<\/tr>\n<tr>\n<td colspan=\"1\" rowspan=\"1\">\n<div class=\"magic-20\"><span class=\"magic-21\">L\u00e4s avst\u00e5nd<\/span><\/div>\n<\/td>\n<td colspan=\"1\" rowspan=\"1\">\n<div class=\"magic-22\"><span class=\"magic-21\">Upp till 8 meter (upp till 9 fot), m\u00e5ste testa det med din l\u00e4sare<\/span><\/div>\n<\/td>\n<\/tr>\n<tr>\n<td colspan=\"1\" rowspan=\"1\">\n<div class=\"magic-20\"><span class=\"magic-21\">F\u00f6rvaringstemperatur<\/span><\/div>\n<\/td>\n<td colspan=\"1\" rowspan=\"1\">\n<div class=\"magic-22\"><span class=\"magic-21\">-40 \u2103 till +120 \u2103 (-40 \u2109 till +248 \u2109)<\/span><\/div>\n<\/td>\n<\/tr>\n<tr>\n<td colspan=\"1\" rowspan=\"1\">\n<div class=\"magic-20\"><span class=\"magic-21\">lroner<\/span><\/div>\n<\/td>\n<td colspan=\"1\" rowspan=\"1\">\n<div class=\"magic-22\"><span class=\"magic-21\">+195 \u2103 (+383 F) 30 sekunder &lt;18 bar<\/span><\/div>\n<\/td>\n<\/tr>\n<tr>\n<td colspan=\"1\" rowspan=\"1\">\n<div class=\"magic-20\"><span class=\"magic-21\">Vattenutdragare<\/span><\/div>\n<\/td>\n<td colspan=\"1\" rowspan=\"1\">\n<div class=\"magic-22\"><span class=\"magic-21\">60 staplar, 80 sekunder<\/span><\/div>\n<\/td>\n<\/tr>\n<tr>\n<td colspan=\"1\" rowspan=\"1\">\n<div class=\"magic-20\"><span class=\"magic-21\">Autoklav<\/span><\/div>\n<\/td>\n<td colspan=\"1\" rowspan=\"1\">\n<div class=\"magic-22\"><span class=\"magic-21\">Luftborttagning: +100\u00b0C (+212\u00b0F), 5 minuter, 0,1 bar,<\/span><\/div>\n<\/td>\n<\/tr>\n<tr>\n<td colspan=\"1\" rowspan=\"1\">\n<div class=\"magic-20\"><span class=\"magic-21\">Torkning<\/span><\/div>\n<\/td>\n<td colspan=\"1\" rowspan=\"1\">\n<div class=\"magic-22\"><span class=\"magic-21\">+45\u2103(+113\u2109), 15 minuter, 0,2 bar<\/span><\/div>\n<\/td>\n<\/tr>\n<tr>\n<td colspan=\"1\" rowspan=\"1\">\n<div class=\"magic-20\"><span class=\"magic-21\">Kemisk best\u00e4ndighet<\/span><\/div>\n<\/td>\n<td colspan=\"1\" rowspan=\"1\">\n<div class=\"magic-22\" data-spm-anchor-id=\"a2700.details.0.i68.56bf53e8OmNXev\"><span class=\"magic-21\">Alla kemikalier som \u00e4r vanliga i tv\u00e4ttprocessen<\/span><\/div>\n<\/td>\n<\/tr>\n<\/tbody>\n<\/table>\n<div>\n<figure id=\"attachment_2928\" class=\"wp-caption alignnone\" aria-describedby=\"caption-attachment-2928\"><a href=\"https:\/\/rfid-laundry-tag.com\/sv\/uhf-rfid-laundry-tags\/\"><img fetchpriority=\"high\" decoding=\"async\" class=\"size-full wp-image-2928\" title=\"RFID-etiketter f\u00f6r tv\u00e4tt TOPP 5 Tillverkare 4\" src=\"https:\/\/www.rfidtaglaundry.com\/wp-content\/uploads\/2024\/11\/6_H39416607c5cf4905b542e69b55e844a5b.jpg\" sizes=\"(max-width: 800px) 100vw, 800px\" srcset=\"https:\/\/www.rfidtaglaundry.com\/wp-content\/uploads\/2024\/11\/6_H39416607c5cf4905b542e69b55e844a5b.jpg 800w, https:\/\/www.rfidtaglaundry.com\/wp-content\/uploads\/2024\/11\/6_H39416607c5cf4905b542e69b55e844a5b-300x300.jpg 300w, https:\/\/www.rfidtaglaundry.com\/wp-content\/uploads\/2024\/11\/6_H39416607c5cf4905b542e69b55e844a5b-150x150.jpg 150w, https:\/\/www.rfidtaglaundry.com\/wp-content\/uploads\/2024\/11\/6_H39416607c5cf4905b542e69b55e844a5b-768x768.jpg 768w, https:\/\/www.rfidtaglaundry.com\/wp-content\/uploads\/2024\/11\/6_H39416607c5cf4905b542e69b55e844a5b-12x12.jpg 12w, https:\/\/www.rfidtaglaundry.com\/wp-content\/uploads\/2024\/11\/6_H39416607c5cf4905b542e69b55e844a5b-600x600.jpg 600w, https:\/\/www.rfidtaglaundry.com\/wp-content\/uploads\/2024\/11\/6_H39416607c5cf4905b542e69b55e844a5b-100x100.jpg 100w\" alt=\"Laundry RFID Tags\" width=\"800\" height=\"800\" \/><\/a><figcaption id=\"caption-attachment-2928\" class=\"wp-caption-text\">RFID-taggar f\u00f6r tv\u00e4tt<\/figcaption><\/figure>\n<\/div>\n<div>\n<h3>Vanliga fr\u00e5gor (FAQ) om RFID-taggar f\u00f6r tv\u00e4tt<\/h3>\n<p><strong>F1: Vilka problem \u00e5tg\u00e4rdas av RFID-taggar f\u00f6r tv\u00e4tt under tv\u00e4ttprocessen?<\/strong><br \/>\n<strong>A1:<\/strong>\u00a0Ett stort problem \u00e4r att etiketter l\u00e4tt kan skadas, vilket leder till dataf\u00f6rlust. V\u00e5r l\u00f6sning anv\u00e4nder polyester av industriell kvalitet och h\u00f6gtemperaturh\u00e4rdningsteknik, vilket g\u00f6r att etiketter t\u00e5l strykning p\u00e5 195 \u00b0C och 60 bar vattentryck, perfekt l\u00e4mpat f\u00f6r sterilisering av hotelllinne. V\u00e5r unika kemikalieresistenta bel\u00e4ggning skyddar mot blekmedel och starka alkaliska reng\u00f6ringsmedel, vilket s\u00e4kerst\u00e4ller att U8-chippet inte skadas efter 300 tv\u00e4ttar, vilket st\u00f6ds av 15 \u00e5rs erfarenhet.<\/p>\n<p><strong>F2: Hur f\u00f6rb\u00e4ttrar era taggar sorteringseffektiviteten?<\/strong><br \/>\n<strong>A2:<\/strong>\u00a0Traditionella etiketter har ofta korta l\u00e4savst\u00e5nd, vilket kan f\u00f6rs\u00e4mra sorteringseffektiviteten. V\u00e5r RFID-teknik erbjuder ett imponerande l\u00e4savst\u00e5nd p\u00e5 9 meter, j\u00e4mf\u00f6rt med branschgenomsnittet p\u00e5 5 meter. Tillsammans med riktantenner f\u00f6rb\u00e4ttrar detta batchskanning p\u00e5 tv\u00e4tttransportband, vilket f\u00f6rb\u00e4ttrar sorteringseffektiviteten med 60%. V\u00e5ra etiketter st\u00f6der ocks\u00e5 ett fullt frekvensomr\u00e5de p\u00e5 865\u2013928 MHz och \u00e4r kompatibla med ledande RFID-enheter globalt.<\/p>\n<p><strong>F3: Hur minskar era taggar driftskostnaderna?<\/strong><br \/>\n<strong>A3:<\/strong>\u00a0T\u00e4ta etikettbyten driver upp driftskostnaderna. Vi erbjuder en banbrytande dubbelgaranti p\u00e5 &quot;3 \u00e5r eller 300 tv\u00e4ttar&quot;, vilket minskar livscykelkostnaderna med 42% j\u00e4mf\u00f6rt med standardetiketter. V\u00e5r modul\u00e4ra chipdesign st\u00f6der s\u00f6ml\u00f6sa uppgraderingar fr\u00e5n U8- till U9-versioner, vilket f\u00f6rhindrar behovet av fullst\u00e4ndiga etikettbyten p\u00e5 grund av utrustningsbyten. V\u00e5ra etiketter har certifierats genom 2000 industriella tv\u00e4tttester, vilket g\u00f6r dem idealiska f\u00f6r scenarier med h\u00f6g frekvens av etikettbyte i linneuthyrningsf\u00f6retag.<\/p>\n<p><strong>Fabriksf\u00f6rdel:<\/strong>\u00a0Som en av de fem st\u00f6rsta globala tillverkare av RFID-etiketter f\u00f6r tv\u00e4tt, med 15 \u00e5rs expertis inom RF-teknik, erbjuder vi helt\u00e4ckande l\u00f6sningar fr\u00e5n chipf\u00f6rpackning till scenariotestning. Vi har levererat \u00f6ver 200 miljoner specialiserade etiketter f\u00f6r tv\u00e4tt till kunder som Hilton och Mayo Clinic, med st\u00f6d av ett professionellt team f\u00f6r skr\u00e4ddarsydd utveckling.<\/p>\n<\/div>\n<div class=\"auto-hide-last-sibling-br paragraph_1252f paragraph-element\">\n<p>&nbsp;<\/p>\n<h2>Variabel data f\u00f6r RFID-taggar f\u00f6r tv\u00e4tt<\/h2>\n<p>Varje<a href=\"https:\/\/rfid-laundry-tag.com\/sv\/uhf-rfid-laundry-tags\/\">\u00a0RFID-tagg f\u00f6r tv\u00e4tt<\/a>\u00a0\u00e4r utrustad med variabeldata, inklusive:<\/p>\n<ul>\n<li><strong>Lasertryckt information<\/strong>Detta inkluderar EPC-koder, 1D- och 2D-streckkoder, QR-koder och logotyper.<\/li>\n<li><strong>RFID-chipdataprogrammering<\/strong>Taggar kan programmeras med EPC-kodning och l\u00e5sas med ett l\u00f6senord.<\/li>\n<li><strong>Omfattande testning<\/strong>All data, inklusive EPC-kodning och TID, \u00e4r 100%-testad f\u00f6r att s\u00e4kerst\u00e4lla korrekt matchning f\u00f6r varje specifik tagg.<\/li>\n<\/ul>\n<h2>Installationsmetoder<\/h2>\n<ul>\n<li><strong>Stitch Tagging<\/strong>Idealisk f\u00f6r att sy i f\u00e5llen p\u00e5 textilier, vilket s\u00e4kerst\u00e4ller att etiketterna placeras borta fr\u00e5n viklinjerna f\u00f6r optimal h\u00e5llbarhet.<\/li>\n<li><strong>V\u00e4rmef\u00f6rsegling<\/strong>Etiketter kan v\u00e4rmef\u00f6rseglas direkt p\u00e5 textilier vid +200 \u00b0C (392 \u00b0F) i 12 till 14 sekunder.<\/li>\n<li><strong>I p\u00e5se<\/strong>I likhet med vanliga sk\u00f6tselr\u00e5d kan dessa etiketter sys fast i en p\u00e5se, vilket h\u00e5ller dem s\u00e4kra och l\u00e4ttillg\u00e4ngliga.<\/li>\n<\/ul>\n<h2>Anv\u00e4ndningsomr\u00e5den f\u00f6r RFID-taggar f\u00f6r tv\u00e4tt<\/h2>\n<p>RFID-taggar f\u00f6r tv\u00e4tt \u00e4r m\u00e5ngsidiga och kan anv\u00e4ndas inom olika branscher f\u00f6r att sp\u00e5ra textiltillg\u00e5ngar, inklusive:<\/p>\n<ul>\n<li><strong>Sjukv\u00e5rd<\/strong>\u00d6vervakning av linne, uniformer, masker och moppar.<\/li>\n<li><strong>G\u00e4stfrihet<\/strong>Hantering av platta linnekl\u00e4der och uniformer f\u00f6r hotell och restauranger.<\/li>\n<li><strong>Modekl\u00e4der<\/strong>F\u00f6rb\u00e4ttrad lagerhantering och sp\u00e5rning f\u00f6r kl\u00e4der och accessoarer.<\/li>\n<\/ul>\n<p>I takt med att mode- och kl\u00e4dindustrin utvecklas \u00f6kar efterfr\u00e5gan p\u00e5 avancerade teknikl\u00f6sningar. RFID-teknik har framst\u00e5tt som ett viktigt verktyg f\u00f6r att f\u00f6rb\u00e4ttra den operativa effektiviteten, f\u00f6rb\u00e4ttra kundupplevelserna och st\u00f6dja h\u00e5llbarhetsinitiativ. Implementeringen av\u00a0<strong>RFID-taggar f\u00f6r tv\u00e4tt<\/strong>\u00a0inom kl\u00e4d- och textilhantering har f\u00f6r\u00e4ndrat hur organisationer \u00f6vervakar sin tv\u00e4tteriverksamhet, vilket m\u00f6jligg\u00f6r sp\u00e5rning i realtid, f\u00f6rb\u00e4ttrad lagerhantering, f\u00f6rb\u00e4ttrad synlighet i leveranskedjan och st\u00f6rre h\u00e5llbarhet.<\/p>\n<p>Genom att anv\u00e4nda dessa innovativa l\u00f6sningar kan f\u00f6retag effektivisera sina processer och m\u00f6ta de \u00f6kande kraven p\u00e5 en dynamisk marknad.<\/p>\n<\/div>","protected":false},"excerpt":{"rendered":"<p>Som en ledande global tillverkare av RFID-taggar specialiserar vi oss p\u00e5 <strong>RFID-taggar f\u00f6r tv\u00e4tt<\/strong>, som tillhandah\u00e5ller skr\u00e4ddarsydda l\u00f6sningar med 15 \u00e5rs expertis och \u00f6ver 200 miljoner levererade taggar.<\/p>","protected":false},"featured_media":2964,"template":"","meta":{"_kad_post_transparent":"default","_kad_post_title":"","_kad_post_layout":"default","_kad_post_sidebar_id":"","_kad_post_content_style":"default","_kad_post_vertical_padding":"default","_kad_post_feature":"","_kad_post_feature_position":"","_kad_post_header":false,"_kad_post_footer":false,"_kad_post_classname":""},"product_brand":[],"product_cat":[16,19],"product_tag":[24,367,342,339,65,30],"class_list":{"0":"post-2961","1":"product","2":"type-product","3":"status-publish","4":"has-post-thumbnail","6":"product_cat-uhf-rfid-laundry-tags","7":"product_cat-textile-rfid-laundry-tag","8":"product_tag-laundry-rfid-tags","9":"product_tag-laundry-rfid-tags-top-5-manufacturer","10":"product_tag-rfid-laundry-tags","11":"product_tag-rfid-washable-tags","12":"product_tag-textile-rfid-laundry-tags","13":"product_tag-uhf-rfid-laundry-tag","15":"first","16":"instock","17":"featured","18":"shipping-taxable","19":"product-type-simple","20":"entry","21":"content-bg","22":"loop-entry"},"_links":{"self":[{"href":"https:\/\/rfid-laundry-tag.com\/sv\/wp-json\/wp\/v2\/product\/2961","targetHints":{"allow":["GET"]}}],"collection":[{"href":"https:\/\/rfid-laundry-tag.com\/sv\/wp-json\/wp\/v2\/product"}],"about":[{"href":"https:\/\/rfid-laundry-tag.com\/sv\/wp-json\/wp\/v2\/types\/product"}],"version-history":[{"count":1,"href":"https:\/\/rfid-laundry-tag.com\/sv\/wp-json\/wp\/v2\/product\/2961\/revisions"}],"predecessor-version":[{"id":2966,"href":"https:\/\/rfid-laundry-tag.com\/sv\/wp-json\/wp\/v2\/product\/2961\/revisions\/2966"}],"wp:featuredmedia":[{"embeddable":true,"href":"https:\/\/rfid-laundry-tag.com\/sv\/wp-json\/wp\/v2\/media\/2964"}],"wp:attachment":[{"href":"https:\/\/rfid-laundry-tag.com\/sv\/wp-json\/wp\/v2\/media?parent=2961"}],"wp:term":[{"taxonomy":"product_brand","embeddable":true,"href":"https:\/\/rfid-laundry-tag.com\/sv\/wp-json\/wp\/v2\/product_brand?post=2961"},{"taxonomy":"product_cat","embeddable":true,"href":"https:\/\/rfid-laundry-tag.com\/sv\/wp-json\/wp\/v2\/product_cat?post=2961"},{"taxonomy":"product_tag","embeddable":true,"href":"https:\/\/rfid-laundry-tag.com\/sv\/wp-json\/wp\/v2\/product_tag?post=2961"}],"curies":[{"name":"wp","href":"https:\/\/api.w.org\/{rel}","templated":true}]}}