{"id":296,"date":"2024-06-26T15:26:44","date_gmt":"2024-06-26T15:26:44","guid":{"rendered":"https:\/\/rfid-laundry-tag.com\/?post_type=product&#038;p=296"},"modified":"2024-08-14T16:29:49","modified_gmt":"2024-08-14T16:29:49","slug":"on-metal-abs-uhf-rfid-tag","status":"publish","type":"product","link":"https:\/\/rfid-laundry-tag.com\/sv\/on-metal-abs-uhf-rfid-tag\/","title":{"rendered":"P\u00e5 metall ABS UHF RFID-tagg"},"content":{"rendered":"<p><b class=\"magic-15\"><span class=\"magic-16\" data-spm-anchor-id=\"a2700.details.0.i71.6b4c1284vyugjJ\">Tillg\u00e4ngliga anpassningar \u00e4r f\u00f6ljande:<\/span><\/b> * Tryck: monokrom tryck eller 4-f\u00e4rger i offset, med utg\u00e5ngspunkt fr\u00e5n en grafisk layout utrustad av kunden i vektorformat. Utskrift av EPC-kod, progressiv seriell kod fr\u00e5n databasen eller inte, eller filen .xls; streckkoder utskrift, QRCode. Ytterligare anpassningsalternativ \u00e4r tillg\u00e4ngliga p\u00e5 beg\u00e4ran. * Chipminneskodning: Kodning av EPC-kod f\u00f6r RFID UHF-transpondrar, UHF-taggminnesskrivning, \u00e4ven fr\u00e5n databas tillhandah\u00e5llen av klienten. Inneh\u00e5ll kan, tillf\u00e4lligt eller permanent, l\u00e5sas genom ett l\u00f6senord. EPC-kod och TID-kodassociation i databas. TID-kod och progressiv\/streckkodsf\u00f6rening.<\/p>\n<p><img fetchpriority=\"high\" decoding=\"async\" class=\"alignnone wp-image-297\" src=\"https:\/\/rfid-laundry-tag.com\/wp-content\/uploads\/2024\/06\/on-metal-UHF-tag-235x300.png\" alt=\"\" width=\"486\" height=\"621\" srcset=\"https:\/\/rfid-laundry-tag.com\/wp-content\/uploads\/2024\/06\/on-metal-UHF-tag-235x300.png 235w, https:\/\/rfid-laundry-tag.com\/wp-content\/uploads\/2024\/06\/on-metal-UHF-tag-9x12.png 9w\" sizes=\"(max-width: 486px) 100vw, 486px\" \/><\/p>\n<table class=\"has-title all magic-4\">\n<tbody>\n<tr>\n<td colspan=\"1\" rowspan=\"1\">\n<div class=\"magic-5\" data-spm-anchor-id=\"a2700.details.0.i72.6b4c1284vyugjJ\">Material<\/div>\n<\/td>\n<td colspan=\"1\" rowspan=\"1\">\n<div class=\"magic-6\">ABS<\/div>\n<\/td>\n<\/tr>\n<tr>\n<td colspan=\"1\" rowspan=\"1\">\n<div class=\"magic-5\">Storlek<\/div>\n<\/td>\n<td colspan=\"1\" rowspan=\"1\">\n<div class=\"magic-6\">78x31x10mm eller anpassad<\/div>\n<\/td>\n<\/tr>\n<tr>\n<td colspan=\"1\" rowspan=\"1\">\n<div class=\"magic-5\">Frekvens<\/div>\n<\/td>\n<td colspan=\"1\" rowspan=\"1\">\n<div class=\"magic-6\">860-960mhz<\/div>\n<\/td>\n<\/tr>\n<tr>\n<td colspan=\"1\" rowspan=\"1\">\n<div class=\"magic-5\">IC-typ (chip)<\/div>\n<\/td>\n<td colspan=\"1\" rowspan=\"1\">\n<div class=\"magic-6\">Impinj Monza R6P<\/div>\n<\/td>\n<\/tr>\n<tr>\n<td colspan=\"1\" rowspan=\"1\">\n<div class=\"magic-5\">Protokoll<\/div>\n<\/td>\n<td colspan=\"1\" rowspan=\"1\">\n<div class=\"magic-6\">EPC Global Class 1 Gen2 &amp; ISO18000-6C<\/div>\n<\/td>\n<\/tr>\n<tr>\n<td colspan=\"1\" rowspan=\"1\">\n<div class=\"magic-7\">Minne<\/div>\n<\/td>\n<td colspan=\"1\" rowspan=\"1\">\n<div class=\"magic-6\">EPC 128 bitar, anv\u00e4ndare 32 bitar<\/div>\n<\/td>\n<\/tr>\n<tr>\n<td colspan=\"1\" rowspan=\"1\">\n<div class=\"magic-5\">Tag Form Factor<\/div>\n<\/td>\n<td colspan=\"1\" rowspan=\"1\">\n<div class=\"magic-6\">H\u00e5rd tagg<\/div>\n<\/td>\n<\/tr>\n<tr>\n<td colspan=\"1\" rowspan=\"1\">\n<div class=\"magic-5\">Bifogningsmetod<\/div>\n<\/td>\n<td colspan=\"1\" rowspan=\"1\">\n<div class=\"magic-6\" data-spm-anchor-id=\"a2700.details.0.i73.6b4c1284vyugjJ\">Skruvfixering, filmlim<\/div>\n<\/td>\n<\/tr>\n<tr>\n<td colspan=\"1\" rowspan=\"1\">\n<div class=\"magic-5\">Driftstemperatur<\/div>\n<\/td>\n<td colspan=\"1\" rowspan=\"1\">\n<div class=\"magic-6\">-35 \u00b0C \/ +90 \u00b0C<\/div>\n<\/td>\n<\/tr>\n<tr>\n<td colspan=\"1\" rowspan=\"1\">\n<div class=\"magic-5\">L\u00e4s avst\u00e5nd<\/div>\n<\/td>\n<td colspan=\"1\" rowspan=\"1\">\n<div class=\"magic-6\" data-spm-anchor-id=\"a2700.details.0.i67.6b4c1284vyugjJ\">Upp till 10m<\/div>\n<\/td>\n<\/tr>\n<tr>\n<td colspan=\"1\" rowspan=\"1\">\n<div class=\"magic-8\">Till\u00e4mpliga ytmaterial<\/div>\n<\/td>\n<td colspan=\"1\" rowspan=\"1\">\n<div class=\"magic-6\">Metalliska och icke-metalliska substrat<\/div>\n<\/td>\n<\/tr>\n<tr>\n<td colspan=\"1\" rowspan=\"1\">\n<div class=\"magic-7\">IP-betyg<\/div>\n<\/td>\n<td colspan=\"1\" rowspan=\"1\">\n<div class=\"magic-6\">IP68<\/div>\n<\/td>\n<\/tr>\n<tr>\n<td colspan=\"1\" rowspan=\"1\">\n<div class=\"magic-7\">Ans\u00f6kan<\/div>\n<\/td>\n<td colspan=\"1\" rowspan=\"1\">\n<div class=\"magic-6\">F\u00f6r tillg\u00e5ngar, tung industri och utomhusbruk<\/div>\n<\/td>\n<\/tr>\n<\/tbody>\n<\/table>\n<p>&nbsp;<\/p>\n<ul>\n<li><strong>Chipminneskodning:<\/strong>\n<ul>\n<li><strong>EPC-kodning:<\/strong>\u00a0St\u00f6der kodning av EPC-koder f\u00f6r UHF-transpondrar.<\/li>\n<li><strong>UHF-taggminne skriver:<\/strong>\u00a0Till\u00e5ter skrivning av data till UHF-taggminnet, inklusive data fr\u00e5n en klienttillf\u00f6rd databas.<\/li>\n<li><strong>L\u00f6senordsskyddad data:<\/strong>\u00a0Data kan tillf\u00e4lligt eller permanent l\u00e5sas genom ett l\u00f6senord.<\/li>\n<li><strong>Databasf\u00f6rening:<\/strong>\u00a0St\u00f6der EPC-kod och TID-kodassociation i databaser, samt TID-kod och progressiv\/streckkodsassociation.<\/li>\n<\/ul>\n<\/li>\n<\/ul>\n<p><strong>Formler:<\/strong><\/p>\n<ul>\n<li><strong>EPC-kod:<\/strong>\u00a0<span class=\"math math-inline\"><span class=\"katex\"><span class=\"katex-mathml\">\ud835\udc38\ud835\udc43\ud835\udc36={\ud835\udc48\ud835\udc3c\ud835\udc37,\ud835\udc34\ud835\udc5d\ud835\udc5d\ud835\udc59\ud835\udc56\ud835\udc50\ud835\udc4e\ud835\udc61\ud835\udc56\ud835\udc5c\ud835\udc5b\ud835\udc37\ud835\udc4e\ud835\udc61\ud835\udc4e}<\/span><span class=\"katex-html\" aria-hidden=\"true\"><span class=\"base\"><span class=\"mord mathnormal\">EPC<\/span><span class=\"mrel\">=<\/span><\/span><span class=\"base\"><span class=\"mopen\">{<\/span><span class=\"mord mathnormal\">U<\/span><span class=\"mord mathnormal\">jag<\/span><span class=\"mord mathnormal\">D<\/span><span class=\"mpunct\">,<\/span><span class=\"mord mathnormal\">A<\/span><span class=\"mord mathnormal\">ppl<\/span><span class=\"mord mathnormal\">i<\/span><span class=\"mord mathnormal\">c<\/span><span class=\"mord mathnormal\">a<\/span><span class=\"mord mathnormal\">t<\/span><span class=\"mord mathnormal\">i<\/span><span class=\"mord mathnormal\">o<\/span><span class=\"mord mathnormal\">n<\/span><span class=\"mord mathnormal\">D<\/span><span class=\"mord mathnormal\">a<\/span><span class=\"mord mathnormal\">t<\/span><span class=\"mord mathnormal\">a<\/span><span class=\"mclose\">}<\/span><\/span><\/span><\/span><\/span><\/li>\n<li><strong>TID-kod:<\/strong>\u00a0<span class=\"math math-inline\"><span class=\"katex\"><span class=\"katex-mathml\">\ud835\udc47\ud835\udc3c\ud835\udc37={\ud835\udc47\ud835\udc4e\ud835\udc54\ud835\udc3c\ud835\udc37,\ud835\udc40\ud835\udc4e\ud835\udc5b\ud835\udc62\ud835\udc53\ud835\udc4e\ud835\udc50\ud835\udc61\ud835\udc62\ud835\udc5f\ud835\udc52\ud835\udc5f\ud835\udc37\ud835\udc4e\ud835\udc61}<\/span><span class=\"katex-html\" aria-hidden=\"true\"><span class=\"base\"><span class=\"mord mathnormal\">T<\/span><span class=\"mord mathnormal\">jag<\/span><span class=\"mord mathnormal\">D<\/span><span class=\"mrel\">=<\/span><\/span><span class=\"base\"><span class=\"mopen\">{<\/span><span class=\"mord mathnormal\">T<\/span><span class=\"mord mathnormal\">a<\/span><span class=\"mord mathnormal\">g<\/span><span class=\"mord mathnormal\">jag<\/span><span class=\"mord mathnormal\">D<\/span><span class=\"mpunct\">,<\/span><span class=\"mord mathnormal\">M<\/span><span class=\"mord mathnormal\">en<\/span><span class=\"mord mathnormal\">u<\/span><span class=\"mord mathnormal\">f<\/span><span class=\"mord mathnormal\">a<\/span><span class=\"mord mathnormal\">c<\/span><span class=\"mord mathnormal\">t<\/span><span class=\"mord mathnormal\">u<\/span><span class=\"mord mathnormal\">rerD<\/span><span class=\"mord mathnormal\">a<\/span><span class=\"mord mathnormal\">t<\/span><span class=\"mord mathnormal\">a<\/span><span class=\"mclose\">}<\/span><\/span><\/span><\/span><\/span><\/li>\n<\/ul>\n<p><strong>D\u00e4r:<\/strong><\/p>\n<ul>\n<li><strong>UID:<\/strong>\u00a0Unik identifierare<\/li>\n<li><strong>Application Data:<\/strong>\u00a0Data specifika f\u00f6r applikationen<\/li>\n<li><strong>TagID:<\/strong>\u00a0Unikt tagg-ID<\/li>\n<li><strong>Manufacturer Data:<\/strong>\u00a0Uppgifter som tillhandah\u00e5lls av tillverkaren<\/li>\n<\/ul>\n<p><strong>Slutsats:<\/strong><\/p>\n<p>ABS RFID-taggen \u00e4r en m\u00e5ngsidig och anpassningsbar l\u00f6sning f\u00f6r olika applikationer, som erbjuder en kombination av robust prestanda och flexibla alternativ f\u00f6r att m\u00f6ta specifika behov.<\/p>","protected":false},"excerpt":{"rendered":"<p>On Metal ABS UHF RFID-taggen \u00e4r en kraftfull passiv UHF RFID-tagg med l\u00e5ng r\u00e4ckvidd designad f\u00f6r att utm\u00e4rka sig i kr\u00e4vande milj\u00f6er.<\/p>","protected":false},"featured_media":298,"template":"","meta":{"_kad_post_transparent":"default","_kad_post_title":"","_kad_post_layout":"default","_kad_post_sidebar_id":"","_kad_post_content_style":"default","_kad_post_vertical_padding":"default","_kad_post_feature":"","_kad_post_feature_position":"","_kad_post_header":false,"_kad_post_footer":false,"_kad_post_classname":""},"product_brand":[],"product_cat":[54],"product_tag":[120,119],"class_list":{"0":"post-296","1":"product","2":"type-product","3":"status-publish","4":"has-post-thumbnail","6":"product_cat-hot-selling-rfid-tags","7":"product_tag-on-metal-abs-rfid-tag","8":"product_tag-on-metal-abs-uhf-rfid-tag","10":"first","11":"instock","12":"shipping-taxable","13":"product-type-simple","14":"entry","15":"content-bg","16":"loop-entry"},"_links":{"self":[{"href":"https:\/\/rfid-laundry-tag.com\/sv\/wp-json\/wp\/v2\/product\/296","targetHints":{"allow":["GET"]}}],"collection":[{"href":"https:\/\/rfid-laundry-tag.com\/sv\/wp-json\/wp\/v2\/product"}],"about":[{"href":"https:\/\/rfid-laundry-tag.com\/sv\/wp-json\/wp\/v2\/types\/product"}],"version-history":[{"count":1,"href":"https:\/\/rfid-laundry-tag.com\/sv\/wp-json\/wp\/v2\/product\/296\/revisions"}],"predecessor-version":[{"id":1322,"href":"https:\/\/rfid-laundry-tag.com\/sv\/wp-json\/wp\/v2\/product\/296\/revisions\/1322"}],"wp:featuredmedia":[{"embeddable":true,"href":"https:\/\/rfid-laundry-tag.com\/sv\/wp-json\/wp\/v2\/media\/298"}],"wp:attachment":[{"href":"https:\/\/rfid-laundry-tag.com\/sv\/wp-json\/wp\/v2\/media?parent=296"}],"wp:term":[{"taxonomy":"product_brand","embeddable":true,"href":"https:\/\/rfid-laundry-tag.com\/sv\/wp-json\/wp\/v2\/product_brand?post=296"},{"taxonomy":"product_cat","embeddable":true,"href":"https:\/\/rfid-laundry-tag.com\/sv\/wp-json\/wp\/v2\/product_cat?post=296"},{"taxonomy":"product_tag","embeddable":true,"href":"https:\/\/rfid-laundry-tag.com\/sv\/wp-json\/wp\/v2\/product_tag?post=296"}],"curies":[{"name":"wp","href":"https:\/\/api.w.org\/{rel}","templated":true}]}}