{"id":2942,"date":"2025-10-27T13:54:59","date_gmt":"2025-10-27T13:54:59","guid":{"rendered":"https:\/\/rfid-laundry-tag.com\/?post_type=product&#038;p=2942"},"modified":"2025-10-27T14:13:32","modified_gmt":"2025-10-27T14:13:32","slug":"iron-heating-sealed-rfid-laundry-tag","status":"publish","type":"product","link":"https:\/\/rfid-laundry-tag.com\/sv\/iron-heating-sealed-rfid-laundry-tag\/","title":{"rendered":"Strykj\u00e4rnv\u00e4rmef\u00f6rseglad RFID-tv\u00e4ttetikett"},"content":{"rendered":"<div>\n<div class=\"auto-hide-last-sibling-br paragraph_1252f paragraph-element\">\n<h2 data-start=\"0\" data-end=\"75\"><strong data-start=\"0\" data-end=\"75\">Strykj\u00e4rnsv\u00e4rmef\u00f6rseglad RFID-tv\u00e4ttlapp \u2013 h\u00e5llbar, effektiv och p\u00e5litlig<\/strong><\/h2>\n<p data-start=\"77\" data-end=\"443\">De <strong data-start=\"81\" data-end=\"121\">Strykj\u00e4rnv\u00e4rmef\u00f6rseglad RFID-tv\u00e4ttetikett<\/strong> \u00e4r en h\u00f6gpresterande l\u00f6sning f\u00f6r textilidentifiering och sp\u00e5rning, speciellt utformad f\u00f6r industriell tv\u00e4tt, sjukv\u00e5rd och uniformhantering. Med sin \u00f6verl\u00e4gsna h\u00e5llbarhet utm\u00e4rker den sig i tuffa tv\u00e4ttf\u00f6rh\u00e5llanden och s\u00e4kerst\u00e4ller l\u00e5ngsiktig och s\u00f6ml\u00f6s sp\u00e5rning av tv\u00e4ttartiklar i Europa, USA och Kanada.<\/p>\n<h3 data-start=\"445\" data-end=\"462\">Viktiga f\u00f6rdelar:<\/h3>\n<ul data-start=\"463\" data-end=\"937\">\n<li data-start=\"463\" data-end=\"616\">\n<p data-start=\"465\" data-end=\"616\"><strong data-start=\"465\" data-end=\"496\">Vattent\u00e4t och v\u00e4rmebest\u00e4ndig<\/strong>T\u00e5l exponering f\u00f6r tv\u00e4ttmedel, blekmedel och h\u00f6ga temperaturer, vilket s\u00e4kerst\u00e4ller h\u00e5llbarhet i industriella tv\u00e4ttprocesser.<\/p>\n<\/li>\n<li data-start=\"617\" data-end=\"731\">\n<p data-start=\"619\" data-end=\"731\"><strong data-start=\"619\" data-end=\"647\">L\u00e5ngvarig prestanda<\/strong>: H\u00e5ller upp till <strong data-start=\"663\" data-end=\"685\">200 tv\u00e4ttcykler<\/strong> eller <strong data-start=\"689\" data-end=\"703\">300 tv\u00e4ttar<\/strong>, vilket garanterar l\u00e4ngre anv\u00e4ndning.<\/p>\n<\/li>\n<li data-start=\"732\" data-end=\"829\">\n<p data-start=\"734\" data-end=\"829\"><strong data-start=\"734\" data-end=\"757\">\u00d6verl\u00e4gsen l\u00e4sr\u00e4ckvidd<\/strong>Erbjuder ett l\u00e4savst\u00e5nd p\u00e5 <strong data-start=\"785\" data-end=\"800\">8\u201312 meter<\/strong> f\u00f6r snabb och exakt skanning.<\/p>\n<\/li>\n<li data-start=\"830\" data-end=\"937\">\n<p data-start=\"832\" data-end=\"937\"><strong data-start=\"832\" data-end=\"852\">Snabb leveranstid<\/strong>Snabb ledtid p\u00e5 bara <strong data-start=\"877\" data-end=\"887\">3 dagar<\/strong>, vilket s\u00e4kerst\u00e4ller att du f\u00e5r vad du beh\u00f6ver n\u00e4r du beh\u00f6ver det.<\/p>\n<\/li>\n<\/ul>\n<h3 data-start=\"939\" data-end=\"956\">Nyckelfunktioner:<\/h3>\n<ul data-start=\"957\" data-end=\"1499\">\n<li data-start=\"957\" data-end=\"1123\">\n<p data-start=\"959\" data-end=\"1123\"><strong data-start=\"959\" data-end=\"990\">Kemisk och vattenbest\u00e4ndighet<\/strong>Denna RFID-tagg \u00e4r konstruerad f\u00f6r att motst\u00e5 reng\u00f6ringsmedel, mjukmedel, blekmedel och alkalibehandlingar och f\u00f6rblir funktionell \u00e4ven under kr\u00e4vande f\u00f6rh\u00e5llanden.<\/p>\n<\/li>\n<li data-start=\"1124\" data-end=\"1248\">\n<p data-start=\"1126\" data-end=\"1248\"><strong data-start=\"1126\" data-end=\"1152\">V\u00e4rmef\u00f6rseglad teknik<\/strong>Integreras enkelt med v\u00e4rmef\u00f6rseglingsmaskiner och ger en fast och permanent f\u00e4ste p\u00e5 tyger.<\/p>\n<\/li>\n<li data-start=\"1249\" data-end=\"1388\">\n<p data-start=\"1251\" data-end=\"1388\"><strong data-start=\"1251\" data-end=\"1272\">Strykbar och sybar<\/strong>Flexibel applicering via v\u00e4rmepress eller s\u00f6mnadsmetoder, perfekt f\u00f6r att b\u00e4dda in etiketter i textilkanter eller sk\u00f6tselr\u00e5d.<\/p>\n<\/li>\n<li data-start=\"1389\" data-end=\"1499\">\n<p data-start=\"1391\" data-end=\"1499\"><strong data-start=\"1391\" data-end=\"1421\">H\u00f6gtemperaturbest\u00e4ndig<\/strong>Utformad f\u00f6r att motst\u00e5 intensiv v\u00e4rme och mekanisk belastning fr\u00e5n industriell tv\u00e4tt.<\/p>\n<\/li>\n<\/ul>\n<h3 data-start=\"1501\" data-end=\"1530\">Tekniska specifikationer:<\/h3>\n<ul data-start=\"1531\" data-end=\"2169\">\n<li data-start=\"1531\" data-end=\"1653\">\n<p data-start=\"1533\" data-end=\"1653\"><strong data-start=\"1533\" data-end=\"1549\">Storleksalternativ<\/strong>: 35 mm x 15 mm, 58 mm x 15 mm, 70 mm x 10 mm, 70 mm x 15 mm, 75 mm x 12 mm, 75 mm x 15 mm (anpassade storlekar finns tillg\u00e4ngliga).<\/p>\n<\/li>\n<li data-start=\"1654\" data-end=\"1710\">\n<p data-start=\"1656\" data-end=\"1710\"><strong data-start=\"1656\" data-end=\"1674\">RFID-standarder<\/strong>ISO\/IEC 18000-6 Typ C (EPC Gen2).<\/p>\n<\/li>\n<li data-start=\"1711\" data-end=\"1770\">\n<p data-start=\"1713\" data-end=\"1770\"><strong data-start=\"1713\" data-end=\"1729\">Chipalternativ<\/strong>NXP U CODE 9, Alien H9, etc.<\/p>\n<\/li>\n<li data-start=\"1771\" data-end=\"1813\">\n<p data-start=\"1773\" data-end=\"1813\"><strong data-start=\"1773\" data-end=\"1783\">Minne<\/strong>EPC 128 bitar, anv\u00e4ndare 512 bitar.<\/p>\n<\/li>\n<li data-start=\"1814\" data-end=\"1852\">\n<p data-start=\"1816\" data-end=\"1852\"><strong data-start=\"1816\" data-end=\"1830\">L\u00e4s Range<\/strong>: 8M \u2013 10M (FCC\/ETSI).<\/p>\n<\/li>\n<li data-start=\"1853\" data-end=\"1927\">\n<p data-start=\"1855\" data-end=\"1927\"><strong data-start=\"1855\" data-end=\"1874\">Taggningsmetoder<\/strong>V\u00e4rmef\u00f6rsegling, varmpr\u00e4glingslim eller h\u00e5lslagning.<\/p>\n<\/li>\n<li data-start=\"1928\" data-end=\"2042\">\n<p data-start=\"1930\" data-end=\"2042\"><strong data-start=\"1930\" data-end=\"1956\">Temperatur och luftfuktighet<\/strong>: Verkar mellan <strong data-start=\"1975\" data-end=\"1993\">-20\u00b0C till 110\u00b0C<\/strong>; lagringsutrymme <strong data-start=\"2009\" data-end=\"2027\">-40\u00b0C till 110\u00b0C<\/strong> med 8-95% h\u00f6ger.<\/p>\n<\/li>\n<li data-start=\"2043\" data-end=\"2169\">\n<p data-start=\"2045\" data-end=\"2169\"><strong data-start=\"2045\" data-end=\"2072\">Tv\u00e4tt och sterilisering<\/strong>T\u00e5l tv\u00e4tttemperaturer upp till <strong data-start=\"2111\" data-end=\"2119\">90\u00b0C<\/strong> och sterilisering vid <strong data-start=\"2141\" data-end=\"2168\">135\u00b0C i 15\u201320 minuter<\/strong>.<\/p>\n<\/li>\n<\/ul>\n<\/div>\n<\/div>\n<h2 data-start=\"2812\" data-end=\"3015\"><strong>Datablad<\/strong><\/h2>\n<div>\n<div class=\"auto-hide-last-sibling-br paragraph_1252f paragraph-element\">\n<div>\n<table width=\"637\">\n<tbody>\n<tr>\n<td width=\"328\">Artikelnamn:<\/td>\n<td width=\"309\">Strykj\u00e4rnv\u00e4rmef\u00f6rseglad RFID-tv\u00e4ttetikett<\/td>\n<\/tr>\n<tr>\n<td width=\"328\">RFID-standard:<\/td>\n<td width=\"309\">ISO\/IEC 18000-6 TypeC (EPC Gen2)<\/td>\n<\/tr>\n<tr>\n<td width=\"328\">Storlek &amp; Vikt:<\/td>\n<td width=\"309\">\u00a035 mm x 15 mm; 58 mm x 15 mm; 70 mm x 10 mm 70 x 15 mm 75 x 12 mm 75 x 15 mm eller kundanpassade<\/td>\n<\/tr>\n<tr>\n<td width=\"328\">Chiptyp:<\/td>\n<td width=\"309\">Monza 4QT, NXP U CODE 9, Alien H9 etc.<\/td>\n<\/tr>\n<tr>\n<td width=\"328\">EPC-minne:<\/td>\n<td width=\"309\">128 bitar<\/td>\n<\/tr>\n<tr>\n<td width=\"328\">Anv\u00e4ndarminne:<\/td>\n<td width=\"309\">512 bitar<\/td>\n<\/tr>\n<tr>\n<td width=\"328\">L\u00e4somr\u00e5de (2W ERP FCC):<\/td>\n<td width=\"309\">8M~10M<\/td>\n<\/tr>\n<tr>\n<td width=\"328\">L\u00e4somr\u00e5de (2W ERP ETSI):<\/td>\n<td width=\"309\">8M~10M<\/td>\n<\/tr>\n<tr>\n<td width=\"328\">Taggning:<\/td>\n<td width=\"309\">Varmst\u00e4mplingslim, v\u00e4rmet\u00e4tning, h\u00e5l etc.<\/td>\n<\/tr>\n<tr>\n<td width=\"328\">Ber\u00e4knad livsl\u00e4ngd:<\/td>\n<td width=\"309\">200 tv\u00e4ttcykler eller 300 g\u00e5nger<\/td>\n<\/tr>\n<tr>\n<td width=\"328\">Tv\u00e4ttmetod:<\/td>\n<td width=\"309\">Tv\u00e4ttservice, Kemtv\u00e4tt<\/td>\n<\/tr>\n<tr>\n<td width=\"328\">Vattenextraktionstryck:<\/td>\n<td width=\"309\">60 bar<\/td>\n<\/tr>\n<tr>\n<td width=\"328\">Vattent\u00e5lighet:<\/td>\n<td width=\"309\">Vattent\u00e5lig<\/td>\n<\/tr>\n<tr>\n<td width=\"328\">Kemisk best\u00e4ndighet:<\/td>\n<td width=\"309\">Tv\u00e4ttmedel, sk\u00f6ljmedel, blekmedel (syre\/klor), alkali<\/td>\n<\/tr>\n<tr>\n<td width=\"328\">F\u00f6rtorkning i torktumlare:<\/td>\n<td width=\"309\">125 \u00baC i 15-20 minuter<\/td>\n<\/tr>\n<tr>\n<td width=\"328\">Steriliseringstemperatur:<\/td>\n<td width=\"309\">135\u00b0C i 15-20 minuter<\/td>\n<\/tr>\n<tr>\n<td width=\"328\">Tv\u00e4tttemperatur:<\/td>\n<td width=\"309\">90\u00b0C, Upp till 15 min.<\/td>\n<\/tr>\n<tr>\n<td width=\"328\">Fuktighet\/temperaturdrift:<\/td>\n<td width=\"309\">-20 till 110\u00b0C, 8 till 95%RH<\/td>\n<\/tr>\n<tr>\n<td width=\"328\">Fuktighet\/temperatur-lagring:<\/td>\n<td width=\"309\">-40 till 110\u00b0C, 8 till 95%RH<\/td>\n<\/tr>\n<\/tbody>\n<\/table>\n<\/div>\n<\/div>\n<\/div>\n<div><\/div>\n<div class=\"auto-hide-last-sibling-br paragraph_1252f paragraph-element\"><span class=\"AnswerParser_TextContainer__z_Iiv\" data-testid=\"youchat-text\"><strong>RFID UHF tv\u00e4ttetiketter<\/strong> \u00e4r den ultimata l\u00f6sningen f\u00f6r att effektivt hantera arbetskl\u00e4der, hotellhanddukar och sjukhuss\u00e4ngkl\u00e4der. Dessa h\u00e5llbara taggar \u00e4r designade f\u00f6r att motst\u00e5 de h\u00f6ga temperaturer och starka kemikalier som vanligtvis anv\u00e4nds i industriella tv\u00e4ttprocesser. Deras robusta konstruktion s\u00e4kerst\u00e4ller att de f\u00f6rblir funktionella \u00e4ven efter flera tv\u00e4ttcykler, vilket g\u00f6r dem till en ov\u00e4rderlig tillg\u00e5ng i alla tv\u00e4ttoperationer.<\/span><span class=\"AnswerParser_TextContainer__z_Iiv\" data-testid=\"youchat-text\">Genom att integrera RFID-teknik i ditt tv\u00e4tthanteringssystem kan du minska hanteringskostnaderna avsev\u00e4rt. RFID-gateways och -r\u00e4knare effektiviserar sp\u00e5rningsprocessen, vilket g\u00f6r att du snabbt kan lokalisera och identifiera tv\u00e4ttartiklar. Detta sparar inte bara tid utan f\u00f6rb\u00e4ttrar ocks\u00e5 inventeringsnoggrannheten, vilket g\u00f6r att du enkelt kan h\u00e5lla reda p\u00e5 tv\u00e4ttcyklerna. Med RFID UHF-tv\u00e4ttetiketter f\u00f6rb\u00e4ttrar du din operativa effektivitet och ser till att dina tv\u00e4ttartiklar alltid tas med i ber\u00e4kningen.<\/span><\/div>\n<div><\/div>\n<div>\n<h3 data-start=\"2171\" data-end=\"2219\">Optimerad f\u00f6r industriell tv\u00e4tteriverksamhet:<\/h3>\n<p data-start=\"2220\" data-end=\"2515\">RFID UHF-tv\u00e4ttetiketter ger effektiv tillg\u00e5ngshantering f\u00f6r arbetsuniformer, hotelllinne, sjukhustextilier med mera. De t\u00e5l h\u00f6ga temperaturer och starka kemikalier och f\u00f6rblir funktionella \u00e4ven efter flera tv\u00e4ttcykler, vilket s\u00e4kerst\u00e4ller att din tv\u00e4ttverksamhet l\u00f6per smidigt.<\/p>\n<p data-start=\"2517\" data-end=\"2583\">Genom att integrera RFID i ditt tv\u00e4tthanteringssystem f\u00e5r du:<\/p>\n<ul data-start=\"2584\" data-end=\"2810\">\n<li data-start=\"2584\" data-end=\"2675\">\n<p data-start=\"2586\" data-end=\"2675\"><strong data-start=\"2586\" data-end=\"2609\">F\u00f6rb\u00e4ttrad effektivitet<\/strong>Snabbare och mer exakt lageruppf\u00f6ljning minskar hanteringskostnaderna.<\/p>\n<\/li>\n<li data-start=\"2676\" data-end=\"2810\">\n<p data-start=\"2678\" data-end=\"2810\"><strong data-start=\"2678\" data-end=\"2699\">F\u00f6rb\u00e4ttrad noggrannhet<\/strong>RFID-teknik s\u00e4kerst\u00e4ller exakt positionssp\u00e5rning, minskar fel och s\u00e4kerst\u00e4ller att artiklar redovisas.<\/p>\n<\/li>\n<\/ul>\n<p data-start=\"2812\" data-end=\"3015\"><strong data-start=\"2812\" data-end=\"2853\">Strykj\u00e4rnv\u00e4rmef\u00f6rseglade RFID-tv\u00e4ttetiketter<\/strong> G\u00f6r din tv\u00e4ttverksamhet snabbare, mer tillf\u00f6rlitlig och kostnadseffektiv, effektivisera ditt arbetsfl\u00f6de och s\u00e4kerst\u00e4ll att dina artiklar f\u00f6rblir sp\u00e5rbara genom varje tv\u00e4tt.<\/p>\n<\/div>\n<div data-spm-anchor-id=\"a2700.details.0.i57.23b419c7xXORP0\"><\/div>\n<div class=\"auto-hide-last-sibling-br paragraph_1252f paragraph-element\"><\/div>\n<div class=\"auto-hide-last-sibling-br paragraph_1252f paragraph-element\"><\/div>","protected":false},"excerpt":{"rendered":"<p>Vi \u00e4r de 5 b\u00e4sta tillverkarna av RFID-tv\u00e4ttetiketter f\u00f6r v\u00e4rme och strykj\u00e4rn<strong>.RFID Tv\u00e4ttetikett<\/strong>\u00a0s\u00e4kerst\u00e4ller h\u00e5llbar textilsp\u00e5rning inom sjukv\u00e5rd, tv\u00e4tt och uniformer i Europa, USA och Kanada \u2013 motst\u00e5ndskraftig mot h\u00e5rda tv\u00e4ttcykler.<\/p>","protected":false},"featured_media":2943,"template":"","meta":{"_kad_post_transparent":"default","_kad_post_title":"","_kad_post_layout":"default","_kad_post_sidebar_id":"","_kad_post_content_style":"default","_kad_post_vertical_padding":"default","_kad_post_feature":"","_kad_post_feature_position":"","_kad_post_header":false,"_kad_post_footer":false,"_kad_post_classname":""},"product_brand":[],"product_cat":[16],"product_tag":[364,363,338,342,339,65,30],"class_list":{"0":"post-2942","1":"product","2":"type-product","3":"status-publish","4":"has-post-thumbnail","6":"product_cat-uhf-rfid-laundry-tags","7":"product_tag-heating-sealed-rfid-laundry-tag","8":"product_tag-iron-heating-sealed-rfid-laundry-tag","9":"product_tag-rfid-chips-for-uniforms","10":"product_tag-rfid-laundry-tags","11":"product_tag-rfid-washable-tags","12":"product_tag-textile-rfid-laundry-tags","13":"product_tag-uhf-rfid-laundry-tag","15":"first","16":"instock","17":"featured","18":"shipping-taxable","19":"product-type-simple","20":"entry","21":"content-bg","22":"loop-entry"},"_links":{"self":[{"href":"https:\/\/rfid-laundry-tag.com\/sv\/wp-json\/wp\/v2\/product\/2942","targetHints":{"allow":["GET"]}}],"collection":[{"href":"https:\/\/rfid-laundry-tag.com\/sv\/wp-json\/wp\/v2\/product"}],"about":[{"href":"https:\/\/rfid-laundry-tag.com\/sv\/wp-json\/wp\/v2\/types\/product"}],"version-history":[{"count":2,"href":"https:\/\/rfid-laundry-tag.com\/sv\/wp-json\/wp\/v2\/product\/2942\/revisions"}],"predecessor-version":[{"id":2948,"href":"https:\/\/rfid-laundry-tag.com\/sv\/wp-json\/wp\/v2\/product\/2942\/revisions\/2948"}],"wp:featuredmedia":[{"embeddable":true,"href":"https:\/\/rfid-laundry-tag.com\/sv\/wp-json\/wp\/v2\/media\/2943"}],"wp:attachment":[{"href":"https:\/\/rfid-laundry-tag.com\/sv\/wp-json\/wp\/v2\/media?parent=2942"}],"wp:term":[{"taxonomy":"product_brand","embeddable":true,"href":"https:\/\/rfid-laundry-tag.com\/sv\/wp-json\/wp\/v2\/product_brand?post=2942"},{"taxonomy":"product_cat","embeddable":true,"href":"https:\/\/rfid-laundry-tag.com\/sv\/wp-json\/wp\/v2\/product_cat?post=2942"},{"taxonomy":"product_tag","embeddable":true,"href":"https:\/\/rfid-laundry-tag.com\/sv\/wp-json\/wp\/v2\/product_tag?post=2942"}],"curies":[{"name":"wp","href":"https:\/\/api.w.org\/{rel}","templated":true}]}}