{"id":2860,"date":"2024-11-05T13:06:31","date_gmt":"2024-11-05T13:06:31","guid":{"rendered":"https:\/\/rfid-laundry-tag.com\/?post_type=product&#038;p=2860"},"modified":"2024-11-05T13:13:50","modified_gmt":"2024-11-05T13:13:50","slug":"rfid-keyfobs-abs-iso14443a","status":"publish","type":"product","link":"https:\/\/rfid-laundry-tag.com\/sv\/rfid-keyfobs-abs-iso14443a\/","title":{"rendered":"RFID-nyckelringar ABS ISO14443A"},"content":{"rendered":"<h2>RFID-nyckelringar ABS ISO14443A<\/h2>\n<table class=\"has-title all magic-13\">\n<tbody>\n<tr>\n<td colspan=\"1\" rowspan=\"2\">\n<div class=\"magic-14\">material<\/div>\n<\/td>\n<td colspan=\"1\" rowspan=\"1\">\n<div class=\"magic-15\">Antennmaterial: aluminiumfolie<\/div>\n<\/td>\n<\/tr>\n<tr>\n<td colspan=\"1\" rowspan=\"1\">\n<div class=\"magic-15\" data-spm-anchor-id=\"a2700.details.0.i43.3c939b1b0qFtg1\">ytmaterial: ABS\/l\u00e4der\/tr\u00e4<\/div>\n<\/td>\n<\/tr>\n<tr>\n<td colspan=\"1\" rowspan=\"1\">\n<div class=\"magic-17\">storlek<\/div>\n<\/td>\n<td colspan=\"1\" rowspan=\"1\">\n<div class=\"magic-15\" data-spm-anchor-id=\"a2700.details.0.i41.3c939b1b0qFtg1\">40,38*31,5mm, 35,5*28mm, 51,5*32mm., eller anpassade<\/div>\n<\/td>\n<\/tr>\n<tr>\n<td colspan=\"1\" rowspan=\"1\">\n<div class=\"magic-17\">Skr\u00e4ddarsytt hantverk<\/div>\n<\/td>\n<td colspan=\"1\" rowspan=\"1\">\n<div class=\"magic-15\">logotyp Silkestryck\/UID-kod, seriekod eller anpassad<\/div>\n<\/td>\n<\/tr>\n<tr>\n<td colspan=\"1\" rowspan=\"1\">\n<div class=\"magic-17\">Drifttemperatur<\/div>\n<\/td>\n<td colspan=\"1\" rowspan=\"1\">\n<div class=\"magic-15\">-20\u00b0C~+90\u00b0C<\/div>\n<\/td>\n<\/tr>\n<tr>\n<td colspan=\"1\" rowspan=\"1\">\n<div class=\"magic-17\">koda<\/div>\n<\/td>\n<td colspan=\"1\" rowspan=\"1\">\n<div class=\"magic-15\">skrivbart chip Tillg\u00e4nglig<\/div>\n<\/td>\n<\/tr>\n<tr>\n<td colspan=\"1\" rowspan=\"1\">\n<div class=\"magic-17\">f\u00e4rgalternativ<\/div>\n<\/td>\n<td colspan=\"1\" rowspan=\"1\">\n<div class=\"magic-15\" data-spm-anchor-id=\"a2700.details.0.i42.3c939b1b0qFtg1\">R\u00f6d, bl\u00e5, svart, lila, orange, gul (kan anpassas)<\/div>\n<\/td>\n<\/tr>\n<tr>\n<td colspan=\"1\" rowspan=\"1\">\n<div class=\"magic-17\">l\u00e4savst\u00e5nd<\/div>\n<\/td>\n<td colspan=\"1\" rowspan=\"1\">\n<div class=\"magic-15\">1~10cm (beroende p\u00e5 l\u00e4sare)<\/div>\n<\/td>\n<\/tr>\n<tr>\n<td colspan=\"1\" rowspan=\"1\">\n<div class=\"magic-17\">applikationer<\/div>\n<\/td>\n<td colspan=\"1\" rowspan=\"1\">\n<div class=\"magic-15\" data-spm-anchor-id=\"a2700.details.0.i40.3c939b1b0qFtg1\">medlemssystem\/gym\/tilltr\u00e4deskontroll\/betalning mm.<\/div>\n<\/td>\n<\/tr>\n<\/tbody>\n<\/table>\n<p><strong>RFID nyckelbrickor<\/strong> ligger i framkant n\u00e4r det g\u00e4ller s\u00e4ker och bekv\u00e4m \u00e5tkomsthantering. Dessa sm\u00e5, l\u00e4tta enheter anv\u00e4nder <strong>radiofrekvensidentifiering<\/strong> (RFID)-teknik f\u00f6r att m\u00f6jligg\u00f6ra snabb och s\u00f6ml\u00f6s intr\u00e4de i s\u00e4kra omr\u00e5den. De anv\u00e4nds ofta i olika branscher, inklusive g\u00e4stfrihet, kontorsbyggnader och bostadsfastigheter, f\u00f6r s\u00e4kra passersystem.<\/p>\n<p>I denna produktbeskrivning kommer vi att utforska funktionerna och f\u00f6rdelarna med <strong>RFID nyckelbrickor<\/strong>, med fokus p\u00e5 <strong>ABS ISO14443A<\/strong> specifikation. Vi kommer att diskutera varf\u00f6r dessa fobs \u00e4r det f\u00f6redragna valet f\u00f6r b\u00e5de f\u00f6retag och privatpersoner som s\u00f6ker effektiva, s\u00e4kra och l\u00e4ttanv\u00e4nda \u00e5tkomstl\u00f6sningar.<\/p>\n<p><strong>RFID nyckelbrickor<\/strong> ligger i framkant n\u00e4r det g\u00e4ller s\u00e4ker och bekv\u00e4m \u00e5tkomsthantering. Dessa sm\u00e5, l\u00e4tta enheter anv\u00e4nder <strong>radiofrekvensidentifiering<\/strong> (RFID)-teknik f\u00f6r att m\u00f6jligg\u00f6ra snabb och s\u00f6ml\u00f6s intr\u00e4de i s\u00e4kra omr\u00e5den. De anv\u00e4nds ofta i olika branscher, inklusive g\u00e4stfrihet, kontorsbyggnader och bostadsfastigheter, f\u00f6r s\u00e4kra passersystem.<\/p>\n<h2><strong>Vad \u00e4r en RFID-nyckelbricka?<\/strong><\/h2>\n<p>En <strong>RFID nyckelbricka<\/strong> \u00e4r en kompakt, b\u00e4rbar enhet som kommunicerar med en <strong>RFID-l\u00e4sare<\/strong> f\u00f6r att ge tillg\u00e5ng till ett s\u00e4kert omr\u00e5de. Den inneh\u00e5ller vanligtvis ett litet mikrochip och antenn inb\u00e4ddade i en h\u00e5llbar <strong>ABS h\u00f6lje<\/strong>. De <strong>13,56 MHz frekvens<\/strong> anv\u00e4nds av ISO14443A RFID-nyckelbrickor s\u00e4kerst\u00e4ller tillf\u00f6rlitlig och snabb uppt\u00e4ckt, vilket g\u00f6r dem till en mycket effektiv l\u00f6sning f\u00f6r passersystem.<\/p>\n<p>Till skillnad fr\u00e5n traditionella nycklar eller kort, en <strong>RFID nyckelbricka<\/strong> kr\u00e4ver inte fysisk kontakt med l\u00e4saren; den fungerar <strong>kontaktl\u00f6st<\/strong> principer, vilket g\u00f6r det b\u00e5de s\u00e4krare och bekv\u00e4mare. Anv\u00e4ndare kan helt enkelt trycka p\u00e5 sin fob n\u00e4ra en l\u00e4sare f\u00f6r att f\u00e5 \u00e5tkomst, vilket eliminerar behovet av manuell uppl\u00e5sning eller PIN-koder.<\/p>\n<hr \/>\n<h2><strong>Nyckelfunktioner hos RFID-nyckelbrickor<\/strong><\/h2>\n<h3><strong>1. S\u00e4ker \u00e5tkomstkontroll<\/strong><\/h3>\n<p>En av de st\u00f6rsta f\u00f6rdelarna med att anv\u00e4nda <strong>RFID nyckelbrickor<\/strong> \u00e4r f\u00f6rb\u00e4ttrad s\u00e4kerhet. Dessa enheter erbjuder flera lager av skydd, inklusive krypteringsprotokoll, som f\u00f6rhindrar obeh\u00f6riga anv\u00e4ndare fr\u00e5n att f\u00e5 \u00e5tkomst. De <strong>13,56 MHz<\/strong> frekvens som anv\u00e4nds av <strong>ISO14443A nyckelbrickor<\/strong> s\u00e4kerst\u00e4ller h\u00f6g kompatibilitet med olika <strong>passersystem<\/strong>, fr\u00e5n hotelll\u00e5s till kontorsd\u00f6rr.<\/p>\n<p>Genom att anv\u00e4nda RFID-teknik, <strong>RFID nyckelbrickor<\/strong> erbjuda <strong>nyckell\u00f6st intr\u00e4de<\/strong>, vilket minskar risken f\u00f6r l\u00e5splockning eller obeh\u00f6rig kopiering. N\u00e4r den integreras i <strong>\u00e5tkomstkontroll<\/strong> system fungerar dessa fobs som en s\u00e4ker token f\u00f6r att verifiera och autentisera anv\u00e4ndare med minimal anstr\u00e4ngning.<\/p>\n<h3><strong>2. H\u00e5llbar ABS-konstruktion<\/strong><\/h3>\n<p>Konstruktionen av <strong>RFID nyckelbrickor<\/strong> \u00e4r lika viktigt som deras funktionalitet. Dessa fobs \u00e4r gjorda av <strong>ABS plast<\/strong>, som \u00e4r ett slitstarkt, l\u00e4tt material som t\u00e5l olika milj\u00f6f\u00f6rh\u00e5llanden. Oavsett om du anv\u00e4nder dem p\u00e5 en kontorsmilj\u00f6 eller b\u00e4r dem p\u00e5 en nyckelring, \u00e4r dessa nyckelbrickor byggda f\u00f6r att h\u00e5lla.<\/p>\n<p>De <strong>ABS h\u00f6lje<\/strong> skyddar inte bara de interna komponenterna utan s\u00e4kerst\u00e4ller ocks\u00e5 att foben f\u00f6rblir funktionsduglig \u00e4ven efter l\u00e5ngvarig anv\u00e4ndning. Deras kompakta storlek och robusta design g\u00f6r dem motst\u00e5ndskraftiga mot slitage, vilket s\u00e4kerst\u00e4ller en l\u00e5ngvarig l\u00f6sning f\u00f6r \u00e5tkomstkontrollbehov.<\/p>\n<h3><strong>3. Enkel integration med RFID-system<\/strong><\/h3>\n<p><strong>RFID nyckelbrickor<\/strong> \u00e4r helt kompatibla med de flesta <strong>RFID-system<\/strong>. Oavsett om du uppgraderar fr\u00e5n traditionella nyckelkort eller installerar ett helt nytt passerkontrollsystem, integreras dessa nyckelbrickor s\u00f6ml\u00f6st med befintlig infrastruktur. De <strong>ISO14443A<\/strong> standarden \u00e4r allm\u00e4nt erk\u00e4nd och anv\u00e4nds i olika branscher, vilket s\u00e4kerst\u00e4ller kompatibilitet med l\u00e4sare och programvara.<\/p>\n<p>Dessutom m\u00e5nga <strong>RFID nyckelbrickor<\/strong> \u00e4r <strong>omskrivbar<\/strong>, vilket g\u00f6r att f\u00f6retag kan \u00e4ndra \u00e5tkomstuppgifter efter behov utan att k\u00f6pa nya fobs. Detta <strong>flexibilitet<\/strong> g\u00f6r RFID-nyckelbrickor till en utm\u00e4rkt l\u00e5ngsiktig investering f\u00f6r organisationer som letar efter skalbara \u00e5tkomstl\u00f6sningar.<\/p>\n<hr \/>\n<h2><strong>Varf\u00f6r v\u00e4lja ISO14443A RFID-nyckelbrickor?<\/strong><\/h2>\n<h3><strong>4. H\u00f6g frekvens f\u00f6r snabbare svar<\/strong><\/h3>\n<p><strong>13,56 MHz RFID-nyckelbrickor<\/strong>, som <strong>ISO14443A<\/strong>, erbjuder ett h\u00f6gfrekvensomr\u00e5de som till\u00e5ter <strong>snabb uppt\u00e4ckt<\/strong> och kommunikation med RFID-l\u00e4saren. Detta h\u00f6gfrekvensomr\u00e5de s\u00e4kerst\u00e4ller att \u00e5tkomst ges snabbt och effektivt, vilket f\u00f6rb\u00e4ttrar anv\u00e4ndarupplevelsen.<\/p>\n<p>N\u00e4r du h\u00e5ller fob n\u00e4ra l\u00e4saren identifierar systemet snabbt de referenser som finns lagrade i fob, vilket ger \u00e5tkomst p\u00e5 en br\u00e5kdel av en sekund. Denna snabba svarstid \u00e4r s\u00e4rskilt viktig i omr\u00e5den med h\u00f6g trafik, vilket s\u00e4kerst\u00e4ller att linjer inte bildas och att m\u00e4nniskor kan g\u00e5 in och ut utan dr\u00f6jsm\u00e5l.<\/p>\n<h3><strong>5. M\u00e5ngsidighet f\u00f6r flera applikationer<\/strong><\/h3>\n<p><strong>RFID nyckelbrickor<\/strong> \u00e4r mycket m\u00e5ngsidiga och kan anv\u00e4ndas i en m\u00e4ngd olika applikationer ut\u00f6ver bara d\u00f6rrl\u00e5s. N\u00e5gra vanliga anv\u00e4ndningsomr\u00e5den f\u00f6r <strong>RFID nyckelbrickor<\/strong> omfatta:<\/p>\n<ul>\n<li><strong>Tillg\u00e5ng till hotellrum:<\/strong> G\u00e4sterna kan anv\u00e4nda sin fob f\u00f6r att l\u00e5sa upp hotellrumsd\u00f6rren.<\/li>\n<li><strong>S\u00e4kerhet p\u00e5 arbetsplatsen:<\/strong> Anst\u00e4llda kan anv\u00e4nda fob f\u00f6r att komma \u00e5t kontor, serverrum eller begr\u00e4nsade omr\u00e5den.<\/li>\n<li><strong>Betalning och legitimation:<\/strong> Viss <strong>RFID nyckelbrickor<\/strong> kan ocks\u00e5 anv\u00e4ndas f\u00f6r att g\u00f6ra betalningar eller f\u00f6r identifiering i medlemsprogram.<\/li>\n<\/ul>\n<p>Tack vare sin lilla storlek och portabilitet \u00e4r dessa fobs en bekv\u00e4m l\u00f6sning f\u00f6r ett brett spektrum av industrier.<\/p>\n<h3><strong>6. Kontaktl\u00f6s teknik f\u00f6r bekv\u00e4mlighet och hygien<\/strong><\/h3>\n<p>I dagens v\u00e4rld, <strong>kontaktl\u00f6s teknik<\/strong> har f\u00e5tt stor uppm\u00e4rksamhet p\u00e5 grund av de hygieniska f\u00f6rdelarna det ger. <strong>RFID nyckelbrickor<\/strong> \u00e4r kontaktl\u00f6sa, vilket inneb\u00e4r att anv\u00e4ndare inte beh\u00f6ver fysiskt r\u00f6ra ett l\u00e5s eller en l\u00e4sare. Detta minskar risken f\u00f6r \u00f6verf\u00f6ring av bakterier och bakterier, vilket g\u00f6r det till ett idealiskt val f\u00f6r milj\u00f6er som sjukhus, skolor och kontor d\u00e4r hygien \u00e4r avg\u00f6rande.<\/p>\n<p>Dessutom detta <strong>nyckell\u00f6st intr\u00e4de<\/strong> systemet ger bekv\u00e4mlighet. Anv\u00e4ndare beh\u00f6ver inte s\u00f6ka efter nycklar eller komma ih\u00e5g PIN-koder \u2013 de kan helt enkelt b\u00e4ra sina <strong>RFID nyckelbricka<\/strong> p\u00e5 nyckelringen eller i fickan, redo att anv\u00e4ndas n\u00e4r det beh\u00f6vs.<\/p>\n<p>Dessa <strong>RFID nyckelbrickor<\/strong> verka vid a <strong>13,56 MHz frekvens<\/strong>, vilket g\u00f6r dem kompatibla med de flesta <strong>RFID-l\u00e4sare<\/strong> anv\u00e4nds i moderna passersystem. Fobs \u00e4r gjorda av h\u00f6g kvalitet <strong>ABS plast<\/strong>, vilket s\u00e4kerst\u00e4ller en h\u00e5llbar och l\u00e4tt design som \u00e4r b\u00e5de b\u00e4rbar och l\u00e5ngvarig.<\/p>\n<hr \/>\n<h2><strong>Milj\u00f6p\u00e5verkan och h\u00e5llbarhet<\/strong><\/h2>\n<p>N\u00e4r organisationerna g\u00e5r mot <strong>kontaktl\u00f6s \u00e5tkomst<\/strong> och s\u00e4kerhetsl\u00f6sningar \u00e4r det viktigt att ta h\u00e4nsyn till milj\u00f6p\u00e5verkan fr\u00e5n dessa produkter. De <strong>ABS plast<\/strong> anv\u00e4nds i <strong>RFID nyckelbrickor<\/strong> \u00e4r ett mycket \u00e5tervinningsbart material. Dessutom, <strong>RFID-system<\/strong> sj\u00e4lva bidrar till att minska behovet av fysiska nycklar och traditionella l\u00e5s, vilket ytterligare s\u00e4nker det totala milj\u00f6avtrycket.<\/p>\n<p>Dessutom m\u00e5nga <strong>RFID nyckelbrickor<\/strong> kan vara <strong>omskriven<\/strong>, vilket inneb\u00e4r att det inte finns n\u00e5got behov av att st\u00e4ndigt byta ut dem. Detta minskar elektroniskt avfall, vilket g\u00f6r dem till ett h\u00e5llbart val f\u00f6r f\u00f6retag och privatpersoner som letar efter milj\u00f6v\u00e4nliga l\u00f6sningar.<\/p>\n<hr \/>\n<h2><strong>Kundrecensioner och feedback<\/strong><\/h2>\n<p>M\u00e5nga kunder uppskattar bekv\u00e4mligheten och s\u00e4kerheten som <strong>RFID nyckelbrickor<\/strong> f\u00f6rse. H\u00e4r \u00e4r en snabb sammanfattning av vanlig feedback:<\/p>\n<ul>\n<li><strong>\u201cBekv\u00e4m och snabb \u00e5tkomst!\u201d<\/strong> \u2013 M\u00e5nga anv\u00e4ndare lyfter fram hastigheten och effektiviteten hos <strong>RFID nyckelbrickor<\/strong>. Den snabba svarstiden g\u00f6r dem till ett idealiskt val f\u00f6r hektiska milj\u00f6er som kontorsbyggnader och hotell.<\/li>\n<li><strong>&quot;T\u00e5lig och p\u00e5litlig&quot;<\/strong> \u2013 Kunderna uppskattar ocks\u00e5 <strong>h\u00e5llbar konstruktion<\/strong> av fobs, med m\u00e5nga som noterar att de har st\u00e5tt emot m\u00e5nader eller \u00e5r av daglig anv\u00e4ndning.<\/li>\n<li><strong>\u201cPerfekt f\u00f6r hotell\u201d<\/strong> \u2013 Bes\u00f6ksf\u00f6retag \u00e4r l\u00e4tta att anv\u00e4nda <strong>RFID nyckelbrickor<\/strong> f\u00f6r g\u00e4ster, vilket eliminerar behovet av traditionella rumsnycklar.<\/li>\n<\/ul>\n<hr \/>\n<h2><strong>Vanliga fr\u00e5gor<\/strong><\/h2>\n<h3><strong>1. Kan RFID-nyckelbrickor programmeras?<\/strong><\/h3>\n<p>Ja, m\u00e5nga <strong>RFID nyckelbrickor<\/strong> \u00e4r <strong>omskrivbar<\/strong>, vilket inneb\u00e4r att du kan \u00e4ndra data som lagras p\u00e5 dem, till exempel \u00e5tkomstuppgifter.<\/p>\n<h3><strong>2. Hur l\u00e5ngt kan en RFID-nyckelbricka s\u00e4nda?<\/strong><\/h3>\n<p>Utbudet av en <strong>RFID nyckelbricka<\/strong> str\u00e4cker sig vanligtvis fr\u00e5n <strong>0 till 10 cm<\/strong> beroende p\u00e5 l\u00e4saren och milj\u00f6f\u00f6rh\u00e5llandena.<\/p>\n<h3><strong>3. \u00c4r RFID-nyckelbrickor s\u00e4kra?<\/strong><\/h3>\n<p>Ja, <strong>RFID nyckelbrickor<\/strong> \u00e4r mycket s\u00e4kra. De inneh\u00e5ller ofta kryptering och andra skyddsfunktioner f\u00f6r att f\u00f6rhindra obeh\u00f6rig \u00e5tkomst.<\/p>\n<h3><strong>4. Vilka industrier anv\u00e4nder RFID-nyckelbrickor?<\/strong><\/h3>\n<p><strong>RFID nyckelbrickor<\/strong> anv\u00e4nds i en m\u00e4ngd olika branscher, inklusive g\u00e4stfrihet, sjukv\u00e5rd, f\u00f6retagskontor och till och med f\u00f6r bilnycklar.<\/p>\n<hr \/>\n<h2><strong>Slutsats: Varf\u00f6r k\u00f6pa RFID-nyckelbrickor?<\/strong><\/h2>\n<p>Att investera i <strong>RFID nyckelbrickor<\/strong> ger \u00f6kad s\u00e4kerhet, bekv\u00e4mlighet och h\u00e5llbarhet f\u00f6r b\u00e5de f\u00f6retag och privatpersoner. Oavsett om du vill effektivisera din <strong>passersystem<\/strong>, genomf\u00f6ra <strong>nyckell\u00f6st intr\u00e4de<\/strong> p\u00e5 ditt hotell, eller f\u00f6rb\u00e4ttra s\u00e4kerheten p\u00e5 ditt kontor, <strong>RFID nyckelbrickor<\/strong> \u00e4r en praktisk l\u00f6sning som \u00e4r b\u00e5de kostnadseffektiv och p\u00e5litlig.<\/p>\n<p>Med sin avancerade teknik, enkel integration med <strong>RFID-system<\/strong>och l\u00e5ngvarig konstruktion, <strong>RFID nyckelbrickor<\/strong> representerar en framtida l\u00f6sning p\u00e5 dagens s\u00e4kerhetsutmaningar.<\/p>\n<p>&nbsp;<\/p>","protected":false},"excerpt":{"rendered":"<p><strong>RFID-nyckelringar<\/strong> ABS ISO14443A erbjuder dubbla frekvensalternativ (13,56MHz\/125KHz), h\u00e5llbar design, programmerbart UID och avancerade s\u00e4kerhetsfunktioner som antikloning och krypterad kommunikation.<\/p>","protected":false},"featured_media":2861,"template":"","meta":{"_kad_post_transparent":"default","_kad_post_title":"","_kad_post_layout":"default","_kad_post_sidebar_id":"","_kad_post_content_style":"default","_kad_post_vertical_padding":"default","_kad_post_feature":"","_kad_post_feature_position":"","_kad_post_header":false,"_kad_post_footer":false,"_kad_post_classname":""},"product_brand":[],"product_cat":[54],"product_tag":[346,344,345,343,351,350],"class_list":{"0":"post-2860","1":"product","2":"type-product","3":"status-publish","4":"has-post-thumbnail","6":"product_cat-hot-selling-rfid-tags","7":"product_tag-nfc-key-tag","8":"product_tag-nfc-keychain","9":"product_tag-rfid-fob","10":"product_tag-rfid-keyfobs","11":"product_tag-rfid-keyfobs-abs","12":"product_tag-rfid-keyfobs-iso14443a","14":"first","15":"instock","16":"shipping-taxable","17":"product-type-simple","18":"entry","19":"content-bg","20":"loop-entry"},"_links":{"self":[{"href":"https:\/\/rfid-laundry-tag.com\/sv\/wp-json\/wp\/v2\/product\/2860","targetHints":{"allow":["GET"]}}],"collection":[{"href":"https:\/\/rfid-laundry-tag.com\/sv\/wp-json\/wp\/v2\/product"}],"about":[{"href":"https:\/\/rfid-laundry-tag.com\/sv\/wp-json\/wp\/v2\/types\/product"}],"version-history":[{"count":2,"href":"https:\/\/rfid-laundry-tag.com\/sv\/wp-json\/wp\/v2\/product\/2860\/revisions"}],"predecessor-version":[{"id":2863,"href":"https:\/\/rfid-laundry-tag.com\/sv\/wp-json\/wp\/v2\/product\/2860\/revisions\/2863"}],"wp:featuredmedia":[{"embeddable":true,"href":"https:\/\/rfid-laundry-tag.com\/sv\/wp-json\/wp\/v2\/media\/2861"}],"wp:attachment":[{"href":"https:\/\/rfid-laundry-tag.com\/sv\/wp-json\/wp\/v2\/media?parent=2860"}],"wp:term":[{"taxonomy":"product_brand","embeddable":true,"href":"https:\/\/rfid-laundry-tag.com\/sv\/wp-json\/wp\/v2\/product_brand?post=2860"},{"taxonomy":"product_cat","embeddable":true,"href":"https:\/\/rfid-laundry-tag.com\/sv\/wp-json\/wp\/v2\/product_cat?post=2860"},{"taxonomy":"product_tag","embeddable":true,"href":"https:\/\/rfid-laundry-tag.com\/sv\/wp-json\/wp\/v2\/product_tag?post=2860"}],"curies":[{"name":"wp","href":"https:\/\/api.w.org\/{rel}","templated":true}]}}