{"id":2853,"date":"2024-11-05T12:54:13","date_gmt":"2024-11-05T12:54:13","guid":{"rendered":"https:\/\/rfid-laundry-tag.com\/?post_type=product&#038;p=2853"},"modified":"2024-11-05T13:04:21","modified_gmt":"2024-11-05T13:04:21","slug":"proximity-abs-tk4100-key-fob","status":"publish","type":"product","link":"https:\/\/rfid-laundry-tag.com\/sv\/proximity-abs-tk4100-key-fob\/","title":{"rendered":"N\u00e4rhet ABS TK4100 nyckelbricka"},"content":{"rendered":"<h2>N\u00e4rhet ABS TK4100 nyckelbricka<\/h2>\n<table class=\"has-title all magic-13\">\n<tbody>\n<tr>\n<td colspan=\"1\" rowspan=\"2\">\n<div class=\"magic-14\">material<\/div>\n<\/td>\n<td colspan=\"1\" rowspan=\"1\">\n<div class=\"magic-15\">Antennmaterial: aluminiumfolie<\/div>\n<\/td>\n<\/tr>\n<tr>\n<td colspan=\"1\" rowspan=\"1\">\n<div class=\"magic-15\">ytmaterial: ABS\/l\u00e4der\/tr\u00e4<\/div>\n<\/td>\n<\/tr>\n<tr>\n<td colspan=\"1\" rowspan=\"1\">\n<div class=\"magic-17\">storlek<\/div>\n<\/td>\n<td colspan=\"1\" rowspan=\"1\">\n<div class=\"magic-15\" data-spm-anchor-id=\"a2700.details.0.i41.3c939b1b0qFtg1\">40,38*31,5mm, 35,5*28mm, 51,5*32mm., eller anpassade<\/div>\n<\/td>\n<\/tr>\n<tr>\n<td colspan=\"1\" rowspan=\"1\">\n<div class=\"magic-17\">Skr\u00e4ddarsytt hantverk<\/div>\n<\/td>\n<td colspan=\"1\" rowspan=\"1\">\n<div class=\"magic-15\">logotyp Silkestryck\/UID-kod, seriekod eller anpassad<\/div>\n<\/td>\n<\/tr>\n<tr>\n<td colspan=\"1\" rowspan=\"1\">\n<div class=\"magic-17\">Drifttemperatur<\/div>\n<\/td>\n<td colspan=\"1\" rowspan=\"1\">\n<div class=\"magic-15\">-20\u00b0C~+90\u00b0C<\/div>\n<\/td>\n<\/tr>\n<tr>\n<td colspan=\"1\" rowspan=\"1\">\n<div class=\"magic-17\">koda<\/div>\n<\/td>\n<td colspan=\"1\" rowspan=\"1\">\n<div class=\"magic-15\">skrivbart chip Tillg\u00e4nglig<\/div>\n<\/td>\n<\/tr>\n<tr>\n<td colspan=\"1\" rowspan=\"1\">\n<div class=\"magic-17\">f\u00e4rgalternativ<\/div>\n<\/td>\n<td colspan=\"1\" rowspan=\"1\">\n<div class=\"magic-15\">R\u00f6d, bl\u00e5, svart, lila, orange, gul (kan anpassas)<\/div>\n<\/td>\n<\/tr>\n<tr>\n<td colspan=\"1\" rowspan=\"1\">\n<div class=\"magic-17\">l\u00e4savst\u00e5nd<\/div>\n<\/td>\n<td colspan=\"1\" rowspan=\"1\">\n<div class=\"magic-15\">1~10cm (beroende p\u00e5 l\u00e4sare)<\/div>\n<\/td>\n<\/tr>\n<tr>\n<td colspan=\"1\" rowspan=\"1\">\n<div class=\"magic-17\">applikationer<\/div>\n<\/td>\n<td colspan=\"1\" rowspan=\"1\">\n<div class=\"magic-15\" data-spm-anchor-id=\"a2700.details.0.i40.3c939b1b0qFtg1\">medlemssystem\/gym\/tilltr\u00e4deskontroll\/betalning mm.<\/div>\n<\/td>\n<\/tr>\n<\/tbody>\n<\/table>\n<p>&nbsp;<\/p>\n<p>Varje <strong>N\u00e4rhet ABS TK4100 nyckelbricka<\/strong> levereras f\u00f6rprogrammerad med ett unikt siffrigt ID-nummer, vilket g\u00f6r den till ett idealiskt val f\u00f6r anv\u00e4ndning i RFID <strong>N\u00e4rhetskontrollsystem<\/strong>. Dessa nyckelbrickor \u00e4r designade f\u00f6r att s\u00f6ml\u00f6st integreras med system som hanterar \u00e5tkomst till d\u00f6rrar, elektriska l\u00e5s och till och med videod\u00f6rrtelefoner, vilket garanterar s\u00e4ker och p\u00e5litlig uppl\u00e5sningsfunktion.<\/p>\n<p>Nyckelbrickorna \u00e4r konstruerade med h\u00e5llbarhet <strong>ABS-material<\/strong>, erbjuder <strong>vattent\u00e4t<\/strong> skydd f\u00f6r att s\u00e4kerst\u00e4lla l\u00e5ngvarig prestanda i olika milj\u00f6er. Varje nyckelbricka \u00e4r f\u00e4st vid en <strong>nyckelring i metall<\/strong>, vilket g\u00f6r den l\u00e4tt att b\u00e4ra och f\u00e4sta p\u00e5 nyckelringar eller remmar. Detta g\u00f6r dem bekv\u00e4ma f\u00f6r anv\u00e4ndarna samtidigt som de beh\u00e5ller sin funktionalitet under sv\u00e5ra f\u00f6rh\u00e5llanden.<\/p>\n<p>Dessa nyckelbrickor anv\u00e4nds ofta i <strong>passersystem<\/strong>, aktiverar funktioner som d\u00f6rruppl\u00e5sning, l\u00f6senordshantering och \u00e5tkomstbeh\u00f6righeter. Det \u00e4r de <strong>kompatibel med standard EM ID-\u00e5tkomstenheter<\/strong> eller <strong>ID-l\u00e4sare<\/strong>, vilket g\u00f6r dem mycket m\u00e5ngsidiga f\u00f6r olika \u00e5tkomstkontrollapplikationer.<\/p>","protected":false},"excerpt":{"rendered":"<p>De <strong>N\u00e4rhet ABS TK4100 nyckelbricka<\/strong> \u00e4r en mycket p\u00e5litlig, h\u00e5llbar och s\u00e4ker RFID-nyckelbricka l\u00e4mplig f\u00f6r olika passersystem. F\u00f6rprogrammerad med ett unikt ID, anv\u00e4nds det ofta f\u00f6r <strong>l\u00e5sa upp d\u00f6rrar<\/strong>, <strong>hantera l\u00f6senord<\/strong>, och mer. Tillverkad av vattent\u00e4tt ABS-material med en metallnyckelring, den \u00e4r idealisk f\u00f6r b\u00e5de inomhus- och utomhusbruk.<\/p>","protected":false},"featured_media":2855,"template":"","meta":{"_kad_post_transparent":"default","_kad_post_title":"","_kad_post_layout":"default","_kad_post_sidebar_id":"","_kad_post_content_style":"default","_kad_post_vertical_padding":"default","_kad_post_feature":"","_kad_post_feature_position":"","_kad_post_header":false,"_kad_post_footer":false,"_kad_post_classname":""},"product_brand":[],"product_cat":[54],"product_tag":[348,346,349,344,345,343],"class_list":{"0":"post-2853","1":"product","2":"type-product","3":"status-publish","4":"has-post-thumbnail","6":"product_cat-hot-selling-rfid-tags","7":"product_tag-nfc-key-fobs-ntag213","8":"product_tag-nfc-key-tag","9":"product_tag-nfc-key-tags","10":"product_tag-nfc-keychain","11":"product_tag-rfid-fob","12":"product_tag-rfid-keyfobs","14":"first","15":"instock","16":"shipping-taxable","17":"product-type-simple","18":"entry","19":"content-bg","20":"loop-entry"},"_links":{"self":[{"href":"https:\/\/rfid-laundry-tag.com\/sv\/wp-json\/wp\/v2\/product\/2853","targetHints":{"allow":["GET"]}}],"collection":[{"href":"https:\/\/rfid-laundry-tag.com\/sv\/wp-json\/wp\/v2\/product"}],"about":[{"href":"https:\/\/rfid-laundry-tag.com\/sv\/wp-json\/wp\/v2\/types\/product"}],"version-history":[{"count":2,"href":"https:\/\/rfid-laundry-tag.com\/sv\/wp-json\/wp\/v2\/product\/2853\/revisions"}],"predecessor-version":[{"id":2859,"href":"https:\/\/rfid-laundry-tag.com\/sv\/wp-json\/wp\/v2\/product\/2853\/revisions\/2859"}],"wp:featuredmedia":[{"embeddable":true,"href":"https:\/\/rfid-laundry-tag.com\/sv\/wp-json\/wp\/v2\/media\/2855"}],"wp:attachment":[{"href":"https:\/\/rfid-laundry-tag.com\/sv\/wp-json\/wp\/v2\/media?parent=2853"}],"wp:term":[{"taxonomy":"product_brand","embeddable":true,"href":"https:\/\/rfid-laundry-tag.com\/sv\/wp-json\/wp\/v2\/product_brand?post=2853"},{"taxonomy":"product_cat","embeddable":true,"href":"https:\/\/rfid-laundry-tag.com\/sv\/wp-json\/wp\/v2\/product_cat?post=2853"},{"taxonomy":"product_tag","embeddable":true,"href":"https:\/\/rfid-laundry-tag.com\/sv\/wp-json\/wp\/v2\/product_tag?post=2853"}],"curies":[{"name":"wp","href":"https:\/\/api.w.org\/{rel}","templated":true}]}}