{"id":2850,"date":"2024-11-05T12:42:51","date_gmt":"2024-11-05T12:42:51","guid":{"rendered":"https:\/\/rfid-laundry-tag.com\/?post_type=product&#038;p=2850"},"modified":"2024-11-05T12:49:55","modified_gmt":"2024-11-05T12:49:55","slug":"nfc-key-fobs-ntag213","status":"publish","type":"product","link":"https:\/\/rfid-laundry-tag.com\/sv\/nfc-key-fobs-ntag213\/","title":{"rendered":"NFC-nyckelbrickor Ntag213"},"content":{"rendered":"<h2>NFC-nyckelbrickor Ntag213<\/h2>\n<p>NFC-nyckelbrickor, som Ntag213, revolutionerar hur vi interagerar med v\u00e5ra milj\u00f6er och erbjuder s\u00e4kra, kontaktl\u00f6sa l\u00f6sningar f\u00f6r \u00e5tkomstkontroll, identifiering och mer. Oavsett om du beh\u00f6ver ett nyckell\u00f6st intr\u00e4dessystem f\u00f6r ditt kontor, hotell eller personliga fordon, ger Ntag213 NFC-nyckelbrickan en s\u00f6ml\u00f6s och p\u00e5litlig upplevelse. Denna produktbeskrivning f\u00f6rdjupar sig i f\u00f6rdelarna, funktionerna och anv\u00e4ndningarna av Ntag213 NFC Key Fob, och erbjuder omfattande information f\u00f6r dem som \u00f6verv\u00e4ger denna avancerade teknik.<\/p>\n<hr \/>\n<h2>Produkt\u00f6versikt<\/h2>\n<p>De <strong>NFC-nyckelbricka Ntag213<\/strong> \u00e4r en h\u00f6gpresterande, kontaktl\u00f6s enhet som utnyttjar NFC-teknik (n\u00e4rf\u00e4ltskommunikation). Designad f\u00f6r att vara kompakt, s\u00e4ker och anv\u00e4ndarv\u00e4nlig, den h\u00e4r nyckelbrickan m\u00f6jligg\u00f6r ett brett utbud av applikationer inklusive \u00e5tkomstkontroll, betalningssystem och produktautentisering. Med fokus p\u00e5 s\u00e4kerhet, anv\u00e4ndarv\u00e4nlighet och effektivitet, ger Ntag213-nyckelbrickan \u00f6verl\u00e4gsen funktionalitet f\u00f6r f\u00f6retag, hotell, hem och mer.<\/p>\n<h3>Varf\u00f6r k\u00f6pa Ntag213 NFC Key Fob?<\/h3>\n<p>Ntag213 \u00e4r mer \u00e4n bara en nyckelbricka \u2013 det \u00e4r en p\u00e5litlig och s\u00e4ker \u00e5tkomstl\u00f6sning. Med en kombination av h\u00f6gkvalitativ prestanda, enkel integration och kompatibilitet med befintliga system, \u00e4r det det perfekta valet f\u00f6r f\u00f6retag som vill uppgradera sina s\u00e4kerhets\u00e5tg\u00e4rder eller individer som s\u00f6ker ett mer effektivt s\u00e4tt att hantera sin \u00e5tkomst. H\u00e4r \u00e4r varf\u00f6r det \u00e4r v\u00e4rt investeringen:<\/p>\n<ul>\n<li><strong>P\u00e5litlig s\u00e4kerhet:<\/strong> Med inbyggd kryptering och en unik identifierare (UID) s\u00e4kerst\u00e4ller denna nyckelbricka s\u00e4ker \u00e5tkomst utan risk f\u00f6r dubbelarbete eller obeh\u00f6rig anv\u00e4ndning.<\/li>\n<li><strong>L\u00e5ngvarig h\u00e5llbarhet:<\/strong> Designad f\u00f6r dagligt bruk, Ntag213 NFC Key Fob har en l\u00e5ng livsl\u00e4ngd med upp till 100 000 skrivcykler och en datalagringstid p\u00e5 10 \u00e5r.<\/li>\n<li><strong>M\u00e5ngsidig kompatibilitet:<\/strong> Dess kompatibilitet med b\u00e5da <strong>13,56 MHz RFID-system<\/strong> och <strong>NFC-aktiverade enheter<\/strong> g\u00f6r det till en m\u00e5ngsidig l\u00f6sning f\u00f6r en m\u00e4ngd olika applikationer.<\/li>\n<\/ul>\n<p>L\u00e5t oss dyka djupare in i nyckelfunktionerna och f\u00f6rdelarna med Ntag213 NFC Key Fob.<\/p>\n<hr \/>\n<h2>NFC-teknik: ryggraden i moderna s\u00e4kerhetsl\u00f6sningar<\/h2>\n<p>NFC-teknik (Near-Field Communication) \u00e4r drivkraften bakom kontaktl\u00f6sa \u00e5tkomstsystem. <strong>Ntag213<\/strong> \u00e4r en av de mest popul\u00e4ra NFC-taggarna som utvecklats av <strong>NXP\u00ae halvledare<\/strong>, h\u00e5lla sig till <strong>NFC Forum Typ 2-tagg<\/strong> standard. Denna \u00f6verensst\u00e4mmelse s\u00e4kerst\u00e4ller att enheten fungerar s\u00f6ml\u00f6st med NFC-aktiverade smartphones, surfplattor och dedikerade NFC-l\u00e4sare.<\/p>\n<h3>S\u00f6ml\u00f6s integration med \u00e5tkomstkontrollsystem<\/h3>\n<p>Oavsett om det \u00e4r en <strong>hotellintr\u00e4dessystem<\/strong>, <strong>kontors nyckelfri ing\u00e5ng<\/strong>, eller ett personligt \u00e5tkomstkontrollsystem, NFC-teknik f\u00f6renklar processen. De <strong>Ntag213 NFC nyckelbricka<\/strong> \u00e4r en kritisk komponent i moderna accessl\u00f6sningar, och erbjuder en <strong>s\u00e4ker, kontaktl\u00f6s metod<\/strong> f\u00f6r att l\u00e5sa upp d\u00f6rrar, f\u00e5 tillg\u00e5ng till begr\u00e4nsade omr\u00e5den och till och med g\u00f6ra betalningar. Med dess intuitiva n\u00e4rhetsfunktioner kan anv\u00e4ndare l\u00e5sa upp d\u00f6rrar genom att helt enkelt h\u00e5lla fob n\u00e4ra en NFC-aktiverad l\u00e4sare.<\/p>\n<h3>\u00d6kad anv\u00e4ndarbekv\u00e4mlighet<\/h3>\n<p>NFC-teknik eliminerar behovet av traditionella nycklar eller fysiska kort, vilket m\u00f6jligg\u00f6r snabbare och effektivare \u00e5tkomst. De <strong>l\u00e4s avst\u00e5nd<\/strong> p\u00e5 upp till 100 mm (beroende p\u00e5 antenngeometri) s\u00e4kerst\u00e4ller att nyckelbrickan l\u00e4tt kan skannas utan behov av direktkontakt. Denna funktion ger extra bekv\u00e4mlighet f\u00f6r b\u00e5de f\u00f6retagare och anv\u00e4ndare.<\/p>\n<hr \/>\n<h2>Nyckelfunktioner hos Ntag213 NFC Key Fob<\/h2>\n<h3>1. <strong>Inbyggda s\u00e4kerhetsfunktioner f\u00f6r s\u00e4ker \u00e5tkomst<\/strong><\/h3>\n<p>S\u00e4kerhet \u00e4r en h\u00f6gsta prioritet n\u00e4r det kommer till \u00e5tkomstkontroll, och <strong>Ntag213 NFC nyckelbricka<\/strong> levererar just det. Med sin <strong>unikt 7-byte UID<\/strong>, s\u00e4kerst\u00e4ller enheten att varje nyckelbricka \u00e4r unik, vilket f\u00f6rhindrar obeh\u00f6rig kopiering. De <strong>l\u00f6senordsskydd<\/strong> och <strong>ECC-baserad originalitetssignatur<\/strong> ytterligare skydda data och se till att fob inte kan manipuleras.<\/p>\n<ul>\n<li><strong>L\u00f6senordsskydd<\/strong>: M\u00f6jligheten att konfigurera ett 32-bitars l\u00f6senord s\u00e4kerst\u00e4ller att endast auktoriserade anv\u00e4ndare kan komma \u00e5t systemet.<\/li>\n<li><strong>ECC-signatur<\/strong>: Den <strong>ECC-baserad originalitetssignatur<\/strong> erbjuder ett extra lager av s\u00e4kerhet, vilket g\u00f6r det sv\u00e5rt f\u00f6r bedragare att f\u00f6rfalska nyckelbrickan.<\/li>\n<\/ul>\n<h3>2. <strong>Anv\u00e4ndning f\u00f6r flera applikationer<\/strong><\/h3>\n<p>En av de viktigaste f\u00f6rdelarna med <strong>Ntag213 NFC nyckelbricka<\/strong> \u00e4r dess m\u00e5ngsidighet. Den kan anv\u00e4ndas f\u00f6r olika applikationer, inklusive:<\/p>\n<ul>\n<li><strong>\u00c5tkomstkontroll:<\/strong> Anv\u00e4nds f\u00f6r att l\u00e5sa upp d\u00f6rrar p\u00e5 kontor, hotell eller hem.<\/li>\n<li><strong>Betalningssystem:<\/strong> S\u00e4kra, kontaktl\u00f6sa betalningar via mobil NFC-integration.<\/li>\n<li><strong>Produktautentisering:<\/strong> Verifiera \u00e4ktheten av avancerade produkter eller varor.<\/li>\n<li><strong>Smart reklam:<\/strong> F\u00f6rb\u00e4ttra marknadsf\u00f6ringskampanjer utanf\u00f6r hemmet med NFC-taggar inb\u00e4ddade i tryckta medier.<\/li>\n<\/ul>\n<h3>3. <strong>H\u00e5llbarhet och livsl\u00e4ngd<\/strong><\/h3>\n<p>Med en <strong>skriv uth\u00e5llighet p\u00e5 100 000 cykler<\/strong> och a <strong>datalagringstid p\u00e5 10 \u00e5r<\/strong>, den <strong>Ntag213 NFC nyckelbricka<\/strong> \u00e4r byggd f\u00f6r att h\u00e5lla. Oavsett om den anv\u00e4nds dagligen i en hektisk kontorsmilj\u00f6 eller som en del av en applikation med l\u00e5g trafik, t\u00e5l denna nyckelbricka l\u00e5ngvarig anv\u00e4ndning utan att prestanda f\u00f6rs\u00e4mras.<\/p>\n<h3>4. <strong>Kompakt och l\u00e4tt design<\/strong><\/h3>\n<p>Ntag213-nyckelbrickan \u00e4r kompakt och l\u00e4tt, vilket g\u00f6r den l\u00e4tt att b\u00e4ra med sig. Det \u00e4r det <strong>kompatibel med nyckelringar<\/strong>, s\u00e5 att anv\u00e4ndare kan f\u00e4sta den p\u00e5 sina nycklar f\u00f6r bekv\u00e4m \u00e5tkomst. De <strong>litet fotavtryck<\/strong> g\u00f6r den idealisk f\u00f6r applikationer som kr\u00e4ver utrymmesbesparande l\u00f6sningar, s\u00e5som inb\u00e4ddade taggar i produktetiketter eller spelkort.<\/p>\n<hr \/>\n<h2>Milj\u00f6p\u00e5verkan och h\u00e5llbarhet<\/h2>\n<p>N\u00e4r b\u00e5de f\u00f6retag och konsumenter forts\u00e4tter att prioritera h\u00e5llbarhet <strong>Ntag213 NFC nyckelbricka<\/strong> \u00e4r utformad med milj\u00f6ansvar i \u00e5tanke. Dess <strong>l\u00e5g energif\u00f6rbrukning<\/strong> och l\u00e5ngvarig h\u00e5llbarhet bidrar till minskat avfall och f\u00e4rre byten \u00f6ver tid. Dessutom, som en <strong>passiv RFID-tagg<\/strong>, Ntag213 kr\u00e4ver inget batteri f\u00f6r att fungera, vilket ytterligare minimerar dess milj\u00f6avtryck.<\/p>\n<hr \/>\n<h2>Hur man anv\u00e4nder Ntag213 NFC Key Fob<\/h2>\n<p>Med hj\u00e4lp av <strong>Ntag213 NFC nyckelbricka<\/strong> \u00e4r enkelt och okomplicerat:<\/p>\n<ol>\n<li><strong>Programmering<\/strong>: Anv\u00e4nd kompatibel NFC-programvara eller -l\u00e4sare f\u00f6r att programmera nyckelbrickan med n\u00f6dv\u00e4ndig information, s\u00e5som \u00e5tkomstuppgifter eller betalningsinformation.<\/li>\n<li><strong>Integration<\/strong>: Integrera fob med ett NFC-aktiverat \u00e5tkomstkontrollsystem eller betalningsterminal.<\/li>\n<li><strong>Aktivering<\/strong>: H\u00e5ll nyckelbrickan n\u00e4ra en NFC-l\u00e4sare f\u00f6r att f\u00e5 \u00e5tkomst eller slutf\u00f6ra en transaktion. De <strong>kontaktl\u00f6st<\/strong> interaktion s\u00e4kerst\u00e4ller smidig och effektiv anv\u00e4ndning.<\/li>\n<\/ol>\n<hr \/>\n<h2>Kundrecensioner<\/h2>\n<p>M\u00e5nga anv\u00e4ndare har ber\u00f6mt <strong>Ntag213 NFC nyckelbricka<\/strong> f\u00f6r sin <strong>anv\u00e4ndarv\u00e4nlighet<\/strong>, <strong>s\u00e4kerhet<\/strong>, och <strong>p\u00e5litlighet<\/strong>. H\u00e4r \u00e4r n\u00e5gra vittnesm\u00e5l fr\u00e5n n\u00f6jda kunder:<\/p>\n<ul>\n<li><strong>John D., kontorschef<\/strong>: \u201cNtag213 har gjort det l\u00e4ttare \u00e4n n\u00e5gonsin att komma \u00e5t v\u00e5r kontorsbyggnad. Det \u00e4r s\u00e4kert, l\u00e4tt att anv\u00e4nda och jag beh\u00f6ver inte l\u00e4ngre oroa mig f\u00f6r borttappade nycklar.\u201d<\/li>\n<li><strong>Sarah T., hotell\u00e4gare<\/strong>: \u201cVi implementerade Ntag213 f\u00f6r v\u00e5rt hotellnyckelsystem, och det har avsev\u00e4rt f\u00f6rb\u00e4ttrat g\u00e4stn\u00f6jdheten. Det \u00e4r snabbt, s\u00e4kert och v\u00e4ldigt bekv\u00e4mt.\u201d<\/li>\n<\/ul>\n<hr \/>\n<h2>Vanliga fr\u00e5gor<\/h2>\n<h3>F1: Kan jag programmera Ntag213-nyckelbrickan sj\u00e4lv?<\/h3>\n<p>Ja, du kan programmera Ntag213-nyckelbrickan med kompatibla NFC-l\u00e4sare och programvara. Detta g\u00f6r det enkelt att integrera fob med dina befintliga system.<\/p>\n<h3>F2: Hur l\u00e4nge h\u00e5ller batteriet i Ntag213-nyckelbrickan?<\/h3>\n<p>Ntag213-nyckelbrickan kr\u00e4ver inget batteri eftersom den fungerar med <strong>passiv RFID-teknik<\/strong>, drar str\u00f6m fr\u00e5n NFC-l\u00e4saren n\u00e4r den \u00e4r i n\u00e4rheten.<\/p>\n<h3>F3: Vad \u00e4r l\u00e4somr\u00e5det f\u00f6r Ntag213 NFC-nyckelbrickan?<\/h3>\n<p>Det typiska l\u00e4somr\u00e5det \u00e4r upp till 100 mm, beroende p\u00e5 faktorer som t.ex <strong>l\u00e4sarens antenndesign<\/strong> och f\u00e4ltstyrka.<\/p>\n<hr \/>\n<h2>Slutsats: Varf\u00f6r v\u00e4lja Ntag213 NFC Key Fob?<\/h2>\n<p>De <strong>Ntag213 NFC nyckelbricka<\/strong> erbjuder en idealisk kombination av s\u00e4kerhet, tillf\u00f6rlitlighet och anv\u00e4ndarv\u00e4nlighet. Dess <strong>kontaktl\u00f6s teknik<\/strong>, <strong>kompakt design<\/strong>, och <strong>m\u00e5ngsidighet f\u00f6r flera applikationer<\/strong> g\u00f6r det till det perfekta valet f\u00f6r moderna passersystem, betalningar och identifiering. Oavsett om du \u00e4r ett f\u00f6retag som vill f\u00f6rb\u00e4ttra din s\u00e4kerhetsinfrastruktur eller en konsument som s\u00f6ker en bekv\u00e4m, s\u00e4ker l\u00f6sning f\u00f6r dina personliga \u00e5tkomstbehov, \u00e4r Ntag213 en klok investering.<\/p>\n<p>S\u00e4kra din \u00e5tkomst idag med <strong>Ntag213 NFC nyckelbricka<\/strong>\u2014 framtiden f\u00f6r kontaktl\u00f6s s\u00e4kerhet \u00e4r h\u00e4r.<\/p>","protected":false},"excerpt":{"rendered":"<p><strong>Ntag213 NFC nyckelbricka<\/strong> erbjuder en idealisk kombination av s\u00e4kerhet, tillf\u00f6rlitlighet och anv\u00e4ndarv\u00e4nlighet. Dess <strong>kontaktl\u00f6s teknik<\/strong>, <strong>kompakt design<\/strong>, och <strong>m\u00e5ngsidighet f\u00f6r flera applikationer<\/strong> g\u00f6r det till det perfekta valet f\u00f6r moderna passersystem, betalningar och identifiering.<\/p>","protected":false},"featured_media":2845,"template":"","meta":{"_kad_post_transparent":"default","_kad_post_title":"","_kad_post_layout":"default","_kad_post_sidebar_id":"","_kad_post_content_style":"default","_kad_post_vertical_padding":"default","_kad_post_feature":"","_kad_post_feature_position":"","_kad_post_header":false,"_kad_post_footer":false,"_kad_post_classname":""},"product_brand":[],"product_cat":[54],"product_tag":[348,346,349,344,345,343],"class_list":{"0":"post-2850","1":"product","2":"type-product","3":"status-publish","4":"has-post-thumbnail","6":"product_cat-hot-selling-rfid-tags","7":"product_tag-nfc-key-fobs-ntag213","8":"product_tag-nfc-key-tag","9":"product_tag-nfc-key-tags","10":"product_tag-nfc-keychain","11":"product_tag-rfid-fob","12":"product_tag-rfid-keyfobs","14":"first","15":"instock","16":"shipping-taxable","17":"product-type-simple","18":"entry","19":"content-bg","20":"loop-entry"},"_links":{"self":[{"href":"https:\/\/rfid-laundry-tag.com\/sv\/wp-json\/wp\/v2\/product\/2850","targetHints":{"allow":["GET"]}}],"collection":[{"href":"https:\/\/rfid-laundry-tag.com\/sv\/wp-json\/wp\/v2\/product"}],"about":[{"href":"https:\/\/rfid-laundry-tag.com\/sv\/wp-json\/wp\/v2\/types\/product"}],"version-history":[{"count":2,"href":"https:\/\/rfid-laundry-tag.com\/sv\/wp-json\/wp\/v2\/product\/2850\/revisions"}],"predecessor-version":[{"id":2852,"href":"https:\/\/rfid-laundry-tag.com\/sv\/wp-json\/wp\/v2\/product\/2850\/revisions\/2852"}],"wp:featuredmedia":[{"embeddable":true,"href":"https:\/\/rfid-laundry-tag.com\/sv\/wp-json\/wp\/v2\/media\/2845"}],"wp:attachment":[{"href":"https:\/\/rfid-laundry-tag.com\/sv\/wp-json\/wp\/v2\/media?parent=2850"}],"wp:term":[{"taxonomy":"product_brand","embeddable":true,"href":"https:\/\/rfid-laundry-tag.com\/sv\/wp-json\/wp\/v2\/product_brand?post=2850"},{"taxonomy":"product_cat","embeddable":true,"href":"https:\/\/rfid-laundry-tag.com\/sv\/wp-json\/wp\/v2\/product_cat?post=2850"},{"taxonomy":"product_tag","embeddable":true,"href":"https:\/\/rfid-laundry-tag.com\/sv\/wp-json\/wp\/v2\/product_tag?post=2850"}],"curies":[{"name":"wp","href":"https:\/\/api.w.org\/{rel}","templated":true}]}}