{"id":285,"date":"2024-06-26T10:45:44","date_gmt":"2024-06-26T10:45:44","guid":{"rendered":"https:\/\/rfid-laundry-tag.com\/?post_type=product&#038;p=285"},"modified":"2024-06-26T10:45:44","modified_gmt":"2024-06-26T10:45:44","slug":"rfid-nfc-inlay","status":"publish","type":"product","link":"https:\/\/rfid-laundry-tag.com\/sv\/rfid-nfc-inlay\/","title":{"rendered":"RFID NFC-inl\u00e4gg"},"content":{"rendered":"<div><strong>RFID NFC-inl\u00e4gg<\/strong> finns i tv\u00e5 typer, v\u00e5t och torr. En v\u00e5t RFID NFC-inl\u00e4gg kommer med en klibbig baksida, medan en torr inte g\u00f6r det. De tillhandah\u00e5ller ett taggalternativ som fungerar p\u00e5 13,56 MHz speciellt designat f\u00f6r originalutrustningstillverkare (OEM). B\u00e5de ISO 15693 och 14443 NFC minneskretsar finns tillg\u00e4ngliga f\u00f6r dessa inl\u00e4gg.<\/div>\n<div><\/div>\n<div class=\"text-title\"><strong><span class=\"magic-26\" style=\"font-family: Arial;\" data-spm-anchor-id=\"a2700.details.0.i47.6f4d7d7dnursE7\">Torr inl\u00e4gg<\/span><\/strong><\/div>\n<div class=\"text-content\"><span class=\"magic-6\" style=\"font-family: Arial;\">Enkelt sagt, RFID torr inl\u00e4gg \u00e4r en kombination av RFID-chip och antenn. Det kan anv\u00e4ndas f\u00f6r att g\u00f6ra NFC-klisterm\u00e4rken, RFID-etikett, RFID-biljett och olika RFID-taggar. <\/span><\/p>\n<div data-spm-anchor-id=\"a2700.details.0.i46.6f4d7d7dnursE7\"><span class=\"magic-6\" style=\"font-family: Arial;\"> Antenn av torrt inl\u00e4gg \u00e4r aluminiumetsning, som \u00e4r tunnare j\u00e4mf\u00f6rt med kopparspiral. Antennens form kan anpassas och designas om p\u00e5 beg\u00e4ran.<\/span><\/p>\n<div><\/div>\n<\/div>\n<\/div>\n<div>\n<div class=\"text-title\"><strong><span class=\"magic-26\" style=\"font-family: Arial;\">Bl\u00f6t inl\u00e4gg<\/span><\/strong><\/div>\n<div class=\"text-content\"><span class=\"magic-6\" style=\"font-family: Arial;\" data-spm-anchor-id=\"a2700.details.0.i49.6f4d7d7dnursE7\">RFID torra inl\u00e4gg tillsatt med ett lim kallas v\u00e5t inl\u00e4gg. Den kan anv\u00e4ndas som en RFID-etikett eller NFC-dekal direkt om du inte beh\u00f6ver n\u00e5gon utskrift p\u00e5 ytan. Att klistras p\u00e5 f\u00f6rem\u00e5len kan spara kostnader och uppn\u00e5 samma syfte. Det anv\u00e4nds ocks\u00e5 i stor utstr\u00e4ckning vid tillverkning av RFID-taggar. Antenn av v\u00e5t inl\u00e4gg \u00e4r aluminiumetsning, som \u00e4r tunnare j\u00e4mf\u00f6rt med kopparspiral. Antennens form kan anpassas och designas om p\u00e5 beg\u00e4ran.<\/span><\/p>\n<div><span class=\"magic-6\" style=\"font-family: Arial;\">\u00a0<\/span><\/div>\n<div data-spm-anchor-id=\"a2700.details.0.i48.6f4d7d7dnursE7\">\n<table class=\"hight-light-first-column all magic-14\">\n<tbody>\n<tr>\n<td colspan=\"1\" rowspan=\"1\">\n<div class=\"magic-15\"><b>Material<\/b><\/div>\n<\/td>\n<td colspan=\"1\" rowspan=\"1\">\n<div class=\"magic-16\" data-spm-anchor-id=\"a2700.details.0.i34.21f6414cWQ4Zrf\">Papper \/Termiskt papper\/Tyg\/ PVC\/ PET\/Epoxi\/Antimetall<\/div>\n<\/td>\n<\/tr>\n<tr>\n<td colspan=\"1\" rowspan=\"1\">\n<div class=\"magic-15\"><b>Storlek<\/b><\/div>\n<\/td>\n<td colspan=\"1\" rowspan=\"1\">\n<div class=\"magic-16\">Dia18mm, Dia20mm, Dia22mm, Dia25mm,25*25mm, 30*30mm, 40*40mm, 50*50mm eller anpassad storlek.<\/div>\n<\/td>\n<\/tr>\n<tr>\n<td colspan=\"1\" rowspan=\"1\">\n<div class=\"magic-15\"><b>Utskrift<\/b><\/div>\n<\/td>\n<td colspan=\"1\" rowspan=\"1\">\n<div class=\"magic-16\">Inget behov av utskrift<\/div>\n<\/td>\n<\/tr>\n<tr>\n<td colspan=\"1\" rowspan=\"1\">\n<div class=\"magic-15\"><b>Tillg\u00e4nglig Chip<\/b><\/div>\n<\/td>\n<td colspan=\"1\" rowspan=\"1\">\n<div class=\"magic-16\">MIFARE Classic\u00ae 1K; MIFARE Classic\u00ae 4K; MIFARE Ultralight\u00ae; MIFARE Ultralight\u00ae C;<\/p>\n<div>NTAG 213, Ntag215, NTAG 216 eller Customized Chip.I CODE SLIX etc<\/div>\n<\/div>\n<\/td>\n<\/tr>\n<tr>\n<td colspan=\"1\" rowspan=\"1\">\n<div class=\"magic-21\"><b>Protokoll:<\/b><\/div>\n<\/td>\n<td colspan=\"4\" rowspan=\"1\">\n<div class=\"magic-22\">ISO\/IEC 14443 Typ A<\/div>\n<\/td>\n<\/tr>\n<tr>\n<td colspan=\"1\" rowspan=\"1\">\n<div class=\"magic-26\"><b>Hantverk:<\/b><\/div>\n<\/td>\n<td colspan=\"4\" rowspan=\"1\">\n<div class=\"magic-22\" data-spm-anchor-id=\"a2700.details.0.i33.21f6414cWQ4Zrf\">Utskrift, streckkod, QR-kod m.m.<\/div>\n<\/td>\n<\/tr>\n<\/tbody>\n<\/table>\n<\/div>\n<\/div>\n<\/div>","protected":false},"excerpt":{"rendered":"<p>RFID HF\/NFC Inlay eller Transponder, en typ av ofullbordad komponent, kan omvandlas till olika f\u00f6rem\u00e5l som biljetter, m\u00e4rken, etiketter eller kort. Samtidigt kan dessa HF NFC RFID-inl\u00e4gg produceras i en m\u00e4ngd olika storlekar, anpassade f\u00f6r att m\u00f6ta dina specifika behov.<\/p>","protected":false},"featured_media":287,"template":"","meta":{"_kad_post_transparent":"default","_kad_post_title":"","_kad_post_layout":"default","_kad_post_sidebar_id":"","_kad_post_content_style":"default","_kad_post_vertical_padding":"default","_kad_post_feature":"","_kad_post_feature_position":"","_kad_post_header":false,"_kad_post_footer":false,"_kad_post_classname":""},"product_brand":[],"product_cat":[54],"product_tag":[112,111,110],"class_list":{"0":"post-285","1":"product","2":"type-product","3":"status-publish","4":"has-post-thumbnail","6":"product_cat-hot-selling-rfid-tags","7":"product_tag-13-56mhz-rfid-inlay","8":"product_tag-nfc-inlay","9":"product_tag-rfid-nfc-inlay","11":"first","12":"instock","13":"shipping-taxable","14":"product-type-simple","15":"entry","16":"content-bg","17":"loop-entry"},"_links":{"self":[{"href":"https:\/\/rfid-laundry-tag.com\/sv\/wp-json\/wp\/v2\/product\/285","targetHints":{"allow":["GET"]}}],"collection":[{"href":"https:\/\/rfid-laundry-tag.com\/sv\/wp-json\/wp\/v2\/product"}],"about":[{"href":"https:\/\/rfid-laundry-tag.com\/sv\/wp-json\/wp\/v2\/types\/product"}],"version-history":[{"count":0,"href":"https:\/\/rfid-laundry-tag.com\/sv\/wp-json\/wp\/v2\/product\/285\/revisions"}],"wp:featuredmedia":[{"embeddable":true,"href":"https:\/\/rfid-laundry-tag.com\/sv\/wp-json\/wp\/v2\/media\/287"}],"wp:attachment":[{"href":"https:\/\/rfid-laundry-tag.com\/sv\/wp-json\/wp\/v2\/media?parent=285"}],"wp:term":[{"taxonomy":"product_brand","embeddable":true,"href":"https:\/\/rfid-laundry-tag.com\/sv\/wp-json\/wp\/v2\/product_brand?post=285"},{"taxonomy":"product_cat","embeddable":true,"href":"https:\/\/rfid-laundry-tag.com\/sv\/wp-json\/wp\/v2\/product_cat?post=285"},{"taxonomy":"product_tag","embeddable":true,"href":"https:\/\/rfid-laundry-tag.com\/sv\/wp-json\/wp\/v2\/product_tag?post=285"}],"curies":[{"name":"wp","href":"https:\/\/api.w.org\/{rel}","templated":true}]}}