{"id":2843,"date":"2024-11-05T12:37:22","date_gmt":"2024-11-05T12:37:22","guid":{"rendered":"https:\/\/rfid-laundry-tag.com\/?post_type=product&#038;p=2843"},"modified":"2024-11-05T12:37:24","modified_gmt":"2024-11-05T12:37:24","slug":"rfid-keyfobs-mifare-s50-1k","status":"publish","type":"product","link":"https:\/\/rfid-laundry-tag.com\/sv\/rfid-keyfobs-mifare-s50-1k\/","title":{"rendered":"RFID-nyckelringar Mifare S50 1K"},"content":{"rendered":"<h2>RFID-nyckelringar Mifare S50 1K<\/h2>\n<p><span class=\"AnswerParser_TextContainer__z_Iiv\" data-testid=\"youchat-text\">Den m\u00e5ngsidiga <strong>RFID nyckelbricka<\/strong> representerar den perfekta blandningen av bekv\u00e4mlighet och s\u00e4kerhet f\u00f6r moderna passersystem. Dessa kompakta enheter \u00e4r tillg\u00e4ngliga i b\u00e5de 13,56 MHz och 125 KHz frekvenser och erbjuder tillf\u00f6rlitlig identifiering och s\u00f6ml\u00f6s \u00e5tkomsthantering f\u00f6r olika applikationer.<\/span><\/p>\n<p>NXP<sup>\u00ae<\/sup>\u00a0har utvecklat MIFARE<sup>\u00ae<\/sup>\u00a0MF1ICS50 f\u00f6r anv\u00e4ndning i ett kontaktl\u00f6st smartkort enligt ISO\/IEC 14443 Type-A.<\/p>\n<p>MIFARE MF1ICS50 IC anv\u00e4nds i applikationer som biljetter till kollektivtrafik d\u00e4r st\u00f6rre st\u00e4der har antagit MIFARE som sin e-biljettl\u00f6sning.<\/p>\n<p>En intelligent anti-kollisionsfunktion g\u00f6r det m\u00f6jligt att anv\u00e4nda mer \u00e4n ett kort i f\u00e4lt samtidigt. Antikollisionsalgoritmen v\u00e4ljer varje kort individuellt och s\u00e4kerst\u00e4ller att exekveringen av en transaktion med ett valt kort utf\u00f6rs korrekt utan datakorruption till f\u00f6ljd av andra kort i f\u00e4ltet.<\/p>\n<p>MF1ICS50 \u00e4r designad f\u00f6r enkel integration och anv\u00e4ndarbekv\u00e4mlighet. Vilket kan till\u00e5ta att fullst\u00e4ndiga biljetttransaktioner kan hanteras p\u00e5 mindre \u00e4n 100 ms. S\u00e5ledes tvingas MF1ICS50-kortanv\u00e4ndaren inte att stanna vid l\u00e4saren vilket leder till h\u00f6g genomstr\u00f6mning vid gates och minskade ombordstigningstider till bussar. Det produktbaserade MIFARE-kortet kan ocks\u00e5 finnas kvar i pl\u00e5nboken under transaktionen, \u00e4ven om det finns mynt i det.<\/p>\n<h3>Funktioner hos Mifare S50 1K Chip<\/h3>\n<div id=\"featuresXsp\" class=\"features-list\">\n<div class=\"features-xsp\">\n<div class=\"collapse-mobile ste-list\">\n<h3>MIFARE, RF-gr\u00e4nssnitt (ISO\/IEC 14443 A)<\/h3>\n<ul class=\"boxes\">\n<li>Kontaktl\u00f6s \u00f6verf\u00f6ring av data och f\u00f6rs\u00f6rjningsenergi (inget batteri beh\u00f6vs)<\/li>\n<li>Driftavst\u00e5nd: Upp till 100 mm (beroende p\u00e5 antenngeometri)<\/li>\n<li>Driftsfrekvens: 13,56 MHz<\/li>\n<li>Data\u00f6verf\u00f6ring: 106 kbit\/s<\/li>\n<li>Dataintegritet: 16-bitars CRC, paritet, bitkodning, bitr\u00e4kning<\/li>\n<li>Antikollision<\/li>\n<li>Typisk biljetttransaktion: &lt; 100 ms (inklusive backuphantering)<\/li>\n<\/ul>\n<\/div>\n<div class=\"collapse-mobile ste-list\">\n<h3>EEPROM<\/h3>\n<ul class=\"boxes\">\n<li>1 kB \u2013 4 kB, organiserad i 16 sektorer med 4 block om 16 byte vardera (ett block best\u00e5r av 16 byte)<\/li>\n<li>Anv\u00e4ndardefinierbara \u00e5tkomstvillkor f\u00f6r varje minnesblock<\/li>\n<li>Datalagring i 10 \u00e5r<\/li>\n<li>Skriv uth\u00e5llighet 100.000 \u2013 200.000 cykler<\/li>\n<\/ul>\n<\/div>\n<div class=\"collapse-mobile ste-list\">\n<h3>S\u00e4kerhet<\/h3>\n<ul class=\"boxes\">\n<li>\u00d6msesidig autentisering med tre pass (ISO\/IEC DIS 9798-2)<\/li>\n<li>En individuell upps\u00e4ttning av tv\u00e5 nycklar per sektor (per applikation) f\u00f6r att st\u00f6dja flera applikationer med nyckelhierarki<\/li>\n<li>Ett unikt serienummer f\u00f6r varje enhet<\/li>\n<\/ul>\n<\/div>\n<div class=\"collapse-mobile ste-list\">\n<h3>Leveransalternativ<\/h3>\n<ul class=\"boxes\">\n<li>D\u00f6 p\u00e5 oblat<\/li>\n<li>St\u00f6t t\u00e4rning p\u00e5 oblat<\/li>\n<li>MOA4 eller MOA2 kontaktl\u00f6s kortmodul<\/li>\n<\/ul>\n<\/div>\n<\/div>\n<\/div>\n<h2 class=\"AnswerParser_AnswerParserH2__SIHnF\">Produkt\u00f6versikt och tekniska specifikationer<\/h2>\n<p><span class=\"AnswerParser_TextContainer__z_Iiv\" data-testid=\"youchat-text\">V\u00e5ra RFID-nyckelbrickor har:<\/span><\/p>\n<ul class=\"AnswerParser_AnswerParserUnorderedList__P_1FW\">\n<li class=\"AnswerParser_ListItem__XqLOV\" translate=\"yes\">Dubbla frekvensalternativ: 13,56MHz<\/li>\n<li class=\"AnswerParser_ListItem__XqLOV\" translate=\"yes\">Slitstark ABS- eller l\u00e4derkonstruktion<\/li>\n<li class=\"AnswerParser_ListItem__XqLOV\" translate=\"yes\">Kompatibel med st\u00f6rre passersystem<\/li>\n<li class=\"AnswerParser_ListItem__XqLOV\" translate=\"yes\">Programmerbar UID<\/li>\n<li class=\"AnswerParser_ListItem__XqLOV\" translate=\"yes\">Vattent\u00e5lig design<\/li>\n<li class=\"AnswerParser_ListItem__XqLOV\" translate=\"yes\">Signalblockerande skydd<\/li>\n<\/ul>\n<h2 class=\"AnswerParser_AnswerParserH2__SIHnF\">Avancerade s\u00e4kerhetsfunktioner<\/h2>\n<p><span class=\"AnswerParser_TextContainer__z_Iiv\" data-testid=\"youchat-text\">S\u00e4kerhet \u00e4r av st\u00f6rsta vikt i v\u00e5r nyckelbricka design:<\/span><\/p>\n<ul class=\"AnswerParser_AnswerParserUnorderedList__P_1FW\">\n<li class=\"AnswerParser_ListItem__XqLOV\" translate=\"yes\"><strong>Antikloningsteknik<\/strong>: F\u00f6rhindrar obeh\u00f6rig kopiering<\/li>\n<li class=\"AnswerParser_ListItem__XqLOV\" translate=\"yes\"><strong>Krypterad kommunikation<\/strong>: S\u00e4ker data\u00f6verf\u00f6ring<\/li>\n<li class=\"AnswerParser_ListItem__XqLOV\" translate=\"yes\"><strong>Unik identifierare<\/strong>: Varje nyckelbricka har ett distinkt UID<\/li>\n<li class=\"AnswerParser_ListItem__XqLOV\" translate=\"yes\"><strong>Signalskydd<\/strong>: Tillval Faraday burteknologi tillg\u00e4nglig<\/li>\n<\/ul>\n<h2 class=\"AnswerParser_AnswerParserH2__SIHnF\">Applikationer och anv\u00e4ndningsfall<\/h2>\n<p><span class=\"AnswerParser_TextContainer__z_Iiv\" data-testid=\"youchat-text\">Dessa m\u00e5ngsidiga <strong>RFID-nyckelringar Mifare S50 1K<\/strong> excel i:<\/span><\/p>\n<ul class=\"AnswerParser_AnswerParserUnorderedList__P_1FW\">\n<li class=\"AnswerParser_ListItem__XqLOV\" translate=\"yes\">Kontrollsystem f\u00f6r d\u00f6rrar<\/li>\n<li class=\"AnswerParser_ListItem__XqLOV\" translate=\"yes\">Tillg\u00e5ng till hotellrum<\/li>\n<li class=\"AnswerParser_ListItem__XqLOV\" translate=\"yes\">Nyckelfritt insteg f\u00f6r fordon<\/li>\n<li class=\"AnswerParser_ListItem__XqLOV\" translate=\"yes\">Tidsn\u00e4rvarosp\u00e5rning<\/li>\n<li class=\"AnswerParser_ListItem__XqLOV\" translate=\"yes\">Betalsystem<\/li>\n<li class=\"AnswerParser_ListItem__XqLOV\" translate=\"yes\">Klubb\/SPA medlemshantering<\/li>\n<li class=\"AnswerParser_ListItem__XqLOV\" translate=\"yes\">Parkeringskontroll<\/li>\n<\/ul>\n<h2 class=\"AnswerParser_AnswerParserH2__SIHnF\">Design och h\u00e5llbarhet<\/h2>\n<p><span class=\"AnswerParser_TextContainer__z_Iiv\" data-testid=\"youchat-text\">V\u00e5ra nyckelbrickor \u00e4r konstruerade f\u00f6r l\u00e5ng livsl\u00e4ngd:<\/span><\/p>\n<ul class=\"AnswerParser_AnswerParserUnorderedList__P_1FW\">\n<li class=\"AnswerParser_ListItem__XqLOV\" translate=\"yes\">Slagt\u00e5ligt ABS-hus<\/li>\n<li class=\"AnswerParser_ListItem__XqLOV\" translate=\"yes\">Val av premiuml\u00e4deralternativ<\/li>\n<li class=\"AnswerParser_ListItem__XqLOV\" translate=\"yes\">F\u00f6rst\u00e4rkt nyckelringsf\u00e4ste<\/li>\n<li class=\"AnswerParser_ListItem__XqLOV\" translate=\"yes\">V\u00e4derbest\u00e4ndig konstruktion<\/li>\n<li class=\"AnswerParser_ListItem__XqLOV\" translate=\"yes\">Finns i flera f\u00e4rger<\/li>\n<\/ul>\n<h2 class=\"AnswerParser_AnswerParserH2__SIHnF\">Tabell med tekniska specifikationer<\/h2>\n<div class=\"AnswerParser_TableContainer__Erb6v\" data-testid=\"table-container\">\n<table>\n<thead>\n<tr>\n<th style=\"text-align: left;\">S\u00e4rdrag<\/th>\n<th style=\"text-align: left;\">Specifikation<\/th>\n<\/tr>\n<\/thead>\n<tbody>\n<tr>\n<td>Frekvensalternativ<\/td>\n<td>13,56 MHz<\/td>\n<\/tr>\n<tr>\n<td>L\u00e4s Range<\/td>\n<td>Upp till 5 cm<\/td>\n<\/tr>\n<tr>\n<td>Minne<\/td>\n<td>1K (Mifare S50)<\/td>\n<\/tr>\n<tr>\n<td>Material<\/td>\n<td>ABS eller l\u00e4der<\/td>\n<\/tr>\n<tr>\n<td>Storlek<\/td>\n<td>40 mm x 30 mm x 6 mm<\/td>\n<\/tr>\n<tr>\n<td>Driftstemperatur<\/td>\n<td>-20\u00b0C till +70\u00b0C<\/td>\n<\/tr>\n<\/tbody>\n<\/table>\n<\/div>\n<h2 class=\"AnswerParser_AnswerParserH2__SIHnF\">Anpassningsalternativ<\/h2>\n<p><span class=\"AnswerParser_TextContainer__z_Iiv\" data-testid=\"youchat-text\">Vi erbjuder omfattande anpassning:<\/span><\/p>\n<ul class=\"AnswerParser_AnswerParserUnorderedList__P_1FW\">\n<li class=\"AnswerParser_ListItem__XqLOV\" translate=\"yes\">Logotyp utskrift<\/li>\n<li class=\"AnswerParser_ListItem__XqLOV\" translate=\"yes\">Anpassade f\u00e4rger<\/li>\n<li class=\"AnswerParser_ListItem__XqLOV\" translate=\"yes\">Serienummerkodning<\/li>\n<li class=\"AnswerParser_ListItem__XqLOV\" translate=\"yes\">Specialf\u00f6rpackning<\/li>\n<li class=\"AnswerParser_ListItem__XqLOV\" translate=\"yes\">Tillg\u00e4ngliga bulkvantiteter<\/li>\n<\/ul>\n<h3 class=\"AnswerParser_AnswerParserH3__Mpe4s\">Viktiga f\u00f6rdelar:<\/h3>\n<ol class=\"AnswerParser_AnswerParserOrderedList__kl_2Y\">\n<li class=\"AnswerParser_ListItem__XqLOV\" translate=\"yes\"><strong>Bekv\u00e4mlighet<\/strong>: L\u00e4tt att b\u00e4ra och anv\u00e4nda<\/li>\n<li class=\"AnswerParser_ListItem__XqLOV\" translate=\"yes\"><strong>Varaktighet<\/strong>: Byggd f\u00f6r att h\u00e5lla<\/li>\n<li class=\"AnswerParser_ListItem__XqLOV\" translate=\"yes\"><strong>M\u00e5ngsidighet<\/strong>: Flera applikationer<\/li>\n<li class=\"AnswerParser_ListItem__XqLOV\" translate=\"yes\"><strong>S\u00e4kerhet<\/strong>: Avancerad kryptering<\/li>\n<li class=\"AnswerParser_ListItem__XqLOV\" translate=\"yes\"><strong>Anpassning<\/strong>: Flexibla alternativ<\/li>\n<\/ol>\n<blockquote><p><span class=\"AnswerParser_TextContainer__z_Iiv\" data-testid=\"youchat-text\">&quot;V\u00e5ra RFID-nyckelbrickor ger den perfekta balansen mellan s\u00e4kerhet och bekv\u00e4mlighet f\u00f6r moderna \u00e5tkomstkontrollbehov.&quot;<\/span><\/p><\/blockquote>\n<h2 class=\"AnswerParser_AnswerParserH2__SIHnF\">Installation och installation<\/h2>\n<p><span class=\"AnswerParser_TextContainer__z_Iiv\" data-testid=\"youchat-text\">Enkel implementeringsprocess:<\/span><\/p>\n<ol class=\"AnswerParser_AnswerParserOrderedList__kl_2Y\">\n<li class=\"AnswerParser_ListItem__XqLOV\" translate=\"yes\">V\u00e4lj frekvenstyp<\/li>\n<li class=\"AnswerParser_ListItem__XqLOV\" translate=\"yes\">Programmera unika identifierare<\/li>\n<li class=\"AnswerParser_ListItem__XqLOV\" translate=\"yes\">Registrera dig med passersystem<\/li>\n<li class=\"AnswerParser_ListItem__XqLOV\" translate=\"yes\">Testa funktionalitet<\/li>\n<li class=\"AnswerParser_ListItem__XqLOV\" translate=\"yes\">Distribuera till anv\u00e4ndare<\/li>\n<\/ol>\n<h2 class=\"AnswerParser_AnswerParserH2__SIHnF\">Best\u00e4llningsinformation<\/h2>\n<ul class=\"AnswerParser_AnswerParserUnorderedList__P_1FW\">\n<li class=\"AnswerParser_ListItem__XqLOV\" translate=\"yes\">Minsta best\u00e4llning: 200 stycken<\/li>\n<li class=\"AnswerParser_ListItem__XqLOV\" translate=\"yes\">Massrabatter tillg\u00e4ngliga<\/li>\n<li class=\"AnswerParser_ListItem__XqLOV\" translate=\"yes\">Provbest\u00e4llningar v\u00e4lkomna<\/li>\n<li class=\"AnswerParser_ListItem__XqLOV\" translate=\"yes\">Snabba leveranstider<\/li>\n<li class=\"AnswerParser_ListItem__XqLOV\" translate=\"yes\">Teknisk support ing\u00e5r<\/li>\n<\/ul>\n<p><span class=\"AnswerParser_TextContainer__z_Iiv\" data-testid=\"youchat-text\">Kontakta oss idag f\u00f6r priss\u00e4ttning och f\u00f6r att diskutera hur v\u00e5ra RFID-nyckelbrickor kan f\u00f6rb\u00e4ttra ditt passersystem. Anpassade l\u00f6sningar och volympriser tillg\u00e4ngliga p\u00e5 beg\u00e4ran.<\/span><\/p>","protected":false},"excerpt":{"rendered":"<p>RFID-nyckelringar Mifare S50 1K ,v\u00e5r <strong>RFID nyckelbrickor<\/strong> erbjuder dubbla frekvensalternativ (13,56MHz\/125KHz), h\u00e5llbar design, programmerbart UID och avancerade s\u00e4kerhetsfunktioner som antikloning och krypterad kommunikation.<\/p>","protected":false},"featured_media":2844,"template":"","meta":{"_kad_post_transparent":"default","_kad_post_title":"","_kad_post_layout":"default","_kad_post_sidebar_id":"","_kad_post_content_style":"default","_kad_post_vertical_padding":"default","_kad_post_feature":"","_kad_post_feature_position":"","_kad_post_header":false,"_kad_post_footer":false,"_kad_post_classname":""},"product_brand":[],"product_cat":[54],"product_tag":[347,346,344,345,343],"class_list":{"0":"post-2843","1":"product","2":"type-product","3":"status-publish","4":"has-post-thumbnail","6":"product_cat-hot-selling-rfid-tags","7":"product_tag-mifare-key-fobs","8":"product_tag-nfc-key-tag","9":"product_tag-nfc-keychain","10":"product_tag-rfid-fob","11":"product_tag-rfid-keyfobs","13":"first","14":"instock","15":"shipping-taxable","16":"product-type-simple","17":"entry","18":"content-bg","19":"loop-entry"},"_links":{"self":[{"href":"https:\/\/rfid-laundry-tag.com\/sv\/wp-json\/wp\/v2\/product\/2843","targetHints":{"allow":["GET"]}}],"collection":[{"href":"https:\/\/rfid-laundry-tag.com\/sv\/wp-json\/wp\/v2\/product"}],"about":[{"href":"https:\/\/rfid-laundry-tag.com\/sv\/wp-json\/wp\/v2\/types\/product"}],"version-history":[{"count":2,"href":"https:\/\/rfid-laundry-tag.com\/sv\/wp-json\/wp\/v2\/product\/2843\/revisions"}],"predecessor-version":[{"id":2849,"href":"https:\/\/rfid-laundry-tag.com\/sv\/wp-json\/wp\/v2\/product\/2843\/revisions\/2849"}],"wp:featuredmedia":[{"embeddable":true,"href":"https:\/\/rfid-laundry-tag.com\/sv\/wp-json\/wp\/v2\/media\/2844"}],"wp:attachment":[{"href":"https:\/\/rfid-laundry-tag.com\/sv\/wp-json\/wp\/v2\/media?parent=2843"}],"wp:term":[{"taxonomy":"product_brand","embeddable":true,"href":"https:\/\/rfid-laundry-tag.com\/sv\/wp-json\/wp\/v2\/product_brand?post=2843"},{"taxonomy":"product_cat","embeddable":true,"href":"https:\/\/rfid-laundry-tag.com\/sv\/wp-json\/wp\/v2\/product_cat?post=2843"},{"taxonomy":"product_tag","embeddable":true,"href":"https:\/\/rfid-laundry-tag.com\/sv\/wp-json\/wp\/v2\/product_tag?post=2843"}],"curies":[{"name":"wp","href":"https:\/\/api.w.org\/{rel}","templated":true}]}}