{"id":2830,"date":"2024-11-04T15:27:11","date_gmt":"2024-11-04T15:27:11","guid":{"rendered":"https:\/\/rfid-laundry-tag.com\/?post_type=product&#038;p=2830"},"modified":"2024-11-04T15:36:34","modified_gmt":"2024-11-04T15:36:34","slug":"washable-laundry-rfid-tags-manufacturer","status":"publish","type":"product","link":"https:\/\/rfid-laundry-tag.com\/sv\/washable-laundry-rfid-tags-manufacturer\/","title":{"rendered":"Tv\u00e4ttbar tv\u00e4tt RFID-taggar Tillverkare"},"content":{"rendered":"<div>\n<div class=\"auto-hide-last-sibling-br paragraph_1252f paragraph-element\">\n<h1 class=\"AnswerParser_AnswerParserH1__6UNv6\">Tv\u00e4ttbar tv\u00e4tt RFID-taggar Tillverkare<\/h1>\n<h1 class=\"AnswerParser_AnswerParserH1__6UNv6\">Tv\u00e4ttbara RFID-taggar f\u00f6r tv\u00e4tt<\/h1>\n<table width=\"637\">\n<tbody>\n<tr>\n<td width=\"328\">Artikelnamn:<\/td>\n<td width=\"309\">Tv\u00e4ttbara RFID-taggar f\u00f6r tv\u00e4tt<\/td>\n<\/tr>\n<tr>\n<td width=\"328\">RFID-standard:<\/td>\n<td width=\"309\">ISO\/IEC 18000-6 TypeC (EPC Gen2)<\/td>\n<\/tr>\n<tr>\n<td width=\"328\">Storlek &amp; Vikt:<\/td>\n<td width=\"309\">70\u00d715 mm, 0,6g<\/td>\n<\/tr>\n<tr>\n<td width=\"328\">Chiptyp:<\/td>\n<td width=\"309\">Impinj Monza 4QT,NXP U CODE 8\uff0cNXP U CODE 9<\/td>\n<\/tr>\n<tr>\n<td width=\"328\">EPC-minne:<\/td>\n<td width=\"309\">128 bitar<\/td>\n<\/tr>\n<tr>\n<td width=\"328\">Anv\u00e4ndarminne:<\/td>\n<td width=\"309\">512 bitar<\/td>\n<\/tr>\n<tr>\n<td width=\"328\">L\u00e4somr\u00e5de (2W ERP FCC):<\/td>\n<td width=\"309\">8m<\/td>\n<\/tr>\n<tr>\n<td width=\"328\">L\u00e4somr\u00e5de (2W ERP ETSI):<\/td>\n<td width=\"309\">8m<\/td>\n<\/tr>\n<tr>\n<td width=\"328\">Taggning:<\/td>\n<td width=\"309\">S\u00f6mnad, Varmpr\u00e4glingslim<\/td>\n<\/tr>\n<tr>\n<td width=\"328\">Ber\u00e4knad livsl\u00e4ngd:<\/td>\n<td width=\"309\">200 tv\u00e4ttcykler eller 3 \u00e5r, beroende p\u00e5 vad som intr\u00e4ffar f\u00f6rst<\/td>\n<\/tr>\n<tr>\n<td width=\"328\">Tv\u00e4ttmetod:<\/td>\n<td width=\"309\">Tv\u00e4ttservice, Kemtv\u00e4tt<\/td>\n<\/tr>\n<tr>\n<td width=\"328\">Vattenextraktionstryck:<\/td>\n<td width=\"309\">60 bar<\/td>\n<\/tr>\n<tr>\n<td width=\"328\">Vattent\u00e5lighet:<\/td>\n<td width=\"309\">Vattent\u00e5lig<\/td>\n<\/tr>\n<tr>\n<td width=\"328\">Kemisk best\u00e4ndighet:<\/td>\n<td width=\"309\">Tv\u00e4ttmedel, sk\u00f6ljmedel, blekmedel (syre\/klor), alkali<\/td>\n<\/tr>\n<tr>\n<td width=\"328\">F\u00f6rtorkning i torktumlare:<\/td>\n<td width=\"309\">125 \u00baC i 15-20 minuter<\/td>\n<\/tr>\n<tr>\n<td width=\"328\">Steriliseringstemperatur:<\/td>\n<td width=\"309\">135\u00b0C i 15-20 minuter<\/td>\n<\/tr>\n<tr>\n<td width=\"328\">Tv\u00e4tttemperatur:<\/td>\n<td width=\"309\">90\u00b0C, Upp till 15 min.<\/td>\n<\/tr>\n<tr>\n<td width=\"328\">Fuktighet\/temperaturdrift:<\/td>\n<td width=\"309\">-20 till 110\u00b0C, 8 till 95%RH<\/td>\n<\/tr>\n<tr>\n<td width=\"328\">Fuktighet\/temperatur-lagring:<\/td>\n<td width=\"309\">-40 till 110\u00b0C, 8 till 95%RH<\/td>\n<\/tr>\n<\/tbody>\n<\/table>\n<\/div>\n<div class=\"auto-hide-last-sibling-br paragraph_1252f paragraph-element\"><\/div>\n<\/div>\n<div class=\"auto-hide-last-sibling-br paragraph_1252f paragraph-element\">\n<div data-spm-anchor-id=\"a2700.details.0.i57.23b419c7xXORP0\"><span class=\"AnswerParser_TextContainer__z_Iiv\" data-testid=\"youchat-text\"><strong>Tv\u00e4ttbara RFID-taggar f\u00f6r tv\u00e4tt<\/strong>\u00a0revolutionerar hur dessa organisationer sp\u00e5rar och hanterar sina s\u00e4ngkl\u00e4der, uniformer och andra plagg. Som en ledande tillverkare av dessa innovativa taggar tillhandah\u00e5ller vi h\u00f6gkvalitativa, h\u00e5llbara och p\u00e5litliga l\u00f6sningar som f\u00f6rb\u00e4ttrar operativ effektivitet och minskar kostnaderna.<\/span><span class=\"AnswerParser_TextContainer__z_Iiv\" data-testid=\"youchat-text\">V\u00e5r\u00a0<strong>vattent\u00e4ta tv\u00e4ttbara RFID-tv\u00e4ttetiketter<\/strong> \u00e4r designade f\u00f6r att klara av industriella tv\u00e4ttprocesser, vilket s\u00e4kerst\u00e4ller att dina sp\u00e5rnings- och hanteringssystem f\u00f6rblir effektiva \u00e4ven efter flera tv\u00e4ttcykler. Med en livsl\u00e4ngd p\u00e5 upp till 200 tv\u00e4ttar eller tre \u00e5r \u00e4r dessa taggar en smart investering f\u00f6r alla tv\u00e4ttoperationer.<\/span><\/div>\n<\/div>\n<div data-spm-anchor-id=\"a2700.details.0.i57.23b419c7xXORP0\"><\/div>\n<div class=\"auto-hide-last-sibling-br paragraph_1252f paragraph-element\">\n<h2 class=\"AnswerParser_AnswerParserH2__SIHnF\">Produkt\u00f6versikt<\/h2>\n<h3 class=\"AnswerParser_AnswerParserH3__Mpe4s\">1. Vad \u00e4r RFID-taggar f\u00f6r tv\u00e4ttbar tv\u00e4tt?<\/h3>\n<p><span class=\"AnswerParser_TextContainer__z_Iiv\" data-testid=\"youchat-text\">Tv\u00e4ttbar tv\u00e4tt RFID-taggar \u00e4r specialiserade taggar designade f\u00f6r att sp\u00e5ra textilier i tv\u00e4ttverksamhet. De anv\u00e4nder RFID-teknik f\u00f6r att \u00f6verf\u00f6ra data till RFID-l\u00e4sare, vilket m\u00f6jligg\u00f6r automatisk sp\u00e5rning och hantering av tv\u00e4ttartiklar. Dessa taggar \u00e4r viktiga f\u00f6r branscher som kr\u00e4ver exakt lagerkontroll och effektiv plagghantering.<\/span><\/p>\n<h3 class=\"AnswerParser_AnswerParserH3__Mpe4s\">2. Viktiga egenskaper hos v\u00e5ra tv\u00e4ttbara RFID-taggar f\u00f6r tv\u00e4tt<\/h3>\n<p><span class=\"AnswerParser_TextContainer__z_Iiv\" data-testid=\"youchat-text\">V\u00e5ra RFID-tv\u00e4ttetiketter kommer med flera funktioner som g\u00f6r dem idealiska f\u00f6r olika tv\u00e4tttill\u00e4mpningar. De \u00e4r gjorda av h\u00e5llbara material som t\u00e5l h\u00f6ga temperaturer och starka kemikalier, vilket s\u00e4kerst\u00e4ller l\u00e5ng livsl\u00e4ngd och tillf\u00f6rlitlighet. Taggarna \u00e4r ocks\u00e5 designade f\u00f6r att sys eller f\u00e4stas p\u00e5 plagg, vilket ger flexibilitet i hur de kan anv\u00e4ndas.<\/span><\/p>\n<h3 class=\"AnswerParser_AnswerParserH3__Mpe4s\">3. F\u00f6rdelar med att anv\u00e4nda RFID-taggar f\u00f6r tv\u00e4ttbar tv\u00e4tt<\/h3>\n<p><span class=\"AnswerParser_TextContainer__z_Iiv\" data-testid=\"youchat-text\">Att implementera RFID-tv\u00e4ttetiketter i din verksamhet kan leda till betydande f\u00f6rdelar, inklusive f\u00f6rb\u00e4ttrad lagernoggrannhet, minskade arbetskostnader och \u00f6kad s\u00e4kerhet. Genom att automatisera sp\u00e5rningsprocessen kan f\u00f6retag effektivisera sin tv\u00e4tthantering och fokusera p\u00e5 att ge b\u00e4ttre service till sina kunder.<\/span><\/p>\n<h3 class=\"AnswerParser_AnswerParserH3__Mpe4s\">4. Tekniska specifikationer<\/h3>\n<p><span class=\"AnswerParser_TextContainer__z_Iiv\" data-testid=\"youchat-text\">V\u00e5ra vattent\u00e4ta tv\u00e4ttbara RFID-tv\u00e4ttetiketter uppfyller standarden ISO\/IEC 18000-6 Type C (EPC Gen2). H\u00e4r \u00e4r n\u00e5gra viktiga specifikationer:<\/span><\/p>\n<ul class=\"AnswerParser_AnswerParserUnorderedList__P_1FW\">\n<li class=\"AnswerParser_ListItem__XqLOV\" translate=\"yes\"><strong>Storlek &amp; Vikt<\/strong>: 70\u00d715 mm, 0,6g<\/li>\n<li class=\"AnswerParser_ListItem__XqLOV\" translate=\"yes\"><strong>Chip typ<\/strong>: Impinj Monza 4QT, NXP U CODE 8, NXP U CODE 9<\/li>\n<li class=\"AnswerParser_ListItem__XqLOV\" translate=\"yes\"><strong>EPC-minne<\/strong>: 128 bitar<\/li>\n<li class=\"AnswerParser_ListItem__XqLOV\" translate=\"yes\"><strong>Anv\u00e4ndarminne<\/strong>: 512 bitar<\/li>\n<li class=\"AnswerParser_ListItem__XqLOV\" translate=\"yes\"><strong>L\u00e4s Range<\/strong>: Upp till 8 meter<\/li>\n<li class=\"AnswerParser_ListItem__XqLOV\" translate=\"yes\"><strong>Ber\u00e4knad livsl\u00e4ngd<\/strong>: 200 tv\u00e4ttcykler eller 3 \u00e5r<\/li>\n<\/ul>\n<h3 class=\"AnswerParser_AnswerParserH3__Mpe4s\">5. Anv\u00e4ndningsinstruktioner<\/h3>\n<p><span class=\"AnswerParser_TextContainer__z_Iiv\" data-testid=\"youchat-text\">F\u00f6r att s\u00e4kerst\u00e4lla optimal prestanda f\u00f6r dina tv\u00e4ttbara RFID-taggar, f\u00f6lj dessa anv\u00e4ndningsinstruktioner:<\/span><\/p>\n<ul class=\"AnswerParser_AnswerParserUnorderedList__P_1FW\">\n<li class=\"AnswerParser_ListItem__XqLOV\" translate=\"yes\"><strong>Taggning<\/strong>: Taggar kan sys in i plagg eller f\u00e4stas med varmpressningslim.<\/li>\n<li class=\"AnswerParser_ListItem__XqLOV\" translate=\"yes\"><strong>Tv\u00e4ttning<\/strong>: L\u00e4mplig f\u00f6r tv\u00e4tt- och kemtv\u00e4ttprocesser.<\/li>\n<li class=\"AnswerParser_ListItem__XqLOV\" translate=\"yes\"><strong>Vattenbest\u00e4ndighet<\/strong>: Designad f\u00f6r att t\u00e5la vattenutsugningstryck p\u00e5 upp till 60 bar.<\/li>\n<\/ul>\n<h3 class=\"AnswerParser_AnswerParserH3__Mpe4s\">6. Milj\u00f6p\u00e5verkan<\/h3>\n<p><span class=\"AnswerParser_TextContainer__z_Iiv\" data-testid=\"youchat-text\">V\u00e5ra RFID-tv\u00e4ttetiketter \u00e4r designade med h\u00e5llbarhet i \u00e5tanke. De \u00e4r gjorda av material som \u00e4r resistenta mot vanliga tv\u00e4ttkemikalier, vilket minskar behovet av frekventa byten. Detta minskar inte bara avfallet utan bidrar ocks\u00e5 till en mer h\u00e5llbar tv\u00e4ttverksamhet.<\/span><\/p>\n<h3 class=\"AnswerParser_AnswerParserH3__Mpe4s\">7. Kundrecensioner<\/h3>\n<p><span class=\"AnswerParser_TextContainer__z_Iiv\" data-testid=\"youchat-text\">V\u00e5ra kunder har konsekvent ber\u00f6mt v\u00e5ra tv\u00e4ttbara RFID-tv\u00e4ttetiketter f\u00f6r deras h\u00e5llbarhet och effektivitet. M\u00e5nga har rapporterat betydande f\u00f6rb\u00e4ttringar i sina tv\u00e4tthanteringsprocesser, med h\u00e4nvisning till minskade f\u00f6rluster och \u00f6kad effektivitet. H\u00e4r \u00e4r vad en av v\u00e5ra kunder hade att s\u00e4ga:<\/span><\/p>\n<blockquote><p><span class=\"AnswerParser_TextContainer__z_Iiv\" data-testid=\"youchat-text\">&quot;Sedan vi b\u00f6rjade anv\u00e4nda dessa RFID-taggar har v\u00e5r lagernoggrannhet f\u00f6rb\u00e4ttrats dramatiskt. Vi kan nu sp\u00e5ra varje plagg med l\u00e4tthet!\u201d<\/span><\/p><\/blockquote>\n<h3 class=\"AnswerParser_AnswerParserH3__Mpe4s\">8. Vanliga fr\u00e5gor<\/h3>\n<p><span class=\"AnswerParser_TextContainer__z_Iiv\" data-testid=\"youchat-text\"><strong>F: Hur l\u00e4nge h\u00e5ller RFID-tv\u00e4ttetiketterna?<\/strong><br \/>\nS: V\u00e5ra taggar \u00e4r designade f\u00f6r att h\u00e5lla upp till 200 tv\u00e4ttcykler eller tre \u00e5r, beroende p\u00e5 vad som intr\u00e4ffar f\u00f6rst.<\/span><\/p>\n<p><span class=\"AnswerParser_TextContainer__z_Iiv\" data-testid=\"youchat-text\"><strong>F: Klarar dessa taggar h\u00f6ga temperaturer?<\/strong><br \/>\nS: Ja, v\u00e5ra RFID-tv\u00e4ttetiketter t\u00e5l h\u00f6ga temperaturer under tv\u00e4tt- och torkprocesser.<\/span><\/p>\n<p><span class=\"AnswerParser_TextContainer__z_Iiv\" data-testid=\"youchat-text\"><strong>F: Hur best\u00e4ller jag dessa taggar?<\/strong><br \/>\nS: V\u00e4nligen fyll i f\u00f6rfr\u00e5gningsformul\u00e4ret nedan och l\u00e5t oss veta vilken typ av RFID-l\u00e4sare eller antenninstallation du beh\u00f6ver.<\/span><\/p>\n<h3 class=\"AnswerParser_AnswerParserH3__Mpe4s\">9. Relaterade produkter<\/h3>\n<p><span class=\"AnswerParser_TextContainer__z_Iiv\" data-testid=\"youchat-text\">F\u00f6rutom v\u00e5ra tv\u00e4ttbara RFID-tv\u00e4ttetiketter erbjuder vi en rad relaterade produkter, inklusive RFID-l\u00e4sare och antenner, f\u00f6r att komplettera ditt tv\u00e4tthanteringssystem. V\u00e5ra l\u00f6sningar \u00e4r designade f\u00f6r att fungera s\u00f6ml\u00f6st tillsammans, vilket ger dig ett omfattande sp\u00e5rnings- och hanteringssystem.<\/span><\/p>\n<h3 class=\"AnswerParser_AnswerParserH3__Mpe4s\">10. Kontakta oss<\/h3>\n<p><span class=\"AnswerParser_TextContainer__z_Iiv\" data-testid=\"youchat-text\">F\u00f6r mer information om v\u00e5ra tv\u00e4ttbara RFID-taggar f\u00f6r tv\u00e4tt eller f\u00f6r att diskutera dina specifika behov, v\u00e4nligen\u00a0<strong>kontakta oss<\/strong>. V\u00e5rt team \u00e4r redo att hj\u00e4lpa dig att hitta de b\u00e4sta l\u00f6sningarna f\u00f6r din tv\u00e4ttverksamhet.<\/span><\/p>\n<hr \/>\n<p><span class=\"AnswerParser_TextContainer__z_Iiv\" data-testid=\"youchat-text\">Genom att v\u00e4lja v\u00e5r\u00a0<strong>RFID-taggar f\u00f6r tv\u00e4ttbar tv\u00e4tt<\/strong>, investerar du i en l\u00f6sning som inte bara f\u00f6rb\u00e4ttrar din operativa effektivitet utan ocks\u00e5 bidrar till en mer h\u00e5llbar framtid. Med v\u00e5rt engagemang f\u00f6r kvalitet och kundn\u00f6jdhet kan du lita p\u00e5 att vi tillhandah\u00e5ller de b\u00e4sta RFID-l\u00f6sningarna f\u00f6r dina behov av tv\u00e4tthantering. Tveka inte att ta kontakt och uppt\u00e4ck hur v\u00e5ra produkter kan f\u00f6r\u00e4ndra din tv\u00e4ttverksamhet idag!<\/span><\/p>\n<p>&nbsp;<\/p>\n<\/div>\n<div class=\"auto-hide-last-sibling-br paragraph_1252f paragraph-element\"><\/div>","protected":false},"excerpt":{"rendered":"<p>Uppt\u00e4ck v\u00e5r <strong>Tv\u00e4ttbara RFID-tv\u00e4ttetiketter<\/strong>! Perfekt f\u00f6r att sp\u00e5ra s\u00e4ngkl\u00e4der och uniformer, h\u00e5llbar, vattent\u00e4t och designad f\u00f6r s\u00f6ml\u00f6s tv\u00e4tthantering.<\/p>","protected":false},"featured_media":2825,"template":"","meta":{"_kad_post_transparent":"default","_kad_post_title":"","_kad_post_layout":"default","_kad_post_sidebar_id":"","_kad_post_content_style":"default","_kad_post_vertical_padding":"default","_kad_post_feature":"","_kad_post_feature_position":"","_kad_post_header":false,"_kad_post_footer":false,"_kad_post_classname":""},"product_brand":[],"product_cat":[16],"product_tag":[340,31,65,30,341],"class_list":{"0":"post-2830","1":"product","2":"type-product","3":"status-publish","4":"has-post-thumbnail","6":"product_cat-uhf-rfid-laundry-tags","7":"product_tag-rfid-chips","8":"product_tag-rfid-tag-for-linen-laundry","9":"product_tag-textile-rfid-laundry-tags","10":"product_tag-uhf-rfid-laundry-tag","11":"product_tag-washable-laundry-rfid-tags-manufacturer","13":"first","14":"instock","15":"featured","16":"shipping-taxable","17":"product-type-simple","18":"entry","19":"content-bg","20":"loop-entry"},"_links":{"self":[{"href":"https:\/\/rfid-laundry-tag.com\/sv\/wp-json\/wp\/v2\/product\/2830","targetHints":{"allow":["GET"]}}],"collection":[{"href":"https:\/\/rfid-laundry-tag.com\/sv\/wp-json\/wp\/v2\/product"}],"about":[{"href":"https:\/\/rfid-laundry-tag.com\/sv\/wp-json\/wp\/v2\/types\/product"}],"version-history":[{"count":2,"href":"https:\/\/rfid-laundry-tag.com\/sv\/wp-json\/wp\/v2\/product\/2830\/revisions"}],"predecessor-version":[{"id":2832,"href":"https:\/\/rfid-laundry-tag.com\/sv\/wp-json\/wp\/v2\/product\/2830\/revisions\/2832"}],"wp:featuredmedia":[{"embeddable":true,"href":"https:\/\/rfid-laundry-tag.com\/sv\/wp-json\/wp\/v2\/media\/2825"}],"wp:attachment":[{"href":"https:\/\/rfid-laundry-tag.com\/sv\/wp-json\/wp\/v2\/media?parent=2830"}],"wp:term":[{"taxonomy":"product_brand","embeddable":true,"href":"https:\/\/rfid-laundry-tag.com\/sv\/wp-json\/wp\/v2\/product_brand?post=2830"},{"taxonomy":"product_cat","embeddable":true,"href":"https:\/\/rfid-laundry-tag.com\/sv\/wp-json\/wp\/v2\/product_cat?post=2830"},{"taxonomy":"product_tag","embeddable":true,"href":"https:\/\/rfid-laundry-tag.com\/sv\/wp-json\/wp\/v2\/product_tag?post=2830"}],"curies":[{"name":"wp","href":"https:\/\/api.w.org\/{rel}","templated":true}]}}