{"id":2823,"date":"2024-11-04T14:49:42","date_gmt":"2024-11-04T14:49:42","guid":{"rendered":"https:\/\/rfid-laundry-tag.com\/?post_type=product&#038;p=2823"},"modified":"2024-11-04T15:01:57","modified_gmt":"2024-11-04T15:01:57","slug":"rfid-chips-for-uniforms-garments-and-linen-tracking-solution","status":"publish","type":"product","link":"https:\/\/rfid-laundry-tag.com\/sv\/rfid-chips-for-uniforms-garments-and-linen-tracking-solution\/","title":{"rendered":"RFID-chips f\u00f6r uniformsplagg och sp\u00e5rningsl\u00f6sning f\u00f6r linne"},"content":{"rendered":"<div>\n<div class=\"auto-hide-last-sibling-br paragraph_1252f paragraph-element\">\n<h2>RFID-chips f\u00f6r uniformsplagg och sp\u00e5rningsl\u00f6sning f\u00f6r linne<\/h2>\n<p><strong>RFID-chips f\u00f6r uniformer, plagg och sp\u00e5rningsl\u00f6sning f\u00f6r linne<\/strong>\u00a0erbjuda f\u00f6retag ett robust s\u00e4tt att hantera sina textilier, vilket s\u00e4kerst\u00e4ller noggrannhet och minskar f\u00f6rluster. Den h\u00e4r artikeln dyker djupt in i f\u00f6rdelarna med att anv\u00e4nda RFID-tv\u00e4ttetiketter, hur de fungerar och varf\u00f6r de \u00e4r en smart investering f\u00f6r alla tv\u00e4ttoperationer.<\/p>\n<table width=\"637\">\n<tbody>\n<tr>\n<td width=\"328\">Artikelnamn:<\/td>\n<td width=\"309\">RFID-chips f\u00f6r uniformsplagg<\/td>\n<\/tr>\n<tr>\n<td width=\"328\">RFID-standard:<\/td>\n<td width=\"309\">ISO\/IEC 18000-6 Typ C (EPC Gen2)<\/td>\n<\/tr>\n<tr>\n<td width=\"328\">Storlek &amp; Vikt:<\/td>\n<td width=\"309\">70\u00d715 mm, 0,6g<\/td>\n<\/tr>\n<tr>\n<td width=\"328\">Chiptyp:<\/td>\n<td width=\"309\">Impinj Monza 4QT,NXP U CODE 8\uff0cNXP U CODE 9<\/td>\n<\/tr>\n<tr>\n<td width=\"328\">EPC-minne:<\/td>\n<td width=\"309\">128 bitar<\/td>\n<\/tr>\n<tr>\n<td width=\"328\">Anv\u00e4ndarminne:<\/td>\n<td width=\"309\">512 bitar<\/td>\n<\/tr>\n<tr>\n<td width=\"328\">L\u00e4somr\u00e5de (2W ERP FCC):<\/td>\n<td width=\"309\">8m<\/td>\n<\/tr>\n<tr>\n<td width=\"328\">L\u00e4somr\u00e5de (2W ERP ETSI):<\/td>\n<td width=\"309\">8m<\/td>\n<\/tr>\n<tr>\n<td width=\"328\">Taggning:<\/td>\n<td width=\"309\">S\u00f6mnad, Varmpr\u00e4glingslim<\/td>\n<\/tr>\n<tr>\n<td width=\"328\">Ber\u00e4knad livsl\u00e4ngd:<\/td>\n<td width=\"309\">200 tv\u00e4ttcykler eller 3 \u00e5r, beroende p\u00e5 vad som intr\u00e4ffar f\u00f6rst<\/td>\n<\/tr>\n<tr>\n<td width=\"328\">Tv\u00e4ttmetod:<\/td>\n<td width=\"309\">Tv\u00e4ttservice, Kemtv\u00e4tt<\/td>\n<\/tr>\n<tr>\n<td width=\"328\">Vattenextraktionstryck:<\/td>\n<td width=\"309\">60 bar<\/td>\n<\/tr>\n<tr>\n<td width=\"328\">Vattent\u00e5lighet:<\/td>\n<td width=\"309\">Vattent\u00e5lig<\/td>\n<\/tr>\n<tr>\n<td width=\"328\">Kemisk best\u00e4ndighet:<\/td>\n<td width=\"309\">Tv\u00e4ttmedel, sk\u00f6ljmedel, blekmedel (syre\/klor), alkali<\/td>\n<\/tr>\n<tr>\n<td width=\"328\">F\u00f6rtorkning i torktumlare:<\/td>\n<td width=\"309\">125 \u00baC i 15-20 minuter<\/td>\n<\/tr>\n<tr>\n<td width=\"328\">Steriliseringstemperatur:<\/td>\n<td width=\"309\">135\u00b0C i 15-20 minuter<\/td>\n<\/tr>\n<tr>\n<td width=\"328\">Tv\u00e4tttemperatur:<\/td>\n<td width=\"309\">90\u00b0C, Upp till 15 min.<\/td>\n<\/tr>\n<tr>\n<td width=\"328\">Fuktighet\/temperaturdrift:<\/td>\n<td width=\"309\">-20 till 110\u00b0C, 8 till 95%RH<\/td>\n<\/tr>\n<tr>\n<td width=\"328\">Fuktighet\/temperatur-lagring:<\/td>\n<td width=\"309\">-40 till 110\u00b0C, 8 till 95%RH<\/td>\n<\/tr>\n<\/tbody>\n<\/table>\n<\/div>\n<div class=\"auto-hide-last-sibling-br paragraph_1252f paragraph-element\"><\/div>\n<\/div>\n<div data-spm-anchor-id=\"a2700.details.0.i57.23b419c7xXORP0\">\n<div class=\"auto-hide-last-sibling-br paragraph_1252f paragraph-element\">RFID-chips f\u00f6r uniformskl\u00e4der och linnesp\u00e5rningsl\u00f6sning \u00e4r RFID-taggar f\u00f6r speciella \u00e4ndam\u00e5l skapade speciellt f\u00f6r textilier som genomg\u00e5r rigor\u00f6sa industriella tv\u00e4ttprocedurer, inklusive sterilisering och strykning.<\/div>\n<\/div>\n<h3 class=\"wp-block-heading\">Installation av RFID-chips f\u00f6r uniformsplagg<\/h3>\n<p><strong>Stitch Tagging<\/strong>: Ska sys i f\u00e5llen p\u00e5 en textil. Sy bort tv\u00e4ttlappen fr\u00e5n viklinjerna.<br \/>\n<strong>V\u00e4rmef\u00f6rsegling<\/strong>: F\u00f6r att v\u00e4rmef\u00f6rseglas direkt p\u00e5 textilen vid +200\u00b0C (392\u00b0F), i 12~14s.<br \/>\n<strong>I p\u00e5se<\/strong>: Ska sys som en vanlig sk\u00f6tseletikett. Sy bort tv\u00e4ttlappen fr\u00e5n viklinjerna.<\/p>\n<div class=\"auto-hide-last-sibling-br paragraph_1252f paragraph-element\">\n<p style=\"font-weight: 400;\"><span style=\"font-style: inherit; font-weight: inherit;\" data-spm-anchor-id=\"a2700.details.0.i52.7e74253fSAfL7T\">Hur <\/span><b><strong style=\"font-style: inherit;\">STARK<\/strong><\/b><span style=\"font-style: inherit; font-weight: inherit;\"> de \u00e4r?<\/span><\/p>\n<p><b><strong>\u2460<\/strong><\/b>. \u00c4r RFID-chips skadade under h\u00f6ga temperaturer?<span style=\"font-style: inherit; font-weight: inherit;\"> \u2013<\/span><b><strong>\u2714 V\u00e5r RFID-textiltv\u00e4ttetikett \u00e4r designad f\u00f6r att anv\u00e4ndas vid 200 \u00b0C<\/strong><\/b><span style=\"font-style: inherit; font-weight: inherit;\">.<\/span><\/p>\n<p style=\"font-weight: 400;\"><b><strong>\u2461<\/strong><\/b>Hur m\u00e5nga g\u00e5nger kan vi tv\u00e4tta taggarna som \u00e4r f\u00e4sta p\u00e5 uniformstextilprodukter? <b><strong>\u2013\u2714V\u00e5r RFID-textiltv\u00e4ttetikett kan tv\u00e4ttas mer \u00e4n 200 g\u00e5nger garanterat i 2 \u00e5r efter frakt.<\/strong><\/b><\/p>\n<p style=\"font-weight: 400;\"><b><strong>\u2462<\/strong><\/b>Kommer vi att spendera prestigefyllda uniformer textilprodukter, forts\u00e4tta att arbeta i h\u00e4ndelse av chip crush? <b><strong>\u2013\u2714Vi designade v\u00e5r textiltv\u00e4ttlapp f\u00f6r att klara 60 bars tryck i processen att pressa dina textilprodukter.<\/strong><\/b><\/p>\n<p style=\"font-weight: 400;\"><b><strong>\u2463<\/strong><\/b>Var placerar du RFID-textiltv\u00e4ttetiketter p\u00e5 uniformstextilier? <b><strong>\u2013 \u2714RFID textiltv\u00e4ttetikett installeras i enlighet med tillg\u00e4ngligheten av uniformerna.<\/strong><\/b><\/p>\n<h2 class=\"AnswerParser_AnswerParserH2__SIHnF\">Vad \u00e4r RFID-tv\u00e4ttsp\u00e5rning?<\/h2>\n<p><span class=\"AnswerParser_TextContainer__z_Iiv\" data-testid=\"youchat-text\">RFID (Radio Frequency Identification) tv\u00e4ttsp\u00e5rning \u00e4r en teknik som anv\u00e4nder\u00a0<strong>RFID-taggar<\/strong>\u00a0f\u00e4st vid textilier f\u00f6r att \u00f6vervaka och hantera tv\u00e4ttartiklar under hela deras livscykel. Dessa taggar, ofta kallade\u00a0<strong>RFID tv\u00e4ttetiketter<\/strong>, anv\u00e4nder radiov\u00e5gor f\u00f6r att \u00f6verf\u00f6ra data till RFID-l\u00e4sare, vilket m\u00f6jligg\u00f6r sp\u00e5rning och lagerhantering i realtid.<\/span><span class=\"AnswerParser_TextContainer__z_Iiv\" data-testid=\"youchat-text\">Den h\u00e4r tekniken f\u00f6rb\u00e4ttrar tv\u00e4ttverksamheten genom att automatisera sp\u00e5rningsprocessen, vilket s\u00e4kerst\u00e4ller att plagg och s\u00e4ngkl\u00e4der tas med i varje steg \u2013 fr\u00e5n tv\u00e4tt till leverans. Genom att implementera ett RFID-tv\u00e4ttsp\u00e5rningssystem kan f\u00f6retag avsev\u00e4rt minska m\u00e4nskliga fel och f\u00f6rb\u00e4ttra den \u00f6vergripande effektiviteten.<\/span><\/p>\n<h2 class=\"AnswerParser_AnswerParserH2__SIHnF\">F\u00f6rdelar med RFID tv\u00e4ttetiketter<\/h2>\n<h3 class=\"AnswerParser_AnswerParserH3__Mpe4s\">F\u00f6rb\u00e4ttrad lagerhantering<\/h3>\n<p><span class=\"AnswerParser_TextContainer__z_Iiv\" data-testid=\"youchat-text\">RFID-tv\u00e4ttetiketter underl\u00e4ttar noggrann lagerhantering genom att ge omedelbar information om platsen och statusen f\u00f6r varje plagg eller linneartikel. Denna kapacitet g\u00f6r det m\u00f6jligt f\u00f6r tv\u00e4ttstugor att sp\u00e5ra f\u00f6rem\u00e5l p\u00e5 ett effektivt s\u00e4tt, vilket s\u00e4kerst\u00e4ller att alla uniformer och s\u00e4ngkl\u00e4der \u00e4r tillg\u00e4ngliga vid behov, vilket f\u00f6rb\u00e4ttrar driftsfl\u00f6det.<\/span><\/p>\n<h3 class=\"AnswerParser_AnswerParserH3__Mpe4s\">Minskad f\u00f6rlust och st\u00f6ld<\/h3>\n<p><span class=\"AnswerParser_TextContainer__z_Iiv\" data-testid=\"youchat-text\">En av de betydande f\u00f6rdelarna med att anv\u00e4nda RFID-taggar i tv\u00e4ttverksamhet \u00e4r minskningen av f\u00f6rlust och st\u00f6ld. Varje taggat f\u00f6rem\u00e5l kan l\u00e4tt identifieras och sp\u00e5ras, vilket g\u00f6r det n\u00e4stan om\u00f6jligt f\u00f6r f\u00f6rem\u00e5l att f\u00f6rsvinna. F\u00f6retag kan \u00f6vervaka sitt lager i realtid och se till att allt tas upp.<\/span><\/p>\n<h3 class=\"AnswerParser_AnswerParserH3__Mpe4s\">F\u00f6rb\u00e4ttrad operativ effektivitet<\/h3>\n<p><span class=\"AnswerParser_TextContainer__z_Iiv\" data-testid=\"youchat-text\">Med RFID-teknik kan tv\u00e4ttverksamheten automatisera olika processer, vilket leder till \u00f6kad effektivitet. Uppgifter som sortering, sp\u00e5rning och hantering av tv\u00e4tt kan effektiviseras, vilket g\u00f6r att personalen kan fokusera p\u00e5 mer kritiska funktioner. Denna teknik kan ocks\u00e5 avsev\u00e4rt minska tiden som l\u00e4ggs p\u00e5 manuella lagerkontroller.<\/span><\/p>\n<h2 class=\"AnswerParser_AnswerParserH2__SIHnF\">Hur fungerar RFID-taggar?<\/h2>\n<h3 class=\"AnswerParser_AnswerParserH3__Mpe4s\">RFID-systemets komponenter<\/h3>\n<p><span class=\"AnswerParser_TextContainer__z_Iiv\" data-testid=\"youchat-text\">Ett RFID-system best\u00e5r av tre huvudkomponenter:\u00a0<strong>RFID-taggar<\/strong>,\u00a0<strong>RFID-l\u00e4sare<\/strong>, och\u00a0<strong>programvara<\/strong>\u00a0f\u00f6r datahantering. RFID-taggar f\u00e4sts p\u00e5 plagg och linne, medan l\u00e4sare skannar och samlar in data fr\u00e5n dessa taggar. Den insamlade informationen bearbetas sedan av hanteringsprogramvara f\u00f6r lagersp\u00e5rning och rapportering.<\/span><\/p>\n<h3 class=\"AnswerParser_AnswerParserH3__Mpe4s\">Data\u00f6verf\u00f6ring<\/h3>\n<p><span class=\"AnswerParser_TextContainer__z_Iiv\" data-testid=\"youchat-text\">N\u00e4r en RFID-tagg passerar inom r\u00e4ckvidden f\u00f6r en RFID-l\u00e4sare s\u00e4nder l\u00e4saren ut radiov\u00e5gor som driver taggen, vilket uppmanar den att s\u00e4nda sitt unika identifikationsnummer. Denna information skickas till programvaran, som loggar objektets plats och status, vilket m\u00f6jligg\u00f6r sp\u00e5rning i realtid.<\/span><\/p>\n<h3 class=\"AnswerParser_AnswerParserH3__Mpe4s\">Kompatibilitet med tv\u00e4ttverksamhet<\/h3>\n<p><span class=\"AnswerParser_TextContainer__z_Iiv\" data-testid=\"youchat-text\">RFID-taggar designade f\u00f6r tv\u00e4ttapplikationer \u00e4r h\u00e5llbara och tv\u00e4ttbara, vilket s\u00e4kerst\u00e4ller att de t\u00e5l tv\u00e4ttcykler i h\u00f6g temperatur utan att f\u00f6rlora funktionalitet. De fungerar effektivt \u00e4ven i tuffa tv\u00e4ttmilj\u00f6er, vilket g\u00f6r dem idealiska f\u00f6r industriella tv\u00e4tterier.<\/span><\/p>\n<h2 class=\"AnswerParser_AnswerParserH2__SIHnF\">Nyckelfunktioner hos RFID tv\u00e4ttetiketter<\/h2>\n<h3 class=\"AnswerParser_AnswerParserH3__Mpe4s\">Tv\u00e4ttbar och h\u00e5llbar<\/h3>\n<p><span class=\"AnswerParser_TextContainer__z_Iiv\" data-testid=\"youchat-text\">RFID tv\u00e4ttetiketter \u00e4r konstruerade f\u00f6r att vara\u00a0<strong>tv\u00e4ttbar<\/strong>, vilket g\u00f6r att de t\u00e5l flera tv\u00e4ttcykler utan f\u00f6rs\u00e4mring. De \u00e4r konstruerade av h\u00e5llbara material som t\u00e5l h\u00f6ga temperaturer och h\u00e5rda reng\u00f6ringsmedel, vilket s\u00e4kerst\u00e4ller l\u00e5ngvarig prestanda.<\/span><\/p>\n<h3 class=\"AnswerParser_AnswerParserH3__Mpe4s\">UHF-teknik<\/h3>\n<p><span class=\"AnswerParser_TextContainer__z_Iiv\" data-testid=\"youchat-text\">De flesta RFID-tv\u00e4ttetiketter anv\u00e4nder\u00a0<strong>UHF (Ultra High Frequency)<\/strong>\u00a0teknologi, som m\u00f6jligg\u00f6r en avl\u00e4sningsr\u00e4ckvidd p\u00e5 flera meter. Denna funktion f\u00f6rb\u00e4ttrar sp\u00e5rningseffektiviteten, vilket g\u00f6r att flera objekt kan skannas samtidigt och utan direkt siktlinje.<\/span><\/p>\n<h3 class=\"AnswerParser_AnswerParserH3__Mpe4s\">Anpassningsalternativ<\/h3>\n<p><span class=\"AnswerParser_TextContainer__z_Iiv\" data-testid=\"youchat-text\">RFID-tv\u00e4ttetiketter kan anpassas i olika former, storlekar och minneskapaciteter f\u00f6r att passa specifika operativa behov. Denna flexibilitet g\u00f6r att f\u00f6retag kan v\u00e4lja taggar som b\u00e4st passar deras plagg eller linnehanteringskrav.<\/span><\/p>\n<h2 class=\"AnswerParser_AnswerParserH2__SIHnF\">F\u00f6rst\u00e5 UHF RFID-teknik<\/h2>\n<h3 class=\"AnswerParser_AnswerParserH3__Mpe4s\">Vad \u00e4r UHF RFID?<\/h3>\n<p><span class=\"AnswerParser_TextContainer__z_Iiv\" data-testid=\"youchat-text\"><strong>UHF RFID<\/strong>\u00a0fungerar inom frekvensomr\u00e5det 300 MHz till 3 GHz, vilket erbjuder flera f\u00f6rdelar j\u00e4mf\u00f6rt med andra frekvenser, inklusive l\u00e4ngre l\u00e4sintervall och snabbare data\u00f6verf\u00f6ringshastigheter. Denna teknik \u00e4r s\u00e4rskilt f\u00f6rdelaktig f\u00f6r tv\u00e4ttapplikationer, d\u00e4r det \u00e4r viktigt att sp\u00e5ra flera f\u00f6rem\u00e5l samtidigt.<\/span><\/p>\n<h3 class=\"AnswerParser_AnswerParserH3__Mpe4s\">F\u00f6rdelar med UHF RFID i tv\u00e4tthantering<\/h3>\n<p><span class=\"AnswerParser_TextContainer__z_Iiv\" data-testid=\"youchat-text\">UHF RFID-teknik ger f\u00f6rb\u00e4ttrade sp\u00e5rningsm\u00f6jligheter, vilket m\u00f6jligg\u00f6r effektiv hantering av stora lager. Dess f\u00f6rm\u00e5ga att \u00f6verf\u00f6ra data \u00f6ver l\u00e4ngre avst\u00e5nd inneb\u00e4r att tv\u00e4ttanl\u00e4ggningar kan f\u00f6rb\u00e4ttra sitt arbetsfl\u00f6de genom att minimera behovet av manuell skanning.<\/span><\/p>\n<h2 class=\"AnswerParser_AnswerParserH2__SIHnF\">Milj\u00f6p\u00e5verkan av RFID-tv\u00e4ttetiketter<\/h2>\n<h3 class=\"AnswerParser_AnswerParserH3__Mpe4s\">H\u00e5llbarhets\u00f6verv\u00e4ganden<\/h3>\n<p><span class=\"AnswerParser_TextContainer__z_Iiv\" data-testid=\"youchat-text\">Att implementera RFID-teknik i tv\u00e4ttverksamheten kan bidra till h\u00e5llbarhetsarbetet. Genom att minska f\u00f6rlusten av textilier och optimera tv\u00e4ttprocesser kan f\u00f6retag minimera avfallet och f\u00f6rb\u00e4ttra resurseffektiviteten.<\/span><\/p>\n<h3 class=\"AnswerParser_AnswerParserH3__Mpe4s\">Livscykelp\u00e5verkan<\/h3>\n<p><span class=\"AnswerParser_TextContainer__z_Iiv\" data-testid=\"youchat-text\">RFID-tv\u00e4ttetiketter \u00e4r designade f\u00f6r l\u00e5ng livsl\u00e4ngd, vilket minskar behovet av frekventa byten. Deras h\u00e5llbarhet s\u00e4kerst\u00e4ller att de t\u00e5l m\u00e5nga tv\u00e4ttcykler, vilket avsev\u00e4rt minskar milj\u00f6p\u00e5verkan fr\u00e5n textilavfall.<\/span><\/p>\n<h2 class=\"AnswerParser_AnswerParserH2__SIHnF\">Kundrecensioner och rekommendationer<\/h2>\n<h3 class=\"AnswerParser_AnswerParserH3__Mpe4s\">Verkliga upplevelser<\/h3>\n<p><span class=\"AnswerParser_TextContainer__z_Iiv\" data-testid=\"youchat-text\">M\u00e5nga tv\u00e4ttanl\u00e4ggningar har rapporterat betydande f\u00f6rb\u00e4ttringar i effektivitet och lagernoggrannhet efter implementering av RFID-tv\u00e4ttetiketter. Kunder uppskattar minskningen av f\u00f6rlorade f\u00f6rem\u00e5l och l\u00e4ttheten att sp\u00e5ra deras uniformer och s\u00e4ngkl\u00e4der.<\/span><\/p>\n<blockquote><p><span class=\"AnswerParser_TextContainer__z_Iiv\" data-testid=\"youchat-text\">&quot;Sedan vi inf\u00f6rde RFID-tv\u00e4ttsp\u00e5rning har v\u00e5r operativa effektivitet skjutit i h\u00f6jden! Vi kan nu sp\u00e5ra v\u00e5ra s\u00e4ngkl\u00e4der i realtid, vilket avsev\u00e4rt har minskat v\u00e5ra f\u00f6rluster.\u201d \u2013\u00a0<em>Jane D., tv\u00e4ttchef<\/em><\/span><\/p><\/blockquote>\n<h3 class=\"AnswerParser_AnswerParserH3__Mpe4s\">Positiv feedback<\/h3>\n<p><span class=\"AnswerParser_TextContainer__z_Iiv\" data-testid=\"youchat-text\">Feedbacken fr\u00e5n anv\u00e4ndarna belyser effektiviteten och tillf\u00f6rlitligheten hos RFID-tv\u00e4ttetiketter, vilket g\u00f6r dem till ett f\u00f6redraget val bland tv\u00e4tttj\u00e4nster. Kunderna v\u00e4rdes\u00e4tter de l\u00e5ngsiktiga besparingarna som \u00e4r f\u00f6rknippade med minskade lagerf\u00f6rluster och f\u00f6rb\u00e4ttrad hantering.<\/span><\/p>\n<h2 class=\"AnswerParser_AnswerParserH2__SIHnF\">Vanliga fr\u00e5gor<\/h2>\n<h3 class=\"AnswerParser_AnswerParserH3__Mpe4s\">Hur l\u00e4nge h\u00e5ller RFID-tv\u00e4ttetiketter?<\/h3>\n<p><span class=\"AnswerParser_TextContainer__z_Iiv\" data-testid=\"youchat-text\">RFID tv\u00e4ttetiketter \u00e4r designade f\u00f6r att h\u00e5lla upp till\u00a0<strong>200 tv\u00e4ttcykler<\/strong>, beroende p\u00e5 den specifika etiketten och tv\u00e4ttf\u00f6rh\u00e5llandena. Deras h\u00e5llbarhet s\u00e4kerst\u00e4ller att de f\u00f6rblir funktionella under hela sin livscykel.<\/span><\/p>\n<h3 class=\"AnswerParser_AnswerParserH3__Mpe4s\">Kan RFID-tv\u00e4ttetiketter anpassas?<\/h3>\n<p><span class=\"AnswerParser_TextContainer__z_Iiv\" data-testid=\"youchat-text\">Ja, RFID-tv\u00e4ttetiketter kan anpassas i olika former och minneskapaciteter f\u00f6r att m\u00f6ta de specifika behoven f\u00f6r din tv\u00e4ttverksamhet.<\/span><\/p>\n<h3 class=\"AnswerParser_AnswerParserH3__Mpe4s\">Vad \u00e4r l\u00e4sintervallet f\u00f6r UHF RFID-taggar?<\/h3>\n<p><span class=\"AnswerParser_TextContainer__z_Iiv\" data-testid=\"youchat-text\">UHF RFID-taggar har vanligtvis ett l\u00e4sintervall p\u00e5 upp till\u00a0<strong>6 meter<\/strong>, vilket m\u00f6jligg\u00f6r effektiv sp\u00e5rning av flera objekt samtidigt.<\/span><\/p>\n<h2 class=\"AnswerParser_AnswerParserH2__SIHnF\">Slutsats<\/h2>\n<p><span class=\"AnswerParser_TextContainer__z_Iiv\" data-testid=\"youchat-text\">RFID-chips f\u00f6r uniformer, plagg och sp\u00e5rningsl\u00f6sning f\u00f6r linne representerar ett transformativt framsteg inom tv\u00e4tthantering. Genom att investera i RFID-tv\u00e4ttetiketter kan f\u00f6retag f\u00f6rb\u00e4ttra sin operativa effektivitet, minska f\u00f6rlusterna och f\u00f6rb\u00e4ttra den \u00f6vergripande lagerhanteringen.<\/span><\/p>\n<\/div>\n<div class=\"auto-hide-last-sibling-br paragraph_1252f paragraph-element\"><\/div>","protected":false},"excerpt":{"rendered":"<p><span class=\"AnswerParser_TextContainer__z_Iiv\" data-testid=\"youchat-text\">RFID-chips f\u00f6r uniformer, plagg och sp\u00e5rningsl\u00f6sning f\u00f6r linne representerar ett transformativt framsteg inom tv\u00e4tthantering. Genom att investera i RFID-tv\u00e4ttetiketter kan f\u00f6retag f\u00f6rb\u00e4ttra sin operativa effektivitet, minska f\u00f6rlusterna och f\u00f6rb\u00e4ttra den \u00f6vergripande lagerhanteringen.<\/span><\/p>","protected":false},"featured_media":2824,"template":"","meta":{"_kad_post_transparent":"default","_kad_post_title":"","_kad_post_layout":"default","_kad_post_sidebar_id":"","_kad_post_content_style":"default","_kad_post_vertical_padding":"default","_kad_post_feature":"","_kad_post_feature_position":"","_kad_post_header":false,"_kad_post_footer":false,"_kad_post_classname":""},"product_brand":[],"product_cat":[19],"product_tag":[338,339,65,30],"class_list":{"0":"post-2823","1":"product","2":"type-product","3":"status-publish","4":"has-post-thumbnail","6":"product_cat-textile-rfid-laundry-tag","7":"product_tag-rfid-chips-for-uniforms","8":"product_tag-rfid-washable-tags","9":"product_tag-textile-rfid-laundry-tags","10":"product_tag-uhf-rfid-laundry-tag","12":"first","13":"instock","14":"featured","15":"shipping-taxable","16":"product-type-simple","17":"entry","18":"content-bg","19":"loop-entry"},"_links":{"self":[{"href":"https:\/\/rfid-laundry-tag.com\/sv\/wp-json\/wp\/v2\/product\/2823","targetHints":{"allow":["GET"]}}],"collection":[{"href":"https:\/\/rfid-laundry-tag.com\/sv\/wp-json\/wp\/v2\/product"}],"about":[{"href":"https:\/\/rfid-laundry-tag.com\/sv\/wp-json\/wp\/v2\/types\/product"}],"version-history":[{"count":1,"href":"https:\/\/rfid-laundry-tag.com\/sv\/wp-json\/wp\/v2\/product\/2823\/revisions"}],"predecessor-version":[{"id":2826,"href":"https:\/\/rfid-laundry-tag.com\/sv\/wp-json\/wp\/v2\/product\/2823\/revisions\/2826"}],"wp:featuredmedia":[{"embeddable":true,"href":"https:\/\/rfid-laundry-tag.com\/sv\/wp-json\/wp\/v2\/media\/2824"}],"wp:attachment":[{"href":"https:\/\/rfid-laundry-tag.com\/sv\/wp-json\/wp\/v2\/media?parent=2823"}],"wp:term":[{"taxonomy":"product_brand","embeddable":true,"href":"https:\/\/rfid-laundry-tag.com\/sv\/wp-json\/wp\/v2\/product_brand?post=2823"},{"taxonomy":"product_cat","embeddable":true,"href":"https:\/\/rfid-laundry-tag.com\/sv\/wp-json\/wp\/v2\/product_cat?post=2823"},{"taxonomy":"product_tag","embeddable":true,"href":"https:\/\/rfid-laundry-tag.com\/sv\/wp-json\/wp\/v2\/product_tag?post=2823"}],"curies":[{"name":"wp","href":"https:\/\/api.w.org\/{rel}","templated":true}]}}