{"id":2822,"date":"2024-11-04T14:49:24","date_gmt":"2024-11-04T14:49:24","guid":{"rendered":"https:\/\/rfid-laundry-tag.com\/?post_type=product&#038;p=2822"},"modified":"2024-11-04T15:12:28","modified_gmt":"2024-11-04T15:12:28","slug":"waterproof-washable-rfid-laundry-tag","status":"publish","type":"product","link":"https:\/\/rfid-laundry-tag.com\/sv\/waterproof-washable-rfid-laundry-tag\/","title":{"rendered":"Vattent\u00e4t tv\u00e4ttbar RFID tv\u00e4ttetikett"},"content":{"rendered":"<div>\n<div class=\"auto-hide-last-sibling-br paragraph_1252f paragraph-element\">\n<h2>Vattent\u00e4t tv\u00e4ttbar RFID tv\u00e4ttetikett<\/h2>\n<table width=\"637\">\n<tbody>\n<tr>\n<td width=\"328\">Artikelnamn:<\/td>\n<td width=\"309\">Vattent\u00e4t tv\u00e4ttbar RFID tv\u00e4ttetikett<\/td>\n<\/tr>\n<tr>\n<td width=\"328\">RFID-standard:<\/td>\n<td width=\"309\">ISO\/IEC 18000-6 TypeC (EPC Gen2)<\/td>\n<\/tr>\n<tr>\n<td width=\"328\">Storlek &amp; Vikt:<\/td>\n<td width=\"309\">70\u00d715 mm, 0,6g<\/td>\n<\/tr>\n<tr>\n<td width=\"328\">Chiptyp:<\/td>\n<td width=\"309\">Impinj Monza 4QT,NXP U CODE 8\uff0cNXP U CODE 9<\/td>\n<\/tr>\n<tr>\n<td width=\"328\">EPC-minne:<\/td>\n<td width=\"309\">128 bitar<\/td>\n<\/tr>\n<tr>\n<td width=\"328\">Anv\u00e4ndarminne:<\/td>\n<td width=\"309\">512 bitar<\/td>\n<\/tr>\n<tr>\n<td width=\"328\">L\u00e4somr\u00e5de (2W ERP FCC):<\/td>\n<td width=\"309\">8m<\/td>\n<\/tr>\n<tr>\n<td width=\"328\">L\u00e4somr\u00e5de (2W ERP ETSI):<\/td>\n<td width=\"309\">8m<\/td>\n<\/tr>\n<tr>\n<td width=\"328\">Taggning:<\/td>\n<td width=\"309\">S\u00f6mnad, Varmpr\u00e4glingslim<\/td>\n<\/tr>\n<tr>\n<td width=\"328\">Ber\u00e4knad livsl\u00e4ngd:<\/td>\n<td width=\"309\">200 tv\u00e4ttcykler eller 3 \u00e5r, beroende p\u00e5 vad som intr\u00e4ffar f\u00f6rst<\/td>\n<\/tr>\n<tr>\n<td width=\"328\">Tv\u00e4ttmetod:<\/td>\n<td width=\"309\">Tv\u00e4ttservice, Kemtv\u00e4tt<\/td>\n<\/tr>\n<tr>\n<td width=\"328\">Vattenextraktionstryck:<\/td>\n<td width=\"309\">60 bar<\/td>\n<\/tr>\n<tr>\n<td width=\"328\">Vattent\u00e5lighet:<\/td>\n<td width=\"309\">Vattent\u00e5lig<\/td>\n<\/tr>\n<tr>\n<td width=\"328\">Kemisk best\u00e4ndighet:<\/td>\n<td width=\"309\">Tv\u00e4ttmedel, sk\u00f6ljmedel, blekmedel (syre\/klor), alkali<\/td>\n<\/tr>\n<tr>\n<td width=\"328\">F\u00f6rtorkning i torktumlare:<\/td>\n<td width=\"309\">125 \u00baC i 15-20 minuter<\/td>\n<\/tr>\n<tr>\n<td width=\"328\">Steriliseringstemperatur:<\/td>\n<td width=\"309\">135\u00b0C i 15-20 minuter<\/td>\n<\/tr>\n<tr>\n<td width=\"328\">Tv\u00e4tttemperatur:<\/td>\n<td width=\"309\">90\u00b0C, Upp till 15 min.<\/td>\n<\/tr>\n<tr>\n<td width=\"328\">Fuktighet\/temperaturdrift:<\/td>\n<td width=\"309\">-20 till 110\u00b0C, 8 till 95%RH<\/td>\n<\/tr>\n<tr>\n<td width=\"328\">Fuktighet\/temperatur-lagring:<\/td>\n<td width=\"309\">-40 till 110\u00b0C, 8 till 95%RH<\/td>\n<\/tr>\n<\/tbody>\n<\/table>\n<\/div>\n<div class=\"auto-hide-last-sibling-br paragraph_1252f paragraph-element\"><\/div>\n<\/div>\n<div class=\"auto-hide-last-sibling-br paragraph_1252f paragraph-element\">\n<div data-spm-anchor-id=\"a2700.details.0.i57.23b419c7xXORP0\"><span data-spm-anchor-id=\"a2700.details.0.i75.23b419c7xXORP0\"><b>S\u00e4rdrag:<\/b><br \/>\n1) UHF-teknik f\u00f6r att l\u00e4sa hundratals taggar samtidigt.<br \/>\n2) Mer \u00e4n 8 fot l\u00e4savst\u00e5nd.<br \/>\n3) Ny mekanisk design f\u00f6r f\u00f6rb\u00e4ttrad prestanda f\u00f6r platta s\u00e4ngkl\u00e4der.<br \/>\n4) L\u00e4mplig f\u00f6r h\u00f6gtrycksutsug upp till 60 bar.<br \/>\n5) L\u00e4mplig f\u00f6r autoklavsterilisering.<br \/>\n6) Litet, mjukt, flexibelt material idealiskt f\u00f6r textilier, linne, plagg och accessoarer.<\/span><\/div>\n<\/div>\n<div data-spm-anchor-id=\"a2700.details.0.i57.23b419c7xXORP0\"><\/div>\n<div data-spm-anchor-id=\"a2700.details.0.i57.23b419c7xXORP0\"><span class=\"AnswerParser_TextContainer__z_Iiv\" data-testid=\"youchat-text\">De\u00a0<strong>Vattent\u00e4t tv\u00e4ttbar RFID tv\u00e4ttetikett<\/strong>\u00a0\u00e4r en revolutionerande l\u00f6sning utformad f\u00f6r att effektivisera sp\u00e5rning och hantering av plagg, s\u00e4ngkl\u00e4der och uniformer. Dessa taggar f\u00f6rb\u00e4ttrar inte bara den operativa effektiviteten utan ger ocks\u00e5 betydande kostnadsbesparingar och f\u00f6rb\u00e4ttrad lagerkontroll. Med sin h\u00e5llbara och tv\u00e4ttbara design \u00e4r de idealiska f\u00f6r tv\u00e4ttcykler vid h\u00f6g temperatur, vilket g\u00f6r dem till en smart investering f\u00f6r alla tv\u00e4ttoperationer.<\/span><\/p>\n<h2 class=\"AnswerParser_AnswerParserH2__SIHnF\">Varf\u00f6r v\u00e4lja vattent\u00e4ta tv\u00e4ttbara RFID-tv\u00e4ttetiketter?<\/h2>\n<p><span class=\"AnswerParser_TextContainer__z_Iiv\" data-testid=\"youchat-text\">F\u00f6rdelarna med att anv\u00e4nda\u00a0<strong>RFID tv\u00e4ttetiketter<\/strong>\u00a0\u00e4r m\u00e5nga. De m\u00f6jligg\u00f6r automatisk sp\u00e5rning av tv\u00e4ttartiklar, minskar manuellt arbete och minimerar fel. Denna teknik m\u00f6jligg\u00f6r lagerhantering i realtid, vilket s\u00e4kerst\u00e4ller att varje plagg tas med i ber\u00e4kningen. Dessutom garanterar de vattent\u00e4ta och tv\u00e4ttbara egenskaperna hos dessa taggar l\u00e5ng livsl\u00e4ngd och tillf\u00f6rlitlighet, \u00e4ven i de mest kr\u00e4vande tv\u00e4ttmilj\u00f6erna. Genom att investera i\u00a0<strong>RFID tv\u00e4ttetiketter<\/strong>, kan f\u00f6retag f\u00f6rb\u00e4ttra sin operativa effektivitet, f\u00f6rb\u00e4ttra kundn\u00f6jdheten och i slut\u00e4ndan \u00f6ka l\u00f6nsamheten.<\/span><\/div>\n<h3 class=\"wp-block-heading\">Installation<\/h3>\n<p><strong>Stitch Tagging<\/strong>: Ska sys i f\u00e5llen p\u00e5 en textil. Sy bort tv\u00e4ttlappen fr\u00e5n viklinjerna.<br \/>\n<strong>V\u00e4rmef\u00f6rsegling<\/strong>: F\u00f6r att v\u00e4rmef\u00f6rseglas direkt p\u00e5 textilen vid +200\u00b0C (392\u00b0F), i 12~14s.<br \/>\n<strong>I p\u00e5se<\/strong>: Ska sys som en vanlig sk\u00f6tseletikett. Sy bort tv\u00e4ttlappen fr\u00e5n viklinjerna.<\/p>\n<div class=\"auto-hide-last-sibling-br paragraph_1252f paragraph-element\">\n<div><\/div>\n<p style=\"font-weight: 400;\"><span style=\"font-style: inherit; font-weight: inherit;\" data-spm-anchor-id=\"a2700.details.0.i52.7e74253fSAfL7T\">Hur <\/span><b><strong style=\"font-style: inherit;\">STARK<\/strong><\/b><span style=\"font-style: inherit; font-weight: inherit;\"> de \u00e4r?<\/span><\/p>\n<p><b><strong>\u2460<\/strong><\/b>. \u00c4r RFID-chips skadade under h\u00f6ga temperaturer?<span style=\"font-style: inherit; font-weight: inherit;\"> \u2013<\/span><b><strong>\u2714 V\u00e5r RFID-textiltv\u00e4ttetikett \u00e4r designad f\u00f6r att anv\u00e4ndas vid 200 \u00b0C<\/strong><\/b><span style=\"font-style: inherit; font-weight: inherit;\">.<\/span><\/p>\n<p style=\"font-weight: 400;\"><b><strong>\u2461<\/strong><\/b>Hur m\u00e5nga g\u00e5nger kan vi tv\u00e4tta taggarna som \u00e4r f\u00e4sta p\u00e5 uniformstextilprodukter? <b><strong>\u2013\u2714V\u00e5r RFID-textiltv\u00e4ttetikett kan tv\u00e4ttas mer \u00e4n 200 g\u00e5nger garanterat i 2 \u00e5r efter frakt.<\/strong><\/b><\/p>\n<p style=\"font-weight: 400;\"><b><strong>\u2462<\/strong><\/b>Kommer vi att spendera prestigefyllda uniformer textilprodukter, forts\u00e4tta att arbeta i h\u00e4ndelse av chip crush? <b><strong>\u2013\u2714Vi designade v\u00e5r textiltv\u00e4ttlapp f\u00f6r att klara 60 bars tryck i processen att pressa dina textilprodukter.<\/strong><\/b><\/p>\n<p style=\"font-weight: 400;\"><b><strong>\u2463<\/strong><\/b>Var placerar du RFID-textiltv\u00e4ttetiketter p\u00e5 uniformstextilier? <b><strong>\u2013 \u2714RFID textiltv\u00e4ttetikett installeras i enlighet med tillg\u00e4ngligheten av uniformerna.<\/strong><\/b><\/p>\n<h3 class=\"AnswerParser_AnswerParserH3__Mpe4s\">Funktioner hos vattent\u00e4ta tv\u00e4ttbara RFID-tv\u00e4ttetiketter<\/h3>\n<p><span class=\"AnswerParser_TextContainer__z_Iiv\" data-testid=\"youchat-text\">De\u00a0<strong>Vattent\u00e4t tv\u00e4ttbar RFID tv\u00e4ttetikett<\/strong>\u00a0\u00e4r designad med flera nyckelfunktioner som g\u00f6r den till ett viktigt verktyg f\u00f6r tv\u00e4tthantering. Dessa taggar \u00e4r gjorda av slitstarka material som t\u00e5l h\u00f6ga temperaturer och tuffa tv\u00e4ttf\u00f6rh\u00e5llanden. De \u00e4r utrustade med UHF RFID-teknik, vilket m\u00f6jligg\u00f6r en avl\u00e4sningsr\u00e4ckvidd p\u00e5 upp till 6 meter, vilket \u00e4r idealiskt f\u00f6r att sp\u00e5ra flera f\u00f6rem\u00e5l samtidigt.<\/span><span class=\"AnswerParser_TextContainer__z_Iiv\" data-testid=\"youchat-text\">Dessutom \u00e4r dessa taggar l\u00e4tta, v\u00e4ger endast 0,6 gram och kommer i en kompakt storlek p\u00e5 70\u00d715 mm, vilket g\u00f6r dem l\u00e4tta att f\u00e4sta p\u00e5 olika textilier utan att l\u00e4gga till bulk. Taggarna kan sys in i plagg eller f\u00e4stas med lim, vilket ger flexibilitet i appliceringen.<\/span><\/p>\n<h3 class=\"AnswerParser_AnswerParserH3__Mpe4s\">Tekniska specifikationer<\/h3>\n<p><span class=\"AnswerParser_TextContainer__z_Iiv\" data-testid=\"youchat-text\">F\u00f6rst\u00e5 de tekniska specifikationerna f\u00f6r\u00a0<strong>RFID tv\u00e4ttlapp<\/strong>\u00a0\u00e4r avg\u00f6rande f\u00f6r f\u00f6retag som vill implementera denna teknik. Taggarna \u00f6verensst\u00e4mmer med standarden ISO\/IEC 18000-6 Type C (EPC Gen2), vilket s\u00e4kerst\u00e4ller kompatibilitet med ett brett utbud av RFID-l\u00e4sare.<\/span><\/p>\n<ul class=\"AnswerParser_AnswerParserUnorderedList__P_1FW\">\n<li class=\"AnswerParser_ListItem__XqLOV\" translate=\"yes\"><strong>Chip typ<\/strong>: Impinj Monza 4QT, NXP U CODE 8, NXP U CODE 9<\/li>\n<li class=\"AnswerParser_ListItem__XqLOV\" translate=\"yes\"><strong>EPC-minne<\/strong>: 128 bitar<\/li>\n<li class=\"AnswerParser_ListItem__XqLOV\" translate=\"yes\"><strong>Anv\u00e4ndarminne<\/strong>: 512 bitar<\/li>\n<li class=\"AnswerParser_ListItem__XqLOV\" translate=\"yes\"><strong>Tv\u00e4ttcykler<\/strong>: Designad f\u00f6r att klara \u00f6ver 200 tv\u00e4ttcykler utan att f\u00f6rlora funktionalitet.<\/li>\n<\/ul>\n<p><span class=\"AnswerParser_TextContainer__z_Iiv\" data-testid=\"youchat-text\">Dessa specifikationer framh\u00e4ver taggens h\u00e5llbarhet och tillf\u00f6rlitlighet, vilket g\u00f6r den l\u00e4mplig f\u00f6r olika tv\u00e4tttill\u00e4mpningar.<\/span><\/p>\n<h3 class=\"AnswerParser_AnswerParserH3__Mpe4s\">F\u00f6rdelar med att anv\u00e4nda RFID tv\u00e4ttetiketter<\/h3>\n<p><span class=\"AnswerParser_TextContainer__z_Iiv\" data-testid=\"youchat-text\">Genomf\u00f6randet av\u00a0<strong>RFID tv\u00e4ttetiketter<\/strong>\u00a0erbjuder m\u00e5nga f\u00f6rdelar f\u00f6r f\u00f6retag. F\u00f6r det f\u00f6rsta minskar de tiden som l\u00e4ggs p\u00e5 lagerhantering avsev\u00e4rt. Med automatiserad sp\u00e5rning kan personalen snabbt hitta och hantera tv\u00e4ttartiklar, vilket leder till \u00f6kad produktivitet.<\/span><span class=\"AnswerParser_TextContainer__z_Iiv\" data-testid=\"youchat-text\">F\u00f6r det andra \u00f6kar dessa taggar s\u00e4kerheten genom att f\u00f6rhindra f\u00f6rlust och st\u00f6ld av plagg. M\u00f6jligheten att sp\u00e5ra varje artikel i realtid s\u00e4kerst\u00e4ller att f\u00f6retag kan uppr\u00e4tth\u00e5lla korrekta register \u00f6ver sitt lager. Slutligen kan data som samlas in fr\u00e5n RFID-system ge v\u00e4rdefulla insikter om tv\u00e4ttverksamheten, vilket hj\u00e4lper f\u00f6retag att optimera sina processer och minska kostnaderna.<\/span><\/p>\n<h3 class=\"AnswerParser_AnswerParserH3__Mpe4s\">Milj\u00f6p\u00e5verkan<\/h3>\n<p><span class=\"AnswerParser_TextContainer__z_Iiv\" data-testid=\"youchat-text\">De\u00a0<strong>Vattent\u00e4t tv\u00e4ttbar RFID tv\u00e4ttetikett<\/strong>\u00a0\u00e4r inte bara bra f\u00f6r f\u00f6retag utan ocks\u00e5 f\u00f6r milj\u00f6n. Genom att minska behovet av manuell sp\u00e5rning och minimera fel bidrar dessa taggar till effektivare tv\u00e4ttverksamhet, vilket kan leda till l\u00e4gre vatten- och energif\u00f6rbrukning.<\/span><span class=\"AnswerParser_TextContainer__z_Iiv\" data-testid=\"youchat-text\">Dessutom inneb\u00e4r h\u00e5llbarheten hos dessa taggar att de inte beh\u00f6ver bytas ut ofta, vilket minskar avfallet. F\u00f6retag kan ocks\u00e5 v\u00e4lja att implementera RFID-system som \u00e4r kompatibla med milj\u00f6v\u00e4nliga metoder, vilket ytterligare f\u00f6rb\u00e4ttrar deras h\u00e5llbarhetsarbete.<\/span><\/p>\n<h3 class=\"AnswerParser_AnswerParserH3__Mpe4s\">Anv\u00e4ndningsinstruktioner<\/h3>\n<p><span class=\"AnswerParser_TextContainer__z_Iiv\" data-testid=\"youchat-text\">F\u00f6r att maximera effektiviteten av\u00a0<strong>RFID tv\u00e4ttetiketter<\/strong>, korrekt anv\u00e4ndning \u00e4r avg\u00f6rande. H\u00e4r \u00e4r n\u00e5gra viktiga steg f\u00f6r implementering:<\/span><\/p>\n<ol class=\"AnswerParser_AnswerParserOrderedList__kl_2Y\">\n<li class=\"AnswerParser_ListItem__XqLOV\" translate=\"yes\"><span class=\"AnswerParser_TextContainer__z_Iiv\" data-testid=\"youchat-text\"><strong>Taggning<\/strong>: F\u00e4st RFID-taggarna p\u00e5 plagg eller linne med s\u00f6mnad eller vidh\u00e4ftning. Se till att taggarna \u00e4r ordentligt fastsatta f\u00f6r att t\u00e5la tv\u00e4tt.<\/span><\/li>\n<li class=\"AnswerParser_ListItem__XqLOV\" translate=\"yes\"><span class=\"AnswerParser_TextContainer__z_Iiv\" data-testid=\"youchat-text\"><strong>Scanning<\/strong>: Anv\u00e4nd en RFID-l\u00e4sare f\u00f6r att skanna taggarna under tv\u00e4ttprocessen. Detta kan g\u00f6ras p\u00e5 olika st\u00e4llen, inklusive avl\u00e4mning, tv\u00e4tt och h\u00e4mtning.<\/span><\/li>\n<li class=\"AnswerParser_ListItem__XqLOV\" translate=\"yes\"><span class=\"AnswerParser_TextContainer__z_Iiv\" data-testid=\"youchat-text\"><strong>Datahantering<\/strong>: Anv\u00e4nd RFID-programvara f\u00f6r att hantera och analysera data som samlas in fr\u00e5n taggarna. Detta kommer att hj\u00e4lpa till att sp\u00e5ra lagerniv\u00e5er och identifiera eventuella avvikelser.<\/span><\/li>\n<\/ol>\n<h3 class=\"AnswerParser_AnswerParserH3__Mpe4s\">Kundrecensioner<\/h3>\n<p><span class=\"AnswerParser_TextContainer__z_Iiv\" data-testid=\"youchat-text\">Kundfeedback \u00e4r en viktig aspekt f\u00f6r att f\u00f6rst\u00e5 effektiviteten av\u00a0<strong>RFID tv\u00e4ttetiketter<\/strong>. M\u00e5nga anv\u00e4ndare har rapporterat betydande f\u00f6rb\u00e4ttringar i sin tv\u00e4ttverksamhet efter att ha implementerat dessa taggar.<\/span><span class=\"AnswerParser_TextContainer__z_Iiv\" data-testid=\"youchat-text\">Till exempel, noterade en hotellchef, &quot;Sedan vi b\u00f6rjade anv\u00e4nda RFID-tv\u00e4ttetiketter har v\u00e5r lagerhantering blivit s\u00f6ml\u00f6s. Vi kan sp\u00e5ra v\u00e5ra s\u00e4ngkl\u00e4der och uniformer utan anstr\u00e4ngning, vilket har sparat oss b\u00e5de tid och pengar.\u201d<\/span><span class=\"AnswerParser_TextContainer__z_Iiv\" data-testid=\"youchat-text\">En annan kund fr\u00e5n en sjukv\u00e5rdsinr\u00e4ttning n\u00e4mnde: &quot;H\u00e5llbarheten hos dessa taggar \u00e4r imponerande. De klarar flera tv\u00e4ttcykler utan problem, vilket s\u00e4kerst\u00e4ller att vi uppr\u00e4tth\u00e5ller v\u00e5ra strikta hygienstandarder.\u201d<\/span><\/p>\n<h3 class=\"AnswerParser_AnswerParserH3__Mpe4s\">Relaterade produkter<\/h3>\n<p><span class=\"AnswerParser_TextContainer__z_Iiv\" data-testid=\"youchat-text\">F\u00f6rutom den\u00a0<strong>Vattent\u00e4t tv\u00e4ttbar RFID tv\u00e4ttetikett<\/strong>, det finns flera relaterade produkter som kan f\u00f6rb\u00e4ttra tv\u00e4tthanteringssystem. Dessa inkluderar:<\/span><\/p>\n<ul class=\"AnswerParser_AnswerParserUnorderedList__P_1FW\">\n<li class=\"AnswerParser_ListItem__XqLOV\" translate=\"yes\"><strong>RFID-etiketter<\/strong>: Idealisk f\u00f6r mindre f\u00f6rem\u00e5l eller specifika applikationer.<\/li>\n<li class=\"AnswerParser_ListItem__XqLOV\" translate=\"yes\"><strong>RFID-klisterm\u00e4rken<\/strong>: M\u00e5ngsidig och l\u00e4tt att applicera p\u00e5 olika ytor.<\/li>\n<li class=\"AnswerParser_ListItem__XqLOV\" translate=\"yes\"><strong>RFID-l\u00e4sare<\/strong>: Viktigt f\u00f6r att skanna och hantera taggade objekt effektivt.<\/li>\n<\/ul>\n<h3 class=\"AnswerParser_AnswerParserH3__Mpe4s\">\u00a0Vanliga fr\u00e5gor (FAQs)<\/h3>\n<p><span class=\"AnswerParser_TextContainer__z_Iiv\" data-testid=\"youchat-text\"><strong>F: Hur l\u00e4nge h\u00e5ller RFID-tv\u00e4ttetiketter?<\/strong><br \/>\nA: V\u00e5rt\u00a0<strong>RFID tv\u00e4ttetiketter<\/strong>\u00a0\u00e4r designade f\u00f6r att klara \u00f6ver 200 tv\u00e4ttcykler, vilket s\u00e4kerst\u00e4ller l\u00e5ngvarig prestanda.<\/span><\/p>\n<p><span class=\"AnswerParser_TextContainer__z_Iiv\" data-testid=\"youchat-text\"><strong>F: Kan dessa taggar anv\u00e4ndas i h\u00f6gtemperaturtv\u00e4ttar?<\/strong><br \/>\nS: Ja, dessa taggar \u00e4r speciellt utformade f\u00f6r att t\u00e5la h\u00f6ga temperaturer, vilket g\u00f6r dem l\u00e4mpliga f\u00f6r industriella tv\u00e4ttapplikationer.<\/span><\/p>\n<p><span class=\"AnswerParser_TextContainer__z_Iiv\" data-testid=\"youchat-text\"><strong>F: Hur best\u00e4ller jag RFID-tv\u00e4ttetiketter?<\/strong><br \/>\nS: F\u00f6r att g\u00f6ra en best\u00e4llning eller fr\u00e5ga om anpassningsalternativ, v\u00e4nligen fyll i kontaktformul\u00e4ret p\u00e5 v\u00e5r webbplats, s\u00e5 hj\u00e4lper v\u00e5rt team dig snabbt.<\/span><\/p>\n<h3 class=\"AnswerParser_AnswerParserH3__Mpe4s\">Slutsats<\/h3>\n<p><span class=\"AnswerParser_TextContainer__z_Iiv\" data-testid=\"youchat-text\">De\u00a0<strong>Vattent\u00e4t tv\u00e4ttbar RFID tv\u00e4ttetikett<\/strong>\u00a0\u00e4r en spelomvandlare f\u00f6r f\u00f6retag som vill f\u00f6rb\u00e4ttra sina processer f\u00f6r tv\u00e4tthantering. Med sin h\u00e5llbara design, avancerade teknik och m\u00e5nga f\u00f6rdelar \u00e4r det en investering som l\u00f6nar sig i effektivitet och kostnadsbesparingar.<\/span><span class=\"AnswerParser_TextContainer__z_Iiv\" data-testid=\"youchat-text\">Genom att anv\u00e4nda RFID-teknik kan f\u00f6retag effektivisera sin verksamhet, f\u00f6rb\u00e4ttra lagernoggrannheten och i slut\u00e4ndan ge b\u00e4ttre service till sina kunder. Missa inte m\u00f6jligheten att revolutionera din tv\u00e4tthantering\u2014<strong>kontakta oss<\/strong>\u00a0idag f\u00f6r att l\u00e4ra dig mer om v\u00e5ra RFID-l\u00f6sningar och hur de kan gynna din organisation.<\/span><\/p>\n<p>&nbsp;<\/p>\n<\/div>\n<div class=\"auto-hide-last-sibling-br paragraph_1252f paragraph-element\"><\/div>","protected":false},"excerpt":{"rendered":"<p><strong>Vattent\u00e4t tv\u00e4ttbar RFID tv\u00e4ttetikett<\/strong>\u00a0\u00e4r en spelomvandlare f\u00f6r f\u00f6retag som vill f\u00f6rb\u00e4ttra sina processer f\u00f6r tv\u00e4tthantering. Med sin h\u00e5llbara design, avancerade teknik och m\u00e5nga f\u00f6rdelar \u00e4r det en investering som l\u00f6nar sig i effektivitet och kostnadsbesparingar.<\/p>","protected":false},"featured_media":2827,"template":"","meta":{"_kad_post_transparent":"default","_kad_post_title":"","_kad_post_layout":"default","_kad_post_sidebar_id":"","_kad_post_content_style":"default","_kad_post_vertical_padding":"default","_kad_post_feature":"","_kad_post_feature_position":"","_kad_post_header":false,"_kad_post_footer":false,"_kad_post_classname":""},"product_brand":[],"product_cat":[16],"product_tag":[340,31,65,30,325],"class_list":{"0":"post-2822","1":"product","2":"type-product","3":"status-publish","4":"has-post-thumbnail","6":"product_cat-uhf-rfid-laundry-tags","7":"product_tag-rfid-chips","8":"product_tag-rfid-tag-for-linen-laundry","9":"product_tag-textile-rfid-laundry-tags","10":"product_tag-uhf-rfid-laundry-tag","11":"product_tag-washable-rfid-laundry-tag","13":"first","14":"instock","15":"featured","16":"shipping-taxable","17":"product-type-simple","18":"entry","19":"content-bg","20":"loop-entry"},"_links":{"self":[{"href":"https:\/\/rfid-laundry-tag.com\/sv\/wp-json\/wp\/v2\/product\/2822","targetHints":{"allow":["GET"]}}],"collection":[{"href":"https:\/\/rfid-laundry-tag.com\/sv\/wp-json\/wp\/v2\/product"}],"about":[{"href":"https:\/\/rfid-laundry-tag.com\/sv\/wp-json\/wp\/v2\/types\/product"}],"version-history":[{"count":2,"href":"https:\/\/rfid-laundry-tag.com\/sv\/wp-json\/wp\/v2\/product\/2822\/revisions"}],"predecessor-version":[{"id":2829,"href":"https:\/\/rfid-laundry-tag.com\/sv\/wp-json\/wp\/v2\/product\/2822\/revisions\/2829"}],"wp:featuredmedia":[{"embeddable":true,"href":"https:\/\/rfid-laundry-tag.com\/sv\/wp-json\/wp\/v2\/media\/2827"}],"wp:attachment":[{"href":"https:\/\/rfid-laundry-tag.com\/sv\/wp-json\/wp\/v2\/media?parent=2822"}],"wp:term":[{"taxonomy":"product_brand","embeddable":true,"href":"https:\/\/rfid-laundry-tag.com\/sv\/wp-json\/wp\/v2\/product_brand?post=2822"},{"taxonomy":"product_cat","embeddable":true,"href":"https:\/\/rfid-laundry-tag.com\/sv\/wp-json\/wp\/v2\/product_cat?post=2822"},{"taxonomy":"product_tag","embeddable":true,"href":"https:\/\/rfid-laundry-tag.com\/sv\/wp-json\/wp\/v2\/product_tag?post=2822"}],"curies":[{"name":"wp","href":"https:\/\/api.w.org\/{rel}","templated":true}]}}