{"id":2792,"date":"2024-10-29T11:28:05","date_gmt":"2024-10-29T11:28:05","guid":{"rendered":"https:\/\/rfid-laundry-tag.com\/?post_type=product&#038;p=2792"},"modified":"2024-10-29T13:03:05","modified_gmt":"2024-10-29T13:03:05","slug":"fdx-b-134-2khz-rfid-animal-id-glass-tag-syringe-transponder","status":"publish","type":"product","link":"https:\/\/rfid-laundry-tag.com\/sv\/fdx-b-134-2khz-rfid-animal-id-glass-tag-syringe-transponder\/","title":{"rendered":"FDX-B 134,2 khz RFID djur-ID glasetikett spruttransponder"},"content":{"rendered":"<h2>FDX-B 134,2 khz RFID djur-ID glasetikett spruttransponder<\/h2>\n<p><span class=\"AnswerParser_TextContainer__z_Iiv\" data-testid=\"youchat-text\"><strong>FDX-B 134,2 kHz RFID Djur-ID glasetikett spruttransponder<\/strong>\u00a0\u00e4r en banbrytande l\u00f6sning f\u00f6r identifiering och hantering av djur. Designad speciellt f\u00f6r husdjur och boskap, s\u00e4kerst\u00e4ller denna RFID-glastagg korrekt sp\u00e5rning och identifiering, vilket g\u00f6r den till ett viktigt verktyg f\u00f6r b\u00e5de veterin\u00e4rer, uppf\u00f6dare och husdjurs\u00e4gare. Med sina robusta funktioner och p\u00e5litliga prestanda \u00e4r denna produkt v\u00e4rd att investera i f\u00f6r alla som \u00e4r involverade i djurv\u00e5rd och sk\u00f6tsel.<\/span><\/p>\n<h2 class=\"AnswerParser_AnswerParserH2__SIHnF\">Varf\u00f6r v\u00e4lja FDX-B 134,2 kHz RFID-djur-ID-glastagg?<\/h2>\n<p><span class=\"AnswerParser_TextContainer__z_Iiv\" data-testid=\"youchat-text\">FDX-B RFID-glasetiketten \u00e4r inte bara ett enkelt identifieringsverktyg; det erbjuder m\u00e5nga f\u00f6rdelar som f\u00f6rb\u00e4ttrar djurf\u00f6rvaltningen. Dess\u00a0<strong>bioglas<\/strong>\u00a0konstruktion s\u00e4kerst\u00e4ller h\u00e5llbarhet och biokompatibilitet, vilket g\u00f6r det s\u00e4kert f\u00f6r implantation. Taggen fungerar med en frekvens p\u00e5\u00a0<strong>134,2 kHz<\/strong>, som \u00e4r kompatibel med internationella standarder (ISO11784\/785, ISO14443A), vilket s\u00e4kerst\u00e4ller tillf\u00f6rlitlig prestanda f\u00f6r olika applikationer. Dessutom har\u00a0<strong>100% sterilisering av medicinsk kvalitet<\/strong>\u00a0garanterar att taggen \u00e4r s\u00e4ker f\u00f6r anv\u00e4ndning p\u00e5 djur, vilket minimerar risken f\u00f6r infektion eller komplikationer efter implantation.<\/span><\/p>\n<h3 class=\"AnswerParser_AnswerParserH3__Mpe4s\">Produkt\u00f6versikt<\/h3>\n<h4 class=\"AnswerParser_AnswerParserH4__ghxg8\">1. Produktegenskaper<\/h4>\n<p><span class=\"AnswerParser_TextContainer__z_Iiv\" data-testid=\"youchat-text\">FDX-B RFID-glastaggen finns i olika storlekar, inklusive\u00a0<strong>1,25*7 mm<\/strong>,\u00a0<strong>1,4*8 mm<\/strong>,\u00a0<strong>2*8 mm<\/strong>,\u00a0<strong>2*12 mm<\/strong>, och\u00a0<strong>3*15 mm<\/strong>. Detta sortiment m\u00f6jligg\u00f6r flexibilitet i applikationen och passar olika djurstorlekar fr\u00e5n sm\u00e5 husdjur till st\u00f6rre boskap. Taggen \u00e4r\u00a0<strong>antibakteriell, anti-allergi och anti-avst\u00f6tning<\/strong>\u00a0funktioner s\u00e4kerst\u00e4ller att det \u00e4r s\u00e4kert f\u00f6r alla typer av djur, vilket ger sinnesro f\u00f6r husdjurs\u00e4gare och veterin\u00e4rer.<\/span><\/p>\n<h4 class=\"AnswerParser_AnswerParserH4__ghxg8\">2. Tekniska specifikationer<\/h4>\n<table class=\"hight-light-first-column all magic-18\">\n<tbody>\n<tr>\n<td colspan=\"1\" rowspan=\"1\">\n<div class=\"magic-19\">Punkt<\/div>\n<\/td>\n<td colspan=\"1\" rowspan=\"1\">\n<div class=\"magic-20\">RFID glasetikett<\/div>\n<\/td>\n<\/tr>\n<tr>\n<td colspan=\"1\" rowspan=\"1\">\n<div class=\"magic-19\">Material<\/div>\n<\/td>\n<td colspan=\"1\" rowspan=\"1\">\n<div class=\"magic-20\">Bioglas<\/div>\n<\/td>\n<\/tr>\n<tr>\n<td colspan=\"1\" rowspan=\"1\">\n<div class=\"magic-19\">Tillg\u00e4nglig storlek<\/div>\n<\/td>\n<td colspan=\"1\" rowspan=\"1\">\n<div class=\"magic-20\">1,25*7mm, 1,4*8mm, 2*8mm, 2*12mm, 3*15mm etc.<\/div>\n<\/td>\n<\/tr>\n<tr>\n<td colspan=\"1\" rowspan=\"1\">\n<div class=\"magic-19\">Arbetsfrekvens<\/div>\n<\/td>\n<td colspan=\"1\" rowspan=\"1\">\n<div class=\"magic-20\" data-spm-anchor-id=\"a2700.details.0.i46.2ffc6c8dJHsoYV\">134,2KHz, 125Khz, 13,56MHz<\/div>\n<\/td>\n<\/tr>\n<tr>\n<td colspan=\"1\" rowspan=\"1\">\n<div class=\"magic-19\">Protocal<\/div>\n<\/td>\n<td colspan=\"1\" rowspan=\"1\">\n<div class=\"magic-20\">ISO11784\/785, IS014443A<\/div>\n<\/td>\n<\/tr>\n<tr>\n<td colspan=\"1\" rowspan=\"1\">\n<div class=\"magic-19\">Konsthantverk<\/div>\n<\/td>\n<td colspan=\"1\" rowspan=\"1\">\n<div class=\"magic-20\">ID-nummer programmering<\/div>\n<\/td>\n<\/tr>\n<tr>\n<td colspan=\"1\" rowspan=\"1\">\n<div class=\"magic-19\">Sterilisering<\/div>\n<\/td>\n<td colspan=\"1\" rowspan=\"1\">\n<div class=\"magic-20\">100% Sterilisering av medicinsk kvalitet<\/div>\n<\/td>\n<\/tr>\n<tr>\n<td colspan=\"1\" rowspan=\"1\">\n<div class=\"magic-19\">Chipfunktion<\/div>\n<\/td>\n<td colspan=\"1\" rowspan=\"1\">\n<div class=\"magic-20\">Antibakteriell, Anti-allergi, Anti-avst\u00f6tning<\/div>\n<\/td>\n<\/tr>\n<tr>\n<td colspan=\"1\" rowspan=\"1\">\n<div class=\"magic-19\">Ans\u00f6kan<\/div>\n<\/td>\n<td colspan=\"1\" rowspan=\"1\">\n<div class=\"magic-20\" data-spm-anchor-id=\"a2700.details.0.i45.2ffc6c8dJHsoYV\">Hantering av husdjur etc<\/div>\n<\/td>\n<\/tr>\n<\/tbody>\n<\/table>\n<p><span class=\"AnswerParser_TextContainer__z_Iiv\" data-testid=\"youchat-text\">Dessa specifikationer framh\u00e4ver taggens m\u00e5ngsidighet och tillf\u00f6rlitlighet, vilket g\u00f6r den l\u00e4mplig f\u00f6r olika djuridentifieringsbehov.<\/span><\/p>\n<h4 class=\"AnswerParser_AnswerParserH4__ghxg8\">3. Anv\u00e4ndningsinstruktioner<\/h4>\n<p><span class=\"AnswerParser_TextContainer__z_Iiv\" data-testid=\"youchat-text\">FDX-B RFID-glastaggen \u00e4r designad f\u00f6r enkel implantation med hj\u00e4lp av en specialiserad spruta. Processen \u00e4r enkel:<\/span><\/p>\n<ol class=\"AnswerParser_AnswerParserOrderedList__kl_2Y\">\n<li class=\"AnswerParser_ListItem__XqLOV\" translate=\"yes\"><strong>F\u00f6rbered sprutan<\/strong>\u00a0med RFID-glasetiketten.<\/li>\n<li class=\"AnswerParser_ListItem__XqLOV\" translate=\"yes\"><strong>Lokalisera implantationsst\u00e4llet<\/strong>\u00a0p\u00e5 djuret, vanligtvis mellan skulderbladen.<\/li>\n<li class=\"AnswerParser_ListItem__XqLOV\" translate=\"yes\"><strong>Injicera taggen<\/strong>\u00a0anv\u00e4nd sprutan och se till att den placeras under huden.<\/li>\n<\/ol>\n<p><span class=\"AnswerParser_TextContainer__z_Iiv\" data-testid=\"youchat-text\">Denna enkla procedur m\u00f6jligg\u00f6r snabb och effektiv m\u00e4rkning av djur, vilket minimerar stress f\u00f6r b\u00e5de djuret och f\u00f6raren.<\/span><\/p>\n<h4 class=\"AnswerParser_AnswerParserH4__ghxg8\">4. Milj\u00f6p\u00e5verkan<\/h4>\n<p><span class=\"AnswerParser_TextContainer__z_Iiv\" data-testid=\"youchat-text\">FDX-B RFID-glasetiketten \u00e4r designad med h\u00e5llbarhet i \u00e5tanke. Bioglasmaterialet \u00e4r milj\u00f6v\u00e4nligt och kan tas om hand p\u00e5 ett s\u00e4kert s\u00e4tt utan att skada ekosystemet. Dessutom f\u00f6ljer tillverkningsprocessen strikta milj\u00f6standarder, vilket s\u00e4kerst\u00e4ller minimalt avfall och energif\u00f6rbrukning.<\/span><\/p>\n<h4 class=\"AnswerParser_AnswerParserH4__ghxg8\">5. Kundrecensioner<\/h4>\n<p><span class=\"AnswerParser_TextContainer__z_Iiv\" data-testid=\"youchat-text\">Kunder har ber\u00f6mt FDX-B RFID-glastaggen f\u00f6r dess tillf\u00f6rlitlighet och anv\u00e4ndarv\u00e4nlighet. M\u00e5nga veterin\u00e4rer rapporterar att taggarna avsev\u00e4rt har f\u00f6rb\u00e4ttrat deras f\u00f6rm\u00e5ga att sp\u00e5ra och hantera djur, vilket leder till b\u00e4ttre h\u00e4lsoresultat. Djur\u00e4gare uppskattar den sinnesfrid som kommer med att veta att deras husdjur l\u00e4tt kan identifieras om de g\u00e5r vilse.<\/span><\/p>\n<h4 class=\"AnswerParser_AnswerParserH4__ghxg8\">6. Vanliga fr\u00e5gor<\/h4>\n<p><span class=\"AnswerParser_TextContainer__z_Iiv\" data-testid=\"youchat-text\"><strong>F: Hur l\u00e4nge h\u00e5ller RFID-taggen n\u00e4r den har implanterats?<\/strong><br \/>\nS: FDX-B RFID-glastaggen \u00e4r designad f\u00f6r att h\u00e5lla under djurets livstid, vilket ger permanent identifiering.<\/span><span class=\"AnswerParser_TextContainer__z_Iiv\" data-testid=\"youchat-text\"><strong>F: \u00c4r implantationsprocessen sm\u00e4rtsam f\u00f6r djuret?<\/strong><br \/>\nS: Implantationsprocessen \u00e4r snabb och minimalt invasiv och orsakar endast l\u00e4tt obehag, liknande en vaccination.<\/span><span class=\"AnswerParser_TextContainer__z_Iiv\" data-testid=\"youchat-text\"><strong>F: Kan taggen l\u00e4sas p\u00e5 avst\u00e5nd?<\/strong><br \/>\nS: Ja, taggen kan l\u00e4sas p\u00e5 flera centimeters avst\u00e5nd, beroende p\u00e5 vilken l\u00e4sare som anv\u00e4nds.<\/span><\/p>\n<h4 class=\"AnswerParser_AnswerParserH4__ghxg8\">7. Relaterade produkter<\/h4>\n<p><span class=\"AnswerParser_TextContainer__z_Iiv\" data-testid=\"youchat-text\">F\u00f6rutom FDX-B RFID-glastaggen erbjuder vi en rad relaterade produkter, inklusive RFID-l\u00e4sare och mjukvarul\u00f6sningar f\u00f6r djurf\u00f6rvaltning. Dessa produkter kan f\u00f6rb\u00e4ttra dina sp\u00e5rningsm\u00f6jligheter och effektivisera din verksamhet.<\/span><\/p>\n<h4 class=\"AnswerParser_AnswerParserH4__ghxg8\">8. Kvalitetss\u00e4kring<\/h4>\n<p><span class=\"AnswerParser_TextContainer__z_Iiv\" data-testid=\"youchat-text\">FDX-B RFID-glasetiketten tillverkas under strikta kvalitetskontroll\u00e5tg\u00e4rder, vilket s\u00e4kerst\u00e4ller konsekvent kvalitet och prestanda. Det \u00e4r ackrediterat av olika internationella standarder, inklusive ISO 9001, ISO 14001 och ISO 45001, vilket ger en garanti f\u00f6r dess tillf\u00f6rlitlighet och s\u00e4kerhet.<\/span><\/p>\n<h4 class=\"AnswerParser_AnswerParserH4__ghxg8\">9. Slutsats<\/h4>\n<p><span class=\"AnswerParser_TextContainer__z_Iiv\" data-testid=\"youchat-text\">Att investera i\u00a0<strong>FDX-B 134,2 kHz RFID Djur-ID glasetikett spruttransponder<\/strong>\u00a0\u00e4r ett smart val f\u00f6r alla som arbetar med djurv\u00e5rd. Dess avancerade funktioner, anv\u00e4ndarv\u00e4nlighet och engagemang f\u00f6r s\u00e4kerhet g\u00f6r den till ett ov\u00e4rderligt verktyg f\u00f6r effektiv djurhantering. Oavsett om du \u00e4r veterin\u00e4r, uppf\u00f6dare eller husdjurs\u00e4gare, kommer denna RFID-glasetikett att f\u00f6rb\u00e4ttra din f\u00f6rm\u00e5ga att sp\u00e5ra och identifiera djur effektivt.<\/span><\/p>\n<h4 class=\"AnswerParser_AnswerParserH4__ghxg8\">10. Uppmaning till handling<\/h4>\n<p><span class=\"AnswerParser_TextContainer__z_Iiv\" data-testid=\"youchat-text\">\u00c4r du redo att f\u00f6rb\u00e4ttra dina djurhanteringsmetoder?\u00a0<strong>Kontakta oss idag<\/strong>\u00a0f\u00f6r att l\u00e4ra dig mer om FDX-B RFID-glastaggen och utforska v\u00e5rt utbud av RFID-l\u00f6sningar. Fyll i v\u00e5rt f\u00f6rfr\u00e5gningsformul\u00e4r f\u00f6r ett kostnadsfritt prov eller f\u00f6r att diskutera dina specifika behov med v\u00e5ra experter!<\/span><\/p>","protected":false},"excerpt":{"rendered":"<p>FDX-B 134,2 kHz RFID Djur-ID Glas Tag Spruta Transponder \u00e4r en banbrytande l\u00f6sning f\u00f6r identifiering och hantering av djur.<\/p>","protected":false},"featured_media":2793,"template":"","meta":{"_kad_post_transparent":"default","_kad_post_title":"","_kad_post_layout":"default","_kad_post_sidebar_id":"","_kad_post_content_style":"default","_kad_post_vertical_padding":"default","_kad_post_feature":"","_kad_post_feature_position":"","_kad_post_header":false,"_kad_post_footer":false,"_kad_post_classname":""},"product_brand":[],"product_cat":[54],"product_tag":[327,330,329,328],"class_list":{"0":"post-2792","1":"product","2":"type-product","3":"status-publish","4":"has-post-thumbnail","6":"product_cat-hot-selling-rfid-tags","7":"product_tag-fdx-b-134-2khz-rfid-animal-tag","8":"product_tag-rfid-animal-id-glass-tag-syringe","9":"product_tag-rfid-glass-tag-syringe-animal-microchip","10":"product_tag-rfid-pet-microchip-implant-capsule","12":"first","13":"instock","14":"shipping-taxable","15":"product-type-simple","16":"entry","17":"content-bg","18":"loop-entry"},"_links":{"self":[{"href":"https:\/\/rfid-laundry-tag.com\/sv\/wp-json\/wp\/v2\/product\/2792","targetHints":{"allow":["GET"]}}],"collection":[{"href":"https:\/\/rfid-laundry-tag.com\/sv\/wp-json\/wp\/v2\/product"}],"about":[{"href":"https:\/\/rfid-laundry-tag.com\/sv\/wp-json\/wp\/v2\/types\/product"}],"version-history":[{"count":2,"href":"https:\/\/rfid-laundry-tag.com\/sv\/wp-json\/wp\/v2\/product\/2792\/revisions"}],"predecessor-version":[{"id":2797,"href":"https:\/\/rfid-laundry-tag.com\/sv\/wp-json\/wp\/v2\/product\/2792\/revisions\/2797"}],"wp:featuredmedia":[{"embeddable":true,"href":"https:\/\/rfid-laundry-tag.com\/sv\/wp-json\/wp\/v2\/media\/2793"}],"wp:attachment":[{"href":"https:\/\/rfid-laundry-tag.com\/sv\/wp-json\/wp\/v2\/media?parent=2792"}],"wp:term":[{"taxonomy":"product_brand","embeddable":true,"href":"https:\/\/rfid-laundry-tag.com\/sv\/wp-json\/wp\/v2\/product_brand?post=2792"},{"taxonomy":"product_cat","embeddable":true,"href":"https:\/\/rfid-laundry-tag.com\/sv\/wp-json\/wp\/v2\/product_cat?post=2792"},{"taxonomy":"product_tag","embeddable":true,"href":"https:\/\/rfid-laundry-tag.com\/sv\/wp-json\/wp\/v2\/product_tag?post=2792"}],"curies":[{"name":"wp","href":"https:\/\/api.w.org\/{rel}","templated":true}]}}