{"id":2790,"date":"2024-10-29T10:34:39","date_gmt":"2024-10-29T10:34:39","guid":{"rendered":"https:\/\/rfid-laundry-tag.com\/?post_type=product&#038;p=2790"},"modified":"2024-10-29T10:49:45","modified_gmt":"2024-10-29T10:49:45","slug":"rfid-pet-microchip-implant-capsule","status":"publish","type":"product","link":"https:\/\/rfid-laundry-tag.com\/sv\/rfid-pet-microchip-implant-capsule\/","title":{"rendered":"RFID Pet Microchip Implant Capsel"},"content":{"rendered":"<p><span class=\"AnswerParser_TextContainer__z_Iiv\" data-testid=\"youchat-text\"><strong>RFID Pet Microchip Implant Capsel<\/strong>\u00a0erbjuder en p\u00e5litlig och effektiv l\u00f6sning f\u00f6r djur\u00e4gare som vill h\u00e5lla reda p\u00e5 sina djur. Denna innovativa produkt \u00e4r designad f\u00f6r att ge en permanent identifieringsmetod som \u00e4r b\u00e5de s\u00e4ker och effektiv. Med sin avancerade teknologi och medicinska material \u00e4r detta mikrochip ett m\u00e5ste f\u00f6r ansvarsfullt husdjurs\u00e4gande.<\/span><\/p>\n<h2 class=\"AnswerParser_AnswerParserH2__SIHnF\">Varf\u00f6r v\u00e4lja RFID Pet Microchip Implant Capsule?<\/h2>\n<p><span class=\"AnswerParser_TextContainer__z_Iiv\" data-testid=\"youchat-text\">RFID Pet Microchip Implant Capsule \u00e4r inte bara en produkt; det \u00e4r ett \u00e5tagande f\u00f6r ditt husdjurs s\u00e4kerhet. Genom att implantera detta mikrochip s\u00e4kerst\u00e4ller du att ditt husdjur l\u00e4tt kan identifieras om de n\u00e5gonsin g\u00e5r vilse. Mikrochippet \u00e4r litet, h\u00e5llbart och tillverkat av\u00a0<strong>bioglas<\/strong>, vilket g\u00f6r det s\u00e4kert f\u00f6r implantation. Med en m\u00e4ngd olika storlekar tillg\u00e4ngliga, inklusive\u00a0<strong>1,25*7 mm<\/strong>,\u00a0<strong>2*12 mm<\/strong>, och mer, den kan anv\u00e4ndas f\u00f6r husdjur av alla storlekar, fr\u00e5n sm\u00e5 fiskar till stora hundar.<\/span><\/p>\n<h3 class=\"AnswerParser_AnswerParserH3__Mpe4s\">Viktiga f\u00f6rdelar:<\/h3>\n<ul class=\"AnswerParser_AnswerParserUnorderedList__P_1FW\">\n<li class=\"AnswerParser_ListItem__XqLOV\" translate=\"yes\"><strong>Permanent identifiering<\/strong>: Till skillnad fr\u00e5n halsband eller taggar kan mikrochippet inte f\u00f6rloras eller tas bort.<\/li>\n<li class=\"AnswerParser_ListItem__XqLOV\" translate=\"yes\"><strong>Sterilisering av medicinsk kvalitet<\/strong>: Varje kapsel genomg\u00e5r\u00a0<strong>100% sterilisering av medicinsk kvalitet<\/strong>, vilket s\u00e4kerst\u00e4ller s\u00e4kerhet under implantation.<\/li>\n<li class=\"AnswerParser_ListItem__XqLOV\" translate=\"yes\"><strong>Antibakteriella och antiallergifunktioner<\/strong>: Chippet \u00e4r utformat f\u00f6r att minimera risken f\u00f6r infektion och allergiska reaktioner.<\/li>\n<\/ul>\n<h2 class=\"AnswerParser_AnswerParserH2__SIHnF\">Produktegenskaper<\/h2>\n<h3 class=\"AnswerParser_AnswerParserH3__Mpe4s\">1. Avancerad teknik<\/h3>\n<p><span class=\"AnswerParser_TextContainer__z_Iiv\" data-testid=\"youchat-text\">RFID Pet Microchip Implant Capsule arbetar med en frekvens p\u00e5\u00a0<strong>134,2KHz<\/strong>, i enlighet med\u00a0<strong>ISO11784\/785<\/strong>\u00a0och\u00a0<strong>ISO14443A<\/strong>\u00a0protokoll. Detta s\u00e4kerst\u00e4ller kompatibilitet med olika RFID-l\u00e4sare, vilket g\u00f6r det enkelt att skanna och h\u00e4mta ditt husdjurs information.<\/span><\/p>\n<h3 class=\"AnswerParser_AnswerParserH3__Mpe4s\">2. H\u00e5llbart och s\u00e4kert material<\/h3>\n<p><span class=\"AnswerParser_TextContainer__z_Iiv\" data-testid=\"youchat-text\">Konstruerad av\u00a0<strong>bioglas<\/strong>, mikrochippet \u00e4r designat f\u00f6r att motst\u00e5 p\u00e5frestningarna i ett djurs livsstil. De\u00a0<strong>parylenbel\u00e4ggning<\/strong>\u00a0f\u00f6rhindrar migrering n\u00e4r det v\u00e4l har implanterats, vilket s\u00e4kerst\u00e4ller att chippet f\u00f6rblir s\u00e4kert p\u00e5 plats.<\/span><\/p>\n<h3 class=\"AnswerParser_AnswerParserH3__Mpe4s\">3. Storleksalternativ<\/h3>\n<p><span class=\"AnswerParser_TextContainer__z_Iiv\" data-testid=\"youchat-text\">Tillg\u00e4nglig i flera storlekar, RFID Pet Microchip Implant Capsule v\u00e4nder sig till olika djur:<\/span><\/p>\n<ul class=\"AnswerParser_AnswerParserUnorderedList__P_1FW\">\n<li class=\"AnswerParser_ListItem__XqLOV\" translate=\"yes\"><strong>1,25*7 mm<\/strong>: Idealisk f\u00f6r sm\u00e5 husdjur som fiskar och m\u00f6ss.<\/li>\n<li class=\"AnswerParser_ListItem__XqLOV\" translate=\"yes\"><strong>2*12 mm<\/strong>: Anv\u00e4nds vanligtvis f\u00f6r hundar, katter och st\u00f6rre djur.<\/li>\n<\/ul>\n<h3 class=\"AnswerParser_AnswerParserH3__Mpe4s\">4. Enkel implantation<\/h3>\n<p><span class=\"AnswerParser_TextContainer__z_Iiv\" data-testid=\"youchat-text\">Mikrochippet kan enkelt implanteras med en spruta, vilket g\u00f6r processen snabb och sm\u00e4rtfri f\u00f6r ditt husdjur. De\u00a0<strong>injektor<\/strong>\u00a0\u00e4r designad f\u00f6r precision, vilket s\u00e4kerst\u00e4ller att chipet placeras korrekt.<\/span><\/p>\n<h3 class=\"AnswerParser_AnswerParserH3__Mpe4s\">5. Programmerbart ID-nummer<\/h3>\n<p><span class=\"AnswerParser_TextContainer__z_Iiv\" data-testid=\"youchat-text\">Varje mikrochip kommer med ett unikt ID-nummer som kan programmeras f\u00f6r att l\u00e4nka till ditt husdjurs information, inklusive medicinsk historia och \u00e4garinformation. Den h\u00e4r funktionen \u00f6kar chanserna f\u00f6r en lyckad \u00e5terf\u00f6rening om ditt husdjur f\u00f6rsvinner.<\/span><\/p>\n<h2 class=\"AnswerParser_AnswerParserH2__SIHnF\">Milj\u00f6p\u00e5verkan<\/h2>\n<p><span class=\"AnswerParser_TextContainer__z_Iiv\" data-testid=\"youchat-text\">RFID Pet Microchip Implant Capsule \u00e4r designad med h\u00e5llbarhet i \u00e5tanke. Materialen som anv\u00e4nds \u00e4r milj\u00f6v\u00e4nliga, och tillverkningsprocessen f\u00f6ljer strikt\u00a0<strong>ISO 9001<\/strong>\u00a0och\u00a0<strong>ISO 14001<\/strong>\u00a0standarder. Detta engagemang f\u00f6r kvalitet och h\u00e5llbarhet s\u00e4kerst\u00e4ller att du g\u00f6r ett ansvarsfullt val f\u00f6r ditt husdjur och planeten.<\/span><\/p>\n<h2 class=\"AnswerParser_AnswerParserH2__SIHnF\">Kundrecensioner<\/h2>\n<p><span class=\"AnswerParser_TextContainer__z_Iiv\" data-testid=\"youchat-text\">M\u00e5nga husdjurs\u00e4gare har hittat sinnesfrid efter att ha implanterat RFID Pet Microchip Capsule i sina husdjur. H\u00e4r \u00e4r n\u00e5gra vittnesm\u00e5l:<\/span><\/p>\n<ul class=\"AnswerParser_AnswerParserUnorderedList__P_1FW\">\n<li class=\"AnswerParser_ListItem__XqLOV\" translate=\"yes\"><strong>Sarah T.<\/strong>: &quot;Jag var orolig f\u00f6r att min katt skulle g\u00e5 vilse, men nu k\u00e4nner jag mig s\u00e5 mycket b\u00e4ttre n\u00e4r jag vet att hon har ett mikrochip. Det \u00e4r ett litet pris att betala f\u00f6r hennes s\u00e4kerhet!\u201d<\/li>\n<li class=\"AnswerParser_ListItem__XqLOV\" translate=\"yes\"><strong>John D.<\/strong>: \u201cImplantationsprocessen var snabb och enkel. Jag rekommenderar starkt denna produkt till alla djur\u00e4gare.\u201d<\/li>\n<\/ul>\n<h2 class=\"AnswerParser_AnswerParserH2__SIHnF\">Vanliga fr\u00e5gor<\/h2>\n<h3 class=\"AnswerParser_AnswerParserH3__Mpe4s\">Hur fungerar RFID Pet Microchip?<\/h3>\n<p><span class=\"AnswerParser_TextContainer__z_Iiv\" data-testid=\"youchat-text\">Mikrochippet anv\u00e4nder radiofrekvensidentifieringsteknik f\u00f6r att \u00f6verf\u00f6ra ditt husdjurs unika ID-nummer till en skanner. Denna information kan sedan kopplas till dina kontaktuppgifter.<\/span><\/p>\n<h3 class=\"AnswerParser_AnswerParserH3__Mpe4s\">\u00c4r implantationsprocessen sm\u00e4rtsam f\u00f6r mitt husdjur?<\/h3>\n<p><span class=\"AnswerParser_TextContainer__z_Iiv\" data-testid=\"youchat-text\">Implantationen liknar en rutinvaccination och \u00e4r i allm\u00e4nhet snabb och sm\u00e4rtfri. De flesta husdjur upplever minimalt obehag.<\/span><\/p>\n<h3 class=\"AnswerParser_AnswerParserH3__Mpe4s\">Kan mikrochippet tas bort?<\/h3>\n<p><span class=\"AnswerParser_TextContainer__z_Iiv\" data-testid=\"youchat-text\">Nej, RFID Pet Microchip \u00e4r designat f\u00f6r att vara en permanent form av identifiering. Det kan inte tas bort n\u00e4r det v\u00e4l har implanterats.<\/span><\/p>\n<h3 class=\"AnswerParser_AnswerParserH3__Mpe4s\">Vad h\u00e4nder om mitt husdjur g\u00e5r vilse?<\/h3>\n<p><span class=\"AnswerParser_TextContainer__z_Iiv\" data-testid=\"youchat-text\">Om ditt husdjur hittas och skannas kommer det unika ID-numret att ge tillg\u00e5ng till din kontaktinformation, vilket m\u00f6jligg\u00f6r en snabb \u00e5terf\u00f6rening.<\/span><\/p>\n<h2 class=\"AnswerParser_AnswerParserH2__SIHnF\">Slutsats<\/h2>\n<p><span class=\"AnswerParser_TextContainer__z_Iiv\" data-testid=\"youchat-text\">Att investera i\u00a0<strong>RFID Pet Microchip Implant Capsel<\/strong>\u00a0\u00e4r ett proaktivt steg mot att s\u00e4kerst\u00e4lla ditt husdjurs s\u00e4kerhet och v\u00e4lbefinnande. Med sin avancerade teknik, h\u00e5llbara material och anv\u00e4ndarv\u00e4nlighet \u00e4r detta mikrochip ett viktigt verktyg f\u00f6r ansvarsfullt husdjurs\u00e4gande. V\u00e4nta inte tills det \u00e4r f\u00f6r sent \u2013 s\u00e4kra ditt husdjurs framtid idag med denna p\u00e5litliga identifieringsl\u00f6sning.<\/span><span class=\"AnswerParser_TextContainer__z_Iiv\" data-testid=\"youchat-text\">F\u00f6r mer information eller f\u00f6r att g\u00f6ra en best\u00e4llning, v\u00e4nligen fyll i v\u00e5rt f\u00f6rfr\u00e5gningsformul\u00e4r. Ditt husdjur f\u00f6rtj\u00e4nar det b\u00e4sta!<\/span><\/p>","protected":false},"excerpt":{"rendered":"<p>RFID Pet Microchip Implant Capsule erbjuder p\u00e5litlig, human identifiering av djur med h\u00e5llbar bioglasdesign, vilket s\u00e4kerst\u00e4ller s\u00e4kerhet och noggrannhet f\u00f6r olika arter.<\/p>","protected":false},"featured_media":2787,"template":"","meta":{"_kad_post_transparent":"default","_kad_post_title":"","_kad_post_layout":"default","_kad_post_sidebar_id":"","_kad_post_content_style":"default","_kad_post_vertical_padding":"default","_kad_post_feature":"","_kad_post_feature_position":"","_kad_post_header":false,"_kad_post_footer":false,"_kad_post_classname":""},"product_brand":[],"product_cat":[54],"product_tag":[327,326,329,328],"class_list":{"0":"post-2790","1":"product","2":"type-product","3":"status-publish","4":"has-post-thumbnail","6":"product_cat-hot-selling-rfid-tags","7":"product_tag-fdx-b-134-2khz-rfid-animal-tag","8":"product_tag-rfid-animal-id-glass-tag","9":"product_tag-rfid-glass-tag-syringe-animal-microchip","10":"product_tag-rfid-pet-microchip-implant-capsule","12":"first","13":"instock","14":"shipping-taxable","15":"product-type-simple","16":"entry","17":"content-bg","18":"loop-entry"},"_links":{"self":[{"href":"https:\/\/rfid-laundry-tag.com\/sv\/wp-json\/wp\/v2\/product\/2790","targetHints":{"allow":["GET"]}}],"collection":[{"href":"https:\/\/rfid-laundry-tag.com\/sv\/wp-json\/wp\/v2\/product"}],"about":[{"href":"https:\/\/rfid-laundry-tag.com\/sv\/wp-json\/wp\/v2\/types\/product"}],"version-history":[{"count":1,"href":"https:\/\/rfid-laundry-tag.com\/sv\/wp-json\/wp\/v2\/product\/2790\/revisions"}],"predecessor-version":[{"id":2791,"href":"https:\/\/rfid-laundry-tag.com\/sv\/wp-json\/wp\/v2\/product\/2790\/revisions\/2791"}],"wp:featuredmedia":[{"embeddable":true,"href":"https:\/\/rfid-laundry-tag.com\/sv\/wp-json\/wp\/v2\/media\/2787"}],"wp:attachment":[{"href":"https:\/\/rfid-laundry-tag.com\/sv\/wp-json\/wp\/v2\/media?parent=2790"}],"wp:term":[{"taxonomy":"product_brand","embeddable":true,"href":"https:\/\/rfid-laundry-tag.com\/sv\/wp-json\/wp\/v2\/product_brand?post=2790"},{"taxonomy":"product_cat","embeddable":true,"href":"https:\/\/rfid-laundry-tag.com\/sv\/wp-json\/wp\/v2\/product_cat?post=2790"},{"taxonomy":"product_tag","embeddable":true,"href":"https:\/\/rfid-laundry-tag.com\/sv\/wp-json\/wp\/v2\/product_tag?post=2790"}],"curies":[{"name":"wp","href":"https:\/\/api.w.org\/{rel}","templated":true}]}}