{"id":2784,"date":"2024-10-29T10:04:23","date_gmt":"2024-10-29T10:04:23","guid":{"rendered":"https:\/\/rfid-laundry-tag.com\/?post_type=product&#038;p=2784"},"modified":"2024-10-29T10:32:07","modified_gmt":"2024-10-29T10:32:07","slug":"134-2khz-tube-rfid-glass-tag","status":"publish","type":"product","link":"https:\/\/rfid-laundry-tag.com\/sv\/134-2khz-tube-rfid-glass-tag\/","title":{"rendered":"134,2KHz r\u00f6r RFID glasetikett"},"content":{"rendered":"<p><span class=\"AnswerParser_TextContainer__z_Iiv\" data-testid=\"youchat-text\"><strong>134,2KHz r\u00f6r RFID glasetikett<\/strong>\u00a0\u00e4r en innovativ och p\u00e5litlig l\u00f6sning f\u00f6r identifiering och hantering av djur. Designad specifikt f\u00f6r att m\u00f6ta ISO-standarder, ger denna RFID-glastagg en exceptionell niv\u00e5 av noggrannhet och h\u00e5llbarhet, vilket g\u00f6r den till ett idealiskt val f\u00f6r husdjurs\u00e4gare, veterin\u00e4rer och djurh\u00e5llare. Med sin kompakta storlek och avancerade funktioner s\u00e4kerst\u00e4ller denna produkt effektiv sp\u00e5rning och identifiering av djur, vilket f\u00f6rb\u00e4ttrar f\u00f6rvaltningspraxis f\u00f6r olika applikationer.<\/span><\/p>\n<h2 class=\"AnswerParser_AnswerParserH2__SIHnF\">F\u00f6rdelar med 134,2KHz Tube RFID Glas Tag<\/h2>\n<p><span class=\"AnswerParser_TextContainer__z_Iiv\" data-testid=\"youchat-text\">Att investera i 134,2KHz Tube RFID Glas Tag erbjuder m\u00e5nga f\u00f6rdelar. Det ger en s\u00f6ml\u00f6s identifieringsmetod som inte bara \u00e4r effektiv utan ocks\u00e5 human. Taggen \u00e4r gjord av bioglas, vilket s\u00e4kerst\u00e4ller att den \u00e4r s\u00e4ker f\u00f6r djurimplantation. Dess medicinska steriliseringsprocess garanterar att varje tagg \u00e4r fri fr\u00e5n f\u00f6roreningar, vilket minskar risken f\u00f6r infektioner. Dessutom s\u00e4kerst\u00e4ller taggens antibakteriella och antiallergifunktioner att djuren f\u00f6rblir bekv\u00e4ma efter implantation.<\/span><span class=\"AnswerParser_TextContainer__z_Iiv\" data-testid=\"youchat-text\">Denna RFID-glasetikett finns i olika storlekar (1,25<em>7 mm, 1,4<\/em>8 mm, 2<em>8 mm, 2<\/em>12 mm och 3*15 mm), som passar olika djurarter och storlekar. Den arbetar med en arbetsfrekvens p\u00e5 134,2KHz, vilket g\u00f6r den l\u00e4mplig f\u00f6r ett brett spektrum av applikationer, fr\u00e5n husdjurshantering till boskapssp\u00e5rning.<\/span><\/p>\n<h2 class=\"AnswerParser_AnswerParserH2__SIHnF\">Produkt\u00f6versikt<\/h2>\n<h3 class=\"AnswerParser_AnswerParserH3__Mpe4s\">1. Vad \u00e4r en RFID-glasetikett?<\/h3>\n<p><span class=\"AnswerParser_TextContainer__z_Iiv\" data-testid=\"youchat-text\">RFID-glastaggar, \u00e4ven k\u00e4nd som RFID-kapseltaggar, \u00e4r sm\u00e5 transpondrar avsedda fr\u00e4mst f\u00f6r identifiering av djur. De anv\u00e4nder teknik f\u00f6r radiofrekvensidentifiering (RFID) f\u00f6r att m\u00f6jligg\u00f6ra exakt sp\u00e5rning och hantering av djur. 134,2KHz Tube RFID-glastaggen \u00e4r speciellt utformad f\u00f6r att uppfylla ISO11784\/785- och ISO14443A-protokollen, vilket s\u00e4kerst\u00e4ller kompatibilitet med olika RFID-system.<\/span><\/p>\n<h3 class=\"AnswerParser_AnswerParserH3__Mpe4s\">2. Viktiga egenskaper hos 134,2KHz RFID-glastaggen<\/h3>\n<ul class=\"AnswerParser_AnswerParserUnorderedList__P_1FW\">\n<li class=\"AnswerParser_ListItem__XqLOV\" translate=\"yes\"><strong>Material<\/strong>: RFID-glasetiketten \u00e4r gjord av bioglas, ett h\u00e5llbart och biokompatibelt material som garanterar s\u00e4kerheten och v\u00e4lbefinnandet f\u00f6r de implanterade djuren.<\/li>\n<li class=\"AnswerParser_ListItem__XqLOV\" translate=\"yes\"><strong>Tillg\u00e4ngliga storlekar<\/strong>: Taggen erbjuds i flera storlekar, inklusive 1,25<em>7 mm (perfekt f\u00f6r sm\u00e5 husdjur), 2<\/em>12 mm (anv\u00e4nds vanligtvis f\u00f6r hundar och katter), och andra storlekar som passar olika arter.<\/li>\n<li class=\"AnswerParser_ListItem__XqLOV\" translate=\"yes\"><strong>Arbetsfrekvens<\/strong>: Den h\u00e4r taggen fungerar med en frekvens p\u00e5 134,2KHz och \u00e4r designad f\u00f6r p\u00e5litlig prestanda i olika milj\u00f6er.<\/li>\n<\/ul>\n<h3 class=\"AnswerParser_AnswerParserH3__Mpe4s\">3. Tekniska specifikationer<\/h3>\n<div class=\"AnswerParser_TableContainer__Erb6v\" data-testid=\"table-container\">\n<table>\n<thead>\n<tr>\n<th style=\"text-align: left;\">Specifikation<\/th>\n<th style=\"text-align: left;\">Detaljer<\/th>\n<\/tr>\n<\/thead>\n<tbody>\n<tr>\n<td><strong>Material<\/strong><\/td>\n<td>Bioglas<\/td>\n<\/tr>\n<tr>\n<td><strong>Tillg\u00e4ngliga storlekar<\/strong><\/td>\n<td>1.25<em>7 mm, 1,4<\/em>8 mm, 2<em>8 mm, 2<\/em>12 mm, 3*15 mm<\/td>\n<\/tr>\n<tr>\n<td><strong>Arbetsfrekvens<\/strong><\/td>\n<td>134,2KHz, 125KHz, 13,56MHz<\/td>\n<\/tr>\n<tr>\n<td><strong>Protokoll<\/strong><\/td>\n<td>ISO11784\/785, ISO14443A<\/td>\n<\/tr>\n<tr>\n<td><strong>Sterilisering<\/strong><\/td>\n<td>100% Sterilisering av medicinsk kvalitet<\/td>\n<\/tr>\n<tr>\n<td><strong>Chipfunktioner<\/strong><\/td>\n<td>Antibakteriell, Anti-allergi, Anti-avst\u00f6tning<\/td>\n<\/tr>\n<\/tbody>\n<\/table>\n<\/div>\n<h3 class=\"AnswerParser_AnswerParserH3__Mpe4s\">4. Anv\u00e4ndningsinstruktioner<\/h3>\n<p><span class=\"AnswerParser_TextContainer__z_Iiv\" data-testid=\"youchat-text\">Installationen av 134,2KHz Tube RFID Glas Tag \u00e4r enkel. Det kan enkelt implanteras med en spruta, vilket g\u00f6r det till en snabb och sm\u00e4rtfri procedur f\u00f6r djur. Taggen ska placeras subkutant, s\u00e5 att den sitter s\u00e4kert p\u00e5 plats samtidigt som den ger tillf\u00f6rlitlig identifiering.<\/span><\/p>\n<h3 class=\"AnswerParser_AnswerParserH3__Mpe4s\">5. Milj\u00f6p\u00e5verkan<\/h3>\n<p><span class=\"AnswerParser_TextContainer__z_Iiv\" data-testid=\"youchat-text\">RFID-glastaggen \u00e4r designad med minimal milj\u00f6p\u00e5verkan i \u00e5tanke. Bioglasmaterialet \u00e4r \u00e5tervinningsbart och tillverkningsprocessen f\u00f6ljer str\u00e4nga milj\u00f6krav. Dessutom produceras taggarna under ISO 9001- och ISO 14001-certifieringar, vilket s\u00e4kerst\u00e4ller h\u00e5llbara metoder genom hela produktionsprocessen.<\/span><\/p>\n<h3 class=\"AnswerParser_AnswerParserH3__Mpe4s\">6. Kundrecensioner<\/h3>\n<p><span class=\"AnswerParser_TextContainer__z_Iiv\" data-testid=\"youchat-text\">Kunder har ber\u00f6mt 134,2KHz Tube RFID Glass Tag f\u00f6r dess tillf\u00f6rlitlighet och anv\u00e4ndarv\u00e4nlighet. M\u00e5nga veterin\u00e4rer rekommenderar det f\u00f6r identifiering av husdjur, och noterar dess komfort f\u00f6r djur och dess noggrannhet vid sp\u00e5rning. Boskapssk\u00f6tare uppskattar ocks\u00e5 dess h\u00e5llbarhet och den sinnesfrid den ger n\u00e4r de sk\u00f6ter sina bes\u00e4ttningar.<\/span><\/p>\n<h3 class=\"AnswerParser_AnswerParserH3__Mpe4s\">7. Vanliga fr\u00e5gor<\/h3>\n<p><span class=\"AnswerParser_TextContainer__z_Iiv\" data-testid=\"youchat-text\"><strong>F: Hur l\u00e4nge h\u00e5ller RFID-glastaggen?<\/strong><br \/>\nS: RFID-glastaggen \u00e4r designad f\u00f6r l\u00e5ngvarig anv\u00e4ndning, som ofta varar under djurets livstid om den \u00e4r korrekt implanterad.<\/span><\/p>\n<p><span class=\"AnswerParser_TextContainer__z_Iiv\" data-testid=\"youchat-text\"><strong>F: \u00c4r taggen s\u00e4ker f\u00f6r alla djur?<\/strong><br \/>\nS: Ja, bioglasmaterialet och steriliseringsprocesserna av medicinsk kvalitet s\u00e4kerst\u00e4ller att det \u00e4r s\u00e4kert f\u00f6r alla djurtyper, inklusive husdjur och boskap.<\/span><\/p>\n<p><span class=\"AnswerParser_TextContainer__z_Iiv\" data-testid=\"youchat-text\"><strong>F: Kan taggen l\u00e4sas p\u00e5 avst\u00e5nd?<\/strong><br \/>\nS: Ja, l\u00e4somr\u00e5det kan variera beroende p\u00e5 vilken l\u00e4sare som anv\u00e4nds, men det m\u00f6jligg\u00f6r vanligtvis effektiv skanning utan att beh\u00f6va direktkontakt.<\/span><\/p>\n<h3 class=\"AnswerParser_AnswerParserH3__Mpe4s\">8. Relaterade produkter<\/h3>\n<p><span class=\"AnswerParser_TextContainer__z_Iiv\" data-testid=\"youchat-text\">Utforska v\u00e5rt utbud av relaterade produkter, inklusive RFID-etiketter, RFID-dekaler och andra RFID-taggningsl\u00f6sningar som kompletterar RFID-glastaggen p\u00e5 134,2 KHz. Dessa produkter kan f\u00f6rb\u00e4ttra dina identifieringssystem och effektivisera dina djurhanteringsprocesser.<\/span><\/p>\n<h3 class=\"AnswerParser_AnswerParserH3__Mpe4s\">9. Slutsats<\/h3>\n<p><span class=\"AnswerParser_TextContainer__z_Iiv\" data-testid=\"youchat-text\">De\u00a0<strong>134,2KHz r\u00f6r RFID glasetikett<\/strong>\u00a0erbjuder en \u00f6verl\u00e4gsen l\u00f6sning f\u00f6r identifiering och hantering av djur. Med sin robusta design, effektiva drift och humana till\u00e4mpning st\u00e5r den som ett p\u00e5litligt verktyg f\u00f6r b\u00e5de husdjurs\u00e4gare och boskapsf\u00f6rvaltare. Investera i framtiden f\u00f6r sp\u00e5rning och f\u00f6rvaltning av djur med denna banbrytande RFID-l\u00f6sning.<\/span><\/p>","protected":false},"excerpt":{"rendered":"<p>134,2KHz Tube RFID-glastaggen erbjuder p\u00e5litlig, human identifiering av djur med h\u00e5llbar bioglasdesign, vilket garanterar s\u00e4kerhet och noggrannhet f\u00f6r olika arter.<\/p>","protected":false},"featured_media":2785,"template":"","meta":{"_kad_post_transparent":"default","_kad_post_title":"","_kad_post_layout":"default","_kad_post_sidebar_id":"","_kad_post_content_style":"default","_kad_post_vertical_padding":"default","_kad_post_feature":"","_kad_post_feature_position":"","_kad_post_header":false,"_kad_post_footer":false,"_kad_post_classname":""},"product_brand":[],"product_cat":[54],"product_tag":[327,326,328],"class_list":{"0":"post-2784","1":"product","2":"type-product","3":"status-publish","4":"has-post-thumbnail","6":"product_cat-hot-selling-rfid-tags","7":"product_tag-fdx-b-134-2khz-rfid-animal-tag","8":"product_tag-rfid-animal-id-glass-tag","9":"product_tag-rfid-pet-microchip-implant-capsule","11":"first","12":"instock","13":"shipping-taxable","14":"product-type-simple","15":"entry","16":"content-bg","17":"loop-entry"},"_links":{"self":[{"href":"https:\/\/rfid-laundry-tag.com\/sv\/wp-json\/wp\/v2\/product\/2784","targetHints":{"allow":["GET"]}}],"collection":[{"href":"https:\/\/rfid-laundry-tag.com\/sv\/wp-json\/wp\/v2\/product"}],"about":[{"href":"https:\/\/rfid-laundry-tag.com\/sv\/wp-json\/wp\/v2\/types\/product"}],"version-history":[{"count":1,"href":"https:\/\/rfid-laundry-tag.com\/sv\/wp-json\/wp\/v2\/product\/2784\/revisions"}],"predecessor-version":[{"id":2789,"href":"https:\/\/rfid-laundry-tag.com\/sv\/wp-json\/wp\/v2\/product\/2784\/revisions\/2789"}],"wp:featuredmedia":[{"embeddable":true,"href":"https:\/\/rfid-laundry-tag.com\/sv\/wp-json\/wp\/v2\/media\/2785"}],"wp:attachment":[{"href":"https:\/\/rfid-laundry-tag.com\/sv\/wp-json\/wp\/v2\/media?parent=2784"}],"wp:term":[{"taxonomy":"product_brand","embeddable":true,"href":"https:\/\/rfid-laundry-tag.com\/sv\/wp-json\/wp\/v2\/product_brand?post=2784"},{"taxonomy":"product_cat","embeddable":true,"href":"https:\/\/rfid-laundry-tag.com\/sv\/wp-json\/wp\/v2\/product_cat?post=2784"},{"taxonomy":"product_tag","embeddable":true,"href":"https:\/\/rfid-laundry-tag.com\/sv\/wp-json\/wp\/v2\/product_tag?post=2784"}],"curies":[{"name":"wp","href":"https:\/\/api.w.org\/{rel}","templated":true}]}}