{"id":2775,"date":"2024-10-24T16:17:52","date_gmt":"2024-10-24T16:17:52","guid":{"rendered":"https:\/\/rfid-laundry-tag.com\/?post_type=product&#038;p=2775"},"modified":"2024-10-29T09:32:48","modified_gmt":"2024-10-29T09:32:48","slug":"waterproof-washable-uhf-textile-rfid-laundry-tag-with-hole","status":"publish","type":"product","link":"https:\/\/rfid-laundry-tag.com\/sv\/waterproof-washable-uhf-textile-rfid-laundry-tag-with-hole\/","title":{"rendered":"Vattent\u00e4t tv\u00e4ttbar UHF textil RFID tv\u00e4ttlapp med h\u00e5l"},"content":{"rendered":"<h1><strong>Vattent\u00e4t tv\u00e4ttbar UHF textil RFID tv\u00e4ttlapp med h\u00e5l<\/strong><\/h1>\n<p><strong>Vattent\u00e4t tv\u00e4ttbar UHF textil RFID tv\u00e4ttetikett med h\u00e5l ,<\/strong>en revolutionerande produkt skr\u00e4ddarsydd f\u00f6r att f\u00f6rb\u00e4ttra sp\u00e5rning och hantering av tv\u00e4ttartiklar. Denna RFID-tagg \u00e4r designad f\u00f6r h\u00e5llbarhet och anv\u00e4ndarv\u00e4nlighet och \u00e4r avg\u00f6rande f\u00f6r att uppr\u00e4tth\u00e5lla driftseffektiviteten i olika milj\u00f6er, fr\u00e5n industriella tv\u00e4tterier till sjukhus och hotell. L\u00e4s vidare f\u00f6r att uppt\u00e4cka de m\u00e5nga f\u00f6rdelarna med att inf\u00f6rliva dessa taggar i din tv\u00e4ttverksamhet.<\/p>\n<table class=\"all magic-7\">\n<tbody>\n<tr>\n<td colspan=\"1\" rowspan=\"1\">\n<div class=\"magic-8\" data-spm-anchor-id=\"a2700.details.0.i41.3a7a13dayRHcNe\">RFID-standard:<\/div>\n<\/td>\n<td colspan=\"1\" rowspan=\"1\">\n<div class=\"magic-9\">ISO\/IEC 18000-6 TypeC (EPC Gen2)<\/div>\n<\/td>\n<\/tr>\n<tr>\n<td colspan=\"1\" rowspan=\"1\">\n<div class=\"magic-8\">Storlek &amp; Vikt:<\/div>\n<\/td>\n<td colspan=\"1\" rowspan=\"1\">\n<div class=\"magic-9\">70\u00d715 mm, 0,7g<\/div>\n<\/td>\n<\/tr>\n<tr>\n<td colspan=\"1\" rowspan=\"1\">\n<div class=\"magic-8\">Chiptyp:<\/div>\n<\/td>\n<td colspan=\"1\" rowspan=\"1\">\n<div class=\"magic-9\">NXP Ucode 9<\/div>\n<\/td>\n<\/tr>\n<tr>\n<td colspan=\"1\" rowspan=\"1\">\n<div class=\"magic-8\">EPC-minne:<\/div>\n<\/td>\n<td colspan=\"1\" rowspan=\"1\">\n<div class=\"magic-9\">128 bitar<\/div>\n<\/td>\n<\/tr>\n<tr>\n<td colspan=\"1\" rowspan=\"1\">\n<div class=\"magic-8\">Anv\u00e4ndarminne:<\/div>\n<\/td>\n<td colspan=\"1\" rowspan=\"1\">\n<div class=\"magic-9\">96 bitar<\/div>\n<\/td>\n<\/tr>\n<tr>\n<td colspan=\"1\" rowspan=\"1\">\n<div class=\"magic-8\">L\u00e4sintervall (fast l\u00e4sare):<\/div>\n<\/td>\n<td colspan=\"1\" rowspan=\"1\">\n<div class=\"magic-9\">10m<\/div>\n<\/td>\n<\/tr>\n<tr>\n<td colspan=\"1\" rowspan=\"1\">\n<div class=\"magic-8\">L\u00e4somr\u00e5de (handh\u00e5llen l\u00e4sare):<\/div>\n<\/td>\n<td colspan=\"1\" rowspan=\"1\">\n<div class=\"magic-9\">8m<\/div>\n<\/td>\n<\/tr>\n<tr>\n<td colspan=\"1\" rowspan=\"1\">\n<div class=\"magic-8\">Taggning:<\/div>\n<\/td>\n<td colspan=\"1\" rowspan=\"1\">\n<div class=\"magic-9\">S\u00f6mnad, v\u00e4rmef\u00f6rsegling<\/div>\n<\/td>\n<\/tr>\n<tr>\n<td colspan=\"1\" rowspan=\"1\">\n<div class=\"magic-8\">Ber\u00e4knad livsl\u00e4ngd:<\/div>\n<\/td>\n<td colspan=\"1\" rowspan=\"1\">\n<div class=\"magic-9\">200 tv\u00e4ttcykler eller 3 \u00e5r, beroende p\u00e5 vad som intr\u00e4ffar f\u00f6rst<\/div>\n<\/td>\n<\/tr>\n<tr>\n<td colspan=\"1\" rowspan=\"1\">\n<div class=\"magic-8\">Tv\u00e4ttmetod:<\/div>\n<\/td>\n<td colspan=\"1\" rowspan=\"1\">\n<div class=\"magic-9\">Tv\u00e4ttservice, Kemtv\u00e4tt<\/div>\n<\/td>\n<\/tr>\n<tr>\n<td colspan=\"1\" rowspan=\"1\">\n<div class=\"magic-8\">Vattenextraktionstryck:<\/div>\n<\/td>\n<td colspan=\"1\" rowspan=\"1\">\n<div class=\"magic-9\">60 bar<\/div>\n<\/td>\n<\/tr>\n<tr>\n<td colspan=\"1\" rowspan=\"1\">\n<div class=\"magic-8\">Vattent\u00e5lighet:<\/div>\n<\/td>\n<td colspan=\"1\" rowspan=\"1\">\n<div class=\"magic-9\">Vattent\u00e5lig<\/div>\n<\/td>\n<\/tr>\n<tr>\n<td colspan=\"1\" rowspan=\"1\">\n<div class=\"magic-8\">Kemisk best\u00e4ndighet:<\/div>\n<\/td>\n<td colspan=\"1\" rowspan=\"1\">\n<div class=\"magic-9\">Tv\u00e4ttmedel, sk\u00f6ljmedel, blekmedel (syre\/klor), alkali<\/div>\n<\/td>\n<\/tr>\n<tr>\n<td colspan=\"1\" rowspan=\"1\">\n<div class=\"magic-8\">F\u00f6rtorkning i torktumlare:<\/div>\n<\/td>\n<td colspan=\"1\" rowspan=\"1\">\n<div class=\"magic-9\">125 \u00baC i 15-20 minuter<\/div>\n<\/td>\n<\/tr>\n<tr>\n<td colspan=\"1\" rowspan=\"1\">\n<div class=\"magic-8\" data-spm-anchor-id=\"a2700.details.0.i43.3a7a13dayRHcNe\">Steriliseringstemperatur:<\/div>\n<\/td>\n<td colspan=\"1\" rowspan=\"1\">\n<div class=\"magic-9\">135\u00b0C i 15-20 minuter<\/div>\n<\/td>\n<\/tr>\n<tr>\n<td colspan=\"1\" rowspan=\"1\">\n<div class=\"magic-8\">Tv\u00e4tttemperatur:<\/div>\n<\/td>\n<td colspan=\"1\" rowspan=\"1\">\n<div class=\"magic-9\">90\u00b0C, Upp till 15 min.<\/div>\n<\/td>\n<\/tr>\n<tr>\n<td colspan=\"1\" rowspan=\"1\">\n<div class=\"magic-8\">Fuktighet\/temperaturdrift:<\/div>\n<\/td>\n<td colspan=\"1\" rowspan=\"1\">\n<div class=\"magic-9\" data-spm-anchor-id=\"a2700.details.0.i42.3a7a13dayRHcNe\">-20 till 110\u00b0C, 8 till 95%RH<\/div>\n<\/td>\n<\/tr>\n<tr>\n<td colspan=\"1\" rowspan=\"1\">\n<div class=\"magic-8\">Fuktighet\/temperatur-lagring:<\/div>\n<\/td>\n<td colspan=\"1\" rowspan=\"1\">\n<div class=\"magic-9\">-40 till 110\u00b0C, 8 till 95%RH<\/div>\n<\/td>\n<\/tr>\n<\/tbody>\n<\/table>\n<h3>Varf\u00f6r v\u00e4lja vattent\u00e4t tv\u00e4ttbar UHF textil RFID tv\u00e4ttetiketter?<\/h3>\n<p>Att investera i RFID-tv\u00e4ttetiketter erbjuder en m\u00e4ngd f\u00f6rdelar som g\u00f6r det m\u00f6jligt f\u00f6r f\u00f6retag att effektivisera sina processer. H\u00e4r \u00e4r n\u00e5gra \u00f6vertygande sk\u00e4l att \u00f6verv\u00e4ga\u00a0<strong>RFID tv\u00e4ttlapp<\/strong>\u00a0f\u00f6r din tv\u00e4ttverksamhet:<\/p>\n<ul>\n<li><strong>F\u00f6rb\u00e4ttrad sp\u00e5rning och hantering:<\/strong>\u00a0S\u00e4g adj\u00f6 till f\u00f6rlorade eller felplacerade f\u00f6rem\u00e5l. UHF-tekniken s\u00e4kerst\u00e4ller att varje plagg eller linne kan sp\u00e5ras exakt, vilket minskar manuella fel och f\u00f6rb\u00e4ttrar lagerhanteringen.<\/li>\n<li><strong>H\u00e5llbarhet och tillf\u00f6rlitlighet:<\/strong>\u00a0Dessa RFID-taggar \u00e4r gjorda f\u00f6r att t\u00e5la str\u00e4nga tv\u00e4ttf\u00f6rh\u00e5llanden och t\u00e5l h\u00f6ga temperaturer och flera tv\u00e4ttcykler (upp till 200), vilket g\u00f6r dem till en idealisk l\u00f6sning f\u00f6r kommersiella och industriella tv\u00e4ttapplikationer.<\/li>\n<li><strong>M\u00e5ngsidighet i anv\u00e4ndning:<\/strong>\u00a0Med m\u00f6jlighet att sys eller v\u00e4rmef\u00f6rseglas p\u00e5 olika textilier, dessa\u00a0<strong>tv\u00e4ttbara RFID-taggar<\/strong>\u00a0\u00e4r perfekta f\u00f6r hotell, sjukhus och alla anl\u00e4ggningar som kr\u00e4ver strikt linnehantering.<\/li>\n<\/ul>\n<h3>Viktiga egenskaper hos vattent\u00e4t tv\u00e4ttbar UHF-textil RFID tv\u00e4ttetikett<\/h3>\n<h4>1. Avancerad RFID-teknik<\/h4>\n<p>V\u00e5r\u00a0<strong>RFID tv\u00e4ttetiketter<\/strong>\u00a0\u00e4r kompatibla med ISO\/IEC 18000-6 Typ C (EPC Gen2), vilket s\u00e4kerst\u00e4ller att de uppfyller industristandarder f\u00f6r prestanda och tillf\u00f6rlitlighet. Integrationen av banbrytande UHF-teknik m\u00f6jligg\u00f6r snabb data\u00f6verf\u00f6ring och effektiva sp\u00e5rningsprocesser.<\/p>\n<h4>2. Storlek och vikt<\/h4>\n<p>Med m\u00e5tt p\u00e5\u00a0<strong>70\u00d715 mm<\/strong>\u00a0och en l\u00e4tt design av just\u00a0<strong>0,7 g<\/strong>, dessa taggar \u00e4r l\u00e4tta att inf\u00f6rliva i alla plagg utan att l\u00e4gga till bulk eller obehag. Den kompakta storleken m\u00f6jligg\u00f6r s\u00f6ml\u00f6s integration i olika textilier, oavsett om det g\u00e4ller\u00a0<strong>uniformer, s\u00e4ngkl\u00e4der eller andra tv\u00e4ttartiklar<\/strong>.<\/p>\n<h4>3. H\u00f6gt l\u00e4sintervall<\/h4>\n<p>De\u00a0<strong>l\u00e4sa intervall<\/strong>\u00a0\u00e4r en kritisk faktor f\u00f6r effektiva RFID-system. V\u00e5ra taggar kan uppn\u00e5 en\u00a0<strong>l\u00e4savst\u00e5nd p\u00e5 upp till 10 meter med fasta l\u00e4sare<\/strong>\u00a0och\u00a0<strong>8 meter med handh\u00e5llna l\u00e4sare<\/strong>. Detta ut\u00f6kade utbud optimerar sp\u00e5rningsprocessen, vilket m\u00f6jligg\u00f6r effektiva lagerkontroller och arbetsfl\u00f6deshantering i livliga tv\u00e4ttmilj\u00f6er.<\/p>\n<h4>4. H\u00e5llbar i tuffa f\u00f6rh\u00e5llanden<\/h4>\n<p>Designade f\u00f6r h\u00e5llbarhet, dessa\u00a0<strong>vattent\u00e4ta RFID-taggar<\/strong>\u00a0kan utst\u00e5 rigor\u00f6sa reng\u00f6ringsprocesser, inklusive:<\/p>\n<ul>\n<li><strong>Tv\u00e4tttemperatur:<\/strong>\u00a0Fram till\u00a0<strong>90\u00b0C<\/strong>\u00a0i 15 minuter, vilket s\u00e4kerst\u00e4ller noggrann reng\u00f6ring.<\/li>\n<li><strong>Steriliseringstemperatur:<\/strong>\u00a0Kan motst\u00e5 steriliseringsprocesser vid\u00a0<strong>135\u00b0C<\/strong>\u00a0i 15-20 minuter, vilket g\u00f6r dem l\u00e4mpliga f\u00f6r medicinska milj\u00f6er.<\/li>\n<li><strong>Kemisk best\u00e4ndighet:<\/strong>\u00a0Resistent mot vanliga tv\u00e4ttkemikalier som tv\u00e4ttmedel, sk\u00f6ljmedel och blekmedel, vilket s\u00e4kerst\u00e4ller l\u00e5ng livsl\u00e4ngd och konsekvent prestanda.<\/li>\n<\/ul>\n<h4>5. Milj\u00f6h\u00e4nsyn<\/h4>\n<p>Dessa taggar \u00e4r designade f\u00f6r att t\u00e5la\u00a0<strong>h\u00f6ga vattenutvinningstryck<\/strong>\u00a0av upp till\u00a0<strong>60 bar<\/strong>, vilket s\u00e4kerst\u00e4ller att de f\u00f6rblir funktionella \u00e4ven under de mest kr\u00e4vande tv\u00e4ttf\u00f6rh\u00e5llandena. Materialen som anv\u00e4nds \u00e4r milj\u00f6v\u00e4nliga, vilket ytterligare h\u00f6jer deras v\u00e4rde.<\/p>\n<h4>6. Livstid och anv\u00e4ndningsinstruktioner<\/h4>\n<p>Med en ber\u00e4knad livsl\u00e4ngd p\u00e5\u00a0<strong>200 tv\u00e4ttcykler eller 3 \u00e5r<\/strong>\u00a0(beroende p\u00e5 vilket som kommer f\u00f6rst), v\u00e5ra RFID-tv\u00e4ttetiketter \u00e4r byggda f\u00f6r att h\u00e5lla. De kan s\u00f6ml\u00f6st \u00f6verg\u00e5 fr\u00e5n tv\u00e4tt- till kemtv\u00e4ttsmilj\u00f6er, vilket g\u00f6r dem m\u00e5ngsidiga f\u00f6r olika operativa behov.<\/p>\n<h3>Relaterade produkter<\/h3>\n<p>F\u00f6r att komplettera v\u00e5r\u00a0<strong>vattent\u00e4t tv\u00e4ttbar UHF textil RFID tv\u00e4ttetiketter<\/strong>, \u00f6verv\u00e4g att utforska dessa relaterade produkter:<\/p>\n<ul>\n<li><strong>RFID-l\u00e4sare:<\/strong>\u00a0Viktiga verktyg f\u00f6r att effektivt l\u00e4sa och sp\u00e5ra RFID-taggar inom din verksamhet.<\/li>\n<li><strong>M\u00e4rkningstillbeh\u00f6r:<\/strong>\u00a0Alternativ f\u00f6r att sy, v\u00e4rmef\u00f6rsegla eller f\u00e4sta RFID-taggar p\u00e5 olika textilier.<\/li>\n<li><strong>Programvarul\u00f6sningar:<\/strong>\u00a0RFID-hanteringsprogramvara f\u00f6r att sp\u00e5ra lager och f\u00f6rb\u00e4ttra ditt tv\u00e4tthanteringssystem.<\/li>\n<\/ul>\n<h3>Milj\u00f6p\u00e5verkan och industrif\u00f6rdelar<\/h3>\n<ol>\n<li><strong>Minskat avfall:<\/strong>\u00a0Genom att effektivt sp\u00e5ra s\u00e4ngkl\u00e4der och plagg hj\u00e4lper dessa taggar till att minska avfallet fr\u00e5n f\u00f6rlorade eller felplacerade f\u00f6rem\u00e5l, vilket bidrar till mer h\u00e5llbara metoder i tv\u00e4ttbranschen.<\/li>\n<li><strong>Optimerad resurshantering:<\/strong>\u00a0Effektiv sp\u00e5rning leder till optimerad tv\u00e4ttdrift, vilket s\u00e4kerst\u00e4ller att alla s\u00e4ngkl\u00e4der och plagg h\u00e5lls i toppkvalitet, vilket i slut\u00e4ndan f\u00f6rl\u00e4nger deras livsl\u00e4ngd och minskar ers\u00e4ttningskostnaderna.<\/li>\n<li><strong>F\u00f6rb\u00e4ttrad kundn\u00f6jdhet:<\/strong>\u00a0Effektiv lagerhantering inneb\u00e4r att kunderna f\u00e5r sina s\u00e4ngkl\u00e4der i r\u00e4tt tid och p\u00e5 ett organiserat s\u00e4tt, vilket leder till f\u00f6rb\u00e4ttrade kundupplevelser inom branscher som g\u00e4stfrihet och h\u00e4lsov\u00e5rd.<\/li>\n<\/ol>\n<h3>Kundrecensioner och upplevelser<\/h3>\n<p>V\u00e5ra kunder har rapporterat betydande f\u00f6rb\u00e4ttringar i sin tv\u00e4ttverksamhet efter att ha implementerat v\u00e5ra vattent\u00e4ta tv\u00e4ttbara UHF-textil RFID-tv\u00e4ttetiketter. H\u00e4r \u00e4r n\u00e5gra vittnesm\u00e5l:<\/p>\n<ul>\n<li><strong>&quot;Sedan vi b\u00f6rjade anv\u00e4nda dessa RFID-tv\u00e4ttetiketter har vi drastiskt minskat tiden f\u00f6r att leta efter felplacerade f\u00f6rem\u00e5l. V\u00e5r effektivitet har f\u00f6rb\u00e4ttrats och v\u00e5r personal kan fokusera p\u00e5 att leverera kvalitetsservice.\u201d<\/strong>\u00a0s\u00e4ger Linda, chef p\u00e5 ett lokalt hotell.<\/li>\n<li><strong>&quot;H\u00e5llbarheten f\u00f6r dessa taggar har varit imponerande. De klarar v\u00e5ra rigor\u00f6sa tv\u00e4ttcykler och fungerar fortfarande perfekt. Jag rekommenderar dem starkt f\u00f6r alla kommersiella tv\u00e4tttj\u00e4nster.&quot;<\/strong>\u00a0konstaterar Mark, en verksamhetschef i en industriell tv\u00e4ttanl\u00e4ggning.<\/li>\n<\/ul>\n<h3>Vanliga fr\u00e5gor (FAQs)<\/h3>\n<h4>1. Vilket \u00e4r driftstemperaturintervallet f\u00f6r dessa RFID-taggar?<\/h4>\n<p>RFID-taggarna kan fungera inom ett temperaturintervall p\u00e5\u00a0<strong>-20 till 110\u00b0C<\/strong>\u00a0och tolerera\u00a0<strong>8 till 95% relativ luftfuktighet<\/strong>, vilket s\u00e4kerst\u00e4ller att de kan fungera i olika milj\u00f6er.<\/p>\n<h4>2. Hur ska jag f\u00e4sta RFID-tv\u00e4ttlapparna p\u00e5 plaggen?<\/h4>\n<p>Taggarna kan f\u00e4stas av\u00a0<strong>s\u00f6mnad eller v\u00e4rmef\u00f6rsegling<\/strong>, vilket ger flexibilitet baserat p\u00e5 dina operativa behov och plaggtyper.<\/p>\n<h4>3. Kan dessa taggar anv\u00e4ndas f\u00f6r kemtv\u00e4tt?<\/h4>\n<p>Ja, dessa RFID-taggar \u00e4r tillr\u00e4ckligt m\u00e5ngsidiga f\u00f6r anv\u00e4ndning i b\u00e5da\u00a0<strong>tv\u00e4tt- och kemtv\u00e4ttsinst\u00e4llningar<\/strong>.<\/p>\n<h4>4. Hur maximerar jag livsl\u00e4ngden f\u00f6r mina RFID-tv\u00e4ttetiketter?<\/h4>\n<p>F\u00f6r att s\u00e4kerst\u00e4lla l\u00e5ng livsl\u00e4ngd, f\u00f6lj de medf\u00f6ljande tv\u00e4tt- och torkanvisningarna och undvik exponering f\u00f6r extrema kemikalier utanf\u00f6r vanliga tv\u00e4tt- och sk\u00f6ljmedel.<\/p>\n<h3>Slutsats: F\u00f6rvandla din tv\u00e4tthantering med RFID-teknik<\/h3>\n<p>De\u00a0<strong>Vattent\u00e4t tv\u00e4ttbar UHF textil RFID tv\u00e4ttlapp med h\u00e5l<\/strong>\u00a0\u00e4r mer \u00e4n bara ett tv\u00e4tttillbeh\u00f6r; det \u00e4r ett viktigt verktyg f\u00f6r modern\u00a0<strong>tv\u00e4tthantering<\/strong>. Genom att investera i h\u00e5llbara, p\u00e5litliga och l\u00e4ttanv\u00e4nda taggar kan du effektivisera verksamheten, minska f\u00f6rlusterna och f\u00f6rb\u00e4ttra den \u00f6vergripande effektiviteten i dina tv\u00e4tttj\u00e4nster.<\/p>","protected":false},"excerpt":{"rendered":"<p>Vattent\u00e4t tv\u00e4ttbar UHF textil RFID tv\u00e4ttetikett med h\u00e5l, designad f\u00f6r h\u00e5llbarhet och effektiv sp\u00e5rning i industriella tv\u00e4ttapplikationer.<\/p>","protected":false},"featured_media":2776,"template":"","meta":{"_kad_post_transparent":"default","_kad_post_title":"","_kad_post_layout":"default","_kad_post_sidebar_id":"","_kad_post_content_style":"default","_kad_post_vertical_padding":"default","_kad_post_feature":"","_kad_post_feature_position":"","_kad_post_header":false,"_kad_post_footer":false,"_kad_post_classname":""},"product_brand":[],"product_cat":[19],"product_tag":[324,65,30,325],"class_list":{"0":"post-2775","1":"product","2":"type-product","3":"status-publish","4":"has-post-thumbnail","6":"product_cat-textile-rfid-laundry-tag","7":"product_tag-rfid-laundry-tag","8":"product_tag-textile-rfid-laundry-tags","9":"product_tag-uhf-rfid-laundry-tag","10":"product_tag-washable-rfid-laundry-tag","12":"first","13":"instock","14":"featured","15":"shipping-taxable","16":"product-type-simple","17":"entry","18":"content-bg","19":"loop-entry"},"_links":{"self":[{"href":"https:\/\/rfid-laundry-tag.com\/sv\/wp-json\/wp\/v2\/product\/2775","targetHints":{"allow":["GET"]}}],"collection":[{"href":"https:\/\/rfid-laundry-tag.com\/sv\/wp-json\/wp\/v2\/product"}],"about":[{"href":"https:\/\/rfid-laundry-tag.com\/sv\/wp-json\/wp\/v2\/types\/product"}],"version-history":[{"count":3,"href":"https:\/\/rfid-laundry-tag.com\/sv\/wp-json\/wp\/v2\/product\/2775\/revisions"}],"predecessor-version":[{"id":2782,"href":"https:\/\/rfid-laundry-tag.com\/sv\/wp-json\/wp\/v2\/product\/2775\/revisions\/2782"}],"wp:featuredmedia":[{"embeddable":true,"href":"https:\/\/rfid-laundry-tag.com\/sv\/wp-json\/wp\/v2\/media\/2776"}],"wp:attachment":[{"href":"https:\/\/rfid-laundry-tag.com\/sv\/wp-json\/wp\/v2\/media?parent=2775"}],"wp:term":[{"taxonomy":"product_brand","embeddable":true,"href":"https:\/\/rfid-laundry-tag.com\/sv\/wp-json\/wp\/v2\/product_brand?post=2775"},{"taxonomy":"product_cat","embeddable":true,"href":"https:\/\/rfid-laundry-tag.com\/sv\/wp-json\/wp\/v2\/product_cat?post=2775"},{"taxonomy":"product_tag","embeddable":true,"href":"https:\/\/rfid-laundry-tag.com\/sv\/wp-json\/wp\/v2\/product_tag?post=2775"}],"curies":[{"name":"wp","href":"https:\/\/api.w.org\/{rel}","templated":true}]}}