{"id":277,"date":"2024-06-26T08:06:00","date_gmt":"2024-06-26T08:06:00","guid":{"rendered":"https:\/\/rfid-laundry-tag.com\/?post_type=product&#038;p=277"},"modified":"2024-06-26T08:06:01","modified_gmt":"2024-06-26T08:06:01","slug":"on-metal-uhf-rfid-sticker","status":"publish","type":"product","link":"https:\/\/rfid-laundry-tag.com\/sv\/on-metal-uhf-rfid-sticker\/","title":{"rendered":"P\u00e5 metall UHF RFID-klisterm\u00e4rke"},"content":{"rendered":"<table style=\"border-collapse: collapse; width: 370.82pt;\" border=\"0\" width=\"618\" cellspacing=\"0\" cellpadding=\"0\">\n<tbody>\n<tr style=\"height: 17.40pt;\">\n<td class=\"et2\" style=\"height: 17.40pt; width: 127.80pt;\" width=\"213\" height=\"29\">Objektets namn<\/td>\n<td class=\"et3\" style=\"width: 243.00pt;\" width=\"405\">P\u00e5 metall UHF RFID-klisterm\u00e4rke<\/td>\n<\/tr>\n<tr style=\"height: 41.00pt;\">\n<td class=\"et4\" style=\"height: 41.00pt; width: 127.80pt;\" width=\"213\" height=\"68\">Material<\/td>\n<td class=\"et5\" style=\"width: 243.00pt;\" width=\"405\">Bestruket papper+EFVA-skum<\/td>\n<\/tr>\n<tr style=\"height: 25.00pt;\">\n<td class=\"et4\" style=\"height: 25.00pt; width: 127.80pt;\" width=\"213\" height=\"41\">Storlek<\/td>\n<td class=\"et5\" style=\"width: 243.00pt;\" width=\"405\">90*25*1,2 mm, 60*25*1,2 mm, 70*30 osv<\/td>\n<\/tr>\n<tr style=\"height: 17.40pt;\">\n<td class=\"et4\" style=\"height: 17.40pt; width: 127.80pt;\" width=\"213\" height=\"29\">Chips<\/td>\n<td class=\"et5\" style=\"width: 243.00pt;\" width=\"405\">Monza R6,U9 etc<\/td>\n<\/tr>\n<tr style=\"height: 40.00pt;\">\n<td class=\"et4\" style=\"height: 40.00pt; width: 127.80pt;\" width=\"213\" height=\"66\">Protokoll<\/td>\n<td class=\"et5\" style=\"width: 243.00pt;\" width=\"405\">ISO\/IEC18000-6C<\/td>\n<\/tr>\n<tr style=\"height: 17.40pt;\">\n<td class=\"et4\" style=\"height: 17.40pt; width: 127.80pt;\" width=\"213\" height=\"29\">Frekvens<\/td>\n<td class=\"et5\" style=\"width: 243.00pt;\" width=\"405\">902-928MHz<\/td>\n<\/tr>\n<tr style=\"height: 63.00pt;\">\n<td class=\"et4\" style=\"height: 63.00pt; width: 127.80pt;\" width=\"213\" height=\"105\">Personalisering<\/td>\n<td class=\"et5\" style=\"width: 243.00pt;\" width=\"405\">Logotyptryck, kodning<\/td>\n<\/tr>\n<tr style=\"height: 60.00pt;\">\n<td class=\"et6\" style=\"height: 60.00pt; width: 127.80pt;\" width=\"213\" height=\"100\">Ans\u00f6kan<\/td>\n<td class=\"et7\" style=\"width: 243.00pt;\" width=\"405\">lagerhylla, IT-tillg\u00e5ng\/Metallcontainer\/Utrustning &amp; enhetssp\u00e5rning<\/td>\n<\/tr>\n<\/tbody>\n<\/table>\n<p>&nbsp;<\/p>\n<p>Dessa etiketter \u00e4r mycket l\u00e4ttare, mer flexibla, utskrivbara och m\u00e5ngsidiga \u00e4n de flesta RFID h\u00e5rdmetalletiketter och erbjuder alla dessa funktioner till en betydligt l\u00e4gre kostnad. Med dessa anti-metall RFID-taggar \u00e4r du s\u00e4ker p\u00e5 effektivitet och prisv\u00e4rdhet utan att kompromissa med prestanda.<\/p>\n<div class=\"auto-hide-last-sibling-br paragraph_9dc5f paragraph-element\">Printable On Metal RFID-taggen erbjuder m\u00e5nga anm\u00e4rkningsv\u00e4rda funktioner som g\u00f6r den till ett idealiskt val f\u00f6r olika applikationer:<\/div>\n<ol class=\"auto-hide-last-sibling-br\">\n<li>\n<div class=\"auto-hide-last-sibling-br paragraph_9dc5f paragraph-element\">Perfekt RFID-prestanda p\u00e5 metallytor: Taggen \u00e4r speciellt utformad f\u00f6r att ge optimal prestanda n\u00e4r den f\u00e4sts p\u00e5 metallenheter.<\/div>\n<\/li>\n<li>\n<div class=\"auto-hide-last-sibling-br paragraph_9dc5f paragraph-element\">Ultraliten och ultratunn: Med en tjocklek p\u00e5 endast 1 mm \u00e4r RFID-taggen otroligt kompakt, vilket g\u00f6r den idealisk f\u00f6r termisk \u00f6verf\u00f6ringsutskrift.<\/div>\n<\/li>\n<li>\n<div class=\"auto-hide-last-sibling-br paragraph_9dc5f paragraph-element\">Flexibilitet: Taggen \u00e4r designad f\u00f6r att vara flexibel, vilket inneb\u00e4r att den kan anpassa sig till b\u00f6jda ytor utan problem.<\/div>\n<\/li>\n<li>\n<div class=\"auto-hide-last-sibling-br paragraph_9dc5f paragraph-element\">L\u00e5ngt l\u00e4sr\u00e4ckvidd: N\u00e4r taggen v\u00e4l \u00e4r f\u00e4st p\u00e5 en metallyta har den ett imponerande avl\u00e4sningsomr\u00e5de p\u00e5 upp till 8 meter, vilket ger utm\u00e4rkt sp\u00e5rbarhet.<\/div>\n<\/li>\n<li>\n<div class=\"auto-hide-last-sibling-br paragraph_9dc5f paragraph-element\">Frekvensst\u00f6d: Taggen st\u00f6der b\u00e5de FCC (Federal Communications Commission) och ETSI (European Telecommunications Standards Institute) frekvenser, vilket g\u00f6r den anpassningsbar f\u00f6r anv\u00e4ndning i olika regioner.<\/div>\n<\/li>\n<li>\n<div class=\"auto-hide-last-sibling-br paragraph_9dc5f paragraph-element\">\u00d6verl\u00e4gset skydd: Med en IP68-klassning \u00e4r RFID-taggen dammt\u00e4t och kan h\u00e5lla neds\u00e4nkning i vatten, vilket g\u00f6r den till ett utm\u00e4rkt val f\u00f6r tuffa milj\u00f6er eller applikationer d\u00e4r motst\u00e5nd mot tuffa f\u00f6rh\u00e5llanden \u00e4r n\u00f6dv\u00e4ndigt.<\/div>\n<\/li>\n<\/ol>\n<div class=\"auto-hide-last-sibling-br paragraph_9dc5f paragraph-element\">Dessa funktioner kombineras f\u00f6r att g\u00f6ra Printable On Metal RFID-taggen till ett kraftfullt och m\u00e5ngsidigt verktyg f\u00f6r att sp\u00e5ra och hantera tillg\u00e5ngar p\u00e5 metallytor.<\/div>","protected":false},"excerpt":{"rendered":"<div class=\"auto-hide-last-sibling-br paragraph_9dc5f paragraph-element\">Den ultratunna och flexibla anti-metall UHF-etiketten \u00e4r mindre \u00e4n 1,2 mm i tjocklek. Dessa etiketter erbjuder en p\u00e5litlig l\u00f6sning f\u00f6r utskrift p\u00e5 plats av RFID-tillg\u00e5ngstaggar, och kan enkelt skrivas ut och kodas med en RFID-skrivare som SATO CL4NX eller Toshiba SX-5. Denna typ av RFID-etikett \u00e4r mjuk och flexibel, vilket g\u00f6r den perfekt l\u00e4mpad f\u00f6r plana eller minimalt b\u00f6jda metallytor. Oavsett om det \u00e4r en IT-tillg\u00e5ng, en medicinsk utrustning, ett metallr\u00f6r eller en metallbeh\u00e5llare, \u00e4r den h\u00e4r taggen den perfekta passformen. Den kombinerar h\u00f6g prestanda och kostnadseffektivitet i ett paket.<\/div>","protected":false},"featured_media":278,"template":"","meta":{"_kad_post_transparent":"default","_kad_post_title":"","_kad_post_layout":"default","_kad_post_sidebar_id":"","_kad_post_content_style":"default","_kad_post_vertical_padding":"default","_kad_post_feature":"","_kad_post_feature_position":"","_kad_post_header":false,"_kad_post_footer":false,"_kad_post_classname":""},"product_brand":[],"product_cat":[54],"product_tag":[105],"class_list":{"0":"post-277","1":"product","2":"type-product","3":"status-publish","4":"has-post-thumbnail","6":"product_cat-hot-selling-rfid-tags","7":"product_tag-on-metal-uhf-rfid-sticker","9":"first","10":"instock","11":"shipping-taxable","12":"product-type-simple","13":"entry","14":"content-bg","15":"loop-entry"},"_links":{"self":[{"href":"https:\/\/rfid-laundry-tag.com\/sv\/wp-json\/wp\/v2\/product\/277","targetHints":{"allow":["GET"]}}],"collection":[{"href":"https:\/\/rfid-laundry-tag.com\/sv\/wp-json\/wp\/v2\/product"}],"about":[{"href":"https:\/\/rfid-laundry-tag.com\/sv\/wp-json\/wp\/v2\/types\/product"}],"version-history":[{"count":0,"href":"https:\/\/rfid-laundry-tag.com\/sv\/wp-json\/wp\/v2\/product\/277\/revisions"}],"wp:featuredmedia":[{"embeddable":true,"href":"https:\/\/rfid-laundry-tag.com\/sv\/wp-json\/wp\/v2\/media\/278"}],"wp:attachment":[{"href":"https:\/\/rfid-laundry-tag.com\/sv\/wp-json\/wp\/v2\/media?parent=277"}],"wp:term":[{"taxonomy":"product_brand","embeddable":true,"href":"https:\/\/rfid-laundry-tag.com\/sv\/wp-json\/wp\/v2\/product_brand?post=277"},{"taxonomy":"product_cat","embeddable":true,"href":"https:\/\/rfid-laundry-tag.com\/sv\/wp-json\/wp\/v2\/product_cat?post=277"},{"taxonomy":"product_tag","embeddable":true,"href":"https:\/\/rfid-laundry-tag.com\/sv\/wp-json\/wp\/v2\/product_tag?post=277"}],"curies":[{"name":"wp","href":"https:\/\/api.w.org\/{rel}","templated":true}]}}