{"id":2761,"date":"2024-10-21T16:41:28","date_gmt":"2024-10-21T16:41:28","guid":{"rendered":"https:\/\/rfid-laundry-tag.com\/?post_type=product&#038;p=2761"},"modified":"2024-10-21T16:54:52","modified_gmt":"2024-10-21T16:54:52","slug":"iso15693-i-code-slix-patrol-nfc-tag","status":"publish","type":"product","link":"https:\/\/rfid-laundry-tag.com\/sv\/iso15693-i-code-slix-patrol-nfc-tag\/","title":{"rendered":"ISO15693 I CODE SLIX Patrol NFC Tag"},"content":{"rendered":"<h1>ISO15693 I CODE SLIX Patrol NFC Tag<\/h1>\n<p>De\u00a0<strong>ICODE SLI X Patrol NFC Tag<\/strong>\u00a0\u00e4r designad f\u00f6r dig som kr\u00e4ver p\u00e5litlighet och prestanda i utmanande milj\u00f6er. Detta avancerade\u00a0<strong>NFC-tagg<\/strong>\u00a0\u00e4r perfekt f\u00f6r patrullapplikationer, vilket m\u00f6jligg\u00f6r s\u00f6ml\u00f6s kommunikation med NFC-aktiverade enheter. Den \u00e4r byggd f\u00f6r att klara tidens tand och sv\u00e5ra f\u00f6rh\u00e5llanden och erbjuder en otrolig\u00a0<strong>IP65<\/strong>\u00a0klassificering, vilket s\u00e4kerst\u00e4ller att den f\u00f6rblir funktionell \u00e4ven n\u00e4r den uts\u00e4tts f\u00f6r fukt och damm. Med sina anpassningsm\u00f6jligheter och h\u00f6ga h\u00e5llbarhet \u00e4r ICODE SLI X ett viktigt verktyg f\u00f6r s\u00e4kerhetspersonal, tillg\u00e5ngssp\u00e5rning och olika industriella applikationer.<\/p>\n<h2 class=\"AnswerParser_AnswerParserH2__SIHnF\">Funktioner och f\u00f6rdelar med ICODE SLI X NFC Tag<\/h2>\n<ul class=\"AnswerParser_AnswerParserUnorderedList__P_1FW\">\n<li class=\"AnswerParser_ListItem__XqLOV\" translate=\"yes\"><strong>H\u00e5llbar konstruktion<\/strong>: Tillverkad av\u00a0<strong>ABS<\/strong>\u00a0material \u00e4r ICODE SLI X motst\u00e5ndskraftig mot fysiska skador och milj\u00f6faktorer.<\/li>\n<li class=\"AnswerParser_ListItem__XqLOV\" translate=\"yes\"><strong>M\u00e5ngsidiga storlekar<\/strong>: Finns i\u00a0<strong>25 mm, 30 mm och 52 mm<\/strong>\u00a0diameteralternativ kan denna tagg skr\u00e4ddarsys f\u00f6r att m\u00f6ta specifika applikationsbehov.<\/li>\n<li class=\"AnswerParser_ListItem__XqLOV\" translate=\"yes\"><strong>H\u00f6g prestanda<\/strong>: Verksamhet kl\u00a0<strong>13,56 MHz<\/strong>, ger taggen \u00f6verl\u00e4gsen prestanda vid data\u00f6verf\u00f6ring, vilket m\u00f6jligg\u00f6r snabb och p\u00e5litlig kommunikation.<\/li>\n<\/ul>\n<table class=\"all magic-8\">\n<tbody>\n<tr>\n<td colspan=\"1\" rowspan=\"1\">\n<div class=\"magic-9\" data-spm-anchor-id=\"a2700.details.0.i71.50be21afmO5Aid\">Chips<\/div>\n<\/td>\n<td colspan=\"1\" rowspan=\"1\">\n<div class=\"magic-10\">ICODE SLI X (anpassad)<\/div>\n<\/td>\n<\/tr>\n<tr>\n<td colspan=\"1\" rowspan=\"1\">\n<div class=\"magic-9\">M\u00e5tt<\/div>\n<\/td>\n<td colspan=\"1\" rowspan=\"1\">\n<div class=\"magic-10\" data-spm-anchor-id=\"a2700.details.0.i73.50be21afmO5Aid\">25 mm, 30 mm, 52 mm diameter (anpassad)<\/div>\n<\/td>\n<\/tr>\n<tr>\n<td colspan=\"1\" rowspan=\"1\">\n<div class=\"magic-9\">Tjocklek<\/div>\n<\/td>\n<td colspan=\"1\" rowspan=\"1\">\n<div class=\"magic-10\">3 mm, H\u00e5lstorlek: 5 mm diameter<\/div>\n<\/td>\n<\/tr>\n<tr>\n<td colspan=\"1\" rowspan=\"1\">\n<div class=\"magic-9\">Material<\/div>\n<\/td>\n<td colspan=\"1\" rowspan=\"1\">\n<div class=\"magic-10\">ABS<\/div>\n<\/td>\n<\/tr>\n<tr>\n<td colspan=\"1\" rowspan=\"1\">\n<div class=\"magic-9\">IP-betyg<\/div>\n<\/td>\n<td colspan=\"1\" rowspan=\"1\">\n<div class=\"magic-10\">IP 65<\/div>\n<\/td>\n<\/tr>\n<tr>\n<td colspan=\"1\" rowspan=\"1\">\n<div class=\"magic-9\">Applikationstemp<\/div>\n<\/td>\n<td colspan=\"1\" rowspan=\"1\">\n<div class=\"magic-10\">-40~80\u00b0<\/div>\n<\/td>\n<\/tr>\n<tr>\n<td colspan=\"1\" rowspan=\"1\">\n<div class=\"magic-9\">Drifttemp<\/div>\n<\/td>\n<td colspan=\"1\" rowspan=\"1\">\n<div class=\"magic-10\" data-spm-anchor-id=\"a2700.details.0.i72.50be21afmO5Aid\">-40~70\u00b0C<\/div>\n<\/td>\n<\/tr>\n<tr>\n<td colspan=\"1\" rowspan=\"1\">\n<div class=\"magic-9\">Minne<\/div>\n<\/td>\n<td colspan=\"1\" rowspan=\"1\">\n<div class=\"magic-10\">1K bitar (beror p\u00e5 chip)<\/div>\n<\/td>\n<\/tr>\n<tr>\n<td colspan=\"1\" rowspan=\"1\">\n<div class=\"magic-9\">Frekvensomr\u00e5de med b\u00e4sta prestanda<\/div>\n<\/td>\n<td colspan=\"1\" rowspan=\"1\">\n<div class=\"magic-10\">13,56 MHz<\/div>\n<\/td>\n<\/tr>\n<tr>\n<td colspan=\"1\" rowspan=\"1\">\n<div class=\"magic-9\">IC-liv<\/div>\n<\/td>\n<td colspan=\"1\" rowspan=\"1\">\n<div class=\"magic-10\">Skriv uth\u00e5llighet p\u00e5 100 000 cyklerDatumretention<\/div>\n<\/td>\n<\/tr>\n<\/tbody>\n<\/table>\n<p>&nbsp;<\/p>\n<h3 class=\"AnswerParser_AnswerParserH3__Mpe4s\">1. NFC-taggkompatibilitet och funktionalitet<\/h3>\n<p><span class=\"AnswerParser_TextContainer__z_Iiv\" data-testid=\"youchat-text\">De\u00a0<strong>ICODE SLI X NFC-tagg<\/strong>\u00a0\u00e4r kompatibel med ett brett utbud av\u00a0<strong>NFC-aktiverade enheter<\/strong>inklusive smartphones och surfplattor. Denna kompatibilitet till\u00e5ter anv\u00e4ndare att enkelt\u00a0<strong>l\u00e4s NFC<\/strong>\u00a0taggar som anv\u00e4nder sina enheter, oavsett om de anv\u00e4nder en\u00a0<strong>iPhone<\/strong>\u00a0eller en\u00a0<strong>Android<\/strong>\u00a0telefon. Integrationen av\u00a0<strong>NFC-teknik<\/strong>\u00a0inneb\u00e4r att anv\u00e4ndare snabbt kan knacka p\u00e5 taggen med sina enheter f\u00f6r omedelbar data\u00e5tkomst, vilket g\u00f6r den idealisk f\u00f6r visitkort, s\u00e4kra intr\u00e4dessystem eller informationsdelning.<\/span><span class=\"AnswerParser_TextContainer__z_Iiv\" data-testid=\"youchat-text\">Taggen \u00e4r designad f\u00f6r att anv\u00e4ndas i olika applikationer, vilket g\u00f6r att f\u00f6retag kan effektivisera verksamheten och f\u00f6rb\u00e4ttra kommunikationen. Oavsett om du anv\u00e4nder den som en del av en\u00a0<strong>patrullsystem<\/strong>\u00a0eller f\u00f6r tillg\u00e5ngssp\u00e5rning ger ICODE SLI X en p\u00e5litlig l\u00f6sning som kan visa sig ov\u00e4rderlig i den dagliga verksamheten.<\/span><\/p>\n<h3 class=\"AnswerParser_AnswerParserH3__Mpe4s\">2. On-Metal NFC Tag Performance<\/h3>\n<p><span class=\"AnswerParser_TextContainer__z_Iiv\" data-testid=\"youchat-text\">En av de utm\u00e4rkande egenskaperna hos ICODE SLI X \u00e4r dess f\u00f6rm\u00e5ga att fungera effektivt som en\u00a0<strong>NFC-tagg p\u00e5 metall<\/strong>. Traditionella NFC-taggar k\u00e4mpar ofta med metallytor p\u00e5 grund av st\u00f6rningar, men denna tagg anv\u00e4nder avancerade\u00a0<strong>antimetallteknik<\/strong>\u00a0f\u00f6r att s\u00e4kerst\u00e4lla tillf\u00f6rlitlig prestanda. Detta inneb\u00e4r att du s\u00e4kert kan f\u00e4sta den p\u00e5 metallytor utan att f\u00f6rlora funktionalitet, vilket g\u00f6r den perfekt f\u00f6r industriella milj\u00f6er eller s\u00e4kerhetskontroller.<\/span><span class=\"AnswerParser_TextContainer__z_Iiv\" data-testid=\"youchat-text\">N\u00e4r den \u00e4r f\u00e4st p\u00e5 metall uppr\u00e4tth\u00e5ller ICODE SLI X en stark anslutning till NFC-enheter, vilket m\u00f6jligg\u00f6r s\u00f6ml\u00f6s data\u00f6verf\u00f6ring utan behov av extra utrustning. Denna funktion \u00e4r s\u00e4rskilt f\u00f6rdelaktig f\u00f6r f\u00f6retag som vill implementera\u00a0<strong>kontaktl\u00f6sa l\u00f6sningar<\/strong>\u00a0i tuffa milj\u00f6er.<\/span><\/p>\n<h3 class=\"AnswerParser_AnswerParserH3__Mpe4s\">3. Anpassningsalternativ f\u00f6r olika applikationer<\/h3>\n<p><span class=\"AnswerParser_TextContainer__z_Iiv\" data-testid=\"youchat-text\">Anpassning \u00e4r nyckeln n\u00e4r det g\u00e4ller att implementera NFC-teknik i olika branscher. ICODE SLI X kan skr\u00e4ddarsys f\u00f6r att m\u00f6ta specifika krav, inklusive storlek och minneskapacitet. Med alternativ f\u00f6r\u00a0<strong>25 mm, 30 mm och 52 mm<\/strong>\u00a0diametrar kan f\u00f6retag v\u00e4lja den perfekta storleken f\u00f6r deras behov.<\/span><span class=\"AnswerParser_TextContainer__z_Iiv\" data-testid=\"youchat-text\">Dessutom kan minneskapaciteten justeras, vilket m\u00f6jligg\u00f6r olika datalagringsbehov. Oavsett om du beh\u00f6ver en enkel\u00a0<strong>NFC-dekal<\/strong>\u00a0f\u00f6r ett visitkort eller en mer komplex l\u00f6sning f\u00f6r tillg\u00e5ngssp\u00e5rning kan ICODE SLI X anpassas f\u00f6r att leverera r\u00e4tt funktionalitet.<\/span><\/p>\n<h3 class=\"AnswerParser_AnswerParserH3__Mpe4s\">4. Milj\u00f6t\u00e5lig design<\/h3>\n<p><span class=\"AnswerParser_TextContainer__z_Iiv\" data-testid=\"youchat-text\">Med en\u00a0<strong>IP65<\/strong>\u00a0ICODE SLI X \u00e4r designad f\u00f6r att motst\u00e5 exponering f\u00f6r damm och fukt, vilket g\u00f6r den l\u00e4mplig f\u00f6r utomhusbruk och industriell anv\u00e4ndning. Taggen kan fungera i temperaturer fr\u00e5n\u00a0<strong>-40\u00b0C till 80\u00b0C<\/strong>, vilket s\u00e4kerst\u00e4ller konsekvent prestanda under extrema f\u00f6rh\u00e5llanden.<\/span><span class=\"AnswerParser_TextContainer__z_Iiv\" data-testid=\"youchat-text\">Denna robusthet inneb\u00e4r att f\u00f6retag kan lita p\u00e5 ICODE SLI X f\u00f6r\u00a0<strong>l\u00e5ngvarig anv\u00e4ndning<\/strong>, vilket minskar behovet av t\u00e4ta byten och i slut\u00e4ndan sparar kostnader. Taggens h\u00e5llbarhet s\u00e4kerst\u00e4ller att den kan \u00f6verleva i de tuffaste milj\u00f6erna, vilket g\u00f6r den till en smart investering f\u00f6r alla operationer.<\/span><\/p>\n<h3 class=\"AnswerParser_AnswerParserH3__Mpe4s\">5. Enkel installation och anv\u00e4ndning<\/h3>\n<p><span class=\"AnswerParser_TextContainer__z_Iiv\" data-testid=\"youchat-text\">Installationen av ICODE SLI X \u00e4r enkel, tack vare dess design med en\u00a0<strong>skruvh\u00e5l<\/strong>\u00a0f\u00f6r s\u00e4ker fasts\u00e4ttning. Oavsett om du v\u00e4ljer att f\u00f6lja den med en\u00a0<strong>sj\u00e4lvh\u00e4ftande NFC<\/strong>\u00a0st\u00f6dja eller skruva p\u00e5 plats \u00e4r installationsprocessen enkel och effektiv.<\/span><span class=\"AnswerParser_TextContainer__z_Iiv\" data-testid=\"youchat-text\">N\u00e4r den v\u00e4l har installerats \u00e4r det lika enkelt att anv\u00e4nda taggen. Anv\u00e4ndare kan helt enkelt\u00a0<strong>tryck p\u00e5 taggen<\/strong>\u00a0med sina\u00a0<strong>NFC-aktiverad telefon<\/strong>\u00a0f\u00f6r att komma \u00e5t information eller utf\u00f6ra kommandon. Denna enkla anv\u00e4ndning g\u00f6r ICODE SLI X till ett idealiskt val f\u00f6r f\u00f6retag som vill implementera\u00a0<strong>tr\u00e5dl\u00f6s kommunikation<\/strong>\u00a0utan komplexiteten hos traditionella system.<\/span><\/p>\n<h3 class=\"AnswerParser_AnswerParserH3__Mpe4s\">6. Vanliga fr\u00e5gor om ICODE SLI X NFC-tagg<\/h3>\n<p><span class=\"AnswerParser_TextContainer__z_Iiv\" data-testid=\"youchat-text\"><strong>F: Kan ICODE SLI X anv\u00e4ndas f\u00f6r kontaktl\u00f6sa betalningar?<\/strong><br \/>\nS: \u00c4ven om ICODE SLI X \u00e4r designad f\u00f6r data\u00f6verf\u00f6ring och kommunikation, kan den integreras i system som st\u00f6der kontaktl\u00f6sa betalningar, men det \u00e4r inte en betalningsbehandlingsenhet i sig.<\/span><\/p>\n<p><span class=\"AnswerParser_TextContainer__z_Iiv\" data-testid=\"youchat-text\"><strong>F: \u00c4r ICODE SLI X vattent\u00e4t?<\/strong><br \/>\nS: ICODE SLI X har en IP65-klassning, vilket g\u00f6r den resistent mot damm och vattenst\u00e4nk men inte helt vattent\u00e4t. Den \u00e4r l\u00e4mplig f\u00f6r utomhusbruk i olika v\u00e4derf\u00f6rh\u00e5llanden.<\/span><\/p>\n<p><span class=\"AnswerParser_TextContainer__z_Iiv\" data-testid=\"youchat-text\"><strong>F: Hur l\u00e4nge h\u00e5ller batteriet?<\/strong><br \/>\nS: NFC-taggar som ICODE SLI X har inget batteri; de drar str\u00f6m fr\u00e5n den NFC-aktiverade enheten n\u00e4r de trycks p\u00e5, vilket s\u00e4kerst\u00e4ller l\u00e5ngvarig funktionalitet med minimalt underh\u00e5ll.<\/span><\/p>","protected":false},"excerpt":{"rendered":"<p>De <strong>ICODE SLI X Patrol NFC Tag<\/strong> framst\u00e5r som en p\u00e5litlig och m\u00e5ngsidig RFID-l\u00f6sning f\u00f6r tj\u00e4nstg\u00f6ring och patrullering f\u00f6r kommunikationsbehov p\u00e5 metall.<\/p>","protected":false},"featured_media":2763,"template":"","meta":{"_kad_post_transparent":"default","_kad_post_title":"","_kad_post_layout":"default","_kad_post_sidebar_id":"","_kad_post_content_style":"default","_kad_post_vertical_padding":"default","_kad_post_feature":"","_kad_post_feature_position":"","_kad_post_header":false,"_kad_post_footer":false,"_kad_post_classname":""},"product_brand":[],"product_cat":[54],"product_tag":[133,320,321],"class_list":{"0":"post-2761","1":"product","2":"type-product","3":"status-publish","4":"has-post-thumbnail","6":"product_cat-hot-selling-rfid-tags","7":"product_tag-i-code-slix-nfc-tag","8":"product_tag-iso15693-nfc-tag","9":"product_tag-patrol-nfc-tag","11":"first","12":"instock","13":"shipping-taxable","14":"product-type-simple","15":"entry","16":"content-bg","17":"loop-entry"},"_links":{"self":[{"href":"https:\/\/rfid-laundry-tag.com\/sv\/wp-json\/wp\/v2\/product\/2761","targetHints":{"allow":["GET"]}}],"collection":[{"href":"https:\/\/rfid-laundry-tag.com\/sv\/wp-json\/wp\/v2\/product"}],"about":[{"href":"https:\/\/rfid-laundry-tag.com\/sv\/wp-json\/wp\/v2\/types\/product"}],"version-history":[{"count":1,"href":"https:\/\/rfid-laundry-tag.com\/sv\/wp-json\/wp\/v2\/product\/2761\/revisions"}],"predecessor-version":[{"id":2765,"href":"https:\/\/rfid-laundry-tag.com\/sv\/wp-json\/wp\/v2\/product\/2761\/revisions\/2765"}],"wp:featuredmedia":[{"embeddable":true,"href":"https:\/\/rfid-laundry-tag.com\/sv\/wp-json\/wp\/v2\/media\/2763"}],"wp:attachment":[{"href":"https:\/\/rfid-laundry-tag.com\/sv\/wp-json\/wp\/v2\/media?parent=2761"}],"wp:term":[{"taxonomy":"product_brand","embeddable":true,"href":"https:\/\/rfid-laundry-tag.com\/sv\/wp-json\/wp\/v2\/product_brand?post=2761"},{"taxonomy":"product_cat","embeddable":true,"href":"https:\/\/rfid-laundry-tag.com\/sv\/wp-json\/wp\/v2\/product_cat?post=2761"},{"taxonomy":"product_tag","embeddable":true,"href":"https:\/\/rfid-laundry-tag.com\/sv\/wp-json\/wp\/v2\/product_tag?post=2761"}],"curies":[{"name":"wp","href":"https:\/\/api.w.org\/{rel}","templated":true}]}}