{"id":2742,"date":"2024-10-11T16:12:50","date_gmt":"2024-10-11T16:12:50","guid":{"rendered":"https:\/\/rfid-laundry-tag.com\/?post_type=product&#038;p=2742"},"modified":"2024-10-29T14:33:03","modified_gmt":"2024-10-29T14:33:03","slug":"epoxy-menu-nfc-tags","status":"publish","type":"product","link":"https:\/\/rfid-laundry-tag.com\/sv\/epoxy-menu-nfc-tags\/","title":{"rendered":"Epoximeny NFC-taggar"},"content":{"rendered":"<p><span class=\"AnswerParser_TextContainer__z_Iiv\" data-testid=\"youchat-text\"><strong>Epoximeny NFC-taggar<\/strong>\u00a0utnyttja banbrytande NFC- och QR-kodteknik f\u00f6r att f\u00f6r\u00e4ndra hur g\u00e4ster interagerar med menyer. Dessa innovativa taggar g\u00f6r att kunderna snabbt kan surfa och best\u00e4lla direkt fr\u00e5n sina smartphones, vilket f\u00f6rb\u00e4ttrar deras matupplevelse samtidigt som de effektiviserar verksamheten f\u00f6r restauranger, kaf\u00e9er och barer. Med anpassningsbar design och robusta funktioner \u00e4r dessa taggar ett m\u00e5ste f\u00f6r alla moderna anl\u00e4ggningar.<\/span><\/p>\n<h2 class=\"AnswerParser_AnswerParserH2__SIHnF\">Produkt\u00f6versikt<\/h2>\n<h3 class=\"AnswerParser_AnswerParserH3__Mpe4s\">1. Vad \u00e4r Epoxy Menu NFC-taggar?<\/h3>\n<p><span class=\"AnswerParser_TextContainer__z_Iiv\" data-testid=\"youchat-text\">Epoxy Menu NFC-taggar \u00e4r avancerade digitala verktyg utformade f\u00f6r att underl\u00e4tta s\u00f6ml\u00f6s meny\u00e5tkomst och best\u00e4llning. Tillverkade av h\u00e5llbara material som PVC och utrustade med NFC-chips, kan dessa taggar anpassas med logotyper, serienummer och till och med dynamiska QR-koder. Deras sj\u00e4lvh\u00e4ftande epoxiyta s\u00e4kerst\u00e4ller l\u00e5ng livsl\u00e4ngd och motst\u00e5ndskraft, vilket g\u00f6r dem l\u00e4mpliga f\u00f6r olika milj\u00f6er.<\/span><\/p>\n<h3 class=\"AnswerParser_AnswerParserH3__Mpe4s\">2. Nyckelfunktioner f\u00f6r Epoxy Meny NFC-taggar<\/h3>\n<ul class=\"AnswerParser_AnswerParserUnorderedList__P_1FW\">\n<li class=\"AnswerParser_ListItem__XqLOV\" translate=\"yes\"><strong>Varaktighet<\/strong>: Epoxihartsytan ger exceptionellt skydd mot olja, vatten, repor och UV-str\u00e5lar, vilket s\u00e4kerst\u00e4ller att taggarna f\u00f6rblir funktionella och visuellt tilltalande \u00f6ver tiden.<\/li>\n<li class=\"AnswerParser_ListItem__XqLOV\" translate=\"yes\"><strong>M\u00e5ngsidighet<\/strong>: Med storlekar tillg\u00e4ngliga i runda (\u042460 mm, \u042475 mm, \u0424100 mm) och fyrkantiga (80x80 mm), kan dessa taggar skr\u00e4ddarsys f\u00f6r att passa alla estetiska eller varum\u00e4rkeskrav.<\/li>\n<li class=\"AnswerParser_ListItem__XqLOV\" translate=\"yes\"><strong>Kompatibilitet<\/strong>: Antimetallskiktet g\u00f6r att dessa taggar fungerar effektivt p\u00e5 b\u00e5de metallytor och icke-metallytor, vilket g\u00f6r dem idealiska f\u00f6r olika applikationer.<\/li>\n<\/ul>\n<h3 class=\"AnswerParser_AnswerParserH3__Mpe4s\">3. Tekniska specifikationer<\/h3>\n<table class=\"has-title all magic-15\">\n<tbody>\n<tr>\n<td colspan=\"1\" rowspan=\"1\">\n<div class=\"magic-16\" data-spm-anchor-id=\"a2700.details.0.i39.7beebf0eKrXqHT\"><span class=\"magic-17\">Punkt<\/span><\/div>\n<\/td>\n<td colspan=\"1\" rowspan=\"1\">\n<div class=\"magic-18\"><span class=\"magic-17\">Epoximeny NFC-taggar <\/span><\/div>\n<\/td>\n<\/tr>\n<tr>\n<td colspan=\"1\" rowspan=\"1\">\n<div class=\"magic-16\"><span class=\"magic-17\">Specialfunktioner<\/span><\/div>\n<\/td>\n<td colspan=\"1\" rowspan=\"1\">\n<div class=\"magic-18\"><span class=\"magic-17\">Vattent\u00e4t \/ v\u00e4derbest\u00e4ndig<\/span><\/div>\n<\/td>\n<\/tr>\n<tr>\n<td colspan=\"1\" rowspan=\"1\">\n<div class=\"magic-16\"><span class=\"magic-17\">Kommunikationsgr\u00e4nssnitt<\/span><\/div>\n<\/td>\n<td colspan=\"1\" rowspan=\"1\">\n<div class=\"magic-18\"><span class=\"magic-17\">NFC<\/span><\/div>\n<\/td>\n<\/tr>\n<tr>\n<td colspan=\"1\" rowspan=\"1\">\n<div class=\"magic-16\"><span class=\"magic-17\">Frekvens<\/span><\/div>\n<\/td>\n<td colspan=\"1\" rowspan=\"1\">\n<div class=\"magic-18\"><span class=\"magic-17\">13,56 MHz<\/span><\/div>\n<\/td>\n<\/tr>\n<tr>\n<td colspan=\"1\" rowspan=\"1\">\n<div class=\"magic-16\"><span class=\"magic-17\">Material<\/span><\/div>\n<\/td>\n<td colspan=\"1\" rowspan=\"1\">\n<div class=\"magic-18\">Epoxi + PET\/PVC + NFC-inl\u00e4gg + Anti-metallskikt + 3M lim<\/div>\n<\/td>\n<\/tr>\n<tr>\n<td colspan=\"1\" rowspan=\"1\">\n<div class=\"magic-16\">Storlek<\/div>\n<\/td>\n<td colspan=\"1\" rowspan=\"1\">\n<div class=\"magic-18\">Rund: \u042460 mm, \u042475 mm, \u0424100 mm; Fyrkantig: 80x80mm eller anpassad<\/div>\n<\/td>\n<\/tr>\n<tr>\n<td colspan=\"1\" rowspan=\"1\">\n<div class=\"magic-16\"><span class=\"magic-17\">Protokoll<\/span><\/div>\n<\/td>\n<td colspan=\"1\" rowspan=\"1\">\n<div class=\"magic-18\"><span class=\"magic-17\">ISO 14443A<\/span><\/div>\n<\/td>\n<\/tr>\n<tr>\n<td colspan=\"1\" rowspan=\"1\">\n<div class=\"magic-16\"><span class=\"magic-17\">Chips<\/span><\/div>\n<\/td>\n<td colspan=\"1\" rowspan=\"1\">\n<div class=\"magic-18\">NTAG213, NTAG215, NTAG216 (andra chips tillg\u00e4ngliga)<\/div>\n<\/td>\n<\/tr>\n<tr>\n<td colspan=\"1\" rowspan=\"1\">\n<div class=\"magic-16\"><span class=\"magic-17\">Minne<\/span><\/div>\n<\/td>\n<td colspan=\"1\" rowspan=\"1\">\n<div class=\"magic-18\"><span class=\"magic-17\">144 Byte, 504 Byte, 888 Byte etc<\/span><\/div>\n<\/td>\n<\/tr>\n<tr>\n<td colspan=\"1\" rowspan=\"1\">\n<div class=\"magic-16\"><span class=\"magic-17\">L\u00e4savst\u00e5nd<\/span><\/div>\n<\/td>\n<td colspan=\"1\" rowspan=\"1\">\n<div class=\"magic-18\"><span class=\"magic-17\">3-15 cm beroende p\u00e5 l\u00e4sare och etikettstorlek<\/span><\/div>\n<\/td>\n<\/tr>\n<tr>\n<td colspan=\"1\" rowspan=\"1\">\n<div class=\"magic-16\"><span class=\"magic-17\">Utskrift<\/span><\/div>\n<\/td>\n<td colspan=\"1\" rowspan=\"1\">\n<div class=\"magic-18\"><span class=\"magic-17\">CMYK 4C Tryck\/Offset\/Serigrafitryck<\/span><\/div>\n<\/td>\n<\/tr>\n<tr>\n<td colspan=\"1\" rowspan=\"1\">\n<div class=\"magic-16\"><span class=\"magic-17\">Hantverk<\/span><\/div>\n<\/td>\n<td colspan=\"1\" rowspan=\"1\">\n<div class=\"magic-18\"><span class=\"magic-17\">Laserkod\\UV-bl\u00e4ck\\Serienummer\\Embossing\\Termisk utskrift<\/span><\/div>\n<\/td>\n<\/tr>\n<tr>\n<td colspan=\"1\" rowspan=\"1\">\n<div class=\"magic-16\"><span class=\"magic-17\">Yta<\/span><\/div>\n<\/td>\n<td colspan=\"1\" rowspan=\"1\">\n<div class=\"magic-18\"><span class=\"magic-17\">Blank \/Matt\/ Frostad\/ Transparent<\/span><\/div>\n<\/td>\n<\/tr>\n<tr>\n<td colspan=\"1\" rowspan=\"1\">\n<div class=\"magic-16\"><span class=\"magic-17\">Fungera<\/span><\/div>\n<\/td>\n<td colspan=\"1\" rowspan=\"1\">\n<div class=\"magic-18\"><span class=\"magic-17\" data-spm-anchor-id=\"a2700.details.0.i40.7beebf0eKrXqHT\">NFC sociala medier, logistikhantering, tillg\u00e5ngshantering, supply chain management, fordonshantering, produktionskontroll, lagerhantering, produkthantering, produktverifiering, tillg\u00e5ngssp\u00e5rning, sp\u00e5rning av bagagehantering, lagerhantering, betalning, armband, etc. Laminering, P\u00e5litlig, smidig tryckyta.<\/span><\/div>\n<\/td>\n<\/tr>\n<tr>\n<td colspan=\"1\" rowspan=\"1\">\n<div class=\"magic-16\"><span class=\"magic-17\">Kortvikt i standardstorlek<\/span><\/div>\n<\/td>\n<td colspan=\"1\" rowspan=\"1\">\n<div class=\"magic-18\"><span class=\"magic-17\">120*120*4mm 0,058KG\/ST\u00a0 \u00a0<\/span><\/p>\n<div data-spm-anchor-id=\"a2700.pc-decorate.0.i47.51c0333312LtHT\"><span class=\"magic-17\">Varje klisterm\u00e4rkepaket med Opp Transparent p\u00e5se,\u00a0\u00a0<\/span><\/div>\n<div data-spm-anchor-id=\"a2700.pc-decorate.0.i114.51c0333312LtHT\"><span class=\"magic-17\">320st\/Tecknad film<\/span><\/div>\n<\/div>\n<\/td>\n<\/tr>\n<\/tbody>\n<\/table>\n<h3 class=\"AnswerParser_AnswerParserH3__Mpe4s\">4. Anpassningsalternativ<\/h3>\n<p><span class=\"AnswerParser_TextContainer__z_Iiv\" data-testid=\"youchat-text\">En av de utm\u00e4rkande egenskaperna hos Epoxy Menu NFC Tags \u00e4r deras anpassningsm\u00f6jligheter. F\u00f6retag kan trycka p\u00e5 sina logotyper, unika identifierare och till och med dynamiska QR-koder som l\u00e4nkar till specifika kampanjer eller menyer. Denna niv\u00e5 av personalisering \u00f6kar inte bara varum\u00e4rkets synlighet utan engagerar ocks\u00e5 kunderna p\u00e5 ett unikt s\u00e4tt.<\/span><\/p>\n<h3 class=\"AnswerParser_AnswerParserH3__Mpe4s\">5. Ans\u00f6kningar inom bes\u00f6ksn\u00e4ringen<\/h3>\n<p><span class=\"AnswerParser_TextContainer__z_Iiv\" data-testid=\"youchat-text\">Epoxy Menu NFC-taggar \u00e4r perfekta f\u00f6r olika applikationer, inklusive:<\/span><\/p>\n<ul class=\"AnswerParser_AnswerParserUnorderedList__P_1FW\">\n<li class=\"AnswerParser_ListItem__XqLOV\" translate=\"yes\"><strong>Digitala menyer<\/strong>: G\u00e4ster kan komma \u00e5t menyn genom att helt enkelt trycka sina smartphones mot taggen eller skanna QR-koden, vilket minskar behovet av fysiska menyer.<\/li>\n<li class=\"AnswerParser_ListItem__XqLOV\" translate=\"yes\"><strong>Snabb utcheckning<\/strong>: Effektivisera betalningsprocessen genom att integrera betalningsl\u00e4nkar direkt i NFC-taggarna.<\/li>\n<li class=\"AnswerParser_ListItem__XqLOV\" translate=\"yes\"><strong>L\u00e4nkar till sociala medier<\/strong>: Uppmuntra kunder att dela sina erfarenheter genom att l\u00e4nka till sociala mediesidor eller recensionsplattformar.<\/li>\n<\/ul>\n<h3 class=\"AnswerParser_AnswerParserH3__Mpe4s\">6. Milj\u00f6p\u00e5verkan<\/h3>\n<p><span class=\"AnswerParser_TextContainer__z_Iiv\" data-testid=\"youchat-text\">Anv\u00e4ndning av Epoxy Meny NFC-taggar kan avsev\u00e4rt minska papperssvinnet i samband med traditionella menyer. Genom att v\u00e4lja digitala l\u00f6sningar bidrar f\u00f6retag till milj\u00f6m\u00e4ssig h\u00e5llbarhet samtidigt som de \u00f6kar kundbekv\u00e4mligheten.<\/span><\/p>\n<h3 class=\"AnswerParser_AnswerParserH3__Mpe4s\">7. Kundrecensioner och feedback<\/h3>\n<p><span class=\"AnswerParser_TextContainer__z_Iiv\" data-testid=\"youchat-text\">Kunder har ber\u00f6mt\u00a0<strong>Epoximeny NFC-taggar<\/strong>\u00a0f\u00f6r deras h\u00e5llbarhet och anv\u00e4ndarv\u00e4nlighet. M\u00e5nga har noterat att taggarna har f\u00f6rb\u00e4ttrat deras matupplevelse genom att ge snabb tillg\u00e5ng till menyer och minska v\u00e4ntetiderna. M\u00f6jligheten att uppdatera menyalternativ i realtid har ocks\u00e5 framh\u00e5llits som en betydande f\u00f6rdel.<\/span><\/p>\n<h3 class=\"AnswerParser_AnswerParserH3__Mpe4s\">8. Vanliga fr\u00e5gor<\/h3>\n<p><span class=\"AnswerParser_TextContainer__z_Iiv\" data-testid=\"youchat-text\"><strong>F: Hur installerar jag Epoxy Menu NFC-taggar?<\/strong><br \/>\nS: Dra helt enkelt av baksidan av 3M-limmet och f\u00e4st taggen p\u00e5 en ren, torr yta. Se till att den placeras d\u00e4r kunderna enkelt kan komma \u00e5t den.<\/span><span class=\"AnswerParser_TextContainer__z_Iiv\" data-testid=\"youchat-text\"><strong>F: Kan jag uppdatera informationen p\u00e5 NFC-taggarna?<\/strong><br \/>\nA: Ja! Informationen kan uppdateras n\u00e4r som helst, vilket g\u00f6r att du kan h\u00e5lla din meny aktuell utan att beh\u00f6va nya taggar.<\/span><span class=\"AnswerParser_TextContainer__z_Iiv\" data-testid=\"youchat-text\"><strong>F: Vad \u00e4r den minsta best\u00e4llningskvantiteten?<\/strong><br \/>\nS: Minsta best\u00e4llningskvantitet \u00e4r 100 stycken, med b\u00e4ttre priser tillg\u00e4ngliga f\u00f6r best\u00e4llningar p\u00e5 500 stycken eller mer.<\/span><\/p>\n<h3 class=\"AnswerParser_AnswerParserH3__Mpe4s\">9. Varf\u00f6r v\u00e4lja Epoxy Menu NFC-taggar?<\/h3>\n<p><span class=\"AnswerParser_TextContainer__z_Iiv\" data-testid=\"youchat-text\">Att investera i\u00a0<strong>Epoximeny NFC-taggar<\/strong>\u00a0inneb\u00e4r att investera i en framtid d\u00e4r kundupplevelsen prioriteras. Dessa taggar f\u00f6rb\u00e4ttrar inte bara operativ effektivitet utan ger ocks\u00e5 en modern touch till traditionella matupplevelser. Med sina robusta funktioner och anpassningsbara alternativ \u00e4r de ett viktigt verktyg f\u00f6r alla anl\u00e4ggningar som vill ligga i framkant p\u00e5 den konkurrensutsatta hotellmarknaden.<\/span><\/p>\n<h3 class=\"AnswerParser_AnswerParserH3__Mpe4s\">10. Kom ig\u00e5ng idag!<\/h3>\n<p><span class=\"AnswerParser_TextContainer__z_Iiv\" data-testid=\"youchat-text\">\u00c4r du redo att h\u00f6ja din matupplevelse?\u00a0<strong>Kontakta oss idag<\/strong>\u00a0f\u00f6r att beg\u00e4ra ett gratis lagerprov av v\u00e5ra Epoxy Menu NFC-taggar och se skillnaden sj\u00e4lv. Med v\u00e5rt engagemang f\u00f6r kvalitet och kundn\u00f6jdhet finns vi h\u00e4r f\u00f6r att hj\u00e4lpa dig varje steg p\u00e5 v\u00e4gen.<\/span><\/p>","protected":false},"excerpt":{"rendered":"<p>F\u00f6rnya middagen med Epoxy Menu NFC-taggar! Aktivera snabb meny\u00e5tkomst och best\u00e4llningar via smartphones, f\u00f6rb\u00e4ttra g\u00e4stupplevelsen och optimera restaurangdriften.<\/p>","protected":false},"featured_media":2800,"template":"","meta":{"_kad_post_transparent":"default","_kad_post_title":"","_kad_post_layout":"default","_kad_post_sidebar_id":"","_kad_post_content_style":"default","_kad_post_vertical_padding":"default","_kad_post_feature":"","_kad_post_feature_position":"","_kad_post_header":false,"_kad_post_footer":false,"_kad_post_classname":""},"product_brand":[],"product_cat":[54],"product_tag":[277,333,217,332,331],"class_list":{"0":"post-2742","1":"product","2":"type-product","3":"status-publish","4":"has-post-thumbnail","6":"product_cat-hot-selling-rfid-tags","7":"product_tag-menu-nfc-tags","8":"product_tag-nfc-epoxy-sticker","9":"product_tag-nfc-tags","10":"product_tag-restaurant-desk-nfc-menu-tag","11":"product_tag-table-nfc-tags","13":"first","14":"instock","15":"shipping-taxable","16":"product-type-simple","17":"entry","18":"content-bg","19":"loop-entry"},"_links":{"self":[{"href":"https:\/\/rfid-laundry-tag.com\/sv\/wp-json\/wp\/v2\/product\/2742","targetHints":{"allow":["GET"]}}],"collection":[{"href":"https:\/\/rfid-laundry-tag.com\/sv\/wp-json\/wp\/v2\/product"}],"about":[{"href":"https:\/\/rfid-laundry-tag.com\/sv\/wp-json\/wp\/v2\/types\/product"}],"version-history":[{"count":1,"href":"https:\/\/rfid-laundry-tag.com\/sv\/wp-json\/wp\/v2\/product\/2742\/revisions"}],"predecessor-version":[{"id":2801,"href":"https:\/\/rfid-laundry-tag.com\/sv\/wp-json\/wp\/v2\/product\/2742\/revisions\/2801"}],"wp:featuredmedia":[{"embeddable":true,"href":"https:\/\/rfid-laundry-tag.com\/sv\/wp-json\/wp\/v2\/media\/2800"}],"wp:attachment":[{"href":"https:\/\/rfid-laundry-tag.com\/sv\/wp-json\/wp\/v2\/media?parent=2742"}],"wp:term":[{"taxonomy":"product_brand","embeddable":true,"href":"https:\/\/rfid-laundry-tag.com\/sv\/wp-json\/wp\/v2\/product_brand?post=2742"},{"taxonomy":"product_cat","embeddable":true,"href":"https:\/\/rfid-laundry-tag.com\/sv\/wp-json\/wp\/v2\/product_cat?post=2742"},{"taxonomy":"product_tag","embeddable":true,"href":"https:\/\/rfid-laundry-tag.com\/sv\/wp-json\/wp\/v2\/product_tag?post=2742"}],"curies":[{"name":"wp","href":"https:\/\/api.w.org\/{rel}","templated":true}]}}