{"id":2689,"date":"2024-09-26T09:32:20","date_gmt":"2024-09-26T09:32:20","guid":{"rendered":"https:\/\/rfid-laundry-tag.com\/?post_type=product&#038;p=2689"},"modified":"2024-09-26T14:30:31","modified_gmt":"2024-09-26T14:30:31","slug":"rfid-nfc-mifare-desfire-inlay","status":"publish","type":"product","link":"https:\/\/rfid-laundry-tag.com\/sv\/rfid-nfc-mifare-desfire-inlay\/","title":{"rendered":"RFID NFC MIFARE Desfire INLAG"},"content":{"rendered":"<h1>RFID NFC MIFARE Desfire INLAG<\/h1>\n<p>De<strong> RFID NFC MIFARE Desfire INLAG<\/strong>\u00a0\u00e4r en avancerad l\u00f6sning designad f\u00f6r applikationer som kr\u00e4ver robust s\u00e4kerhet och exceptionell prestanda. Med sitt inb\u00e4ddade RFID-chip och anpassningsbara funktioner erbjuder detta inl\u00e4gg en s\u00f6ml\u00f6s upplevelse f\u00f6r olika anv\u00e4ndningsomr\u00e5den \u2013 fr\u00e5n \u00e5tkomstkontroll till betalningssystem. Oavsett om du \u00e4r ett f\u00f6retag som vill uppgradera dina identifieringsmetoder eller en individ som s\u00f6ker s\u00e4kra transaktioner, \u00e4r MIFARE DESFire-inl\u00e4gg ett \u00f6vertygande val.<\/p>\n<h3>Funktioner i MIFARE_DESFIRE EV2 2K\/4k\/8K<\/h3>\n<div id=\"featuresXsp\" class=\"features-list toggle-opacity in\">\n<div class=\"features-xsp\">\n<div class=\"collapse-mobile ste-list\">\n<h3>RF-gr\u00e4nssnitt: ISO\/IEC 14443 Typ A<\/h3>\n<ul class=\"boxes\">\n<li>Kontaktl\u00f6st gr\u00e4nssnitt kompatibelt med ISO\/IEC 14443-2\/3 A<\/li>\n<li>L\u00e5g Hmin m\u00f6jligg\u00f6r driftavst\u00e5nd upp till 100 mm (beroende p\u00e5 effekt fr\u00e5n PCD och antenngeometri)<\/li>\n<li>Snabb data\u00f6verf\u00f6ring: 106 kbit\/s, 212 kbit\/s, 424 kbit\/s, 848 kbit\/s<\/li>\n<li>7 byte unik identifierare (alternativ f\u00f6r Random ID)<\/li>\n<li>Anv\u00e4nder ISO\/IEC 14443-4 \u00f6verf\u00f6ringsprotokoll<\/li>\n<li>Konfigurerbar FSCI f\u00f6r att st\u00f6dja upp till 128 byte ramstorlek (ny)<\/li>\n<\/ul>\n<\/div>\n<div class=\"collapse-mobile ste-list\">\n<h3>Icke-flyktigt minne<\/h3>\n<ul class=\"boxes\">\n<li>2 kB, 4 kB, 8 kB, 16 kB eller 32 kB NV<\/li>\n<li>Datalagring i 25 \u00e5r<\/li>\n<li>Skriv uth\u00e5llighet typiska 500 000 cykler<\/li>\n<li>Snabba programmeringscykler (radera\/skriva)<\/li>\n<\/ul>\n<\/div>\n<div class=\"collapse-mobile ste-list\">\n<h3>NV-minnesorganisation<\/h3>\n<ul class=\"boxes\">\n<li>Flexibelt filsystem: anv\u00e4ndaren kan fritt definiera applikationsstrukturer p\u00e5 PICC<\/li>\n<li>Praktiskt taget ingen begr\u00e4nsning av antalet ans\u00f6kningar per PICC (ny)<\/li>\n<li>Upp till 32 filer i varje applikation (6 tillg\u00e4ngliga filtyper: standarddatafil, s\u00e4kerhetskopieringsdatafil, v\u00e4rdefil, linj\u00e4r postfil, cyklisk postfil och transaktions-MAC-fil)<\/li>\n<li>Filstorleken best\u00e4ms under skapandet (inte f\u00f6r transaktions MAC-fil)<\/li>\n<\/ul>\n<\/div>\n<\/div>\n<\/div>\n<h2>Viktiga f\u00f6rdelar med RFID NFC MIFARE Desfire INLAY<\/h2>\n<p>MIFARE DESFire <a href=\"https:\/\/rfid-laundry-tag.com\/sv\/rfid-inlay\/\">RFID-inl\u00e4gg<\/a> \u00e4r inte bara etiketter; de representerar ett steg in i en framtid d\u00e4r effektivitet, flexibilitet och s\u00e4kerhet samexisterar. Dessa inl\u00e4gg kan anpassas f\u00f6r att passa dina specifika behov, visa upp ditt varum\u00e4rke samtidigt som de ger f\u00f6rb\u00e4ttrad funktionalitet. MIFARE DESFire-plattformens m\u00e5ngsidighet m\u00f6jligg\u00f6r applikationer som str\u00e4cker sig fr\u00e5n kontaktl\u00f6sa betalningar till s\u00e4kra system f\u00f6r \u00e5tkomstkontroll.<\/p>\n<h3>Funktioner hos MIFARE DESFire RFID Inlay<\/h3>\n<p>MIFARE DESFire <a href=\"https:\/\/rfid-laundry-tag.com\/sv\/rfid-inlay\/\">RFID-inl\u00e4gg<\/a> erbjuder m\u00e5nga funktioner som g\u00f6r det till ett viktigt verktyg i moderna RFID-till\u00e4mpningar. Detta inkluderar kompatibilitet med NFC-aktiverade enheter, flera datakapaciteter (upp till 32k) och s\u00e4kra krypteringsstandarder som skyddar anv\u00e4ndardata.<\/p>\n<h3>Kraften i MIFARE DESFire Technology<\/h3>\n<p>MIFARE DESFire-teknologin \u00e4r i framkanten av RFID-branschen, k\u00e4nd f\u00f6r sin effektivitet inom data\u00f6verf\u00f6ring och s\u00e4kerhet. Plattformen uppfyller Common Criteria EAL5+ s\u00e4kerhetscertifiering, vilket g\u00f6r den tillf\u00f6rlitlig f\u00f6r k\u00e4nsliga applikationer som bankkort och elektroniska pass.<\/p>\n<h3>M\u00e5ngsidiga till\u00e4mpningar av RFID-inl\u00e4gg<\/h3>\n<p>Anpassningsalternativen f\u00f6r MIFARE DESFire <a href=\"https:\/\/rfid-laundry-tag.com\/sv\/rfid-inlay\/\">RFID-inl\u00e4gg<\/a> \u00e4r enorma. Fr\u00e5n smarta stadstj\u00e4nster till lojalitetsprogram och kontantl\u00f6sa betalningsl\u00f6sningar, funktionaliteterna \u00e4r skr\u00e4ddarsydda f\u00f6r att m\u00f6ta kraven fr\u00e5n modern teknik.<\/p>\n<h3>Anpassningsalternativ f\u00f6r ditt f\u00f6retag<\/h3>\n<p>Med MIFARE DESFire <a href=\"https:\/\/rfid-laundry-tag.com\/sv\/rfid-inlay\/\">RFID-inl\u00e4gg<\/a>, kan du anpassa allt fr\u00e5n form och storlek till tryckta logotyper och serienummer. Denna flexibilitet f\u00f6rb\u00e4ttrar varum\u00e4rkets synlighet och ger en unik anv\u00e4ndarupplevelse skr\u00e4ddarsydd f\u00f6r specifika aff\u00e4rsbehov.<\/p>\n<h3>F\u00f6rb\u00e4ttrade s\u00e4kerhetsfunktioner<\/h3>\n<p>S\u00e4kerhets\u00e5tg\u00e4rderna inb\u00e4ddade i MIFARE DESFire RFID Inlays \u00e4r o\u00f6vertr\u00e4ffade. Med \u00f6msesidig autentisering med tre pass och AES-kryptering f\u00f6r data\u00f6verf\u00f6ring kan anv\u00e4ndarna vara s\u00e4kra p\u00e5 att deras information f\u00f6rblir privat och s\u00e4ker.<\/p>\n<h3>Milj\u00f6v\u00e4nliga \u00f6verv\u00e4ganden<\/h3>\n<p>Eftersom RFID-teknik omfattar h\u00e5llbarhet kan MIFARE DESFire Inlays tillverkas med milj\u00f6medvetna material. Denna aspekt minskar inte bara milj\u00f6p\u00e5verkan utan anpassar ocks\u00e5 ditt f\u00f6retag till moderna konsumentv\u00e4rden.<\/p>\n<h3>Tekniska specifikationer i ett \u00f6gonkast<\/h3>\n<div>\n<div class=\"overflow-x-auto custom-scrollbar custom-scrollbar-wide mb-2\">\n<table class=\"w-fit !mb-2 !max-w-none\">\n<thead>\n<tr>\n<th style=\"text-align: left;\"><strong>Specifikation<\/strong><\/th>\n<th style=\"text-align: left;\"><strong>Beskrivning<\/strong><\/th>\n<\/tr>\n<\/thead>\n<tbody>\n<tr>\n<td><strong>RF-gr\u00e4nssnitt<\/strong><\/td>\n<td>ISO\/IEC 14443 Typ A<\/td>\n<\/tr>\n<tr>\n<td><strong>Driftsavst\u00e5nd<\/strong><\/td>\n<td>Upp till 100 mm<\/td>\n<\/tr>\n<tr>\n<td><strong>Data\u00f6verf\u00f6ringshastigheter<\/strong><\/td>\n<td>106 kbit\/s till 848 kbit\/s<\/td>\n<\/tr>\n<tr>\n<td><strong>Minnesalternativ<\/strong><\/td>\n<td>2k, 4k, 8k, 16k eller 32k NV<\/td>\n<\/tr>\n<tr>\n<td><strong>Unik identifierare<\/strong><\/td>\n<td>7 byte med alternativet Random ID<\/td>\n<\/tr>\n<tr>\n<td><strong>S\u00e4kerhetscertifiering<\/strong><\/td>\n<td>Common Criteria EAL5+<\/td>\n<\/tr>\n<\/tbody>\n<\/table>\n<\/div>\n<\/div>\n<h3>Kundrekommendationer<\/h3>\n<p>Kunder fr\u00e5n olika sektorer har ber\u00f6mt MIFARE DESFire-inl\u00e4ggen f\u00f6r deras prestanda och tillf\u00f6rlitlighet. Feedback betonar enkel integration, effektivitet i driften och \u00f6vergripande tillfredsst\u00e4llelse med s\u00e4kerhetsfunktioner.<\/p>\n<h3>Vanliga fr\u00e5gor (FAQs)<\/h3>\n<p><strong>Vad \u00e4r den maximala minnesstorleken f\u00f6r MIFARE DESFire-inl\u00e4gg?<\/strong><\/p>\n<ul>\n<li style=\"list-style-type: none;\">\n<ul>\n<li>Den maximala minnesstorleken \u00e4r 32k.<\/li>\n<\/ul>\n<\/li>\n<\/ul>\n<p><strong>\u00c4r dessa inl\u00e4gg kompatibla med befintliga NFC-l\u00e4sare?<\/strong><\/p>\n<ul>\n<li style=\"list-style-type: none;\">\n<ul>\n<li>Ja, de \u00e4r helt kompatibla med befintlig NFC-l\u00e4sarinfrastruktur.<\/li>\n<\/ul>\n<\/li>\n<\/ul>\n<p><strong>Kan jag anpassa inst\u00e4llningar f\u00f6r data\u00f6verf\u00f6ring?<\/strong><\/p>\n<ul>\n<li style=\"list-style-type: none;\">\n<ul>\n<li>Ja, du kan konfigurera ramstorleken s\u00e5 att den passar dina applikationsbehov.<\/li>\n<\/ul>\n<\/li>\n<\/ul>\n<h3>Slutliga tankar om MIFARE DESFire RFID-inl\u00e4gg<\/h3>\n<p>MIFARE DESFire RFID Inlay f\u00f6rkroppsligar den perfekta blandningen av s\u00e4kerhet, prestanda och m\u00e5ngsidighet. Med alternativ f\u00f6r anpassning, h\u00f6ga s\u00e4kerhetsstandarder och en rad applikationer \u00e4r investeringar i denna teknik ett smart val f\u00f6r b\u00e5de f\u00f6retag och privatpersoner.<\/p>\n<p>L\u00e5s upp n\u00e4sta niv\u00e5 s\u00e4kerhet och effektivitet med\u00a0<strong>MIFARE DESFire RFID-inl\u00e4gg<\/strong>.\u00a0<strong>Kontakta oss<\/strong>\u00a0idag f\u00f6r att utforska hur v\u00e5ra l\u00f6sningar kan m\u00f6ta dina behov och uppgradera din aff\u00e4rskapacitet. Oavsett om du vill f\u00f6rb\u00e4ttra \u00e5tkomstkontroller, optimera betalningssystem eller integrera en smart sp\u00e5rningsl\u00f6sning, \u00e4r MIFARE DESFire-teknologin din nyckel till en s\u00e4ker framtid.<\/p>","protected":false},"excerpt":{"rendered":"<p>Uppt\u00e4ck RFID NFC MIFARE Desfire INLAY \u2013 s\u00e4kra, m\u00e5ngsidiga och anpassningsbara l\u00f6sningar f\u00f6r \u00e5tkomstkontroll och betalningar, vilket s\u00e4kerst\u00e4ller \u00f6kad effektivitet och s\u00e4kerhet.<\/p>","protected":false},"featured_media":2673,"template":"","meta":{"_kad_post_transparent":"default","_kad_post_title":"","_kad_post_layout":"default","_kad_post_sidebar_id":"","_kad_post_content_style":"default","_kad_post_vertical_padding":"default","_kad_post_feature":"","_kad_post_feature_position":"","_kad_post_header":false,"_kad_post_footer":false,"_kad_post_classname":""},"product_brand":[],"product_cat":[189],"product_tag":[313,111,108],"class_list":{"0":"post-2689","1":"product","2":"type-product","3":"status-publish","4":"has-post-thumbnail","6":"product_cat-rfid-inlay","7":"product_tag-mifare-desfire-inlay","8":"product_tag-nfc-inlay","9":"product_tag-rfid-inlay","11":"first","12":"instock","13":"shipping-taxable","14":"product-type-simple","15":"entry","16":"content-bg","17":"loop-entry"},"_links":{"self":[{"href":"https:\/\/rfid-laundry-tag.com\/sv\/wp-json\/wp\/v2\/product\/2689","targetHints":{"allow":["GET"]}}],"collection":[{"href":"https:\/\/rfid-laundry-tag.com\/sv\/wp-json\/wp\/v2\/product"}],"about":[{"href":"https:\/\/rfid-laundry-tag.com\/sv\/wp-json\/wp\/v2\/types\/product"}],"version-history":[{"count":2,"href":"https:\/\/rfid-laundry-tag.com\/sv\/wp-json\/wp\/v2\/product\/2689\/revisions"}],"predecessor-version":[{"id":2693,"href":"https:\/\/rfid-laundry-tag.com\/sv\/wp-json\/wp\/v2\/product\/2689\/revisions\/2693"}],"wp:featuredmedia":[{"embeddable":true,"href":"https:\/\/rfid-laundry-tag.com\/sv\/wp-json\/wp\/v2\/media\/2673"}],"wp:attachment":[{"href":"https:\/\/rfid-laundry-tag.com\/sv\/wp-json\/wp\/v2\/media?parent=2689"}],"wp:term":[{"taxonomy":"product_brand","embeddable":true,"href":"https:\/\/rfid-laundry-tag.com\/sv\/wp-json\/wp\/v2\/product_brand?post=2689"},{"taxonomy":"product_cat","embeddable":true,"href":"https:\/\/rfid-laundry-tag.com\/sv\/wp-json\/wp\/v2\/product_cat?post=2689"},{"taxonomy":"product_tag","embeddable":true,"href":"https:\/\/rfid-laundry-tag.com\/sv\/wp-json\/wp\/v2\/product_tag?post=2689"}],"curies":[{"name":"wp","href":"https:\/\/api.w.org\/{rel}","templated":true}]}}