{"id":268,"date":"2024-06-21T15:32:44","date_gmt":"2024-06-21T15:32:44","guid":{"rendered":"https:\/\/rfid-laundry-tag.com\/?post_type=product&#038;p=268"},"modified":"2024-06-28T10:04:38","modified_gmt":"2024-06-28T10:04:38","slug":"uhf-rfid-label-alien-h9","status":"publish","type":"product","link":"https:\/\/rfid-laundry-tag.com\/sv\/uhf-rfid-label-alien-h9\/","title":{"rendered":"UHF RFID-etikett Alien H9"},"content":{"rendered":"<h2>UHF RFID-etikett Alien H9<\/h2>\n<p><span style=\"font-family: inherit; font-size: 24px; font-weight: bold;\">UHF RFID-etikett f\u00f6r lagersp\u00e5rning<\/span><\/p>\n<div class=\"J_module\">\n<div class=\"ife-detail-decorate-table\">\n<table class=\"all magic-10\">\n<tbody>\n<tr>\n<td colspan=\"1\" rowspan=\"1\">\n<div class=\"magic-11\">Chips<\/div>\n<\/td>\n<td colspan=\"1\" rowspan=\"1\">\n<div class=\"magic-12\">Alien H9<\/div>\n<\/td>\n<\/tr>\n<tr>\n<td colspan=\"1\" rowspan=\"1\">\n<div class=\"magic-11\">Frekvens<\/div>\n<\/td>\n<td colspan=\"1\" rowspan=\"1\">\n<div class=\"magic-12\">860 ~ 960 MHz<\/div>\n<\/td>\n<\/tr>\n<tr>\n<td colspan=\"1\" rowspan=\"1\">\n<div class=\"magic-11\">Material<\/div>\n<\/td>\n<td colspan=\"1\" rowspan=\"1\">\n<div class=\"magic-12\">Bestruket papper\/PET\/Syntetiskt papper\/Termiskt papper\/anpassning<\/div>\n<\/td>\n<\/tr>\n<tr>\n<td colspan=\"1\" rowspan=\"1\">\n<div class=\"magic-11\">Arbetsl\u00e4ge<\/div>\n<\/td>\n<td colspan=\"1\" rowspan=\"1\">\n<div class=\"magic-12\">Passiv<\/div>\n<\/td>\n<\/tr>\n<tr>\n<td colspan=\"1\" rowspan=\"1\">\n<div class=\"magic-11\">IC-liv<\/div>\n<\/td>\n<td colspan=\"1\" rowspan=\"1\">\n<div class=\"magic-12\">100 000 programmeringscykler, 10 \u00e5rs datalagring<\/div>\n<\/td>\n<\/tr>\n<tr>\n<td colspan=\"1\" rowspan=\"1\">\n<div class=\"magic-11\">Drifttemperatur\/fuktighet<\/div>\n<\/td>\n<td colspan=\"1\" rowspan=\"1\">\n<div class=\"magic-12\">-25~50\u2103\/20%~80% RH<\/div>\n<\/td>\n<\/tr>\n<tr>\n<td colspan=\"1\" rowspan=\"1\">\n<div class=\"magic-11\">F\u00f6rvaringstemperatur\/fuktighet<\/div>\n<\/td>\n<td colspan=\"1\" rowspan=\"1\">\n<div class=\"magic-12\">+23\u00b0C\u00b15\u00b0C\/ 50%\u00b110% RH(Utan kondens).<\/div>\n<\/td>\n<\/tr>\n<tr>\n<td colspan=\"1\" rowspan=\"1\">\n<div class=\"magic-11\">Antenn<\/div>\n<\/td>\n<td colspan=\"1\" rowspan=\"1\">\n<div class=\"magic-12\">Aluminiumetsning, 94,8*8,1mm<\/div>\n<\/td>\n<\/tr>\n<tr>\n<td colspan=\"1\" rowspan=\"1\">\n<div class=\"magic-11\">V\u00e5t inl\u00e4gg\/Etikett Storlek<\/div>\n<\/td>\n<td colspan=\"1\" rowspan=\"1\">\n<div class=\"magic-12\">98*15mm eller anpassning<\/div>\n<\/td>\n<\/tr>\n<tr>\n<td colspan=\"1\" rowspan=\"1\">\n<div class=\"magic-11\">Utskrift<\/div>\n<\/td>\n<td colspan=\"1\" rowspan=\"1\">\n<div class=\"magic-12\">Fullf\u00e4rgstryck, logotyp, streckkod, QR-kod, etc<\/div>\n<\/td>\n<\/tr>\n<tr>\n<td colspan=\"1\" rowspan=\"1\">\n<div class=\"magic-11\">Prov<\/div>\n<\/td>\n<td colspan=\"1\" rowspan=\"1\">\n<div class=\"magic-12\">Provet \u00e4r gratis f\u00f6r ditt kvalitetstest<\/div>\n<\/td>\n<\/tr>\n<tr>\n<td colspan=\"1\" rowspan=\"1\">\n<div class=\"magic-11\">Protokoll<\/div>\n<\/td>\n<td colspan=\"1\" rowspan=\"1\">\n<div class=\"magic-12\">ISO\/IEC 18000-6C EPC Klass 1 Gen2<\/div>\n<\/td>\n<\/tr>\n<tr>\n<td colspan=\"1\" rowspan=\"1\">\n<div class=\"magic-11\">F\u00f6rpackning<\/div>\n<\/td>\n<td colspan=\"1\" rowspan=\"1\">\n<div class=\"magic-12\">1000-5000 st\/rulle, 4 rullar\/kartong<\/div>\n<\/td>\n<\/tr>\n<tr>\n<td colspan=\"1\" rowspan=\"1\">\n<div class=\"magic-11\">Ursprungsort<\/div>\n<\/td>\n<td colspan=\"1\" rowspan=\"1\">\n<div class=\"magic-12\">Chengdu, Kina<\/div>\n<\/td>\n<\/tr>\n<tr>\n<td colspan=\"1\" rowspan=\"4\">\n<div class=\"magic-11\">Applikation\/L\u00f6sning<\/div>\n<\/td>\n<td colspan=\"1\" rowspan=\"1\">\n<div class=\"magic-12\">S\u00e4ker entr\u00e9kontroll\/Kontantfri betalning Medlemskap och lojalitetsprogram<\/div>\n<\/td>\n<\/tr>\n<tr>\n<td colspan=\"1\" rowspan=\"1\">\n<div class=\"magic-12\" data-spm-anchor-id=\"a2700.details.0.i80.59c943e8HVzkHD\">Eventtillg\u00e5ng och varum\u00e4rke\/sociala medier\/detaljhandel<\/div>\n<\/td>\n<\/tr>\n<tr>\n<td colspan=\"1\" rowspan=\"1\">\n<div class=\"magic-12\">Milj\u00f6\/Spel &amp; Leksaker Plats\/Elektronik\/m\u00e4ssor<\/div>\n<\/td>\n<\/tr>\n<tr>\n<td colspan=\"1\" rowspan=\"1\">\n<div class=\"magic-12\">Evenemang\/samtalsf\u00f6rfr\u00e5gan\/visitkort<\/div>\n<\/td>\n<\/tr>\n<\/tbody>\n<\/table>\n<p>&nbsp;<\/p>\n<\/div>\n<\/div>\n<div class=\"J_module\">\n<div><\/div>\n<div class=\"auto-hide-last-sibling-br paragraph_9dc5f paragraph-element\">UHF RFID-etiketter (Ultra High Frequency Radio Frequency Identification Labels) \u00e4r verkligen m\u00e5ngsidiga verktyg med stora applikationer inom olika sektorer.<\/div>\n<div class=\"auto-hide-last-sibling-br paragraph_9dc5f paragraph-element\">Identifiering: Dessa etiketter kan enkelt lagra personuppgifter, vilket \u00e4r anv\u00e4ndbart i scenarier f\u00f6r identitetsverifiering, vilket g\u00f6r det till ett tillf\u00f6rlitligt val f\u00f6r olika institutioner som kr\u00e4ver s\u00e4kra och effektiva identifieringsmetoder.<\/div>\n<div><\/div>\n<div class=\"auto-hide-last-sibling-br paragraph_9dc5f paragraph-element\">Kollektivtrafik och evenemangsbiljetter: UHF RFID-etiketter anv\u00e4nds ofta i automatiserade biljettsystem som tunnelbane- eller busspolletter, s\u00e5v\u00e4l som i evenemangsbiljetter, d\u00e4r det m\u00f6jligg\u00f6r snabbt och effektivt tilltr\u00e4de.<\/div>\n<div><\/div>\n<div class=\"auto-hide-last-sibling-br paragraph_9dc5f paragraph-element\">Elektronisk v\u00e4gtullsinsamling: Anv\u00e4ndningen av UHF RFID-etiketter h\u00e4r m\u00f6jligg\u00f6r snabba v\u00e4gtullsbetalningar utan att fordonen beh\u00f6ver stanna, vilket avsev\u00e4rt minskar trafiken och f\u00f6rb\u00e4ttrar anv\u00e4ndarv\u00e4nligheten.<\/div>\n<div><\/div>\n<div class=\"auto-hide-last-sibling-br paragraph_9dc5f paragraph-element\">Asset Management: Etiketterna kan f\u00e4stas p\u00e5 tillg\u00e5ngar som m\u00f6jligg\u00f6r sp\u00e5rning, plats och information i realtid, vilket f\u00f6rb\u00e4ttrar lagerhanteringen och minskar f\u00f6rlust eller st\u00f6ld.<\/div>\n<div><\/div>\n<div class=\"auto-hide-last-sibling-br paragraph_9dc5f paragraph-element\">Bibliotek och uthyrning: De anv\u00e4nds f\u00f6r att sp\u00e5ra b\u00f6cker eller andra f\u00f6rem\u00e5l som g\u00e5r in och ut ur ett bibliotek, vilket g\u00f6r l\u00e5ne- och returprocessen mer effektiv. De kan ocks\u00e5 anv\u00e4ndas i uthyrningstj\u00e4nster f\u00f6r b\u00e4ttre hantering av hyrda f\u00f6rem\u00e5l.<\/div>\n<div><\/div>\n<div class=\"auto-hide-last-sibling-br paragraph_9dc5f paragraph-element\">Lojalitetssystem: UHF RFID-etiketter kan anv\u00e4ndas i lojalitets- eller bel\u00f6ningskort f\u00f6r f\u00f6retag, vilket f\u00f6rb\u00e4ttrar kundbeh\u00e5llningen och ger en fantastisk anv\u00e4ndarupplevelse.<\/div>\n<div><\/div>\n<div class=\"auto-hide-last-sibling-br paragraph_9dc5f paragraph-element\">\u00c5tkomstkontroll: P\u00e5 platser som kr\u00e4ver s\u00e4ker \u00e5tkomst som kontor, bostadsomr\u00e5den eller vissa offentliga omr\u00e5den, kan dessa taggar anv\u00e4ndas f\u00f6r effektiv \u00e5tkomstkontroll och l\u00e4gga till ett extra lager av s\u00e4kerhet.<\/div>\n<div><\/div>\n<div class=\"auto-hide-last-sibling-br paragraph_9dc5f paragraph-element\">Dessutom kan v\u00e5ra anpassade programmerings- och kodningstj\u00e4nster matcha kundens specifika behov, vilket g\u00f6r UHF RFID-etiketter till en mycket kostnadseffektiv och bekv\u00e4m l\u00f6sning f\u00f6r m\u00e5nga f\u00f6retag och tj\u00e4nster.<\/div>\n<div><\/div>\n<\/div>\n<div><\/div>\n<div><strong>Varf\u00f6r v\u00e4lja USA?<\/strong><\/div>\n<div><\/div>\n<div>Vi \u00e4r den ledande leverant\u00f6ren av RFID-teknik med \u00f6ver 11 \u00e5rs erfarenhet, tillf\u00f6r avancerad effektivitet, tillf\u00f6rlitlighet och noggrannhet till kundernas globala leveranskedjor med branschledande produkter, l\u00f6sningar och teknologier. Som tillverkare p\u00e5 global niv\u00e5 erbjuder vi kunderna en plattform av grundl\u00e4ggande teknologier, inklusive passerkontroll, djurtaggning, n\u00e4rf\u00e4ltskommunikation (NFC), olika RFID-l\u00e4sare och l\u00f6sningar. V\u00e5ra l\u00f6sningar har mycket konfigurerbara applikationsramverk och eleganta anv\u00e4ndargr\u00e4nssnitt med avancerad analys, vilket m\u00f6jligg\u00f6r end-to-end business intelligence och datasynlighet \u00f6ver flera branscher.<\/div>","protected":false},"excerpt":{"rendered":"<p>UHF RFID Label kan anv\u00e4ndas i stor utstr\u00e4ckning inom identifiering, kollektivtrafik, evenemangsbiljetthantering elektronisk v\u00e4gtull, tillg\u00e5ngshantering, bibliotek och uthyrning, lojalitetssystem och \u00e5tkomstkontroll etc. Vi tillhandah\u00e5ller programmerings- och kodningstj\u00e4nster som exakt passar kundens programmerings- eller kodningskrav.<\/p>","protected":false},"featured_media":270,"template":"","meta":{"_kad_post_transparent":"default","_kad_post_title":"","_kad_post_layout":"default","_kad_post_sidebar_id":"","_kad_post_content_style":"default","_kad_post_vertical_padding":"default","_kad_post_feature":"","_kad_post_feature_position":"","_kad_post_header":false,"_kad_post_footer":false,"_kad_post_classname":""},"product_brand":[],"product_cat":[54],"product_tag":[102,100,98],"class_list":{"0":"post-268","1":"product","2":"type-product","3":"status-publish","4":"has-post-thumbnail","6":"product_cat-hot-selling-rfid-tags","7":"product_tag-paper-uhf-rfid-sticker","8":"product_tag-rfid-label","9":"product_tag-uhf-rfid-label","11":"first","12":"instock","13":"shipping-taxable","14":"product-type-simple","15":"entry","16":"content-bg","17":"loop-entry"},"_links":{"self":[{"href":"https:\/\/rfid-laundry-tag.com\/sv\/wp-json\/wp\/v2\/product\/268","targetHints":{"allow":["GET"]}}],"collection":[{"href":"https:\/\/rfid-laundry-tag.com\/sv\/wp-json\/wp\/v2\/product"}],"about":[{"href":"https:\/\/rfid-laundry-tag.com\/sv\/wp-json\/wp\/v2\/types\/product"}],"version-history":[{"count":0,"href":"https:\/\/rfid-laundry-tag.com\/sv\/wp-json\/wp\/v2\/product\/268\/revisions"}],"wp:featuredmedia":[{"embeddable":true,"href":"https:\/\/rfid-laundry-tag.com\/sv\/wp-json\/wp\/v2\/media\/270"}],"wp:attachment":[{"href":"https:\/\/rfid-laundry-tag.com\/sv\/wp-json\/wp\/v2\/media?parent=268"}],"wp:term":[{"taxonomy":"product_brand","embeddable":true,"href":"https:\/\/rfid-laundry-tag.com\/sv\/wp-json\/wp\/v2\/product_brand?post=268"},{"taxonomy":"product_cat","embeddable":true,"href":"https:\/\/rfid-laundry-tag.com\/sv\/wp-json\/wp\/v2\/product_cat?post=268"},{"taxonomy":"product_tag","embeddable":true,"href":"https:\/\/rfid-laundry-tag.com\/sv\/wp-json\/wp\/v2\/product_tag?post=268"}],"curies":[{"name":"wp","href":"https:\/\/api.w.org\/{rel}","templated":true}]}}