{"id":265,"date":"2024-06-21T15:26:22","date_gmt":"2024-06-21T15:26:22","guid":{"rendered":"https:\/\/rfid-laundry-tag.com\/?post_type=product&#038;p=265"},"modified":"2024-08-14T16:48:09","modified_gmt":"2024-08-14T16:48:09","slug":"uhf-rfid-sticker-nxp-u-code-9","status":"publish","type":"product","link":"https:\/\/rfid-laundry-tag.com\/sv\/uhf-rfid-sticker-nxp-u-code-9\/","title":{"rendered":"UHF RFID Sticker-NXP U KOD 9"},"content":{"rendered":"<h2>UHF RFID Sticker-NXP U KOD 9<\/h2>\n<p><span style=\"font-family: inherit; font-size: 24px; font-weight: bold;\">UHF RFID-klisterm\u00e4rke f\u00f6r sp\u00e5rning av lagerhantering<\/span><\/p>\n<div class=\"J_module\">\n<div class=\"ife-detail-decorate-table\">\n<table class=\"all magic-10\">\n<tbody>\n<tr>\n<td colspan=\"1\" rowspan=\"1\">\n<div class=\"magic-11\">Chips<\/div>\n<\/td>\n<td colspan=\"1\" rowspan=\"1\">\n<div class=\"magic-12\">NXP U KOD 9<\/div>\n<\/td>\n<\/tr>\n<tr>\n<td colspan=\"1\" rowspan=\"1\">\n<div class=\"magic-11\">Frekvens<\/div>\n<\/td>\n<td colspan=\"1\" rowspan=\"1\">\n<div class=\"magic-12\">860 ~ 960 MHz<\/div>\n<\/td>\n<\/tr>\n<tr>\n<td colspan=\"1\" rowspan=\"1\">\n<div class=\"magic-11\">Material<\/div>\n<\/td>\n<td colspan=\"1\" rowspan=\"1\">\n<div class=\"magic-12\">Bestruket papper\/PET\/Syntetiskt papper\/Termiskt papper\/anpassning<\/div>\n<\/td>\n<\/tr>\n<tr>\n<td colspan=\"1\" rowspan=\"1\">\n<div class=\"magic-11\">Arbetsl\u00e4ge<\/div>\n<\/td>\n<td colspan=\"1\" rowspan=\"1\">\n<div class=\"magic-12\">Passiv<\/div>\n<\/td>\n<\/tr>\n<tr>\n<td colspan=\"1\" rowspan=\"1\">\n<div class=\"magic-11\">IC-liv<\/div>\n<\/td>\n<td colspan=\"1\" rowspan=\"1\">\n<div class=\"magic-12\">100 000 programmeringscykler, 10 \u00e5rs datalagring<\/div>\n<\/td>\n<\/tr>\n<tr>\n<td colspan=\"1\" rowspan=\"1\">\n<div class=\"magic-11\">Drifttemperatur\/fuktighet<\/div>\n<\/td>\n<td colspan=\"1\" rowspan=\"1\">\n<div class=\"magic-12\">-25~50\u2103\/20%~80% RH<\/div>\n<\/td>\n<\/tr>\n<tr>\n<td colspan=\"1\" rowspan=\"1\">\n<div class=\"magic-11\">F\u00f6rvaringstemperatur\/fuktighet<\/div>\n<\/td>\n<td colspan=\"1\" rowspan=\"1\">\n<div class=\"magic-12\">+23\u00b0C\u00b15\u00b0C\/ 50%\u00b110% RH(Utan kondens).<\/div>\n<\/td>\n<\/tr>\n<tr>\n<td colspan=\"1\" rowspan=\"1\">\n<div class=\"magic-11\">Antenn<\/div>\n<\/td>\n<td colspan=\"1\" rowspan=\"1\">\n<div class=\"magic-12\">Aluminiumetsning, 94,8*8,1mm<\/div>\n<\/td>\n<\/tr>\n<tr>\n<td colspan=\"1\" rowspan=\"1\">\n<div class=\"magic-11\">V\u00e5t inl\u00e4gg\/Etikett Storlek<\/div>\n<\/td>\n<td colspan=\"1\" rowspan=\"1\">\n<div class=\"magic-12\">98*15mm eller anpassning<\/div>\n<\/td>\n<\/tr>\n<tr>\n<td colspan=\"1\" rowspan=\"1\">\n<div class=\"magic-11\">Utskrift<\/div>\n<\/td>\n<td colspan=\"1\" rowspan=\"1\">\n<div class=\"magic-12\">Fullf\u00e4rgstryck, logotyp, streckkod, QR-kod, etc<\/div>\n<\/td>\n<\/tr>\n<tr>\n<td colspan=\"1\" rowspan=\"1\">\n<div class=\"magic-11\">Prov<\/div>\n<\/td>\n<td colspan=\"1\" rowspan=\"1\">\n<div class=\"magic-12\">Provet \u00e4r gratis f\u00f6r ditt kvalitetstest<\/div>\n<\/td>\n<\/tr>\n<tr>\n<td colspan=\"1\" rowspan=\"1\">\n<div class=\"magic-11\">Protokoll<\/div>\n<\/td>\n<td colspan=\"1\" rowspan=\"1\">\n<div class=\"magic-12\">ISO\/IEC 18000-6C EPC Klass 1 Gen2<\/div>\n<\/td>\n<\/tr>\n<tr>\n<td colspan=\"1\" rowspan=\"1\">\n<div class=\"magic-11\">F\u00f6rpackning<\/div>\n<\/td>\n<td colspan=\"1\" rowspan=\"1\">\n<div class=\"magic-12\">1000-5000 st\/rulle, 4 rullar\/kartong<\/div>\n<\/td>\n<\/tr>\n<tr>\n<td colspan=\"1\" rowspan=\"1\">\n<div class=\"magic-11\">Ursprungsort<\/div>\n<\/td>\n<td colspan=\"1\" rowspan=\"1\">\n<div class=\"magic-12\">Chengdu, Kina<\/div>\n<\/td>\n<\/tr>\n<tr>\n<td colspan=\"1\" rowspan=\"4\">\n<div class=\"magic-11\">Applikation\/L\u00f6sning<\/div>\n<\/td>\n<td colspan=\"1\" rowspan=\"1\">\n<div class=\"magic-12\">S\u00e4ker entr\u00e9kontroll\/Kontantfri betalning Medlemskap och lojalitetsprogram<\/div>\n<\/td>\n<\/tr>\n<tr>\n<td colspan=\"1\" rowspan=\"1\">\n<div class=\"magic-12\" data-spm-anchor-id=\"a2700.details.0.i80.59c943e8HVzkHD\">Eventtillg\u00e5ng och varum\u00e4rke\/sociala medier\/detaljhandel<\/div>\n<\/td>\n<\/tr>\n<tr>\n<td colspan=\"1\" rowspan=\"1\">\n<div class=\"magic-12\">Milj\u00f6\/Spel &amp; Leksaker Plats\/Elektronik\/m\u00e4ssor<\/div>\n<\/td>\n<\/tr>\n<tr>\n<td colspan=\"1\" rowspan=\"1\">\n<div class=\"magic-12\">Evenemang\/samtalsf\u00f6rfr\u00e5gan\/visitkort<\/div>\n<\/td>\n<\/tr>\n<\/tbody>\n<\/table>\n<p>&nbsp;<\/p>\n<\/div>\n<\/div>\n<div class=\"text-title\"><span class=\"magic-26\" style=\"color: #000000;\">Systemservicel\u00e4ge<\/span><\/div>\n<div class=\"text-content\" data-spm-anchor-id=\"a2700.details.0.i55.72f139f1jxVcfh\">Vi tillhandah\u00e5ller intelligenta f\u00f6rvaltningsl\u00f6sningar baserade p\u00e5 RFID-teknik, som kan hj\u00e4lpa f\u00f6retag inom digital f\u00f6rvaltning inom omr\u00e5dena kapitalf\u00f6rvaltning, leasing, lager och logistik.<\/div>\n<div data-spm-anchor-id=\"a2700.details.0.i55.72f139f1jxVcfh\"><\/div>\n<div class=\"J_module\">\n<p>RFID Inlay \u00e4r en speciell term f\u00f6r RFID-industrin, som h\u00e4nvisar till en f\u00f6rlaminerad produkt som best\u00e5r av flerskikts PVC eller andra material som inneh\u00e5ller chips och spolar. Efter olika former av f\u00f6rpackningar kan olika typer av RFID-taggar tillverkas. Inl\u00e4gg kan f\u00f6rst\u00e5s som halvfabrikat utan inkapsling av RFID-taggar. RFID-inl\u00e4gg kan delas in i torra inl\u00e4gg och v\u00e5ta inl\u00e4gg. RFID Dry inlay inneh\u00e5ller inte baklim, och dess struktur \u00e4r antenn + chip + chippaket; RFID Wet inlay inneh\u00e5ller baklim, som kan f\u00e4stas direkt p\u00e5 f\u00f6rem\u00e5l. Strukturen \u00e4r antenn + chip + chippaket + PET + Lim+ Sl\u00e4pppapper Frekvenskrav: 869-915mhz-uhf \/ 13.56mhz-iso14443 \/ 13.56mhz-iso 15693. MIND har tekniker och erbjuder antenndesignservice f\u00f6r att m\u00f6ta olika kundkrav.<\/p>\n<\/div>","protected":false},"excerpt":{"rendered":"<p>UHF RFID-klisterm\u00e4rke-NXP U-KOD 9. UHF RFID-klisterm\u00e4rket \u00e4r i linje med standarden EPC C1G2 (ISO18000-6C), vilket m\u00f6jligg\u00f6r universell anv\u00e4ndning p\u00e5 grund av arbetsfrekvensen 860-960MHz. Varje klisterm\u00e4rke kommer med ett distinkt ID och kan inneh\u00e5lla personlig data. Denna funktion m\u00f6jligg\u00f6r dess utbredda till\u00e4mpning f\u00f6r att hantera olika sektorer inklusive kl\u00e4der, bagagesp\u00e5rning p\u00e5 flygplatser, logistik och tillg\u00e5ngsf\u00f6rvaltning.<\/p>","protected":false},"featured_media":267,"template":"","meta":{"_kad_post_transparent":"default","_kad_post_title":"","_kad_post_layout":"default","_kad_post_sidebar_id":"","_kad_post_content_style":"default","_kad_post_vertical_padding":"default","_kad_post_feature":"","_kad_post_feature_position":"","_kad_post_header":false,"_kad_post_footer":false,"_kad_post_classname":""},"product_brand":[],"product_cat":[54],"product_tag":[102],"class_list":{"0":"post-265","1":"product","2":"type-product","3":"status-publish","4":"has-post-thumbnail","6":"product_cat-hot-selling-rfid-tags","7":"product_tag-paper-uhf-rfid-sticker","9":"first","10":"instock","11":"shipping-taxable","12":"product-type-simple","13":"entry","14":"content-bg","15":"loop-entry"},"_links":{"self":[{"href":"https:\/\/rfid-laundry-tag.com\/sv\/wp-json\/wp\/v2\/product\/265","targetHints":{"allow":["GET"]}}],"collection":[{"href":"https:\/\/rfid-laundry-tag.com\/sv\/wp-json\/wp\/v2\/product"}],"about":[{"href":"https:\/\/rfid-laundry-tag.com\/sv\/wp-json\/wp\/v2\/types\/product"}],"version-history":[{"count":1,"href":"https:\/\/rfid-laundry-tag.com\/sv\/wp-json\/wp\/v2\/product\/265\/revisions"}],"predecessor-version":[{"id":1337,"href":"https:\/\/rfid-laundry-tag.com\/sv\/wp-json\/wp\/v2\/product\/265\/revisions\/1337"}],"wp:featuredmedia":[{"embeddable":true,"href":"https:\/\/rfid-laundry-tag.com\/sv\/wp-json\/wp\/v2\/media\/267"}],"wp:attachment":[{"href":"https:\/\/rfid-laundry-tag.com\/sv\/wp-json\/wp\/v2\/media?parent=265"}],"wp:term":[{"taxonomy":"product_brand","embeddable":true,"href":"https:\/\/rfid-laundry-tag.com\/sv\/wp-json\/wp\/v2\/product_brand?post=265"},{"taxonomy":"product_cat","embeddable":true,"href":"https:\/\/rfid-laundry-tag.com\/sv\/wp-json\/wp\/v2\/product_cat?post=265"},{"taxonomy":"product_tag","embeddable":true,"href":"https:\/\/rfid-laundry-tag.com\/sv\/wp-json\/wp\/v2\/product_tag?post=265"}],"curies":[{"name":"wp","href":"https:\/\/api.w.org\/{rel}","templated":true}]}}