{"id":2641,"date":"2024-09-22T15:06:11","date_gmt":"2024-09-22T15:06:11","guid":{"rendered":"https:\/\/rfid-laundry-tag.com\/?post_type=product&#038;p=2641"},"modified":"2024-09-22T15:36:05","modified_gmt":"2024-09-22T15:36:05","slug":"on-heavy-duty-nfc-tag-for-patrol","status":"publish","type":"product","link":"https:\/\/rfid-laundry-tag.com\/sv\/on-heavy-duty-nfc-tag-for-patrol\/","title":{"rendered":"On Heavy Duty NFC-tagg f\u00f6r Patrol"},"content":{"rendered":"<p>Effektiv patrullledning \u00e4r avg\u00f6rande f\u00f6r s\u00e4kerhet och effektiv verksamhet i olika branscher som byggnader, fabriker och lager. De\u00a0<strong>On Heavy Duty NFC-tagg f\u00f6r Patrol<\/strong>\u00a0\u00e4r utformad f\u00f6r att h\u00f6ja \u00f6vervakningsprocesserna f\u00f6r patrullpersonal, vilket s\u00e4kerst\u00e4ller omfattande register och o\u00f6vertr\u00e4ffad ansvarsskyldighet. Denna innovativa teknik f\u00f6renklar inte bara sp\u00e5rningen av patruller utan skapar ocks\u00e5 en milj\u00f6 som fr\u00e4mjar s\u00e4kerhet och drifteffektivitet.<\/p>\n<h2>\u00a0Introduktion till On Heavy Duty NFC-taggar<\/h2>\n<p>I en milj\u00f6 som st\u00e4ndigt kr\u00e4ver ansvarighet och precision\u00a0<strong>P\u00e5 tunga NFC-taggar<\/strong>\u00a0tillhandah\u00e5lla en p\u00e5litlig l\u00f6sning f\u00f6r patrullledning. Dessa taggar till\u00e5ter chefer och ledare att h\u00e5lla ett \u00f6ga p\u00e5 patrullaktiviteter, vilket s\u00e4kerst\u00e4ller att varje steg \u00f6vervakas och loggas korrekt. Genom att anv\u00e4nda\u00a0<strong>metall NFC<\/strong>\u00a0teknologi \u00e4r dessa taggar utformade f\u00f6r att f\u00e4sta p\u00e5 ytor i de mest kr\u00e4vande milj\u00f6erna.<\/p>\n<p>De\u00a0<strong>NFC-tagg<\/strong>\u00a0tj\u00e4nar flera branscher och hj\u00e4lper till att \u00f6verbrygga gapet mellan manuella sp\u00e5rningssystem och automatiserade, effektiva \u00f6vervakningsprocesser. Genom att integrera s\u00e5dan avancerad teknik i din s\u00e4kerhetsverksamhet kan du f\u00f6rv\u00e4nta dig en o\u00f6vertr\u00e4ffad serviceniv\u00e5 och effektivitet.<\/p>\n<h2>Nyckelfunktioner hos NFC-taggar<\/h2>\n<p><strong>P\u00e5 tunga NFC-taggar<\/strong>\u00a0best\u00e5r av flera nyckelfunktioner som g\u00f6r att de sticker ut p\u00e5 marknaden:<\/p>\n<ul>\n<li><strong>H\u00e5llbar konstruktion:<\/strong>\u00a0Dessa taggar \u00e4r konstruerade f\u00f6r tung anv\u00e4ndning och t\u00e5l tuffa f\u00f6rh\u00e5llanden och \u00e4r designade f\u00f6r att f\u00e4stas p\u00e5 vilken metallyta som helst. Deras robusta design \u00e4r motst\u00e5ndskraftig mot slitage, vilket s\u00e4kerst\u00e4ller l\u00e5ngvarig prestanda.<\/li>\n<li><strong>Avancerad NTAG-teknik:<\/strong>\u00a0Inkorporeringen av\u00a0<strong>ntag213<\/strong>\u00a0chip garanterar snabba data\u00f6verf\u00f6ringshastigheter och effektiv drift. Med en minneskapacitet p\u00e5 180 byte kan taggen lagra n\u00f6dv\u00e4ndig data f\u00f6r effektiv sp\u00e5rning.<\/li>\n<li><strong>Kompatibilitet med metallytor:<\/strong>\u00a0De\u00a0<strong>anti-metall<\/strong>\u00a0funktionen g\u00f6r att dessa taggar fungerar effektivt n\u00e4r de placeras p\u00e5 valfri metallyta, vilket s\u00e4kerst\u00e4ller tillf\u00f6rlitlighet i olika driftsmilj\u00f6er.<\/li>\n<\/ul>\n<h2>F\u00f6rdelar med att anv\u00e4nda NFC-taggar i patrullverksamhet<\/h2>\n<p>Genomf\u00f6rande\u00a0<strong>NFC<\/strong>\u00a0teknik inom patrullverksamhet ger m\u00e5nga f\u00f6rdelar:<\/p>\n<ul>\n<li><strong>Sp\u00e5rning i realtid:<\/strong>\u00a0Chefer kan observera patrullrutter och tider i realtid, vilket avsev\u00e4rt bidrar till att f\u00f6rb\u00e4ttra s\u00e4kerhetsprotokollen och s\u00e4kerst\u00e4lla att varje patrull genomf\u00f6rs som planerat.<\/li>\n<li><strong>Effektiv journalf\u00f6ring:<\/strong>\u00a0De\u00a0<strong>NFC-tagg<\/strong>\u00a0m\u00f6jligg\u00f6r enkel loggning av patrullaktiviteter, vilket hj\u00e4lper till att minimera m\u00e4nskliga fel och effektivisera administrativa uppgifter i samband med rapportering.<\/li>\n<\/ul>\n<p>Att investera i\u00a0<strong>NFC p\u00e5 metall<\/strong>\u00a0taggar \u00f6vers\u00e4tter till b\u00e4ttre resurshantering och f\u00f6rb\u00e4ttrade s\u00e4kerhets\u00e5tg\u00e4rder.<\/p>\n<h2>Hur man installerar NFC-taggar<\/h2>\n<p>Installation av\u00a0<strong>P\u00e5 tunga NFC-taggar<\/strong>\u00a0\u00e4r okomplicerad. S\u00e5 h\u00e4r g\u00f6r du:<\/p>\n<ol>\n<li><strong>Ytf\u00f6rberedelse:<\/strong>\u00a0Se till att den valda metallytan \u00e4r ren och fri fr\u00e5n damm eller fukt f\u00f6r att uppn\u00e5 ett starkt vidh\u00e4ftande f\u00e4ste.<\/li>\n<li><strong>Placering av taggen:<\/strong>\u00a0Best\u00e4m den optimala platsen f\u00f6r taggen. Anv\u00e4nd a\u00a0<strong>skruvh\u00e5l<\/strong>\u00a0om n\u00f6dv\u00e4ndigt f\u00f6r en mer permanent l\u00f6sning, eller anv\u00e4nd den sj\u00e4lvh\u00e4ftande baksidan f\u00f6r enkel applicering.<\/li>\n<li><strong>Testa taggen:<\/strong>\u00a0N\u00e4r den v\u00e4l har applicerats, se till att kontrollera avl\u00e4sningsomr\u00e5det och funktionaliteten f\u00f6r att garantera korrekt funktion.<\/li>\n<\/ol>\n<p>Korrekt installation s\u00e4kerst\u00e4ller l\u00e5ng livsl\u00e4ngd och f\u00f6rb\u00e4ttrar effektiviteten hos ditt patrullledningssystem.<\/p>\n<p><img fetchpriority=\"high\" decoding=\"async\" class=\"alignnone wp-image-2646\" src=\"https:\/\/rfid-laundry-tag.com\/wp-content\/uploads\/2024\/09\/7_H17fee47b9eae43d5a80c5a2bc6771f13t-300x300.jpg\" alt=\"NFC TAGS\" width=\"489\" height=\"489\" srcset=\"https:\/\/rfid-laundry-tag.com\/wp-content\/uploads\/2024\/09\/7_H17fee47b9eae43d5a80c5a2bc6771f13t-300x300.jpg 300w, https:\/\/rfid-laundry-tag.com\/wp-content\/uploads\/2024\/09\/7_H17fee47b9eae43d5a80c5a2bc6771f13t-150x150.jpg 150w, https:\/\/rfid-laundry-tag.com\/wp-content\/uploads\/2024\/09\/7_H17fee47b9eae43d5a80c5a2bc6771f13t-768x768.jpg 768w, https:\/\/rfid-laundry-tag.com\/wp-content\/uploads\/2024\/09\/7_H17fee47b9eae43d5a80c5a2bc6771f13t-12x12.jpg 12w, https:\/\/rfid-laundry-tag.com\/wp-content\/uploads\/2024\/09\/7_H17fee47b9eae43d5a80c5a2bc6771f13t-600x600.jpg 600w, https:\/\/rfid-laundry-tag.com\/wp-content\/uploads\/2024\/09\/7_H17fee47b9eae43d5a80c5a2bc6771f13t-100x100.jpg 100w, https:\/\/rfid-laundry-tag.com\/wp-content\/uploads\/2024\/09\/7_H17fee47b9eae43d5a80c5a2bc6771f13t.jpg 1000w\" sizes=\"(max-width: 489px) 100vw, 489px\" \/><\/p>\n<h2>Tekniska specifikationer f\u00f6r On Heavy Duty NFC-taggar<\/h2>\n<p>Nedan \u00e4r de viktiga tekniska specifikationerna f\u00f6r\u00a0<strong>P\u00e5 tunga NFC-taggar<\/strong>:<\/p>\n<div>\n<div class=\"overflow-x-auto custom-scrollbar custom-scrollbar-wide mb-2\">\n<table class=\"w-fit !mb-2 !max-w-none\">\n<thead>\n<tr>\n<th style=\"text-align: left;\">S\u00e4rdrag<\/th>\n<th style=\"text-align: left;\">Specifikation<\/th>\n<\/tr>\n<\/thead>\n<tbody>\n<tr>\n<td>Storlek<\/td>\n<td>25 mm, 30 mm<\/td>\n<\/tr>\n<tr>\n<td>Chips<\/td>\n<td>NTAG213<\/td>\n<\/tr>\n<tr>\n<td>Frekvens<\/td>\n<td>13,56 MHz<\/td>\n<\/tr>\n<tr>\n<td>Protokoll<\/td>\n<td>ISO\/IEC 14443A<\/td>\n<\/tr>\n<tr>\n<td>Minne<\/td>\n<td>180 byte<\/td>\n<\/tr>\n<tr>\n<td>Driftstemperatur<\/td>\n<td>-20 till 65 grader C<\/td>\n<\/tr>\n<tr>\n<td>Ledtid<\/td>\n<td>7 arbetsdagar<\/td>\n<\/tr>\n<tr>\n<td>Datalagring<\/td>\n<td>\u226510 \u00e5r<\/td>\n<\/tr>\n<tr>\n<td>L\u00e4somr\u00e5de<\/td>\n<td>0-10 cm<\/td>\n<\/tr>\n<\/tbody>\n<\/table>\n<\/div>\n<\/div>\n<p>Att f\u00f6rst\u00e5 dessa specifikationer hj\u00e4lper anv\u00e4ndare att best\u00e4mma den b\u00e4sta taggen f\u00f6r deras specifika behov.<\/p>\n<h2>Milj\u00f6p\u00e5verkan av NFC-taggar<\/h2>\n<p>Milj\u00f6p\u00e5verkan av att anv\u00e4nda\u00a0<strong>NFC-teknik<\/strong>\u00a0\u00e4r ett v\u00e4xande bekymmer. Lyckligtvis \u00e4r dessa taggar utformade med h\u00e5llbara metoder i \u00e5tanke:<\/p>\n<ul>\n<li><strong>Material som anv\u00e4nds:<\/strong>\u00a0Materialen som anv\u00e4nds i tillverkningen\u00a0<strong>metall NFC<\/strong>\u00a0Taggar \u00e4r valda f\u00f6r deras livsl\u00e4ngd och \u00e5tervinningsbarhet.<\/li>\n<li><strong>Minskat avfall:<\/strong>\u00a0Genom att eliminera behovet av pappersloggar och manuell journalf\u00f6ring kan organisationer avsev\u00e4rt minska sitt pappersavfallsavtryck.<\/li>\n<\/ul>\n<p>Omfamning\u00a0<strong>NFC-taggar<\/strong>\u00a0\u00f6kar inte bara s\u00e4kerheten utan \u00e4r ocks\u00e5 i linje med milj\u00f6v\u00e4nliga driftsmetoder.<\/p>\n<h3>Kundupplevelser och recensioner<\/h3>\n<p>Verkliga till\u00e4mpningar av\u00a0<strong>NFC-tagg<\/strong>\u00a0kan p\u00e5verka k\u00f6pbeslut. H\u00e4r f\u00f6rdjupar vi oss i kundrekommendationer och upplevelser.<\/p>\n<h2>Vanliga fr\u00e5gor om On Heavy Duty NFC-taggar<\/h2>\n<p><strong>F: Kan dessa NFC-taggar anv\u00e4ndas i mycket varma eller kalla f\u00f6rh\u00e5llanden?<\/strong><br \/>\nS: Ja, driftstemperaturintervallet p\u00e5 -20 till 65 grader C g\u00f6r dem l\u00e4mpliga f\u00f6r olika milj\u00f6er.<\/p>\n<p><strong>F: Hur l\u00e4nge r\u00e4cker data p\u00e5 taggen?<\/strong><br \/>\nS: Datalagringsperioden \u00e4r minst 10 \u00e5r, vilket s\u00e4kerst\u00e4ller l\u00e5ngsiktig tillf\u00f6rlitlighet.<\/p>\n<p>Om du har fler fr\u00e5gor \u00e4r du v\u00e4lkommen att h\u00f6ra av dig f\u00f6r f\u00f6rtydliganden.<\/p>\n<p>Sammanfattningsvis\u00a0<strong>On Heavy Duty NFC-taggar f\u00f6r Patrol<\/strong>\u00a0\u00e4r ett oumb\u00e4rligt verktyg f\u00f6r moderna organisationer som vill f\u00f6rb\u00e4ttra sin s\u00e4kerhet och f\u00f6rvaltningspraxis. Med sin avancerade teknik, h\u00e5llbarhet och anpassningsf\u00f6rm\u00e5ga ger dessa taggar betydande driftsf\u00f6rb\u00e4ttringar.<\/p>","protected":false},"excerpt":{"rendered":"<p>F\u00f6rb\u00e4ttra patrulleringseffektiviteten med v\u00e5r On Heavy Duty NFC-tagg, designad f\u00f6r metallytor. H\u00e5llbar, p\u00e5litlig och perfekt f\u00f6r str\u00f6mlinjeformad s\u00e4kerhetshantering.<\/p>","protected":false},"featured_media":2642,"template":"","meta":{"_kad_post_transparent":"default","_kad_post_title":"","_kad_post_layout":"default","_kad_post_sidebar_id":"","_kad_post_content_style":"default","_kad_post_vertical_padding":"default","_kad_post_feature":"","_kad_post_feature_position":"","_kad_post_header":false,"_kad_post_footer":false,"_kad_post_classname":""},"product_brand":[],"product_cat":[54],"product_tag":[305,216,290],"class_list":{"0":"post-2641","1":"product","2":"type-product","3":"status-publish","4":"has-post-thumbnail","6":"product_cat-hot-selling-rfid-tags","7":"product_tag-heavy-duty-nfc-tags","8":"product_tag-nfc-patrol-tag","9":"product_tag-nfc-tag","11":"first","12":"instock","13":"shipping-taxable","14":"product-type-simple","15":"entry","16":"content-bg","17":"loop-entry"},"_links":{"self":[{"href":"https:\/\/rfid-laundry-tag.com\/sv\/wp-json\/wp\/v2\/product\/2641","targetHints":{"allow":["GET"]}}],"collection":[{"href":"https:\/\/rfid-laundry-tag.com\/sv\/wp-json\/wp\/v2\/product"}],"about":[{"href":"https:\/\/rfid-laundry-tag.com\/sv\/wp-json\/wp\/v2\/types\/product"}],"version-history":[{"count":1,"href":"https:\/\/rfid-laundry-tag.com\/sv\/wp-json\/wp\/v2\/product\/2641\/revisions"}],"predecessor-version":[{"id":2647,"href":"https:\/\/rfid-laundry-tag.com\/sv\/wp-json\/wp\/v2\/product\/2641\/revisions\/2647"}],"wp:featuredmedia":[{"embeddable":true,"href":"https:\/\/rfid-laundry-tag.com\/sv\/wp-json\/wp\/v2\/media\/2642"}],"wp:attachment":[{"href":"https:\/\/rfid-laundry-tag.com\/sv\/wp-json\/wp\/v2\/media?parent=2641"}],"wp:term":[{"taxonomy":"product_brand","embeddable":true,"href":"https:\/\/rfid-laundry-tag.com\/sv\/wp-json\/wp\/v2\/product_brand?post=2641"},{"taxonomy":"product_cat","embeddable":true,"href":"https:\/\/rfid-laundry-tag.com\/sv\/wp-json\/wp\/v2\/product_cat?post=2641"},{"taxonomy":"product_tag","embeddable":true,"href":"https:\/\/rfid-laundry-tag.com\/sv\/wp-json\/wp\/v2\/product_tag?post=2641"}],"curies":[{"name":"wp","href":"https:\/\/api.w.org\/{rel}","templated":true}]}}