{"id":2638,"date":"2024-09-22T14:53:50","date_gmt":"2024-09-22T14:53:50","guid":{"rendered":"https:\/\/rfid-laundry-tag.com\/?post_type=product&#038;p=2638"},"modified":"2024-09-22T14:53:51","modified_gmt":"2024-09-22T14:53:51","slug":"on-metal-nfc-screw-tag-for-checkpoint-security","status":"publish","type":"product","link":"https:\/\/rfid-laundry-tag.com\/sv\/on-metal-nfc-screw-tag-for-checkpoint-security\/","title":{"rendered":"On-Metal NFC Screw Tag f\u00f6r Checkpoint Security"},"content":{"rendered":"<p><strong>On-Metal NFC Screw Tag f\u00f6r Checkpoint Security:<\/strong>\u00a0S\u00e4kerst\u00e4ll robust kontrollpunkts\u00e4kerhet med v\u00e5r h\u00e5llbara NFC-skruvtagg i metall. Byggd med NTAG213 f\u00f6r tillf\u00f6rlitlig data\u00f6verf\u00f6ring p\u00e5 metallytor, integreras den s\u00f6ml\u00f6st i dina s\u00e4kerhetsprotokoll, ger snabb \u00e5tkomst och realtidssp\u00e5rning f\u00f6r att \u00f6ka s\u00e4kerheten och effektiviteten.<\/p>\n<h2>Funktioner hos On-Metal NFC Screw Tag<\/h2>\n<p>De\u00a0<strong>NFC-skruvtagg i metall<\/strong>\u00a0\u00e4r konstruerad med flera anm\u00e4rkningsv\u00e4rda funktioner som g\u00f6r det till en m\u00e5ngsidig l\u00f6sning:<\/p>\n<ul>\n<li><strong>Varaktighet<\/strong>: Konstruerad med en\u00a0<strong>ABS-skal<\/strong>\u00a0som t\u00e5l tuffa milj\u00f6er, denna tagg \u00e4r resistent mot damm, vatten och kemisk korrosion, vilket ger en\u00a0<strong>IP67<\/strong>\u00a0skyddsniv\u00e5.<\/li>\n<li><strong>H\u00f6g prestanda<\/strong>: Taggen anv\u00e4nder\u00a0<strong>NTAG213<\/strong>\u00a0teknologi f\u00f6r att underl\u00e4tta snabba l\u00e4shastigheter, med data\u00f6verf\u00f6ringshastigheter p\u00e5 upp till\u00a0<strong>106 kbit\/s<\/strong>, vilket m\u00f6jligg\u00f6r effektiv verksamhet i hektiska milj\u00f6er.<\/li>\n<li><strong>Anti-metallteknik<\/strong>: Den\u00a0<strong>anti-metall<\/strong>\u00a0funktionen s\u00e4kerst\u00e4ller att taggen fungerar effektivt \u00e4ven n\u00e4r den \u00e4r f\u00e4st p\u00e5 metallytor, vilket normalt skulle st\u00f6ra NFC-signaler.<\/li>\n<\/ul>\n<p>Dessa funktioner g\u00f6r On-Metal NFC Screw Tag idealisk f\u00f6r applikationer inom logistik, n\u00e4rvarokontroll och andra industrier d\u00e4r h\u00e5llbarhet och prestanda \u00e4r avg\u00f6rande.<\/p>\n<h2>Tekniska specifikationer<\/h2>\n<div>\n<div class=\"overflow-x-auto custom-scrollbar custom-scrollbar-wide mb-2\">\n<table class=\"w-fit !mb-2 !max-w-none\">\n<thead>\n<tr>\n<th>Specifikation<\/th>\n<th>Detaljer<\/th>\n<\/tr>\n<\/thead>\n<tbody>\n<tr>\n<td><strong>Chips<\/strong><\/td>\n<td>NTAG213<\/td>\n<\/tr>\n<tr>\n<td><strong>Minne<\/strong><\/td>\n<td>144\/504\/888\/1K byte<\/td>\n<\/tr>\n<tr>\n<td><strong>Protokoll<\/strong><\/td>\n<td>ISO 14443A<\/td>\n<\/tr>\n<tr>\n<td><strong>Frekvens<\/strong><\/td>\n<td>13,56 MHz<\/td>\n<\/tr>\n<tr>\n<td><strong>F\u00e4rgalternativ<\/strong><\/td>\n<td>Svart, vit, gul<\/td>\n<\/tr>\n<tr>\n<td><strong>Diameter<\/strong><\/td>\n<td>25\/30\/35\/40\/52 mm (anpassade storlekar tillg\u00e4ngliga)<\/td>\n<\/tr>\n<tr>\n<td><strong>Tjocklek<\/strong><\/td>\n<td>5 mm<\/td>\n<\/tr>\n<tr>\n<td><strong>Vikt<\/strong><\/td>\n<td>3 g<\/td>\n<\/tr>\n<tr>\n<td><strong>Drifttemp<\/strong><\/td>\n<td>-25\u00b0C till 70\u00b0C<\/td>\n<\/tr>\n<tr>\n<td><strong>Raderbarhet<\/strong><\/td>\n<td>&gt; 100 000 raderingar<\/td>\n<\/tr>\n<tr>\n<td><strong>L\u00e4savst\u00e5nd<\/strong><\/td>\n<td>2-20 cm (beroende p\u00e5 milj\u00f6)<\/td>\n<\/tr>\n<\/tbody>\n<\/table>\n<\/div>\n<\/div>\n<p>Bev\u00e4pnad med dessa funktioner st\u00e5r On-Metal NFC Screw Tag som ett kraftfullt verktyg f\u00f6r olika\u00a0<strong>NFC-applikationer<\/strong>.<\/p>\n<h2>Till\u00e4mpningar i olika branscher<\/h2>\n<p>M\u00e5ngsidigheten hos On-Metal NFC Screw Tag g\u00f6r att den kan anv\u00e4ndas inom flera sektorer:<\/p>\n<ul>\n<li><strong>\u00c5tkomstkontroll<\/strong>: Hantera enkelt ing\u00e5ngspunkter p\u00e5 s\u00e4kra platser genom att bifoga\u00a0<strong>NFC-taggar<\/strong>\u00a0till d\u00f6rrar eller portar. Taggarna kan l\u00e4nkas till anv\u00e4ndarprofiler f\u00f6r s\u00f6ml\u00f6s autentisering.<\/li>\n<li><strong>Logistik och lagerhantering<\/strong>: F\u00f6renkla sp\u00e5rningen av varor genom att placera taggar p\u00e5 metallbeh\u00e5llare. H\u00e5llbarheten hos dessa taggar s\u00e4kerst\u00e4ller att de t\u00e5l p\u00e5frestningarna vid tillverkning och frakt.<\/li>\n<li><strong>Kollektivtrafik<\/strong>: F\u00f6rb\u00e4ttra anv\u00e4ndarupplevelsen genom att anv\u00e4nda On-Metal NFC-taggar f\u00f6r biljettsystem, s\u00e5 att f\u00f6rare kan kontrollera sin status eller ladda om sina konton enkelt.<\/li>\n<\/ul>\n<p>Genom att implementera dessa taggar kan f\u00f6retag effektivisera verksamheten och avsev\u00e4rt f\u00f6rb\u00e4ttra tj\u00e4nsteleveransen.<\/p>\n<h2>F\u00f6rdelar med att anv\u00e4nda NTAG213, NTAG215 och NTAG216<\/h2>\n<p>NTAG213, NTAG215 och NTAG216 chips fr\u00e5n NXP Semiconductors erbjuder tydliga f\u00f6rdelar:<\/p>\n<ol>\n<li><strong>Segmentering<\/strong>: Anv\u00e4ndare kan segmentera minne f\u00f6r flera applikationer, vilket g\u00f6r taggarna flexibla i funktionalitet.<\/li>\n<li><strong>S\u00e4kerhetsfunktioner<\/strong>: Utrustad med\u00a0<em><strong>ECC-baserade originalitetssignaturer<\/strong><\/em>\u00a0och\u00a0<strong>l\u00f6senordsskydd<\/strong>, skyddar dessa taggar data fr\u00e5n obeh\u00f6rig \u00e5tkomst och s\u00e4kerst\u00e4ller integritet.<\/li>\n<li><strong>H\u00f6g kapacitet och prestanda<\/strong>: De ut\u00f6kade minnesalternativen g\u00f6r den l\u00e4mplig f\u00f6r applikationer som kr\u00e4ver betydande datalagring samtidigt som snabb l\u00e4sning bibeh\u00e5lls.<\/li>\n<\/ol>\n<p>Dessa f\u00f6rdelar g\u00f6r det m\u00f6jligt f\u00f6r f\u00f6retag att anpassa sina l\u00f6sningar efter specifika operativa behov.<\/p>\n<h2>Installations- och anv\u00e4ndningsanvisningar<\/h2>\n<p>Att installera On-Metal NFC Screw Tag \u00e4r enkelt:<\/p>\n<ol>\n<li><strong>V\u00e4lj en plats<\/strong>: V\u00e4lj en plan yta p\u00e5 metallf\u00f6rem\u00e5let d\u00e4r taggen ska placeras. Se till att\u00a0<strong>yta<\/strong>\u00a0\u00e4r ren och torr.<\/li>\n<li><strong>S\u00e4kra med skruvar<\/strong>: Anv\u00e4nd skruvar genom medf\u00f6ljande\u00a0<em>skruvh\u00e5l<\/em>\u00a0p\u00e5 taggen f\u00f6r en permanent fixtur.<\/li>\n<li><strong>Alternativ f\u00f6r lim<\/strong>: Alternativt kan taggen f\u00e4stas med ett starkt lim om s\u00e5 \u00f6nskas.<\/li>\n<\/ol>\n<p>N\u00e4r de har installerats kan taggarna enkelt skannas med kompatibla NFC-aktiverade enheter, vilket ger omedelbar \u00e5tkomst till information som lagras p\u00e5 taggen.<\/p>\n<h2>Vanliga fr\u00e5gor om On-Metal NFC-taggar<\/h2>\n<p><strong>F: Kan On-Metal NFC Screw Tag fungera p\u00e5 alla metallytor?<\/strong><br \/>\nA: Ja, tack vare dess specialiserade\u00a0<strong>antimetallteknik<\/strong>, fungerar taggen effektivt p\u00e5 olika metallytor utan st\u00f6rningar.<\/p>\n<p><strong>F: Hur programmerar eller skriver jag data till NTAG213-taggen?<\/strong><br \/>\nS: Programmering kan utf\u00f6ras med kompatibla NFC-aktiverade enheter med l\u00e4mplig app. F\u00f6r mer komplexa applikationer, \u00f6verv\u00e4g att anv\u00e4nda dedikerad NFC-skrivprogram.<\/p>\n<p><strong>F: Vad \u00e4r driftstemperaturintervallet f\u00f6r dessa taggar?<\/strong><br \/>\nS: Taggarna fungerar effektivt i temperaturer fr\u00e5n\u00a0<strong>-25\u00b0C till 70\u00b0C<\/strong>.<\/p>\n<h2>Milj\u00f6h\u00e4nsyn<\/h2>\n<p>De\u00a0<strong>NFC-skruvtagg i metall<\/strong>\u00a0\u00e4r designad med h\u00e5llbarhet i \u00e5tanke. Dess robusta konstruktion minimerar behovet av byten, vilket minskar avfallet. Dessutom, n\u00e4r de kasseras p\u00e5 r\u00e4tt s\u00e4tt, \u00e4r de element som anv\u00e4nds vid tillverkningen av dessa taggar \u00e5tervinningsbara.<\/p>","protected":false},"excerpt":{"rendered":"<p>F\u00f6rb\u00e4ttra din verksamhet med On-Metal NFC Screw Tag. H\u00e5llbar, m\u00e5ngsidig och utrustad med NFC-teknik f\u00f6r s\u00f6ml\u00f6s data\u00f6verf\u00f6ring p\u00e5 metallytor.<\/p>","protected":false},"featured_media":2639,"template":"","meta":{"_kad_post_transparent":"default","_kad_post_title":"","_kad_post_layout":"default","_kad_post_sidebar_id":"","_kad_post_content_style":"default","_kad_post_vertical_padding":"default","_kad_post_feature":"","_kad_post_feature_position":"","_kad_post_header":false,"_kad_post_footer":false,"_kad_post_classname":""},"product_brand":[],"product_cat":[54],"product_tag":[305,216,304],"class_list":{"0":"post-2638","1":"product","2":"type-product","3":"status-publish","4":"has-post-thumbnail","6":"product_cat-hot-selling-rfid-tags","7":"product_tag-heavy-duty-nfc-tags","8":"product_tag-nfc-patrol-tag","9":"product_tag-nfc-screw-tag","11":"first","12":"instock","13":"shipping-taxable","14":"product-type-simple","15":"entry","16":"content-bg","17":"loop-entry"},"_links":{"self":[{"href":"https:\/\/rfid-laundry-tag.com\/sv\/wp-json\/wp\/v2\/product\/2638","targetHints":{"allow":["GET"]}}],"collection":[{"href":"https:\/\/rfid-laundry-tag.com\/sv\/wp-json\/wp\/v2\/product"}],"about":[{"href":"https:\/\/rfid-laundry-tag.com\/sv\/wp-json\/wp\/v2\/types\/product"}],"version-history":[{"count":1,"href":"https:\/\/rfid-laundry-tag.com\/sv\/wp-json\/wp\/v2\/product\/2638\/revisions"}],"predecessor-version":[{"id":2640,"href":"https:\/\/rfid-laundry-tag.com\/sv\/wp-json\/wp\/v2\/product\/2638\/revisions\/2640"}],"wp:featuredmedia":[{"embeddable":true,"href":"https:\/\/rfid-laundry-tag.com\/sv\/wp-json\/wp\/v2\/media\/2639"}],"wp:attachment":[{"href":"https:\/\/rfid-laundry-tag.com\/sv\/wp-json\/wp\/v2\/media?parent=2638"}],"wp:term":[{"taxonomy":"product_brand","embeddable":true,"href":"https:\/\/rfid-laundry-tag.com\/sv\/wp-json\/wp\/v2\/product_brand?post=2638"},{"taxonomy":"product_cat","embeddable":true,"href":"https:\/\/rfid-laundry-tag.com\/sv\/wp-json\/wp\/v2\/product_cat?post=2638"},{"taxonomy":"product_tag","embeddable":true,"href":"https:\/\/rfid-laundry-tag.com\/sv\/wp-json\/wp\/v2\/product_tag?post=2638"}],"curies":[{"name":"wp","href":"https:\/\/api.w.org\/{rel}","templated":true}]}}