{"id":2581,"date":"2024-09-19T13:02:28","date_gmt":"2024-09-19T13:02:28","guid":{"rendered":"https:\/\/rfid-laundry-tag.com\/?post_type=product&#038;p=2581"},"modified":"2024-09-19T13:40:21","modified_gmt":"2024-09-19T13:40:21","slug":"on-metal-nfc-screw-tag-ntag213","status":"publish","type":"product","link":"https:\/\/rfid-laundry-tag.com\/sv\/on-metal-nfc-screw-tag-ntag213\/","title":{"rendered":"On-Metal NFC Screw Tag Ntag213"},"content":{"rendered":"<p>De <strong>NFC-skruvtagg i metall<\/strong> \u00e4r en mycket h\u00e5llbar NFC-tagg designad speciellt f\u00f6r industriell anv\u00e4ndning. Dess <strong>ABS eller PVC konstruktion<\/strong> s\u00e4kerst\u00e4ller att det \u00e4r det <strong>vattent\u00e4t<\/strong> och <strong>v\u00e4rmebest\u00e4ndig<\/strong>, vilket g\u00f6r den l\u00e4mplig f\u00f6r kr\u00e4vande milj\u00f6er som h\u00f6g luftfuktighet eller extrema temperaturer.<\/p>\n<h3>Nyckelfunktioner:<\/h3>\n<ul>\n<li><strong>Chip typ<\/strong>: NXP NTAG213 (kompatibel med alla mobila enheter)<\/li>\n<li><strong>Form<\/strong>: Rund<\/li>\n<li><strong>Storlek<\/strong>: 30 mm i diameter, plus 2,5 mm tjocklek<\/li>\n<li><strong>Antennstorlek<\/strong>: 25 mm<\/li>\n<li><strong>Totalt minne<\/strong>: 144 byte<\/li>\n<li><strong>Formaterat minne<\/strong>: 137 byte<\/li>\n<li><strong>Driftsfrekvens<\/strong>: 13,56 MHz<\/li>\n<\/ul>\n<h3>Idealisk f\u00f6r:<\/h3>\n<ul>\n<li>Anv\u00e4nd p\u00e5 metallytor utan st\u00f6rningar.<\/li>\n<li>L\u00e5ngt l\u00e4savst\u00e5nd \u00e4ven i tuffa industriella milj\u00f6er.<\/li>\n<li>Kompatibilitet med alla NFC-aktiverade enheter (t.ex. smartphones, surfplattor).<\/li>\n<\/ul>\n<p>Denna tagg \u00e4r ocks\u00e5 anpassningsbar och erbjuder olika chiptyper och <strong>ID-utskriftsalternativ<\/strong>. Den kan f\u00e4stas med en skruv eller lim, vilket s\u00e4kerst\u00e4ller s\u00e4ker fasts\u00e4ttning p\u00e5 metallf\u00f6rem\u00e5l.<\/p>\n<h3 class=\"AnswerParser_AnswerParserH3__Mpe4s\">Tekniska specifikationer<\/h3>\n<div class=\"AnswerParser_TableContainer__Erb6v\" data-testid=\"table-container\">\n<table>\n<thead>\n<tr>\n<th>S\u00e4rdrag<\/th>\n<th>Specifikation<\/th>\n<\/tr>\n<\/thead>\n<tbody>\n<tr>\n<td>Diameter<\/td>\n<td>30 mm<\/td>\n<\/tr>\n<tr>\n<td>Tjocklek<\/td>\n<td>3 mm<\/td>\n<\/tr>\n<tr>\n<td>Skruvh\u00e5l<\/td>\n<td>3 mm<\/td>\n<\/tr>\n<tr>\n<td>Chip typ<\/td>\n<td>NTAG213<\/td>\n<\/tr>\n<tr>\n<td>Minne<\/td>\n<td>144 byte<\/td>\n<\/tr>\n<tr>\n<td>Frekvens<\/td>\n<td>13,56 MHz (HF)<\/td>\n<\/tr>\n<\/tbody>\n<\/table>\n<\/div>\n<h2 class=\"AnswerParser_AnswerParserH2__SIHnF\">Ntag213-chip: banbrytande NFC-teknik<\/h2>\n<p><span class=\"AnswerParser_TextContainer__z_Iiv\" data-testid=\"youchat-text\">I hj\u00e4rtat av v\u00e5r On-Metal NFC Screw Tag ligger det kraftfulla Ntag213-chippet, som erbjuder:<\/span><\/p>\n<ul class=\"AnswerParser_AnswerParserUnorderedList__P_1FW\">\n<li class=\"AnswerParser_ListItem__XqLOV\" translate=\"yes\">144 byte anv\u00e4ndarminne<\/li>\n<li class=\"AnswerParser_ListItem__XqLOV\" translate=\"yes\">Snabba l\u00e4s- och skrivhastigheter<\/li>\n<li class=\"AnswerParser_ListItem__XqLOV\" translate=\"yes\">Kompatibilitet med alla NFC-aktiverade enheter<\/li>\n<\/ul>\n<p><span class=\"AnswerParser_TextContainer__z_Iiv\" data-testid=\"youchat-text\">Detta avancerade chip s\u00e4kerst\u00e4ller att dina data \u00f6verf\u00f6rs snabbt och tillf\u00f6rlitligt, vilket g\u00f6r det perfekt f\u00f6r ett brett utbud av NFC-applikationer.<\/span><\/p>\n<h2 class=\"AnswerParser_AnswerParserH2__SIHnF\">On-Metal Performance: \u00d6vervinna st\u00f6rningsutmaningar<\/h2>\n<p><span class=\"AnswerParser_TextContainer__z_Iiv\" data-testid=\"youchat-text\">Traditionella NFC-taggar k\u00e4mpar ofta n\u00e4r de placeras p\u00e5 metallytor p\u00e5 grund av signalst\u00f6rningar. V\u00e5ra On-Metal NFC-skruvtaggar \u00e4r speciellt utformade f\u00f6r att:<\/span><\/p>\n<ul class=\"AnswerParser_AnswerParserUnorderedList__P_1FW\">\n<li class=\"AnswerParser_ListItem__XqLOV\" translate=\"yes\">Bibeh\u00e5ll optimal prestanda p\u00e5 metallytor<\/li>\n<li class=\"AnswerParser_ListItem__XqLOV\" translate=\"yes\">Ge konsekventa l\u00e4sintervall<\/li>\n<li class=\"AnswerParser_ListItem__XqLOV\" translate=\"yes\">Eliminera behovet av distanser eller ytterligare lim<\/li>\n<\/ul>\n<p><span class=\"AnswerParser_TextContainer__z_Iiv\" data-testid=\"youchat-text\">Genom att anv\u00e4nda avancerad anti-metallteknik s\u00e4kerst\u00e4ller dessa taggar tillf\u00f6rlitlig kommunikation \u00e4ven n\u00e4r de f\u00e4sts direkt p\u00e5 metallf\u00f6rem\u00e5l.<\/span><\/p>\n<h2 class=\"AnswerParser_AnswerParserH2__SIHnF\">Enkel integration: Kompatibel med din befintliga NFC-infrastruktur<\/h2>\n<p><span class=\"AnswerParser_TextContainer__z_Iiv\" data-testid=\"youchat-text\">V\u00e5ra On-Metal NFC-skruvtaggar \u00e4r designade f\u00f6r att s\u00f6ml\u00f6st integreras med ditt nuvarande NFC-ekosystem. De \u00e4r:<\/span><\/p>\n<ul class=\"AnswerParser_AnswerParserUnorderedList__P_1FW\">\n<li class=\"AnswerParser_ListItem__XqLOV\" translate=\"yes\">Kompatibel med alla vanliga NFC-l\u00e4sare<\/li>\n<li class=\"AnswerParser_ListItem__XqLOV\" translate=\"yes\">L\u00e4tt programmerbar med NFC-aktiverade smartphones<\/li>\n<li class=\"AnswerParser_ListItem__XqLOV\" translate=\"yes\">L\u00e4mplig f\u00f6r b\u00e5de Android- och iOS-enheter<\/li>\n<\/ul>\n<p><span class=\"AnswerParser_TextContainer__z_Iiv\" data-testid=\"youchat-text\">Denna m\u00e5ngsidighet s\u00e4kerst\u00e4ller att du kan implementera dessa taggar utan att beh\u00f6va kostsamma infrastrukturuppgraderingar.<\/span><\/p>\n<h2 class=\"AnswerParser_AnswerParserH2__SIHnF\">Anpassningsalternativ: Skr\u00e4ddarsy dina taggar efter dina behov<\/h2>\n<p><span class=\"AnswerParser_TextContainer__z_Iiv\" data-testid=\"youchat-text\">Vi f\u00f6rst\u00e5r att varje f\u00f6retag har unika krav. Det \u00e4r d\u00e4rf\u00f6r vi erbjuder en rad anpassningsalternativ f\u00f6r v\u00e5ra On-Metal NFC Screw Tags:<\/span><\/p>\n<ul class=\"AnswerParser_AnswerParserUnorderedList__P_1FW\">\n<li class=\"AnswerParser_ListItem__XqLOV\" translate=\"yes\">Anpassat tryck med din logotyp eller varum\u00e4rke<\/li>\n<li class=\"AnswerParser_ListItem__XqLOV\" translate=\"yes\">Olika f\u00e4rgalternativ f\u00f6r att matcha din estetik<\/li>\n<li class=\"AnswerParser_ListItem__XqLOV\" translate=\"yes\">Personlig kodning med dina specifika data<\/li>\n<\/ul>\n<p><span class=\"AnswerParser_TextContainer__z_Iiv\" data-testid=\"youchat-text\">V\u00e5rt team av experter \u00e4r redo att hj\u00e4lpa dig att skapa den perfekta NFC-l\u00f6sningen f\u00f6r dina aff\u00e4rsbehov.<\/span><\/p>\n<h2 class=\"AnswerParser_AnswerParserH2__SIHnF\">Milj\u00f6p\u00e5verkan: H\u00e5llbara NFC-l\u00f6sningar<\/h2>\n<p><span class=\"AnswerParser_TextContainer__z_Iiv\" data-testid=\"youchat-text\">I dagens milj\u00f6medvetna v\u00e4rld \u00e4r vi fast beslutna att tillhandah\u00e5lla h\u00e5llbara NFC-l\u00f6sningar. V\u00e5ra On-Metal NFC Screw Tags:<\/span><\/p>\n<ul class=\"AnswerParser_AnswerParserUnorderedList__P_1FW\">\n<li class=\"AnswerParser_ListItem__XqLOV\" translate=\"yes\">\u00c4r gjorda av \u00e5tervinningsbart material<\/li>\n<li class=\"AnswerParser_ListItem__XqLOV\" translate=\"yes\">Har en l\u00e5ng livsl\u00e4ngd, vilket minskar avfallet<\/li>\n<li class=\"AnswerParser_ListItem__XqLOV\" translate=\"yes\">Bidra till pappersl\u00f6sa system, minska den totala milj\u00f6p\u00e5verkan<\/li>\n<\/ul>\n<p><span class=\"AnswerParser_TextContainer__z_Iiv\" data-testid=\"youchat-text\">Genom att v\u00e4lja v\u00e5ra taggar investerar du inte bara i den senaste tekniken utan ocks\u00e5 i en mer h\u00e5llbar framtid.<\/span><\/p>\n<h2 class=\"AnswerParser_AnswerParserH2__SIHnF\">Kostnadseffektiv l\u00f6sning: Maximera din ROI<\/h2>\n<p><span class=\"AnswerParser_TextContainer__z_Iiv\" data-testid=\"youchat-text\">\u00c4ven om den initiala kostnaden f\u00f6r On-Metal NFC Screw Tags kan vara h\u00f6gre \u00e4n traditionella dekalbaserade taggar, erbjuder de betydande l\u00e5ngsiktiga f\u00f6rdelar:<\/span><\/p>\n<ul class=\"AnswerParser_AnswerParserUnorderedList__P_1FW\">\n<li class=\"AnswerParser_ListItem__XqLOV\" translate=\"yes\">Minskade ers\u00e4ttningskostnader p\u00e5 grund av \u00f6verl\u00e4gsen h\u00e5llbarhet<\/li>\n<li class=\"AnswerParser_ListItem__XqLOV\" translate=\"yes\">F\u00f6rb\u00e4ttrad effektivitet i tillg\u00e5ngssp\u00e5rning och f\u00f6rvaltning<\/li>\n<li class=\"AnswerParser_ListItem__XqLOV\" translate=\"yes\">Potential f\u00f6r str\u00f6mlinjeformad drift och kostnadsbesparingar<\/li>\n<\/ul>\n<p><span class=\"AnswerParser_TextContainer__z_Iiv\" data-testid=\"youchat-text\">Att investera i v\u00e5ra h\u00f6gkvalitativa NFC-taggar kan leda till betydande avkastning p\u00e5 investeringen \u00f6ver tid.<\/span><\/p>\n<h2 class=\"AnswerParser_AnswerParserH2__SIHnF\">Enkel installation och anv\u00e4ndningsinstruktioner<\/h2>\n<p><span class=\"AnswerParser_TextContainer__z_Iiv\" data-testid=\"youchat-text\">Att komma ig\u00e5ng med v\u00e5ra On-Metal NFC Screw Tags \u00e4r enkelt:<\/span><\/p>\n<ol class=\"AnswerParser_AnswerParserOrderedList__kl_2Y\">\n<li class=\"AnswerParser_ListItem__XqLOV\" translate=\"yes\">Reng\u00f6r metallytan d\u00e4r du ska f\u00e4sta taggen<\/li>\n<li class=\"AnswerParser_ListItem__XqLOV\" translate=\"yes\">Anv\u00e4nd det 3 mm skruvh\u00e5let f\u00f6r att f\u00e4sta taggen ordentligt<\/li>\n<li class=\"AnswerParser_ListItem__XqLOV\" translate=\"yes\">Programmera taggen med din NFC-aktiverade enhet<\/li>\n<li class=\"AnswerParser_ListItem__XqLOV\" translate=\"yes\">B\u00f6rja anv\u00e4nda din nyinstallerade NFC-tagg!<\/li>\n<\/ol>\n<p><span class=\"AnswerParser_TextContainer__z_Iiv\" data-testid=\"youchat-text\">F\u00f6r detaljerade instruktioner och programmeringsguider, kolla din inkorg efter k\u00f6pet f\u00f6r v\u00e5r omfattande anv\u00e4ndarmanual.<\/span><\/p>\n<h2 class=\"AnswerParser_AnswerParserH2__SIHnF\">Vanliga fr\u00e5gor<\/h2>\n<p><span class=\"AnswerParser_TextContainer__z_Iiv\" data-testid=\"youchat-text\"><strong>F: Kan dessa taggar anv\u00e4ndas p\u00e5 icke-metallytor?<\/strong>\u00a0<\/span><\/p>\n<p><span class=\"AnswerParser_TextContainer__z_Iiv\" data-testid=\"youchat-text\">S: Ja, \u00e4ven om v\u00e5ra taggar \u00e4r optimerade f\u00f6r metallytor fungerar de lika bra p\u00e5 icke-metalliska material.<\/span><\/p>\n<p><span class=\"AnswerParser_TextContainer__z_Iiv\" data-testid=\"youchat-text\"><strong>F: Vad \u00e4r l\u00e4somr\u00e5det f\u00f6r dessa NFC-taggar?<\/strong>\u00a0<\/span><\/p>\n<p><span class=\"AnswerParser_TextContainer__z_Iiv\" data-testid=\"youchat-text\">S: Det typiska l\u00e4somr\u00e5det \u00e4r upp till 5 cm, beroende p\u00e5 vilken l\u00e4sarenhet som anv\u00e4nds.<\/span><\/p>\n<p><span class=\"AnswerParser_TextContainer__z_Iiv\" data-testid=\"youchat-text\"><strong>F: \u00c4r dessa taggar vattent\u00e4ta?<\/strong>\u00a0<\/span><\/p>\n<p><span class=\"AnswerParser_TextContainer__z_Iiv\" data-testid=\"youchat-text\">S: Ja, metallkonstruktionen g\u00f6r dem mycket resistenta mot vatten och andra v\u00e4tskor.<\/span><\/p>","protected":false},"excerpt":{"rendered":"<p>De <strong>NFC-skruvtagg i metall<\/strong> \u00e4r en mycket h\u00e5llbar NFC-tagg designad speciellt f\u00f6r industriell anv\u00e4ndning.<\/p>","protected":false},"featured_media":2582,"template":"","meta":{"_kad_post_transparent":"default","_kad_post_title":"","_kad_post_layout":"default","_kad_post_sidebar_id":"","_kad_post_content_style":"default","_kad_post_vertical_padding":"default","_kad_post_feature":"","_kad_post_feature_position":"","_kad_post_header":false,"_kad_post_footer":false,"_kad_post_classname":""},"product_brand":[],"product_cat":[54],"product_tag":[295,216,290,294],"class_list":{"0":"post-2581","1":"product","2":"type-product","3":"status-publish","4":"has-post-thumbnail","6":"product_cat-hot-selling-rfid-tags","7":"product_tag-nfc-disc-tag","8":"product_tag-nfc-patrol-tag","9":"product_tag-nfc-tag","10":"product_tag-on-metal-nfc-screw-tag","12":"first","13":"instock","14":"shipping-taxable","15":"product-type-simple","16":"entry","17":"content-bg","18":"loop-entry"},"_links":{"self":[{"href":"https:\/\/rfid-laundry-tag.com\/sv\/wp-json\/wp\/v2\/product\/2581","targetHints":{"allow":["GET"]}}],"collection":[{"href":"https:\/\/rfid-laundry-tag.com\/sv\/wp-json\/wp\/v2\/product"}],"about":[{"href":"https:\/\/rfid-laundry-tag.com\/sv\/wp-json\/wp\/v2\/types\/product"}],"version-history":[{"count":1,"href":"https:\/\/rfid-laundry-tag.com\/sv\/wp-json\/wp\/v2\/product\/2581\/revisions"}],"predecessor-version":[{"id":2586,"href":"https:\/\/rfid-laundry-tag.com\/sv\/wp-json\/wp\/v2\/product\/2581\/revisions\/2586"}],"wp:featuredmedia":[{"embeddable":true,"href":"https:\/\/rfid-laundry-tag.com\/sv\/wp-json\/wp\/v2\/media\/2582"}],"wp:attachment":[{"href":"https:\/\/rfid-laundry-tag.com\/sv\/wp-json\/wp\/v2\/media?parent=2581"}],"wp:term":[{"taxonomy":"product_brand","embeddable":true,"href":"https:\/\/rfid-laundry-tag.com\/sv\/wp-json\/wp\/v2\/product_brand?post=2581"},{"taxonomy":"product_cat","embeddable":true,"href":"https:\/\/rfid-laundry-tag.com\/sv\/wp-json\/wp\/v2\/product_cat?post=2581"},{"taxonomy":"product_tag","embeddable":true,"href":"https:\/\/rfid-laundry-tag.com\/sv\/wp-json\/wp\/v2\/product_tag?post=2581"}],"curies":[{"name":"wp","href":"https:\/\/api.w.org\/{rel}","templated":true}]}}