{"id":2576,"date":"2024-09-17T14:08:34","date_gmt":"2024-09-17T14:08:34","guid":{"rendered":"https:\/\/rfid-laundry-tag.com\/?post_type=product&#038;p=2576"},"modified":"2024-09-17T14:08:35","modified_gmt":"2024-09-17T14:08:35","slug":"custom-anti-metal-nfc-coin-tag","status":"publish","type":"product","link":"https:\/\/rfid-laundry-tag.com\/sv\/custom-anti-metal-nfc-coin-tag\/","title":{"rendered":"Anpassad Anti-Metal NFC Mynt Tag"},"content":{"rendered":"<h3>Anpassad Anti-Metal NFC Mynt Tag<\/h3>\n<h2 class=\"AnswerParser_AnswerParserH2__SIHnF\">Vad \u00e4r anpassade Anti-Metal NFC-mynttaggar?<\/h2>\n<p><span class=\"AnswerParser_TextContainer__z_Iiv\" data-testid=\"youchat-text\"><strong>Anpassade Anti-Metal NFC-mynttaggar<\/strong>\u00a0\u00e4r specialdesignade NFC-taggar som kan b\u00e4ddas in i olika produkter eller reklammaterial. Till skillnad fr\u00e5n vanliga NFC-taggar \u00e4r dessa taggar konstruerade f\u00f6r att fungera effektivt p\u00e5 metallytor, vilket g\u00f6r dem m\u00e5ngsidiga f\u00f6r m\u00e5nga applikationer. Taggarna kan anpassas i storlek och design, vilket g\u00f6r att f\u00f6retag kan skapa unika l\u00f6sningar som f\u00f6rb\u00e4ttrar kundinteraktionen.<\/span><span class=\"AnswerParser_TextContainer__z_Iiv\" data-testid=\"youchat-text\">Dessa NFC-mynttaggar kan b\u00e4ddas in i smarta affischer, f\u00f6nsterdisplayer och till och med direkt p\u00e5 produkter, vilket g\u00f6r det m\u00f6jligt f\u00f6r konsumenter att trycka p\u00e5 sina NFC-aktiverade smartphones f\u00f6r att f\u00e5 tillg\u00e5ng till relevant information eller kampanjer direkt.<\/span><\/p>\n<h2 class=\"AnswerParser_AnswerParserH2__SIHnF\">Hur fungerar NFC-teknik?<\/h2>\n<p><span class=\"AnswerParser_TextContainer__z_Iiv\" data-testid=\"youchat-text\">NFC-teknik m\u00f6jligg\u00f6r kommunikation p\u00e5 kort r\u00e4ckvidd mellan enheter. S\u00e5 h\u00e4r fungerar det n\u00e4r en konsument interagerar med en NFC-tagg:<\/span><\/p>\n<ol class=\"AnswerParser_AnswerParserOrderedList__kl_2Y\">\n<li class=\"AnswerParser_ListItem__XqLOV\" translate=\"yes\"><strong>Tryck p\u00e5 Interaktion<\/strong>: N\u00e4r en konsument knackar sin NFC-aktiverade smartphone mot NFC-taggen, uppt\u00e4cker telefonen taggens unika identifierare.<\/li>\n<li class=\"AnswerParser_ListItem__XqLOV\" translate=\"yes\"><strong>URL-detektering<\/strong>: NFC-taggen inneh\u00e5ller en URL som \u00e4r l\u00e4nkad till en specifik kampanj eller information.<\/li>\n<li class=\"AnswerParser_ListItem__XqLOV\" translate=\"yes\"><strong>Datautbyte<\/strong>: Smarttelefonen skickar webbadressen till en molnserver, som h\u00e4mtar kampanjdata som \u00e4r kopplad till den webbadressen.<\/li>\n<li class=\"AnswerParser_ListItem__XqLOV\" translate=\"yes\"><strong>Display p\u00e5 smartphone<\/strong>: Den h\u00e4mtade kampanjinformationen visas sedan p\u00e5 konsumentens smartphone, vilket ger omedelbar tillg\u00e5ng till inneh\u00e5ll som kampanjerbjudanden, produktinformation eller interaktiva upplevelser.<\/li>\n<\/ol>\n<p><span class=\"AnswerParser_TextContainer__z_Iiv\" data-testid=\"youchat-text\">Detta s\u00f6ml\u00f6sa informationsutbyte f\u00f6rb\u00e4ttrar anv\u00e4ndarnas engagemang och f\u00f6renklar hur varum\u00e4rken ansluter till sin publik.<\/span><\/p>\n<h2 class=\"AnswerParser_AnswerParserH2__SIHnF\">F\u00f6rdelar med att anv\u00e4nda anpassade NFC-mynttaggar<\/h2>\n<p><span class=\"AnswerParser_TextContainer__z_Iiv\" data-testid=\"youchat-text\">Att anv\u00e4nda anpassade NFC-mynttaggar ger m\u00e5nga f\u00f6rdelar:<\/span><\/p>\n<ul class=\"AnswerParser_AnswerParserUnorderedList__P_1FW\">\n<li class=\"AnswerParser_ListItem__XqLOV\" translate=\"yes\"><strong>S\u00f6ml\u00f6s interaktion<\/strong>: Till skillnad fr\u00e5n WiFi-marknadsf\u00f6ring kr\u00e4ver NFC inte att konsumenterna konfigurerar sina smartphones. Anv\u00e4ndare kan snabbt komma \u00e5t information med ett enkelt tryck, vilket g\u00f6r det till en anv\u00e4ndarv\u00e4nlig upplevelse.<\/li>\n<li class=\"AnswerParser_ListItem__XqLOV\" translate=\"yes\"><strong>F\u00f6rb\u00e4ttrat engagemang<\/strong>: NFC-mynttaggar g\u00f6r att varum\u00e4rken kan skapa interaktiva och dynamiska marknadsf\u00f6ringskampanjer som f\u00e5ngar konsumenternas uppm\u00e4rksamhet och fr\u00e4mjar varum\u00e4rkeslojalitet.<\/li>\n<li class=\"AnswerParser_ListItem__XqLOV\" translate=\"yes\"><strong>M\u00e5ngsidighet<\/strong>: Dessa taggar kan appliceras p\u00e5 olika ytor, inklusive metall, vilket g\u00f6r dem l\u00e4mpliga f\u00f6r ett brett utbud av produkter och reklammaterial.<\/li>\n<\/ul>\n<p><span class=\"AnswerParser_TextContainer__z_Iiv\" data-testid=\"youchat-text\">Dessa f\u00f6rdelar positionerar NFC-mynttaggar som ett kraftfullt verktyg f\u00f6r moderna marknadsf\u00f6ringsstrategier.<\/span><\/p>\n<h2 class=\"AnswerParser_AnswerParserH2__SIHnF\">Material- och designalternativ f\u00f6r NFC-mynttaggar<\/h2>\n<p><span class=\"AnswerParser_TextContainer__z_Iiv\" data-testid=\"youchat-text\">Anpassade NFC-mynttaggar \u00e4r gjorda av h\u00e5llbara material som s\u00e4kerst\u00e4ller l\u00e5ng livsl\u00e4ngd och funktionalitet:<\/span><\/p>\n<ul class=\"AnswerParser_AnswerParserUnorderedList__P_1FW\">\n<li class=\"AnswerParser_ListItem__XqLOV\" translate=\"yes\"><strong>PVC\/PET<\/strong>: Dessa material anv\u00e4nds ofta f\u00f6r sin styrka och flexibilitet, vilket g\u00f6r dem idealiska f\u00f6r dagligt bruk.<\/li>\n<li class=\"AnswerParser_ListItem__XqLOV\" translate=\"yes\"><strong>Antimetallmaterial<\/strong>: Den unika anti-metalldesignen g\u00f6r att NFC-taggar kan anv\u00e4ndas p\u00e5 metalliska ytor utan st\u00f6rningar, vilket s\u00e4kerst\u00e4ller p\u00e5litlig prestanda.<\/li>\n<\/ul>\n<p><span class=\"AnswerParser_TextContainer__z_Iiv\" data-testid=\"youchat-text\">Dessutom kan storleken p\u00e5 NFC-mynttaggarna anpassas f\u00f6r att m\u00f6ta specifika behov, vilket ger flexibilitet i design och till\u00e4mpning.<\/span><\/p>\n<h2 class=\"AnswerParser_AnswerParserH2__SIHnF\">Tryck- och hantverkstekniker<\/h2>\n<p><span class=\"AnswerParser_TextContainer__z_Iiv\" data-testid=\"youchat-text\">De utskrifts- och hantverksalternativ som \u00e4r tillg\u00e4ngliga f\u00f6r anpassade NFC-mynttaggar inkluderar:<\/span><\/p>\n<ul class=\"AnswerParser_AnswerParserUnorderedList__P_1FW\">\n<li class=\"AnswerParser_ListItem__XqLOV\" translate=\"yes\"><strong>CMYK Offsettryck\/Digitaltryck<\/strong>: Dessa tekniker m\u00f6jligg\u00f6r f\u00e4rgglada design av h\u00f6g kvalitet som kan inneh\u00e5lla logotyper, varum\u00e4rke och andra visuella element.<\/li>\n<li class=\"AnswerParser_ListItem__XqLOV\" translate=\"yes\"><strong>Hantverkstekniker<\/strong>: Varje tagg kan skapas med unika funktioner, s\u00e5som numrering eller kodning, f\u00f6r att f\u00f6rb\u00e4ttra funktionalitet och varum\u00e4rke.<\/li>\n<\/ul>\n<p><span class=\"AnswerParser_TextContainer__z_Iiv\" data-testid=\"youchat-text\">Dessa alternativ s\u00e4kerst\u00e4ller att varje NFC-mynttagg kan skr\u00e4ddarsys f\u00f6r att \u00e5terspegla varum\u00e4rkets identitet samtidigt som h\u00f6ga kvalitetskrav uppr\u00e4tth\u00e5lls.<\/span><\/p>\n<h2 class=\"AnswerParser_AnswerParserH2__SIHnF\">Till\u00e4mpningar av NFC-mynttaggar i marknadsf\u00f6ring<\/h2>\n<p><span class=\"AnswerParser_TextContainer__z_Iiv\" data-testid=\"youchat-text\">NFC-mynttaggar kan anv\u00e4ndas i olika marknadsf\u00f6ringstill\u00e4mpningar, inklusive:<\/span><\/p>\n<ul class=\"AnswerParser_AnswerParserUnorderedList__P_1FW\">\n<li class=\"AnswerParser_ListItem__XqLOV\" translate=\"yes\"><strong>Smarta affischer<\/strong>: Varum\u00e4rken kan b\u00e4dda in NFC-mynttaggar i affischer f\u00f6r att engagera konsumenterna med interaktivt inneh\u00e5ll, som videor eller kampanjerbjudanden.<\/li>\n<li class=\"AnswerParser_ListItem__XqLOV\" translate=\"yes\"><strong>Produktf\u00f6rpackning<\/strong>: Genom att integrera NFC-taggar i produktf\u00f6rpackningar kan f\u00f6retag ge kunderna enkel tillg\u00e5ng till information om produkten, inklusive instruktioner, anv\u00e4ndningstips och specialerbjudanden.<\/li>\n<li class=\"AnswerParser_ListItem__XqLOV\" translate=\"yes\"><strong>Eventkampanjer<\/strong>: NFC-mynttaggar kan anv\u00e4ndas vid evenemang f\u00f6r att underl\u00e4tta snabb \u00e5tkomst till evenemangsinformation, scheman och reklammaterial.<\/li>\n<\/ul>\n<p><span class=\"AnswerParser_TextContainer__z_Iiv\" data-testid=\"youchat-text\">Dessa applikationer visar m\u00e5ngsidigheten hos NFC-mynttaggar f\u00f6r att f\u00f6rb\u00e4ttra marknadsf\u00f6ringsinsatser och konsumentengagemang.<\/span><\/p>\n<h2 class=\"AnswerParser_AnswerParserH2__SIHnF\">Minsta orderkvantitet och provtillg\u00e4nglighet<\/h2>\n<p><span class=\"AnswerParser_TextContainer__z_Iiv\" data-testid=\"youchat-text\">N\u00e4r du \u00f6verv\u00e4ger anpassade NFC-mynttaggar \u00e4r det viktigt att notera f\u00f6ljande:<\/span><\/p>\n<ul class=\"AnswerParser_AnswerParserUnorderedList__P_1FW\">\n<li class=\"AnswerParser_ListItem__XqLOV\" translate=\"yes\"><strong>Minsta orderkvantitet (MOQ)<\/strong>: MOQ f\u00f6r anpassade NFC-mynttaggar \u00e4r\u00a0<strong>500<\/strong>\u00a0enheter, vilket s\u00e4kerst\u00e4ller att f\u00f6retag kan skala sina marknadsf\u00f6ringsinsatser effektivt.<\/li>\n<li class=\"AnswerParser_ListItem__XqLOV\" translate=\"yes\"><strong>Provtillg\u00e4nglighet<\/strong>: Gratis prover finns tillg\u00e4ngliga p\u00e5 beg\u00e4ran, vilket g\u00f6r att f\u00f6retag kan bed\u00f6ma kvaliteten och funktionaliteten hos NFC-taggarna innan de l\u00e4gger st\u00f6rre best\u00e4llningar.<\/li>\n<\/ul>\n<p><span class=\"AnswerParser_TextContainer__z_Iiv\" data-testid=\"youchat-text\">Denna flexibilitet g\u00f6r det l\u00e4ttare f\u00f6r f\u00f6retag att inf\u00f6rliva NFC-teknik i sina marknadsf\u00f6ringsstrategier.<\/span><\/p>\n<h2 class=\"AnswerParser_AnswerParserH2__SIHnF\">S\u00e4kerhetsfunktioner f\u00f6r NFC-teknik<\/h2>\n<p><span class=\"AnswerParser_TextContainer__z_Iiv\" data-testid=\"youchat-text\">NFC-tekniken inneh\u00e5ller flera s\u00e4kerhetsfunktioner f\u00f6r att skydda data och transaktioner:<\/span><\/p>\n<ul class=\"AnswerParser_AnswerParserUnorderedList__P_1FW\">\n<li class=\"AnswerParser_ListItem__XqLOV\" translate=\"yes\"><strong>Kryptering<\/strong>: Data som utbyts mellan NFC-taggen och smarttelefonen kan krypteras, vilket s\u00e4kerst\u00e4ller att k\u00e4nslig information f\u00f6rblir s\u00e4ker.<\/li>\n<li class=\"AnswerParser_ListItem__XqLOV\" translate=\"yes\"><strong>manipuleringsmotst\u00e5nd<\/strong>: M\u00e5nga NFC-taggar \u00e4r designade f\u00f6r att motst\u00e5 manipulering, vilket ger ett extra lager av s\u00e4kerhet f\u00f6r varum\u00e4rken och konsumenter.<\/li>\n<\/ul>\n<p><span class=\"AnswerParser_TextContainer__z_Iiv\" data-testid=\"youchat-text\">Dessa s\u00e4kerhetsfunktioner g\u00f6r NFC-tekniken till ett p\u00e5litligt val f\u00f6r f\u00f6retag som vill engagera kunder samtidigt som de skyddar deras data.<\/span><\/p>\n<h2 class=\"AnswerParser_AnswerParserH2__SIHnF\">Vanliga fr\u00e5gor om anpassade Anti-Metal NFC-mynttaggar<\/h2>\n<p><span class=\"AnswerParser_TextContainer__z_Iiv\" data-testid=\"youchat-text\"><strong>F: Kan NFC-mynttaggar \u00e5teranv\u00e4ndas?<\/strong><br \/>\nS: NFC-mynttaggar kan vanligtvis anv\u00e4ndas flera g\u00e5nger, beroende p\u00e5 chiptyp och om de har programmerats f\u00f6r att lagra ny data.<\/span><\/p>\n<p><span class=\"AnswerParser_TextContainer__z_Iiv\" data-testid=\"youchat-text\"><strong>F: Vilka enheter \u00e4r kompatibla med NFC-mynttaggar?<\/strong><br \/>\nS: NFC-mynttaggar \u00e4r kompatibla med de flesta NFC-aktiverade smartphones, inklusive Android-enheter och iPhones.<\/span><\/p>\n<p><span class=\"AnswerParser_TextContainer__z_Iiv\" data-testid=\"youchat-text\"><strong>F: \u00c4r NFC-myntetiketter vattent\u00e4ta?<\/strong><br \/>\nS: \u00c4ven om NFC-mynttaggar \u00e4r designade f\u00f6r h\u00e5llbarhet, kan deras vattenbest\u00e4ndighet variera beroende p\u00e5 de material som anv\u00e4nds. Det \u00e4r viktigt att kontrollera specifikationerna f\u00f6r detaljer.<\/span><\/p>","protected":false},"excerpt":{"rendered":"<p>Anpassade Anti-Metal NFC Coin Tags m\u00f6jligg\u00f6r s\u00f6ml\u00f6st konsumentengagemang. Tryck f\u00f6r att komma \u00e5t information direkt, perfekt f\u00f6r marknadsf\u00f6ring p\u00e5 metallytor.<\/p>","protected":false},"featured_media":2577,"template":"","meta":{"_kad_post_transparent":"default","_kad_post_title":"","_kad_post_layout":"default","_kad_post_sidebar_id":"","_kad_post_content_style":"default","_kad_post_vertical_padding":"default","_kad_post_feature":"","_kad_post_feature_position":"","_kad_post_header":false,"_kad_post_footer":false,"_kad_post_classname":""},"product_brand":[],"product_cat":[54],"product_tag":[292,290,293],"class_list":{"0":"post-2576","1":"product","2":"type-product","3":"status-publish","4":"has-post-thumbnail","6":"product_cat-hot-selling-rfid-tags","7":"product_tag-anti-metal-nfc-coin-tag","8":"product_tag-nfc-tag","9":"product_tag-nfc-token","11":"first","12":"instock","13":"shipping-taxable","14":"product-type-simple","15":"entry","16":"content-bg","17":"loop-entry"},"_links":{"self":[{"href":"https:\/\/rfid-laundry-tag.com\/sv\/wp-json\/wp\/v2\/product\/2576","targetHints":{"allow":["GET"]}}],"collection":[{"href":"https:\/\/rfid-laundry-tag.com\/sv\/wp-json\/wp\/v2\/product"}],"about":[{"href":"https:\/\/rfid-laundry-tag.com\/sv\/wp-json\/wp\/v2\/types\/product"}],"version-history":[{"count":1,"href":"https:\/\/rfid-laundry-tag.com\/sv\/wp-json\/wp\/v2\/product\/2576\/revisions"}],"predecessor-version":[{"id":2580,"href":"https:\/\/rfid-laundry-tag.com\/sv\/wp-json\/wp\/v2\/product\/2576\/revisions\/2580"}],"wp:featuredmedia":[{"embeddable":true,"href":"https:\/\/rfid-laundry-tag.com\/sv\/wp-json\/wp\/v2\/media\/2577"}],"wp:attachment":[{"href":"https:\/\/rfid-laundry-tag.com\/sv\/wp-json\/wp\/v2\/media?parent=2576"}],"wp:term":[{"taxonomy":"product_brand","embeddable":true,"href":"https:\/\/rfid-laundry-tag.com\/sv\/wp-json\/wp\/v2\/product_brand?post=2576"},{"taxonomy":"product_cat","embeddable":true,"href":"https:\/\/rfid-laundry-tag.com\/sv\/wp-json\/wp\/v2\/product_cat?post=2576"},{"taxonomy":"product_tag","embeddable":true,"href":"https:\/\/rfid-laundry-tag.com\/sv\/wp-json\/wp\/v2\/product_tag?post=2576"}],"curies":[{"name":"wp","href":"https:\/\/api.w.org\/{rel}","templated":true}]}}