{"id":2571,"date":"2024-09-17T13:42:59","date_gmt":"2024-09-17T13:42:59","guid":{"rendered":"https:\/\/rfid-laundry-tag.com\/?post_type=product&#038;p=2571"},"modified":"2024-09-17T13:43:00","modified_gmt":"2024-09-17T13:43:00","slug":"custom-guard-nfc-token-on-metal","status":"publish","type":"product","link":"https:\/\/rfid-laundry-tag.com\/sv\/custom-guard-nfc-token-on-metal\/","title":{"rendered":"Custom Guard NFC Token ON-METAL"},"content":{"rendered":"<h3>Custom Guard NFC Token ON-METAL<\/h3>\n<h3>Nyckelfunktioner:<\/h3>\n<ul>\n<li><strong>Chip typ<\/strong>: NTAG213, k\u00e4nd f\u00f6r sin stora minneskapacitet, l\u00e4mplig f\u00f6r en m\u00e4ngd olika applikationer.<\/li>\n<li><strong>On-Metal funktionalitet<\/strong>: Utrustad med ett 0,2 mm tjockt isoleringsskikt mot metall, vilket m\u00f6jligg\u00f6r tillf\u00f6rlitlig NFC-drift p\u00e5 metallytor.<\/li>\n<li><strong>Material<\/strong>: Tillverkad av sl\u00e4t, robust PVC-plast, designad f\u00f6r att vara vattent\u00e4t och specifikt anpassningsbar med logotyper eller konstverk; finns \u00e4ven i svart.<\/li>\n<li><strong>Lim<\/strong>: Levereras med 3M 9448A tissuetejp, ett l\u00e4tt akryllim som ger en stark bindning till olika ytor; ett alternativ utan lim finns ocks\u00e5.<\/li>\n<li><strong>Storleksalternativ<\/strong>: Finns i olika former som cirkul\u00e4r (25 mm, 30 mm, 35 mm) och kvadratisk (30 mm x 30 mm), med anpassade storlekar m\u00f6jliga.<\/li>\n<li><strong>Arbetsl\u00e4gen<\/strong>: St\u00f6der b\u00e5de l\u00e4s- och skrivfunktioner f\u00f6r datalagring och h\u00e4mtning.<\/li>\n<li><strong>L\u00e4s avst\u00e5nd<\/strong>: Kan l\u00e4sa fr\u00e5n avst\u00e5nd p\u00e5 1-30 cm, beroende p\u00e5 de specifika anv\u00e4ndningsf\u00f6rh\u00e5llandena.<\/li>\n<li><strong>Hantverksalternativ<\/strong>: Anpassningsbara ytskikt inklusive blank, matt, hologram och alternativ f\u00f6r lasernumrering eller QR-koder.<\/li>\n<\/ul>\n<h3>Applikationer:<\/h3>\n<ul>\n<li><strong>\u00c5tkomstkontroll<\/strong>: Idealisk f\u00f6r att \u00f6vervaka och kontrollera \u00e5tkomst i olika milj\u00f6er.<\/li>\n<li><strong>Automatisering<\/strong>: Kan anv\u00e4ndas i automatiserade system f\u00f6r sp\u00e5rnings- och identifierings\u00e4ndam\u00e5l.<\/li>\n<li><strong>Lagerhantering<\/strong>: Anv\u00e4ndbar f\u00f6r att hantera lager och lager med realtidsidentifiering av taggade varor.<\/li>\n<li><strong>Guard Tours<\/strong>: Speciellt designad f\u00f6r anv\u00e4ndning i vaktturssystem, vilket s\u00e4kerst\u00e4ller effektiv sp\u00e5rning av s\u00e4kerhetspersonal.<\/li>\n<\/ul>\n<p>Denna NFC-tokentyp kombinerar s\u00f6ml\u00f6st funktionalitet och anv\u00e4ndarv\u00e4nlighet, vilket g\u00f6r den till ett utm\u00e4rkt val f\u00f6r olika NFC-applikationer inom s\u00e4kerhet och tillg\u00e5ngshantering.<\/p>","protected":false},"excerpt":{"rendered":"<p>On-metal NFC-tokens har revolutionerat s\u00e4ttet vi interagerar med teknik, s\u00e4rskilt inom omr\u00e5det s\u00e4kerhet och tillg\u00e5ngshantering.<\/p>","protected":false},"featured_media":2572,"template":"","meta":{"_kad_post_transparent":"default","_kad_post_title":"","_kad_post_layout":"default","_kad_post_sidebar_id":"","_kad_post_content_style":"default","_kad_post_vertical_padding":"default","_kad_post_feature":"","_kad_post_feature_position":"","_kad_post_header":false,"_kad_post_footer":false,"_kad_post_classname":""},"product_brand":[],"product_cat":[54],"product_tag":[],"class_list":{"0":"post-2571","1":"product","2":"type-product","3":"status-publish","4":"has-post-thumbnail","6":"product_cat-hot-selling-rfid-tags","8":"first","9":"instock","10":"shipping-taxable","11":"product-type-simple","12":"entry","13":"content-bg","14":"loop-entry"},"_links":{"self":[{"href":"https:\/\/rfid-laundry-tag.com\/sv\/wp-json\/wp\/v2\/product\/2571","targetHints":{"allow":["GET"]}}],"collection":[{"href":"https:\/\/rfid-laundry-tag.com\/sv\/wp-json\/wp\/v2\/product"}],"about":[{"href":"https:\/\/rfid-laundry-tag.com\/sv\/wp-json\/wp\/v2\/types\/product"}],"version-history":[{"count":2,"href":"https:\/\/rfid-laundry-tag.com\/sv\/wp-json\/wp\/v2\/product\/2571\/revisions"}],"predecessor-version":[{"id":2575,"href":"https:\/\/rfid-laundry-tag.com\/sv\/wp-json\/wp\/v2\/product\/2571\/revisions\/2575"}],"wp:featuredmedia":[{"embeddable":true,"href":"https:\/\/rfid-laundry-tag.com\/sv\/wp-json\/wp\/v2\/media\/2572"}],"wp:attachment":[{"href":"https:\/\/rfid-laundry-tag.com\/sv\/wp-json\/wp\/v2\/media?parent=2571"}],"wp:term":[{"taxonomy":"product_brand","embeddable":true,"href":"https:\/\/rfid-laundry-tag.com\/sv\/wp-json\/wp\/v2\/product_brand?post=2571"},{"taxonomy":"product_cat","embeddable":true,"href":"https:\/\/rfid-laundry-tag.com\/sv\/wp-json\/wp\/v2\/product_cat?post=2571"},{"taxonomy":"product_tag","embeddable":true,"href":"https:\/\/rfid-laundry-tag.com\/sv\/wp-json\/wp\/v2\/product_tag?post=2571"}],"curies":[{"name":"wp","href":"https:\/\/api.w.org\/{rel}","templated":true}]}}