{"id":2559,"date":"2024-09-16T05:02:04","date_gmt":"2024-09-16T05:02:04","guid":{"rendered":"https:\/\/rfid-laundry-tag.com\/?post_type=product&#038;p=2559"},"modified":"2024-09-16T05:02:05","modified_gmt":"2024-09-16T05:02:05","slug":"custom-on-metal-nfc-sticker","status":"publish","type":"product","link":"https:\/\/rfid-laundry-tag.com\/sv\/custom-on-metal-nfc-sticker\/","title":{"rendered":"Anpassad NFC-dekal p\u00e5 metall"},"content":{"rendered":"<h1>Anpassad NFC-dekal p\u00e5 metall<\/h1>\n<table class=\"is-zebra all magic-11\">\n<tbody>\n<tr>\n<td colspan=\"1\" rowspan=\"1\">\n<div class=\"magic-12\">\n<div class=\"magic-7\" data-spm-anchor-id=\"a2700.details.0.i36.1f0c15c2i7ObkG\"><b class=\"magic-13\" data-spm-anchor-id=\"a2700.pc-decorate.0.i38.639a3333UiH69N\">Produktnamn<\/b><\/div>\n<\/div>\n<\/td>\n<td colspan=\"1\" rowspan=\"1\">\n<div class=\"magic-14\">Anti-metall NFC-klisterm\u00e4rke<\/div>\n<\/td>\n<td colspan=\"1\" rowspan=\"1\">\n<div class=\"magic-15\">\n<div class=\"magic-7\"><b class=\"magic-13\" data-spm-anchor-id=\"a2700.pc-decorate.0.i36.639a3333UiH69N\">Chipprotokoll<\/b><\/div>\n<\/div>\n<\/td>\n<td colspan=\"1\" rowspan=\"1\">\n<div class=\"magic-16\">ISO \/ 14443 A<\/div>\n<\/td>\n<\/tr>\n<tr>\n<td colspan=\"1\" rowspan=\"1\">\n<div class=\"magic-12\">\n<div class=\"magic-7\"><b class=\"magic-13\" data-spm-anchor-id=\"a2700.pc-decorate.0.i4.10f43333bOcIYi\">Chip modell<\/b><\/div>\n<\/div>\n<\/td>\n<td colspan=\"3\" rowspan=\"1\">\n<div class=\"magic-17\">NTAG\u00ae 213\/NTAG\u00ae 215\/NTAG\u00ae 216<\/div>\n<\/td>\n<\/tr>\n<tr>\n<td colspan=\"1\" rowspan=\"1\">\n<div class=\"magic-12\">\n<div class=\"magic-7\"><b class=\"magic-13\">Lagring\/Anv\u00e4ndare<\/b><\/div>\n<\/div>\n<\/td>\n<td colspan=\"1\" rowspan=\"1\">\n<div class=\"magic-14\">144\/504\/888<\/div>\n<\/td>\n<td colspan=\"1\" rowspan=\"1\">\n<div class=\"magic-15\">\n<div class=\"magic-7\" data-spm-anchor-id=\"a2700.pc-decorate.0.i73.639a3333UiH69N\"><b>Chip frekvens<\/b><\/div>\n<\/div>\n<\/td>\n<td colspan=\"1\" rowspan=\"1\">\n<div class=\"magic-16\">13,56 MHz<\/div>\n<\/td>\n<\/tr>\n<tr>\n<td colspan=\"1\" rowspan=\"1\">\n<div class=\"magic-12\">\n<div class=\"magic-7\" data-spm-anchor-id=\"a2700.pc-decorate.0.i154.639a3333UiH69N\"><b class=\"magic-13\" data-spm-anchor-id=\"a2700.pc-decorate.0.i91.639a3333UiH69N\">produktstorlek<\/b><\/div>\n<\/div>\n<\/td>\n<td colspan=\"3\" rowspan=\"1\">\n<div class=\"magic-17\">Dia 25mm, Dia 30mm, 30*30mm,40*25mm, 35*25mm eller anpassad<\/div>\n<\/td>\n<\/tr>\n<tr>\n<td colspan=\"1\" rowspan=\"1\">\n<div class=\"magic-12\">\n<div class=\"magic-7\" data-spm-anchor-id=\"a2700.pc-decorate.0.i98.639a3333UiH69N\"><b class=\"magic-13\">Radera och skriv tider<\/b><\/div>\n<\/div>\n<\/td>\n<td colspan=\"1\" rowspan=\"1\">\n<div class=\"magic-14\">\u2265100 000 g\u00e5nger<\/div>\n<\/td>\n<td colspan=\"1\" rowspan=\"1\">\n<div class=\"magic-15\">\n<div class=\"magic-7\"><b class=\"magic-13\">Avk\u00e4nnande avst\u00e5nd<\/b><\/div>\n<\/div>\n<\/td>\n<td colspan=\"1\" rowspan=\"1\">\n<div class=\"magic-16\">Inom 10 cm<\/div>\n<\/td>\n<\/tr>\n<tr>\n<td colspan=\"1\" rowspan=\"1\">\n<div class=\"magic-12\">\n<div class=\"magic-7\"><b>F\u00f6rpackning<\/b><\/div>\n<\/div>\n<\/td>\n<td colspan=\"3\" rowspan=\"1\">\n<div class=\"magic-20\">1000-5000 st\/rulle, 4 rullar\/kartong<\/div>\n<\/td>\n<\/tr>\n<tr>\n<td colspan=\"1\" rowspan=\"1\">\n<div class=\"magic-23\"><b>Produktbeskrivning<\/b><\/div>\n<\/td>\n<td colspan=\"3\" rowspan=\"1\">\n<div class=\"magic-20\">Passiv NFC-tagg f\u00f6r smarta inl\u00e4gg, etiketter och taggar<\/div>\n<\/td>\n<\/tr>\n<tr>\n<td colspan=\"1\" rowspan=\"1\">\n<div class=\"magic-26\">\n<div class=\"magic-7\" data-spm-anchor-id=\"a2700.pc-decorate.0.i15.458b3333cr4pua\"><b class=\"magic-13\" data-spm-anchor-id=\"a2700.pc-decorate.0.i14.458b3333cr4pua\"><br \/>\nAns\u00f6kan<\/b><\/div>\n<\/div>\n<\/td>\n<td colspan=\"3\" rowspan=\"1\">\n<div class=\"magic-27\" data-spm-anchor-id=\"a2700.details.0.i34.1f0c15c2i7ObkG\">S\u00e4ker entr\u00e9kontroll\/Kontantfri betalning Medlemskap och lojalitetsprogram<br \/>\nEventtillg\u00e5ng och varum\u00e4rke\/sociala medier\/detaljhandel<br \/>\nMilj\u00f6\/Spel &amp; Leksaker Plats\/Elektronik\/m\u00e4ssor<br \/>\nEvenemang\/samtalsf\u00f6rfr\u00e5gan\/visitkort<\/div>\n<\/td>\n<\/tr>\n<\/tbody>\n<\/table>\n<h2 class=\"AnswerParser_AnswerParserH2__SIHnF\"><img fetchpriority=\"high\" decoding=\"async\" class=\"alignnone size-full wp-image-2560\" src=\"https:\/\/rfid-laundry-tag.com\/wp-content\/uploads\/2024\/09\/on-metal-NFC-sticker.jpg\" alt=\"\" width=\"790\" height=\"956\" srcset=\"https:\/\/rfid-laundry-tag.com\/wp-content\/uploads\/2024\/09\/on-metal-NFC-sticker.jpg 790w, https:\/\/rfid-laundry-tag.com\/wp-content\/uploads\/2024\/09\/on-metal-NFC-sticker-248x300.jpg 248w, https:\/\/rfid-laundry-tag.com\/wp-content\/uploads\/2024\/09\/on-metal-NFC-sticker-768x929.jpg 768w, https:\/\/rfid-laundry-tag.com\/wp-content\/uploads\/2024\/09\/on-metal-NFC-sticker-10x12.jpg 10w, https:\/\/rfid-laundry-tag.com\/wp-content\/uploads\/2024\/09\/on-metal-NFC-sticker-600x726.jpg 600w\" sizes=\"(max-width: 790px) 100vw, 790px\" \/>Vad \u00e4r On-Metal NFC-klisterm\u00e4rken?<\/h2>\n<p><span class=\"AnswerParser_TextContainer__z_Iiv\" data-testid=\"youchat-text\"><strong>NFC-dekaler p\u00e5 metall<\/strong>\u00a0\u00e4r speciellt utformade f\u00f6r att f\u00e4sta p\u00e5 metallytor samtidigt som de bibeh\u00e5ller optimal prestanda. Dessa klisterm\u00e4rken inneh\u00e5ller\u00a0<strong>NFC-teknik<\/strong>, vilket g\u00f6r att enheter kan kommunicera tr\u00e5dl\u00f6st n\u00e4r de \u00e4r i n\u00e4rheten. Inb\u00e4ddat i varje klisterm\u00e4rke finns ett NFC-chip, t.ex\u00a0<strong>NTAG213<\/strong>\u00a0eller\u00a0<strong>NTAG215<\/strong>, som m\u00f6jligg\u00f6r en m\u00e4ngd olika funktioner, inklusive data\u00f6verf\u00f6ring, kontaktl\u00f6sa betalningar och uppl\u00e5sningsenheter.<\/span><span class=\"AnswerParser_TextContainer__z_Iiv\" data-testid=\"youchat-text\">M\u00e5ngsidigheten hos dessa klisterm\u00e4rken g\u00f6r att de kan f\u00e4stas p\u00e5 smartphones, surfplattor, datorer och andra metalltillg\u00e5ngar, vilket g\u00f6r dem idealiska f\u00f6r en m\u00e4ngd olika applikationer.<\/span><\/p>\n<h2 class=\"AnswerParser_AnswerParserH2__SIHnF\">Hur fungerar On-Metal NFC-klisterm\u00e4rken?<\/h2>\n<p><span class=\"AnswerParser_TextContainer__z_Iiv\" data-testid=\"youchat-text\">NFC-klisterm\u00e4rken p\u00e5 metall fungerar med hj\u00e4lp av\u00a0<strong>N\u00e4rf\u00e4ltskommunikation (NFC)<\/strong>\u00a0teknologi, som m\u00f6jligg\u00f6r tr\u00e5dl\u00f6s kommunikation med kort r\u00e4ckvidd mellan enheter. S\u00e5 h\u00e4r fungerar processen:<\/span><\/p>\n<ol class=\"AnswerParser_AnswerParserOrderedList__kl_2Y\">\n<li class=\"AnswerParser_ListItem__XqLOV\" translate=\"yes\"><strong>Aktivering<\/strong>: N\u00e4r en NFC-aktiverad enhet, t.ex\u00a0<strong>Android<\/strong>\u00a0smartphone eller\u00a0<strong>iPhone<\/strong>, kommer i n\u00e4rheten av NFC-dekalet, aktiverar enheten dekalet.<\/li>\n<li class=\"AnswerParser_ListItem__XqLOV\" translate=\"yes\"><strong>Datautbyte<\/strong>: NFC-chippet i dekalen \u00f6verf\u00f6r data till enheten. Dessa data kan inkludera webbadresser, kontaktinformation eller kommandon f\u00f6r att utf\u00f6ra specifika \u00e5tg\u00e4rder.<\/li>\n<li class=\"AnswerParser_ListItem__XqLOV\" translate=\"yes\"><strong>\u00c5tg\u00e4rdsutf\u00f6rande<\/strong>: N\u00e4r data har tagits emot kan enheten utf\u00f6ra motsvarande \u00e5tg\u00e4rd, som att \u00f6ppna en webbplats eller l\u00e4gga till en kontakt.<\/li>\n<\/ol>\n<p><span class=\"AnswerParser_TextContainer__z_Iiv\" data-testid=\"youchat-text\">Denna s\u00f6ml\u00f6sa interaktion f\u00f6rb\u00e4ttrar anv\u00e4ndarupplevelsen och ger ett bekv\u00e4mt s\u00e4tt att komma \u00e5t information eller tj\u00e4nster.<\/span><\/p>\n<h2 class=\"AnswerParser_AnswerParserH2__SIHnF\">F\u00f6rdelar med anpassningsbara NFC-klisterm\u00e4rken i metall<\/h2>\n<p><span class=\"AnswerParser_TextContainer__z_Iiv\" data-testid=\"youchat-text\">Att anv\u00e4nda anpassningsbara NFC-dekaler p\u00e5 metall ger m\u00e5nga f\u00f6rdelar:<\/span><\/p>\n<ul class=\"AnswerParser_AnswerParserUnorderedList__P_1FW\">\n<li class=\"AnswerParser_ListItem__XqLOV\" translate=\"yes\"><strong>F\u00f6rb\u00e4ttrad anslutning<\/strong>: Dessa klisterm\u00e4rken m\u00f6jligg\u00f6r snabba och enkla anslutningar mellan enheter, vilket m\u00f6jligg\u00f6r omedelbar tillg\u00e5ng till information och tj\u00e4nster.<\/li>\n<li class=\"AnswerParser_ListItem__XqLOV\" translate=\"yes\"><strong>Anpassningsbar design<\/strong>: Med alternativ f\u00f6r logotyper, text och QR-koder kan f\u00f6retag skapa en unik identitet samtidigt som de integrerar NFC-teknik i sina produkter.<\/li>\n<li class=\"AnswerParser_ListItem__XqLOV\" translate=\"yes\"><strong>Varaktighet<\/strong>: Designade f\u00f6r att motst\u00e5 olika f\u00f6rh\u00e5llanden, dessa klisterm\u00e4rken \u00e4r gjorda av material som PET och PVC, vilket s\u00e4kerst\u00e4ller att de f\u00f6rblir funktionella \u00e4ven i utmanande milj\u00f6er.<\/li>\n<\/ul>\n<p><span class=\"AnswerParser_TextContainer__z_Iiv\" data-testid=\"youchat-text\">Dessa f\u00f6rdelar g\u00f6r NFC-klisterm\u00e4rken p\u00e5 metall till ett attraktivt alternativ f\u00f6r f\u00f6retag och individer som vill f\u00f6rb\u00e4ttra sina produkter med NFC-funktioner.<\/span><\/p>\n<h2 class=\"AnswerParser_AnswerParserH2__SIHnF\">Tillg\u00e4ngliga anpassningsalternativ<\/h2>\n<p><span class=\"AnswerParser_TextContainer__z_Iiv\" data-testid=\"youchat-text\">En av de utm\u00e4rkande egenskaperna hos NFC-klisterm\u00e4rken i metall \u00e4r deras anpassningsalternativ. Kunder kan v\u00e4lja mellan en m\u00e4ngd olika former och storlekar, samt f\u00f6ljande f\u00f6rb\u00e4ttringar:<\/span><\/p>\n<ul class=\"AnswerParser_AnswerParserUnorderedList__P_1FW\">\n<li class=\"AnswerParser_ListItem__XqLOV\" translate=\"yes\"><strong>Logotyp och varum\u00e4rke<\/strong>: Inkludera din f\u00f6retagslogotyp eller varum\u00e4rkeselement f\u00f6r att skapa ett sammanh\u00e4ngande utseende och k\u00e4nsla.<\/li>\n<li class=\"AnswerParser_ListItem__XqLOV\" translate=\"yes\"><strong>QR-koder<\/strong>: L\u00e4gg till QR-koder f\u00f6r enkel skanning och tillg\u00e5ng till ytterligare information.<\/li>\n<li class=\"AnswerParser_ListItem__XqLOV\" translate=\"yes\"><strong>F\u00e4rg och finish<\/strong>: V\u00e4lj mellan blank eller matt finish i CMYK-utskrift f\u00f6r att uppn\u00e5 \u00f6nskad estetik.<\/li>\n<\/ul>\n<p><span class=\"AnswerParser_TextContainer__z_Iiv\" data-testid=\"youchat-text\">Dessa anpassningsalternativ till\u00e5ter anv\u00e4ndare att skr\u00e4ddarsy klisterm\u00e4rkena f\u00f6r att passa deras specifika behov och varum\u00e4rkeskrav.<\/span><\/p>\n<h2 class=\"AnswerParser_AnswerParserH2__SIHnF\">Till\u00e4mpningar av On-Metal NFC-klisterm\u00e4rken<\/h2>\n<p><span class=\"AnswerParser_TextContainer__z_Iiv\" data-testid=\"youchat-text\">NFC-klisterm\u00e4rken p\u00e5 metall kan anv\u00e4ndas i en m\u00e4ngd applikationer, inklusive:<\/span><\/p>\n<ul class=\"AnswerParser_AnswerParserUnorderedList__P_1FW\">\n<li class=\"AnswerParser_ListItem__XqLOV\" translate=\"yes\"><strong>Produktf\u00f6rpackning<\/strong>: F\u00f6rb\u00e4ttra produktf\u00f6rpackningen med NFC-funktioner, s\u00e5 att kunder kan f\u00e5 tillg\u00e5ng till detaljerad information eller kampanjerbjudanden genom att helt enkelt trycka p\u00e5 sina smartphones.<\/li>\n<li class=\"AnswerParser_ListItem__XqLOV\" translate=\"yes\"><strong>Asset Management<\/strong>: F\u00f6retag kan anv\u00e4nda NFC-dekaler f\u00f6r att sp\u00e5ra och hantera tillg\u00e5ngar, vilket g\u00f6r det l\u00e4ttare att \u00f6vervaka lager och minska f\u00f6rluster.<\/li>\n<li class=\"AnswerParser_ListItem__XqLOV\" translate=\"yes\"><strong>Marknadsf\u00f6ring och kampanjer<\/strong>: Engagera kunder med interaktiva marknadsf\u00f6ringskampanjer som anv\u00e4nder NFC-dekaler f\u00f6r att ge omedelbar tillg\u00e5ng till inneh\u00e5ll eller bel\u00f6ningar.<\/li>\n<\/ul>\n<p><span class=\"AnswerParser_TextContainer__z_Iiv\" data-testid=\"youchat-text\">Dessa applikationer visar m\u00e5ngsidigheten och effektiviteten hos NFC-dekaler p\u00e5 metall f\u00f6r att f\u00f6rb\u00e4ttra anv\u00e4ndarupplevelsen och operativ effektivitet.<\/span><\/p>\n<h2 class=\"AnswerParser_AnswerParserH2__SIHnF\">Installations- och anv\u00e4ndningsanvisningar<\/h2>\n<p><span class=\"AnswerParser_TextContainer__z_Iiv\" data-testid=\"youchat-text\">Att installera NFC-dekaler p\u00e5 metall \u00e4r en enkel och okomplicerad process:<\/span><\/p>\n<ol class=\"AnswerParser_AnswerParserOrderedList__kl_2Y\">\n<li class=\"AnswerParser_ListItem__XqLOV\" translate=\"yes\"><strong>Reng\u00f6r ytan<\/strong>: Se till att metallytan \u00e4r ren och torr innan applicering f\u00f6r optimal vidh\u00e4ftning.<\/li>\n<li class=\"AnswerParser_ListItem__XqLOV\" translate=\"yes\"><strong>Skala och sticka<\/strong>: Dra f\u00f6rsiktigt av baksidan av klisterm\u00e4rket och tryck fast det ordentligt p\u00e5 \u00f6nskad yta.<\/li>\n<li class=\"AnswerParser_ListItem__XqLOV\" translate=\"yes\"><strong>Testa NFC-funktionen<\/strong>: Anv\u00e4nd en NFC-aktiverad enhet f\u00f6r att testa klisterm\u00e4rket och se till att det fungerar som avsett.<\/li>\n<\/ol>\n<p><span class=\"AnswerParser_TextContainer__z_Iiv\" data-testid=\"youchat-text\">Genom att f\u00f6lja dessa steg kan anv\u00e4ndare effektivt anv\u00e4nda NFC-dekaler p\u00e5 metall f\u00f6r sina avsedda \u00e4ndam\u00e5l.<\/span><\/p>\n<h2 class=\"AnswerParser_AnswerParserH2__SIHnF\">S\u00e4kerhetsfunktioner f\u00f6r NFC-klisterm\u00e4rken<\/h2>\n<p><span class=\"AnswerParser_TextContainer__z_Iiv\" data-testid=\"youchat-text\">S\u00e4kerhet \u00e4r en avg\u00f6rande faktor n\u00e4r du anv\u00e4nder NFC-teknik. NFC-klisterm\u00e4rken i metall \u00e4r utrustade med flera funktioner f\u00f6r att f\u00f6rb\u00e4ttra s\u00e4kerheten:<\/span><\/p>\n<ul class=\"AnswerParser_AnswerParserUnorderedList__P_1FW\">\n<li class=\"AnswerParser_ListItem__XqLOV\" translate=\"yes\"><strong>Datakryptering<\/strong>: M\u00e5nga NFC-chips st\u00f6der kryptering, vilket s\u00e4kerst\u00e4ller att data som \u00f6verf\u00f6rs mellan klisterm\u00e4rket och l\u00e4saren \u00e4r s\u00e4kra.<\/li>\n<li class=\"AnswerParser_ListItem__XqLOV\" translate=\"yes\"><strong>manipuleringsmotst\u00e5nd<\/strong>: Vissa klisterm\u00e4rken \u00e4r utformade f\u00f6r att visa synliga tecken p\u00e5 manipulering om n\u00e5gon f\u00f6rs\u00f6ker ta bort eller \u00e4ndra dem.<\/li>\n<li class=\"AnswerParser_ListItem__XqLOV\" translate=\"yes\"><strong>Begr\u00e4nsat utbud<\/strong>: NFC-teknikens korta r\u00e4ckvidd minimerar risken f\u00f6r obeh\u00f6rig \u00e5tkomst, eftersom enheter m\u00e5ste vara i n\u00e4rheten f\u00f6r att interagera.<\/li>\n<\/ul>\n<p><span class=\"AnswerParser_TextContainer__z_Iiv\" data-testid=\"youchat-text\">Dessa s\u00e4kerhetsfunktioner g\u00f6r NFC-klisterm\u00e4rken i metall till ett p\u00e5litligt val f\u00f6r olika applikationer.<\/span><\/p>\n<h2 class=\"AnswerParser_AnswerParserH2__SIHnF\">Milj\u00f6p\u00e5verkan av NFC-klisterm\u00e4rken p\u00e5 metall<\/h2>\n<p><span class=\"AnswerParser_TextContainer__z_Iiv\" data-testid=\"youchat-text\">Produktionen och anv\u00e4ndningen av NFC-dekaler p\u00e5 metall kan ha en positiv milj\u00f6p\u00e5verkan n\u00e4r den hanteras p\u00e5 ett ansvarsfullt s\u00e4tt. M\u00e5nga tillverkare producerar nu\u00a0<strong>\u00e5tervinningsbara NFC-klisterm\u00e4rken<\/strong>, hj\u00e4lpa till att minska plastavfallet. Genom att m\u00f6jligg\u00f6ra kontaktl\u00f6sa transaktioner och informationsdelning kan NFC-tekniken dessutom bidra till att minska beroendet av pappersmaterial, vilket ytterligare bidrar till h\u00e5llbarhetsarbetet.<\/span><\/p>\n<h2 class=\"AnswerParser_AnswerParserH2__SIHnF\">Vanliga fr\u00e5gor om anpassningsbara NFC-klisterm\u00e4rken p\u00e5 metall<\/h2>\n<p><span class=\"AnswerParser_TextContainer__z_Iiv\" data-testid=\"youchat-text\"><strong>F: Kan NFC-dekaler p\u00e5 metall \u00e5teranv\u00e4ndas?<\/strong><br \/>\nS: Medan de flesta NFC-dekaler p\u00e5 metall \u00e4r designade f\u00f6r eng\u00e5ngsanv\u00e4ndning, till\u00e5ter vissa omskrivningsalternativ flera anv\u00e4ndningsomr\u00e5den, beroende p\u00e5 vilket NFC-chip som anv\u00e4nds.<\/span><\/p>\n<p><span class=\"AnswerParser_TextContainer__z_Iiv\" data-testid=\"youchat-text\"><strong>F: Vilka enheter \u00e4r kompatibla med NFC-dekaler p\u00e5 metall?<\/strong><br \/>\nS: NFC-klisterm\u00e4rken i metall \u00e4r kompatibla med de flesta NFC-aktiverade enheter, inklusive Android-smarttelefoner och iPhones.<\/span><\/p>\n<p><span class=\"AnswerParser_TextContainer__z_Iiv\" data-testid=\"youchat-text\"><strong>F: \u00c4r dessa klisterm\u00e4rken vattent\u00e4ta?<\/strong><br \/>\nS: Ja, NFC-klisterm\u00e4rken p\u00e5 metall \u00e4r designade f\u00f6r att vara vattent\u00e4ta, vilket g\u00f6r dem l\u00e4mpliga f\u00f6r b\u00e5de inomhus- och utomhusapplikationer.<\/span><\/p>","protected":false},"excerpt":{"rendered":"<p>NFC-klisterm\u00e4rken p\u00e5 metall \u00e4r speciellt utformade f\u00f6r att f\u00e4sta p\u00e5 metallytor samtidigt som de bibeh\u00e5ller optimal prestanda. Inb\u00e4ddat i varje klisterm\u00e4rke finns ett NFC-chip, s\u00e5som NTAG213 eller NTAG215.<\/p>","protected":false},"featured_media":2561,"template":"","meta":{"_kad_post_transparent":"default","_kad_post_title":"","_kad_post_layout":"default","_kad_post_sidebar_id":"","_kad_post_content_style":"default","_kad_post_vertical_padding":"default","_kad_post_feature":"","_kad_post_feature_position":"","_kad_post_header":false,"_kad_post_footer":false,"_kad_post_classname":""},"product_brand":[],"product_cat":[54],"product_tag":[288,286,287],"class_list":{"0":"post-2559","1":"product","2":"type-product","3":"status-publish","4":"has-post-thumbnail","6":"product_cat-hot-selling-rfid-tags","7":"product_tag-on-metal-nfc-label","8":"product_tag-on-metal-nfc-sticker","9":"product_tag-on-metal-nfc-tag","11":"first","12":"instock","13":"shipping-taxable","14":"product-type-simple","15":"entry","16":"content-bg","17":"loop-entry"},"_links":{"self":[{"href":"https:\/\/rfid-laundry-tag.com\/sv\/wp-json\/wp\/v2\/product\/2559","targetHints":{"allow":["GET"]}}],"collection":[{"href":"https:\/\/rfid-laundry-tag.com\/sv\/wp-json\/wp\/v2\/product"}],"about":[{"href":"https:\/\/rfid-laundry-tag.com\/sv\/wp-json\/wp\/v2\/types\/product"}],"version-history":[{"count":2,"href":"https:\/\/rfid-laundry-tag.com\/sv\/wp-json\/wp\/v2\/product\/2559\/revisions"}],"predecessor-version":[{"id":2566,"href":"https:\/\/rfid-laundry-tag.com\/sv\/wp-json\/wp\/v2\/product\/2559\/revisions\/2566"}],"wp:featuredmedia":[{"embeddable":true,"href":"https:\/\/rfid-laundry-tag.com\/sv\/wp-json\/wp\/v2\/media\/2561"}],"wp:attachment":[{"href":"https:\/\/rfid-laundry-tag.com\/sv\/wp-json\/wp\/v2\/media?parent=2559"}],"wp:term":[{"taxonomy":"product_brand","embeddable":true,"href":"https:\/\/rfid-laundry-tag.com\/sv\/wp-json\/wp\/v2\/product_brand?post=2559"},{"taxonomy":"product_cat","embeddable":true,"href":"https:\/\/rfid-laundry-tag.com\/sv\/wp-json\/wp\/v2\/product_cat?post=2559"},{"taxonomy":"product_tag","embeddable":true,"href":"https:\/\/rfid-laundry-tag.com\/sv\/wp-json\/wp\/v2\/product_tag?post=2559"}],"curies":[{"name":"wp","href":"https:\/\/api.w.org\/{rel}","templated":true}]}}