{"id":2543,"date":"2024-09-15T11:34:50","date_gmt":"2024-09-15T11:34:50","guid":{"rendered":"https:\/\/rfid-laundry-tag.com\/?post_type=product&#038;p=2543"},"modified":"2024-09-15T11:53:19","modified_gmt":"2024-09-15T11:53:19","slug":"uhf-rfid-sticker-for-car","status":"publish","type":"product","link":"https:\/\/rfid-laundry-tag.com\/sv\/uhf-rfid-sticker-for-car\/","title":{"rendered":"UHF RFID-dekal f\u00f6r bil"},"content":{"rendered":"<div data-elementor-type=\"product-post\" data-elementor-id=\"2543\" class=\"elementor elementor-2543\" data-elementor-settings=\"{&quot;ha_cmc_init_switcher&quot;:&quot;no&quot;}\" data-elementor-post-type=\"product\">\n\t\t\t\t<div class=\"elementor-element elementor-element-71a1224 e-flex e-con-boxed e-con e-parent\" data-id=\"71a1224\" data-element_type=\"container\" data-e-type=\"container\" data-settings=\"{&quot;_ha_eqh_enable&quot;:false}\">\n\t\t\t\t\t<div class=\"e-con-inner\">\n\t\t\t\t<div class=\"elementor-element elementor-element-7f470072 elementor-widget elementor-widget-text-editor\" data-id=\"7f470072\" data-element_type=\"widget\" data-e-type=\"widget\" data-widget_type=\"text-editor.default\">\n\t\t\t\t<div class=\"elementor-widget-container\">\n\t\t\t\t\t\t\t\t\t<h2 class=\"AnswerParser_AnswerParserH2__SIHnF\"><span style=\"color: #000000;\">Vad \u00e4r UHF RFID-klisterm\u00e4rken?<\/span><\/h2><p><span style=\"color: #000000;\"><span class=\"AnswerParser_TextContainer__z_Iiv\" data-testid=\"youchat-text\"><strong>UHF RFID-klisterm\u00e4rken<\/strong>\u00a0\u00e4r specialiserade etiketter designade f\u00f6r fordonsidentifiering och sp\u00e5rning. Dessa klisterm\u00e4rken inneh\u00e5ller en UHF RFID-tagg som fungerar inom frekvensomr\u00e5det f\u00f6r\u00a0<strong>860-960 MHz<\/strong>, vilket m\u00f6jligg\u00f6r l\u00e5ngdistanskommunikation med RFID-l\u00e4sare. Klisterm\u00e4rkena \u00e4r vanligtvis gjorda med en h\u00e5llbar sj\u00e4lvh\u00e4ftande baksida, vilket g\u00f6r dem l\u00e4tta att applicera p\u00e5 olika ytor, inklusive vindrutor och registreringsskyltar.<\/span><span class=\"AnswerParser_TextContainer__z_Iiv\" data-testid=\"youchat-text\">Dessa RFID-klisterm\u00e4rken \u00e4r designade f\u00f6r att motst\u00e5 milj\u00f6faktorer, vilket s\u00e4kerst\u00e4ller p\u00e5litlig prestanda under olika f\u00f6rh\u00e5llanden. Deras kompakta storlek och l\u00e4tta design g\u00f6r dem idealiska f\u00f6r anv\u00e4ndning p\u00e5 fordon utan att l\u00e4gga till on\u00f6dig bulk.<\/span><\/span><\/p><h2 class=\"AnswerParser_AnswerParserH2__SIHnF\"><span style=\"color: #000000;\"><a href=\"https:\/\/rfid-laundry-tag.com\/sv\/hot-selling-rfid-tags\/page\/2\/\"><img fetchpriority=\"high\" decoding=\"async\" class=\"alignnone wp-image-2547 size-full\" src=\"https:\/\/rfid-laundry-tag.com\/wp-content\/uploads\/2024\/09\/OIP-C-4.jpg\" alt=\"\" width=\"474\" height=\"274\" srcset=\"https:\/\/rfid-laundry-tag.com\/wp-content\/uploads\/2024\/09\/OIP-C-4.jpg 474w, https:\/\/rfid-laundry-tag.com\/wp-content\/uploads\/2024\/09\/OIP-C-4-300x173.jpg 300w, https:\/\/rfid-laundry-tag.com\/wp-content\/uploads\/2024\/09\/OIP-C-4-18x10.jpg 18w\" sizes=\"(max-width: 474px) 100vw, 474px\" \/><\/a>Hur fungerar UHF RFID-klisterm\u00e4rken?<\/span><\/h2><p><span style=\"color: #000000;\"><span class=\"AnswerParser_TextContainer__z_Iiv\" data-testid=\"youchat-text\">UHF RFID-klisterm\u00e4rken fungerar genom att anv\u00e4nda teknik f\u00f6r radiofrekvensidentifiering. Varje klisterm\u00e4rke inneh\u00e5ller en unik identifierare lagrad i RFID-taggen. N\u00e4r fordonet utrustat med klisterm\u00e4rket passerar inom r\u00e4ckvidd f\u00f6r en RFID-l\u00e4sare, avger l\u00e4saren radiov\u00e5gor som aktiverar taggen. Taggen s\u00e4nder sedan sin unika identifierare tillbaka till l\u00e4saren, vilket m\u00f6jligg\u00f6r automatisk identifiering och sp\u00e5rning av fordonet.<\/span><span class=\"AnswerParser_TextContainer__z_Iiv\" data-testid=\"youchat-text\">Denna process m\u00f6jligg\u00f6r datainsamling och \u00f6vervakning i realtid, vilket g\u00f6r det l\u00e4ttare f\u00f6r f\u00f6retag och privatpersoner att hantera sina fordon effektivt. UHF RFID-teknikens l\u00e5nga r\u00e4ckvidd m\u00f6jligg\u00f6r detektering p\u00e5 flera meters avst\u00e5nd, vilket f\u00f6rb\u00e4ttrar bekv\u00e4mligheten och anv\u00e4ndbarheten.<\/span><\/span><\/p><h2 class=\"AnswerParser_AnswerParserH2__SIHnF\"><span style=\"color: #000000;\">F\u00f6rdelar med att anv\u00e4nda UHF RFID-dekaler f\u00f6r fordon<\/span><\/h2><p><span class=\"AnswerParser_TextContainer__z_Iiv\" style=\"color: #000000;\" data-testid=\"youchat-text\">Att anv\u00e4nda UHF RFID-klisterm\u00e4rken f\u00f6r fordon ger m\u00e5nga f\u00f6rdelar:<\/span><\/p><ul class=\"AnswerParser_AnswerParserUnorderedList__P_1FW\"><li class=\"AnswerParser_ListItem__XqLOV\" translate=\"yes\"><span style=\"color: #000000;\"><strong>F\u00f6rb\u00e4ttrad sp\u00e5rning<\/strong>: RFID-dekaler ger exakt och realtidssp\u00e5rning av fordon, vilket g\u00f6r det l\u00e4ttare att \u00f6vervaka deras plats och status.<\/span><\/li><li class=\"AnswerParser_ListItem__XqLOV\" translate=\"yes\"><span style=\"color: #000000;\"><strong>F\u00f6rb\u00e4ttrad \u00e5tkomstkontroll<\/strong>: Dessa klisterm\u00e4rken kan integreras i passersystem, vilket m\u00f6jligg\u00f6r s\u00f6ml\u00f6s intr\u00e4de i begr\u00e4nsade omr\u00e5den som parkeringsplatser och gated communities.<\/span><\/li><li class=\"AnswerParser_ListItem__XqLOV\" translate=\"yes\"><span style=\"color: #000000;\"><strong>Kostnadseffektiv l\u00f6sning<\/strong>: UHF RFID-klisterm\u00e4rken \u00e4r ett ekonomiskt s\u00e4tt att implementera fordonssp\u00e5rning och hanteringssystem, vilket minskar behovet av manuella kontroller och f\u00f6rb\u00e4ttrar operativ effektivitet.<\/span><\/li><\/ul><p><span class=\"AnswerParser_TextContainer__z_Iiv\" style=\"color: #000000;\" data-testid=\"youchat-text\">Dessa f\u00f6rdelar g\u00f6r UHF RFID-klisterm\u00e4rken till en smart investering f\u00f6r f\u00f6retag och individer som vill f\u00f6rb\u00e4ttra sina processer f\u00f6r fordonshantering.<\/span><\/p><p><a href=\"https:\/\/rfid-laundry-tag.com\/sv\/hot-selling-rfid-tags\/page\/2\/\"><img decoding=\"async\" class=\"alignnone size-full wp-image-2549\" src=\"https:\/\/rfid-laundry-tag.com\/wp-content\/uploads\/2024\/09\/uhf-rfid-windshield-sticker-tagS.jpg\" alt=\"UHF RFID Stickers for Cars\" width=\"1000\" height=\"437\" srcset=\"https:\/\/rfid-laundry-tag.com\/wp-content\/uploads\/2024\/09\/uhf-rfid-windshield-sticker-tagS.jpg 1000w, https:\/\/rfid-laundry-tag.com\/wp-content\/uploads\/2024\/09\/uhf-rfid-windshield-sticker-tagS-300x131.jpg 300w, https:\/\/rfid-laundry-tag.com\/wp-content\/uploads\/2024\/09\/uhf-rfid-windshield-sticker-tagS-768x336.jpg 768w, https:\/\/rfid-laundry-tag.com\/wp-content\/uploads\/2024\/09\/uhf-rfid-windshield-sticker-tagS-18x8.jpg 18w, https:\/\/rfid-laundry-tag.com\/wp-content\/uploads\/2024\/09\/uhf-rfid-windshield-sticker-tagS-600x262.jpg 600w\" sizes=\"(max-width: 1000px) 100vw, 1000px\" \/><\/a><\/p><h2 class=\"AnswerParser_AnswerParserH2__SIHnF\"><span style=\"color: #000000;\">Till\u00e4mpningar av UHF RFID-dekaler i fordonshantering<\/span><\/h2><p><span class=\"AnswerParser_TextContainer__z_Iiv\" style=\"color: #000000;\" data-testid=\"youchat-text\">UHF RFID-klisterm\u00e4rken har ett brett utbud av till\u00e4mpningar inom fordonshantering, inklusive:<\/span><\/p><ul class=\"AnswerParser_AnswerParserUnorderedList__P_1FW\"><li class=\"AnswerParser_ListItem__XqLOV\" translate=\"yes\"><span style=\"color: #000000;\"><strong>Fleet Management<\/strong>: F\u00f6retag kan anv\u00e4nda RFID-dekaler f\u00f6r att sp\u00e5ra sina fordonsflotta, \u00f6vervaka anv\u00e4ndningen och optimera rutter f\u00f6r effektivitet.<\/span><\/li><li class=\"AnswerParser_ListItem__XqLOV\" translate=\"yes\"><span style=\"color: #000000;\"><strong>Parkeringskontroll<\/strong>: RFID-dekaler kan anv\u00e4ndas f\u00f6r automatiserade parkeringssystem, vilket g\u00f6r att fordon kan g\u00e5 in och ut utan att beh\u00f6va fysiska biljetter eller pass.<\/span><\/li><li class=\"AnswerParser_ListItem__XqLOV\" translate=\"yes\"><span style=\"color: #000000;\"><strong>Lagerhantering<\/strong>: I lager och logistik hj\u00e4lper RFID-dekaler att sp\u00e5ra fordon och tillg\u00e5ngar, vilket s\u00e4kerst\u00e4ller korrekta lagerregister och minskar f\u00f6rluster.<\/span><\/li><\/ul><p><span class=\"AnswerParser_TextContainer__z_Iiv\" style=\"color: #000000;\" data-testid=\"youchat-text\">Dessa applikationer visar m\u00e5ngsidigheten och effektiviteten hos UHF RFID-dekaler i olika scenarier f\u00f6r fordonshantering.<\/span><\/p><h2 class=\"AnswerParser_AnswerParserH2__SIHnF\"><span style=\"color: #000000;\">Tekniska specifikationer f\u00f6r UHF RFID-klisterm\u00e4rken<\/span><\/h2><div class=\"AnswerParser_TableContainer__Erb6v\" data-testid=\"table-container\"><table><thead><tr><th style=\"text-align: left;\"><span style=\"color: #000000;\">S\u00e4rdrag<\/span><\/th><th style=\"text-align: left;\"><span style=\"color: #000000;\">Specifikation<\/span><\/th><\/tr><\/thead><tbody><tr><td style=\"text-align: left;\"><span style=\"color: #000000;\">Frekvens<\/span><\/td><td style=\"text-align: left;\"><span style=\"color: #000000;\">860-960 MHz<\/span><\/td><\/tr><tr><td><span style=\"color: #000000;\">Pommes frites<\/span><\/td><td><span style=\"color: #000000;\">U-kod 9, Alien H3, Alien 9, etc<\/span><\/td><\/tr><tr><td><span style=\"color: #000000;\">Lim<\/span><\/td><td><span style=\"color: #000000;\">H\u00e5llbar, v\u00e4derbest\u00e4ndig<\/span><\/td><\/tr><tr><td><span style=\"color: #000000;\">L\u00e4s Range<\/span><\/td><td><span style=\"color: #000000;\">Upp till flera meter<\/span><\/td><\/tr><tr><td><span style=\"color: #000000;\">Kompatibilitet<\/span><\/td><td><span style=\"color: #000000;\">Fungerar med UHF RFID-l\u00e4sare<\/span><\/td><\/tr><tr><td><span style=\"color: #000000;\">M\u00e5tt<\/span><\/td><td><span style=\"color: #000000;\">Anpassningsbara storlekar tillg\u00e4ngliga<\/span><\/td><\/tr><\/tbody><\/table><h2 class=\"AnswerParser_AnswerParserH2__SIHnF\"><span style=\"color: #000000;\">Milj\u00f6p\u00e5verkan av UHF RFID-klisterm\u00e4rken<\/span><\/h2><p><span class=\"AnswerParser_TextContainer__z_Iiv\" style=\"color: #000000;\" data-testid=\"youchat-text\">UHF RFID-klisterm\u00e4rken \u00e4r designade med h\u00e5llbarhet i \u00e5tanke. Materialen som anv\u00e4nds i deras produktion \u00e4r ofta \u00e5tervinningsbara, och sj\u00e4lva klisterm\u00e4rkena \u00e4r h\u00e5llbara, vilket minskar behovet av frekventa byten. Genom att implementera RFID-teknik kan f\u00f6retag ocks\u00e5 minska pappersavfallet i samband med traditionella fordonssp\u00e5rningsmetoder, vilket bidrar till en mer h\u00e5llbar verksamhet.<\/span><\/p><h2 class=\"AnswerParser_AnswerParserH2__SIHnF\"><span style=\"color: #000000;\">Kundrecensioner och feedback<\/span><\/h2><p><span style=\"color: #000000;\"><span class=\"AnswerParser_TextContainer__z_Iiv\" data-testid=\"youchat-text\">Kunder som har anv\u00e4nt UHF RFID-dekaler f\u00f6r sina fordon har rapporterat h\u00f6ga niv\u00e5er av n\u00f6jdhet. M\u00e5nga uppskattar den enkla installationen och bekv\u00e4mligheten med automatisk sp\u00e5rning. Anv\u00e4ndare har noterat att klisterm\u00e4rkena fungerar bra i olika v\u00e4derf\u00f6rh\u00e5llanden och ger tillf\u00f6rlitlig \u00e5tkomstkontroll f\u00f6r parkeringsanl\u00e4ggningar.<\/span><span class=\"AnswerParser_TextContainer__z_Iiv\" data-testid=\"youchat-text\">Positiv feedback belyser effektiviteten hos UHF RFID-dekaler f\u00f6r att f\u00f6rb\u00e4ttra processer f\u00f6r fordonshantering, vilket g\u00f6r dem till ett popul\u00e4rt val bland b\u00e5de f\u00f6retag och privatpersoner.<\/span><\/span><\/p><h2 class=\"AnswerParser_AnswerParserH2__SIHnF\"><span style=\"color: #000000;\">Vanliga fr\u00e5gor om UHF RFID-dekaler f\u00f6r bilar<\/span><\/h2><p><span style=\"color: #000000;\"><span class=\"AnswerParser_TextContainer__z_Iiv\" data-testid=\"youchat-text\"><strong>F: Kan UHF RFID-klisterm\u00e4rken tas bort och \u00e5teranv\u00e4ndas?<\/strong><br \/>S: \u00c4ven om UHF RFID-klisterm\u00e4rken \u00e4r designade f\u00f6r h\u00e5llbarhet, \u00e4r de vanligtvis avsedda f\u00f6r eng\u00e5ngsapplikationer. Att ta bort dem kan \u00e4ventyra deras vidh\u00e4ftningsegenskaper.\u00a0 \u00a0 \u00a0 \u00a0 \u00a0<\/span><\/span><\/p><p><span style=\"color: #000000;\"><span class=\"AnswerParser_TextContainer__z_Iiv\" data-testid=\"youchat-text\"><strong>F: Hur l\u00e4nge h\u00e5ller UHF RFID-klisterm\u00e4rken?<\/strong><br \/>S: Med korrekt installation och sk\u00f6tsel kan UHF RFID-klisterm\u00e4rken h\u00e5lla i flera \u00e5r, \u00e4ven under tuffa milj\u00f6f\u00f6rh\u00e5llanden.\u00a0<\/span><\/span><\/p><p><span style=\"color: #000000;\"><span class=\"AnswerParser_TextContainer__z_Iiv\" data-testid=\"youchat-text\"> \u00a0<\/span><span class=\"AnswerParser_TextContainer__z_Iiv\" data-testid=\"youchat-text\"><strong>F: \u00c4r UHF RFID-klisterm\u00e4rken vattent\u00e4ta?<\/strong><br \/>S: Ja, de flesta UHF RFID-klisterm\u00e4rken \u00e4r designade f\u00f6r att vara v\u00e4derbest\u00e4ndiga, vilket g\u00f6r dem l\u00e4mpliga f\u00f6r utomhusbruk.<\/span><\/span><\/p><\/div>\t\t\t\t\t\t\t\t<\/div>\n\t\t\t\t<\/div>\n\t\t\t\t\t<\/div>\n\t\t\t\t<\/div>\n\t\t\t\t<\/div>","protected":false},"excerpt":{"rendered":"<p>UHF RFID-klisterm\u00e4rken erbjuder p\u00e5litlig fordonsidentifiering f\u00f6r passerkontroll och lagerhantering, vilket f\u00f6rb\u00e4ttrar \u00f6vervakningen av flottan och parkeringseffektiviteten.<\/p>","protected":false},"featured_media":2544,"template":"","meta":{"_kad_post_transparent":"default","_kad_post_title":"","_kad_post_layout":"default","_kad_post_sidebar_id":"","_kad_post_content_style":"default","_kad_post_vertical_padding":"default","_kad_post_feature":"","_kad_post_feature_position":"","_kad_post_header":false,"_kad_post_footer":false,"_kad_post_classname":""},"product_brand":[],"product_cat":[54],"product_tag":[100,285,284],"class_list":{"0":"post-2543","1":"product","2":"type-product","3":"status-publish","4":"has-post-thumbnail","6":"product_cat-hot-selling-rfid-tags","7":"product_tag-rfid-label","8":"product_tag-rfid-tag","9":"product_tag-uhf-rfid-sticker","11":"first","12":"instock","13":"shipping-taxable","14":"product-type-simple","15":"entry","16":"content-bg","17":"loop-entry"},"_links":{"self":[{"href":"https:\/\/rfid-laundry-tag.com\/sv\/wp-json\/wp\/v2\/product\/2543","targetHints":{"allow":["GET"]}}],"collection":[{"href":"https:\/\/rfid-laundry-tag.com\/sv\/wp-json\/wp\/v2\/product"}],"about":[{"href":"https:\/\/rfid-laundry-tag.com\/sv\/wp-json\/wp\/v2\/types\/product"}],"version-history":[{"count":5,"href":"https:\/\/rfid-laundry-tag.com\/sv\/wp-json\/wp\/v2\/product\/2543\/revisions"}],"predecessor-version":[{"id":2558,"href":"https:\/\/rfid-laundry-tag.com\/sv\/wp-json\/wp\/v2\/product\/2543\/revisions\/2558"}],"wp:featuredmedia":[{"embeddable":true,"href":"https:\/\/rfid-laundry-tag.com\/sv\/wp-json\/wp\/v2\/media\/2544"}],"wp:attachment":[{"href":"https:\/\/rfid-laundry-tag.com\/sv\/wp-json\/wp\/v2\/media?parent=2543"}],"wp:term":[{"taxonomy":"product_brand","embeddable":true,"href":"https:\/\/rfid-laundry-tag.com\/sv\/wp-json\/wp\/v2\/product_brand?post=2543"},{"taxonomy":"product_cat","embeddable":true,"href":"https:\/\/rfid-laundry-tag.com\/sv\/wp-json\/wp\/v2\/product_cat?post=2543"},{"taxonomy":"product_tag","embeddable":true,"href":"https:\/\/rfid-laundry-tag.com\/sv\/wp-json\/wp\/v2\/product_tag?post=2543"}],"curies":[{"name":"wp","href":"https:\/\/api.w.org\/{rel}","templated":true}]}}