{"id":204,"date":"2024-06-18T09:26:05","date_gmt":"2024-06-18T09:26:05","guid":{"rendered":"https:\/\/rfid-laundry-tag.com\/?post_type=product&#038;p=204"},"modified":"2024-09-26T03:20:13","modified_gmt":"2024-09-26T03:20:13","slug":"textile-fabric-rfid-laundry-tags","status":"publish","type":"product","link":"https:\/\/rfid-laundry-tag.com\/sv\/textile-fabric-rfid-laundry-tags\/","title":{"rendered":"Textiltyg RFID tv\u00e4ttetiketter"},"content":{"rendered":"<div>\n<div class=\"auto-hide-last-sibling-br paragraph_1252f paragraph-element\">\n<table width=\"637\">\n<tbody>\n<tr>\n<td width=\"328\">Artikelnamn:<\/td>\n<td width=\"309\"><strong>Textiltyg RFID tv\u00e4ttetiketter<\/strong><\/td>\n<\/tr>\n<tr>\n<td width=\"328\">RFID-standard:<\/td>\n<td width=\"309\">ISO\/IEC 18000-6 TypeC (EPC Gen2)<\/td>\n<\/tr>\n<tr>\n<td width=\"328\">Storlek &amp; Vikt:<\/td>\n<td width=\"309\">70\u00d715 mm, 0,6g<\/td>\n<\/tr>\n<tr>\n<td width=\"328\">Chiptyp:<\/td>\n<td width=\"309\">Impinj Monza 4QT,NXP U CODE 8\uff0cNXP U CODE 9<\/td>\n<\/tr>\n<tr>\n<td width=\"328\">EPC-minne:<\/td>\n<td width=\"309\">128 bitar<\/td>\n<\/tr>\n<tr>\n<td width=\"328\">Anv\u00e4ndarminne:<\/td>\n<td width=\"309\">512 bitar<\/td>\n<\/tr>\n<tr>\n<td width=\"328\">L\u00e4somr\u00e5de (2W ERP FCC):<\/td>\n<td width=\"309\">8m<\/td>\n<\/tr>\n<tr>\n<td width=\"328\">L\u00e4somr\u00e5de (2W ERP ETSI):<\/td>\n<td width=\"309\">8m<\/td>\n<\/tr>\n<tr>\n<td width=\"328\">Taggning:<\/td>\n<td width=\"309\">S\u00f6mnad, Varmpr\u00e4glingslim<\/td>\n<\/tr>\n<tr>\n<td width=\"328\">Ber\u00e4knad livsl\u00e4ngd:<\/td>\n<td width=\"309\">200 tv\u00e4ttcykler eller 3 \u00e5r, beroende p\u00e5 vad som intr\u00e4ffar f\u00f6rst<\/td>\n<\/tr>\n<tr>\n<td width=\"328\">Tv\u00e4ttmetod:<\/td>\n<td width=\"309\">Tv\u00e4ttservice, Kemtv\u00e4tt<\/td>\n<\/tr>\n<tr>\n<td width=\"328\">Vattenextraktionstryck:<\/td>\n<td width=\"309\">60 bar<\/td>\n<\/tr>\n<tr>\n<td width=\"328\">Vattent\u00e5lighet:<\/td>\n<td width=\"309\">Vattent\u00e5lig<\/td>\n<\/tr>\n<tr>\n<td width=\"328\">Kemisk best\u00e4ndighet:<\/td>\n<td width=\"309\">Tv\u00e4ttmedel, sk\u00f6ljmedel, blekmedel (syre\/klor), alkali<\/td>\n<\/tr>\n<tr>\n<td width=\"328\">F\u00f6rtorkning i torktumlare:<\/td>\n<td width=\"309\">125 \u00baC i 15-20 minuter<\/td>\n<\/tr>\n<tr>\n<td width=\"328\">Steriliseringstemperatur:<\/td>\n<td width=\"309\">135\u00b0C i 15-20 minuter<\/td>\n<\/tr>\n<tr>\n<td width=\"328\">Tv\u00e4tttemperatur:<\/td>\n<td width=\"309\">90\u00b0C, Upp till 15 min.<\/td>\n<\/tr>\n<tr>\n<td width=\"328\">Fuktighet\/temperaturdrift:<\/td>\n<td width=\"309\">-20 till 110\u00b0C, 8 till 95%RH<\/td>\n<\/tr>\n<tr>\n<td width=\"328\">Fuktighet\/temperatur-lagring:<\/td>\n<td width=\"309\">-40 till 110\u00b0C, 8 till 95%RH<\/td>\n<\/tr>\n<\/tbody>\n<\/table>\n<\/div>\n<div class=\"auto-hide-last-sibling-br paragraph_1252f paragraph-element\"><\/div>\n<\/div>\n<div data-spm-anchor-id=\"a2700.details.0.i57.23b419c7xXORP0\">\n<div class=\"auto-hide-last-sibling-br paragraph_1252f paragraph-element\">\n<h2>Funktioner av textiltyg RFID tv\u00e4ttetiketter<\/h2>\n<h3>1. Slitstark och tv\u00e4ttbar<\/h3>\n<p>V\u00e5r\u00a0<strong>tv\u00e4ttbara RFID-taggar<\/strong>\u00a0\u00e4r noggrant utformade f\u00f6r att klara tuffa tv\u00e4ttf\u00f6rh\u00e5llanden. De t\u00e5l upp till\u00a0<strong>200 tv\u00e4ttcykler<\/strong>, som t\u00e5l h\u00f6ga temperaturer under tv\u00e4tt- och torkprocesser. De h\u00e5llbara materialen och tekniken som anv\u00e4nds s\u00e4kerst\u00e4ller att dessa\u00a0<strong>etiketter kan sys<\/strong>\u00a0i olika f\u00f6rem\u00e5l, inklusive linne och plagg, utan att kompromissa med deras integritet. Oavsett om det \u00e4r varmtv\u00e4tt kl\u00a0<strong>90\u00b0C<\/strong>\u00a0eller sterilisering kl\u00a0<strong>135\u00b0C<\/strong>, dessa taggar \u00e4r gjorda f\u00f6r att klara industriella tv\u00e4ttkrav.<\/p>\n<h3>2. S\u00f6ml\u00f6s integration med RFID-system<\/h3>\n<p>De\u00a0<strong>UHF RFID-teknik<\/strong>\u00a0inb\u00e4ddade i tv\u00e4ttetiketterna m\u00f6jligg\u00f6r s\u00f6ml\u00f6s integration med befintliga tv\u00e4tthanteringssystem. Oavsett om du anv\u00e4nder\u00a0<strong>RFID-l\u00e4sare<\/strong>\u00a0f\u00f6r automatiserad sp\u00e5rning eller inf\u00f6rlivande av dem i en mer omfattande\u00a0<strong>lagerhantering<\/strong>\u00a0system ger dessa taggar den n\u00f6dv\u00e4ndiga kompatibiliteten som beh\u00f6vs f\u00f6r str\u00f6mlinjeformad drift. Det tillf\u00f6rlitliga l\u00e4sintervallet p\u00e5 upp till\u00a0<strong>8 meter<\/strong>\u00a0s\u00e4kerst\u00e4ller exakt sp\u00e5rning och h\u00e5ller ditt tv\u00e4ttlager i schack.<\/p>\n<h3>3. F\u00f6rb\u00e4ttrade sp\u00e5rnings- och hanteringsm\u00f6jligheter<\/h3>\n<p>Med\u00a0<strong>RFID tv\u00e4ttetiketter<\/strong>, kan du sp\u00e5ra varje tv\u00e4ttbit genom varje steg av tv\u00e4tten\u00a0<strong>tv\u00e4ttprocessen<\/strong>. Effektiv identifiering och lagersp\u00e5rning leder till handlingsbara insikter, vilket f\u00f6rb\u00e4ttrar den \u00f6vergripande lagerkontrollen. Du kan sp\u00e5ra r\u00f6relsen f\u00f6r var och en\u00a0<strong>textil vara<\/strong>, se till att de returneras till r\u00e4tt individer eller platser omg\u00e5ende. Denna synlighet \u00e4r avg\u00f6rande f\u00f6r att uppr\u00e4tth\u00e5lla kundn\u00f6jdheten inom branscher som g\u00e4stfrihet och h\u00e4lsov\u00e5rd.<\/p>\n<h3>4. Robust kemisk best\u00e4ndighet<\/h3>\n<p>V\u00e5r\u00a0<strong>tygtv\u00e4ttlappar<\/strong>\u00a0\u00e4r konstruerade f\u00f6r att t\u00e5la olika kemikalier som vanligtvis anv\u00e4nds i industriella tv\u00e4tterier. De kan motst\u00e5 tv\u00e4ttmedel, mjukg\u00f6rare och blekmedel, inklusive b\u00e5de syre- och klorvarianter. Denna kemiska motst\u00e5ndskraft f\u00f6rl\u00e4nger taggarnas livsl\u00e4ngd och s\u00e4kerst\u00e4ller p\u00e5litlig prestanda, \u00e4ven i de tuffaste tv\u00e4ttmilj\u00f6erna.<\/p>\n<h3>5. Flera taggningsalternativ<\/h3>\n<p>Textil RFID tv\u00e4ttetiketter erbjuder m\u00e5ngsidig\u00a0<strong>taggningsalternativ<\/strong>. Kunderna kan v\u00e4lja mellan\u00a0<strong>s\u00f6mnad<\/strong>\u00a0taggarna direkt i plagg eller anv\u00e4nda\u00a0<strong>varmpressningslim<\/strong>\u00a0f\u00f6r s\u00e4ker fasts\u00e4ttning. Denna anpassningsf\u00f6rm\u00e5ga m\u00f6jligg\u00f6r enkel integrering i befintliga textilier utan att st\u00f6ra deras funktion eller utseende.<\/p>\n<h3 class=\"wp-block-heading\">Installation av textiltyg RFID tv\u00e4ttetiketter<\/h3>\n<p><strong>Stitch Tagging<\/strong>: Ska sys i f\u00e5llen p\u00e5 en textil. Sy bort tv\u00e4ttlappen fr\u00e5n viklinjerna.<br \/>\n<strong>V\u00e4rmef\u00f6rsegling<\/strong>: F\u00f6r att v\u00e4rmef\u00f6rseglas direkt p\u00e5 textilen vid +200\u00b0C (392\u00b0F), i 12~14s.<br \/>\n<strong>I p\u00e5se<\/strong>: Ska sys som en vanlig sk\u00f6tseletikett. Sy bort tv\u00e4ttlappen fr\u00e5n viklinjerna.<\/p>\n<h2>F\u00f6rdelar med RFID Laundry Management<\/h2>\n<h3>F\u00f6rb\u00e4ttrad operativ effektivitet<\/h3>\n<p>Inkorporerande\u00a0<strong>RFID-taggar<\/strong>\u00a0in i din\u00a0<strong>tv\u00e4tthantering<\/strong>\u00a0processer f\u00f6rb\u00e4ttrar den operativa effektiviteten avsev\u00e4rt. Automatiserade sp\u00e5rningssystem eliminerar behovet av arbetsintensiva manuella processer, vilket minskar personalens tid och kostnader i samband med artikelsp\u00e5rning. Detta g\u00f6r det m\u00f6jligt f\u00f6r anst\u00e4llda att fokusera p\u00e5 k\u00e4rnuppgifter som tillf\u00f6r v\u00e4rde till verksamheten, vilket \u00f6kar den totala produktiviteten.<\/p>\n<h3>\u00d6verl\u00e4gsen tillg\u00e5ngssp\u00e5rning<\/h3>\n<p>Med RFID-teknik kan du sp\u00e5ra varje tv\u00e4ttbit genom hela dess livscykel, fr\u00e5n f\u00f6rsta bearbetning till \u00e5terg\u00e5ng till service. Denna \u00f6verl\u00e4gsna f\u00f6rm\u00e5ga att sp\u00e5ra tillg\u00e5ngar hj\u00e4lper till att f\u00f6rebygga f\u00f6rluster och s\u00e4kerst\u00e4ller att alla f\u00f6rem\u00e5l redovisas, s\u00e4rskilt viktigt i milj\u00f6er med stora volymer som sjukhus och hotell.<\/p>\n<h3>\u00d6verensst\u00e4mmelse med industristandarder<\/h3>\n<p>RFID-tv\u00e4ttetiketterna \u00e4r designade f\u00f6r att uppfylla str\u00e4nga industristandarder f\u00f6r h\u00e5llbarhet och prestanda. Deras robusta design \u00e4r l\u00e4mplig f\u00f6r milj\u00f6er med h\u00f6g efterfr\u00e5gan, vilket g\u00f6r dem idealiska f\u00f6r kommersiella till\u00e4mpningar. Genom att v\u00e4lja v\u00e5ra textila RFID-taggar anpassar du din tv\u00e4ttverksamhet till ledande praxis, vilket s\u00e4kerst\u00e4ller att ditt f\u00f6retag f\u00f6rblir konkurrenskraftigt.<\/p>\n<hr \/>\n<h2>Kundrekommendationer<\/h2>\n<blockquote><p>&quot;Vi har minskat avsev\u00e4rt p\u00e5 borttappade s\u00e4ngkl\u00e4der sedan vi implementerade RFID-tv\u00e4ttetiketterna. Sp\u00e5rningssystemet har f\u00f6r\u00e4ndrat v\u00e5r tv\u00e4tthantering!\u201d \u2014\u00a0<em>Mary T., anl\u00e4ggningschef<\/em><\/p><\/blockquote>\n<blockquote><p>&quot;RFID-taggarna h\u00e5ller inte bara under tv\u00e4ttar, utan de har f\u00f6rb\u00e4ttrat v\u00e5ra handl\u00e4ggningstider avsev\u00e4rt.&quot; \u2014\u00a0<em>John D., Operations Director<\/em><\/p><\/blockquote>\n<hr \/>\n<h2>Vanliga fr\u00e5gor (FAQs)<\/h2>\n<p><strong>F: Hur l\u00e4nge kan RFID-tv\u00e4ttetiketter h\u00e5lla?<\/strong><br \/>\nA: V\u00e5rt\u00a0<strong>RFID tv\u00e4ttetiketter<\/strong>\u00a0har en ber\u00e4knad livsl\u00e4ngd p\u00e5\u00a0<strong>200 tv\u00e4ttcykler eller 3 \u00e5r<\/strong>, beroende p\u00e5 anv\u00e4ndningsf\u00f6rh\u00e5llandena.<\/p>\n<p><strong>F: Klarar dessa taggar h\u00f6ga temperaturer?<\/strong><br \/>\nS: Ja, dessa taggar \u00e4r designade f\u00f6r att t\u00e5la tv\u00e4tttemperaturer upp till\u00a0<strong>90\u00b0C<\/strong>, sterilisering kl\u00a0<strong>135\u00b0C<\/strong>, och f\u00f6rtorkningsf\u00f6rh\u00e5llanden, vilket g\u00f6r dem perfekta f\u00f6r industriella tv\u00e4tterier.<\/p>\n<p><strong>F: \u00c4r taggarna resistenta mot kemikalier?<\/strong><br \/>\nA: Absolut. Dessa taggar \u00e4r resistenta mot vanliga tv\u00e4ttkemikalier, inklusive tv\u00e4ttmedel, mjukg\u00f6rare och blekmedel.<\/p>\n<h3>Slutsats<\/h3>\n<div class=\"auto-hide-last-sibling-br paragraph_1252f paragraph-element\"><strong>Textiltyg RFID tv\u00e4ttetiketter<\/strong> \u00e4r speciellt utformade RFID-taggar avsedda f\u00f6r textilier som genomg\u00e5r omfattande industriella tv\u00e4ttprocesser, inklusive sterilisering och strykning.<\/div>\n<div class=\"auto-hide-last-sibling-br paragraph_1252f paragraph-element\">Dessa <strong>Textiltyg RFID tv\u00e4ttetiketter<\/strong> \u00e4r grundl\u00e4ggande f\u00f6r effektiv identifiering, sp\u00e5rning och hantering av linne och textilier. F\u00f6r f\u00f6retag som f\u00f6rlitar sig p\u00e5 en kontinuerlig cirkulation av rena textilier, uniformer, arbetskl\u00e4der, medicinska kl\u00e4der eller st\u00e4dmaterial, kan dessa tv\u00e4ttetiketter avsev\u00e4rt f\u00f6rb\u00e4ttra prestandan hos automatiserade system. De underl\u00e4ttar snabbare och mer exakt sp\u00e5rning av ett stort antal enskilda artiklar, vilket \u00f6kar lagerkontrollen och minskar f\u00f6rlusten. Detta ger avsev\u00e4rda tids- och kostnadsbesparingar, samt eskalerad produktivitet f\u00f6r s\u00e5dana anl\u00e4ggningar.<\/div>\n<\/div>\n<\/div>\n<div class=\"auto-hide-last-sibling-br paragraph_1252f paragraph-element\">\n<div class=\"auto-hide-last-sibling-br paragraph_1252f paragraph-element\"><strong>RFID Textil Tag<\/strong> f\u00f6r uniform f\u00f6r linnetv\u00e4tt \u00e4r oumb\u00e4rliga inom en m\u00e4ngd branscher, vilket \u00e4r avg\u00f6rande f\u00f6r effektiv tillg\u00e5ngssp\u00e5rning, lagerhantering och \u00f6kar den totala operativa effektiviteten. H\u00e4r \u00e4r en glimt av deras till\u00e4mpning inom olika sektorer:<\/div>\n<div><\/div>\n<p>&nbsp;<\/p>\n<\/div>\n<div class=\"auto-hide-last-sibling-br paragraph_1252f paragraph-element\"><\/div>","protected":false},"excerpt":{"rendered":"<p>Textiltyg RFID tv\u00e4ttetiketter, tillverkade med avancerad UHF-teknik (860-960 MHz), uppfyller globala standarder som EPC Class1 Gen2 och ISO 18000. Dessa UHF textillinne tv\u00e4ttetiketter erbjuder en blandning av flexibilitet och robusthet som t\u00e5l \u00f6ver 200 tv\u00e4ttar cykler och tryck p\u00e5 upp till 60 bar. Det anm\u00e4rkningsv\u00e4rda k\u00e4nnetecknet f\u00f6r UHF RFID-tygtv\u00e4ttetiketten \u00e4r dess potential att till\u00e5ta massavl\u00e4sning p\u00e5 n\u00e5gra meters avst\u00e5nd, vilket fungerar som ett mycket effektivt instrument f\u00f6r tv\u00e4tthantering.<\/p>","protected":false},"featured_media":2675,"template":"","meta":{"_kad_post_transparent":"default","_kad_post_title":"","_kad_post_layout":"default","_kad_post_sidebar_id":"","_kad_post_content_style":"default","_kad_post_vertical_padding":"default","_kad_post_feature":"","_kad_post_feature_position":"","_kad_post_header":false,"_kad_post_footer":false,"_kad_post_classname":""},"product_brand":[],"product_cat":[19],"product_tag":[297,31,65,30],"class_list":{"0":"post-204","1":"product","2":"type-product","3":"status-publish","4":"has-post-thumbnail","6":"product_cat-textile-rfid-laundry-tag","7":"product_tag-rfid-chips-for-uniform","8":"product_tag-rfid-tag-for-linen-laundry","9":"product_tag-textile-rfid-laundry-tags","10":"product_tag-uhf-rfid-laundry-tag","12":"first","13":"instock","14":"featured","15":"shipping-taxable","16":"product-type-simple","17":"entry","18":"content-bg","19":"loop-entry"},"_links":{"self":[{"href":"https:\/\/rfid-laundry-tag.com\/sv\/wp-json\/wp\/v2\/product\/204","targetHints":{"allow":["GET"]}}],"collection":[{"href":"https:\/\/rfid-laundry-tag.com\/sv\/wp-json\/wp\/v2\/product"}],"about":[{"href":"https:\/\/rfid-laundry-tag.com\/sv\/wp-json\/wp\/v2\/types\/product"}],"version-history":[{"count":3,"href":"https:\/\/rfid-laundry-tag.com\/sv\/wp-json\/wp\/v2\/product\/204\/revisions"}],"predecessor-version":[{"id":2678,"href":"https:\/\/rfid-laundry-tag.com\/sv\/wp-json\/wp\/v2\/product\/204\/revisions\/2678"}],"wp:featuredmedia":[{"embeddable":true,"href":"https:\/\/rfid-laundry-tag.com\/sv\/wp-json\/wp\/v2\/media\/2675"}],"wp:attachment":[{"href":"https:\/\/rfid-laundry-tag.com\/sv\/wp-json\/wp\/v2\/media?parent=204"}],"wp:term":[{"taxonomy":"product_brand","embeddable":true,"href":"https:\/\/rfid-laundry-tag.com\/sv\/wp-json\/wp\/v2\/product_brand?post=204"},{"taxonomy":"product_cat","embeddable":true,"href":"https:\/\/rfid-laundry-tag.com\/sv\/wp-json\/wp\/v2\/product_cat?post=204"},{"taxonomy":"product_tag","embeddable":true,"href":"https:\/\/rfid-laundry-tag.com\/sv\/wp-json\/wp\/v2\/product_tag?post=204"}],"curies":[{"name":"wp","href":"https:\/\/api.w.org\/{rel}","templated":true}]}}