{"id":193,"date":"2024-06-16T05:59:05","date_gmt":"2024-06-16T05:59:05","guid":{"rendered":"https:\/\/rfid-laundry-tag.com\/?post_type=product&#038;p=193"},"modified":"2024-09-23T09:29:31","modified_gmt":"2024-09-23T09:29:31","slug":"rfid-chips-in-clothing","status":"publish","type":"product","link":"https:\/\/rfid-laundry-tag.com\/sv\/rfid-chips-in-clothing\/","title":{"rendered":"RFID-chips i kl\u00e4der"},"content":{"rendered":"<div class=\"J_module\">\n<div class=\"ife-detail-decorate-table\">\n<table class=\"hight-light-first-column all magic-14\">\n<tbody>\n<tr>\n<td colspan=\"1\" rowspan=\"1\">\n<div class=\"magic-15\" data-spm-anchor-id=\"a2700.details.0.i95.236a58c1ycsfva\">Produktionsnamn:<\/div>\n<\/td>\n<td colspan=\"1\" rowspan=\"1\">\n<div class=\"magic-16\"><strong>RFID-chips i kl\u00e4der<\/strong><\/div>\n<\/td>\n<\/tr>\n<tr>\n<td colspan=\"1\" rowspan=\"1\">\n<div class=\"magic-15\"><span class=\"magic-17\">Material:<\/span><\/div>\n<\/td>\n<td colspan=\"1\" rowspan=\"1\">\n<div class=\"magic-16\">Polyester\/sammans\u00e4ttning\/sat\u00e4ng\/bomull\/non-woven\/PET etc.<\/div>\n<\/td>\n<\/tr>\n<tr>\n<td colspan=\"1\" rowspan=\"1\">\n<div class=\"magic-15\"><span class=\"magic-17\">Storlek:<\/span><\/div>\n<\/td>\n<td colspan=\"1\" rowspan=\"1\">\n<div class=\"magic-16\"><span class=\"magic-17\">80*38mm\/60*30mm eller anpassad<\/span><\/div>\n<\/td>\n<\/tr>\n<tr>\n<td colspan=\"1\" rowspan=\"1\">\n<div class=\"magic-15\"><span class=\"magic-17\">Typ:<\/span><\/div>\n<\/td>\n<td colspan=\"1\" rowspan=\"1\">\n<div class=\"magic-16\"><span class=\"magic-17\">Passiv, RFID<\/span><\/div>\n<\/td>\n<\/tr>\n<tr>\n<td colspan=\"1\" rowspan=\"1\">\n<div class=\"magic-15\">RF-protokoll:<\/div>\n<\/td>\n<td colspan=\"1\" rowspan=\"1\">\n<div class=\"magic-16\">ISO 18000-6C; EPC klass 1 Gen 2<\/div>\n<\/td>\n<\/tr>\n<tr>\n<td colspan=\"1\" rowspan=\"1\">\n<div class=\"magic-15\"><span class=\"magic-17\">Frekvens:<\/span><\/div>\n<\/td>\n<td colspan=\"1\" rowspan=\"1\">\n<div class=\"magic-16\"><span class=\"magic-17\">860~960MHz<\/span><\/div>\n<\/td>\n<\/tr>\n<tr>\n<td colspan=\"1\" rowspan=\"1\">\n<div class=\"magic-15\">Chips<\/div>\n<\/td>\n<td colspan=\"1\" rowspan=\"1\">\n<div class=\"magic-16\">Alien Higgs, Monza 3, Monza 4D, Monza 4QT, Monza R6, Monza R6-P, Impinj M730, Impinj M750 etc.<\/div>\n<\/td>\n<\/tr>\n<tr>\n<td colspan=\"1\" rowspan=\"1\">\n<div class=\"magic-15\"><span class=\"magic-17\">L\u00e4s avst\u00e5nd:<\/span><\/div>\n<\/td>\n<td colspan=\"1\" rowspan=\"1\">\n<div class=\"magic-16\"><span class=\"magic-17\">UHF: 1~10m (beror p\u00e5 l\u00e4saren och antennen)<\/span><\/div>\n<\/td>\n<\/tr>\n<tr>\n<td colspan=\"1\" rowspan=\"1\">\n<div class=\"magic-15\"><span class=\"magic-17\">Fast s\u00e4tt:<\/span><\/div>\n<\/td>\n<td colspan=\"1\" rowspan=\"1\">\n<div class=\"magic-16\"><span class=\"magic-17\">Sy \/ stryka<\/span><\/div>\n<\/td>\n<\/tr>\n<tr>\n<td colspan=\"1\" rowspan=\"1\">\n<div class=\"magic-15\"><span class=\"magic-17\">Utskrift:<\/span><\/div>\n<\/td>\n<td colspan=\"1\" rowspan=\"1\">\n<div class=\"magic-16\"><span class=\"magic-17\">Utskrift, kodning, serienummer, design, etc.<\/span><\/div>\n<\/td>\n<\/tr>\n<tr>\n<td colspan=\"1\" rowspan=\"1\">\n<div class=\"magic-15\"><span class=\"magic-17\">IC-liv:<\/span><\/div>\n<\/td>\n<td colspan=\"1\" rowspan=\"1\">\n<div class=\"magic-16\" data-spm-anchor-id=\"a2700.details.0.i94.236a58c1ycsfva\"><span class=\"magic-17\">100 000 programmeringscykler<br \/>\n10 \u00e5rs datalagring<\/span><\/div>\n<\/td>\n<\/tr>\n<tr>\n<td colspan=\"1\" rowspan=\"1\">\n<div class=\"magic-15\"><span class=\"magic-17\">Exempeltillg\u00e4nglighet:<\/span><\/div>\n<\/td>\n<td colspan=\"1\" rowspan=\"1\">\n<div class=\"magic-16\"><span class=\"magic-17\">Gratis prover finns tillg\u00e4ngliga p\u00e5 beg\u00e4ran<\/span><\/div>\n<\/td>\n<\/tr>\n<tr>\n<td colspan=\"1\" rowspan=\"1\">\n<div class=\"magic-15\"><span class=\"magic-17\">Applikationer:\u00a0<\/span><\/div>\n<\/td>\n<td colspan=\"1\" rowspan=\"1\">\n<div class=\"magic-16\"><span class=\"magic-17\">\u00b7 Lagerhantering<br \/>\n\u00b7 Supply Chain<br \/>\n\u00b7 Detaljhandel<\/span><\/div>\n<\/td>\n<\/tr>\n<tr>\n<td colspan=\"1\" rowspan=\"1\">\n<div class=\"magic-15\"><span class=\"magic-17\">Anv\u00e4nda<\/span><\/div>\n<\/td>\n<td colspan=\"1\" rowspan=\"1\">\n<div class=\"magic-16\"><span class=\"magic-17\">Plagg, kl\u00e4der, v\u00e4skor, skor, etc.<\/span><\/div>\n<\/td>\n<\/tr>\n<\/tbody>\n<\/table>\n<\/div>\n<\/div>\n<div class=\"J_module\">\n<div class=\"detail-decorate-json-renderer-container\">\n<div class=\"magic-1\">\n<div class=\"magic-5\">\n<div class=\"magic-6\">\n<div>\n<h2 class=\"AnswerParser_AnswerParserH2__SIHnF\">Kraften med RFID-teknik i plaggsp\u00e5rning<\/h2>\n<p><span class=\"AnswerParser_TextContainer__z_Iiv\" data-testid=\"youchat-text\">RFID-tekniken (Radio Frequency Identification) har revolutionerat lagerhantering inom olika branscher, och nu g\u00f6r den v\u00e5gor inom kl\u00e4dsektorn. V\u00e5ra UHF RFID tv\u00e4ttv\u00e5rdsetiketter utnyttjar denna kraftfulla teknik f\u00f6r att ge o\u00f6vertr\u00e4ffade sp\u00e5rningsm\u00f6jligheter f\u00f6r dina kl\u00e4desplagg.<\/span><span class=\"AnswerParser_TextContainer__z_Iiv\" data-testid=\"youchat-text\">Dessa etiketter anv\u00e4nder radiofrekvenssignaler f\u00f6r att kommunicera med RFID-l\u00e4sare, vilket m\u00f6jligg\u00f6r snabb och exakt identifiering av plagg utan behov av siktlinjeskanning. Detta inneb\u00e4r att du enkelt kan sp\u00e5ra flera artiklar samtidigt, vilket avsev\u00e4rt minskar tiden och anstr\u00e4ngningen som kr\u00e4vs f\u00f6r lagerkontroller.<\/span><\/div>\n<\/div>\n<div>\n<div class=\"auto-hide-last-sibling-br paragraph_1252f paragraph-element\">\n<div class=\"auto-hide-last-sibling-br paragraph_1252f paragraph-element\">\n<div class=\"auto-hide-last-sibling-br paragraph_1252f paragraph-element\">\n<div class=\"auto-hide-last-sibling-br paragraph_1252f paragraph-element\">Att sticka ut bland m\u00e4ngden och hantera lager effektivt \u00e4r viktiga utmaningar f\u00f6r kl\u00e4dm\u00e4rken. Inf\u00f6randet av RFID Apparel Tags kan l\u00f6sa dessa problem och hj\u00e4lpa f\u00f6retag att inte bara f\u00f6rb\u00e4ttra sin varum\u00e4rkesimage och v\u00e4rde utan ocks\u00e5 p\u00e5skynda sin globala leveranskedja.<\/div>\n<p>&nbsp;<\/p>\n<div class=\"auto-hide-last-sibling-br paragraph_1252f paragraph-element\">V\u00e5ra produkter str\u00e4cker sig fr\u00e5n grafiskt prydda etiketter till milj\u00f6v\u00e4nliga f\u00f6rpackningar utrustade med radiofrekvensidentifiering (RFID). Dessa erbjudanden f\u00f6rb\u00e4ttrar kl\u00e4dernas attraktionskraft f\u00f6r konsumenterna och optimerar lager- och lagringsprocesser. Samtidigt st\u00e4rker de produkts\u00e4kerheten och g\u00f6r det m\u00f6jligt f\u00f6r \u00e5terf\u00f6rs\u00e4ljare att \u00e4gna mer tid \u00e5t sina kunder.<\/div>\n<p>&nbsp;<\/p>\n<div class=\"auto-hide-last-sibling-br paragraph_1252f paragraph-element\">P\u00e5 s\u00e5 s\u00e4tt fungerar RFID Apparel Tags som ett verktyg med dubbla \u00e4ndam\u00e5l \u2013 f\u00f6rst\u00e4rker varum\u00e4rkets attraktionskraft och s\u00e4kerst\u00e4ller operativ effektivitet.<\/div>\n<\/div>\n<\/div>\n<div>\n<h2 class=\"AnswerParser_AnswerParserH2__SIHnF\">Till\u00e4mpningar inom detaljhandeln och d\u00e4rut\u00f6ver<\/h2>\n<p><span class=\"AnswerParser_TextContainer__z_Iiv\" data-testid=\"youchat-text\">M\u00e5ngsidigheten hos v\u00e5ra RFID tv\u00e4ttv\u00e5rdsetiketter g\u00f6r dem l\u00e4mpliga f\u00f6r ett brett spektrum av applikationer:<\/span><\/p>\n<ol class=\"AnswerParser_AnswerParserOrderedList__kl_2Y\">\n<li class=\"AnswerParser_ListItem__XqLOV\" translate=\"yes\"><strong>\u00c5terf\u00f6rs\u00e4ljare<\/strong>: Effektivisera lagerhantering och f\u00f6rb\u00e4ttra produktens synlighet.<\/li>\n<li class=\"AnswerParser_ListItem__XqLOV\" translate=\"yes\"><strong>Tv\u00e4ttservice<\/strong>: Sp\u00e5ra individuella plagg genom tv\u00e4ttcykler med l\u00e4tthet.<\/li>\n<li class=\"AnswerParser_ListItem__XqLOV\" translate=\"yes\"><strong>Uniformer och arbetskl\u00e4der<\/strong>: Hantera stora m\u00e4ngder liknande f\u00f6rem\u00e5l effektivt.<\/li>\n<li class=\"AnswerParser_ListItem__XqLOV\" translate=\"yes\"><strong>Bes\u00f6ksn\u00e4ringen<\/strong>: H\u00e5ll koll p\u00e5 s\u00e4ngkl\u00e4der, handdukar och personalens uniformer.<\/li>\n<li class=\"AnswerParser_ListItem__XqLOV\" translate=\"yes\"><strong>Medicinska Scrubs<\/strong>: S\u00e4kerst\u00e4ll korrekt reng\u00f6ring och distribution av v\u00e5rdkl\u00e4der.<\/li>\n<li class=\"AnswerParser_ListItem__XqLOV\" translate=\"yes\"><strong>Uthyrning av kostymer<\/strong>: F\u00f6renkla utchecknings- och returprocessen f\u00f6r uthyrningsf\u00f6retag.<\/li>\n<\/ol>\n<\/div>\n<div class=\"auto-hide-last-sibling-br paragraph_1252f paragraph-element\">\n<div class=\"auto-hide-last-sibling-br paragraph_1252f paragraph-element\">\n<h2 class=\"AnswerParser_AnswerParserH2__SIHnF\">F\u00f6rb\u00e4ttra din f\u00f6rs\u00f6rjningskedjas synlighet<\/h2>\n<p><span class=\"AnswerParser_TextContainer__z_Iiv\" data-testid=\"youchat-text\">Genom att inf\u00f6rliva v\u00e5ra RFID tv\u00e4ttv\u00e5rdsetiketter i dina plagg f\u00e5r du o\u00f6vertr\u00e4ffad synlighet i din leveranskedja. Sp\u00e5ra dina kl\u00e4der fr\u00e5n tillverkning till f\u00f6rs\u00e4ljning, och \u00e4ven genom flera tv\u00e4ttcykler i industriella tv\u00e4tterier.<\/span><span class=\"AnswerParser_TextContainer__z_Iiv\" data-testid=\"youchat-text\">Denna f\u00f6rb\u00e4ttrade synlighet l\u00e5ter dig:<\/span><\/p>\n<ul class=\"AnswerParser_AnswerParserUnorderedList__P_1FW\">\n<li class=\"AnswerParser_ListItem__XqLOV\" translate=\"yes\">Minska krympning och f\u00f6rlust<\/li>\n<li class=\"AnswerParser_ListItem__XqLOV\" translate=\"yes\">F\u00f6rb\u00e4ttra produkters\u00e4ttningseffektiviteten<\/li>\n<li class=\"AnswerParser_ListItem__XqLOV\" translate=\"yes\">Optimera lagerniv\u00e5er<\/li>\n<li class=\"AnswerParser_ListItem__XqLOV\" translate=\"yes\">F\u00f6rb\u00e4ttra kundn\u00f6jdheten genom b\u00e4ttre produkttillg\u00e4nglighet<\/li>\n<\/ul>\n<h2 class=\"AnswerParser_AnswerParserH2__SIHnF\">Enkel installation och anv\u00e4ndning<\/h2>\n<p><span class=\"AnswerParser_TextContainer__z_Iiv\" data-testid=\"youchat-text\">V\u00e5ra RFID tv\u00e4ttv\u00e5rdsetiketter \u00e4r designade f\u00f6r s\u00f6ml\u00f6s integrering i dina plagg:<\/span><\/p>\n<ol class=\"AnswerParser_AnswerParserOrderedList__kl_2Y\">\n<li class=\"AnswerParser_ListItem__XqLOV\" translate=\"yes\"><strong>Ins\u00f6mningsalternativ<\/strong>: Traditionell f\u00e4stmetod f\u00f6r h\u00e5llbarhet.<\/li>\n<li class=\"AnswerParser_ListItem__XqLOV\" translate=\"yes\"><strong>Iron-On Applikation<\/strong>: Snabb och enkel installation med v\u00e4rme\u00f6verf\u00f6ringsteknik.<\/li>\n<\/ol>\n<p><span class=\"AnswerParser_TextContainer__z_Iiv\" data-testid=\"youchat-text\">B\u00e5da metoderna s\u00e4kerst\u00e4ller att etiketten f\u00f6rblir s\u00e4kert f\u00e4st under plaggets livscykel.<\/span><\/p>\n<div class=\"auto-hide-last-sibling-br paragraph_1252f paragraph-element\"><strong>H\u00e4r \u00e4r n\u00e5gra exempel p\u00e5 hur f\u00f6rstklassiga kl\u00e4dm\u00e4rken framg\u00e5ngsrikt har implementerat RFID UHF-taggar:<\/strong><\/div>\n<ol class=\"auto-hide-last-sibling-br\">\n<li>\n<div class=\"auto-hide-last-sibling-br paragraph_1252f paragraph-element\"><strong>Prada<\/strong>: Detta ber\u00f6mda italienska lyxm\u00e4rke antog RFID-taggar 2001, vilket m\u00f6jligg\u00f6r detaljerad registrering av information som stil, storlek, f\u00e4rg och pris. Intressant nog, n\u00e4r konsumenter som b\u00e4r Prada-kl\u00e4der passerar genom sina butiker, visas motsvarande kl\u00e4der p\u00e5 butiksmodellerna, som efterliknar en high-fashion landningsbana i Milano. Denna innovativa anv\u00e4ndning av RFID-teknik \u00f6kar Prada-konsumenternas tillfredsst\u00e4llelse efter k\u00f6pet.<\/div>\n<\/li>\n<li>\n<div class=\"auto-hide-last-sibling-br paragraph_1252f paragraph-element\"><strong>H&amp;M<\/strong>: Detta internationella varum\u00e4rke b\u00f6rjade anv\u00e4nda RFID-teknik 2014. I planerade 1 800 butiker till\u00e5ter RFID-teknik automatisk sp\u00e5rning av produktkategorier, kvantiteter och konsumtion.<\/div>\n<\/li>\n<li>\n<div class=\"auto-hide-last-sibling-br paragraph_1252f paragraph-element\"><strong>ZARA<\/strong>: Under f\u00f6rsta halv\u00e5ret 2016 uppgav ZARAs moderbolag, Inditex, att till\u00e4mpningen av RFID-teknik f\u00f6rb\u00e4ttrade lager- och leveranshanteringen f\u00f6r cirka 70% av dess varum\u00e4rken. Denna implementering resulterade i en f\u00f6rs\u00e4ljnings\u00f6kning p\u00e5 11,1% och en vinst\u00f6kning p\u00e5 7,5%, uppg\u00e5ende till 1,26 miljarder euro.<\/div>\n<\/li>\n<li>\n<div class=\"auto-hide-last-sibling-br paragraph_1252f paragraph-element\"><strong>Uniqlo<\/strong>: Under 2017 tillk\u00e4nnagav Uniqlo sin plan att distribuera RFID UHF-taggar i 3 000 butiker globalt, vilket markerar det som den f\u00f6rsta japanska \u00e5terf\u00f6rs\u00e4ljaren att anv\u00e4nda elektroniska taggar \u00f6ver hela v\u00e4rlden.<\/div>\n<\/li>\n<\/ol>\n<div class=\"auto-hide-last-sibling-br paragraph_1252f paragraph-element\">Det h\u00e4r \u00e4r bara n\u00e5gra insikter om hur de b\u00e4sta kl\u00e4dm\u00e4rkena utnyttjar RFID-taggar. Fr\u00e5n och med 2019 har praktiskt taget alla varum\u00e4rken i v\u00e4rldsklass applicerat RFID-taggar p\u00e5 sina plagg, vilket resulterat i \u00f6ver 20 miljarder m\u00e4rkta kl\u00e4desplagg \u2013 ett antal som forts\u00e4tter att v\u00e4xa avsev\u00e4rt. Andra anm\u00e4rkningsv\u00e4rda m\u00e4rken som har anammat denna teknik inkluderar NIKE och Walmart.<\/div>\n<\/div>\n<\/div>\n<\/div>\n<h2 class=\"AnswerParser_AnswerParserH2__SIHnF\">Kontakta oss f\u00f6r en skr\u00e4ddarsydd l\u00f6sning<\/h2>\n<p><span class=\"AnswerParser_TextContainer__z_Iiv\" data-testid=\"youchat-text\">\u00c4r du redo att revolutionera din plagghantering med v\u00e5ra UHF RFID tv\u00e4ttv\u00e5rdsetiketter? Vi finns h\u00e4r f\u00f6r att hj\u00e4lpa dig hitta den perfekta l\u00f6sningen f\u00f6r dina behov.<\/span><\/p>\n<ul class=\"AnswerParser_AnswerParserUnorderedList__P_1FW\">\n<li class=\"AnswerParser_ListItem__XqLOV\" translate=\"yes\"><strong>Gratis prover<\/strong>: Beg\u00e4r gratis prover f\u00f6r att testa i din milj\u00f6.<\/li>\n<li class=\"AnswerParser_ListItem__XqLOV\" translate=\"yes\"><strong>Anpassning<\/strong>: L\u00e5t oss veta dina specifika krav p\u00e5 en skr\u00e4ddarsydd l\u00f6sning.<\/li>\n<li class=\"AnswerParser_ListItem__XqLOV\" translate=\"yes\"><strong>Expertkonsultation<\/strong>: V\u00e5rt team av RFID-specialister \u00e4r redo att svara p\u00e5 dina fr\u00e5gor.<\/li>\n<\/ul>\n<p><span class=\"AnswerParser_TextContainer__z_Iiv\" data-testid=\"youchat-text\">L\u00e5t inte ineffektiv lagerhantering h\u00e5lla tillbaka ditt f\u00f6retag. Omfamna framtiden f\u00f6r plaggsp\u00e5rning med v\u00e5ra innovativa RFID tv\u00e4ttv\u00e5rdsetiketter. Fyll i v\u00e5rt f\u00f6rfr\u00e5gningsformul\u00e4r idag f\u00f6r att b\u00f6rja din resa mot smartare och effektivare kl\u00e4dhantering.<\/span><span class=\"AnswerParser_TextContainer__z_Iiv\" data-testid=\"youchat-text\">Relaterade produkter:<\/span><\/p>\n<ul class=\"AnswerParser_AnswerParserUnorderedList__P_1FW\">\n<li class=\"AnswerParser_ListItem__XqLOV\" translate=\"yes\">RFID h\u00e4ngetiketter f\u00f6r detaljhandeln<\/li>\n<li class=\"AnswerParser_ListItem__XqLOV\" translate=\"yes\">NFC-aktiverade v\u00e5rdetiketter<\/li>\n<li class=\"AnswerParser_ListItem__XqLOV\" translate=\"yes\">Bluetooth Low Energy (BLE) Asset Trackers<\/li>\n<\/ul>\n<p><span class=\"AnswerParser_TextContainer__z_Iiv\" data-testid=\"youchat-text\">Upplev kraften med RFID-teknik i din kl\u00e4daff\u00e4r. Kontakta oss nu f\u00f6r att l\u00e4ra dig hur v\u00e5ra tv\u00e4ttbara RFID-taggar kan f\u00f6r\u00e4ndra din verksamhet och ge dig en konkurrensf\u00f6rdel i den snabba modev\u00e4rlden och textilier.<\/span><\/p>\n<\/div>\n<div class=\"magic-6\">\n<div><\/div>\n<\/div>\n<\/div>\n<\/div>\n<\/div>\n<\/div>","protected":false},"excerpt":{"rendered":"<p>Processen startar med applicering av RFID-chips i kl\u00e4der p\u00e5 enskilda kl\u00e4desplagg. Dessa taggar kan skannas vid olika punkter genom hela f\u00f6rs\u00f6rjningskedjan, vilket m\u00f6jligg\u00f6r lagersp\u00e5rning i realtid, platsverifiering och r\u00f6relsesp\u00e5rning av komponenter och f\u00e4rdiga produkter. Detta system tillhandah\u00e5ller en omfattande, omedelbar mekanism f\u00f6r att hantera och \u00f6vervaka lager och produkter.<\/p>","protected":false},"featured_media":177,"template":"","meta":{"_kad_post_transparent":"default","_kad_post_title":"","_kad_post_layout":"default","_kad_post_sidebar_id":"","_kad_post_content_style":"default","_kad_post_vertical_padding":"default","_kad_post_feature":"","_kad_post_feature_position":"","_kad_post_header":false,"_kad_post_footer":false,"_kad_post_classname":""},"product_brand":[],"product_cat":[81,53],"product_tag":[87,93,83],"class_list":{"0":"post-193","1":"product","2":"type-product","3":"status-publish","4":"has-post-thumbnail","6":"product_cat-rfid-wash-care-clothing-label","7":"product_cat-rfid-clothes-tag","8":"product_tag-fabric-uhf-rfid-wash-care-tag","9":"product_tag-rfid-chips-in-clothing","10":"product_tag-rfid-wash-care-label","12":"first","13":"instock","14":"shipping-taxable","15":"product-type-simple","16":"entry","17":"content-bg","18":"loop-entry"},"_links":{"self":[{"href":"https:\/\/rfid-laundry-tag.com\/sv\/wp-json\/wp\/v2\/product\/193","targetHints":{"allow":["GET"]}}],"collection":[{"href":"https:\/\/rfid-laundry-tag.com\/sv\/wp-json\/wp\/v2\/product"}],"about":[{"href":"https:\/\/rfid-laundry-tag.com\/sv\/wp-json\/wp\/v2\/types\/product"}],"version-history":[{"count":2,"href":"https:\/\/rfid-laundry-tag.com\/sv\/wp-json\/wp\/v2\/product\/193\/revisions"}],"predecessor-version":[{"id":2652,"href":"https:\/\/rfid-laundry-tag.com\/sv\/wp-json\/wp\/v2\/product\/193\/revisions\/2652"}],"wp:featuredmedia":[{"embeddable":true,"href":"https:\/\/rfid-laundry-tag.com\/sv\/wp-json\/wp\/v2\/media\/177"}],"wp:attachment":[{"href":"https:\/\/rfid-laundry-tag.com\/sv\/wp-json\/wp\/v2\/media?parent=193"}],"wp:term":[{"taxonomy":"product_brand","embeddable":true,"href":"https:\/\/rfid-laundry-tag.com\/sv\/wp-json\/wp\/v2\/product_brand?post=193"},{"taxonomy":"product_cat","embeddable":true,"href":"https:\/\/rfid-laundry-tag.com\/sv\/wp-json\/wp\/v2\/product_cat?post=193"},{"taxonomy":"product_tag","embeddable":true,"href":"https:\/\/rfid-laundry-tag.com\/sv\/wp-json\/wp\/v2\/product_tag?post=193"}],"curies":[{"name":"wp","href":"https:\/\/api.w.org\/{rel}","templated":true}]}}