{"id":192,"date":"2024-06-16T05:58:44","date_gmt":"2024-06-16T05:58:44","guid":{"rendered":"https:\/\/rfid-laundry-tag.com\/?post_type=product&#038;p=192"},"modified":"2024-06-16T06:39:29","modified_gmt":"2024-06-16T06:39:29","slug":"uhf-rfid-paper-tags","status":"publish","type":"product","link":"https:\/\/rfid-laundry-tag.com\/sv\/uhf-rfid-paper-tags\/","title":{"rendered":"UHF RFID pappersetiketter"},"content":{"rendered":"<table class=\"has-title all magic-1\">\n<tbody>\n<tr>\n<td colspan=\"1\" rowspan=\"1\">\n<div class=\"magic-2\" data-spm-anchor-id=\"a2700.details.0.i84.7cea6afbA2IkLB\">Objektets namn<\/div>\n<\/td>\n<td colspan=\"1\" rowspan=\"1\">\n<div class=\"magic-3\">UHF RFID pappersetiketter<\/div>\n<\/td>\n<\/tr>\n<tr>\n<td colspan=\"1\" rowspan=\"1\">\n<div class=\"magic-2\">Storlek<\/div>\n<\/td>\n<td colspan=\"1\" rowspan=\"1\">\n<div class=\"magic-3\">90x40mm eller anpassad<\/div>\n<\/td>\n<\/tr>\n<tr>\n<td colspan=\"1\" rowspan=\"1\">\n<div class=\"magic-2\">Frekvens<\/div>\n<\/td>\n<td colspan=\"1\" rowspan=\"1\">\n<div class=\"magic-3\">860-960mhz<\/div>\n<\/td>\n<\/tr>\n<tr>\n<td colspan=\"1\" rowspan=\"1\">\n<div class=\"magic-2\">IC-typ (chip)<\/div>\n<\/td>\n<td colspan=\"1\" rowspan=\"1\">\n<div class=\"magic-3\">NXP Ucode 8 eller 9<\/div>\n<\/td>\n<\/tr>\n<tr>\n<td colspan=\"1\" rowspan=\"1\">\n<div class=\"magic-2\">Protokoll<\/div>\n<\/td>\n<td colspan=\"1\" rowspan=\"1\">\n<div class=\"magic-3\">ISO18000 6C<\/div>\n<\/td>\n<\/tr>\n<tr>\n<td colspan=\"1\" rowspan=\"1\">\n<div class=\"magic-4\">Minne<\/div>\n<\/td>\n<td colspan=\"1\" rowspan=\"1\">\n<div class=\"magic-3\">EPC 96 bitar<\/div>\n<\/td>\n<\/tr>\n<tr>\n<td colspan=\"1\" rowspan=\"1\">\n<div class=\"magic-2\">Material<\/div>\n<\/td>\n<td colspan=\"1\" rowspan=\"1\">\n<div class=\"magic-3\">Paper.PET ,ETC<\/div>\n<\/td>\n<\/tr>\n<tr>\n<td colspan=\"1\" rowspan=\"1\">\n<div class=\"magic-2\">Utskrift<\/div>\n<\/td>\n<td colspan=\"1\" rowspan=\"1\">\n<div class=\"magic-3\" data-spm-anchor-id=\"a2700.details.0.i85.7cea6afbA2IkLB\">Logotyp, qr-kod, streckkod, serienummer<\/div>\n<\/td>\n<\/tr>\n<tr>\n<td colspan=\"1\" rowspan=\"1\">\n<div class=\"magic-2\">Driftstemperatur<\/div>\n<\/td>\n<td colspan=\"1\" rowspan=\"1\">\n<div class=\"magic-3\">-30 \u00b0C \u2013 +80 \u00b0C<\/div>\n<\/td>\n<\/tr>\n<tr>\n<td colspan=\"1\" rowspan=\"1\">\n<div class=\"magic-2\">L\u00e4s avst\u00e5nd<\/div>\n<\/td>\n<td colspan=\"1\" rowspan=\"1\">\n<div class=\"magic-3\">Upp till 15m<\/div>\n<\/td>\n<\/tr>\n<tr>\n<td colspan=\"1\" rowspan=\"1\">\n<div class=\"magic-5\">Fixar till<\/div>\n<\/td>\n<td colspan=\"1\" rowspan=\"1\">\n<div class=\"magic-3\">Linne och plagg<\/div>\n<\/td>\n<\/tr>\n<tr>\n<td colspan=\"1\" rowspan=\"1\">\n<div class=\"magic-4\">IP-betyg<\/div>\n<\/td>\n<td colspan=\"1\" rowspan=\"1\">\n<div class=\"magic-3\">IP67<\/div>\n<\/td>\n<\/tr>\n<tr>\n<td colspan=\"1\" rowspan=\"1\">\n<div class=\"magic-4\">F\u00e4rg<\/div>\n<\/td>\n<td colspan=\"1\" rowspan=\"1\">\n<div class=\"magic-3\">Vit<\/div>\n<\/td>\n<\/tr>\n<\/tbody>\n<\/table>\n<div class=\"auto-hide-last-sibling-br paragraph_1252f paragraph-element\">\n<div><\/div>\n<div class=\"auto-hide-last-sibling-br paragraph_1252f paragraph-element\">UHF RFID-pappersetiketter \u00e4r en integrerad del av detaljhandeln och erbjuder l\u00f6sningar f\u00f6r omfattande lagerhantering, st\u00f6ldskydd och f\u00f6rfining av processer i f\u00f6rs\u00f6rjningskedjan.<\/div>\n<p><br class=\"container_e695a wrapper_ad07b undefined\" \/><\/p>\n<div class=\"auto-hide-last-sibling-br paragraph_1252f paragraph-element\">I ett f\u00f6rs\u00f6k att f\u00f6rb\u00e4ttra sina lagerhanteringsstrategier f\u00e4ster \u00e5terf\u00f6rs\u00e4ljare RFID-taggar p\u00e5 enskilda kl\u00e4desplagg. Dessa taggar \u00e4r kompatibla med RFID-l\u00e4sare. De kan skannas snabbt och exakt, vilket avsev\u00e4rt \u00f6kar b\u00e5de hastigheten och effektiviteten i lagerutv\u00e4rderingar.<\/div>\n<\/div>\n<p>&nbsp;<\/p>\n<div class=\"auto-hide-last-sibling-br paragraph_1252f paragraph-element\">H\u00e4r \u00e4r n\u00e5gra anm\u00e4rkningsv\u00e4rda f\u00f6rdelar med att anv\u00e4nda RFID kl\u00e4detiketter:<\/div>\n<div class=\"auto-hide-last-sibling-br paragraph_1252f paragraph-element\">F\u00f6rlustf\u00f6rebyggande: Dessa taggar ger en robust st\u00f6ldf\u00f6rebyggande \u00e5tg\u00e4rd. Om ett taggat f\u00f6rem\u00e5l r\u00f6r sig f\u00f6rbi en utg\u00e5ng utan avaktivering utl\u00f6ses ett larm som meddelar butikspersonalen om en m\u00f6jlig st\u00f6ldincident.<\/div>\n<div class=\"auto-hide-last-sibling-br paragraph_1252f paragraph-element\"><\/div>\n<div><\/div>\n<div>\n<div class=\"auto-hide-last-sibling-br paragraph_1252f paragraph-element\">UHF RFID Paper Hang Tags har den sp\u00e4nnande potentialen att revolutionera verksamhet inom branscher som Garment Retail Management, Apparel Inventory Management och Clothing Supply Chain Management.<\/div>\n<p>&nbsp;<\/p>\n<div class=\"auto-hide-last-sibling-br paragraph_1252f paragraph-element\"><\/div>\n<\/div>\n<p>&nbsp;<\/p>\n<p>&nbsp;<\/p>","protected":false},"excerpt":{"rendered":"<div class=\"auto-hide-last-sibling-br paragraph_1252f paragraph-element\">\n<div class=\"auto-hide-last-sibling-br paragraph_1252f paragraph-element\">\n<div class=\"auto-hide-last-sibling-br paragraph_1252f paragraph-element\">UHF RFID-pappersetiketter fungerar som ett revolutionerande verktyg f\u00f6r att effektivisera lagerkontroll, s\u00e4rskilt inom kl\u00e4dindustrin. \u00c5terf\u00f6rs\u00e4ljare och plaggtillverkare tycker att dessa taggar \u00e4r s\u00e4rskilt f\u00f6rdelaktiga eftersom de underl\u00e4ttar ett effektivt sp\u00e5rningssystem.<\/div>\n<div class=\"auto-hide-last-sibling-br paragraph_1252f paragraph-element\">Dessa taggar, som best\u00e5r av ett centralt UHF RFID-chip omslutet i papper, m\u00f6jligg\u00f6r fj\u00e4rravl\u00e4sning av lager, vilket avsev\u00e4rt f\u00f6renklar lagerhanteringsprocessen. Vi tillhandah\u00e5ller dessa taggar i en rad olika m\u00f6nster och storlekar skr\u00e4ddarsydda f\u00f6r varje kunds unika behov.<\/div>\n<\/div>\n<\/div>","protected":false},"featured_media":194,"template":"","meta":{"_kad_post_transparent":"default","_kad_post_title":"","_kad_post_layout":"default","_kad_post_sidebar_id":"","_kad_post_content_style":"default","_kad_post_vertical_padding":"default","_kad_post_feature":"","_kad_post_feature_position":"","_kad_post_header":false,"_kad_post_footer":false,"_kad_post_classname":""},"product_brand":[],"product_cat":[53],"product_tag":[92,89,91,94],"class_list":{"0":"post-192","1":"product","2":"type-product","3":"status-publish","4":"has-post-thumbnail","6":"product_cat-rfid-clothes-tag","7":"product_tag-paper-rfid-clothes-tag","8":"product_tag-rfid-clothing-tags","9":"product_tag-uhf-rfid-paper-hang-tags","10":"product_tag-uhf-rfid-paper-tags","12":"first","13":"instock","14":"shipping-taxable","15":"product-type-simple","16":"entry","17":"content-bg","18":"loop-entry"},"_links":{"self":[{"href":"https:\/\/rfid-laundry-tag.com\/sv\/wp-json\/wp\/v2\/product\/192","targetHints":{"allow":["GET"]}}],"collection":[{"href":"https:\/\/rfid-laundry-tag.com\/sv\/wp-json\/wp\/v2\/product"}],"about":[{"href":"https:\/\/rfid-laundry-tag.com\/sv\/wp-json\/wp\/v2\/types\/product"}],"version-history":[{"count":0,"href":"https:\/\/rfid-laundry-tag.com\/sv\/wp-json\/wp\/v2\/product\/192\/revisions"}],"wp:featuredmedia":[{"embeddable":true,"href":"https:\/\/rfid-laundry-tag.com\/sv\/wp-json\/wp\/v2\/media\/194"}],"wp:attachment":[{"href":"https:\/\/rfid-laundry-tag.com\/sv\/wp-json\/wp\/v2\/media?parent=192"}],"wp:term":[{"taxonomy":"product_brand","embeddable":true,"href":"https:\/\/rfid-laundry-tag.com\/sv\/wp-json\/wp\/v2\/product_brand?post=192"},{"taxonomy":"product_cat","embeddable":true,"href":"https:\/\/rfid-laundry-tag.com\/sv\/wp-json\/wp\/v2\/product_cat?post=192"},{"taxonomy":"product_tag","embeddable":true,"href":"https:\/\/rfid-laundry-tag.com\/sv\/wp-json\/wp\/v2\/product_tag?post=192"}],"curies":[{"name":"wp","href":"https:\/\/api.w.org\/{rel}","templated":true}]}}