{"id":190,"date":"2024-06-16T05:17:47","date_gmt":"2024-06-16T05:17:47","guid":{"rendered":"https:\/\/rfid-laundry-tag.com\/?post_type=product&#038;p=190"},"modified":"2024-07-06T08:07:23","modified_gmt":"2024-07-06T08:07:23","slug":"paper-rfid-clothes-tag","status":"publish","type":"product","link":"https:\/\/rfid-laundry-tag.com\/sv\/paper-rfid-clothes-tag\/","title":{"rendered":"Pappers RFID kl\u00e4detikett"},"content":{"rendered":"<table class=\"has-title all magic-1\">\n<tbody>\n<tr>\n<td colspan=\"1\" rowspan=\"1\">\n<div class=\"magic-2\" data-spm-anchor-id=\"a2700.details.0.i84.7cea6afbA2IkLB\">Objektets namn<\/div>\n<\/td>\n<td colspan=\"1\" rowspan=\"1\">\n<div class=\"magic-3\">Pappers RFID kl\u00e4detikett<\/div>\n<\/td>\n<\/tr>\n<tr>\n<td colspan=\"1\" rowspan=\"1\">\n<div class=\"magic-2\">Storlek<\/div>\n<\/td>\n<td colspan=\"1\" rowspan=\"1\">\n<div class=\"magic-3\">90x40mm eller anpassad<\/div>\n<\/td>\n<\/tr>\n<tr>\n<td colspan=\"1\" rowspan=\"1\">\n<div class=\"magic-2\">Frekvens<\/div>\n<\/td>\n<td colspan=\"1\" rowspan=\"1\">\n<div class=\"magic-3\">860-960mhz<\/div>\n<\/td>\n<\/tr>\n<tr>\n<td colspan=\"1\" rowspan=\"1\">\n<div class=\"magic-2\">IC-typ (chip)<\/div>\n<\/td>\n<td colspan=\"1\" rowspan=\"1\">\n<div class=\"magic-3\">NXP Ucode 8 eller 9<\/div>\n<\/td>\n<\/tr>\n<tr>\n<td colspan=\"1\" rowspan=\"1\">\n<div class=\"magic-2\">Protokoll<\/div>\n<\/td>\n<td colspan=\"1\" rowspan=\"1\">\n<div class=\"magic-3\">ISO18000 6C<\/div>\n<\/td>\n<\/tr>\n<tr>\n<td colspan=\"1\" rowspan=\"1\">\n<div class=\"magic-4\">Minne<\/div>\n<\/td>\n<td colspan=\"1\" rowspan=\"1\">\n<div class=\"magic-3\">EPC 96 bitar<\/div>\n<\/td>\n<\/tr>\n<tr>\n<td colspan=\"1\" rowspan=\"1\">\n<div class=\"magic-2\">Material<\/div>\n<\/td>\n<td colspan=\"1\" rowspan=\"1\">\n<div class=\"magic-3\">Paper.PET ,ETC<\/div>\n<\/td>\n<\/tr>\n<tr>\n<td colspan=\"1\" rowspan=\"1\">\n<div class=\"magic-2\">Utskrift<\/div>\n<\/td>\n<td colspan=\"1\" rowspan=\"1\">\n<div class=\"magic-3\" data-spm-anchor-id=\"a2700.details.0.i85.7cea6afbA2IkLB\">Logotyp, qr-kod, streckkod, serienummer<\/div>\n<\/td>\n<\/tr>\n<tr>\n<td colspan=\"1\" rowspan=\"1\">\n<div class=\"magic-2\">Driftstemperatur<\/div>\n<\/td>\n<td colspan=\"1\" rowspan=\"1\">\n<div class=\"magic-3\">-30 \u00b0C \u2013 +80 \u00b0C<\/div>\n<\/td>\n<\/tr>\n<tr>\n<td colspan=\"1\" rowspan=\"1\">\n<div class=\"magic-2\">L\u00e4s avst\u00e5nd<\/div>\n<\/td>\n<td colspan=\"1\" rowspan=\"1\">\n<div class=\"magic-3\">Upp till 15m<\/div>\n<\/td>\n<\/tr>\n<tr>\n<td colspan=\"1\" rowspan=\"1\">\n<div class=\"magic-5\">Fixar till<\/div>\n<\/td>\n<td colspan=\"1\" rowspan=\"1\">\n<div class=\"magic-3\">Linne och plagg<\/div>\n<\/td>\n<\/tr>\n<tr>\n<td colspan=\"1\" rowspan=\"1\">\n<div class=\"magic-4\">IP-betyg<\/div>\n<\/td>\n<td colspan=\"1\" rowspan=\"1\">\n<div class=\"magic-3\">IP67<\/div>\n<\/td>\n<\/tr>\n<tr>\n<td colspan=\"1\" rowspan=\"1\">\n<div class=\"magic-4\">F\u00e4rg<\/div>\n<\/td>\n<td colspan=\"1\" rowspan=\"1\">\n<div class=\"magic-3\">Vit<\/div>\n<\/td>\n<\/tr>\n<\/tbody>\n<\/table>\n<div><\/div>\n<div>Dessa taggar \u00e4r tillverkade av papper med ett centralt UHF RFID-chip och underl\u00e4ttar fj\u00e4rrskanning. V\u00e5ra RFID-taggar finns f\u00f6r n\u00e4rvarande i en m\u00e4ngd olika m\u00f6nster och dimensioner, och kan \u00e4ven prydas med personliga konstverk. Den h\u00e4r funktionen g\u00f6r att taggarna fungerar som varum\u00e4rkesfordon utan att kompromissa med deras k\u00e4rnsyfte.<\/div>\n<div><\/div>\n<div class=\"auto-hide-last-sibling-br paragraph_1252f paragraph-element\">RFID kl\u00e4detiketter spelar en viktig roll i detaljhandeln och tj\u00e4nar en m\u00e4ngd funktioner fr\u00e5n lagerhantering och st\u00f6ldf\u00f6rebyggande till optimering av leveranskedjan.<\/div>\n<p>&nbsp;<\/p>\n<div class=\"auto-hide-last-sibling-br paragraph_1252f paragraph-element\">F\u00f6r att hantera sitt lager mer effektivt s\u00e4tter \u00e5terf\u00f6rs\u00e4ljare en RFID-tagg p\u00e5 varje kl\u00e4desplagg. Dessa taggar kan snabbt och exakt skannas med RFID-l\u00e4sare, vilket drastiskt f\u00f6rb\u00e4ttrar hastigheten och effektiviteten i lagerr\u00e4kningar.<\/div>\n<p>&nbsp;<\/p>\n<div class=\"auto-hide-last-sibling-br paragraph_1252f paragraph-element\">H\u00e4r \u00e4r n\u00e5gra anm\u00e4rkningsv\u00e4rda f\u00f6rdelar med att anv\u00e4nda RFID kl\u00e4detiketter:<\/div>\n<div class=\"auto-hide-last-sibling-br paragraph_1252f paragraph-element\">F\u00f6rlustf\u00f6rebyggande: Dessa taggar ger en robust st\u00f6ldf\u00f6rebyggande \u00e5tg\u00e4rd. Om ett taggat f\u00f6rem\u00e5l r\u00f6r sig f\u00f6rbi en utg\u00e5ng utan avaktivering utl\u00f6ses ett larm som meddelar butikspersonalen om en m\u00f6jlig st\u00f6ldincident.<\/div>\n<p>&nbsp;<\/p>\n<div class=\"auto-hide-last-sibling-br paragraph_1252f paragraph-element\">Supply Chain Optimization: B\u00e4ttre synlighet och sp\u00e5rning av kl\u00e4desplagg genom hela leveranskedjan uppn\u00e5s med hj\u00e4lp av RFID-taggar. Denna realtids\u00f6vervakning till\u00e5ter tillverkare, distribut\u00f6rer och \u00e5terf\u00f6rs\u00e4ljare att f\u00f6rb\u00e4ttra logistik och lagerkontroll.<\/div>\n<div class=\"auto-hide-last-sibling-br paragraph_1252f paragraph-element\">Taggplacering: M\u00e5ngsidighet \u00e4r ett stort plus med RFID-taggar. De kan sys in i plagget, s\u00e4ttas in i en etikett eller h\u00e4ngetikett eller inkorporeras i specialiserade s\u00e4kerhetsetiketter.<\/div>\n<div class=\"auto-hide-last-sibling-br paragraph_1252f paragraph-element\">Tagvarianter: RFID-taggar finns i olika varianter, inklusive passiva och aktiva taggar. Passiva taggar \u00e4r beroende av energi fr\u00e5n RFID-l\u00e4saren f\u00f6r att \u00f6verf\u00f6ra data. D\u00e4remot har aktiva taggar sin egen str\u00f6mk\u00e4lla, vilket g\u00f6r att de kan \u00f6verf\u00f6ra data \u00f6ver l\u00e4ngre avst\u00e5nd.<\/div>\n<div class=\"auto-hide-last-sibling-br paragraph_1252f paragraph-element\">Datas\u00e4kerhet: Kundernas integritet \u00e4r en prioritet med RFID-system. F\u00f6r att f\u00f6rhindra obeh\u00f6rig \u00e5tkomst till k\u00e4nslig information anv\u00e4nds ofta krypterings- och autentiseringsprotokoll.<\/div>\n<div><\/div>\n<div>\n<div class=\"auto-hide-last-sibling-br paragraph_1252f paragraph-element\">UHF RFID Paper Hang Tags har den sp\u00e4nnande potentialen att revolutionera verksamhet inom branscher som Garment Retail Management, Apparel Inventory Management och Clothing Supply Chain Management.<\/div>\n<p>&nbsp;<\/p>\n<div class=\"auto-hide-last-sibling-br paragraph_1252f paragraph-element\">Implementeringen av dessa taggar leder till en boom i effektivitet \u2013 du beh\u00f6ver inte l\u00e4ngre tilldela manuella timmar f\u00f6r lagerr\u00e4kning eller sp\u00e5rning av f\u00f6rs\u00e4ndelser. RFID-tekniken g\u00f6r det \u00e5t dig, exakt och snabbt, vilket g\u00f6r att ditt team kan fokusera p\u00e5 andra viktiga uppgifter.<\/div>\n<p>&nbsp;<\/p>\n<div class=\"auto-hide-last-sibling-br paragraph_1252f paragraph-element\">F\u00f6rb\u00e4ttrad noggrannhet \u00e4r en annan betydande f\u00f6rdel med v\u00e5ra RFID-taggar. Risken f\u00f6r m\u00e4nskliga fel vid manuell sp\u00e5rning och inmatning av data begr\u00e4nsas effektivt med dessa automatiserade taggar. Denna \u00f6kade noggrannhet i datainsamlingen leder till mer exakta insikter, vilket underl\u00e4ttar effektivt beslutsfattande i din aff\u00e4rsverksamhet.<\/div>\n<p>&nbsp;<\/p>\n<div class=\"auto-hide-last-sibling-br paragraph_1252f paragraph-element\">H\u00f6gre effektivitet och noggrannhet effektiviserar tillsammans din verksamhet och leder till \u00f6kad l\u00f6nsamhet. Genom att investera i v\u00e5ra UHF RFID Paper Hang Tags f\u00f6rb\u00e4ttrar du inte bara din nuvarande operativa effektivitet utan s\u00e4kerst\u00e4ller ocks\u00e5 h\u00e5llbar, l\u00f6nsam tillv\u00e4xt f\u00f6r ditt f\u00f6retag p\u00e5 l\u00e5ng sikt.<\/div>\n<\/div>\n<p>&nbsp;<\/p>\n<p>&nbsp;<\/p>","protected":false},"excerpt":{"rendered":"<div class=\"auto-hide-last-sibling-br paragraph_1252f paragraph-element\">\n<div class=\"auto-hide-last-sibling-br paragraph_1252f paragraph-element\">\u00a0RFID Paper Clothing Tags erbjuder en dynamisk l\u00f6sning f\u00f6r att \u00f6vervaka och kontrollera lager i kl\u00e4dsektorn. Dessa taggar anv\u00e4nds fr\u00e4mst i butiker och kl\u00e4dfabriker och m\u00f6jligg\u00f6r effektiv sp\u00e5rning av kl\u00e4desplagg.<\/div>\n<p>&nbsp;<\/p>\n<div class=\"auto-hide-last-sibling-br paragraph_1252f paragraph-element\"><\/div>\n<\/div>","protected":false},"featured_media":191,"template":"","meta":{"_kad_post_transparent":"default","_kad_post_title":"","_kad_post_layout":"default","_kad_post_sidebar_id":"","_kad_post_content_style":"default","_kad_post_vertical_padding":"default","_kad_post_feature":"","_kad_post_feature_position":"","_kad_post_header":false,"_kad_post_footer":false,"_kad_post_classname":""},"product_brand":[],"product_cat":[53],"product_tag":[92,89,91],"class_list":{"0":"post-190","1":"product","2":"type-product","3":"status-publish","4":"has-post-thumbnail","6":"product_cat-rfid-clothes-tag","7":"product_tag-paper-rfid-clothes-tag","8":"product_tag-rfid-clothing-tags","9":"product_tag-uhf-rfid-paper-hang-tags","11":"first","12":"instock","13":"shipping-taxable","14":"product-type-simple","15":"entry","16":"content-bg","17":"loop-entry"},"_links":{"self":[{"href":"https:\/\/rfid-laundry-tag.com\/sv\/wp-json\/wp\/v2\/product\/190","targetHints":{"allow":["GET"]}}],"collection":[{"href":"https:\/\/rfid-laundry-tag.com\/sv\/wp-json\/wp\/v2\/product"}],"about":[{"href":"https:\/\/rfid-laundry-tag.com\/sv\/wp-json\/wp\/v2\/types\/product"}],"version-history":[{"count":0,"href":"https:\/\/rfid-laundry-tag.com\/sv\/wp-json\/wp\/v2\/product\/190\/revisions"}],"wp:featuredmedia":[{"embeddable":true,"href":"https:\/\/rfid-laundry-tag.com\/sv\/wp-json\/wp\/v2\/media\/191"}],"wp:attachment":[{"href":"https:\/\/rfid-laundry-tag.com\/sv\/wp-json\/wp\/v2\/media?parent=190"}],"wp:term":[{"taxonomy":"product_brand","embeddable":true,"href":"https:\/\/rfid-laundry-tag.com\/sv\/wp-json\/wp\/v2\/product_brand?post=190"},{"taxonomy":"product_cat","embeddable":true,"href":"https:\/\/rfid-laundry-tag.com\/sv\/wp-json\/wp\/v2\/product_cat?post=190"},{"taxonomy":"product_tag","embeddable":true,"href":"https:\/\/rfid-laundry-tag.com\/sv\/wp-json\/wp\/v2\/product_tag?post=190"}],"curies":[{"name":"wp","href":"https:\/\/api.w.org\/{rel}","templated":true}]}}