{"id":183,"date":"2024-06-15T17:11:39","date_gmt":"2024-06-15T17:11:39","guid":{"rendered":"https:\/\/rfid-laundry-tag.com\/?post_type=product&#038;p=183"},"modified":"2024-06-15T17:22:58","modified_gmt":"2024-06-15T17:22:58","slug":"fabric-uhf-rfid-wash-care-tag","status":"publish","type":"product","link":"https:\/\/rfid-laundry-tag.com\/sv\/fabric-uhf-rfid-wash-care-tag\/","title":{"rendered":"Tyg UHF RFID Wash Care tag"},"content":{"rendered":"<div class=\"J_module\">\n<div class=\"ife-detail-decorate-table\">\n<table class=\"hight-light-first-column all magic-14\">\n<tbody>\n<tr>\n<td colspan=\"1\" rowspan=\"1\">\n<div class=\"magic-15\" data-spm-anchor-id=\"a2700.details.0.i95.236a58c1ycsfva\">Produktionsnamn:<\/div>\n<\/td>\n<td colspan=\"1\" rowspan=\"1\">\n<div class=\"magic-16\">Tyg UHF RFID Wash Care tag<\/div>\n<\/td>\n<\/tr>\n<tr>\n<td colspan=\"1\" rowspan=\"1\">\n<div class=\"magic-15\"><span class=\"magic-17\">Material:<\/span><\/div>\n<\/td>\n<td colspan=\"1\" rowspan=\"1\">\n<div class=\"magic-16\">Polyester\/sammans\u00e4ttning\/sat\u00e4ng\/bomull\/non-woven\/PET etc.<\/div>\n<\/td>\n<\/tr>\n<tr>\n<td colspan=\"1\" rowspan=\"1\">\n<div class=\"magic-15\"><span class=\"magic-17\">Storlek:<\/span><\/div>\n<\/td>\n<td colspan=\"1\" rowspan=\"1\">\n<div class=\"magic-16\"><span class=\"magic-17\">80*38mm\/60*30mm eller anpassad<\/span><\/div>\n<\/td>\n<\/tr>\n<tr>\n<td colspan=\"1\" rowspan=\"1\">\n<div class=\"magic-15\"><span class=\"magic-17\">Typ:<\/span><\/div>\n<\/td>\n<td colspan=\"1\" rowspan=\"1\">\n<div class=\"magic-16\"><span class=\"magic-17\">Passiv, RFID<\/span><\/div>\n<\/td>\n<\/tr>\n<tr>\n<td colspan=\"1\" rowspan=\"1\">\n<div class=\"magic-15\">RF-protokoll:<\/div>\n<\/td>\n<td colspan=\"1\" rowspan=\"1\">\n<div class=\"magic-16\">ISO 18000-6C; EPC klass 1 Gen 2<\/div>\n<\/td>\n<\/tr>\n<tr>\n<td colspan=\"1\" rowspan=\"1\">\n<div class=\"magic-15\"><span class=\"magic-17\">Frekvens:<\/span><\/div>\n<\/td>\n<td colspan=\"1\" rowspan=\"1\">\n<div class=\"magic-16\"><span class=\"magic-17\">860~960MHz<\/span><\/div>\n<\/td>\n<\/tr>\n<tr>\n<td colspan=\"1\" rowspan=\"1\">\n<div class=\"magic-15\">Chips<\/div>\n<\/td>\n<td colspan=\"1\" rowspan=\"1\">\n<div class=\"magic-16\">Alien Higgs, Monza 3, Monza 4D, Monza 4QT, Monza R6, Monza R6-P, Impinj M730, Impinj M750 etc.<\/div>\n<\/td>\n<\/tr>\n<tr>\n<td colspan=\"1\" rowspan=\"1\">\n<div class=\"magic-15\"><span class=\"magic-17\">L\u00e4s avst\u00e5nd:<\/span><\/div>\n<\/td>\n<td colspan=\"1\" rowspan=\"1\">\n<div class=\"magic-16\"><span class=\"magic-17\">UHF: 1~10m (beror p\u00e5 l\u00e4saren och antennen)<\/span><\/div>\n<\/td>\n<\/tr>\n<tr>\n<td colspan=\"1\" rowspan=\"1\">\n<div class=\"magic-15\"><span class=\"magic-17\">Fast s\u00e4tt:<\/span><\/div>\n<\/td>\n<td colspan=\"1\" rowspan=\"1\">\n<div class=\"magic-16\"><span class=\"magic-17\">Sy \/ stryka<\/span><\/div>\n<\/td>\n<\/tr>\n<tr>\n<td colspan=\"1\" rowspan=\"1\">\n<div class=\"magic-15\"><span class=\"magic-17\">Utskrift:<\/span><\/div>\n<\/td>\n<td colspan=\"1\" rowspan=\"1\">\n<div class=\"magic-16\"><span class=\"magic-17\">Utskrift, kodning, serienummer, design, etc.<\/span><\/div>\n<\/td>\n<\/tr>\n<tr>\n<td colspan=\"1\" rowspan=\"1\">\n<div class=\"magic-15\"><span class=\"magic-17\">IC-liv:<\/span><\/div>\n<\/td>\n<td colspan=\"1\" rowspan=\"1\">\n<div class=\"magic-16\" data-spm-anchor-id=\"a2700.details.0.i94.236a58c1ycsfva\"><span class=\"magic-17\">100 000 programmeringscykler<br \/>\n10 \u00e5rs datalagring<\/span><\/div>\n<\/td>\n<\/tr>\n<tr>\n<td colspan=\"1\" rowspan=\"1\">\n<div class=\"magic-15\"><span class=\"magic-17\">Exempeltillg\u00e4nglighet:<\/span><\/div>\n<\/td>\n<td colspan=\"1\" rowspan=\"1\">\n<div class=\"magic-16\"><span class=\"magic-17\">Gratis prover finns tillg\u00e4ngliga p\u00e5 beg\u00e4ran<\/span><\/div>\n<\/td>\n<\/tr>\n<tr>\n<td colspan=\"1\" rowspan=\"1\">\n<div class=\"magic-15\"><span class=\"magic-17\">Applikationer:\u00a0<\/span><\/div>\n<\/td>\n<td colspan=\"1\" rowspan=\"1\">\n<div class=\"magic-16\"><span class=\"magic-17\">\u00b7 Lagerhantering<br \/>\n\u00b7 Supply Chain<br \/>\n\u00b7 Detaljhandel<\/span><\/div>\n<\/td>\n<\/tr>\n<tr>\n<td colspan=\"1\" rowspan=\"1\">\n<div class=\"magic-15\"><span class=\"magic-17\">Anv\u00e4nda<\/span><\/div>\n<\/td>\n<td colspan=\"1\" rowspan=\"1\">\n<div class=\"magic-16\"><span class=\"magic-17\">Plagg, kl\u00e4der, v\u00e4skor, skor, etc.<\/span><\/div>\n<\/td>\n<\/tr>\n<\/tbody>\n<\/table>\n<\/div>\n<\/div>\n<div class=\"J_module\">\n<div class=\"detail-decorate-json-renderer-container\">\n<div class=\"magic-1\">\n<div class=\"magic-5\">\n<div class=\"magic-6\">\n<div><\/div>\n<\/div>\n<div>\n<div class=\"auto-hide-last-sibling-br paragraph_1252f paragraph-element\">\n<div class=\"auto-hide-last-sibling-br paragraph_1252f paragraph-element\">\n<div class=\"auto-hide-last-sibling-br paragraph_1252f paragraph-element\">\n<div class=\"auto-hide-last-sibling-br paragraph_1252f paragraph-element\">V\u00e5r<strong> Tyg UHF RFID Wash Care tag<\/strong> \u00e4r en revolutionerande l\u00f6sning som kombinerar traditionella plaggv\u00e5rdsetiketter med banbrytande RFID-teknik. Designade f\u00f6r att uppfylla ISO18000-6C EPC Class 1 Gen2-standarder, dessa taggar kapslar in ett passivt UHF 860-960 MHz RFID-inl\u00e4gg.<\/div>\n<p><br class=\"container_e695a wrapper_ad07b undefined\" \/><\/p>\n<div class=\"auto-hide-last-sibling-br paragraph_1252f paragraph-element\"><strong>H\u00f6jdpunkter:<\/strong><\/div>\n<p><br class=\"container_e695a wrapper_ad07b undefined\" \/><\/p>\n<ol class=\"auto-hide-last-sibling-br\">\n<li>Olika material: Dessa taggar kan tillverkas av m\u00e5nga material, inklusive v\u00e4vda tyger till band, vilket erbjuder flexibilitet i design och anv\u00e4ndning.<\/li>\n<li>H\u00e5llbarhet: En grundl\u00e4ggande egenskap hos dessa taggar \u00e4r deras motst\u00e5ndskraft. De har motst\u00e5ndskraft mot strykning och tv\u00e4tt, vilket s\u00e4kerst\u00e4ller kontinuerlig prestanda och l\u00e4sbarhet, \u00e4ven efter upprepade tv\u00e4ttcykler.<\/li>\n<li>Yttryck: Vi kan skriva ut p\u00e5 ytan av dessa etiketter s\u00e5 att de kan visa konventionell information som sk\u00f6tselinstruktioner, storlek, tyginneh\u00e5ll, varum\u00e4rke och mer.<\/li>\n<li>Storlek och f\u00f6rpackningsm\u00e5ngsidighet: V\u00e5ra RFID-v\u00e5rdtaggar finns i ett brett utbud av storlekar f\u00f6r att passa olika kl\u00e4dstilar och anv\u00e4ndningskrav. De erbjuder ocks\u00e5 flexibla f\u00f6rpackningsalternativ f\u00f6r ett brett spektrum av applikationer.<\/li>\n<li>Sy p\u00e5 kl\u00e4der: N\u00e4r dessa RFID-etiketter v\u00e4l har sytts p\u00e5 kl\u00e4der ers\u00e4tter de effektivt traditionella tv\u00e4ttetiketter. De f\u00f6rblir f\u00e4sta vid plagget under dess livsl\u00e4ngd, vilket ger effektiv l\u00e5ngsiktig sp\u00e5rning och hantering.<\/li>\n<\/ol>\n<p><br class=\"container_e695a wrapper_ad07b undefined\" \/><\/p>\n<div class=\"auto-hide-last-sibling-br paragraph_1252f paragraph-element\"><strong>F\u00f6rdelar:<\/strong><\/div>\n<p><br class=\"container_e695a wrapper_ad07b undefined\" \/><\/p>\n<ul class=\"auto-hide-last-sibling-br\">\n<li>Vi har l\u00e5ng erfarenhet av RFID-tillverkning, vilket s\u00e4kerst\u00e4ller skr\u00e4ddarsydda produktl\u00f6sningar f\u00f6r v\u00e5ra kunder.<\/li>\n<li>Vi lovar snabb orderuppfyllelse, \u00e4ven f\u00f6r stora volymer.<\/li>\n<li>Vi \u00e4r experter p\u00e5 att hantera variabla dataprocesser, inklusive QR-koder, streckkoder, sekventiell numrering och chipkodning.<\/li>\n<li>Vi tillgodoser unika kundf\u00f6rfr\u00e5gningar och erbjuder en rad RFID-v\u00e5rdetiketter fr\u00e5n ultramjuk satin och robust nylon till elegant taft, lyxigt siden och till och med vattent\u00e4ta tv\u00e4ttetiketter.<\/li>\n<\/ul>\n<\/div>\n<\/div>\n<p>&nbsp;<\/p>\n<\/div>\n<\/div>\n<div class=\"magic-6\">\n<div><\/div>\n<\/div>\n<\/div>\n<\/div>\n<\/div>\n<\/div>","protected":false},"excerpt":{"rendered":"<p>Tyg UHF RFID tv\u00e4ttv\u00e5rdsetikett \u00e4r designad f\u00f6r att h\u00e5lla genom ett plaggs livscykel, vilket ger effektiv sp\u00e5rning av varje f\u00f6rem\u00e5l fr\u00e5n produktion till f\u00f6rvaring, f\u00f6rs\u00e4ljning och eventuellt \u00e4ven efter f\u00f6rs\u00e4ljningen. Deras exceptionella motst\u00e5ndskraft mot rigor\u00f6sa tv\u00e4ttcykler, strykning och dagligt slitage g\u00f6r dessa RFID-etiketter till ett robust svar p\u00e5 traditionella lagerutmaningar.<\/p>","protected":false},"featured_media":184,"template":"","meta":{"_kad_post_transparent":"default","_kad_post_title":"","_kad_post_layout":"default","_kad_post_sidebar_id":"","_kad_post_content_style":"default","_kad_post_vertical_padding":"default","_kad_post_feature":"","_kad_post_feature_position":"","_kad_post_header":false,"_kad_post_footer":false,"_kad_post_classname":""},"product_brand":[],"product_cat":[81],"product_tag":[87,85,83],"class_list":{"0":"post-183","1":"product","2":"type-product","3":"status-publish","4":"has-post-thumbnail","6":"product_cat-rfid-wash-care-clothing-label","7":"product_tag-fabric-uhf-rfid-wash-care-tag","8":"product_tag-laundry-rfid-wash-care-label","9":"product_tag-rfid-wash-care-label","11":"first","12":"instock","13":"shipping-taxable","14":"product-type-simple","15":"entry","16":"content-bg","17":"loop-entry"},"_links":{"self":[{"href":"https:\/\/rfid-laundry-tag.com\/sv\/wp-json\/wp\/v2\/product\/183","targetHints":{"allow":["GET"]}}],"collection":[{"href":"https:\/\/rfid-laundry-tag.com\/sv\/wp-json\/wp\/v2\/product"}],"about":[{"href":"https:\/\/rfid-laundry-tag.com\/sv\/wp-json\/wp\/v2\/types\/product"}],"version-history":[{"count":0,"href":"https:\/\/rfid-laundry-tag.com\/sv\/wp-json\/wp\/v2\/product\/183\/revisions"}],"wp:featuredmedia":[{"embeddable":true,"href":"https:\/\/rfid-laundry-tag.com\/sv\/wp-json\/wp\/v2\/media\/184"}],"wp:attachment":[{"href":"https:\/\/rfid-laundry-tag.com\/sv\/wp-json\/wp\/v2\/media?parent=183"}],"wp:term":[{"taxonomy":"product_brand","embeddable":true,"href":"https:\/\/rfid-laundry-tag.com\/sv\/wp-json\/wp\/v2\/product_brand?post=183"},{"taxonomy":"product_cat","embeddable":true,"href":"https:\/\/rfid-laundry-tag.com\/sv\/wp-json\/wp\/v2\/product_cat?post=183"},{"taxonomy":"product_tag","embeddable":true,"href":"https:\/\/rfid-laundry-tag.com\/sv\/wp-json\/wp\/v2\/product_tag?post=183"}],"curies":[{"name":"wp","href":"https:\/\/api.w.org\/{rel}","templated":true}]}}