{"id":1785,"date":"2024-09-02T08:15:43","date_gmt":"2024-09-02T08:15:43","guid":{"rendered":"https:\/\/rfid-laundry-tag.com\/?post_type=product&#038;p=1785"},"modified":"2024-09-08T04:11:02","modified_gmt":"2024-09-08T04:11:02","slug":"uhf-rfid-label-tag-led-flash-light-location-for-library-management","status":"publish","type":"product","link":"https:\/\/rfid-laundry-tag.com\/sv\/uhf-rfid-label-tag-led-flash-light-location-for-library-management\/","title":{"rendered":"UHF RFID-etikett Tag LED-blixt Ljusplats F\u00f6r bibliotekshantering"},"content":{"rendered":"<div data-elementor-type=\"product-post\" data-elementor-id=\"1785\" class=\"elementor elementor-1785\" data-elementor-settings=\"{&quot;ha_cmc_init_switcher&quot;:&quot;no&quot;}\" data-elementor-post-type=\"product\">\n\t\t\t\t<div class=\"elementor-element elementor-element-1c13a178 e-flex e-con-boxed e-con e-parent\" data-id=\"1c13a178\" data-element_type=\"container\" data-e-type=\"container\" data-settings=\"{&quot;_ha_eqh_enable&quot;:false}\">\n\t\t\t\t\t<div class=\"e-con-inner\">\n\t\t\t\t<div class=\"elementor-element elementor-element-7e836d6a elementor-widget elementor-widget-text-editor\" data-id=\"7e836d6a\" data-element_type=\"widget\" data-e-type=\"widget\" data-widget_type=\"text-editor.default\">\n\t\t\t\t<div class=\"elementor-widget-container\">\n\t\t\t\t\t\t\t\t\t<p><span style=\"color: #000000;\">UHF RFID Label Tag LED-blixtljus \u00e4r en innovativ l\u00f6sning som kombinerar kraften i RFID-teknik med en visuell LED-indikator, vilket f\u00f6rb\u00e4ttrar effektiviteten i lager och tillg\u00e5ngshantering. Dessa etiketter \u00e4r helt anpassningsbara, s\u00e5 att du kan v\u00e4lja m\u00e5tt, LED-ljusf\u00e4rg och mer f\u00f6r att passa dina specifika krav. Med tillg\u00e4ngliga storlekar p\u00e5 18x75 mm och 14x96 mm, och en elegant tjocklek p\u00e5 bara 0,2 mm, \u00e4r dessa etiketter tillverkade av robust PET-material, vilket s\u00e4kerst\u00e4ller h\u00e5llbarhet \u00e4ven i utmanande milj\u00f6er.<\/span><\/p><p><span style=\"color: #000000;\">Dessa etiketter fungerar i frekvensomr\u00e5det 900-928MHz och ger optimal prestanda, vilket g\u00f6r dem idealiska f\u00f6r olika industrier. Minnesspecifikationerna inkluderar TID 96 bitar, EPC 160 bitar och USER 1312 bitar, vilket erbjuder gott om datalagring f\u00f6r sp\u00e5rnings- och identifierings\u00e4ndam\u00e5l. Dessa UHF RFID Label Tag LED-blixtljus \u00e4r designade f\u00f6r att t\u00e5la driftstemperaturer fr\u00e5n -20\u00b0C till 70\u00b0C och \u00e4r l\u00e4mpliga f\u00f6r ett brett spektrum av applikationer, inklusive tillg\u00e5ngssp\u00e5rning, lagerhantering och mer.<\/span><\/p><table class=\"all magic-10\"><tbody><tr><td colspan=\"1\" rowspan=\"1\"><div class=\"magic-11\" data-spm-anchor-id=\"a2700.details.0.i38.105812c6mFAirA\"><span style=\"color: #000000;\">Chips<\/span><\/div><\/td><td colspan=\"1\" rowspan=\"1\"><div class=\"magic-12\"><span style=\"color: #000000;\">Anpassad<\/span><\/div><\/td><\/tr><tr><td colspan=\"1\" rowspan=\"1\"><div class=\"magic-11\" data-spm-anchor-id=\"a2700.details.0.i47.105812c6mFAirA\"><span style=\"color: #000000;\">M\u00e5tt<\/span><\/div><\/td><td colspan=\"1\" rowspan=\"1\"><div class=\"magic-12\"><span style=\"color: #000000;\">18*75 mm, 14*96 mm, 100*10 mm<\/span><\/div><\/td><\/tr><tr><td colspan=\"1\" rowspan=\"1\"><div class=\"magic-11\"><span style=\"color: #000000;\">Tjocklek<\/span><\/div><\/td><td colspan=\"1\" rowspan=\"1\"><div class=\"magic-12\"><span style=\"color: #000000;\">0,2 mm<\/span><\/div><\/td><\/tr><tr><td colspan=\"1\" rowspan=\"1\"><div class=\"magic-11\"><span style=\"color: #000000;\">Material<\/span><\/div><\/td><td colspan=\"1\" rowspan=\"1\"><div class=\"magic-12\"><span style=\"color: #000000;\">S\u00c4LLSKAPSDJUR<\/span><\/div><\/td><\/tr><tr><td colspan=\"1\" rowspan=\"1\"><div class=\"magic-11\"><span style=\"color: #000000;\">IP-betyg<\/span><\/div><\/td><td colspan=\"1\" rowspan=\"1\"><div class=\"magic-12\"><span style=\"color: #000000;\">N\/A<\/span><\/div><\/td><\/tr><tr><td colspan=\"1\" rowspan=\"1\"><div class=\"magic-11\"><span style=\"color: #000000;\">Applikationstemp<\/span><\/div><\/td><td colspan=\"1\" rowspan=\"1\"><div class=\"magic-12\"><span style=\"color: #000000;\">-20~70\u2103<\/span><\/div><\/td><\/tr><tr><td colspan=\"1\" rowspan=\"1\"><div class=\"magic-11\"><span style=\"color: #000000;\">Drifttemp<\/span><\/div><\/td><td colspan=\"1\" rowspan=\"1\"><div class=\"magic-12\"><span style=\"color: #000000;\">-20~70\u2103<\/span><\/div><\/td><\/tr><tr><td colspan=\"1\" rowspan=\"1\"><div class=\"magic-11\"><span style=\"color: #000000;\">Minne<\/span><\/div><\/td><td colspan=\"1\" rowspan=\"1\"><div class=\"magic-12\"><span style=\"color: #000000;\">TID 96bitar;EPC 160bitar;ANV\u00c4NDARE 1312bitar<\/span><\/div><\/td><\/tr><tr><td colspan=\"1\" rowspan=\"1\"><div class=\"magic-11\"><span style=\"color: #000000;\">Frekvensomr\u00e5de med b\u00e4sta prestanda<\/span><\/div><\/td><td colspan=\"1\" rowspan=\"1\"><div class=\"magic-12\"><span style=\"color: #000000;\">900-928MHz (anpassad)<\/span><\/div><\/td><\/tr><tr><td colspan=\"1\" rowspan=\"1\"><div class=\"magic-11\"><span style=\"color: #000000;\">IC-liv<\/span><\/div><\/td><td colspan=\"1\" rowspan=\"1\" data-spm-anchor-id=\"a2700.details.0.i45.105812c6mFAirA\"><div class=\"magic-12\" data-spm-anchor-id=\"a2700.details.0.i39.105812c6mFAirA\"><span style=\"color: #000000;\">Skriv uth\u00e5llighet p\u00e5 100 000 cykler<\/span><br \/><span style=\"color: #000000;\">Bevarande datum i 10 \u00e5r<\/span><\/div><\/td><\/tr><tr><td colspan=\"1\" rowspan=\"1\"><div class=\"magic-11\"><span style=\"color: #000000;\">Protokoll<\/span><\/div><\/td><td colspan=\"1\" rowspan=\"1\"><div class=\"magic-12\" data-spm-anchor-id=\"a2700.details.0.i46.105812c6mFAirA\"><span style=\"color: #000000;\">ISO\/IEC 18000-6C<\/span><\/div><\/td><\/tr><\/tbody><\/table><p><a href=\"https:\/\/rfid-laundry-tag.com\/sv\/produkt\/uhf-rfid-label-tag-led-flash-light-location-for-library-management\/\"><img fetchpriority=\"high\" decoding=\"async\" class=\"alignnone size-full wp-image-1795\" src=\"https:\/\/rfid-laundry-tag.com\/wp-content\/uploads\/2024\/09\/4_H368fba2542f847448067aa52a880c6fdM.jpg\" alt=\"\" width=\"750\" height=\"750\" srcset=\"https:\/\/rfid-laundry-tag.com\/wp-content\/uploads\/2024\/09\/4_H368fba2542f847448067aa52a880c6fdM.jpg 750w, https:\/\/rfid-laundry-tag.com\/wp-content\/uploads\/2024\/09\/4_H368fba2542f847448067aa52a880c6fdM-300x300.jpg 300w, https:\/\/rfid-laundry-tag.com\/wp-content\/uploads\/2024\/09\/4_H368fba2542f847448067aa52a880c6fdM-150x150.jpg 150w, https:\/\/rfid-laundry-tag.com\/wp-content\/uploads\/2024\/09\/4_H368fba2542f847448067aa52a880c6fdM-12x12.jpg 12w, https:\/\/rfid-laundry-tag.com\/wp-content\/uploads\/2024\/09\/4_H368fba2542f847448067aa52a880c6fdM-600x600.jpg 600w, https:\/\/rfid-laundry-tag.com\/wp-content\/uploads\/2024\/09\/4_H368fba2542f847448067aa52a880c6fdM-100x100.jpg 100w\" sizes=\"(max-width: 750px) 100vw, 750px\" \/><\/a><\/p><p><span style=\"color: #000000;\">Den unika LED-funktionen l\u00e4gger till en visuell komponent till RFID-taggen, vilket m\u00f6jligg\u00f6r snabb och enkel identifiering, vilket avsev\u00e4rt p\u00e5skyndar processer d\u00e4r snabb visuell bekr\u00e4ftelse \u00e4r n\u00f6dv\u00e4ndig. Etiketterna \u00e4r kompatibla med ISO\/IEC 18000-6C-protokoll, vilket s\u00e4kerst\u00e4ller s\u00f6ml\u00f6s integration med befintliga RFID-system. Med en skrivh\u00e5llbarhet p\u00e5 100 000 cykler och datalagring i upp till 10 \u00e5r ger dessa etiketter en p\u00e5litlig och l\u00e5ngvarig l\u00f6sning f\u00f6r dina sp\u00e5rningsbehov. Oavsett om du beh\u00f6ver hantera inventering, sp\u00e5ra tillg\u00e5ngar eller implementera ett mer effektivt identifieringssystem, erbjuder RFID LED-etiketter en m\u00e5ngsidig och robust l\u00f6sning skr\u00e4ddarsydd f\u00f6r dina behov.<\/span><\/p><p><span style=\"color: #000000;\">RFID LED-etiketten \u00e4r en avancerad sj\u00e4lvh\u00e4ftande etikett som integrerar RFID-teknik med en visuell LED-indikator, vilket ger en innovativ l\u00f6sning f\u00f6r tillg\u00e5ngssp\u00e5rning och lagerhantering. Varje etikett \u00e4r utrustad med en radiofrekvenstransponder och en antenn, vilket m\u00f6jligg\u00f6r s\u00f6ml\u00f6s kommunikation med RF-l\u00e4sare. Den utm\u00e4rkande egenskapen hos denna etikett \u00e4r LED-komponenten, som lyser vid aktivering, vilket ger snabb och tydlig visuell identifiering av f\u00f6rem\u00e5l.<\/span><\/p><p><span style=\"color: #000000;\">Dessa LED-taggar \u00e4r m\u00e5ngsidiga och kan anv\u00e4ndas i en m\u00e4ngd olika applikationer, s\u00e5som lagerhantering, tillg\u00e5ngssp\u00e5rning och logistik i f\u00f6rs\u00f6rjningskedjan. LED-etikettens anpassningsbara karakt\u00e4r m\u00f6jligg\u00f6r justeringar i storlek, LED-ljusf\u00e4rg och minneskapacitet f\u00f6r att passa specifika operativa behov. Oavsett om de anv\u00e4nds i lager, detaljhandelsmilj\u00f6er eller industriella milj\u00f6er hj\u00e4lper dessa etiketter till att effektivisera processer genom att tillhandah\u00e5lla en dubbel metod f\u00f6r identifiering \u2013 RFID-skanning och visuell bekr\u00e4ftelse \u2013 vilket g\u00f6r dem oumb\u00e4rliga f\u00f6r att f\u00f6rb\u00e4ttra noggrannheten och effektiviteten vid sp\u00e5rning av v\u00e4rdefulla tillg\u00e5ngar.<\/span><\/p>\t\t\t\t\t\t\t\t<\/div>\n\t\t\t\t<\/div>\n\t\t\t\t\t<\/div>\n\t\t\t\t<\/div>\n\t\t\t\t<\/div>","protected":false},"excerpt":{"rendered":"<p>UHF RFID Label Tag LED-blixt Ljus med visuella indikatorer f\u00f6r effektiv lagersp\u00e5rning. H\u00e5llbar PET, 900-928MHz, -20\u00b0C till 70\u00b0C, perfekt f\u00f6r olika applikationer.<\/p>","protected":false},"featured_media":1786,"template":"","meta":{"_kad_post_transparent":"default","_kad_post_title":"","_kad_post_layout":"default","_kad_post_sidebar_id":"","_kad_post_content_style":"default","_kad_post_vertical_padding":"default","_kad_post_feature":"","_kad_post_feature_position":"","_kad_post_header":false,"_kad_post_footer":false,"_kad_post_classname":""},"product_brand":[],"product_cat":[54],"product_tag":[275,98,269],"class_list":{"0":"post-1785","1":"product","2":"type-product","3":"status-publish","4":"has-post-thumbnail","6":"product_cat-hot-selling-rfid-tags","7":"product_tag-led-light-rfid-label","8":"product_tag-uhf-rfid-label","9":"product_tag-uhf-rfid-label-tag-led-flash-light","11":"first","12":"instock","13":"shipping-taxable","14":"product-type-simple","15":"entry","16":"content-bg","17":"loop-entry"},"_links":{"self":[{"href":"https:\/\/rfid-laundry-tag.com\/sv\/wp-json\/wp\/v2\/product\/1785","targetHints":{"allow":["GET"]}}],"collection":[{"href":"https:\/\/rfid-laundry-tag.com\/sv\/wp-json\/wp\/v2\/product"}],"about":[{"href":"https:\/\/rfid-laundry-tag.com\/sv\/wp-json\/wp\/v2\/types\/product"}],"version-history":[{"count":5,"href":"https:\/\/rfid-laundry-tag.com\/sv\/wp-json\/wp\/v2\/product\/1785\/revisions"}],"predecessor-version":[{"id":1911,"href":"https:\/\/rfid-laundry-tag.com\/sv\/wp-json\/wp\/v2\/product\/1785\/revisions\/1911"}],"wp:featuredmedia":[{"embeddable":true,"href":"https:\/\/rfid-laundry-tag.com\/sv\/wp-json\/wp\/v2\/media\/1786"}],"wp:attachment":[{"href":"https:\/\/rfid-laundry-tag.com\/sv\/wp-json\/wp\/v2\/media?parent=1785"}],"wp:term":[{"taxonomy":"product_brand","embeddable":true,"href":"https:\/\/rfid-laundry-tag.com\/sv\/wp-json\/wp\/v2\/product_brand?post=1785"},{"taxonomy":"product_cat","embeddable":true,"href":"https:\/\/rfid-laundry-tag.com\/sv\/wp-json\/wp\/v2\/product_cat?post=1785"},{"taxonomy":"product_tag","embeddable":true,"href":"https:\/\/rfid-laundry-tag.com\/sv\/wp-json\/wp\/v2\/product_tag?post=1785"}],"curies":[{"name":"wp","href":"https:\/\/api.w.org\/{rel}","templated":true}]}}