{"id":178,"date":"2024-06-15T16:51:30","date_gmt":"2024-06-15T16:51:30","guid":{"rendered":"https:\/\/rfid-laundry-tag.com\/?post_type=product&#038;p=178"},"modified":"2024-06-15T16:59:59","modified_gmt":"2024-06-15T16:59:59","slug":"laundry-rfid-wash-care-label","status":"publish","type":"product","link":"https:\/\/rfid-laundry-tag.com\/sv\/laundry-rfid-wash-care-label\/","title":{"rendered":"Tv\u00e4tt RFID tv\u00e4ttv\u00e5rdsetikett"},"content":{"rendered":"<div class=\"J_module\">\n<div class=\"ife-detail-decorate-table\">\n<table class=\"hight-light-first-column all magic-14\">\n<tbody>\n<tr>\n<td colspan=\"1\" rowspan=\"1\">\n<div class=\"magic-15\" data-spm-anchor-id=\"a2700.details.0.i95.236a58c1ycsfva\">Produktionsnamn:<\/div>\n<\/td>\n<td colspan=\"1\" rowspan=\"1\">\n<div class=\"magic-16\">Tv\u00e4tt RFID tv\u00e4ttv\u00e5rdsetikett<\/div>\n<\/td>\n<\/tr>\n<tr>\n<td colspan=\"1\" rowspan=\"1\">\n<div class=\"magic-15\"><span class=\"magic-17\">Material:<\/span><\/div>\n<\/td>\n<td colspan=\"1\" rowspan=\"1\">\n<div class=\"magic-16\">Polyester\/sammans\u00e4ttning\/sat\u00e4ng\/bomull\/non-woven\/PET etc.<\/div>\n<\/td>\n<\/tr>\n<tr>\n<td colspan=\"1\" rowspan=\"1\">\n<div class=\"magic-15\"><span class=\"magic-17\">Storlek:<\/span><\/div>\n<\/td>\n<td colspan=\"1\" rowspan=\"1\">\n<div class=\"magic-16\"><span class=\"magic-17\">80*38mm\/60*30mm eller anpassad<\/span><\/div>\n<\/td>\n<\/tr>\n<tr>\n<td colspan=\"1\" rowspan=\"1\">\n<div class=\"magic-15\"><span class=\"magic-17\">Typ:<\/span><\/div>\n<\/td>\n<td colspan=\"1\" rowspan=\"1\">\n<div class=\"magic-16\"><span class=\"magic-17\">Passiv, RFID<\/span><\/div>\n<\/td>\n<\/tr>\n<tr>\n<td colspan=\"1\" rowspan=\"1\">\n<div class=\"magic-15\">RF-protokoll:<\/div>\n<\/td>\n<td colspan=\"1\" rowspan=\"1\">\n<div class=\"magic-16\">ISO 18000-6C; EPC klass 1 Gen 2<\/div>\n<\/td>\n<\/tr>\n<tr>\n<td colspan=\"1\" rowspan=\"1\">\n<div class=\"magic-15\"><span class=\"magic-17\">Frekvens:<\/span><\/div>\n<\/td>\n<td colspan=\"1\" rowspan=\"1\">\n<div class=\"magic-16\"><span class=\"magic-17\">860~960MHz<\/span><\/div>\n<\/td>\n<\/tr>\n<tr>\n<td colspan=\"1\" rowspan=\"1\">\n<div class=\"magic-15\">Chips<\/div>\n<\/td>\n<td colspan=\"1\" rowspan=\"1\">\n<div class=\"magic-16\">Alien Higgs, Monza 3, Monza 4D, Monza 4QT, Monza R6, Monza R6-P, Impinj M730, Impinj M750 etc.<\/div>\n<\/td>\n<\/tr>\n<tr>\n<td colspan=\"1\" rowspan=\"1\">\n<div class=\"magic-15\"><span class=\"magic-17\">L\u00e4s avst\u00e5nd:<\/span><\/div>\n<\/td>\n<td colspan=\"1\" rowspan=\"1\">\n<div class=\"magic-16\"><span class=\"magic-17\">UHF: 1~10m (beror p\u00e5 l\u00e4saren och antennen)<\/span><\/div>\n<\/td>\n<\/tr>\n<tr>\n<td colspan=\"1\" rowspan=\"1\">\n<div class=\"magic-15\"><span class=\"magic-17\">Fast s\u00e4tt:<\/span><\/div>\n<\/td>\n<td colspan=\"1\" rowspan=\"1\">\n<div class=\"magic-16\"><span class=\"magic-17\">Sy \/ stryka<\/span><\/div>\n<\/td>\n<\/tr>\n<tr>\n<td colspan=\"1\" rowspan=\"1\">\n<div class=\"magic-15\"><span class=\"magic-17\">Utskrift:<\/span><\/div>\n<\/td>\n<td colspan=\"1\" rowspan=\"1\">\n<div class=\"magic-16\"><span class=\"magic-17\">Utskrift, kodning, serienummer, design, etc.<\/span><\/div>\n<\/td>\n<\/tr>\n<tr>\n<td colspan=\"1\" rowspan=\"1\">\n<div class=\"magic-15\"><span class=\"magic-17\">IC-liv:<\/span><\/div>\n<\/td>\n<td colspan=\"1\" rowspan=\"1\">\n<div class=\"magic-16\" data-spm-anchor-id=\"a2700.details.0.i94.236a58c1ycsfva\"><span class=\"magic-17\">100 000 programmeringscykler<br \/>\n10 \u00e5rs datalagring<\/span><\/div>\n<\/td>\n<\/tr>\n<tr>\n<td colspan=\"1\" rowspan=\"1\">\n<div class=\"magic-15\"><span class=\"magic-17\">Exempeltillg\u00e4nglighet:<\/span><\/div>\n<\/td>\n<td colspan=\"1\" rowspan=\"1\">\n<div class=\"magic-16\"><span class=\"magic-17\">Gratis prover finns tillg\u00e4ngliga p\u00e5 beg\u00e4ran<\/span><\/div>\n<\/td>\n<\/tr>\n<tr>\n<td colspan=\"1\" rowspan=\"1\">\n<div class=\"magic-15\"><span class=\"magic-17\">Applikationer:\u00a0<\/span><\/div>\n<\/td>\n<td colspan=\"1\" rowspan=\"1\">\n<div class=\"magic-16\"><span class=\"magic-17\">\u00b7 Lagerhantering<br \/>\n\u00b7 Supply Chain<br \/>\n\u00b7 Detaljhandel<\/span><\/div>\n<\/td>\n<\/tr>\n<tr>\n<td colspan=\"1\" rowspan=\"1\">\n<div class=\"magic-15\"><span class=\"magic-17\">Anv\u00e4nda<\/span><\/div>\n<\/td>\n<td colspan=\"1\" rowspan=\"1\">\n<div class=\"magic-16\"><span class=\"magic-17\">Plagg, kl\u00e4der, v\u00e4skor, skor, etc.<\/span><\/div>\n<\/td>\n<\/tr>\n<\/tbody>\n<\/table>\n<\/div>\n<\/div>\n<div class=\"J_module\">\n<div class=\"detail-decorate-json-renderer-container\">\n<div class=\"magic-1\">\n<div class=\"magic-5\">\n<div class=\"magic-6\">\n<div class=\"magic-7\"><\/div>\n<div><\/div>\n<\/div>\n<div>\n<div class=\"auto-hide-last-sibling-br paragraph_1252f paragraph-element\">\n<div class=\"auto-hide-last-sibling-br paragraph_1252f paragraph-element\">\n<div class=\"auto-hide-last-sibling-br paragraph_1252f paragraph-element\">RFID Care Label \u00e4r en banbrytande innovation som ger det b\u00e4sta av tv\u00e5 v\u00e4rldar: konventionella plaggv\u00e5rdsetiketter och avancerad RFID-teknik. Dessa etiketter \u00e4r designade f\u00f6r att uppfylla ISO18000-6C EPC Class 1 Gen2-standarder och kapslar in ett passivt UHF 860-960 MHz RFID-inl\u00e4gg.<\/div>\n<p><br class=\"container_e695a wrapper_ad07b undefined\" \/><\/p>\n<div class=\"auto-hide-last-sibling-br paragraph_1252f paragraph-element\"><strong>Nyckelfunktioner hos RFID-v\u00e5rdetiketter:<\/strong><\/div>\n<p><br class=\"container_e695a wrapper_ad07b undefined\" \/><\/p>\n<ol class=\"auto-hide-last-sibling-br\">\n<li>\n<div class=\"auto-hide-last-sibling-br paragraph_1252f paragraph-element\"><strong>Materialvariation:<\/strong>\u00a0Dessa sk\u00f6tseletiketter kan tillverkas av olika material, fr\u00e5n v\u00e4vda tyger till band, vilket ger flexibilitet i design och till\u00e4mpning.<\/div>\n<\/li>\n<li>\n<div class=\"auto-hide-last-sibling-br paragraph_1252f paragraph-element\"><strong>Varaktighet:<\/strong>\u00a0En avg\u00f6rande egenskap hos dessa v\u00e5rdetiketter \u00e4r deras motst\u00e5ndskraft. De har strykbest\u00e4ndiga och tv\u00e4ttbest\u00e4ndiga egenskaper som s\u00e4kerst\u00e4ller att de bibeh\u00e5ller sin prestanda och l\u00e4sbarhet, \u00e4ven efter rigor\u00f6sa tv\u00e4ttcykler.<\/div>\n<\/li>\n<li>\n<div class=\"auto-hide-last-sibling-br paragraph_1252f paragraph-element\"><strong>Yttryck:<\/strong>\u00a0Dessa etiketter kan ocks\u00e5 st\u00f6dja yttryck, vilket m\u00f6jligg\u00f6r inkludering av traditionell information som finns p\u00e5 plaggetiketter, s\u00e5som sk\u00f6tselanvisningar, storlek, materialinneh\u00e5ll, varum\u00e4rke och mer.<\/div>\n<\/li>\n<li>\n<div class=\"auto-hide-last-sibling-br paragraph_1252f paragraph-element\"><strong>Storlek och f\u00f6rpackningsflexibilitet:<\/strong>\u00a0RFID-v\u00e5rdetiketterna finns i ett brett utbud av storlekar f\u00f6r att passa olika kl\u00e4desplagg och anv\u00e4ndningskrav. Dessutom erbjuder de flexibla f\u00f6rpackningsmaterial f\u00f6r m\u00e5ngsidiga applikationer.<\/div>\n<\/li>\n<li>\n<div class=\"auto-hide-last-sibling-br paragraph_1252f paragraph-element\"><strong>Sy p\u00e5 kl\u00e4der:<\/strong>\u00a0Slutligen, n\u00e4r dessa RFID-etiketter v\u00e4l har sytts p\u00e5 plaggen, kan de effektivt ers\u00e4tta konventionella tv\u00e4ttetiketter. De f\u00f6rblir f\u00e4sta vid kl\u00e4desplagget s\u00e5 l\u00e4nge det varar, vilket m\u00f6jligg\u00f6r effektiv l\u00e5ngsiktig sp\u00e5rning och hantering.<\/div>\n<\/li>\n<\/ol>\n<p><br class=\"container_e695a wrapper_ad07b undefined\" \/><\/p>\n<div class=\"auto-hide-last-sibling-br paragraph_1252f paragraph-element\">Sammanfattningsvis erbjuder RFID Care Labels en imponerande blandning av funktionalitet, bekv\u00e4mlighet och motst\u00e5ndskraft, vilket g\u00f6r dem extremt anv\u00e4ndbara i samband med kl\u00e4dhantering, sp\u00e5rning och kundservice.<\/div>\n<\/div>\n<p>&nbsp;<\/p>\n<\/div>\n<\/div>\n<div class=\"magic-6\">\n<div><\/div>\n<\/div>\n<\/div>\n<\/div>\n<\/div>\n<\/div>","protected":false},"excerpt":{"rendered":"<p>Tv\u00e4tt RFID Wash Care Label, designad f\u00f6r att motst\u00e5 ett plaggs livscykel, fr\u00e4mjar effektiv sp\u00e5rning av varje artikel fr\u00e5n tillverkning, genom f\u00f6rvaring och f\u00f6rs\u00e4ljning, till potentiell sp\u00e5rning efter f\u00f6rs\u00e4ljning. Deras exceptionella motst\u00e5ndskraft mot tv\u00e4tt, strykning och slitage g\u00f6r RFID-etiketter till ett effektivt svar p\u00e5 traditionella lagerutmaningar, vilket leder till \u00f6kad noggrannhet och effektivitet i lagerkontroll och en \u00f6verl\u00e4gsen kundupplevelse genom konsekvent produkttillg\u00e4nglighet. Genom att \u00f6verg\u00e5 till dessa avancerade etiketter kan \u00e5terf\u00f6rs\u00e4ljare g\u00e5 bort fr\u00e5n tidskr\u00e4vande manuell lagerkontroll och felhanterade lager.<\/p>","protected":false},"featured_media":179,"template":"","meta":{"_kad_post_transparent":"default","_kad_post_title":"","_kad_post_layout":"default","_kad_post_sidebar_id":"","_kad_post_content_style":"default","_kad_post_vertical_padding":"default","_kad_post_feature":"","_kad_post_feature_position":"","_kad_post_header":false,"_kad_post_footer":false,"_kad_post_classname":""},"product_brand":[],"product_cat":[81],"product_tag":[85,82,83],"class_list":{"0":"post-178","1":"product","2":"type-product","3":"status-publish","4":"has-post-thumbnail","6":"product_cat-rfid-wash-care-clothing-label","7":"product_tag-laundry-rfid-wash-care-label","8":"product_tag-rfid-wash-care-clothing-label","9":"product_tag-rfid-wash-care-label","11":"first","12":"instock","13":"shipping-taxable","14":"product-type-simple","15":"entry","16":"content-bg","17":"loop-entry"},"_links":{"self":[{"href":"https:\/\/rfid-laundry-tag.com\/sv\/wp-json\/wp\/v2\/product\/178","targetHints":{"allow":["GET"]}}],"collection":[{"href":"https:\/\/rfid-laundry-tag.com\/sv\/wp-json\/wp\/v2\/product"}],"about":[{"href":"https:\/\/rfid-laundry-tag.com\/sv\/wp-json\/wp\/v2\/types\/product"}],"version-history":[{"count":1,"href":"https:\/\/rfid-laundry-tag.com\/sv\/wp-json\/wp\/v2\/product\/178\/revisions"}],"predecessor-version":[{"id":180,"href":"https:\/\/rfid-laundry-tag.com\/sv\/wp-json\/wp\/v2\/product\/178\/revisions\/180"}],"wp:featuredmedia":[{"embeddable":true,"href":"https:\/\/rfid-laundry-tag.com\/sv\/wp-json\/wp\/v2\/media\/179"}],"wp:attachment":[{"href":"https:\/\/rfid-laundry-tag.com\/sv\/wp-json\/wp\/v2\/media?parent=178"}],"wp:term":[{"taxonomy":"product_brand","embeddable":true,"href":"https:\/\/rfid-laundry-tag.com\/sv\/wp-json\/wp\/v2\/product_brand?post=178"},{"taxonomy":"product_cat","embeddable":true,"href":"https:\/\/rfid-laundry-tag.com\/sv\/wp-json\/wp\/v2\/product_cat?post=178"},{"taxonomy":"product_tag","embeddable":true,"href":"https:\/\/rfid-laundry-tag.com\/sv\/wp-json\/wp\/v2\/product_tag?post=178"}],"curies":[{"name":"wp","href":"https:\/\/api.w.org\/{rel}","templated":true}]}}