{"id":176,"date":"2024-06-15T16:46:13","date_gmt":"2024-06-15T16:46:13","guid":{"rendered":"https:\/\/rfid-laundry-tag.com\/?post_type=product&#038;p=176"},"modified":"2024-06-15T16:46:13","modified_gmt":"2024-06-15T16:46:13","slug":"nylon-rfid-wash-care-clothing-label","status":"publish","type":"product","link":"https:\/\/rfid-laundry-tag.com\/sv\/nylon-rfid-wash-care-clothing-label\/","title":{"rendered":"Nylon RFID Tv\u00e4ttv\u00e5rd Kl\u00e4detikett"},"content":{"rendered":"<div class=\"J_module\">\n<div class=\"ife-detail-decorate-table\">\n<table class=\"hight-light-first-column all magic-14\">\n<tbody>\n<tr>\n<td colspan=\"1\" rowspan=\"1\">\n<div class=\"magic-15\" data-spm-anchor-id=\"a2700.details.0.i95.236a58c1ycsfva\">Produktionsnamn:<\/div>\n<\/td>\n<td colspan=\"1\" rowspan=\"1\">\n<div class=\"magic-16\">Nylon RFID Tv\u00e4ttv\u00e5rd Kl\u00e4detikett<\/div>\n<\/td>\n<\/tr>\n<tr>\n<td colspan=\"1\" rowspan=\"1\">\n<div class=\"magic-15\"><span class=\"magic-17\">Material:<\/span><\/div>\n<\/td>\n<td colspan=\"1\" rowspan=\"1\">\n<div class=\"magic-16\">Polyester\/sammans\u00e4ttning\/sat\u00e4ng\/bomull\/non-woven\/PET etc.<\/div>\n<\/td>\n<\/tr>\n<tr>\n<td colspan=\"1\" rowspan=\"1\">\n<div class=\"magic-15\"><span class=\"magic-17\">Storlek:<\/span><\/div>\n<\/td>\n<td colspan=\"1\" rowspan=\"1\">\n<div class=\"magic-16\"><span class=\"magic-17\">80*38mm\/60*30mm eller anpassad<\/span><\/div>\n<\/td>\n<\/tr>\n<tr>\n<td colspan=\"1\" rowspan=\"1\">\n<div class=\"magic-15\"><span class=\"magic-17\">Typ:<\/span><\/div>\n<\/td>\n<td colspan=\"1\" rowspan=\"1\">\n<div class=\"magic-16\"><span class=\"magic-17\">Passiv, RFID<\/span><\/div>\n<\/td>\n<\/tr>\n<tr>\n<td colspan=\"1\" rowspan=\"1\">\n<div class=\"magic-15\">RF-protokoll:<\/div>\n<\/td>\n<td colspan=\"1\" rowspan=\"1\">\n<div class=\"magic-16\">ISO 18000-6C; EPC klass 1 Gen 2<\/div>\n<\/td>\n<\/tr>\n<tr>\n<td colspan=\"1\" rowspan=\"1\">\n<div class=\"magic-15\"><span class=\"magic-17\">Frekvens:<\/span><\/div>\n<\/td>\n<td colspan=\"1\" rowspan=\"1\">\n<div class=\"magic-16\"><span class=\"magic-17\">860~960MHz<\/span><\/div>\n<\/td>\n<\/tr>\n<tr>\n<td colspan=\"1\" rowspan=\"1\">\n<div class=\"magic-15\">Chips<\/div>\n<\/td>\n<td colspan=\"1\" rowspan=\"1\">\n<div class=\"magic-16\">Impinj Monza R6\/R6-P, NXP UCODE8\/UCODE9 etc.<\/div>\n<\/td>\n<\/tr>\n<tr>\n<td colspan=\"1\" rowspan=\"1\">\n<div class=\"magic-15\"><span class=\"magic-17\">L\u00e4s avst\u00e5nd:<\/span><\/div>\n<\/td>\n<td colspan=\"1\" rowspan=\"1\">\n<div class=\"magic-16\"><span class=\"magic-17\">UHF: 1~10m (beror p\u00e5 l\u00e4saren och antennen)<\/span><\/div>\n<\/td>\n<\/tr>\n<tr>\n<td colspan=\"1\" rowspan=\"1\">\n<div class=\"magic-15\"><span class=\"magic-17\">Fast s\u00e4tt:<\/span><\/div>\n<\/td>\n<td colspan=\"1\" rowspan=\"1\">\n<div class=\"magic-16\"><span class=\"magic-17\">Sy \/ stryka<\/span><\/div>\n<\/td>\n<\/tr>\n<tr>\n<td colspan=\"1\" rowspan=\"1\">\n<div class=\"magic-15\"><span class=\"magic-17\">Utskrift:<\/span><\/div>\n<\/td>\n<td colspan=\"1\" rowspan=\"1\">\n<div class=\"magic-16\"><span class=\"magic-17\">Utskrift, kodning, serienummer, design, etc.<\/span><\/div>\n<\/td>\n<\/tr>\n<tr>\n<td colspan=\"1\" rowspan=\"1\">\n<div class=\"magic-15\"><span class=\"magic-17\">IC-liv:<\/span><\/div>\n<\/td>\n<td colspan=\"1\" rowspan=\"1\">\n<div class=\"magic-16\" data-spm-anchor-id=\"a2700.details.0.i94.236a58c1ycsfva\"><span class=\"magic-17\">100 000 programmeringscykler<br \/>\n10 \u00e5rs datalagring<\/span><\/div>\n<\/td>\n<\/tr>\n<tr>\n<td colspan=\"1\" rowspan=\"1\">\n<div class=\"magic-15\"><span class=\"magic-17\">Exempeltillg\u00e4nglighet:<\/span><\/div>\n<\/td>\n<td colspan=\"1\" rowspan=\"1\">\n<div class=\"magic-16\"><span class=\"magic-17\">Gratis prover finns tillg\u00e4ngliga p\u00e5 beg\u00e4ran<\/span><\/div>\n<\/td>\n<\/tr>\n<tr>\n<td colspan=\"1\" rowspan=\"1\">\n<div class=\"magic-15\"><span class=\"magic-17\">Applikationer:\u00a0<\/span><\/div>\n<\/td>\n<td colspan=\"1\" rowspan=\"1\">\n<div class=\"magic-16\"><span class=\"magic-17\">\u00b7 Lagerhantering<br \/>\n\u00b7 Supply Chain<br \/>\n\u00b7 Detaljhandel<\/span><\/div>\n<\/td>\n<\/tr>\n<tr>\n<td colspan=\"1\" rowspan=\"1\">\n<div class=\"magic-15\"><span class=\"magic-17\">Anv\u00e4nda<\/span><\/div>\n<\/td>\n<td colspan=\"1\" rowspan=\"1\">\n<div class=\"magic-16\"><span class=\"magic-17\">Plagg, kl\u00e4der, v\u00e4skor, skor, etc.<\/span><\/div>\n<\/td>\n<\/tr>\n<\/tbody>\n<\/table>\n<\/div>\n<\/div>\n<div class=\"J_module\">\n<div class=\"detail-decorate-json-renderer-container\">\n<div class=\"magic-1\">\n<div class=\"magic-5\">\n<div class=\"magic-6\">\n<div class=\"magic-7\"><span class=\"magic-10\">UCODE \u00e4r registrerade varum\u00e4rken som tillh\u00f6r NXP BV och anv\u00e4nds under licens.<\/span><\/div>\n<div><\/div>\n<\/div>\n<div>\n<div class=\"auto-hide-last-sibling-br paragraph_1252f paragraph-element\">Modeartiklar som plagg \u00e4r f\u00f6rem\u00e5l f\u00f6r olika p\u00e5verkande faktorer som kan p\u00e5verka f\u00f6rs\u00e4ljningen, inklusive s\u00e4songsvariationer, geografiskt l\u00e4ge, kundpreferenser, modetrender och priss\u00e4ttning. Rollen f\u00f6r RFID-v\u00e5rdetiketter blir avg\u00f6rande h\u00e4r eftersom de till\u00e5ter kl\u00e4df\u00f6retag att \u00f6vervaka f\u00f6rs\u00e4ljningsdynamiken i realtid.<\/div>\n<p><br class=\"container_e695a wrapper_ad07b undefined\" \/><\/p>\n<div class=\"auto-hide-last-sibling-br paragraph_1252f paragraph-element\">\n<div class=\"auto-hide-last-sibling-br paragraph_1252f paragraph-element\"><strong>Funktioner hos Nylon RFID tv\u00e4ttv\u00e5rdsetikett:<\/strong><\/div>\n<p><br class=\"container_e695a wrapper_ad07b undefined\" \/><\/p>\n<ol class=\"auto-hide-last-sibling-br\">\n<li>\n<div class=\"auto-hide-last-sibling-br paragraph_1252f paragraph-element\"><strong>Material:<\/strong>\u00a0Etiketten \u00e4r gjord av nylon, ett starkt och slitstarkt material som t\u00e5l h\u00f6ga temperaturer, tryck och grov hantering, vilket s\u00e4kerst\u00e4ller att etiketten \u00e4r intakt oavsett vilken typ av plagghantering och tv\u00e4ttning.<\/div>\n<\/li>\n<li>\n<div class=\"auto-hide-last-sibling-br paragraph_1252f paragraph-element\"><strong>Datasp\u00e5rning:<\/strong>\u00a0Aktiverad med RFID-teknik, m\u00f6jligg\u00f6r sp\u00e5rning och insamling av relevant data i realtid som produkthistorik, plats och status, vilket ger v\u00e4rdefulla insikter f\u00f6r kl\u00e4df\u00f6retag.<\/div>\n<\/li>\n<li>\n<div class=\"auto-hide-last-sibling-br paragraph_1252f paragraph-element\"><strong>Funktionalitet:<\/strong>\u00a0RFID-etiketten fungerar i olika tuffa milj\u00f6er och kan \u00e4ven identifiera flera taggar samtidigt, \u00e4ven p\u00e5 f\u00f6rem\u00e5l som r\u00f6r sig snabbt.<\/div>\n<\/li>\n<li>\n<div class=\"auto-hide-last-sibling-br paragraph_1252f paragraph-element\"><strong>Uth\u00e5llighet:<\/strong>\u00a0Till skillnad fr\u00e5n traditionella h\u00e4ngetiketter sys RFID-etiketter vanligtvis in i plagget, vilket resulterar i minskade risker att det faller av under transport eller hantering.<\/div>\n<\/li>\n<li>\n<div class=\"auto-hide-last-sibling-br paragraph_1252f paragraph-element\"><strong>Gr\u00f6nt och s\u00e4kert:<\/strong>\u00a0Etiketterna \u00e4r gr\u00f6na och s\u00e4kra, eftersom de har minst p\u00e5verkan p\u00e5 milj\u00f6n efter kassering.<\/div>\n<\/li>\n<\/ol>\n<p><br class=\"container_e695a wrapper_ad07b undefined\" \/><\/p>\n<div class=\"auto-hide-last-sibling-br paragraph_1252f paragraph-element\"><strong>Anv\u00e4ndning av nylon RFID tv\u00e4ttv\u00e5rdsetikett:<\/strong><\/div>\n<p><br class=\"container_e695a wrapper_ad07b undefined\" \/><\/p>\n<ol class=\"auto-hide-last-sibling-br\">\n<li>\n<div class=\"auto-hide-last-sibling-br paragraph_1252f paragraph-element\"><strong>Lagerhantering:<\/strong>\u00a0Etiketterna hj\u00e4lper till att h\u00e5lla reda p\u00e5 lagret i realtid, vilket g\u00f6r processen f\u00f6r lagerhantering effektiv f\u00f6r f\u00f6retag.<\/div>\n<\/li>\n<li>\n<div class=\"auto-hide-last-sibling-br paragraph_1252f paragraph-element\"><strong>Supply Chain:<\/strong>\u00a0De hj\u00e4lper till att optimera hela f\u00f6rs\u00f6rjningskedjan, fr\u00e5n effektivisering av tillverkningsprocesser till effektivare lagerh\u00e5llning och logistik.<\/div>\n<\/li>\n<li>\n<div class=\"auto-hide-last-sibling-br paragraph_1252f paragraph-element\"><strong>Retail Management:<\/strong>\u00a0I detaljhandelsinst\u00e4llningar f\u00f6rb\u00e4ttrar dessa etiketter utcheckningsprocessen genom att p\u00e5skynda skanningsprocessen och minska k\u00f6erna.<\/div>\n<\/li>\n<li>\n<div class=\"auto-hide-last-sibling-br paragraph_1252f paragraph-element\"><strong>St\u00f6ldskydd:<\/strong>\u00a0N\u00e4r de \u00e4r integrerade med s\u00e4kerhetssystemet i butiker kan de fungera som verktyg mot snatteri.<\/div>\n<\/li>\n<li>\n<div class=\"auto-hide-last-sibling-br paragraph_1252f paragraph-element\"><strong>Produktens \u00e4kthet:<\/strong>\u00a0Etiketterna kan anv\u00e4ndas f\u00f6r att s\u00e4kerst\u00e4lla och verifiera produktens \u00e4kthet och d\u00e4rigenom f\u00f6rhindra f\u00f6rfalskning.<\/div>\n<\/li>\n<li>\n<div class=\"auto-hide-last-sibling-br paragraph_1252f paragraph-element\"><strong>Konsumentanv\u00e4ndning:<\/strong>\u00a0F\u00f6r slutkonsumenten inneh\u00e5ller dessa etiketter v\u00e4rdefull produkt- och sk\u00f6tselinformation. Det faktum att etiketten f\u00f6rblir med plagget under dess livstid m\u00f6jligg\u00f6r ocks\u00e5 b\u00e4ttre sp\u00e5rning efter f\u00f6rs\u00e4ljning.<\/div>\n<\/li>\n<\/ol>\n<p><br class=\"container_e695a wrapper_ad07b undefined\" \/><\/p>\n<div class=\"auto-hide-last-sibling-br paragraph_1252f paragraph-element\">Dessa etiketter revolutionerar hur plagg hanteras fr\u00e5n produktionsgolvet till butiken och sedan till slutkonsumenten, och blir d\u00e4rmed en integrerad del av kl\u00e4dindustrin.<\/div>\n<\/div>\n<\/div>\n<div class=\"magic-6\">\n<div><\/div>\n<\/div>\n<\/div>\n<\/div>\n<\/div>\n<\/div>","protected":false},"excerpt":{"rendered":"<p>Nylon RFID Wash Care Label \u00e4r ett revolutionerande framsteg inom textil- och kl\u00e4dindustrin. RFID, ett av de mest lovande tekniska genombrotten, underl\u00e4ttar m\u00e5nga till\u00e4mpningar inom denna sektor. Det spelar en avg\u00f6rande roll i tillverkningsprocesser, uppr\u00e4tth\u00e5lla lagerkontroll, hantera lager, effektivisera distribution och logistik, m\u00f6jligg\u00f6ra automatisk objektsp\u00e5rning och optimera hantering av f\u00f6rs\u00f6rjningskedjan. Detta innovativa tillv\u00e4gag\u00e5ngss\u00e4tt har avsev\u00e4rt f\u00f6rb\u00e4ttrat effektiviteten och produktiviteten inom textil- och kl\u00e4domr\u00e5det.<\/p>","protected":false},"featured_media":177,"template":"","meta":{"_kad_post_transparent":"default","_kad_post_title":"","_kad_post_layout":"default","_kad_post_sidebar_id":"","_kad_post_content_style":"default","_kad_post_vertical_padding":"default","_kad_post_feature":"","_kad_post_feature_position":"","_kad_post_header":false,"_kad_post_footer":false,"_kad_post_classname":""},"product_brand":[],"product_cat":[81],"product_tag":[84,82,83],"class_list":{"0":"post-176","1":"product","2":"type-product","3":"status-publish","4":"has-post-thumbnail","6":"product_cat-rfid-wash-care-clothing-label","7":"product_tag-heat-transfer-laundry-rfid-wash-care-label","8":"product_tag-rfid-wash-care-clothing-label","9":"product_tag-rfid-wash-care-label","11":"first","12":"instock","13":"shipping-taxable","14":"product-type-simple","15":"entry","16":"content-bg","17":"loop-entry"},"_links":{"self":[{"href":"https:\/\/rfid-laundry-tag.com\/sv\/wp-json\/wp\/v2\/product\/176","targetHints":{"allow":["GET"]}}],"collection":[{"href":"https:\/\/rfid-laundry-tag.com\/sv\/wp-json\/wp\/v2\/product"}],"about":[{"href":"https:\/\/rfid-laundry-tag.com\/sv\/wp-json\/wp\/v2\/types\/product"}],"version-history":[{"count":0,"href":"https:\/\/rfid-laundry-tag.com\/sv\/wp-json\/wp\/v2\/product\/176\/revisions"}],"wp:featuredmedia":[{"embeddable":true,"href":"https:\/\/rfid-laundry-tag.com\/sv\/wp-json\/wp\/v2\/media\/177"}],"wp:attachment":[{"href":"https:\/\/rfid-laundry-tag.com\/sv\/wp-json\/wp\/v2\/media?parent=176"}],"wp:term":[{"taxonomy":"product_brand","embeddable":true,"href":"https:\/\/rfid-laundry-tag.com\/sv\/wp-json\/wp\/v2\/product_brand?post=176"},{"taxonomy":"product_cat","embeddable":true,"href":"https:\/\/rfid-laundry-tag.com\/sv\/wp-json\/wp\/v2\/product_cat?post=176"},{"taxonomy":"product_tag","embeddable":true,"href":"https:\/\/rfid-laundry-tag.com\/sv\/wp-json\/wp\/v2\/product_tag?post=176"}],"curies":[{"name":"wp","href":"https:\/\/api.w.org\/{rel}","templated":true}]}}