{"id":174,"date":"2024-06-15T14:22:35","date_gmt":"2024-06-15T14:22:35","guid":{"rendered":"https:\/\/rfid-laundry-tag.com\/?post_type=product&#038;p=174"},"modified":"2024-09-08T04:17:08","modified_gmt":"2024-09-08T04:17:08","slug":"waterproof-rfid-washing-button-pps","status":"publish","type":"product","link":"https:\/\/rfid-laundry-tag.com\/sv\/waterproof-rfid-washing-button-pps\/","title":{"rendered":"Vattent\u00e4t RFID tv\u00e4ttknapp-PPS"},"content":{"rendered":"<div class=\"J_module\">\n<div class=\"ife-detail-decorate-table\">\n<table class=\"has-title all magic-6\">\n<tbody>\n<tr>\n<td colspan=\"1\" rowspan=\"1\">\n<div class=\"magic-7\" data-spm-anchor-id=\"a2700.details.0.i45.77607d98vZbcDU\"><span class=\"magic-8\" style=\"color: #363535;\">Objektets namn<\/span><\/div>\n<\/td>\n<td colspan=\"1\" rowspan=\"1\">\n<div class=\"magic-9\">Vattent\u00e4t RFID tv\u00e4ttknapp-PPS<\/div>\n<\/td>\n<\/tr>\n<tr>\n<td colspan=\"1\" rowspan=\"1\">\n<div class=\"magic-7\"><span class=\"magic-10\" data-spm-anchor-id=\"a2700.pc-decorate.0.i10.28d333330XLbTD\"><span class=\"magic-8\">Material<\/span><\/span><\/div>\n<\/td>\n<td colspan=\"1\" rowspan=\"1\">\n<div class=\"magic-9\"><span class=\"magic-8\">PPS<\/span><\/div>\n<\/td>\n<\/tr>\n<tr>\n<td colspan=\"1\" rowspan=\"1\">\n<div class=\"magic-7\"><span class=\"magic-8\">F\u00e4rg<\/span><\/div>\n<\/td>\n<td colspan=\"1\" rowspan=\"1\">\n<div class=\"magic-9\"><span class=\"magic-8\">Svart<\/span><\/div>\n<\/td>\n<\/tr>\n<tr>\n<td colspan=\"1\" rowspan=\"1\">MOQ<\/td>\n<td colspan=\"1\" rowspan=\"1\">500 st<\/td>\n<\/tr>\n<tr>\n<td colspan=\"1\" rowspan=\"1\">\n<div class=\"magic-7\"><span class=\"magic-8\">Tillverkare\/chip<\/span><\/div>\n<\/td>\n<td colspan=\"1\" rowspan=\"1\">\n<div class=\"magic-9\"><span class=\"magic-8\">NXP UCODE 8,UCODE 9\/NTAG213,Mifare 1k\/EM4200,EM4305,T5577.TK4100 etc<\/span><\/div>\n<\/td>\n<\/tr>\n<tr>\n<td colspan=\"1\" rowspan=\"1\">\n<div class=\"magic-7\"><span class=\"magic-8\">Frekvens<\/span><\/div>\n<\/td>\n<td colspan=\"1\" rowspan=\"1\">\n<div class=\"magic-9\"><span class=\"magic-8\">860-960MHz\/13,56MHz\/125Khz<\/span><\/div>\n<\/td>\n<\/tr>\n<tr>\n<td colspan=\"1\" rowspan=\"1\">\n<div class=\"magic-7\"><span class=\"magic-8\">Minne<\/span><\/div>\n<\/td>\n<td colspan=\"1\" rowspan=\"1\">\n<div class=\"magic-9\"><span class=\"magic-8\">96 bitar\/128 bitar\/144 byte<\/span><\/div>\n<\/td>\n<\/tr>\n<tr>\n<td colspan=\"1\" rowspan=\"1\">\n<div class=\"magic-7\"><span class=\"magic-8\">L\u00e4s avst\u00e5nd<\/span><\/div>\n<\/td>\n<td colspan=\"1\" rowspan=\"1\">\n<div class=\"magic-9\"><span class=\"magic-8\">1-6m\/1~5cm\/1~2cm<\/span><\/div>\n<\/td>\n<\/tr>\n<tr>\n<td colspan=\"1\" rowspan=\"1\">\n<div class=\"magic-7\"><span class=\"magic-8\">Arbetsl\u00e4ge<\/span><\/div>\n<\/td>\n<td colspan=\"1\" rowspan=\"1\">\n<div class=\"magic-9\"><span class=\"magic-8\">passiv<\/span><\/div>\n<\/td>\n<\/tr>\n<tr>\n<td colspan=\"1\" rowspan=\"1\">\n<div class=\"magic-7\"><span class=\"magic-8\">Arbetstemperatur<\/span><\/div>\n<\/td>\n<td colspan=\"1\" rowspan=\"1\">\n<div class=\"magic-9\"><span class=\"magic-8\">-25\u2103~+110\u2103<\/span><\/div>\n<\/td>\n<\/tr>\n<tr>\n<td colspan=\"1\" rowspan=\"1\">\n<div class=\"magic-7\"><span class=\"magic-8\">F\u00f6rvaringstemperatur<\/span><\/div>\n<\/td>\n<td colspan=\"1\" rowspan=\"1\">\n<div class=\"magic-9\"><span class=\"magic-8\">-40\u2103~+85\u2103<\/span><\/div>\n<\/td>\n<\/tr>\n<tr>\n<td colspan=\"1\" rowspan=\"1\">\n<div class=\"magic-7\">\n<div><span class=\"magic-8\">\u00a0<\/span><\/div>\n<p><span class=\"magic-8\">Kortvarig temperaturbest\u00e4ndighet<\/span><\/p>\n<\/div>\n<\/td>\n<td colspan=\"1\" rowspan=\"1\">\n<div class=\"magic-9\"><span class=\"magic-8\">tv\u00e4tt: 90 \u2103, 15 minuter; omvandlarens f\u00f6rtorkning: 180 \u2103, 30 minuter, 200 g\u00e5nger; strykning: 180 \u2103, 10 sekunder, 200 g\u00e5nger; h\u00f6g<br \/>\ntemperatursterilisering: 135\u2103, 20 minuter<\/span><\/div>\n<\/td>\n<\/tr>\n<tr>\n<td colspan=\"1\" rowspan=\"1\">\n<div class=\"magic-7\"><span class=\"magic-8\">Drag<\/span><\/div>\n<\/td>\n<td colspan=\"1\" rowspan=\"1\">\n<div class=\"magic-9\"><span class=\"magic-8\">vattent\u00e4t, tv\u00e4ttbar, motst\u00e5ndskraftig mot h\u00f6g temperatur<\/span><\/div>\n<\/td>\n<\/tr>\n<tr>\n<td colspan=\"1\" rowspan=\"1\">\n<div class=\"magic-7\"><span class=\"magic-8\">Liv<\/span><\/div>\n<\/td>\n<td colspan=\"1\" rowspan=\"1\">\n<div class=\"magic-9\"><span class=\"magic-8\">tv\u00e4tta 200 g\u00e5nger eller 3 \u00e5r<\/span><\/div>\n<\/td>\n<\/tr>\n<tr>\n<td colspan=\"1\" rowspan=\"1\">\n<div class=\"magic-7\"><span class=\"magic-8\">Ans\u00f6kningar<\/span><\/div>\n<\/td>\n<td colspan=\"1\" rowspan=\"1\">\n<div class=\"magic-9\"><span class=\"magic-8\">tv\u00e4tthantering och sp\u00e5rning<\/span><\/div>\n<\/td>\n<\/tr>\n<\/tbody>\n<\/table>\n<\/div>\n<\/div>\n<div class=\"J_module\">\n<div class=\"detail-decorate-json-renderer-container\">\n<div class=\"magic-1\">\n<div>\n<div><\/div>\n<div class=\"auto-hide-last-sibling-br paragraph_1252f paragraph-element\">\n<div class=\"auto-hide-last-sibling-br paragraph_1252f paragraph-element\"><strong>Huvudfunktioner f\u00f6r den vattent\u00e4ta RFID-tv\u00e4ttknappen:<\/strong><\/div>\n<p>&nbsp;<\/p>\n<ol class=\"auto-hide-last-sibling-br\">\n<li>\n<div class=\"auto-hide-last-sibling-br paragraph_1252f paragraph-element\">Vattent\u00e4t: Det s\u00e4kerst\u00e4ller att taggens funktionalitet inte \u00e4ventyras n\u00e4r den uts\u00e4tts f\u00f6r vatten, vilket g\u00f6r den tillf\u00f6rlitlig i fuktiga f\u00f6rh\u00e5llanden.<\/div>\n<\/li>\n<li>\n<div class=\"auto-hide-last-sibling-br paragraph_1252f paragraph-element\">Designad f\u00f6r tuffa milj\u00f6er: Taggen \u00e4r robust konstruerad f\u00f6r att \u00f6verleva och fungera effektivt under ogynnsamma f\u00f6rh\u00e5llanden.<\/div>\n<\/li>\n<li>\n<div class=\"auto-hide-last-sibling-br paragraph_1252f paragraph-element\">Tv\u00e5 g\u00e5nger formsprutningsteknik: Denna tillverkningsprocess f\u00f6rb\u00e4ttrar taggens styrka och h\u00e5llbarhet, vilket g\u00f6r att den t\u00e5l grov behandling.<\/div>\n<\/li>\n<li>\n<div class=\"auto-hide-last-sibling-br paragraph_1252f paragraph-element\">Samtidig identifiering av taggar: Denna funktion g\u00f6r att systemet kan identifiera flera taggar samtidigt, vilket \u00f6kar effektiviteten och drifthastigheten.<\/div>\n<\/li>\n<li>\n<div class=\"auto-hide-last-sibling-br paragraph_1252f paragraph-element\">Exceptionell motst\u00e5ndskraft: Taggen fungerar exceptionellt bra under olika f\u00f6rh\u00e5llanden och visar sig vara resistent mot extrema temperaturer, oljor och kemiska l\u00f6sningar.<\/div>\n<\/li>\n<li>\n<div class=\"auto-hide-last-sibling-br paragraph_1252f paragraph-element\">M\u00e5ngsidiga storleksalternativ: Taggen finns i olika dimensioner och erbjuder flexibilitet att v\u00e4lja en optimal storlek, vilket underl\u00e4ttar s\u00f6ml\u00f6s integrering i olika applikationer.<\/div>\n<\/li>\n<\/ol>\n<\/div>\n<\/div>\n<p><strong>Chipalternativ:<\/strong><\/p>\n<ul>\n<li><strong>NXP UCODE 8\/9:<\/strong>\u00a0Kostnadseffektiva chips idealiska f\u00f6r grundl\u00e4ggande sp\u00e5rning och identifiering, med en l\u00e4sr\u00e4ckvidd p\u00e5 upp till 10 meter.<\/li>\n<li><strong>NTAG213:<\/strong>\u00a0NFC-aktiverat chip som till\u00e5ter kommunikation med smartphones och andra NFC-enheter, perfekt f\u00f6r applikationer som kontaktl\u00f6sa betalningar eller tillg\u00e5ng till produktinformation.<\/li>\n<li><strong>Mifare 1k:<\/strong>\u00a0S\u00e4kert chip med stark kryptering och autentiseringsfunktioner, l\u00e4mplig f\u00f6r \u00e5tkomstkontroll och s\u00e4ker datalagring.<\/li>\n<li><strong>EM4305:<\/strong>\u00a0L\u00e5gkostnadschip f\u00f6r grundl\u00e4ggande \u00e5tkomstkontrollapplikationer med en l\u00e4sr\u00e4ckvidd p\u00e5 upp till 1 meter.<\/li>\n<li><strong>T5577:<\/strong>\u00a0Ytterligare ett billigt chip f\u00f6r passerkontroll och biljettsystem, som erbjuder en l\u00e4sr\u00e4ckvidd p\u00e5 upp till 1 meter.<\/li>\n<\/ul>\n<div class=\"magic-2\">\n<div class=\"auto-hide-last-sibling-br paragraph_1252f paragraph-element\">\n<div class=\"auto-hide-last-sibling-br paragraph_1252f paragraph-element\"><strong>Applikationer:<\/strong><\/div>\n<ol class=\"auto-hide-last-sibling-br\">\n<li>\n<div class=\"auto-hide-last-sibling-br paragraph_1252f paragraph-element\">Industriella tv\u00e4ttstugor: I en industriell milj\u00f6 blir det enkelt att sp\u00e5ra stora m\u00e4ngder linne med v\u00e5ra RFID-tv\u00e4ttetikettknappar.<\/div>\n<\/li>\n<li>\n<div class=\"auto-hide-last-sibling-br paragraph_1252f paragraph-element\">V\u00e5rdinr\u00e4ttningar och hotell: Institutioner som dessa hanterar ofta tv\u00e4ttverksamhet med stora volymer d\u00e4r v\u00e5ra taggar konsekvent f\u00f6rb\u00e4ttrar effektiviteten och effektiviserar lagerhanteringen.<\/div>\n<\/li>\n<li>\n<div class=\"auto-hide-last-sibling-br paragraph_1252f paragraph-element\">Uthyrning av linne: F\u00f6retag inom tj\u00e4nstesektorn f\u00f6r linuthyrning anv\u00e4nder dessa taggar f\u00f6r att f\u00f6renkla lagerhantering och uppr\u00e4tth\u00e5lla kvalitetskontroll.<\/div>\n<\/li>\n<\/ol>\n<div class=\"auto-hide-last-sibling-br paragraph_1252f paragraph-element\">\n<p>&nbsp;<\/p>\n<\/div>\n<\/div>\n<div class=\"auto-hide-last-sibling-br paragraph_1252f paragraph-element\"><\/div>\n<\/div>\n<\/div>\n<\/div>\n<\/div>","protected":false},"excerpt":{"rendered":"<p>Vattent\u00e4t RFID-tv\u00e4ttknapp, PPS RFID-knapptaggen regerar som det vanliga valet p\u00e5 grund av sin kompakta, knappliknande form. Tillverkad med hj\u00e4lp av en strategi f\u00f6r dubbel formsprutning, har denna tagg designats f\u00f6r att trivas i sv\u00e5ra tv\u00e4ttsituationer, inklusive de som involverar pressmaskiner, kemtv\u00e4tt och strykprocesser. Anpassningsf\u00f6rm\u00e5gan och robustheten som den ger till bordet \u00e4r egenskaper som skiljer den \u00e5t inom omr\u00e5det tv\u00e4tthantering och lageruppf\u00f6ljning. Denna etiketts igenk\u00e4nning ligger i dess bekv\u00e4mlighet, styrka och motst\u00e5ndskraft mot extrema f\u00f6rh\u00e5llanden.<\/p>","protected":false},"featured_media":175,"template":"","meta":{"_kad_post_transparent":"default","_kad_post_title":"","_kad_post_layout":"default","_kad_post_sidebar_id":"","_kad_post_content_style":"default","_kad_post_vertical_padding":"default","_kad_post_feature":"","_kad_post_feature_position":"","_kad_post_header":false,"_kad_post_footer":false,"_kad_post_classname":""},"product_brand":[],"product_cat":[21,18,17,16],"product_tag":[43,35,44,80],"class_list":{"0":"post-174","1":"product","2":"type-product","3":"status-publish","4":"has-post-thumbnail","6":"product_cat-pps-rfid-laundry-tag","7":"product_cat-125khz-rfid-laundry-tag","8":"product_cat-nfc-rfid-laundry-tag","9":"product_cat-uhf-rfid-laundry-tags","10":"product_tag-pps-rfid-washable-laundry-tags","11":"product_tag-rfid-button","12":"product_tag-rfid-washable-laundry-tags","13":"product_tag-rfid-washing-button","15":"first","16":"instock","17":"featured","18":"shipping-taxable","19":"product-type-simple","20":"entry","21":"content-bg","22":"loop-entry"},"_links":{"self":[{"href":"https:\/\/rfid-laundry-tag.com\/sv\/wp-json\/wp\/v2\/product\/174","targetHints":{"allow":["GET"]}}],"collection":[{"href":"https:\/\/rfid-laundry-tag.com\/sv\/wp-json\/wp\/v2\/product"}],"about":[{"href":"https:\/\/rfid-laundry-tag.com\/sv\/wp-json\/wp\/v2\/types\/product"}],"version-history":[{"count":1,"href":"https:\/\/rfid-laundry-tag.com\/sv\/wp-json\/wp\/v2\/product\/174\/revisions"}],"predecessor-version":[{"id":1916,"href":"https:\/\/rfid-laundry-tag.com\/sv\/wp-json\/wp\/v2\/product\/174\/revisions\/1916"}],"wp:featuredmedia":[{"embeddable":true,"href":"https:\/\/rfid-laundry-tag.com\/sv\/wp-json\/wp\/v2\/media\/175"}],"wp:attachment":[{"href":"https:\/\/rfid-laundry-tag.com\/sv\/wp-json\/wp\/v2\/media?parent=174"}],"wp:term":[{"taxonomy":"product_brand","embeddable":true,"href":"https:\/\/rfid-laundry-tag.com\/sv\/wp-json\/wp\/v2\/product_brand?post=174"},{"taxonomy":"product_cat","embeddable":true,"href":"https:\/\/rfid-laundry-tag.com\/sv\/wp-json\/wp\/v2\/product_cat?post=174"},{"taxonomy":"product_tag","embeddable":true,"href":"https:\/\/rfid-laundry-tag.com\/sv\/wp-json\/wp\/v2\/product_tag?post=174"}],"curies":[{"name":"wp","href":"https:\/\/api.w.org\/{rel}","templated":true}]}}