{"id":171,"date":"2024-06-15T13:49:12","date_gmt":"2024-06-15T13:49:12","guid":{"rendered":"https:\/\/rfid-laundry-tag.com\/?post_type=product&#038;p=171"},"modified":"2024-06-15T14:14:22","modified_gmt":"2024-06-15T14:14:22","slug":"uhf-rfid-silicone-washing-labels","status":"publish","type":"product","link":"https:\/\/rfid-laundry-tag.com\/sv\/uhf-rfid-silicone-washing-labels\/","title":{"rendered":"UHF RFID silikontv\u00e4ttetiketter"},"content":{"rendered":"<table style=\"border-collapse: collapse; width: 711px; height: 751px;\" border=\"0\" width=\"537\" cellspacing=\"0\" cellpadding=\"0\">\n<tbody>\n<tr style=\"height: 14.40pt;\">\n<td class=\"et2\" style=\"height: 14.40pt; width: 136.80pt;\" width=\"228\" height=\"24\">Material<\/td>\n<td class=\"et2\" style=\"width: 185.40pt;\" width=\"309\">Silikon<\/td>\n<\/tr>\n<tr style=\"height: 14.40pt;\">\n<td class=\"et3\" style=\"height: 14.40pt; width: 136.80pt;\" width=\"228\" height=\"24\">Storlek<\/td>\n<td class=\"et3\" style=\"width: 185.40pt;\" width=\"309\">55x12mm, 56x20mm, 85x27mm<\/td>\n<\/tr>\n<tr style=\"height: 14.40pt;\">\n<td class=\"et3\" style=\"height: 14.40pt; width: 136.80pt;\" width=\"228\" height=\"24\">Frekvens<\/td>\n<td class=\"et3\" style=\"width: 185.40pt;\" width=\"309\">860-960mhz<\/td>\n<\/tr>\n<tr style=\"height: 27.60pt;\">\n<td class=\"et3\" style=\"height: 27.60pt; width: 136.80pt;\" width=\"228\" height=\"46\">IC-typ (chip)<\/td>\n<td class=\"et3\" style=\"width: 185.40pt;\" width=\"309\">U7\/U8 (Alien H3 och Impinj Monza R6 \u00e4r tillg\u00e4ngliga)<\/td>\n<\/tr>\n<tr style=\"height: 27.60pt;\">\n<td class=\"et3\" style=\"height: 27.60pt; width: 136.80pt;\" width=\"228\" height=\"46\">Protokoll<\/td>\n<td class=\"et3\" style=\"width: 185.40pt;\" width=\"309\">EPC Global Class 1 Gen2 &amp; ISO18000-6C<\/td>\n<\/tr>\n<tr style=\"height: 14.40pt;\">\n<td class=\"et3\" style=\"height: 14.40pt; width: 136.80pt;\" width=\"228\" height=\"24\">Minne<\/td>\n<td class=\"et3\" style=\"width: 185.40pt;\" width=\"309\">128 bitar<\/td>\n<\/tr>\n<tr style=\"height: 14.40pt;\">\n<td class=\"et3\" style=\"height: 14.40pt; width: 136.80pt;\" width=\"228\" height=\"24\">Tag Form Factor<\/td>\n<td class=\"et3\" style=\"width: 185.40pt;\" width=\"309\">Flexibel<\/td>\n<\/tr>\n<tr style=\"height: 14.40pt;\">\n<td class=\"et3\" style=\"height: 14.40pt; width: 136.80pt;\" width=\"228\" height=\"24\">Anti-kollision<\/td>\n<td class=\"et3\" style=\"width: 185.40pt;\" width=\"309\">Ja<\/td>\n<\/tr>\n<tr style=\"height: 14.40pt;\">\n<td class=\"et3\" style=\"height: 14.40pt; width: 136.80pt;\" width=\"228\" height=\"24\">Driftstemperatur<\/td>\n<td class=\"et3\" style=\"width: 185.40pt;\" width=\"309\">-25 \u00b0C \/ +200 \u00b0C<\/td>\n<\/tr>\n<tr style=\"height: 14.40pt;\">\n<td class=\"et3\" style=\"height: 14.40pt; width: 136.80pt;\" width=\"228\" height=\"24\">L\u00e4s avst\u00e5nd<\/td>\n<td class=\"et3\" style=\"width: 185.40pt;\" width=\"309\">1-7m<\/td>\n<\/tr>\n<tr style=\"height: 14.40pt;\">\n<td class=\"et3\" style=\"height: 14.40pt; width: 136.80pt;\" width=\"228\" height=\"24\">Fixar till<\/td>\n<td class=\"et3\" style=\"width: 185.40pt;\" width=\"309\">Linne och plagg<\/td>\n<\/tr>\n<tr style=\"height: 14.40pt;\">\n<td class=\"et3\" style=\"height: 14.40pt; width: 136.80pt;\" width=\"228\" height=\"24\">IP-betyg<\/td>\n<td class=\"et3\" style=\"width: 185.40pt;\" width=\"309\">IP68<\/td>\n<\/tr>\n<tr style=\"height: 14.40pt;\">\n<td class=\"et3\" style=\"height: 14.40pt; width: 136.80pt;\" width=\"228\" height=\"24\">F\u00e4rg<\/td>\n<td class=\"et3\" style=\"width: 185.40pt;\" width=\"309\">Vit\/Bl\u00e5 eller anpassad<\/td>\n<\/tr>\n<tr style=\"height: 17.40pt;\">\n<td class=\"et4\" style=\"height: 17.40pt; width: 322.20pt;\" colspan=\"2\" width=\"537\" height=\"29\">Tv\u00e4ttning<\/td>\n<\/tr>\n<tr style=\"height: 27.60pt;\">\n<td class=\"et3\" style=\"height: 27.60pt; width: 136.80pt;\" width=\"228\" height=\"46\">T\u00e5l exponering f\u00f6r<\/td>\n<td class=\"et3\" style=\"width: 185.40pt;\" width=\"309\">vatten och alla kemikalier som \u00e4r vanliga f\u00f6r kommersiell tv\u00e4tt och kemtv\u00e4tt<\/td>\n<\/tr>\n<tr style=\"height: 14.40pt;\">\n<td class=\"et3\" style=\"height: 14.40pt; width: 136.80pt;\" width=\"228\" height=\"24\">Tv\u00e4ttcykler<\/td>\n<td class=\"et3\" style=\"width: 185.40pt;\" width=\"309\">Upp till 200 kommersiella tv\u00e4ttcykler<\/td>\n<\/tr>\n<tr style=\"height: 27.60pt;\">\n<td class=\"et3\" style=\"height: 27.60pt; width: 136.80pt;\" width=\"228\" height=\"46\">Tv\u00e4ttning<\/td>\n<td class=\"et3\" style=\"width: 185.40pt;\" width=\"309\">150 \u00baC i 15-20 minuter \u2013 150 cykler<\/td>\n<\/tr>\n<tr style=\"height: 27.60pt;\">\n<td class=\"et3\" style=\"height: 27.60pt; width: 136.80pt;\" width=\"228\" height=\"46\">Torkning<\/td>\n<td class=\"et3\" style=\"width: 185.40pt;\" width=\"309\">95\u00b0C (upp till 60 min.), 130\u00b0C (upp till 30 min.)<\/td>\n<\/tr>\n<tr style=\"height: 14.40pt;\">\n<td class=\"et3\" style=\"height: 14.40pt; width: 136.80pt;\" width=\"228\" height=\"24\">Tunnelfinisher<\/td>\n<td class=\"et3\" style=\"width: 185.40pt;\" width=\"309\">200\u00b0C i 30 min<\/td>\n<\/tr>\n<tr style=\"height: 14.40pt;\">\n<td class=\"et3\" style=\"height: 14.40pt; width: 136.80pt;\" width=\"228\" height=\"24\">Strykning<\/td>\n<td class=\"et3\" style=\"width: 185.40pt;\" width=\"309\">250\u00b0C (upp till 60 sekunder)<\/td>\n<\/tr>\n<\/tbody>\n<\/table>\n<div><\/div>\n<div><\/div>\n<div class=\"auto-hide-last-sibling-br paragraph_1252f paragraph-element\"><strong>UHF RFID-silikontv\u00e4ttetiketterna erbjuder f\u00f6ljande nyckelfunktioner:<\/strong><\/div>\n<ol class=\"auto-hide-last-sibling-br\">\n<li>\n<div class=\"auto-hide-last-sibling-br paragraph_1252f paragraph-element\">Smal, mjuk och flexibel: Dess l\u00e4tta och formbara design s\u00e4kerst\u00e4ller en bekv\u00e4m passform p\u00e5 alla textilmaterial.<\/div>\n<\/li>\n<li>\n<div class=\"auto-hide-last-sibling-br paragraph_1252f paragraph-element\">Fj\u00e4drande: Taggarna \u00e4r vattent\u00e4ta och resistenta mot kemiska l\u00f6sningar, vilket s\u00e4kerst\u00e4ller att de bibeh\u00e5ller sin funktionalitet oavsett vilken milj\u00f6 de uts\u00e4tts f\u00f6r.<\/div>\n<\/li>\n<li>\n<div class=\"auto-hide-last-sibling-br paragraph_1252f paragraph-element\">L\u00e5ngvarig: Ger h\u00e5llbarhet f\u00f6r upp till 200 cykler av tv\u00e4tt, torkning, reng\u00f6ring och strykning, vilket ger konsekvent prestanda.<\/div>\n<\/li>\n<li>\n<div class=\"auto-hide-last-sibling-br paragraph_1252f paragraph-element\">Exceptionell motst\u00e5ndskraft: T\u00e5l h\u00f6ga temperaturer och tuffa milj\u00f6er. RFID-tv\u00e4ttetiketten, som arbetar inom frekvensomr\u00e5det 860~960MHz, \u00e4r speciellt utformad f\u00f6r att t\u00e5la h\u00f6gtrycks- och temperaturreng\u00f6ringsprocesser.<\/div>\n<\/li>\n<li>\n<div class=\"auto-hide-last-sibling-br paragraph_1252f paragraph-element\">Brett anv\u00e4ndningsomr\u00e5de: Idealisk f\u00f6r anv\u00e4ndning i utmanande f\u00f6rh\u00e5llanden som kr\u00e4ver h\u00f6g v\u00e4rme, korrosion och slitstyrka, s\u00e5som tv\u00e4ttstugor och industritv\u00e4tt.<\/div>\n<\/li>\n<li>\n<div class=\"auto-hide-last-sibling-br paragraph_1252f paragraph-element\">Enkel integrering: Inkorporeras enkelt i olika textilier, inklusive skjortor, arbetskl\u00e4der, lakan och andra textilprodukter.<\/div>\n<\/li>\n<li>\n<div class=\"auto-hide-last-sibling-br paragraph_1252f paragraph-element\">M\u00e4ngd val: Erbjuder en rad RFID-tv\u00e4ttetiketter, inklusive RFID PPS-tv\u00e4ttetiketter, RFID-silikontv\u00e4ttetiketter och RFID-tygtv\u00e4ttetiketter.<\/div>\n<\/li>\n<li>\n<div class=\"auto-hide-last-sibling-br paragraph_1252f paragraph-element\">Bred anv\u00e4ndning: Anv\u00e4nds i stor utstr\u00e4ckning inom kl\u00e4ddetaljhandel, hotelllakan, kemtv\u00e4tt f\u00f6r medicinsk uniform och industriell tv\u00e4tt.<\/div>\n<\/li>\n<li>\n<div class=\"auto-hide-last-sibling-br paragraph_1252f paragraph-element\">Effektiv hantering: RFID-teknik uppvisar \u00f6verl\u00e4gsen prestanda i effektiv hantering, optimering av lager och minskning av m\u00e4nskliga fel under tv\u00e4tt- och faktureringsprocesser.<\/div>\n<\/li>\n<\/ol>\n<div class=\"auto-hide-last-sibling-br paragraph_1252f paragraph-element\">Sammanfattningsvis \u00e4r dessa taggar skr\u00e4ddarsydda f\u00f6r utmanande tv\u00e4ttf\u00f6rh\u00e5llanden och erbjuder h\u00e5llbarhet, effektivitet och ett brett utbud av applikationer. De tillhandah\u00e5ller en smart l\u00f6sning f\u00f6r att effektivt hantera och sp\u00e5ra tv\u00e4ttartiklar inom olika sektorer.<\/div>\n<div><\/div>\n<p data-spm-anchor-id=\"a2700.details.0.i116.60201a70jOXdOd\"><strong>Applikation:<\/strong><\/p>\n<ul>\n<li>Hotells\u00e4ngkl\u00e4der Sp\u00e5rningshantering<\/li>\n<li>Fabrik\/lager\/hotell\/sjukhus\/n\u00f6jespark<\/li>\n<li data-spm-anchor-id=\"a2700.details.0.i115.60201a70jOXdOd\"><span data-spm-anchor-id=\"a2700.details.0.i120.60201a70jOXdOd\">Sjukhusuniformer<\/span><\/li>\n<li data-spm-anchor-id=\"a2700.details.0.i118.60201a70jOXdOd\">Linne\/ Pallar\/ Canvasv\u00e4skor<\/li>\n<li>Kemtv\u00e4tt<\/li>\n<li>Anv\u00e4nd i hotelllakan\/ F\u00e4st p\u00e5 textil\/ Arbetskl\u00e4der.<\/li>\n<li>Kl\u00e4desfabrik, Tygfabrik.<\/li>\n<\/ul>\n<p>&nbsp;<\/p>","protected":false},"excerpt":{"rendered":"<p>UHF RFID silikontv\u00e4ttetiketter \u00e4r en exklusiv etikettdesign som klarar rigor\u00f6sa tv\u00e4ttmetoder. De \u00e4r s\u00e4rskilt l\u00e4mpliga f\u00f6r kl\u00e4der och tyger som genomg\u00e5r regelbunden reng\u00f6ring. Dessa etiketter \u00e4r tillverkade av robust silikon, vilket s\u00e4kerst\u00e4ller deras h\u00e5llbarhet. Dessutom har de ett UHF (Ultra High Frequency) RFID-chip, som kan programmeras med relevant information om plagget eller textilen. Detta g\u00f6r dessa etiketter till ett bekv\u00e4mt och effektivt alternativ f\u00f6r att hantera och sp\u00e5ra tv\u00e4ttartiklar.<\/p>","protected":false},"featured_media":173,"template":"","meta":{"_kad_post_transparent":"default","_kad_post_title":"","_kad_post_layout":"default","_kad_post_sidebar_id":"","_kad_post_content_style":"default","_kad_post_vertical_padding":"default","_kad_post_feature":"","_kad_post_feature_position":"","_kad_post_header":false,"_kad_post_footer":false,"_kad_post_classname":""},"product_brand":[],"product_cat":[20,16],"product_tag":[63,62,61,79],"class_list":{"0":"post-171","1":"product","2":"type-product","3":"status-publish","4":"has-post-thumbnail","6":"product_cat-silicone-rfid-laundry-tag","7":"product_cat-uhf-rfid-laundry-tags","8":"product_tag-rfid-washing-tag","9":"product_tag-silicone-rfid-laundry-tag","10":"product_tag-silicone-washable-rfid-laundry-tag","11":"product_tag-uhf-rfid-silicone-washing-labels","13":"first","14":"instock","15":"shipping-taxable","16":"product-type-simple","17":"entry","18":"content-bg","19":"loop-entry"},"_links":{"self":[{"href":"https:\/\/rfid-laundry-tag.com\/sv\/wp-json\/wp\/v2\/product\/171","targetHints":{"allow":["GET"]}}],"collection":[{"href":"https:\/\/rfid-laundry-tag.com\/sv\/wp-json\/wp\/v2\/product"}],"about":[{"href":"https:\/\/rfid-laundry-tag.com\/sv\/wp-json\/wp\/v2\/types\/product"}],"version-history":[{"count":0,"href":"https:\/\/rfid-laundry-tag.com\/sv\/wp-json\/wp\/v2\/product\/171\/revisions"}],"wp:featuredmedia":[{"embeddable":true,"href":"https:\/\/rfid-laundry-tag.com\/sv\/wp-json\/wp\/v2\/media\/173"}],"wp:attachment":[{"href":"https:\/\/rfid-laundry-tag.com\/sv\/wp-json\/wp\/v2\/media?parent=171"}],"wp:term":[{"taxonomy":"product_brand","embeddable":true,"href":"https:\/\/rfid-laundry-tag.com\/sv\/wp-json\/wp\/v2\/product_brand?post=171"},{"taxonomy":"product_cat","embeddable":true,"href":"https:\/\/rfid-laundry-tag.com\/sv\/wp-json\/wp\/v2\/product_cat?post=171"},{"taxonomy":"product_tag","embeddable":true,"href":"https:\/\/rfid-laundry-tag.com\/sv\/wp-json\/wp\/v2\/product_tag?post=171"}],"curies":[{"name":"wp","href":"https:\/\/api.w.org\/{rel}","templated":true}]}}