{"id":1669,"date":"2024-08-31T09:24:58","date_gmt":"2024-08-31T09:24:58","guid":{"rendered":"https:\/\/rfid-laundry-tag.com\/?post_type=product&#038;p=1669"},"modified":"2024-09-16T05:07:30","modified_gmt":"2024-09-16T05:07:30","slug":"uhf-rfid-laundry-button-heat-resistant-pps-tag","status":"publish","type":"product","link":"https:\/\/rfid-laundry-tag.com\/sv\/uhf-rfid-laundry-button-heat-resistant-pps-tag\/","title":{"rendered":"UHF RFID tv\u00e4ttknapp V\u00e4rmebest\u00e4ndig PPS-tagg"},"content":{"rendered":"<div class=\"J_module\">\n<div class=\"ife-detail-decorate-table\">\n<table class=\"has-title all magic-6\">\n<tbody>\n<tr>\n<td colspan=\"1\" rowspan=\"1\">\n<div class=\"magic-7\" data-spm-anchor-id=\"a2700.details.0.i45.77607d98vZbcDU\"><span class=\"magic-8\" style=\"color: #363535;\">Objektets namn<\/span><\/div>\n<\/td>\n<td colspan=\"1\" rowspan=\"1\">\n<div class=\"magic-9\"><span class=\"magic-8\">UHF RFID tv\u00e4ttknapp V\u00e4rmebest\u00e4ndig PPS-tagg<\/span><\/div>\n<\/td>\n<\/tr>\n<tr>\n<td colspan=\"1\" rowspan=\"1\">\n<div class=\"magic-7\"><span class=\"magic-10\" data-spm-anchor-id=\"a2700.pc-decorate.0.i10.28d333330XLbTD\"><span class=\"magic-8\">Material<\/span><\/span><\/div>\n<\/td>\n<td colspan=\"1\" rowspan=\"1\">\n<div class=\"magic-9\"><span class=\"magic-8\">PPS<\/span><\/div>\n<\/td>\n<\/tr>\n<tr>\n<td colspan=\"1\" rowspan=\"1\">\n<div class=\"magic-7\"><span class=\"magic-8\">F\u00e4rg<\/span><\/div>\n<\/td>\n<td colspan=\"1\" rowspan=\"1\">\n<div class=\"magic-9\"><span class=\"magic-8\">Svart<\/span><\/div>\n<\/td>\n<\/tr>\n<tr>\n<td colspan=\"1\" rowspan=\"1\">MOQ<\/td>\n<td colspan=\"1\" rowspan=\"1\">500 st<\/td>\n<\/tr>\n<tr>\n<td colspan=\"1\" rowspan=\"1\">\n<div class=\"magic-7\"><span class=\"magic-8\">Tillverkare\/chip<\/span><\/div>\n<\/td>\n<td colspan=\"1\" rowspan=\"1\">\n<div class=\"magic-9\"><span class=\"magic-8\">NXP UCODE 8, UCODE 9, Alien H3, Higgs 9 etc<\/span><\/div>\n<\/td>\n<\/tr>\n<tr>\n<td colspan=\"1\" rowspan=\"1\">\n<div class=\"magic-7\"><span class=\"magic-8\">Frekvens<\/span><\/div>\n<\/td>\n<td colspan=\"1\" rowspan=\"1\">\n<div class=\"magic-9\"><span class=\"magic-8\">860-960MHz\/<\/span><\/div>\n<\/td>\n<\/tr>\n<tr>\n<td colspan=\"1\" rowspan=\"1\">\n<div class=\"magic-7\"><span class=\"magic-8\">Minne<\/span><\/div>\n<\/td>\n<td colspan=\"1\" rowspan=\"1\">\n<div class=\"magic-9\"><span class=\"magic-8\">96 bitar\/128 bitar<\/span><\/div>\n<\/td>\n<\/tr>\n<tr>\n<td colspan=\"1\" rowspan=\"1\">\n<div class=\"magic-7\"><span class=\"magic-8\">L\u00e4s avst\u00e5nd<\/span><\/div>\n<\/td>\n<td colspan=\"1\" rowspan=\"1\">\n<div class=\"magic-9\"><span class=\"magic-8\">1-6m<\/span><\/div>\n<\/td>\n<\/tr>\n<tr>\n<td colspan=\"1\" rowspan=\"1\">\n<div class=\"magic-7\"><span class=\"magic-8\">Arbetsl\u00e4ge<\/span><\/div>\n<\/td>\n<td colspan=\"1\" rowspan=\"1\">\n<div class=\"magic-9\"><span class=\"magic-8\">passiv<\/span><\/div>\n<\/td>\n<\/tr>\n<tr>\n<td colspan=\"1\" rowspan=\"1\">\n<div class=\"magic-7\"><span class=\"magic-8\">Arbetstemperatur<\/span><\/div>\n<\/td>\n<td colspan=\"1\" rowspan=\"1\">\n<div class=\"magic-9\"><span class=\"magic-8\">-25\u2103~+110\u2103<\/span><\/div>\n<\/td>\n<\/tr>\n<tr>\n<td colspan=\"1\" rowspan=\"1\">\n<div class=\"magic-7\"><span class=\"magic-8\">F\u00f6rvaringstemperatur<\/span><\/div>\n<\/td>\n<td colspan=\"1\" rowspan=\"1\">\n<div class=\"magic-9\"><span class=\"magic-8\">-40\u2103~+85\u2103<\/span><\/div>\n<\/td>\n<\/tr>\n<tr>\n<td colspan=\"1\" rowspan=\"1\">\n<div class=\"magic-7\">\n<div><span class=\"magic-8\">\u00a0<\/span><\/div>\n<p><span class=\"magic-8\">Kortvarig temperaturbest\u00e4ndighet<\/span><\/p>\n<\/div>\n<\/td>\n<td colspan=\"1\" rowspan=\"1\">\n<div class=\"magic-9\"><span class=\"magic-8\">tv\u00e4tt: 90 \u2103, 15 minuter; omvandlarens f\u00f6rtorkning: 180 \u2103, 30 minuter, 200 g\u00e5nger; strykning: 180 \u2103, 10 sekunder, 200 g\u00e5nger; h\u00f6g<br \/>\ntemperatursterilisering: 135\u2103, 20 minuter<\/span><\/div>\n<\/td>\n<\/tr>\n<tr>\n<td colspan=\"1\" rowspan=\"1\">\n<div class=\"magic-7\"><span class=\"magic-8\">Drag<\/span><\/div>\n<\/td>\n<td colspan=\"1\" rowspan=\"1\">\n<div class=\"magic-9\"><span class=\"magic-8\">vattent\u00e4t, tv\u00e4ttbar, motst\u00e5ndskraftig mot h\u00f6g temperatur<\/span><\/div>\n<\/td>\n<\/tr>\n<tr>\n<td colspan=\"1\" rowspan=\"1\">\n<div class=\"magic-7\"><span class=\"magic-8\">Liv<\/span><\/div>\n<\/td>\n<td colspan=\"1\" rowspan=\"1\">\n<div class=\"magic-9\"><span class=\"magic-8\">tv\u00e4tta 200 g\u00e5nger eller 3 \u00e5r<\/span><\/div>\n<\/td>\n<\/tr>\n<tr>\n<td colspan=\"1\" rowspan=\"1\">\n<div class=\"magic-7\"><span class=\"magic-8\">Ans\u00f6kningar<\/span><\/div>\n<\/td>\n<td colspan=\"1\" rowspan=\"1\">\n<div class=\"magic-9\"><span class=\"magic-8\">tv\u00e4tthantering och sp\u00e5rning<\/span><\/div>\n<\/td>\n<\/tr>\n<\/tbody>\n<\/table>\n<\/div>\n<\/div>\n<div class=\"J_module\">\n<div class=\"detail-decorate-json-renderer-container\">\n<div class=\"magic-1\">\n<div class=\"magic-2\">\n<div class=\"magic-3\">\n<div><\/div>\n<div class=\"magic-4\">\n<div><strong>RFID-knapptagg<\/strong><\/div>\n<div><\/div>\n<\/div>\n<\/div>\n<div>\n<div class=\"auto-hide-last-sibling-br paragraph_1252f paragraph-element\">PPS h\u00f6gtemperaturbest\u00e4ndiga tv\u00e4ttetiketter fungerar som en utm\u00e4rkt sp\u00e5rningsl\u00f6sning f\u00f6r kommersiella milj\u00f6er som matsalar och restauranger d\u00e4r stora volymer serviser st\u00e4ndigt hanteras.<\/div>\n<\/div>\n<\/div>\n<div id=\"featuresXsp\" class=\"features-list toggle-opacity in\">\n<div class=\"features-xsp\">\n<div class=\"collapse-mobile ste-list\">\n<div class=\"collapse-mobile ste-list\"><\/div>\n<\/div>\n<\/div>\n<\/div>\n<div class=\"magic-2\">\n<div>\n<div class=\"auto-hide-last-sibling-br paragraph_1252f paragraph-element\">\n<h4>Artikeldetaljer<\/h4>\n<ul>\n<li><strong>Namn:<\/strong>\u00a0UHF RFID tv\u00e4ttknapp V\u00e4rmebest\u00e4ndig PPS-tagg<\/li>\n<li><strong>Material:<\/strong>\u00a0PPS (polyfenylensulfid)<\/li>\n<li><strong>F\u00e4rg:<\/strong>\u00a0Svart<\/li>\n<li><strong>Minsta orderkvantitet (MOQ):<\/strong>\u00a0500 st<\/li>\n<\/ul>\n<h4>Specifikationer<\/h4>\n<ul>\n<li><strong>Tillverkare\/chipalternativ:<\/strong>\n<ul>\n<li>NXP UCODE 8, UCODE 8m<\/li>\n<li>NXP UCODE 9<\/li>\n<li>Alien Higgs\u2122 9<\/li>\n<\/ul>\n<\/li>\n<li><strong>Frekvens:<\/strong>\u00a0860-960 MHz<\/li>\n<li><strong>Minnesalternativ:<\/strong>\n<ul>\n<li>96 bitar<\/li>\n<li>128 bitar<\/li>\n<\/ul>\n<\/li>\n<li><strong>L\u00e4s avst\u00e5nd:<\/strong>\u00a01-6 meter<\/li>\n<li><strong>Arbetsl\u00e4ge:<\/strong>\u00a0Passiv<\/li>\n<li><strong>Driftstemperatur:<\/strong>\u00a0-25\u00b0C till +110\u00b0C<\/li>\n<li><strong>F\u00f6rvaringstemperatur:<\/strong>\u00a0-40\u00b0C till +85\u00b0C<\/li>\n<\/ul>\n<h4>Kortvarig temperaturbest\u00e4ndighet<\/h4>\n<ul>\n<li><strong>Tv\u00e4ttning:<\/strong>\u00a090\u00b0C i 15 minuter<\/li>\n<li><strong>Converter F\u00f6rtorkning:<\/strong>\u00a0180\u00b0C i 30 minuter (200 cykler)<\/li>\n<li><strong>Strykning:<\/strong>\u00a0180\u00b0C i 10 sekunder (200 cykler)<\/li>\n<li><strong>Sterilisering vid h\u00f6g temperatur:<\/strong>\u00a0135\u00b0C i 20 minuter<\/li>\n<\/ul>\n<h4>Nyckelfunktioner<\/h4>\n<ul>\n<li>Vattent\u00e4t och tv\u00e4ttbar<\/li>\n<li>Motst\u00e5nd mot h\u00f6g temperatur<\/li>\n<li>L\u00e4mplig f\u00f6r industriella tv\u00e4ttf\u00f6rh\u00e5llanden<\/li>\n<li>Designad f\u00f6r l\u00e5ng livsl\u00e4ngd: 200 tv\u00e4ttcykler eller 3 \u00e5r<\/li>\n<\/ul>\n<h4>Ans\u00f6kningar<\/h4>\n<ul>\n<li><strong>Prim\u00e4ra anv\u00e4ndningsomr\u00e5den:<\/strong>\u00a0Tv\u00e4tthantering och sp\u00e5rning i kommersiella milj\u00f6er (t.ex. matsalar, restauranger)<\/li>\n<li><strong>M\u00e5ngsidig taggning:<\/strong>\u00a0Kan f\u00e4stas p\u00e5 olika textilartiklar som strumpor, skjortor och handdukar f\u00f6r att minimera f\u00f6rlusten.<\/li>\n<\/ul>\n<h4>Chipfunktioner<\/h4>\n<ul>\n<li><strong>NXP UCODE 8\/8m:<\/strong>\n<ul>\n<li>L\u00e4sk\u00e4nslighet: -23 dBm<\/li>\n<li>Skrivk\u00e4nslighet: -18 dBm<\/li>\n<li>Innovativa funktioner f\u00f6r lagerhantering<\/li>\n<\/ul>\n<\/li>\n<li><strong>NXP UCODE 9:<\/strong>\n<ul>\n<li>L\u00e4sk\u00e4nslighet: -24 dBm<\/li>\n<li>Skrivk\u00e4nslighet: -22 dBm<\/li>\n<li>100k skrivcykeluth\u00e5llighet<\/li>\n<\/ul>\n<\/li>\n<li><strong>Alien Higgs\u2122 9:<\/strong>\n<ul>\n<li>1024 bitar NVM\/RAM-minne<\/li>\n<li>\u00d6verensst\u00e4mmer med GS1 Class 1 Gen 2 och ISO\/IEC 18000-6C<\/li>\n<\/ul>\n<\/li>\n<\/ul>\n<p>Dessa taggar erbjuder en robust l\u00f6sning f\u00f6r att sp\u00e5ra linne i tv\u00e4ttapplikationer, vilket s\u00e4kerst\u00e4ller h\u00f6g prestanda och h\u00e5llbarhet i kr\u00e4vande milj\u00f6er.<\/p>\n<\/div>\n<div class=\"auto-hide-last-sibling-br paragraph_1252f paragraph-element\"><\/div>\n<\/div>\n<\/div>\n<\/div>\n<\/div>\n<\/div>","protected":false},"excerpt":{"rendered":"<p>UHF RFID-tv\u00e4ttknapp V\u00e4rmebest\u00e4ndig PPS-tagg f\u00f6r effektiv sp\u00e5rning, t\u00e5l h\u00f6ga temperaturer, vattent\u00e4t och idealisk f\u00f6r kommersiell tv\u00e4tthantering<\/p>","protected":false},"featured_media":1670,"template":"","meta":{"_kad_post_transparent":"default","_kad_post_title":"","_kad_post_layout":"default","_kad_post_sidebar_id":"","_kad_post_content_style":"default","_kad_post_vertical_padding":"default","_kad_post_feature":"","_kad_post_feature_position":"","_kad_post_header":false,"_kad_post_footer":false,"_kad_post_classname":""},"product_brand":[],"product_cat":[21,16],"product_tag":[226,35,225,30],"class_list":{"0":"post-1669","1":"product","2":"type-product","3":"status-publish","4":"has-post-thumbnail","6":"product_cat-pps-rfid-laundry-tag","7":"product_cat-uhf-rfid-laundry-tags","8":"product_tag-heat-resistant-pps-rfid-tag","9":"product_tag-rfid-button","10":"product_tag-uhf-rfid-laundry-button","11":"product_tag-uhf-rfid-laundry-tag","13":"first","14":"instock","15":"shipping-taxable","16":"product-type-simple","17":"entry","18":"content-bg","19":"loop-entry"},"_links":{"self":[{"href":"https:\/\/rfid-laundry-tag.com\/sv\/wp-json\/wp\/v2\/product\/1669","targetHints":{"allow":["GET"]}}],"collection":[{"href":"https:\/\/rfid-laundry-tag.com\/sv\/wp-json\/wp\/v2\/product"}],"about":[{"href":"https:\/\/rfid-laundry-tag.com\/sv\/wp-json\/wp\/v2\/types\/product"}],"version-history":[{"count":2,"href":"https:\/\/rfid-laundry-tag.com\/sv\/wp-json\/wp\/v2\/product\/1669\/revisions"}],"predecessor-version":[{"id":1672,"href":"https:\/\/rfid-laundry-tag.com\/sv\/wp-json\/wp\/v2\/product\/1669\/revisions\/1672"}],"wp:featuredmedia":[{"embeddable":true,"href":"https:\/\/rfid-laundry-tag.com\/sv\/wp-json\/wp\/v2\/media\/1670"}],"wp:attachment":[{"href":"https:\/\/rfid-laundry-tag.com\/sv\/wp-json\/wp\/v2\/media?parent=1669"}],"wp:term":[{"taxonomy":"product_brand","embeddable":true,"href":"https:\/\/rfid-laundry-tag.com\/sv\/wp-json\/wp\/v2\/product_brand?post=1669"},{"taxonomy":"product_cat","embeddable":true,"href":"https:\/\/rfid-laundry-tag.com\/sv\/wp-json\/wp\/v2\/product_cat?post=1669"},{"taxonomy":"product_tag","embeddable":true,"href":"https:\/\/rfid-laundry-tag.com\/sv\/wp-json\/wp\/v2\/product_tag?post=1669"}],"curies":[{"name":"wp","href":"https:\/\/api.w.org\/{rel}","templated":true}]}}