{"id":163,"date":"2024-06-15T11:55:44","date_gmt":"2024-06-15T11:55:44","guid":{"rendered":"https:\/\/rfid-laundry-tag.com\/?post_type=product&#038;p=163"},"modified":"2024-06-15T12:33:50","modified_gmt":"2024-06-15T12:33:50","slug":"laundry-tag-rfid-silicon","status":"publish","type":"product","link":"https:\/\/rfid-laundry-tag.com\/sv\/laundry-tag-rfid-silicon\/","title":{"rendered":"Tv\u00e4ttetikett RFID Silicon"},"content":{"rendered":"<table style=\"font-family: var(--global-body-font-family);\" width=\"537\">\n<tbody>\n<tr>\n<td width=\"228\">Namn<\/td>\n<td width=\"309\">Tv\u00e4ttetikett RFID Silicon<\/td>\n<\/tr>\n<tr>\n<td width=\"228\">L\u00e4ge<\/td>\n<td width=\"309\">SL-01<\/td>\n<\/tr>\n<tr>\n<td width=\"228\">Material<\/td>\n<td width=\"309\">Silikon<\/td>\n<\/tr>\n<tr>\n<td width=\"228\">F\u00e4rg<\/td>\n<td width=\"309\">Vit (eller anpassad)<\/td>\n<\/tr>\n<tr>\n<td width=\"228\">Storlek<\/td>\n<td width=\"309\">55mm*12mm, 2,5mm tjocklek<\/td>\n<\/tr>\n<tr>\n<td width=\"228\">Chips<\/td>\n<td width=\"309\">915Mhz NXP U-kod 9, Alien H3 ,H9 etc<\/td>\n<\/tr>\n<tr>\n<td width=\"228\">Arbetstemperatur<\/td>\n<td width=\"309\">\u2013 25\u00baC till +75\u00baC<\/td>\n<\/tr>\n<tr>\n<td width=\"228\">Tv\u00e4ttcykel<\/td>\n<td width=\"309\">200 g\u00e5nger<\/td>\n<\/tr>\n<tr>\n<td width=\"228\">Vattent\u00e4t<\/td>\n<td width=\"309\">Ja<\/td>\n<\/tr>\n<tr>\n<td width=\"228\">Kemisk best\u00e4ndighet<\/td>\n<td width=\"309\">Ja<\/td>\n<\/tr>\n<\/tbody>\n<\/table>\n<p data-spm-anchor-id=\"a2700.details.0.i116.60201a70jOXdOd\">\n<p data-spm-anchor-id=\"a2700.details.0.i116.60201a70jOXdOd\"><strong>Applikation:<\/strong><\/p>\n<ol class=\"auto-hide-last-sibling-br\">\n<li>\n<div class=\"auto-hide-last-sibling-br paragraph_1252f paragraph-element\">Tv\u00e4ttbara och \u00e5teranv\u00e4ndbara: Dessa taggar \u00e4r byggda f\u00f6r att klara flera tv\u00e4ttcykler, vilket g\u00f6r dem till en kostnadseffektiv l\u00f6sning f\u00f6r l\u00e5ngvarig anv\u00e4ndning.<\/div>\n<\/li>\n<li>\n<div class=\"auto-hide-last-sibling-br paragraph_1252f paragraph-element\">Gjorda f\u00f6r tuffa tv\u00e4ttf\u00f6rh\u00e5llanden: De \u00e4r speciellt utformade f\u00f6r att t\u00e5la de tuffa f\u00f6rh\u00e5llanden under vilka tv\u00e4ttning sker.<\/div>\n<\/li>\n<li>\n<div class=\"auto-hide-last-sibling-br paragraph_1252f paragraph-element\">Best\u00e4ndiga egenskaper: Dessa taggar \u00e4r fuktbest\u00e4ndiga, t\u00e5l h\u00f6ga temperaturer och \u00e4r resistenta mot olika kemikalier, vilket s\u00e4kerst\u00e4ller obehindrad funktion under olika f\u00f6rh\u00e5llanden.<\/div>\n<\/li>\n<li>\n<div class=\"auto-hide-last-sibling-br paragraph_1252f paragraph-element\">Milj\u00f6v\u00e4nligt silikonmaterial: Dessa taggar \u00e4r gjorda av milj\u00f6v\u00e4nligt silikon och \u00e4r ofarliga f\u00f6r b\u00e5de m\u00e4nniskokroppen och milj\u00f6n, i linje med medveten konsumtion och h\u00e5llbara metoder.<\/div>\n<\/li>\n<li>\n<div class=\"auto-hide-last-sibling-br paragraph_1252f paragraph-element\">Breda applikationer: Dessa taggar kan bekv\u00e4mt anv\u00e4ndas f\u00f6r att hantera kl\u00e4der, f\u00f6rb\u00e4ttra s\u00e4kerhetskontroller och optimera verksamheten i tv\u00e4ttbutiker (inklusive industriklassade tv\u00e4tterier), vilket ger \u00f6verl\u00e4gsen effektivitet och kontroll.<\/div>\n<\/li>\n<\/ol>\n<div class=\"auto-hide-last-sibling-br paragraph_1252f paragraph-element\">Silikon RFID-tv\u00e4ttetiketten, som fungerar inom frekvensomr\u00e5det 860~960MHz, \u00e4r speciellt konstruerad f\u00f6r att t\u00e5la h\u00f6ga temperaturer och intensiva tryck som \u00e4r typiska f\u00f6r reng\u00f6ringsprocesser. Dess omfattande anv\u00e4ndning kan hittas i rigor\u00f6sa milj\u00f6er som kr\u00e4ver motst\u00e5ndskraft mot h\u00f6ga v\u00e4rmeniv\u00e5er, korrosion och slitage, s\u00e4rskilt tv\u00e4ttanl\u00e4ggningar, industriell reng\u00f6ring och andra.<\/div>\n<p>&nbsp;<\/p>\n<div class=\"auto-hide-last-sibling-br paragraph_1252f paragraph-element\">Dessa RFID-tv\u00e4ttetiketter har den unika f\u00f6rm\u00e5gan att s\u00f6ml\u00f6st integreras i en m\u00e4ngd olika textilartiklar, inklusive skjortor, arbetsuniformer, s\u00e4ngkl\u00e4der och andra tygbaserade produkter. Som s\u00e5dana erbjuder de en kraftfull och effektiv l\u00f6sning f\u00f6r att sp\u00e5ra och hantera ett stort utbud av textilvaror inom olika industrier.<\/div>\n<p>&nbsp;<\/p>","protected":false},"excerpt":{"rendered":"<p>RFID Silicon Laundry Tags anv\u00e4nds vanligtvis i h\u00f6gintensiva operationer som industriella tv\u00e4ttprocesser, hotelllinnehantering och medicinsk enhetlig sp\u00e5rning. Dessa taggar \u00e4r k\u00e4nda f\u00f6r sin flexibilitet och uth\u00e5llighet vid h\u00f6ga temperaturer, designade f\u00f6r att klara \u00f6ver 200 tv\u00e4ttcykler, vilket s\u00e4kerst\u00e4ller p\u00e5litlig prestanda \u00e4ven under de mest kr\u00e4vande f\u00f6rh\u00e5llanden.<\/p>","protected":false},"featured_media":164,"template":"","meta":{"_kad_post_transparent":"default","_kad_post_title":"","_kad_post_layout":"default","_kad_post_sidebar_id":"","_kad_post_content_style":"default","_kad_post_vertical_padding":"default","_kad_post_feature":"","_kad_post_feature_position":"","_kad_post_header":false,"_kad_post_footer":false,"_kad_post_classname":""},"product_brand":[],"product_cat":[20,16],"product_tag":[76,62,61],"class_list":{"0":"post-163","1":"product","2":"type-product","3":"status-publish","4":"has-post-thumbnail","6":"product_cat-silicone-rfid-laundry-tag","7":"product_cat-uhf-rfid-laundry-tags","8":"product_tag-laundry-tag-rfid-silicon","9":"product_tag-silicone-rfid-laundry-tag","10":"product_tag-silicone-washable-rfid-laundry-tag","12":"first","13":"instock","14":"shipping-taxable","15":"product-type-simple","16":"entry","17":"content-bg","18":"loop-entry"},"_links":{"self":[{"href":"https:\/\/rfid-laundry-tag.com\/sv\/wp-json\/wp\/v2\/product\/163","targetHints":{"allow":["GET"]}}],"collection":[{"href":"https:\/\/rfid-laundry-tag.com\/sv\/wp-json\/wp\/v2\/product"}],"about":[{"href":"https:\/\/rfid-laundry-tag.com\/sv\/wp-json\/wp\/v2\/types\/product"}],"version-history":[{"count":0,"href":"https:\/\/rfid-laundry-tag.com\/sv\/wp-json\/wp\/v2\/product\/163\/revisions"}],"wp:featuredmedia":[{"embeddable":true,"href":"https:\/\/rfid-laundry-tag.com\/sv\/wp-json\/wp\/v2\/media\/164"}],"wp:attachment":[{"href":"https:\/\/rfid-laundry-tag.com\/sv\/wp-json\/wp\/v2\/media?parent=163"}],"wp:term":[{"taxonomy":"product_brand","embeddable":true,"href":"https:\/\/rfid-laundry-tag.com\/sv\/wp-json\/wp\/v2\/product_brand?post=163"},{"taxonomy":"product_cat","embeddable":true,"href":"https:\/\/rfid-laundry-tag.com\/sv\/wp-json\/wp\/v2\/product_cat?post=163"},{"taxonomy":"product_tag","embeddable":true,"href":"https:\/\/rfid-laundry-tag.com\/sv\/wp-json\/wp\/v2\/product_tag?post=163"}],"curies":[{"name":"wp","href":"https:\/\/api.w.org\/{rel}","templated":true}]}}