{"id":161,"date":"2024-06-15T10:09:40","date_gmt":"2024-06-15T10:09:40","guid":{"rendered":"https:\/\/rfid-laundry-tag.com\/?post_type=product&#038;p=161"},"modified":"2024-08-14T15:50:57","modified_gmt":"2024-08-14T15:50:57","slug":"iso15693-rfid-reusable-laundry-tag","status":"publish","type":"product","link":"https:\/\/rfid-laundry-tag.com\/sv\/iso15693-rfid-reusable-laundry-tag\/","title":{"rendered":"ISO15693 RFID \u00e5teranv\u00e4ndbar tv\u00e4ttetikett"},"content":{"rendered":"<div class=\"J_module\">\n<div class=\"ife-detail-decorate-table\">\n<table class=\"has-title all magic-6\">\n<tbody>\n<tr>\n<td colspan=\"1\" rowspan=\"1\">\n<div class=\"magic-7\" data-spm-anchor-id=\"a2700.details.0.i45.77607d98vZbcDU\"><span class=\"magic-8\" style=\"color: #363535;\">Objektets namn<\/span><\/div>\n<\/td>\n<td colspan=\"1\" rowspan=\"1\">\n<div class=\"magic-9\">ISO15693 RFID \u00e5teranv\u00e4ndbar tv\u00e4ttetikett<\/div>\n<\/td>\n<\/tr>\n<tr>\n<td colspan=\"1\" rowspan=\"1\">\n<div class=\"magic-7\"><span class=\"magic-10\" data-spm-anchor-id=\"a2700.pc-decorate.0.i10.28d333330XLbTD\"><span class=\"magic-8\">Material<\/span><\/span><\/div>\n<\/td>\n<td colspan=\"1\" rowspan=\"1\">\n<div class=\"magic-9\"><span class=\"magic-8\">PPS<\/span><\/div>\n<\/td>\n<\/tr>\n<tr>\n<td colspan=\"1\" rowspan=\"1\">\n<div class=\"magic-7\"><span class=\"magic-8\">F\u00e4rg<\/span><\/div>\n<\/td>\n<td colspan=\"1\" rowspan=\"1\">\n<div class=\"magic-9\"><span class=\"magic-8\">Svart osv<\/span><\/div>\n<\/td>\n<\/tr>\n<tr>\n<td colspan=\"1\" rowspan=\"1\">MOQ<\/td>\n<td colspan=\"1\" rowspan=\"1\">500 st<\/td>\n<\/tr>\n<tr>\n<td colspan=\"1\" rowspan=\"1\">\n<div class=\"magic-7\"><span class=\"magic-8\">Tillverkare\/chip<\/span><\/div>\n<\/td>\n<td colspan=\"1\" rowspan=\"1\">\n<div class=\"magic-9\"><span class=\"magic-8\">NXP I Code Slix ; andra alternativ: Ntag213, Ntag215, Ntag216, Mifare Ultralight ev1 etc<\/span><\/div>\n<\/td>\n<\/tr>\n<tr>\n<td colspan=\"1\" rowspan=\"1\">\n<div class=\"magic-7\"><span class=\"magic-8\">Frekvens<\/span><\/div>\n<\/td>\n<td colspan=\"1\" rowspan=\"1\">\n<div class=\"magic-9\"><span class=\"magic-8\">13,56 MHz<\/span><\/div>\n<\/td>\n<\/tr>\n<tr>\n<td colspan=\"1\" rowspan=\"1\">\n<div class=\"magic-7\"><span class=\"magic-8\">Minne<\/span><\/div>\n<\/td>\n<td colspan=\"1\" rowspan=\"1\">\n<div class=\"magic-9\"><span class=\"magic-8\">1k byte ; annat Chips minne: 144 Bytes, 504 Byte, 888 Byte, 64 Byte etc.<\/span><\/div>\n<\/td>\n<\/tr>\n<tr>\n<td colspan=\"1\" rowspan=\"1\">\n<div class=\"magic-7\"><span class=\"magic-8\">L\u00e4s avst\u00e5nd<\/span><\/div>\n<\/td>\n<td colspan=\"1\" rowspan=\"1\">\n<div class=\"magic-9\"><span class=\"magic-8\">1~5 cm<\/span><\/div>\n<\/td>\n<\/tr>\n<tr>\n<td colspan=\"1\" rowspan=\"1\">\n<div class=\"magic-7\"><span class=\"magic-8\">Arbetsl\u00e4ge<\/span><\/div>\n<\/td>\n<td colspan=\"1\" rowspan=\"1\">\n<div class=\"magic-9\"><span class=\"magic-8\">passiv<\/span><\/div>\n<\/td>\n<\/tr>\n<tr>\n<td colspan=\"1\" rowspan=\"1\">\n<div class=\"magic-7\"><span class=\"magic-8\">Arbetstemperatur<\/span><\/div>\n<\/td>\n<td colspan=\"1\" rowspan=\"1\">\n<div class=\"magic-9\"><span class=\"magic-8\">-25\u2103~+110\u2103<\/span><\/div>\n<\/td>\n<\/tr>\n<tr>\n<td colspan=\"1\" rowspan=\"1\">\n<div class=\"magic-7\"><span class=\"magic-8\">F\u00f6rvaringstemperatur<\/span><\/div>\n<\/td>\n<td colspan=\"1\" rowspan=\"1\">\n<div class=\"magic-9\"><span class=\"magic-8\">-40\u2103~+85\u2103<\/span><\/div>\n<\/td>\n<\/tr>\n<tr>\n<td colspan=\"1\" rowspan=\"1\">\n<div class=\"magic-7\">\n<div><span class=\"magic-8\">\u00a0<\/span><\/div>\n<p><span class=\"magic-8\">Kortvarig temperaturbest\u00e4ndighet<\/span><\/p>\n<\/div>\n<\/td>\n<td colspan=\"1\" rowspan=\"1\">\n<div class=\"magic-9\"><span class=\"magic-8\">tv\u00e4tt: 90 \u2103, 15 minuter; omvandlarens f\u00f6rtorkning: 180 \u2103, 30 minuter, 200 g\u00e5nger; strykning: 180 \u2103, 10 sekunder, 200 g\u00e5nger; h\u00f6g<br \/>\ntemperatursterilisering: 135\u2103, 20 minuter<\/span><\/div>\n<\/td>\n<\/tr>\n<tr>\n<td colspan=\"1\" rowspan=\"1\">\n<div class=\"magic-7\"><span class=\"magic-8\">Drag<\/span><\/div>\n<\/td>\n<td colspan=\"1\" rowspan=\"1\">\n<div class=\"magic-9\"><span class=\"magic-8\">vattent\u00e4t, tv\u00e4ttbar, motst\u00e5ndskraftig mot h\u00f6g temperatur<\/span><\/div>\n<\/td>\n<\/tr>\n<tr>\n<td colspan=\"1\" rowspan=\"1\">\n<div class=\"magic-7\"><span class=\"magic-8\">Liv<\/span><\/div>\n<\/td>\n<td colspan=\"1\" rowspan=\"1\">\n<div class=\"magic-9\"><span class=\"magic-8\">tv\u00e4tta 200 g\u00e5nger eller 3 \u00e5r<\/span><\/div>\n<\/td>\n<\/tr>\n<tr>\n<td colspan=\"1\" rowspan=\"1\">\n<div class=\"magic-7\"><span class=\"magic-8\">Ans\u00f6kningar<\/span><\/div>\n<\/td>\n<td colspan=\"1\" rowspan=\"1\">\n<div class=\"magic-9\"><span class=\"magic-8\">tv\u00e4tthantering och sp\u00e5rning<\/span><\/div>\n<\/td>\n<\/tr>\n<\/tbody>\n<\/table>\n<\/div>\n<\/div>\n<div class=\"J_module\">\n<div class=\"detail-decorate-json-renderer-container\">\n<div class=\"magic-1\">\n<div>\n<div><\/div>\n<\/div>\n<div class=\"magic-2\">\n<div class=\"auto-hide-last-sibling-br paragraph_1252f paragraph-element\">\n<div class=\"auto-hide-last-sibling-br paragraph_1252f paragraph-element\">\n<div class=\"auto-hide-last-sibling-br paragraph_1252f paragraph-element\">N\u00e4r ett f\u00f6retag kommer fram till att ett NFC-tv\u00e4ttsp\u00e5rningssystem kan erbjuda betydande f\u00f6rdelar, \u00e4r den efterf\u00f6ljande \u00e5tg\u00e4rden att v\u00e4lja en l\u00e4mplig ISO15693 RFID-\u00e5teranv\u00e4ndbar tv\u00e4ttetikett. NFC Laundry-taggen, n\u00e4rmare best\u00e4mt PPS-I Code Slix, kan sys i alla kl\u00e4desplagg, vilket g\u00f6r NFC- eller UHF-funktioner tillg\u00e4ngliga oavsett plats.<\/div>\n<p>&nbsp;<\/p>\n<div class=\"auto-hide-last-sibling-br paragraph_1252f paragraph-element\">ISO15693 RFID \u00e5teranv\u00e4ndbar tv\u00e4ttetikett kan anv\u00e4ndas i en m\u00e4ngd applikationer som:<\/div>\n<ul class=\"auto-hide-last-sibling-br\">\n<li>Industriella tv\u00e4ttprocesser<\/li>\n<li>Enhetlig administration<\/li>\n<li>\u00d6vervakning av medicinsk kl\u00e4dsel<\/li>\n<li>Hantering av personlig skyddsutrustning (PPE) kl\u00e4der<\/li>\n<li>Personal\u00f6vervakningsverksamhet<\/li>\n<li>Administration av brandbek\u00e4mpningsutrustning<\/li>\n<li>Tillsyn av skidutrustning.<\/li>\n<\/ul>\n<div class=\"auto-hide-last-sibling-br paragraph_1252f paragraph-element\">De<strong> ICODE SLI Passiv h\u00f6gfrekvent RFID-tagg<\/strong> \u00e4r perfekt f\u00f6r uppgifter som tv\u00e4ttprocesser, underl\u00e4ttande av f\u00f6rs\u00f6rjningskedjan, lagerreglering, tillg\u00e5ngssp\u00e5rning och \u00f6vervakning av processer. Den h\u00e4r RFID-tv\u00e4ttetiketten \u00e4r utformad f\u00f6r att motst\u00e5 p\u00e5frestningarna med roterande strykning och motst\u00e5r \u00e4ven h\u00f6gt tryck, v\u00e4rme och kemikalier som kr\u00e4vs vid ber\u00f6ringsfri plaggsp\u00e5rning inom textil- och tv\u00e4ttindustrin.<\/div>\n<p>&nbsp;<\/p>\n<div class=\"auto-hide-last-sibling-br paragraph_1252f paragraph-element\">Den l\u00e4tta installationen p\u00e5 vilket tyg som helst \u00e4r m\u00f6jligt med en vanlig v\u00e4rmef\u00f6rseglingsmaskin. Inuti ett flexibelt textilh\u00f6lje finns ett kompakt ber\u00f6ringsfritt chip som ger \u00f6kat motst\u00e5nd mot f\u00f6rh\u00f6jda temperaturer och olika intensiva reng\u00f6ringsmetoder, inklusive kemtv\u00e4ttsprocesser.<\/div>\n<p>&nbsp;<\/p>\n<div class=\"auto-hide-last-sibling-br paragraph_1252f paragraph-element\">Ett bevis p\u00e5 dess m\u00e5ngsidighet, denna robusta RFID-tv\u00e4ttetikett \u00e4r kompatibel med b\u00e5de l\u00e5gfrekventa (LF) och ultrah\u00f6ga frekvenser (UHF) RFID-frekvenser. Dess anpassningsbara versioner inkluderar en 125 KHz Passive RFID Laundry Tag f\u00f6r l\u00e5gfrekventa operationer och en 860 till 960 MHz Gen 2 Laundry Tag f\u00f6r ultrah\u00f6gfrekventa interaktioner.<\/div>\n<\/div>\n<div><\/div>\n<\/div>\n<\/div>\n<div>\n<p>De <strong>ICODE SLIX IC<\/strong> \u00e4r ett dedikerat chip f\u00f6r intelligenta etikettapplikationer som bibliotek, produktautentisering inom olika branscher som l\u00e4kemedel, medicintekniska produkter och alkohol, samt produktionsledning inom olika delar av branschen. Denna IC \u00e4r den tredje generationen av en produktfamilj av smarta etikett-IC:er baserade p\u00e5 ISO-standarderna ISO\/IEC 15693 och ISO\/IEC 18000-3, vilket f\u00f6rl\u00e4nger en framg\u00e5ngsrik historia om NXP<sup>\u00ae<\/sup>\u00a0inom omr\u00e5det f\u00f6r n\u00e4rhetsidentifieringssystem.<\/p>\n<h3>Kontaktl\u00f6s energi- och data\u00f6verf\u00f6ring<\/h3>\n<p>N\u00e4rhelst den \u00e4r ansluten till en mycket enkel och l\u00e4tttillverkad typ av antenn (som ett resultat av 13,56 MHz b\u00e4rfrekvens) gjord av ett f\u00e5tal lindningar tryckta, lindade, etsade eller stansade spole, kan ICODE SLIX IC anv\u00e4ndas utan siktlinje upp till ett avst\u00e5nd av 1,5 m (portens bredd). Inget batteri beh\u00f6vs. N\u00e4r den smarta etiketten \u00e4r placerad i f\u00e4ltet av en fr\u00e5geantenn, g\u00f6r det h\u00f6ghastighets-RF-kommunikationsgr\u00e4nssnittet att data kan \u00f6verf\u00f6ras upp till 53 kbit\/s.<\/p>\n<h3>Antikollision<\/h3>\n<p>En intelligent anti-kollisionsfunktion g\u00f6r att flera taggar kan arbeta i f\u00e4lt samtidigt. Antikollisionsalgoritmen v\u00e4ljer varje tagg individuellt och s\u00e4kerst\u00e4ller att exekveringen av en transaktion med en vald tagg utf\u00f6rs korrekt utan att datakorruption beror p\u00e5 andra taggar i f\u00e4ltet.<\/p>\n<h3>Drag<\/h3>\n<div id=\"featuresXsp\" class=\"features-list\">\n<div class=\"features-xsp\">\n<div class=\"collapse-mobile ste-list\">\n<h3>ICODE SLIX RF-gr\u00e4nssnitt (ISO\/IEC 15693)<\/h3>\n<ul class=\"boxes\">\n<li>Kontaktl\u00f6s \u00f6verf\u00f6ring av data och f\u00f6rs\u00f6rjningsenergi (inget batteri beh\u00f6vs)<\/li>\n<li>Driftavst\u00e5nd: upp till 1,5 m (beroende p\u00e5 antenngeometri)<\/li>\n<li>Driftsfrekvens: 13,56 MHz (ISM, v\u00e4rldsomsp\u00e4nnande licens fritt tillg\u00e4nglig)<\/li>\n<li>Snabb data\u00f6verf\u00f6ring: upp till 53 kbit\/s<\/li>\n<li>H\u00f6g dataintegritet: 16-bitars CRC, inramning<\/li>\n<li>Sann antikollision<\/li>\n<li>L\u00f6senordsskyddad elektronisk artikel\u00f6vervakning (EAS)<\/li>\n<li>L\u00f6senordsskyddad Application Family Identifier (AFI)<\/li>\n<li>Data Storage Format IDentifier (DSFID)<\/li>\n<li>Ytterligare snabb antikollisionsavl\u00e4sning<\/li>\n<li>Skrivavst\u00e5nd lika med l\u00e4savst\u00e5nd<\/li>\n<\/ul>\n<\/div>\n<div class=\"collapse-mobile ste-list\">\n<h3>EEPROM<\/h3>\n<ul class=\"boxes\">\n<li>1024 bitar, organiserade i 32 block med 4 byte vardera<\/li>\n<li>50 \u00e5rs datalagring<\/li>\n<li>Skriv uth\u00e5llighet p\u00e5 100 000 cykler<\/li>\n<\/ul>\n<\/div>\n<div class=\"collapse-mobile ste-list\">\n<h3>S\u00e4kerhet<\/h3>\n<ul class=\"boxes\">\n<li>Unik identifierare f\u00f6r varje enhet<\/li>\n<li>L\u00e5smekanism f\u00f6r varje anv\u00e4ndarminnesblock (skrivskydd)<\/li>\n<li>L\u00e5smekanism f\u00f6r DSFID, AFI, EAS<\/li>\n<li>L\u00f6senordsskyddad (32-bitars) EAS- och AFI-funktionalitet<\/li>\n<\/ul>\n<\/div>\n<\/div>\n<\/div>\n<\/div>\n<div class=\"magic-2\">\n<div class=\"auto-hide-last-sibling-br paragraph_1252f paragraph-element\">\n<p>&nbsp;<\/p>\n<div class=\"auto-hide-last-sibling-br paragraph_1252f paragraph-element\"><\/div>\n<div class=\"auto-hide-last-sibling-br paragraph_1252f paragraph-element\"><\/div>\n<\/div>\n<\/div>\n<\/div>\n<\/div>\n<\/div>","protected":false},"excerpt":{"rendered":"<p>H\u00f6g temperaturbest\u00e4ndighet ISO15693 RFID \u00e5teranv\u00e4ndbar tv\u00e4ttetikett \u00e4r tillverkad av h\u00f6gpresterande PPS-material som bekv\u00e4mt t\u00e5l h\u00f6ga temperaturer.<\/p>","protected":false},"featured_media":162,"template":"","meta":{"_kad_post_transparent":"default","_kad_post_title":"","_kad_post_layout":"default","_kad_post_sidebar_id":"","_kad_post_content_style":"default","_kad_post_vertical_padding":"default","_kad_post_feature":"","_kad_post_feature_position":"","_kad_post_header":false,"_kad_post_footer":false,"_kad_post_classname":""},"product_brand":[],"product_cat":[21,17],"product_tag":[75,37,39,45],"class_list":{"0":"post-161","1":"product","2":"type-product","3":"status-publish","4":"has-post-thumbnail","6":"product_cat-pps-rfid-laundry-tag","7":"product_cat-nfc-rfid-laundry-tag","8":"product_tag-iso15693-rfid-reusable-laundry-tag","9":"product_tag-nfc-button","10":"product_tag-nfc-laundry-tag","11":"product_tag-pps-washable-nfc-tags","13":"first","14":"instock","15":"shipping-taxable","16":"product-type-simple","17":"entry","18":"content-bg","19":"loop-entry"},"_links":{"self":[{"href":"https:\/\/rfid-laundry-tag.com\/sv\/wp-json\/wp\/v2\/product\/161","targetHints":{"allow":["GET"]}}],"collection":[{"href":"https:\/\/rfid-laundry-tag.com\/sv\/wp-json\/wp\/v2\/product"}],"about":[{"href":"https:\/\/rfid-laundry-tag.com\/sv\/wp-json\/wp\/v2\/types\/product"}],"version-history":[{"count":1,"href":"https:\/\/rfid-laundry-tag.com\/sv\/wp-json\/wp\/v2\/product\/161\/revisions"}],"predecessor-version":[{"id":1301,"href":"https:\/\/rfid-laundry-tag.com\/sv\/wp-json\/wp\/v2\/product\/161\/revisions\/1301"}],"wp:featuredmedia":[{"embeddable":true,"href":"https:\/\/rfid-laundry-tag.com\/sv\/wp-json\/wp\/v2\/media\/162"}],"wp:attachment":[{"href":"https:\/\/rfid-laundry-tag.com\/sv\/wp-json\/wp\/v2\/media?parent=161"}],"wp:term":[{"taxonomy":"product_brand","embeddable":true,"href":"https:\/\/rfid-laundry-tag.com\/sv\/wp-json\/wp\/v2\/product_brand?post=161"},{"taxonomy":"product_cat","embeddable":true,"href":"https:\/\/rfid-laundry-tag.com\/sv\/wp-json\/wp\/v2\/product_cat?post=161"},{"taxonomy":"product_tag","embeddable":true,"href":"https:\/\/rfid-laundry-tag.com\/sv\/wp-json\/wp\/v2\/product_tag?post=161"}],"curies":[{"name":"wp","href":"https:\/\/api.w.org\/{rel}","templated":true}]}}