{"id":159,"date":"2024-06-15T08:13:31","date_gmt":"2024-06-15T08:13:31","guid":{"rendered":"https:\/\/rfid-laundry-tag.com\/?post_type=product&#038;p=159"},"modified":"2024-08-14T16:18:47","modified_gmt":"2024-08-14T16:18:47","slug":"nfc-laundry-token-ntag216","status":"publish","type":"product","link":"https:\/\/rfid-laundry-tag.com\/sv\/nfc-laundry-token-ntag216\/","title":{"rendered":"NFC Laundry Token-NTAG216"},"content":{"rendered":"<div class=\"J_module\">\n<div class=\"ife-detail-decorate-table\">\n<table class=\"has-title all magic-6\">\n<tbody>\n<tr>\n<td colspan=\"1\" rowspan=\"1\">\n<div class=\"magic-7\" data-spm-anchor-id=\"a2700.details.0.i45.77607d98vZbcDU\"><span class=\"magic-8\" style=\"color: #363535;\">Objektets namn<\/span><\/div>\n<\/td>\n<td colspan=\"1\" rowspan=\"1\">\n<div class=\"magic-9\">NFC Laundry Token \u2013 NTAG216<\/div>\n<\/td>\n<\/tr>\n<tr>\n<td colspan=\"1\" rowspan=\"1\">\n<div class=\"magic-7\"><span class=\"magic-10\" data-spm-anchor-id=\"a2700.pc-decorate.0.i10.28d333330XLbTD\"><span class=\"magic-8\">Material<\/span><\/span><\/div>\n<\/td>\n<td colspan=\"1\" rowspan=\"1\">\n<div class=\"magic-9\"><span class=\"magic-8\">PPS<\/span><\/div>\n<\/td>\n<\/tr>\n<tr>\n<td colspan=\"1\" rowspan=\"1\">\n<div class=\"magic-7\"><span class=\"magic-8\">F\u00e4rg<\/span><\/div>\n<\/td>\n<td colspan=\"1\" rowspan=\"1\">\n<div class=\"magic-9\"><span class=\"magic-8\">Svart, gul etc<\/span><\/div>\n<\/td>\n<\/tr>\n<tr>\n<td colspan=\"1\" rowspan=\"1\">MOQ<\/td>\n<td colspan=\"1\" rowspan=\"1\">500 st<\/td>\n<\/tr>\n<tr>\n<td colspan=\"1\" rowspan=\"1\">\n<div class=\"magic-7\"><span class=\"magic-8\">Tillverkare\/chip<\/span><\/div>\n<\/td>\n<td colspan=\"1\" rowspan=\"1\">\n<div class=\"magic-9\"><span class=\"magic-8\">NXP Ntag213, Ntag215, Ntag216, Mifare Ultralight ev1 etc<\/span><\/div>\n<\/td>\n<\/tr>\n<tr>\n<td colspan=\"1\" rowspan=\"1\">\n<div class=\"magic-7\"><span class=\"magic-8\">Frekvens<\/span><\/div>\n<\/td>\n<td colspan=\"1\" rowspan=\"1\">\n<div class=\"magic-9\"><span class=\"magic-8\">13,56 MHz<\/span><\/div>\n<\/td>\n<\/tr>\n<tr>\n<td colspan=\"1\" rowspan=\"1\">\n<div class=\"magic-7\"><span class=\"magic-8\">Minne<\/span><\/div>\n<\/td>\n<td colspan=\"1\" rowspan=\"1\">\n<div class=\"magic-9\"><span class=\"magic-8\">144 byte, 504 byte, 888 byte, 64 byte etc<\/span><\/div>\n<\/td>\n<\/tr>\n<tr>\n<td colspan=\"1\" rowspan=\"1\">\n<div class=\"magic-7\"><span class=\"magic-8\">L\u00e4s avst\u00e5nd<\/span><\/div>\n<\/td>\n<td colspan=\"1\" rowspan=\"1\">\n<div class=\"magic-9\"><span class=\"magic-8\">1~5 cm<\/span><\/div>\n<\/td>\n<\/tr>\n<tr>\n<td colspan=\"1\" rowspan=\"1\">\n<div class=\"magic-7\"><span class=\"magic-8\">Arbetsl\u00e4ge<\/span><\/div>\n<\/td>\n<td colspan=\"1\" rowspan=\"1\">\n<div class=\"magic-9\"><span class=\"magic-8\">passiv<\/span><\/div>\n<\/td>\n<\/tr>\n<tr>\n<td colspan=\"1\" rowspan=\"1\">\n<div class=\"magic-7\"><span class=\"magic-8\">Arbetstemperatur<\/span><\/div>\n<\/td>\n<td colspan=\"1\" rowspan=\"1\">\n<div class=\"magic-9\"><span class=\"magic-8\">-25\u2103~+110\u2103<\/span><\/div>\n<\/td>\n<\/tr>\n<tr>\n<td colspan=\"1\" rowspan=\"1\">\n<div class=\"magic-7\"><span class=\"magic-8\">F\u00f6rvaringstemperatur<\/span><\/div>\n<\/td>\n<td colspan=\"1\" rowspan=\"1\">\n<div class=\"magic-9\"><span class=\"magic-8\">-40\u2103~+85\u2103<\/span><\/div>\n<\/td>\n<\/tr>\n<tr>\n<td colspan=\"1\" rowspan=\"1\">\n<div class=\"magic-7\">\n<div><span class=\"magic-8\">\u00a0<\/span><\/div>\n<p><span class=\"magic-8\">Kortvarig temperaturbest\u00e4ndighet<\/span><\/p>\n<\/div>\n<\/td>\n<td colspan=\"1\" rowspan=\"1\">\n<div class=\"magic-9\"><span class=\"magic-8\">tv\u00e4tt: 90 \u2103, 15 minuter; omvandlarens f\u00f6rtorkning: 180 \u2103, 30 minuter, 200 g\u00e5nger; strykning: 180 \u2103, 10 sekunder, 200 g\u00e5nger; h\u00f6g<br \/>\ntemperatursterilisering: 135\u2103, 20 minuter<\/span><\/div>\n<\/td>\n<\/tr>\n<tr>\n<td colspan=\"1\" rowspan=\"1\">\n<div class=\"magic-7\"><span class=\"magic-8\">Drag<\/span><\/div>\n<\/td>\n<td colspan=\"1\" rowspan=\"1\">\n<div class=\"magic-9\"><span class=\"magic-8\">vattent\u00e4t, tv\u00e4ttbar, motst\u00e5ndskraftig mot h\u00f6g temperatur<\/span><\/div>\n<\/td>\n<\/tr>\n<tr>\n<td colspan=\"1\" rowspan=\"1\">\n<div class=\"magic-7\"><span class=\"magic-8\">Liv<\/span><\/div>\n<\/td>\n<td colspan=\"1\" rowspan=\"1\">\n<div class=\"magic-9\"><span class=\"magic-8\">tv\u00e4tta 200 g\u00e5nger eller 3 \u00e5r<\/span><\/div>\n<\/td>\n<\/tr>\n<tr>\n<td colspan=\"1\" rowspan=\"1\">\n<div class=\"magic-7\"><span class=\"magic-8\">Ans\u00f6kningar<\/span><\/div>\n<\/td>\n<td colspan=\"1\" rowspan=\"1\">\n<div class=\"magic-9\"><span class=\"magic-8\">tv\u00e4tthantering och sp\u00e5rning<\/span><\/div>\n<\/td>\n<\/tr>\n<\/tbody>\n<\/table>\n<\/div>\n<\/div>\n<div class=\"J_module\">\n<div class=\"detail-decorate-json-renderer-container\">\n<div class=\"magic-1\">\n<div>\n<div><\/div>\n<\/div>\n<div class=\"magic-2\">\n<div class=\"auto-hide-last-sibling-br paragraph_1252f paragraph-element\">\n<div class=\"auto-hide-last-sibling-br paragraph_1252f paragraph-element\">\n<p>NTAG 213, NTAG 215 och NTAG 216 har utvecklats av NXP<sup>\u00ae<\/sup>\u00a0Halvledare som standard NFC-tagg-IC:er f\u00f6r anv\u00e4ndning i massmarknadstill\u00e4mpningar som detaljhandel, spel och hemelektronik, i kombination med NFC-enheter eller NFC-kompatibla n\u00e4rkopplingsenheter. NTAG 213, NTAG 215 och NTAG 216 (fr\u00e5n och med nu, allm\u00e4nt kallade NTAG 21x) \u00e4r designade f\u00f6r att helt uppfylla NFC Forum Type 2 Tag och ISO\/IEC14443 Typ A-specifikationer.<\/p>\n<p>M\u00e5lapplikationer inkluderar smart reklam utanf\u00f6r hemmet och tryckta media, SoLoMo-applikationer, produktautentisering, NFC-hylletiketter och mobila medf\u00f6ljande taggar.<\/p>\n<p>M\u00e5lanv\u00e4ndningsfall inkluderar smart reklam utanf\u00f6r hemmet, produktautentisering, mobila f\u00f6ljeslagare, Bluetooth<sup>\u00ae<\/sup>\u00a0eller Wi-Fi-koppling, elektroniska hylletiketter och visitkort. NTAG 21x-minne kan ocks\u00e5 segmenteras f\u00f6r att implementera flera applikationer samtidigt.<\/p>\n<p>Tack vare den h\u00f6ga ing\u00e5ngskapacitansen \u00e4r NTAG 21x tag IC:er s\u00e4rskilt skr\u00e4ddarsydda f\u00f6r applikationer som kr\u00e4ver sm\u00e5 fotavtryck, utan att kompromissa med prestanda. Sm\u00e5 NFC-taggar kan enklare b\u00e4ddas in i t.ex. produktetiketter eller elektroniska enheter.<\/p>\n<p>De mekaniska och elektriska specifikationerna f\u00f6r NTAG 21x \u00e4r skr\u00e4ddarsydda f\u00f6r att m\u00f6ta kraven fr\u00e5n tillverkare av inl\u00e4gg och tagg.<\/p>\n<h3>Kontaktl\u00f6s energi- och data\u00f6verf\u00f6ring<\/h3>\n<p>Kommunikation till NTAG 21x kan endast uppr\u00e4ttas n\u00e4r IC:n \u00e4r ansluten till en antenn.<\/p>\n<p>N\u00e4r NTAG 21x \u00e4r placerad i RF-f\u00e4ltet till\u00e5ter RF-kommunikationsgr\u00e4nssnittet med h\u00f6g hastighet \u00f6verf\u00f6ring av data med en baudhastighet p\u00e5 106 kbit\/s.<\/p>\n<h3>Enkel installation och anv\u00e4ndarv\u00e4nlighet<\/h3>\n<p>NTAG 21x erbjuder specifika funktioner utformade f\u00f6r att f\u00f6rb\u00e4ttra integrationen och anv\u00e4ndarv\u00e4nligheten:<\/p>\n<ul>\n<li>Den snabba l\u00e4sningsf\u00f6rm\u00e5gan g\u00f6r det m\u00f6jligt att skanna hela NDEF-meddelandet med endast ett FAST_READ-kommando, vilket minskar omkostnaderna i produktionsmilj\u00f6er med h\u00f6g genomstr\u00f6mning<\/li>\n<li>Den f\u00f6rb\u00e4ttrade RF-prestandan m\u00f6jligg\u00f6r mer flexibilitet i valet av form, dimension och material<\/li>\n<li>Alternativet f\u00f6r 75 \u03bcm IC-tjocklek m\u00f6jligg\u00f6r tillverkning av ultratunna taggar, f\u00f6r en mer bekv\u00e4m integration i t.ex. tidningar eller spelkort<\/li>\n<\/ul>\n<h3>S\u00e4kerhet<\/h3>\n<ul>\n<li>Tillverkaren programmerade 7-byte UID f\u00f6r varje enhet<\/li>\n<li>F\u00f6rprogrammerad Capability-beh\u00e5llare med eng\u00e5ngsprogrammerbara bitar<\/li>\n<li>F\u00e4ltprogrammerbar l\u00e4sbar l\u00e5sfunktion<\/li>\n<li>ECC-baserad originalitetssignatur<\/li>\n<li>32-bitars l\u00f6senordsskydd f\u00f6r att f\u00f6rhindra obeh\u00f6rig minnesoperation<\/li>\n<\/ul>\n<h3>NFC Forum Tag 2 Typ\u00f6verensst\u00e4mmelse<\/h3>\n<p>NTAG 21x IC ger full \u00f6verensst\u00e4mmelse med NFC Forum Tag 2 Type tekniska specifikation och m\u00f6jligg\u00f6r NDEF-datastrukturkonfigurationer.<\/p>\n<h3>Antikollision<\/h3>\n<p>En intelligent anti-kollisionsfunktion g\u00f6r det m\u00f6jligt att anv\u00e4nda mer \u00e4n en tagg i f\u00e4lt samtidigt. Antikollisionsalgoritmen v\u00e4ljer varje tagg individuellt och s\u00e4kerst\u00e4ller att exekveringen av en transaktion med en vald tagg utf\u00f6rs korrekt utan st\u00f6rningar fr\u00e5n en annan tagg i f\u00e4ltet.<\/p>\n<h3>Drag<\/h3>\n<div id=\"featuresXsp\" class=\"features-list toggle-opacity in\">\n<div class=\"features-xsp\">\n<div class=\"collapse-mobile ste-list-ul\">\n<ul class=\"boxes\">\n<li>Kontaktl\u00f6s \u00f6verf\u00f6ring av data och energif\u00f6rs\u00f6rjning<\/li>\n<li>Driftsfrekvens p\u00e5 13,56 MHz<\/li>\n<li>Data\u00f6verf\u00f6ring p\u00e5 106 kbit\/s<\/li>\n<li>Dataintegritet f\u00f6r 16-bitars CRC, paritet, bitkodning, bitr\u00e4kning<\/li>\n<li>Driftavst\u00e5nd upp till 100 mm (beroende p\u00e5 olika parametrar som t.ex. f\u00e4ltstyrka och antenngeometri)<\/li>\n<li>7-byte serienummer (kaskadniv\u00e5 2 enligt ISO\/IEC 14443-3)<\/li>\n<li>UID ASCII-spegel f\u00f6r automatisk serialisering av NDEF-meddelanden<\/li>\n<li>Automatisk NFC-r\u00e4knare utl\u00f6ses vid ett l\u00e4skommando<\/li>\n<li>NFC-r\u00e4knare ASCII-spegel f\u00f6r att automatiskt l\u00e4gga till NFC-r\u00e4knarens v\u00e4rde till NDEF-meddelandet<\/li>\n<li>ECC-baserad originalitetssignatur<\/li>\n<li>Snabbl\u00e4skommando<\/li>\n<li>Sann antikollision<\/li>\n<li>50 pF ing\u00e5ngskapacitans<\/li>\n<\/ul>\n<\/div>\n<div class=\"collapse-mobile ste-list-ul\">\n<ul class=\"boxes\">\n<li>180, 540 eller 924 byte organiserade i 45, 135 eller 231 sidor med 4 byte per sida<\/li>\n<li>144, 504 eller 888 byte fritt tillg\u00e4ngligt l\u00e4s-\/skrivomr\u00e5de f\u00f6r anv\u00e4ndare (36, 126 eller 222 sidor)<\/li>\n<li>4 byte initierad kapacitetsbeh\u00e5llare med eng\u00e5ngsprogrammerbara \u00e5tkomstbitar<\/li>\n<li>F\u00e4ltprogrammerbar skrivskyddad l\u00e5sfunktion per sida f\u00f6r de f\u00f6rsta 16 sidorna<\/li>\n<li>F\u00e4ltprogrammerbar skrivskyddad l\u00e5sfunktion ovanf\u00f6r de f\u00f6rsta 16 sidorna per dubbelsida f\u00f6r NTAG 213 eller per 16 sidor f\u00f6r NTAG 215 och NTAG 216<\/li>\n<li>Konfigurerbart l\u00f6senordsskydd med en valfri gr\u00e4ns f\u00f6r misslyckade f\u00f6rs\u00f6k<\/li>\n<li>Antirivningsst\u00f6d f\u00f6r kapabilitetsbeh\u00e5llare (CC) och l\u00e5sbitar<\/li>\n<li>ECC-st\u00f6dd originalitetskontroll<\/li>\n<li>Datalagringstid p\u00e5 10 \u00e5r<\/li>\n<li>Skriv uth\u00e5llighet 100 000 cykler<\/li>\n<\/ul>\n<\/div>\n<\/div>\n<\/div>\n<\/div>\n<p>&nbsp;<\/p>\n<div class=\"auto-hide-last-sibling-br paragraph_1252f paragraph-element\"><\/div>\n<div class=\"auto-hide-last-sibling-br paragraph_1252f paragraph-element\"><\/div>\n<\/div>\n<\/div>\n<\/div>\n<\/div>\n<\/div>","protected":false},"excerpt":{"rendered":"<p>NFC Laundry Token-NTAG216, \u00e4ven k\u00e4nd som PPS-tv\u00e4ttbara NFC-taggar, \u00e4r gjorda f\u00f6r situationer som kr\u00e4ver en robust tagg som kan hantera tuffa driftsmilj\u00f6er.<\/p>","protected":false},"featured_media":160,"template":"","meta":{"_kad_post_transparent":"default","_kad_post_title":"","_kad_post_layout":"default","_kad_post_sidebar_id":"","_kad_post_content_style":"default","_kad_post_vertical_padding":"default","_kad_post_feature":"","_kad_post_feature_position":"","_kad_post_header":false,"_kad_post_footer":false,"_kad_post_classname":""},"product_brand":[],"product_cat":[21,17],"product_tag":[37,74,42,45],"class_list":{"0":"post-159","1":"product","2":"type-product","3":"status-publish","4":"has-post-thumbnail","6":"product_cat-pps-rfid-laundry-tag","7":"product_cat-nfc-rfid-laundry-tag","8":"product_tag-nfc-button","9":"product_tag-nfc-laundry-token-ntag216","10":"product_tag-pps-nfc-laundry-tag","11":"product_tag-pps-washable-nfc-tags","13":"first","14":"instock","15":"shipping-taxable","16":"product-type-simple","17":"entry","18":"content-bg","19":"loop-entry"},"_links":{"self":[{"href":"https:\/\/rfid-laundry-tag.com\/sv\/wp-json\/wp\/v2\/product\/159","targetHints":{"allow":["GET"]}}],"collection":[{"href":"https:\/\/rfid-laundry-tag.com\/sv\/wp-json\/wp\/v2\/product"}],"about":[{"href":"https:\/\/rfid-laundry-tag.com\/sv\/wp-json\/wp\/v2\/types\/product"}],"version-history":[{"count":1,"href":"https:\/\/rfid-laundry-tag.com\/sv\/wp-json\/wp\/v2\/product\/159\/revisions"}],"predecessor-version":[{"id":1317,"href":"https:\/\/rfid-laundry-tag.com\/sv\/wp-json\/wp\/v2\/product\/159\/revisions\/1317"}],"wp:featuredmedia":[{"embeddable":true,"href":"https:\/\/rfid-laundry-tag.com\/sv\/wp-json\/wp\/v2\/media\/160"}],"wp:attachment":[{"href":"https:\/\/rfid-laundry-tag.com\/sv\/wp-json\/wp\/v2\/media?parent=159"}],"wp:term":[{"taxonomy":"product_brand","embeddable":true,"href":"https:\/\/rfid-laundry-tag.com\/sv\/wp-json\/wp\/v2\/product_brand?post=159"},{"taxonomy":"product_cat","embeddable":true,"href":"https:\/\/rfid-laundry-tag.com\/sv\/wp-json\/wp\/v2\/product_cat?post=159"},{"taxonomy":"product_tag","embeddable":true,"href":"https:\/\/rfid-laundry-tag.com\/sv\/wp-json\/wp\/v2\/product_tag?post=159"}],"curies":[{"name":"wp","href":"https:\/\/api.w.org\/{rel}","templated":true}]}}