{"id":148,"date":"2024-06-14T13:17:06","date_gmt":"2024-06-14T13:17:06","guid":{"rendered":"https:\/\/rfid-laundry-tag.com\/?post_type=product&#038;p=148"},"modified":"2024-06-14T13:36:44","modified_gmt":"2024-06-14T13:36:44","slug":"uhf-rfid-laundry-tag-button","status":"publish","type":"product","link":"https:\/\/rfid-laundry-tag.com\/sv\/uhf-rfid-laundry-tag-button\/","title":{"rendered":"UHF RFID-knapp f\u00f6r tv\u00e4ttetikett"},"content":{"rendered":"<div class=\"J_module\">\n<div class=\"ife-detail-decorate-table\">\n<table class=\"has-title all magic-6\">\n<tbody>\n<tr>\n<td colspan=\"1\" rowspan=\"1\">\n<div class=\"magic-7\" data-spm-anchor-id=\"a2700.details.0.i45.77607d98vZbcDU\"><span class=\"magic-8\" style=\"color: #363535;\">Objektets namn<\/span><\/div>\n<\/td>\n<td colspan=\"1\" rowspan=\"1\">\n<div class=\"magic-9\"><strong><span class=\"magic-8\">UHF RFID-knapp f\u00f6r tv\u00e4ttetikett<\/span><\/strong><\/div>\n<\/td>\n<\/tr>\n<tr>\n<td colspan=\"1\" rowspan=\"1\">\n<div class=\"magic-7\"><span class=\"magic-10\" data-spm-anchor-id=\"a2700.pc-decorate.0.i10.28d333330XLbTD\"><span class=\"magic-8\">Material<\/span><\/span><\/div>\n<\/td>\n<td colspan=\"1\" rowspan=\"1\">\n<div class=\"magic-9\"><span class=\"magic-8\">PPS<\/span><\/div>\n<\/td>\n<\/tr>\n<tr>\n<td colspan=\"1\" rowspan=\"1\">\n<div class=\"magic-7\"><span class=\"magic-8\">F\u00e4rg<\/span><\/div>\n<\/td>\n<td colspan=\"1\" rowspan=\"1\">\n<div class=\"magic-9\"><span class=\"magic-8\">Svart<\/span><\/div>\n<\/td>\n<\/tr>\n<tr>\n<td colspan=\"1\" rowspan=\"1\">MOQ<\/td>\n<td colspan=\"1\" rowspan=\"1\">500 st<\/td>\n<\/tr>\n<tr>\n<td colspan=\"1\" rowspan=\"1\">\n<div class=\"magic-7\"><span class=\"magic-8\">Tillverkare\/chip<\/span><\/div>\n<\/td>\n<td colspan=\"1\" rowspan=\"1\">\n<div class=\"magic-9\"><span class=\"magic-8\">NXP UCODE 8, UCODE 9, Alien Higgs 9<\/span><\/div>\n<\/td>\n<\/tr>\n<tr>\n<td colspan=\"1\" rowspan=\"1\">\n<div class=\"magic-7\"><span class=\"magic-8\">Frekvens<\/span><\/div>\n<\/td>\n<td colspan=\"1\" rowspan=\"1\">\n<div class=\"magic-9\"><span class=\"magic-8\">860-960MHz\/<\/span><\/div>\n<\/td>\n<\/tr>\n<tr>\n<td colspan=\"1\" rowspan=\"1\">\n<div class=\"magic-7\"><span class=\"magic-8\">Minne<\/span><\/div>\n<\/td>\n<td colspan=\"1\" rowspan=\"1\">\n<div class=\"magic-9\"><span class=\"magic-8\">96 bitar\/128 bitar<\/span><\/div>\n<\/td>\n<\/tr>\n<tr>\n<td colspan=\"1\" rowspan=\"1\">\n<div class=\"magic-7\"><span class=\"magic-8\">L\u00e4s avst\u00e5nd<\/span><\/div>\n<\/td>\n<td colspan=\"1\" rowspan=\"1\">\n<div class=\"magic-9\"><span class=\"magic-8\">1-6m<\/span><\/div>\n<\/td>\n<\/tr>\n<tr>\n<td colspan=\"1\" rowspan=\"1\">\n<div class=\"magic-7\"><span class=\"magic-8\">Arbetsl\u00e4ge<\/span><\/div>\n<\/td>\n<td colspan=\"1\" rowspan=\"1\">\n<div class=\"magic-9\"><span class=\"magic-8\">passiv<\/span><\/div>\n<\/td>\n<\/tr>\n<tr>\n<td colspan=\"1\" rowspan=\"1\">\n<div class=\"magic-7\"><span class=\"magic-8\">Arbetstemperatur<\/span><\/div>\n<\/td>\n<td colspan=\"1\" rowspan=\"1\">\n<div class=\"magic-9\"><span class=\"magic-8\">-25\u2103~+110\u2103<\/span><\/div>\n<\/td>\n<\/tr>\n<tr>\n<td colspan=\"1\" rowspan=\"1\">\n<div class=\"magic-7\"><span class=\"magic-8\">F\u00f6rvaringstemperatur<\/span><\/div>\n<\/td>\n<td colspan=\"1\" rowspan=\"1\">\n<div class=\"magic-9\"><span class=\"magic-8\">-40\u2103~+85\u2103<\/span><\/div>\n<\/td>\n<\/tr>\n<tr>\n<td colspan=\"1\" rowspan=\"1\">\n<div class=\"magic-7\">\n<div><span class=\"magic-8\">\u00a0<\/span><\/div>\n<p><span class=\"magic-8\">Kortvarig temperaturbest\u00e4ndighet<\/span><\/p>\n<\/div>\n<\/td>\n<td colspan=\"1\" rowspan=\"1\">\n<div class=\"magic-9\"><span class=\"magic-8\">tv\u00e4tt: 90 \u2103, 15 minuter; omvandlarens f\u00f6rtorkning: 180 \u2103, 30 minuter, 200 g\u00e5nger; strykning: 180 \u2103, 10 sekunder, 200 g\u00e5nger; h\u00f6g<br \/>\ntemperatursterilisering: 135\u2103, 20 minuter<\/span><\/div>\n<\/td>\n<\/tr>\n<tr>\n<td colspan=\"1\" rowspan=\"1\">\n<div class=\"magic-7\"><span class=\"magic-8\">Drag<\/span><\/div>\n<\/td>\n<td colspan=\"1\" rowspan=\"1\">\n<div class=\"magic-9\"><span class=\"magic-8\">vattent\u00e4t, tv\u00e4ttbar, motst\u00e5ndskraftig mot h\u00f6g temperatur<\/span><\/div>\n<\/td>\n<\/tr>\n<tr>\n<td colspan=\"1\" rowspan=\"1\">\n<div class=\"magic-7\"><span class=\"magic-8\">Liv<\/span><\/div>\n<\/td>\n<td colspan=\"1\" rowspan=\"1\">\n<div class=\"magic-9\"><span class=\"magic-8\">tv\u00e4tta 200 g\u00e5nger eller 3 \u00e5r<\/span><\/div>\n<\/td>\n<\/tr>\n<tr>\n<td colspan=\"1\" rowspan=\"1\">\n<div class=\"magic-7\"><span class=\"magic-8\">Ans\u00f6kningar<\/span><\/div>\n<\/td>\n<td colspan=\"1\" rowspan=\"1\">\n<div class=\"magic-9\"><span class=\"magic-8\">tv\u00e4tthantering och sp\u00e5rning<\/span><\/div>\n<\/td>\n<\/tr>\n<\/tbody>\n<\/table>\n<\/div>\n<\/div>\n<div class=\"J_module\">\n<div class=\"detail-decorate-json-renderer-container\">\n<div class=\"magic-1\">\n<div class=\"magic-2\">\n<div class=\"magic-3\">\n<div><\/div>\n<div class=\"magic-4\">\n<div><strong>RFID-knapptagg<\/strong><\/div>\n<div><\/div>\n<\/div>\n<\/div>\n<div>\n<div class=\"auto-hide-last-sibling-br paragraph_1252f paragraph-element\">PPS h\u00f6gtemperaturbest\u00e4ndiga tv\u00e4ttetiketter fungerar som en utm\u00e4rkt sp\u00e5rningsl\u00f6sning f\u00f6r kommersiella milj\u00f6er som matsalar och restauranger d\u00e4r stora volymer serviser st\u00e4ndigt hanteras.<\/div>\n<\/div>\n<div>\n<div><\/div>\n<\/div>\n<\/div>\n<p><strong>Chipalternativ:<\/strong><\/p>\n<p><strong>NXP:s UCODE 8<\/strong> och UCODE 8m IC \u00e4r produkter fr\u00e5n UCODE-familjen. UCODE 8\/8m erbjuder h\u00f6g prestanda och funktioner f\u00f6r anv\u00e4ndning i de mest kr\u00e4vande RFID-taggningstill\u00e4mpningarna.<\/p>\n<p>S\u00e4rskilt v\u00e4l l\u00e4mpad f\u00f6r lagerhanteringsapplikationer, som t.ex. detaljhandel och mode, med sin bepr\u00f6vade RF-prestanda f\u00f6r varje given formfaktor, m\u00f6jligg\u00f6r UCODE 8\/8m l\u00e5nga l\u00e4savst\u00e5nd och snabb inventering av t\u00e4t RFID-taggpopulation. Med sin bredbandsdesign erbjuder den m\u00f6jligheten att tillverka \u00e4kta global RFID-etikett med h\u00f6g prestanda \u00f6ver v\u00e4rldsomsp\u00e4nnande regler.<\/p>\n<p>Enheten har ocks\u00e5 en sj\u00e4lvjusteringsfunktion, en produktstatusflagga f\u00f6r elektronisk artikel\u00f6vervakning (EAS), f\u00f6rserialiserad 96-bitars EPC, varum\u00e4rkesidentifierare och kommandot EPC Gen2v2-klagom\u00e5l Untraceable.<\/p>\n<div id=\"featuresXsp\" class=\"features-list toggle-opacity in\">\n<div class=\"features-xsp\">\n<div class=\"collapse-mobile ste-list\">\n<h3>Nyckelfunktioner<\/h3>\n<ul class=\"boxes\">\n<li>L\u00e4sk\u00e4nslighet -23dBm<\/li>\n<li>Skrivk\u00e4nslighet -18dBm<\/li>\n<li>Innovativ funktionalitet\n<ul>\n<li>Sj\u00e4lvjustera<\/li>\n<li>Minnesskydd<\/li>\n<li>Osp\u00e5rbart<\/li>\n<li>Pre-serialisering f\u00f6r 96-bitars EPC<\/li>\n<li>Integrated Product Status Flag (PSF)<\/li>\n<\/ul>\n<\/li>\n<li>Kompatibel med enkelslitsantenn<\/li>\n<li>Upp till 128-bitars EPC<\/li>\n<li>96-bitars Unique Tag Identify (TID) fabriksl\u00e5st, inklusive 48-bitars unikt serienummer<\/li>\n<li>EPC Gen2v2<\/li>\n<\/ul>\n<\/div>\n<div class=\"collapse-mobile ste-list\">\n<h3>Minne<\/h3>\n<ul class=\"boxes\">\n<li>128-bitar\/96-bitar (UCODE 8\/UCODE 8m) EPC-minne<\/li>\n<li>St\u00f6der pre-serialisering f\u00f6r 96-bitars EPC<\/li>\n<li>96-bitars Tag IDentifier (TID) fabriksl\u00e5st<\/li>\n<li>48-bitars unikt serienummer fabrikskodat till TID<\/li>\n<li>0-bitar\/32-bitars (UCODE 8\/UCODE 8m) anv\u00e4ndarminne<\/li>\n<li>32-bitars d\u00f6dl\u00f6senord f\u00f6r att permanent inaktivera taggen<\/li>\n<li>32-bitars \u00e5tkomstl\u00f6senord<\/li>\n<li>Brett driftstemperaturomr\u00e5de: -40\u00a0<sup>\u00b0<\/sup>C upp till +85\u00a0<sup>\u00b0<\/sup>C<\/li>\n<li>EPC Gen2v2<\/li>\n<\/ul>\n<p><strong>NXP:s UCODE 9<\/strong><\/p>\n<p>Med UCODE 9 f\u00e5r kr\u00e4vande RAIN RFID-taggningsapplikationer ett uppsving, s\u00e5 att \u00e5terf\u00f6rs\u00e4ljare och smarta logistikf\u00f6retag kan p\u00e5skynda sitt IoT-antagande.<\/p>\n<p>Med sin \u00f6kade prestanda m\u00f6jligg\u00f6r UCODE 9 effektivare lagerr\u00e4kningar. Dessutom till\u00e5ter UCODE 9 en \u00e5teranv\u00e4ndning av de befintliga UCODE 8-inl\u00e4ggsantenndesignerna, vilket erbjuder en enkel migreringsv\u00e4g fr\u00e5n UCODE 8 till UCODE 9.<\/p>\n<p>Dess h\u00f6gre chipprestanda m\u00f6jligg\u00f6r mindre inl\u00e4ggsdesigner som hj\u00e4lper till att minska anv\u00e4ndningen av plast och aluminium och d\u00e4rigenom fr\u00e4mja milj\u00f6m\u00e4ssig h\u00e5llbarhet.<\/p>\n<div class=\"collapse-mobile ste-list\">\n<h3>Nyckelfunktioner<\/h3>\n<ul class=\"boxes\">\n<li>L\u00e4sk\u00e4nslighet: -24 dBm<\/li>\n<li>Skrivk\u00e4nslighet: -22 dBm<\/li>\n<li>Kodningshastighet: 32 bitar p\u00e5 0,96 ms<\/li>\n<li>Drop-in antennbyte f\u00f6r UCODE 8<\/li>\n<li>Sj\u00e4lvjustera<\/li>\n<li>Minnesskydd<\/li>\n<li>Pre-serialisering av 96-bitars EPC<\/li>\n<\/ul>\n<\/div>\n<div class=\"collapse-mobile ste-list\">\n<h3>Minne<\/h3>\n<ul class=\"boxes\">\n<li>96-bitars EPC-minne<\/li>\n<li>St\u00f6der pre-serialisering av 96-bitars EPC<\/li>\n<li>96-bitars Tag IDentifier (TID) fabriksl\u00e5st<\/li>\n<li>48-bitars unikt serienummer fabrikskodat till TID<\/li>\n<li>32-bitars d\u00f6dl\u00f6senord f\u00f6r att permanent inaktivera taggen<\/li>\n<li>Brett driftstemperaturomr\u00e5de: -40 \u00b0C upp till +85 \u00b0C<\/li>\n<li>100k skrivcykeluth\u00e5llighet<\/li>\n<li>20 \u00e5rs datalagring<\/li>\n<\/ul>\n<\/div>\n<\/div>\n<\/div>\n<\/div>\n<div class=\"magic-2\">\n<div>\n<div class=\"auto-hide-last-sibling-br paragraph_1252f paragraph-element\">\n<h2>Alien Higgs<span class=\"sup\">\u2122<\/span>\u00a09<\/h2>\n<p>High Capacity GS1 Class 1 Gen 2 RFID Tag IC<\/p>\n<h4 class=\"alternative\">H\u00f6jdpunkter<\/h4>\n<ul>\n<li>\u00d6verensst\u00e4mmer med GS1 Class 1 Gen 2 och ISO\/IEC 18000-6C<\/li>\n<li>V\u00e4rldsomsp\u00e4nnande drift i RFID UHF-banden (840-960 MHz)<\/li>\n<li>1024-bitars NVM\/RAM-minne<\/li>\n<li>Upp till 496-EPC-bitar (nominellt 96 bitar)<\/li>\n<li>Upp till 688 anv\u00e4ndarbitar<\/li>\n<li>48 bitars unika TID<\/li>\n<li>32 bitars \u00e5tkomst och 32 bitars Kill Pass-<br \/>\nord<\/li>\n<li>F\u00f6rprogrammerad med en unik, of\u00f6r\u00e4ndrad<br \/>\n48-bitars serienummer<\/li>\n<li>Anv\u00e4ndarminne kan blockeras permanent<br \/>\nL\u00e5st samt l\u00e4s l\u00f6senordspro-<br \/>\ndetekteras i 256 bitars block<\/li>\n<li>L\u00e5geffektdrift f\u00f6r b\u00e5de l\u00e4s och<br \/>\nprogrammera<\/li>\n<li>QuickWrite\u2122 \/ BlastWrite\u2122 \u2013 H\u00f6g hastighet<br \/>\nchip &amp; massprogrammering<\/li>\n<li>Dynamic AuthenticationTM antikloning \/<br \/>\nteknik mot f\u00f6rfalskning<\/li>\n<li>Exceptionell r\u00e4ckvidd, upp till 13m<br \/>\nmed l\u00e4mplig antenn.<\/li>\n<\/ul>\n<\/div>\n<div class=\"auto-hide-last-sibling-br paragraph_1252f paragraph-element\">UHF RFID PPS Button Laundry Tags \u00e4r kompakta, fj\u00e4derl\u00e4tt identifierare designade f\u00f6r linnesp\u00e5rning. De kan f\u00e4stas p\u00e5 olika textilf\u00f6rem\u00e5l som strumpor, skjortor och handdukar och kan uppt\u00e4ckas p\u00e5 flera meters avst\u00e5nd av UHF RFID-skannrar. Dessa taggar s\u00e4kerst\u00e4ller inte bara effektiv sp\u00e5rning och minimerar f\u00f6rlust av f\u00f6rem\u00e5l inom en tv\u00e4ttservice, utan deras unika knappstil g\u00f6r dem l\u00e4tta att f\u00e4sta p\u00e5 kl\u00e4derna.<\/div>\n<div class=\"auto-hide-last-sibling-br paragraph_1252f paragraph-element\"><\/div>\n<\/div>\n<\/div>\n<\/div>\n<\/div>\n<\/div>","protected":false},"excerpt":{"rendered":"<p>UHF RFID tv\u00e4ttetikettknapp som fungerar p\u00e5 865-867 MHz. Dessa taggar \u00e4r sm\u00e5, l\u00e4tta och designade specifikt f\u00f6r att sp\u00e5ra tv\u00e4ttartiklar, vilket g\u00f6r dem l\u00e4mpliga f\u00f6r plagghantering. Taggarna har en l\u00e4sr\u00e4ckvidd p\u00e5 upp till 3m, enligt specifikation.<\/p>","protected":false},"featured_media":149,"template":"","meta":{"_kad_post_transparent":"default","_kad_post_title":"","_kad_post_layout":"default","_kad_post_sidebar_id":"","_kad_post_content_style":"default","_kad_post_vertical_padding":"default","_kad_post_feature":"","_kad_post_feature_position":"","_kad_post_header":false,"_kad_post_footer":false,"_kad_post_classname":""},"product_brand":[],"product_cat":[21,16],"product_tag":[41,35,33,30],"class_list":{"0":"post-148","1":"product","2":"type-product","3":"status-publish","4":"has-post-thumbnail","6":"product_cat-pps-rfid-laundry-tag","7":"product_cat-uhf-rfid-laundry-tags","8":"product_tag-pps-uhf-rfid-laundry-tag","9":"product_tag-rfid-button","10":"product_tag-rfid-laundry-tag-button","11":"product_tag-uhf-rfid-laundry-tag","13":"first","14":"instock","15":"shipping-taxable","16":"product-type-simple","17":"entry","18":"content-bg","19":"loop-entry"},"_links":{"self":[{"href":"https:\/\/rfid-laundry-tag.com\/sv\/wp-json\/wp\/v2\/product\/148","targetHints":{"allow":["GET"]}}],"collection":[{"href":"https:\/\/rfid-laundry-tag.com\/sv\/wp-json\/wp\/v2\/product"}],"about":[{"href":"https:\/\/rfid-laundry-tag.com\/sv\/wp-json\/wp\/v2\/types\/product"}],"version-history":[{"count":0,"href":"https:\/\/rfid-laundry-tag.com\/sv\/wp-json\/wp\/v2\/product\/148\/revisions"}],"wp:featuredmedia":[{"embeddable":true,"href":"https:\/\/rfid-laundry-tag.com\/sv\/wp-json\/wp\/v2\/media\/149"}],"wp:attachment":[{"href":"https:\/\/rfid-laundry-tag.com\/sv\/wp-json\/wp\/v2\/media?parent=148"}],"wp:term":[{"taxonomy":"product_brand","embeddable":true,"href":"https:\/\/rfid-laundry-tag.com\/sv\/wp-json\/wp\/v2\/product_brand?post=148"},{"taxonomy":"product_cat","embeddable":true,"href":"https:\/\/rfid-laundry-tag.com\/sv\/wp-json\/wp\/v2\/product_cat?post=148"},{"taxonomy":"product_tag","embeddable":true,"href":"https:\/\/rfid-laundry-tag.com\/sv\/wp-json\/wp\/v2\/product_tag?post=148"}],"curies":[{"name":"wp","href":"https:\/\/api.w.org\/{rel}","templated":true}]}}