{"id":143,"date":"2024-06-14T09:55:34","date_gmt":"2024-06-14T09:55:34","guid":{"rendered":"https:\/\/rfid-laundry-tag.com\/?post_type=product&#038;p=143"},"modified":"2024-09-26T04:10:00","modified_gmt":"2024-09-26T04:10:00","slug":"textile-rfid-tags-for-laundry","status":"publish","type":"product","link":"https:\/\/rfid-laundry-tag.com\/sv\/textile-rfid-tags-for-laundry\/","title":{"rendered":"Textil RFID-taggar f\u00f6r tv\u00e4tt"},"content":{"rendered":"<div>\n<div class=\"auto-hide-last-sibling-br paragraph_1252f paragraph-element\">\n<h1>Textil RFID-taggar f\u00f6r tv\u00e4tt<\/h1>\n<table width=\"593\">\n<tbody>\n<tr>\n<td width=\"233\">RF Air Protocol<\/td>\n<td colspan=\"4\" width=\"360\">EPC Global Class 1 Gen2 ISO18000-6C<\/td>\n<\/tr>\n<tr>\n<td width=\"233\">Driftsfrekvens<\/td>\n<td colspan=\"4\" width=\"360\">UHF 866-868 MHz (ETSI) \/UHF 902-928 MHz (FCC)<\/td>\n<\/tr>\n<tr>\n<td width=\"233\">Milj\u00f6kompatibilitet<\/td>\n<td colspan=\"4\" width=\"360\">Optimerad i luft<\/td>\n<\/tr>\n<tr>\n<td width=\"233\">Datalagringsperiod<\/td>\n<td colspan=\"4\" width=\"360\">50 \u00e5r<\/td>\n<\/tr>\n<tr>\n<td width=\"233\">L\u00e4s Range<\/td>\n<td colspan=\"4\" width=\"360\">Upp till 5,5 m (av metall)<\/td>\n<\/tr>\n<tr>\n<td width=\"233\">Polarisering<\/td>\n<td colspan=\"4\" width=\"360\">Linj\u00e4r<\/td>\n<\/tr>\n<tr>\n<td width=\"233\">IC-typ<\/td>\n<td colspan=\"4\" width=\"360\">NXP U KOD 8, U KOD 9 osv<\/td>\n<\/tr>\n<tr>\n<td width=\"233\">Minneskonfiguration<\/td>\n<td colspan=\"4\" width=\"360\">EPC 128bit TID 96bit Anv\u00e4ndare 32bit<\/td>\n<\/tr>\n<tr>\n<td colspan=\"5\" width=\"593\">Mekaniska separationer<\/td>\n<\/tr>\n<tr>\n<td width=\"233\">Ytmaterial<\/td>\n<td colspan=\"4\" width=\"360\">Textil<\/td>\n<\/tr>\n<tr>\n<td width=\"233\">M\u00e5tt (mm)<\/td>\n<td colspan=\"4\" width=\"360\">15*70*1,5 mm<\/td>\n<\/tr>\n<tr>\n<td width=\"233\">Vikt (g)<\/td>\n<td colspan=\"4\" width=\"360\">0,7 g<\/td>\n<\/tr>\n<tr>\n<td rowspan=\"2\" width=\"233\">Fasts\u00e4ttning<\/td>\n<td colspan=\"4\" width=\"360\">Sy i f\u00e5llen eller v\u00e4vd etikett<\/td>\n<\/tr>\n<tr>\n<td colspan=\"4\" width=\"360\">V\u00e4rmef\u00f6rsegling vid 215\u2103@15 sek &amp; 4 bar<\/td>\n<\/tr>\n<tr>\n<td width=\"233\">F\u00e4rg<\/td>\n<td colspan=\"4\" width=\"360\">Vit<\/td>\n<\/tr>\n<tr>\n<td colspan=\"5\" width=\"593\">Environmetal Sepcifications<\/td>\n<\/tr>\n<tr>\n<td width=\"233\">Driftstemperatur<\/td>\n<td colspan=\"4\" width=\"360\">-30\u00b0C till +85\u00b0C<\/td>\n<\/tr>\n<tr>\n<td width=\"233\">Omgivningstemperatur<\/td>\n<td colspan=\"4\" width=\"360\">-30\u00b0C till +100\u00b0C<\/td>\n<\/tr>\n<tr>\n<td width=\"233\">Mekaniskt motst\u00e5nd<\/td>\n<td colspan=\"4\" width=\"360\">60 barer<\/td>\n<\/tr>\n<tr>\n<td width=\"233\">Kemisk best\u00e4ndighet<\/td>\n<td colspan=\"4\" width=\"360\">Normala vanliga kemikalier i tv\u00e4ttprocesserna<\/td>\n<\/tr>\n<tr>\n<td rowspan=\"4\" width=\"233\">V\u00e4rmebest\u00e4ndighet<\/td>\n<td colspan=\"4\" width=\"360\">Tv\u00e4tt: 90 \u2103, 15 min, 200 cykler<\/td>\n<\/tr>\n<tr>\n<td colspan=\"4\" width=\"360\">F\u00f6rtorkning: 180 \u2103, 30 min<\/td>\n<\/tr>\n<tr>\n<td colspan=\"4\" width=\"360\">Strykning: 180\u2103, 10 sek, 200 cykler<\/td>\n<\/tr>\n<tr>\n<td colspan=\"4\" width=\"360\">Sterilisering: 135 \u2103, 20 min<\/td>\n<\/tr>\n<tr>\n<td width=\"233\">IP-klassificering<\/td>\n<td colspan=\"4\" width=\"360\">IP68<\/td>\n<\/tr>\n<tr>\n<td width=\"233\">Garanti<\/td>\n<td colspan=\"4\" width=\"360\">2 \u00e5r eller 200 g\u00e5ngers tv\u00e4tt<\/td>\n<\/tr>\n<\/tbody>\n<\/table>\n<\/div>\n<\/div>\n<div>\n<div>\n<h2>F\u00f6rdelar med UHF RFID tv\u00e4ttetiketter<\/h2>\n<p>Att investera i\u00a0<strong>UHF RFID tv\u00e4ttetiketter<\/strong>\u00a0\u00e4r ett smart beslut f\u00f6r alla tv\u00e4ttoperationer som vill \u00f6ka produktiviteten och precisionen. H\u00e4r \u00e4r n\u00e5gra \u00f6vertygande f\u00f6rdelar:<\/p>\n<ul>\n<li><strong>F\u00f6rb\u00e4ttrad sp\u00e5rning<\/strong>: Med RFID-teknik kan du sp\u00e5ra varje tv\u00e4ttbit under hela dess resa, fr\u00e5n tv\u00e4tt till leverans. Detta s\u00e4kerst\u00e4ller att inga f\u00f6rem\u00e5l g\u00e5r f\u00f6rlorade i processen.<\/li>\n<li><strong>Varaktighet<\/strong>: V\u00e5ra etiketter \u00e4r designade f\u00f6r att t\u00e5la h\u00f6ga temperaturer, flera tv\u00e4ttar och till och med str\u00e4nga industritv\u00e4ttar, vilket g\u00f6r dem idealiska f\u00f6r l\u00e5ngvarig anv\u00e4ndning.<\/li>\n<li><strong>Kostnadseffektiv<\/strong>: Genom att minska f\u00f6rlusterna och f\u00f6rb\u00e4ttra lagerhanteringen m\u00f6jligg\u00f6r RFID-tv\u00e4ttetiketter i slut\u00e4ndan betydande kostnadsbesparingar.<\/li>\n<\/ul>\n<h2>Viktiga egenskaper hos UHF RFID tv\u00e4ttetiketter<\/h2>\n<h3>1.\u00a0<strong>Tv\u00e4ttbar design f\u00f6r l\u00e5ng livsl\u00e4ngd<\/strong><\/h3>\n<p>V\u00e5r\u00a0<strong>RFID-lappar f\u00f6r tygtv\u00e4tt<\/strong>\u00a0\u00e4r konstruerade f\u00f6r att klara mer \u00e4n 200 tv\u00e4ttcykler, vilket s\u00e4kerst\u00e4ller tillf\u00f6rlitlighet och h\u00e5llbarhet. Dessa taggar \u00e4r speciellt utformade f\u00f6r att t\u00e5la extrema tv\u00e4ttf\u00f6rh\u00e5llanden utan att f\u00f6rs\u00e4mra prestanda. De t\u00e5l till och med h\u00f6ga temperaturer utan att f\u00f6rlora sina sp\u00e5rningsf\u00f6rm\u00e5ga, vilket g\u00f6r dem perfekta f\u00f6r alla kommersiella tv\u00e4ttmilj\u00f6er.<\/p>\n<h3>2.\u00a0<strong>M\u00e5ngsidighet i applikationen<\/strong><\/h3>\n<p>Dessa\u00a0<strong>textila RFID-taggar<\/strong>\u00a0\u00e4r m\u00e5ngsidiga och kan anv\u00e4ndas f\u00f6r olika applikationer \u2014 fr\u00e5n att sp\u00e5ra plagg p\u00e5 hotell till att hantera linne p\u00e5 v\u00e5rdinr\u00e4ttningar. Deras robusta design g\u00f6r att de kan hantera olika tv\u00e4ttmilj\u00f6er samtidigt som de s\u00e4kerst\u00e4ller konsekvent prestanda.<\/p>\n<h3>3.\u00a0<strong>Enkel integration<\/strong><\/h3>\n<p>Integrering\u00a0<strong>UHF RFID tv\u00e4ttetiketter<\/strong>\u00a0in i dina befintliga sp\u00e5rningssystem \u00e4r enkelt. Taggarna kan s\u00f6ml\u00f6st fungera med RFID-l\u00e4sare, vilket ger insyn i din tv\u00e4tt i realtid. Detta inneb\u00e4r str\u00f6mlinjeformade processer, f\u00f6rb\u00e4ttrad noggrannhet och b\u00e4ttre tillg\u00e5ngshantering, perfekt f\u00f6r att hantera stora volymer textilartiklar.<\/p>\n<h3>4.\u00a0<strong>Vatten- och temperaturbest\u00e4ndig<\/strong><\/h3>\n<p>Dessa etiketter \u00e4r designade f\u00f6r att klara av industriella tv\u00e4tterier och \u00e4r b\u00e5de vattent\u00e4ta och motst\u00e5ndskraftiga mot h\u00f6ga temperaturer. Denna h\u00e5llbarhet s\u00e4kerst\u00e4ller l\u00e5ng livsl\u00e4ngd, vilket g\u00f6r att de kan bibeh\u00e5lla funktionalitet under m\u00e5nga aggressiva tv\u00e4ttar och torkcykler som \u00e4r vanliga i kommersiella tv\u00e4tterier.<\/p>\n<h3>5.\u00a0<strong>Noggrann lagerhantering<\/strong><\/h3>\n<p>Med\u00a0<strong>RFID-tv\u00e4ttsp\u00e5rning<\/strong>, blir det enkelt att hantera ditt lager. Varje tagg inneh\u00e5ller en unik identifierare som m\u00f6jligg\u00f6r automatisk sp\u00e5rning av varje tv\u00e4ttbit, vilket eliminerar den manuella in-\/utcheckningsprocessen. Den h\u00e4r funktionen \u00f6kar effektiviteten och ser till att du alltid vet var dina tillg\u00e5ngar finns.<\/p>\n<h3>6.\u00a0<strong>Milj\u00f6p\u00e5verkan<\/strong><\/h3>\n<p>Fr\u00e4mja ett h\u00e5llbart f\u00f6rh\u00e5llningss\u00e4tt, v\u00e5r\u00a0<strong>tv\u00e4ttbara RFID-taggar<\/strong>\u00a0\u00e4r designade med milj\u00f6v\u00e4nlighet i \u00e5tanke. De \u00e4r \u00e5teranv\u00e4ndbara och tillverkade av material som minskar avfallet j\u00e4mf\u00f6rt med eng\u00e5ngsetiketter. Denna h\u00e5llbarhetsaspekt \u00e4r avg\u00f6rande d\u00e5 organisationer i allt h\u00f6gre grad prioriterar milj\u00f6ansvar.<\/p>\n<\/div>\n<div><\/div>\n<div>\n<h2>Anv\u00e4ndningsinstruktioner<\/h2>\n<ol>\n<li><strong>F\u00f6rberedelse<\/strong>: Innan du applicerar taggarna p\u00e5 dina textilier, se till att ytan \u00e4r ren och torr.<\/li>\n<li><strong>Ans\u00f6kan<\/strong>: Taggar kan sys in i plagget eller f\u00e4stas p\u00e5 linne enligt dina krav.<\/li>\n<li><strong>Initialisering<\/strong>: Programmera varje tagg med en RFID-l\u00e4sare f\u00f6r att tilldela en unik identifierare till varje tv\u00e4ttbit.<\/li>\n<li><strong>Sp\u00e5rning<\/strong>: Anv\u00e4nd en RFID-l\u00e4sare f\u00f6r att \u00f6vervaka och sp\u00e5ra tv\u00e4ttartiklar genom tv\u00e4tt- och leveranscyklerna s\u00f6ml\u00f6st.<\/li>\n<\/ol>\n<\/div>\n<div><\/div>\n<div class=\"auto-hide-last-sibling-br paragraph_1252f paragraph-element\"><strong>Textil RFID-taggar f\u00f6r tv\u00e4tt<\/strong> fungera som ett f\u00f6rdelaktigt verktyg f\u00f6r anl\u00e4ggningar som beh\u00f6ver kontinuerliga leveranser av rent linne, arbetsuniformer, medicinska kl\u00e4der eller reng\u00f6ringsmaterial, vilket g\u00f6r det m\u00f6jligt f\u00f6r de automatiserade systemen att hantera stora m\u00e4ngder enskilda f\u00f6rem\u00e5l p\u00e5 ett snabbt och exakt s\u00e4tt.<\/div>\n<p>&nbsp;<\/p>\n<\/div>\n<div>\n<div class=\"auto-hide-last-sibling-br paragraph_1252f paragraph-element\"><strong>RFID textiletiketter<\/strong> funktion med hj\u00e4lp av en specialiserad process. Varje etikett \u00e4r utrustad med ett RFID-chip som inneh\u00e5ller betydande detaljer om produkten, s\u00e5som dess tillverkningsspecifikationer, unik identifierare, k\u00e4lla, materialsammans\u00e4ttning och s\u00e5 vidare.<\/div>\n<div class=\"auto-hide-last-sibling-br paragraph_1252f paragraph-element\">Mekanismen f\u00f6r att extrahera denna inb\u00e4ddade information inneh\u00e5ller ett verktyg som kallas en RFID-s\u00e4ndare eller mer vanligt en l\u00e4sare. Den h\u00e4r enheten s\u00e4nder radiofrekvensv\u00e5gor som uppr\u00e4ttar en anslutning till RFID-chippet som ligger inom etiketten. Denna interaktion underl\u00e4ttar f\u00f6r l\u00e4saren att komma \u00e5t data som \u00e4r s\u00e4krad p\u00e5 chippet.<\/div>\n<\/div>\n<div><\/div>\n<div><\/div>\n<div>\n<div class=\"auto-hide-last-sibling-br paragraph_1252f paragraph-element\"><span style=\"font-family: inherit; font-size: 24px; font-weight: bold;\">Installation<\/span><\/div>\n<\/div>\n<p><strong>Stitch Tagging<\/strong>: Ska sys i f\u00e5llen p\u00e5 en textil. Sy bort tv\u00e4ttlappen fr\u00e5n viklinjerna.<br \/>\n<strong>V\u00e4rmef\u00f6rsegling<\/strong>: F\u00f6r att v\u00e4rmef\u00f6rseglas direkt p\u00e5 textilen vid +200\u00b0C (392\u00b0F), i 12~14s.<br \/>\n<strong>I p\u00e5se<\/strong>: Ska sys som en vanlig sk\u00f6tseletikett. Sy bort tv\u00e4ttlappen fr\u00e5n viklinjerna.<\/p>\n<div class=\"auto-hide-last-sibling-br paragraph_1252f paragraph-element\">\n<div class=\"auto-hide-last-sibling-br paragraph_1252f paragraph-element\"><\/div>\n<p style=\"font-weight: 400;\"><span style=\"font-style: inherit; font-weight: inherit;\" data-spm-anchor-id=\"a2700.details.0.i52.7e74253fSAfL7T\">Hur <\/span><b><strong style=\"font-style: inherit;\">STARK<\/strong><\/b><span style=\"font-style: inherit; font-weight: inherit;\"> de \u00e4r?<\/span><\/p>\n<p><b><strong>\u2460<\/strong><\/b>. \u00c4r RFID-chips skadade under h\u00f6ga temperaturer?<span style=\"font-style: inherit; font-weight: inherit;\"> \u2013<\/span><b><strong>\u2714 V\u00e5r RFID-textiltv\u00e4ttetikett \u00e4r designad f\u00f6r att anv\u00e4ndas vid 200 \u00b0C<\/strong><\/b><span style=\"font-style: inherit; font-weight: inherit;\">.<\/span><\/p>\n<p style=\"font-weight: 400;\"><b><strong>\u2461<\/strong><\/b>Hur m\u00e5nga g\u00e5nger kan vi tv\u00e4tta taggarna som \u00e4r f\u00e4sta p\u00e5 uniformstextilprodukter? <b><strong>\u2013\u2714V\u00e5r RFID-textiltv\u00e4ttetikett kan tv\u00e4ttas mer \u00e4n 200 g\u00e5nger garanterat i 2 \u00e5r efter frakt.<\/strong><\/b><\/p>\n<p style=\"font-weight: 400;\"><b><strong>\u2462<\/strong><\/b>Kommer vi att spendera prestigefyllda uniformer textilprodukter, forts\u00e4tta att arbeta i h\u00e4ndelse av chip crush? <b><strong>\u2013\u2714Vi designade v\u00e5r textiltv\u00e4ttlapp f\u00f6r att klara 60 bars tryck i processen att pressa dina textilprodukter.<\/strong><\/b><\/p>\n<p style=\"font-weight: 400;\"><b><strong>\u2463<\/strong><\/b>Var placerar du RFID-textiltv\u00e4ttetiketter p\u00e5 uniformstextilier? <b><strong>\u2013 \u2714RFID textiltv\u00e4ttetikett installeras i enlighet med tillg\u00e4ngligheten av uniformerna.<\/strong><\/b><\/p>\n<h2>Vanliga fr\u00e5gor (FAQs)<\/h2>\n<h3>1.\u00a0<strong>\u00c4r RFID-tv\u00e4ttetiketterna verkligen tv\u00e4ttbara?<\/strong><\/h3>\n<p>Ja, v\u00e5ra RFID-tv\u00e4ttetiketter \u00e4r designade f\u00f6r att klara \u00f6ver 200 tv\u00e4ttcykler samtidigt som de beh\u00e5ller sin prestanda.<\/p>\n<h3>2.\u00a0<strong>Kan dessa taggar anv\u00e4ndas i h\u00f6gtemperaturmilj\u00f6er?<\/strong><\/h3>\n<p>Absolut! V\u00e5ra taggar \u00e4r v\u00e4rmebest\u00e4ndiga och t\u00e5l temperaturer p\u00e5 upp till 85\u00b0C utan att f\u00f6rlora funktionalitet.<\/p>\n<h3>3.\u00a0<strong>Hur l\u00e4tt \u00e4r det att integrera dessa taggar i befintliga system?<\/strong><\/h3>\n<p>Integrationen \u00e4r enkel eftersom dessa taggar \u00e4r kompatibla med de flesta RFID-l\u00e4sare som finns p\u00e5 marknaden, vilket s\u00e4kerst\u00e4ller s\u00f6ml\u00f6s implementering.<\/p>\n<h3>4.\u00a0<strong>Vilka material anv\u00e4nds i dessa taggar?<\/strong><\/h3>\n<p>Taggarna \u00e4r gjorda av slitstarkt textiltyg, vilket ger b\u00e5de styrka och flexibilitet.<\/p>\n<h2>Slutsats<\/h2>\n<p>Att investera i\u00a0<strong>UHF RFID tv\u00e4ttetiketter<\/strong>\u00a0handlar inte bara om att f\u00f6rb\u00e4ttra den operativa effektiviteten; det handlar om att framtidss\u00e4kra dina tv\u00e4ttprocesser mot utmaningar inom sp\u00e5rning, lagerhantering och h\u00e5llbarhet. Med innovativ design som t\u00e5l industriell tv\u00e4tt och en anv\u00e4ndarv\u00e4nlighet som helt enkelt inte g\u00e5r att matcha, \u00e4r dessa taggar viktiga f\u00f6r alla organisationer som \u00e4r involverade i tv\u00e4ttservice. Om du \u00e4r redo att revolutionera dina textilhanteringssystem,\u00a0<strong>shoppa RFID tv\u00e4ttetiketter idag och fyll i v\u00e5rt f\u00f6rfr\u00e5gningsformul\u00e4r f\u00f6r mer information om priser och prover!<\/strong><\/p>\n<\/div>","protected":false},"excerpt":{"rendered":"<p>Sp\u00e5ra tv\u00e4ttartiklar utan anstr\u00e4ngning med h\u00e5llbara textil RFID-taggar! Tv\u00e4ttbar och designad f\u00f6r industriell anv\u00e4ndning, optimera din tv\u00e4tthantering idag!<\/p>","protected":false},"featured_media":144,"template":"","meta":{"_kad_post_transparent":"default","_kad_post_title":"","_kad_post_layout":"default","_kad_post_sidebar_id":"","_kad_post_content_style":"default","_kad_post_vertical_padding":"default","_kad_post_feature":"","_kad_post_feature_position":"","_kad_post_header":false,"_kad_post_footer":false,"_kad_post_classname":""},"product_brand":[],"product_cat":[19],"product_tag":[67,31,312,65],"class_list":{"0":"post-143","1":"product","2":"type-product","3":"status-publish","4":"has-post-thumbnail","6":"product_cat-textile-rfid-laundry-tag","7":"product_tag-heating-seal-uhf-rfid-laundry-tags","8":"product_tag-rfid-tag-for-linen-laundry","9":"product_tag-rfid-tags","10":"product_tag-textile-rfid-laundry-tags","12":"first","13":"instock","14":"shipping-taxable","15":"product-type-simple","16":"entry","17":"content-bg","18":"loop-entry"},"_links":{"self":[{"href":"https:\/\/rfid-laundry-tag.com\/sv\/wp-json\/wp\/v2\/product\/143","targetHints":{"allow":["GET"]}}],"collection":[{"href":"https:\/\/rfid-laundry-tag.com\/sv\/wp-json\/wp\/v2\/product"}],"about":[{"href":"https:\/\/rfid-laundry-tag.com\/sv\/wp-json\/wp\/v2\/types\/product"}],"version-history":[{"count":3,"href":"https:\/\/rfid-laundry-tag.com\/sv\/wp-json\/wp\/v2\/product\/143\/revisions"}],"predecessor-version":[{"id":2682,"href":"https:\/\/rfid-laundry-tag.com\/sv\/wp-json\/wp\/v2\/product\/143\/revisions\/2682"}],"wp:featuredmedia":[{"embeddable":true,"href":"https:\/\/rfid-laundry-tag.com\/sv\/wp-json\/wp\/v2\/media\/144"}],"wp:attachment":[{"href":"https:\/\/rfid-laundry-tag.com\/sv\/wp-json\/wp\/v2\/media?parent=143"}],"wp:term":[{"taxonomy":"product_brand","embeddable":true,"href":"https:\/\/rfid-laundry-tag.com\/sv\/wp-json\/wp\/v2\/product_brand?post=143"},{"taxonomy":"product_cat","embeddable":true,"href":"https:\/\/rfid-laundry-tag.com\/sv\/wp-json\/wp\/v2\/product_cat?post=143"},{"taxonomy":"product_tag","embeddable":true,"href":"https:\/\/rfid-laundry-tag.com\/sv\/wp-json\/wp\/v2\/product_tag?post=143"}],"curies":[{"name":"wp","href":"https:\/\/api.w.org\/{rel}","templated":true}]}}