{"id":136,"date":"2024-06-14T07:33:05","date_gmt":"2024-06-14T07:33:05","guid":{"rendered":"https:\/\/rfid-laundry-tag.com\/?post_type=product&#038;p=136"},"modified":"2024-09-08T04:31:40","modified_gmt":"2024-09-08T04:31:40","slug":"heating-seal-uhf-rfid-laundry-tags","status":"publish","type":"product","link":"https:\/\/rfid-laundry-tag.com\/sv\/heating-seal-uhf-rfid-laundry-tags\/","title":{"rendered":"V\u00e4rmef\u00f6rsegling UHF RFID tv\u00e4ttetiketter"},"content":{"rendered":"<div>\n<div class=\"auto-hide-last-sibling-br paragraph_1252f paragraph-element\">\n<h1>V\u00e4rmef\u00f6rsegling UHF RFID tv\u00e4ttetiketter<\/h1>\n<table width=\"593\">\n<tbody>\n<tr>\n<td width=\"233\">RF Air Protocol<\/td>\n<td colspan=\"4\" width=\"360\">EPC Global Class 1 Gen2 ISO18000-6C<\/td>\n<\/tr>\n<tr>\n<td width=\"233\">Driftsfrekvens<\/td>\n<td colspan=\"4\" width=\"360\">UHF 866-868 MHz (ETSI) \/UHF 902-928 MHz (FCC)<\/td>\n<\/tr>\n<tr>\n<td width=\"233\">Milj\u00f6kompatibilitet<\/td>\n<td colspan=\"4\" width=\"360\">Optimerad i luft<\/td>\n<\/tr>\n<tr>\n<td width=\"233\">Datalagringsperiod<\/td>\n<td colspan=\"4\" width=\"360\">50 \u00e5r<\/td>\n<\/tr>\n<tr>\n<td width=\"233\">L\u00e4s Range<\/td>\n<td colspan=\"4\" width=\"360\">Upp till 5,5 m (av metall)<\/td>\n<\/tr>\n<tr>\n<td width=\"233\">Polarisering<\/td>\n<td colspan=\"4\" width=\"360\">Linj\u00e4r<\/td>\n<\/tr>\n<tr>\n<td width=\"233\">IC-typ<\/td>\n<td colspan=\"4\" width=\"360\">NXP U KOD 8, U KOD 9 osv<\/td>\n<\/tr>\n<tr>\n<td width=\"233\">Minneskonfiguration<\/td>\n<td colspan=\"4\" width=\"360\">EPC 128bit TID 96bit Anv\u00e4ndare 32bit<\/td>\n<\/tr>\n<tr>\n<td colspan=\"5\" width=\"593\">Mekaniska separationer<\/td>\n<\/tr>\n<tr>\n<td width=\"233\">Ytmaterial<\/td>\n<td colspan=\"4\" width=\"360\">Textil<\/td>\n<\/tr>\n<tr>\n<td width=\"233\">M\u00e5tt (mm)<\/td>\n<td colspan=\"4\" width=\"360\">15*70*1,5 mm<\/td>\n<\/tr>\n<tr>\n<td width=\"233\">Vikt (g)<\/td>\n<td colspan=\"4\" width=\"360\">0,7 g<\/td>\n<\/tr>\n<tr>\n<td rowspan=\"2\" width=\"233\">Fasts\u00e4ttning<\/td>\n<td colspan=\"4\" width=\"360\">Sy i f\u00e5llen eller v\u00e4vd etikett<\/td>\n<\/tr>\n<tr>\n<td colspan=\"4\" width=\"360\">V\u00e4rmef\u00f6rsegling vid 215\u2103@15 sek &amp; 4 bar<\/td>\n<\/tr>\n<tr>\n<td width=\"233\">F\u00e4rg<\/td>\n<td colspan=\"4\" width=\"360\">Vit<\/td>\n<\/tr>\n<tr>\n<td colspan=\"5\" width=\"593\">Environmetal Sepcifications<\/td>\n<\/tr>\n<tr>\n<td width=\"233\">Driftstemperatur<\/td>\n<td colspan=\"4\" width=\"360\">-30\u00b0C till +85\u00b0C<\/td>\n<\/tr>\n<tr>\n<td width=\"233\">Omgivningstemperatur<\/td>\n<td colspan=\"4\" width=\"360\">-30\u00b0C till +100\u00b0C<\/td>\n<\/tr>\n<tr>\n<td width=\"233\">Mekaniskt motst\u00e5nd<\/td>\n<td colspan=\"4\" width=\"360\">60 barer<\/td>\n<\/tr>\n<tr>\n<td width=\"233\">Kemisk best\u00e4ndighet<\/td>\n<td colspan=\"4\" width=\"360\">Normala vanliga kemikalier i tv\u00e4ttprocesserna<\/td>\n<\/tr>\n<tr>\n<td rowspan=\"4\" width=\"233\">V\u00e4rmebest\u00e4ndighet<\/td>\n<td colspan=\"4\" width=\"360\">Tv\u00e4tt: 90 \u2103, 15 min, 200 cykler<\/td>\n<\/tr>\n<tr>\n<td colspan=\"4\" width=\"360\">F\u00f6rtorkning: 180 \u2103, 30 min<\/td>\n<\/tr>\n<tr>\n<td colspan=\"4\" width=\"360\">Strykning: 180\u2103, 10 sek, 200 cykler<\/td>\n<\/tr>\n<tr>\n<td colspan=\"4\" width=\"360\">Sterilisering: 135 \u2103, 20 min<\/td>\n<\/tr>\n<tr>\n<td width=\"233\">IP-klassificering<\/td>\n<td colspan=\"4\" width=\"360\">IP68<\/td>\n<\/tr>\n<tr>\n<td width=\"233\">Garanti<\/td>\n<td colspan=\"4\" width=\"360\">2 \u00e5r eller 200 g\u00e5ngers tv\u00e4tt<\/td>\n<\/tr>\n<\/tbody>\n<\/table>\n<\/div>\n<\/div>\n<div><\/div>\n<div>\n<div class=\"auto-hide-last-sibling-br paragraph_1252f paragraph-element\">RFID-tv\u00e4ttetiketter fungerar som ett f\u00f6rdelaktigt verktyg f\u00f6r anl\u00e4ggningar som beh\u00f6ver kontinuerliga leveranser av rent linne, arbetsuniformer, medicinska kl\u00e4der eller reng\u00f6ringsmaterial, vilket g\u00f6r det m\u00f6jligt f\u00f6r de automatiserade systemen att hantera stora m\u00e4ngder enskilda f\u00f6rem\u00e5l p\u00e5 ett snabbt och exakt s\u00e4tt.<\/div>\n<p>&nbsp;<\/p>\n<div class=\"auto-hide-last-sibling-br paragraph_1252f paragraph-element\">Dessa UHF RFID-tv\u00e4ttetiketter av tyg, som till stor del anv\u00e4nds av enhetliga leverant\u00f6rer, g\u00e4stfrihetsenheter, kommersiella st\u00e4dtj\u00e4nster och h\u00e4lsov\u00e5rdsinr\u00e4ttningar, f\u00f6renklar proceduren f\u00f6r att sp\u00e5ra olika tillg\u00e5ngar som kl\u00e4der, linne eller trasor. Detta bidrar till ut\u00f6vandet av effektiv lager\u00f6vervakning och korrekt kontohantering, vilket f\u00f6rb\u00e4ttrar den totala operativa effektiviteten. Genom att tillhandah\u00e5lla felfri data och automatisera sp\u00e5rningsprocessen, kontrollerar detta system felplacering och st\u00f6ld av f\u00f6rem\u00e5l, vilket minskar f\u00f6rlusterna. Den h\u00e5llbara karakt\u00e4ren hos dessa taggar s\u00e4kerst\u00e4ller att de t\u00e5l industriella tv\u00e4ttprocesser. Det \u00e4r en optimal l\u00f6sning f\u00f6r att hantera lager p\u00e5 ett systematiskt och organiserat s\u00e4tt.<\/div>\n<\/div>\n<div><\/div>\n<div><\/div>\n<div><\/div>\n<div>\n<div class=\"auto-hide-last-sibling-br paragraph_1252f paragraph-element\"><span style=\"font-family: inherit; font-size: 24px; font-weight: bold;\">Installation<\/span><\/div>\n<\/div>\n<p><strong>Stitch Tagging<\/strong>: Ska sys i f\u00e5llen p\u00e5 en textil. Sy bort tv\u00e4ttlappen fr\u00e5n viklinjerna.<br \/>\n<strong>V\u00e4rmef\u00f6rsegling<\/strong>: F\u00f6r att v\u00e4rmef\u00f6rseglas direkt p\u00e5 textilen vid +200\u00b0C (392\u00b0F), i 12~14s.<br \/>\n<strong>I p\u00e5se<\/strong>: Ska sys som en vanlig sk\u00f6tseletikett. Sy bort tv\u00e4ttlappen fr\u00e5n viklinjerna.<\/p>\n<p>&nbsp;<\/p>\n<div class=\"auto-hide-last-sibling-br paragraph_1252f paragraph-element\">\n<div class=\"auto-hide-last-sibling-br paragraph_1252f paragraph-element\">Uppv\u00e4rmningslim UHF RFID-tv\u00e4ttetiketter f\u00f6r linnetv\u00e4tt \u00e4r oumb\u00e4rliga i en m\u00e4ngd branscher, vilket \u00e4r avg\u00f6rande f\u00f6r effektiv tillg\u00e5ngssp\u00e5rning, lagerhantering och \u00f6kar den totala operativa effektiviteten. H\u00e4r \u00e4r en glimt av deras till\u00e4mpning inom olika sektorer:<\/div>\n<div class=\"auto-hide-last-sibling-br paragraph_1252f paragraph-element\"><\/div>\n<p style=\"font-weight: 400;\"><span style=\"font-style: inherit; font-weight: inherit;\" data-spm-anchor-id=\"a2700.details.0.i52.7e74253fSAfL7T\">Hur <\/span><b><strong style=\"font-style: inherit;\">STARK<\/strong><\/b><span style=\"font-style: inherit; font-weight: inherit;\"> de \u00e4r?<\/span><\/p>\n<p><b><strong>\u2460<\/strong><\/b>. \u00c4r RFID-chips skadade under h\u00f6ga temperaturer?<span style=\"font-style: inherit; font-weight: inherit;\"> \u2013<\/span><b><strong>\u2714 V\u00e5r RFID-textiltv\u00e4ttetikett \u00e4r designad f\u00f6r att anv\u00e4ndas vid 200 \u00b0C<\/strong><\/b><span style=\"font-style: inherit; font-weight: inherit;\">.<\/span><\/p>\n<p style=\"font-weight: 400;\"><b><strong>\u2461<\/strong><\/b>Hur m\u00e5nga g\u00e5nger kan vi tv\u00e4tta taggarna som \u00e4r f\u00e4sta p\u00e5 uniformstextilprodukter? <b><strong>\u2013\u2714V\u00e5r RFID-textiltv\u00e4ttetikett kan tv\u00e4ttas mer \u00e4n 200 g\u00e5nger garanterat i 2 \u00e5r efter frakt.<\/strong><\/b><\/p>\n<p style=\"font-weight: 400;\"><b><strong>\u2462<\/strong><\/b>Kommer vi att spendera prestigefyllda uniformer textilprodukter, forts\u00e4tta att arbeta i h\u00e4ndelse av chip crush? <b><strong>\u2013\u2714Vi designade v\u00e5r textiltv\u00e4ttlapp f\u00f6r att klara 60 bars tryck i processen att pressa dina textilprodukter.<\/strong><\/b><\/p>\n<p style=\"font-weight: 400;\"><b><strong>\u2463<\/strong><\/b>Var placerar du RFID-textiltv\u00e4ttetiketter p\u00e5 uniformstextilier? <b><strong>\u2013 \u2714RFID textiltv\u00e4ttetikett installeras i enlighet med tillg\u00e4ngligheten av uniformerna.<\/strong><\/b><\/p>\n<\/div>","protected":false},"excerpt":{"rendered":"<p>Heating Seal UHF RFID tv\u00e4ttetiketter \u00e4r designade f\u00f6r kommersiella och industriella textilapplikationer. Denna tagg \u00e4r extremt flexibel, den kan l\u00e4sas fr\u00e5n ett ut\u00f6kat omr\u00e5de och ger fortfarande den mest exakta informationen inom. Kunder kan anv\u00e4nda den f\u00f6r att sp\u00e5ra stora kvantiteter textiltillg\u00e5ngar samtidigt som de h\u00e5ller sina kostnader l\u00e5ga, vilket f\u00f6rb\u00e4ttrar hanteringseffektiviteten.<\/p>","protected":false},"featured_media":137,"template":"","meta":{"_kad_post_transparent":"default","_kad_post_title":"","_kad_post_layout":"default","_kad_post_sidebar_id":"","_kad_post_content_style":"default","_kad_post_vertical_padding":"default","_kad_post_feature":"","_kad_post_feature_position":"","_kad_post_header":false,"_kad_post_footer":false,"_kad_post_classname":""},"product_brand":[],"product_cat":[19,16],"product_tag":[67,31,65],"class_list":{"0":"post-136","1":"product","2":"type-product","3":"status-publish","4":"has-post-thumbnail","6":"product_cat-textile-rfid-laundry-tag","7":"product_cat-uhf-rfid-laundry-tags","8":"product_tag-heating-seal-uhf-rfid-laundry-tags","9":"product_tag-rfid-tag-for-linen-laundry","10":"product_tag-textile-rfid-laundry-tags","12":"first","13":"instock","14":"shipping-taxable","15":"product-type-simple","16":"entry","17":"content-bg","18":"loop-entry"},"_links":{"self":[{"href":"https:\/\/rfid-laundry-tag.com\/sv\/wp-json\/wp\/v2\/product\/136","targetHints":{"allow":["GET"]}}],"collection":[{"href":"https:\/\/rfid-laundry-tag.com\/sv\/wp-json\/wp\/v2\/product"}],"about":[{"href":"https:\/\/rfid-laundry-tag.com\/sv\/wp-json\/wp\/v2\/types\/product"}],"version-history":[{"count":1,"href":"https:\/\/rfid-laundry-tag.com\/sv\/wp-json\/wp\/v2\/product\/136\/revisions"}],"predecessor-version":[{"id":1938,"href":"https:\/\/rfid-laundry-tag.com\/sv\/wp-json\/wp\/v2\/product\/136\/revisions\/1938"}],"wp:featuredmedia":[{"embeddable":true,"href":"https:\/\/rfid-laundry-tag.com\/sv\/wp-json\/wp\/v2\/media\/137"}],"wp:attachment":[{"href":"https:\/\/rfid-laundry-tag.com\/sv\/wp-json\/wp\/v2\/media?parent=136"}],"wp:term":[{"taxonomy":"product_brand","embeddable":true,"href":"https:\/\/rfid-laundry-tag.com\/sv\/wp-json\/wp\/v2\/product_brand?post=136"},{"taxonomy":"product_cat","embeddable":true,"href":"https:\/\/rfid-laundry-tag.com\/sv\/wp-json\/wp\/v2\/product_cat?post=136"},{"taxonomy":"product_tag","embeddable":true,"href":"https:\/\/rfid-laundry-tag.com\/sv\/wp-json\/wp\/v2\/product_tag?post=136"}],"curies":[{"name":"wp","href":"https:\/\/api.w.org\/{rel}","templated":true}]}}