{"id":131,"date":"2024-06-12T06:33:59","date_gmt":"2024-06-12T06:33:59","guid":{"rendered":"https:\/\/rfid-laundry-tag.com\/?post_type=product&#038;p=131"},"modified":"2024-06-12T06:39:20","modified_gmt":"2024-06-12T06:39:20","slug":"sewing-type-uhf-rfid-laundry-tags","status":"publish","type":"product","link":"https:\/\/rfid-laundry-tag.com\/sv\/sewing-type-uhf-rfid-laundry-tags\/","title":{"rendered":"Sytyp UHF RFID tv\u00e4ttlappar"},"content":{"rendered":"<div>\n<div class=\"auto-hide-last-sibling-br paragraph_1252f paragraph-element\">\n<table width=\"637\">\n<tbody>\n<tr>\n<td width=\"328\">Artikelnamn:<\/td>\n<td width=\"309\">Sytyp UHF RFID tv\u00e4ttlappar<\/td>\n<\/tr>\n<tr>\n<td width=\"328\">RFID-standard:<\/td>\n<td width=\"309\">ISO\/IEC 18000-6 TypeC (EPC Gen2)<\/td>\n<\/tr>\n<tr>\n<td width=\"328\">Storlek &amp; Vikt:<\/td>\n<td width=\"309\">70\u00d715 mm, 0,6g<\/td>\n<\/tr>\n<tr>\n<td width=\"328\">Chiptyp:<\/td>\n<td width=\"309\">Impinj Monza 4QT,NXP U KOD 9<\/td>\n<\/tr>\n<tr>\n<td width=\"328\">EPC-minne:<\/td>\n<td width=\"309\">128 bitar<\/td>\n<\/tr>\n<tr>\n<td width=\"328\">Anv\u00e4ndarminne:<\/td>\n<td width=\"309\">512 bitar<\/td>\n<\/tr>\n<tr>\n<td width=\"328\">L\u00e4somr\u00e5de (2W ERP FCC):<\/td>\n<td width=\"309\">8m<\/td>\n<\/tr>\n<tr>\n<td width=\"328\">L\u00e4somr\u00e5de (2W ERP ETSI):<\/td>\n<td width=\"309\">8m<\/td>\n<\/tr>\n<tr>\n<td width=\"328\">Taggning:<\/td>\n<td width=\"309\">S\u00f6mnad, Varmpr\u00e4glingslim<\/td>\n<\/tr>\n<tr>\n<td width=\"328\">Ber\u00e4knad livsl\u00e4ngd:<\/td>\n<td width=\"309\">200 tv\u00e4ttcykler eller 3 \u00e5r, beroende p\u00e5 vad som intr\u00e4ffar f\u00f6rst<\/td>\n<\/tr>\n<tr>\n<td width=\"328\">Tv\u00e4ttmetod:<\/td>\n<td width=\"309\">Tv\u00e4ttservice, Kemtv\u00e4tt<\/td>\n<\/tr>\n<tr>\n<td width=\"328\">Vattenextraktionstryck:<\/td>\n<td width=\"309\">60 bar<\/td>\n<\/tr>\n<tr>\n<td width=\"328\">Vattent\u00e5lighet:<\/td>\n<td width=\"309\">Vattent\u00e5lig<\/td>\n<\/tr>\n<tr>\n<td width=\"328\">Kemisk best\u00e4ndighet:<\/td>\n<td width=\"309\">Tv\u00e4ttmedel, sk\u00f6ljmedel, blekmedel (syre\/klor), alkali<\/td>\n<\/tr>\n<tr>\n<td width=\"328\">F\u00f6rtorkning i torktumlare:<\/td>\n<td width=\"309\">125 \u00baC i 15-20 minuter<\/td>\n<\/tr>\n<tr>\n<td width=\"328\">Steriliseringstemperatur:<\/td>\n<td width=\"309\">135\u00b0C i 15-20 minuter<\/td>\n<\/tr>\n<tr>\n<td width=\"328\">Tv\u00e4tttemperatur:<\/td>\n<td width=\"309\">90\u00b0C, Upp till 15 min.<\/td>\n<\/tr>\n<tr>\n<td width=\"328\">Fuktighet\/temperaturdrift:<\/td>\n<td width=\"309\">-20 till 110\u00b0C, 8 till 95%RH<\/td>\n<\/tr>\n<tr>\n<td width=\"328\">Fuktighet\/temperatur-lagring:<\/td>\n<td width=\"309\">-40 till 110\u00b0C, 8 till 95%RH<\/td>\n<\/tr>\n<\/tbody>\n<\/table>\n<\/div>\n<div class=\"auto-hide-last-sibling-br paragraph_1252f paragraph-element\"><\/div>\n<\/div>\n<div><\/div>\n<div class=\"auto-hide-last-sibling-br paragraph_1252f paragraph-element\">\n<div data-spm-anchor-id=\"a2700.details.0.i57.23b419c7xXORP0\"><span data-spm-anchor-id=\"a2700.details.0.i75.23b419c7xXORP0\"><b>S\u00e4rdrag:<\/b><br \/>\n1) UHF-teknik f\u00f6r att l\u00e4sa hundratals taggar samtidigt.<br \/>\n2) Mer \u00e4n 8 fot l\u00e4savst\u00e5nd.<br \/>\n3) Ny mekanisk design f\u00f6r f\u00f6rb\u00e4ttrad prestanda f\u00f6r platta s\u00e4ngkl\u00e4der.<br \/>\n4) L\u00e4mplig f\u00f6r h\u00f6gtrycksutsug upp till 60 bar.<br \/>\n5) L\u00e4mplig f\u00f6r autoklavsterilisering.<br \/>\n6) Litet, mjukt, flexibelt material idealiskt f\u00f6r textilier, linne, plagg och accessoarer.<\/span><\/div>\n<\/div>\n<div data-spm-anchor-id=\"a2700.details.0.i57.23b419c7xXORP0\"><\/div>\n<div data-spm-anchor-id=\"a2700.details.0.i57.23b419c7xXORP0\">\n<p><img fetchpriority=\"high\" decoding=\"async\" class=\"wp-image-55\" src=\"https:\/\/rfid-laundry-tag.com\/wp-content\/uploads\/2024\/06\/4-300x275.png\" alt=\"RFID Tag for linen laundry\" width=\"605\" height=\"555\" srcset=\"https:\/\/rfid-laundry-tag.com\/wp-content\/uploads\/2024\/06\/4-300x275.png 300w, https:\/\/rfid-laundry-tag.com\/wp-content\/uploads\/2024\/06\/4-600x550.png 600w, https:\/\/rfid-laundry-tag.com\/wp-content\/uploads\/2024\/06\/4-13x12.png 13w, https:\/\/rfid-laundry-tag.com\/wp-content\/uploads\/2024\/06\/4.png 750w\" sizes=\"(max-width: 605px) 100vw, 605px\" \/><\/p>\n<\/div>\n<h3 class=\"wp-block-heading\">Installation<\/h3>\n<p><strong>Stitch Tagging<\/strong>: Ska sys i f\u00e5llen p\u00e5 en textil. Sy bort tv\u00e4ttlappen fr\u00e5n viklinjerna.<br \/>\n<strong>V\u00e4rmef\u00f6rsegling<\/strong>: F\u00f6r att v\u00e4rmef\u00f6rseglas direkt p\u00e5 textilen vid +200\u00b0C (392\u00b0F), i 12~14s.<br \/>\n<strong>I p\u00e5se<\/strong>: Ska sys som en vanlig sk\u00f6tseletikett. Sy bort tv\u00e4ttlappen fr\u00e5n viklinjerna.<\/p>\n<div class=\"text-title\"><strong>P\u00e5minnelse<\/strong><\/div>\n<div class=\"text-content\" data-spm-anchor-id=\"a2700.details.0.i55.7e74253fSAfL7T\"><span data-spm-anchor-id=\"a2700.details.0.i56.7e74253fSAfL7T\">\u2013 Under s\u00f6mnadsinstallationen b\u00f6r s\u00f6mmen inte skada metalltr\u00e5den och sp\u00e5nmodulen. \u2013 Varm installation, n\u00e4r temperaturen \u00e4r l\u00e4gre \u00e4n 210 \u2103 eller trycket \u00e4r mindre \u00e4n 0,6 Mpa, kommer det att finnas ett dolda problem med d\u00e5lig varmst\u00e4mplingseffekt.<\/span><\/div>\n<div class=\"auto-hide-last-sibling-br paragraph_1252f paragraph-element\">\n<div class=\"auto-hide-last-sibling-br paragraph_1252f paragraph-element\">RFID-taggar f\u00f6r linnetv\u00e4tt \u00e4r oumb\u00e4rliga inom en myriad av industrier, vilket \u00e4r avg\u00f6rande f\u00f6r effektiv tillg\u00e5ngssp\u00e5rning, lagerhantering och \u00f6kar den totala operativa effektiviteten. H\u00e4r \u00e4r en glimt av deras till\u00e4mpning inom olika sektorer:<\/div>\n<p>&nbsp;<\/p>\n<p><span style=\"font-style: inherit; font-weight: inherit;\" data-spm-anchor-id=\"a2700.details.0.i52.7e74253fSAfL7T\">Hur <\/span><b style=\"font-family: var(--global-body-font-family);\"><strong style=\"font-style: inherit;\">STARK<\/strong><\/b><span style=\"font-style: inherit; font-weight: inherit;\"> de \u00e4r?<\/span><\/p>\n<p><b><strong>\u2460<\/strong><\/b>. \u00c4r RFID-chips skadade under h\u00f6ga temperaturer?<span style=\"font-style: inherit; font-weight: inherit;\"> \u2013<\/span><b><strong>\u2714 V\u00e5r RFID-textiltv\u00e4ttetikett \u00e4r designad f\u00f6r att anv\u00e4ndas vid 200 \u00b0C<\/strong><\/b><span style=\"font-style: inherit; font-weight: inherit;\">.<\/span><\/p>\n<p style=\"font-weight: 400;\"><b><strong>\u2461<\/strong><\/b>Hur m\u00e5nga g\u00e5nger kan vi tv\u00e4tta taggarna som \u00e4r f\u00e4sta p\u00e5 uniformstextilprodukter? <b><strong>\u2013\u2714V\u00e5r RFID-textiltv\u00e4ttetikett kan tv\u00e4ttas mer \u00e4n 200 g\u00e5nger garanterat i 2 \u00e5r efter frakt.<\/strong><\/b><\/p>\n<p style=\"font-weight: 400;\"><b><strong>\u2462<\/strong><\/b>Kommer vi att spendera prestigefyllda uniformer textilprodukter, forts\u00e4tta att arbeta i h\u00e4ndelse av chip crush? <b><strong>\u2013\u2714Vi designade v\u00e5r textiltv\u00e4ttlapp f\u00f6r att klara 60 bars tryck i processen att pressa dina textilprodukter.<\/strong><\/b><\/p>\n<p style=\"font-weight: 400;\"><b><strong>\u2463<\/strong><\/b>Var placerar du RFID-textiltv\u00e4ttetiketter p\u00e5 uniformstextilier? <b><strong>\u2013 \u2714RFID textiltv\u00e4ttetikett installeras i enlighet med tillg\u00e4ngligheten av uniformerna.<\/strong><\/b><\/p>\n<\/div>","protected":false},"excerpt":{"rendered":"<p>S\u00f6mnadstyp UHF RFID tv\u00e4ttetiketter designade f\u00f6r uniformer \u00e4r konstruerade f\u00f6r att fungera tillf\u00f6rlitligt under rigor\u00f6sa tv\u00e4ttbehandlingar som sterilisering, h\u00f6gtemperaturtv\u00e4tt, reng\u00f6ring, torkning och strykning. Dessa textilv\u00e4nliga taggar t\u00e5l hundratals tv\u00e4ttcykler samtidigt som de bibeh\u00e5ller en konsekvent niv\u00e5 av RFID-prestanda. \u00c4ven efter upprepad tv\u00e4tt s\u00e4kerst\u00e4ller de exceptionella sp\u00e5rnings- och lageregenskaper, vilket f\u00f6rl\u00e4nger livsl\u00e4ngden p\u00e5 linne, kl\u00e4der och andra textilartiklar.<\/p>","protected":false},"featured_media":132,"template":"","meta":{"_kad_post_transparent":"default","_kad_post_title":"","_kad_post_layout":"default","_kad_post_sidebar_id":"","_kad_post_content_style":"default","_kad_post_vertical_padding":"default","_kad_post_feature":"","_kad_post_feature_position":"","_kad_post_header":false,"_kad_post_footer":false,"_kad_post_classname":""},"product_brand":[],"product_cat":[19,16],"product_tag":[31,65,30],"class_list":{"0":"post-131","1":"product","2":"type-product","3":"status-publish","4":"has-post-thumbnail","6":"product_cat-textile-rfid-laundry-tag","7":"product_cat-uhf-rfid-laundry-tags","8":"product_tag-rfid-tag-for-linen-laundry","9":"product_tag-textile-rfid-laundry-tags","10":"product_tag-uhf-rfid-laundry-tag","12":"first","13":"instock","14":"shipping-taxable","15":"product-type-simple","16":"entry","17":"content-bg","18":"loop-entry"},"_links":{"self":[{"href":"https:\/\/rfid-laundry-tag.com\/sv\/wp-json\/wp\/v2\/product\/131","targetHints":{"allow":["GET"]}}],"collection":[{"href":"https:\/\/rfid-laundry-tag.com\/sv\/wp-json\/wp\/v2\/product"}],"about":[{"href":"https:\/\/rfid-laundry-tag.com\/sv\/wp-json\/wp\/v2\/types\/product"}],"version-history":[{"count":0,"href":"https:\/\/rfid-laundry-tag.com\/sv\/wp-json\/wp\/v2\/product\/131\/revisions"}],"wp:featuredmedia":[{"embeddable":true,"href":"https:\/\/rfid-laundry-tag.com\/sv\/wp-json\/wp\/v2\/media\/132"}],"wp:attachment":[{"href":"https:\/\/rfid-laundry-tag.com\/sv\/wp-json\/wp\/v2\/media?parent=131"}],"wp:term":[{"taxonomy":"product_brand","embeddable":true,"href":"https:\/\/rfid-laundry-tag.com\/sv\/wp-json\/wp\/v2\/product_brand?post=131"},{"taxonomy":"product_cat","embeddable":true,"href":"https:\/\/rfid-laundry-tag.com\/sv\/wp-json\/wp\/v2\/product_cat?post=131"},{"taxonomy":"product_tag","embeddable":true,"href":"https:\/\/rfid-laundry-tag.com\/sv\/wp-json\/wp\/v2\/product_tag?post=131"}],"curies":[{"name":"wp","href":"https:\/\/api.w.org\/{rel}","templated":true}]}}