{"id":122,"date":"2024-06-12T06:05:12","date_gmt":"2024-06-12T06:05:12","guid":{"rendered":"https:\/\/rfid-laundry-tag.com\/?post_type=product&#038;p=122"},"modified":"2024-06-12T06:05:12","modified_gmt":"2024-06-12T06:05:12","slug":"silicone-washable-rfid-laundry-tag","status":"publish","type":"product","link":"https:\/\/rfid-laundry-tag.com\/sv\/silicone-washable-rfid-laundry-tag\/","title":{"rendered":"Silikontv\u00e4ttbar RFID tv\u00e4ttlapp"},"content":{"rendered":"<table style=\"font-family: var(--global-body-font-family);\" width=\"537\">\n<tbody>\n<tr>\n<td width=\"228\">Namn<\/td>\n<td width=\"309\">Silikontv\u00e4ttbar RFID tv\u00e4ttlapp<\/td>\n<\/tr>\n<tr>\n<td width=\"228\">L\u00e4ge<\/td>\n<td width=\"309\">SL-01<\/td>\n<\/tr>\n<tr>\n<td width=\"228\">Material<\/td>\n<td width=\"309\">Silikon<\/td>\n<\/tr>\n<tr>\n<td width=\"228\">F\u00e4rg<\/td>\n<td width=\"309\">Vit (eller anpassad)<\/td>\n<\/tr>\n<tr>\n<td width=\"228\">Storlek<\/td>\n<td width=\"309\">55mm*12mm, 2,5mm tjocklek<\/td>\n<\/tr>\n<tr>\n<td width=\"228\">Chips<\/td>\n<td width=\"309\">915Mhz NXP U-kod 9, Alien H3 ,H9 etc<\/td>\n<\/tr>\n<tr>\n<td width=\"228\">Arbetstemperatur<\/td>\n<td width=\"309\">\u2013 25\u00baC till +75\u00baC<\/td>\n<\/tr>\n<tr>\n<td width=\"228\">Tv\u00e4ttcykel<\/td>\n<td width=\"309\">200 g\u00e5nger<\/td>\n<\/tr>\n<tr>\n<td width=\"228\">Vattent\u00e4t<\/td>\n<td width=\"309\">Ja<\/td>\n<\/tr>\n<tr>\n<td width=\"228\">Kemisk best\u00e4ndighet<\/td>\n<td width=\"309\">Ja<\/td>\n<\/tr>\n<\/tbody>\n<\/table>\n<p data-spm-anchor-id=\"a2700.details.0.i116.60201a70jOXdOd\">\n<p data-spm-anchor-id=\"a2700.details.0.i116.60201a70jOXdOd\"><strong>Applikation:<\/strong><\/p>\n<ul>\n<li>Hotells\u00e4ngkl\u00e4der Sp\u00e5rningshantering<\/li>\n<li>Fabrik\/lager\/hotell\/sjukhus\/n\u00f6jespark<\/li>\n<li data-spm-anchor-id=\"a2700.details.0.i115.60201a70jOXdOd\"><span data-spm-anchor-id=\"a2700.details.0.i120.60201a70jOXdOd\">Sjukhusuniformer<\/span><\/li>\n<li data-spm-anchor-id=\"a2700.details.0.i118.60201a70jOXdOd\">Linne\/ Pallar\/ Canvasv\u00e4skor<\/li>\n<li>Kemtv\u00e4tt<\/li>\n<li>Anv\u00e4nd i hotelllakan\/ F\u00e4st p\u00e5 textil\/ Arbetskl\u00e4der.<\/li>\n<li>Kl\u00e4desfabrik, Tygfabrik.<\/li>\n<\/ul>\n<p>&nbsp;<\/p>","protected":false},"excerpt":{"rendered":"<p>RFID Silicone Laundry Tag representerar banbrytande teknologi f\u00f6r automatisk \u00f6vervakning och lagerhantering i tv\u00e4ttverksamhet. Dessa RFID-taggar, smala, flexibla och mjuka, \u00e4r designade f\u00f6r att vara resistenta mot kemikalier, v\u00e4rme och fysiska p\u00e5frestningar. Utrustade med robusta RFID-transpondrar, de \u00e4r byggda f\u00f6r att t\u00e5la \u00f6ver 200 trumtv\u00e4ttar och uppv\u00e4rmda torkcykler, f\u00f6r att inte tala om reng\u00f6ring och strykning. Vanligtvis anv\u00e4nds i storskalig tv\u00e4ttsp\u00e5rning, v\u00e5ra silikon RFID-tv\u00e4ttetiketter kan enkelt integreras p\u00e5 en m\u00e4ngd olika textilmaterial, s\u00e5som s\u00e4ngkl\u00e4der, blusar, handdukar och medicinska kl\u00e4der.<\/p>","protected":false},"featured_media":123,"template":"","meta":{"_kad_post_transparent":"default","_kad_post_title":"","_kad_post_layout":"default","_kad_post_sidebar_id":"","_kad_post_content_style":"default","_kad_post_vertical_padding":"default","_kad_post_feature":"","_kad_post_feature_position":"","_kad_post_header":false,"_kad_post_footer":false,"_kad_post_classname":""},"product_brand":[],"product_cat":[20],"product_tag":[62,61],"class_list":{"0":"post-122","1":"product","2":"type-product","3":"status-publish","4":"has-post-thumbnail","6":"product_cat-silicone-rfid-laundry-tag","7":"product_tag-silicone-rfid-laundry-tag","8":"product_tag-silicone-washable-rfid-laundry-tag","10":"first","11":"instock","12":"shipping-taxable","13":"product-type-simple","14":"entry","15":"content-bg","16":"loop-entry"},"_links":{"self":[{"href":"https:\/\/rfid-laundry-tag.com\/sv\/wp-json\/wp\/v2\/product\/122","targetHints":{"allow":["GET"]}}],"collection":[{"href":"https:\/\/rfid-laundry-tag.com\/sv\/wp-json\/wp\/v2\/product"}],"about":[{"href":"https:\/\/rfid-laundry-tag.com\/sv\/wp-json\/wp\/v2\/types\/product"}],"version-history":[{"count":0,"href":"https:\/\/rfid-laundry-tag.com\/sv\/wp-json\/wp\/v2\/product\/122\/revisions"}],"wp:featuredmedia":[{"embeddable":true,"href":"https:\/\/rfid-laundry-tag.com\/sv\/wp-json\/wp\/v2\/media\/123"}],"wp:attachment":[{"href":"https:\/\/rfid-laundry-tag.com\/sv\/wp-json\/wp\/v2\/media?parent=122"}],"wp:term":[{"taxonomy":"product_brand","embeddable":true,"href":"https:\/\/rfid-laundry-tag.com\/sv\/wp-json\/wp\/v2\/product_brand?post=122"},{"taxonomy":"product_cat","embeddable":true,"href":"https:\/\/rfid-laundry-tag.com\/sv\/wp-json\/wp\/v2\/product_cat?post=122"},{"taxonomy":"product_tag","embeddable":true,"href":"https:\/\/rfid-laundry-tag.com\/sv\/wp-json\/wp\/v2\/product_tag?post=122"}],"curies":[{"name":"wp","href":"https:\/\/api.w.org\/{rel}","templated":true}]}}